{"id":27426,"date":"2022-03-15T15:20:10","date_gmt":"2022-03-15T14:20:10","guid":{"rendered":"https:\/\/fittwear.nl\/?post_type=product&#038;p=27426"},"modified":"2026-04-27T15:36:27","modified_gmt":"2026-04-27T13:36:27","slug":"bio-coton-slim-hoody-noir","status":"publish","type":"product","link":"https:\/\/fittwear.nl\/fr\/product\/bio-cotton-slim-hoody-black\/","title":{"rendered":"Slim Hoody Noir"},"content":{"rendered":"<p>-Sweat \u00e0 capuche unisexe \u00e0 coupe ajust\u00e9e<\/p>\n<p>-Capuchon doubl\u00e9 de la mati\u00e8re principale<\/p>\n<p>-Qualit\u00e9 extr\u00eamement douce<\/p>\n<p>-Poche kangourou sur le devant<\/p>\n<p>-85% coton biologique fil\u00e9 et peign\u00e9\/15% polyester recycl\u00e9<\/p>\n<p>-Lavable jusqu'\u00e0 30\u00b0.<\/p>\n<p>- Couleur : noir<\/p>","protected":false},"excerpt":{"rendered":"<p>Chez FITT, nous pensons qu'il est important de penser au monde qui nous entoure. C'est pourquoi nous avons \u00e9largi notre collection Bio-Cotton avec ce sweat \u00e0 capuche fin dans cette couleur noire basique ! Le sweat \u00e0 capuche est tr\u00e8s doux au toucher et confortable. Le pull dispose d'une poche sur le devant et d'une capuche. Enfilez-le facilement par-dessus vos v\u00eatements de sport et restez au chaud apr\u00e8s votre s\u00e9ance d'entra\u00eenement !<\/p>","protected":false},"featured_media":27679,"template":"","meta":{"_acf_changed":false},"product_brand":[],"product_cat":[27,54,94,113,61,66],"product_tag":[],"class_list":{"0":"post-27426","1":"product","2":"type-product","3":"status-publish","4":"has-post-thumbnail","6":"product_cat-dames","7":"product_cat-new","8":"product_cat-hoodies-sweaters","9":"product_cat-duurzaam","10":"product_cat-shoppen-op-stijl","11":"product_cat-loungewear","13":"first","14":"outofstock","15":"taxable","16":"shipping-taxable","17":"product-type-variable","18":"has-default-attributes"},"acf":[],"yoast_head":"<!-- This site is optimized with the Yoast SEO plugin v27.1.1 - https:\/\/yoast.com\/product\/yoast-seo-wordpress\/ -->\n<title>Slim Hoody Black - Loungewear - FITTwear.nl<\/title>\n<meta name=\"description\" content=\"Onze Bio-Cotton collectie is uitgebreid met deze slim hoody in deze toffe groene kleur! De hoody is super zacht en comfortabel.\" \/>\n<meta name=\"robots\" content=\"index, follow, max-snippet:-1, max-image-preview:large, max-video-preview:-1\" \/>\n<link rel=\"canonical\" href=\"https:\/\/fittwear.nl\/fr\/produit-2\/bio-coton-slim-hoody-noir\/\" \/>\n<meta property=\"og:locale\" content=\"fr_FR\" \/>\n<meta property=\"og:type\" content=\"article\" \/>\n<meta property=\"og:title\" content=\"Slim Hoody Black - Loungewear - FITTwear.nl\" \/>\n<meta property=\"og:description\" content=\"Onze Bio-Cotton collectie is uitgebreid met deze slim hoody in deze toffe groene kleur! De hoody is super zacht en comfortabel.\" \/>\n<meta property=\"og:url\" content=\"https:\/\/fittwear.nl\/fr\/produit-2\/bio-coton-slim-hoody-noir\/\" \/>\n<meta property=\"og:site_name\" content=\"FITTwear.nl\" \/>\n<meta property=\"article:modified_time\" content=\"2026-04-27T13:36:27+00:00\" \/>\n<meta property=\"og:image\" content=\"https:\/\/fittwear.nl\/wp-content\/uploads\/2022\/03\/rib-tank-top-zwart_Voorkant-boven_jpg_11.jpg\" \/>\n\t<meta property=\"og:image:width\" content=\"1559\" \/>\n\t<meta property=\"og:image:height\" content=\"2339\" \/>\n\t<meta property=\"og:image:type\" content=\"image\/jpeg\" \/>\n<meta name=\"twitter:card\" content=\"summary_large_image\" \/>\n<meta name=\"twitter:label1\" content=\"Dur\u00e9e de lecture estim\u00e9e\" \/>\n\t<meta name=\"twitter:data1\" content=\"1 minute\" \/>\n<script type=\"application\/ld+json\" class=\"yoast-schema-graph\">{\"@context\":\"https:\/\/schema.org\",\"@graph\":[{\"@type\":\"WebPage\",\"@id\":\"https:\/\/fittwear.nl\/product\/bio-cotton-slim-hoody-black\/\",\"url\":\"https:\/\/fittwear.nl\/product\/bio-cotton-slim-hoody-black\/\",\"name\":\"Slim Hoody Black - Loungewear - FITTwear.nl\",\"isPartOf\":{\"@id\":\"https:\/\/fittwear.nl\/#website\"},\"primaryImageOfPage\":{\"@id\":\"https:\/\/fittwear.nl\/product\/bio-cotton-slim-hoody-black\/#primaryimage\"},\"image\":{\"@id\":\"https:\/\/fittwear.nl\/product\/bio-cotton-slim-hoody-black\/#primaryimage\"},\"thumbnailUrl\":\"https:\/\/fittwear.nl\/wp-content\/uploads\/2022\/03\/rib-tank-top-zwart_Voorkant-boven_jpg_11.jpg\",\"datePublished\":\"2022-03-15T14:20:10+00:00\",\"dateModified\":\"2026-04-27T13:36:27+00:00\",\"description\":\"Onze Bio-Cotton collectie is uitgebreid met deze slim hoody in deze toffe groene kleur! De hoody is super zacht en comfortabel.\",\"breadcrumb\":{\"@id\":\"https:\/\/fittwear.nl\/product\/bio-cotton-slim-hoody-black\/#breadcrumb\"},\"inLanguage\":\"fr-FR\",\"potentialAction\":[{\"@type\":\"ReadAction\",\"target\":[\"https:\/\/fittwear.nl\/product\/bio-cotton-slim-hoody-black\/\"]}]},{\"@type\":\"ImageObject\",\"inLanguage\":\"fr-FR\",\"@id\":\"https:\/\/fittwear.nl\/product\/bio-cotton-slim-hoody-black\/#primaryimage\",\"url\":\"https:\/\/fittwear.nl\/wp-content\/uploads\/2022\/03\/rib-tank-top-zwart_Voorkant-boven_jpg_11.jpg\",\"contentUrl\":\"https:\/\/fittwear.nl\/wp-content\/uploads\/2022\/03\/rib-tank-top-zwart_Voorkant-boven_jpg_11.jpg\",\"width\":1559,\"height\":2339},{\"@type\":\"BreadcrumbList\",\"@id\":\"https:\/\/fittwear.nl\/product\/bio-cotton-slim-hoody-black\/#breadcrumb\",\"itemListElement\":[{\"@type\":\"ListItem\",\"position\":1,\"name\":\"Home\",\"item\":\"https:\/\/fittwear.nl\/\"},{\"@type\":\"ListItem\",\"position\":2,\"name\":\"Shop\",\"item\":\"https:\/\/fittwear.nl\/shop\/\"},{\"@type\":\"ListItem\",\"position\":3,\"name\":\"Slim Hoody Black\"}]},{\"@type\":\"WebSite\",\"@id\":\"https:\/\/fittwear.nl\/#website\",\"url\":\"https:\/\/fittwear.nl\/\",\"name\":\"FITTwear.nl\",\"description\":\"Time to shine!\",\"publisher\":{\"@id\":\"https:\/\/fittwear.nl\/#organization\"},\"potentialAction\":[{\"@type\":\"SearchAction\",\"target\":{\"@type\":\"EntryPoint\",\"urlTemplate\":\"https:\/\/fittwear.nl\/?s={search_term_string}\"},\"query-input\":{\"@type\":\"PropertyValueSpecification\",\"valueRequired\":true,\"valueName\":\"search_term_string\"}}],\"inLanguage\":\"fr-FR\"},{\"@type\":\"Organization\",\"@id\":\"https:\/\/fittwear.nl\/#organization\",\"name\":\"FITTwear.nl\",\"url\":\"https:\/\/fittwear.nl\/\",\"logo\":{\"@type\":\"ImageObject\",\"inLanguage\":\"fr-FR\",\"@id\":\"https:\/\/fittwear.nl\/#\/schema\/logo\/image\/\",\"url\":\"https:\/\/fittwear.nl\/wp-content\/uploads\/2024\/07\/FITT-Logo-BeYOUtiful-website-homepage_Tekengebied-1-scaled.jpg\",\"contentUrl\":\"https:\/\/fittwear.nl\/wp-content\/uploads\/2024\/07\/FITT-Logo-BeYOUtiful-website-homepage_Tekengebied-1-scaled.jpg\",\"width\":2560,\"height\":599,\"caption\":\"FITTwear.nl\"},\"image\":{\"@id\":\"https:\/\/fittwear.nl\/#\/schema\/logo\/image\/\"}}]}<\/script>\n<!-- \/ Yoast SEO plugin. -->","yoast_head_json":{"title":"Slim Hoody Noir - Loungewear - FITTwear.nl","description":"Notre collection Bio-Cotton s'est enrichie de ce sweat \u00e0 capuche \u00e9troit dans cette couleur verte tr\u00e8s cool ! Ce sweat \u00e0 capuche est super doux et confortable.","robots":{"index":"index","follow":"follow","max-snippet":"max-snippet:-1","max-image-preview":"max-image-preview:large","max-video-preview":"max-video-preview:-1"},"canonical":"https:\/\/fittwear.nl\/fr\/produit-2\/bio-coton-slim-hoody-noir\/","og_locale":"fr_FR","og_type":"article","og_title":"Slim Hoody Black - Loungewear - FITTwear.nl","og_description":"Onze Bio-Cotton collectie is uitgebreid met deze slim hoody in deze toffe groene kleur! De hoody is super zacht en comfortabel.","og_url":"https:\/\/fittwear.nl\/fr\/produit-2\/bio-coton-slim-hoody-noir\/","og_site_name":"FITTwear.nl","article_modified_time":"2026-04-27T13:36:27+00:00","og_image":[{"width":1559,"height":2339,"url":"https:\/\/fittwear.nl\/wp-content\/uploads\/2022\/03\/rib-tank-top-zwart_Voorkant-boven_jpg_11.jpg","type":"image\/jpeg"}],"twitter_card":"summary_large_image","twitter_misc":{"Dur\u00e9e de lecture estim\u00e9e":"1 minute"},"schema":{"@context":"https:\/\/schema.org","@graph":[{"@type":"WebPage","@id":"https:\/\/fittwear.nl\/product\/bio-cotton-slim-hoody-black\/","url":"https:\/\/fittwear.nl\/product\/bio-cotton-slim-hoody-black\/","name":"Slim Hoody Noir - Loungewear - FITTwear.nl","isPartOf":{"@id":"https:\/\/fittwear.nl\/#website"},"primaryImageOfPage":{"@id":"https:\/\/fittwear.nl\/product\/bio-cotton-slim-hoody-black\/#primaryimage"},"image":{"@id":"https:\/\/fittwear.nl\/product\/bio-cotton-slim-hoody-black\/#primaryimage"},"thumbnailUrl":"https:\/\/fittwear.nl\/wp-content\/uploads\/2022\/03\/rib-tank-top-zwart_Voorkant-boven_jpg_11.jpg","datePublished":"2022-03-15T14:20:10+00:00","dateModified":"2026-04-27T13:36:27+00:00","description":"Notre collection Bio-Cotton s'est enrichie de ce sweat \u00e0 capuche \u00e9troit dans cette couleur verte tr\u00e8s cool ! Ce sweat \u00e0 capuche est super doux et confortable.","breadcrumb":{"@id":"https:\/\/fittwear.nl\/product\/bio-cotton-slim-hoody-black\/#breadcrumb"},"inLanguage":"fr-FR","potentialAction":[{"@type":"ReadAction","target":["https:\/\/fittwear.nl\/product\/bio-cotton-slim-hoody-black\/"]}]},{"@type":"ImageObject","inLanguage":"fr-FR","@id":"https:\/\/fittwear.nl\/product\/bio-cotton-slim-hoody-black\/#primaryimage","url":"https:\/\/fittwear.nl\/wp-content\/uploads\/2022\/03\/rib-tank-top-zwart_Voorkant-boven_jpg_11.jpg","contentUrl":"https:\/\/fittwear.nl\/wp-content\/uploads\/2022\/03\/rib-tank-top-zwart_Voorkant-boven_jpg_11.jpg","width":1559,"height":2339},{"@type":"BreadcrumbList","@id":"https:\/\/fittwear.nl\/product\/bio-cotton-slim-hoody-black\/#breadcrumb","itemListElement":[{"@type":"ListItem","position":1,"name":"Home","item":"https:\/\/fittwear.nl\/"},{"@type":"ListItem","position":2,"name":"Shop","item":"https:\/\/fittwear.nl\/shop\/"},{"@type":"ListItem","position":3,"name":"Slim Hoody Black"}]},{"@type":"WebSite","@id":"https:\/\/fittwear.nl\/#website","url":"https:\/\/fittwear.nl\/","name":"FITTwear.co.uk","description":"C'est le moment de briller !","publisher":{"@id":"https:\/\/fittwear.nl\/#organization"},"potentialAction":[{"@type":"SearchAction","target":{"@type":"EntryPoint","urlTemplate":"https:\/\/fittwear.nl\/?s={search_term_string}"},"query-input":{"@type":"PropertyValueSpecification","valueRequired":true,"valueName":"search_term_string"}}],"inLanguage":"fr-FR"},{"@type":"Organization","@id":"https:\/\/fittwear.nl\/#organization","name":"FITTwear.co.uk","url":"https:\/\/fittwear.nl\/","logo":{"@type":"ImageObject","inLanguage":"fr-FR","@id":"https:\/\/fittwear.nl\/#\/schema\/logo\/image\/","url":"https:\/\/fittwear.nl\/wp-content\/uploads\/2024\/07\/FITT-Logo-BeYOUtiful-website-homepage_Tekengebied-1-scaled.jpg","contentUrl":"https:\/\/fittwear.nl\/wp-content\/uploads\/2024\/07\/FITT-Logo-BeYOUtiful-website-homepage_Tekengebied-1-scaled.jpg","width":2560,"height":599,"caption":"FITTwear.nl"},"image":{"@id":"https:\/\/fittwear.nl\/#\/schema\/logo\/image\/"}}]}},"_links":{"self":[{"href":"https:\/\/fittwear.nl\/fr\/wp-json\/wp\/v2\/product\/27426","targetHints":{"allow":["GET"]}}],"collection":[{"href":"https:\/\/fittwear.nl\/fr\/wp-json\/wp\/v2\/product"}],"about":[{"href":"https:\/\/fittwear.nl\/fr\/wp-json\/wp\/v2\/types\/product"}],"wp:featuredmedia":[{"embeddable":true,"href":"https:\/\/fittwear.nl\/fr\/wp-json\/wp\/v2\/media\/27679"}],"wp:attachment":[{"href":"https:\/\/fittwear.nl\/fr\/wp-json\/wp\/v2\/media?parent=27426"}],"wp:term":[{"taxonomy":"product_brand","embeddable":true,"href":"https:\/\/fittwear.nl\/fr\/wp-json\/wp\/v2\/product_brand?post=27426"},{"taxonomy":"product_cat","embeddable":true,"href":"https:\/\/fittwear.nl\/fr\/wp-json\/wp\/v2\/product_cat?post=27426"},{"taxonomy":"product_tag","embeddable":true,"href":"https:\/\/fittwear.nl\/fr\/wp-json\/wp\/v2\/product_tag?post=27426"}],"curies":[{"name":"wp","href":"https:\/\/api.w.org\/{rel}","templated":true}]}}