{"id":27870,"date":"2022-03-21T16:46:36","date_gmt":"2022-03-21T15:46:36","guid":{"rendered":"https:\/\/fittwear.nl\/?post_type=product&#038;p=27870"},"modified":"2026-04-27T15:35:42","modified_gmt":"2026-04-27T13:35:42","slug":"bomber-crop-jacket-noir","status":"publish","type":"product","link":"https:\/\/fittwear.nl\/fr\/product\/bomber-crop-jacket-black\/","title":{"rendered":"Blouson bombardier noir"},"content":{"rendered":"<p>- Avec fermeture \u00e9clair<\/p>\n<p>-Col haut<\/p>\n<p>-Doux et confortable<\/p>\n<p>-Poches sur le devant<\/p>\n<p>-Bande \u00e9lastique aux manches<\/p>\n<p>- Avec cordons de serrage en bas<\/p>\n<p>-Couleur : Noir<\/p>\n<p>-Mat\u00e9riau : nylon 100%<\/p>","protected":false},"excerpt":{"rendered":"<p>Apr\u00e8s l'exercice, il est important de se tenir bien au chaud. Ce blouson l\u00e9ger et sportif vous donne un look branch\u00e9 et vous garde au chaud ! Il est \u00e9galement agr\u00e9able de les combiner pour une tenue athl\u00e9tique. La veste comporte deux poches sur le devant et un \u00e9lastique au bout des manches. Gr\u00e2ce \u00e0 son col haut, la veste crop offre une chaleur suppl\u00e9mentaire les jours de froid. Sentez-vous bien, soyez plus performant avec les v\u00eatements de sport FITT.<\/p>\n<p><strong>Le mod\u00e8le Maruschka mesure 1,72 et porte la taille S.<\/strong><\/p>","protected":false},"featured_media":27873,"template":"","meta":{"_acf_changed":false},"product_brand":[],"product_cat":[27,4283,4811,4800],"product_tag":[],"class_list":{"0":"post-27870","1":"product","2":"type-product","3":"status-publish","4":"has-post-thumbnail","6":"product_cat-dames","7":"product_cat-jackets","8":"product_cat-longsleeves-dames","9":"product_cat-running-collection","11":"first","12":"instock","13":"sale","14":"taxable","15":"shipping-taxable","16":"purchasable","17":"product-type-variable","18":"has-default-attributes"},"acf":[],"yoast_head":"<!-- This site is optimized with the Yoast SEO plugin v27.1.1 - https:\/\/yoast.com\/product\/yoast-seo-wordpress\/ -->\n<title>Bomber Crop Jacket Black - Sportkleding - FITTwear.nl<\/title>\n<meta name=\"description\" content=\"Na het sporten is het belangrijk om jezelf goed warm te houden, met dit sportieve bomber jack zie je er trendy uit en blijf je lekker warm!\" \/>\n<meta name=\"robots\" content=\"index, follow, max-snippet:-1, max-image-preview:large, max-video-preview:-1\" \/>\n<link rel=\"canonical\" href=\"https:\/\/fittwear.nl\/fr\/produit-2\/bomber-crop-jacket-noir\/\" \/>\n<meta property=\"og:locale\" content=\"fr_FR\" \/>\n<meta property=\"og:type\" content=\"article\" \/>\n<meta property=\"og:title\" content=\"Bomber Crop Jacket Black - Sportkleding - FITTwear.nl\" \/>\n<meta property=\"og:description\" content=\"Na het sporten is het belangrijk om jezelf goed warm te houden, met dit sportieve bomber jack zie je er trendy uit en blijf je lekker warm!\" \/>\n<meta property=\"og:url\" content=\"https:\/\/fittwear.nl\/fr\/produit-2\/bomber-crop-jacket-noir\/\" \/>\n<meta property=\"og:site_name\" content=\"FITTwear.nl\" \/>\n<meta property=\"article:modified_time\" content=\"2026-04-27T13:35:42+00:00\" \/>\n<meta property=\"og:image\" content=\"https:\/\/fittwear.nl\/wp-content\/uploads\/2022\/03\/3-delig-duurzaam-zwRt_Voorkant-boven_jpg_19.jpg\" \/>\n\t<meta property=\"og:image:width\" content=\"1559\" \/>\n\t<meta property=\"og:image:height\" content=\"2339\" \/>\n\t<meta property=\"og:image:type\" content=\"image\/jpeg\" \/>\n<meta name=\"twitter:card\" content=\"summary_large_image\" \/>\n<meta name=\"twitter:label1\" content=\"Dur\u00e9e de lecture estim\u00e9e\" \/>\n\t<meta name=\"twitter:data1\" content=\"1 minute\" \/>\n<script type=\"application\/ld+json\" class=\"yoast-schema-graph\">{\"@context\":\"https:\/\/schema.org\",\"@graph\":[{\"@type\":\"WebPage\",\"@id\":\"https:\/\/fittwear.nl\/product\/bomber-crop-jacket-black\/\",\"url\":\"https:\/\/fittwear.nl\/product\/bomber-crop-jacket-black\/\",\"name\":\"Bomber Crop Jacket Black - Sportkleding - FITTwear.nl\",\"isPartOf\":{\"@id\":\"https:\/\/fittwear.nl\/#website\"},\"primaryImageOfPage\":{\"@id\":\"https:\/\/fittwear.nl\/product\/bomber-crop-jacket-black\/#primaryimage\"},\"image\":{\"@id\":\"https:\/\/fittwear.nl\/product\/bomber-crop-jacket-black\/#primaryimage\"},\"thumbnailUrl\":\"https:\/\/fittwear.nl\/wp-content\/uploads\/2022\/03\/3-delig-duurzaam-zwRt_Voorkant-boven_jpg_19.jpg\",\"datePublished\":\"2022-03-21T15:46:36+00:00\",\"dateModified\":\"2026-04-27T13:35:42+00:00\",\"description\":\"Na het sporten is het belangrijk om jezelf goed warm te houden, met dit sportieve bomber jack zie je er trendy uit en blijf je lekker warm!\",\"breadcrumb\":{\"@id\":\"https:\/\/fittwear.nl\/product\/bomber-crop-jacket-black\/#breadcrumb\"},\"inLanguage\":\"fr-FR\",\"potentialAction\":[{\"@type\":\"ReadAction\",\"target\":[\"https:\/\/fittwear.nl\/product\/bomber-crop-jacket-black\/\"]}]},{\"@type\":\"ImageObject\",\"inLanguage\":\"fr-FR\",\"@id\":\"https:\/\/fittwear.nl\/product\/bomber-crop-jacket-black\/#primaryimage\",\"url\":\"https:\/\/fittwear.nl\/wp-content\/uploads\/2022\/03\/3-delig-duurzaam-zwRt_Voorkant-boven_jpg_19.jpg\",\"contentUrl\":\"https:\/\/fittwear.nl\/wp-content\/uploads\/2022\/03\/3-delig-duurzaam-zwRt_Voorkant-boven_jpg_19.jpg\",\"width\":1559,\"height\":2339,\"caption\":\"Bomber Crop Jacket Black\"},{\"@type\":\"BreadcrumbList\",\"@id\":\"https:\/\/fittwear.nl\/product\/bomber-crop-jacket-black\/#breadcrumb\",\"itemListElement\":[{\"@type\":\"ListItem\",\"position\":1,\"name\":\"Home\",\"item\":\"https:\/\/fittwear.nl\/\"},{\"@type\":\"ListItem\",\"position\":2,\"name\":\"Shop\",\"item\":\"https:\/\/fittwear.nl\/shop\/\"},{\"@type\":\"ListItem\",\"position\":3,\"name\":\"Bomber Crop Jacket Black\"}]},{\"@type\":\"WebSite\",\"@id\":\"https:\/\/fittwear.nl\/#website\",\"url\":\"https:\/\/fittwear.nl\/\",\"name\":\"FITTwear.nl\",\"description\":\"Time to shine!\",\"publisher\":{\"@id\":\"https:\/\/fittwear.nl\/#organization\"},\"potentialAction\":[{\"@type\":\"SearchAction\",\"target\":{\"@type\":\"EntryPoint\",\"urlTemplate\":\"https:\/\/fittwear.nl\/?s={search_term_string}\"},\"query-input\":{\"@type\":\"PropertyValueSpecification\",\"valueRequired\":true,\"valueName\":\"search_term_string\"}}],\"inLanguage\":\"fr-FR\"},{\"@type\":\"Organization\",\"@id\":\"https:\/\/fittwear.nl\/#organization\",\"name\":\"FITTwear.nl\",\"url\":\"https:\/\/fittwear.nl\/\",\"logo\":{\"@type\":\"ImageObject\",\"inLanguage\":\"fr-FR\",\"@id\":\"https:\/\/fittwear.nl\/#\/schema\/logo\/image\/\",\"url\":\"https:\/\/fittwear.nl\/wp-content\/uploads\/2024\/07\/FITT-Logo-BeYOUtiful-website-homepage_Tekengebied-1-scaled.jpg\",\"contentUrl\":\"https:\/\/fittwear.nl\/wp-content\/uploads\/2024\/07\/FITT-Logo-BeYOUtiful-website-homepage_Tekengebied-1-scaled.jpg\",\"width\":2560,\"height\":599,\"caption\":\"FITTwear.nl\"},\"image\":{\"@id\":\"https:\/\/fittwear.nl\/#\/schema\/logo\/image\/\"}}]}<\/script>\n<!-- \/ Yoast SEO plugin. -->","yoast_head_json":{"title":"Veste Bomber Crop noire - V\u00eatements de sport - FITTwear.nl","description":"Apr\u00e8s avoir fait de l'exercice, il est important de se tenir bien au chaud. Avec ce blouson sport, vous aurez un look branch\u00e9 et resterez bien au chaud !","robots":{"index":"index","follow":"follow","max-snippet":"max-snippet:-1","max-image-preview":"max-image-preview:large","max-video-preview":"max-video-preview:-1"},"canonical":"https:\/\/fittwear.nl\/fr\/produit-2\/bomber-crop-jacket-noir\/","og_locale":"fr_FR","og_type":"article","og_title":"Bomber Crop Jacket Black - Sportkleding - FITTwear.nl","og_description":"Na het sporten is het belangrijk om jezelf goed warm te houden, met dit sportieve bomber jack zie je er trendy uit en blijf je lekker warm!","og_url":"https:\/\/fittwear.nl\/fr\/produit-2\/bomber-crop-jacket-noir\/","og_site_name":"FITTwear.nl","article_modified_time":"2026-04-27T13:35:42+00:00","og_image":[{"width":1559,"height":2339,"url":"https:\/\/fittwear.nl\/wp-content\/uploads\/2022\/03\/3-delig-duurzaam-zwRt_Voorkant-boven_jpg_19.jpg","type":"image\/jpeg"}],"twitter_card":"summary_large_image","twitter_misc":{"Dur\u00e9e de lecture estim\u00e9e":"1 minute"},"schema":{"@context":"https:\/\/schema.org","@graph":[{"@type":"WebPage","@id":"https:\/\/fittwear.nl\/product\/bomber-crop-jacket-black\/","url":"https:\/\/fittwear.nl\/product\/bomber-crop-jacket-black\/","name":"Veste Bomber Crop noire - V\u00eatements de sport - FITTwear.nl","isPartOf":{"@id":"https:\/\/fittwear.nl\/#website"},"primaryImageOfPage":{"@id":"https:\/\/fittwear.nl\/product\/bomber-crop-jacket-black\/#primaryimage"},"image":{"@id":"https:\/\/fittwear.nl\/product\/bomber-crop-jacket-black\/#primaryimage"},"thumbnailUrl":"https:\/\/fittwear.nl\/wp-content\/uploads\/2022\/03\/3-delig-duurzaam-zwRt_Voorkant-boven_jpg_19.jpg","datePublished":"2022-03-21T15:46:36+00:00","dateModified":"2026-04-27T13:35:42+00:00","description":"Apr\u00e8s avoir fait de l'exercice, il est important de se tenir bien au chaud. Avec ce blouson sport, vous aurez un look branch\u00e9 et resterez bien au chaud !","breadcrumb":{"@id":"https:\/\/fittwear.nl\/product\/bomber-crop-jacket-black\/#breadcrumb"},"inLanguage":"fr-FR","potentialAction":[{"@type":"ReadAction","target":["https:\/\/fittwear.nl\/product\/bomber-crop-jacket-black\/"]}]},{"@type":"ImageObject","inLanguage":"fr-FR","@id":"https:\/\/fittwear.nl\/product\/bomber-crop-jacket-black\/#primaryimage","url":"https:\/\/fittwear.nl\/wp-content\/uploads\/2022\/03\/3-delig-duurzaam-zwRt_Voorkant-boven_jpg_19.jpg","contentUrl":"https:\/\/fittwear.nl\/wp-content\/uploads\/2022\/03\/3-delig-duurzaam-zwRt_Voorkant-boven_jpg_19.jpg","width":1559,"height":2339,"caption":"Bomber Crop Jacket Black"},{"@type":"BreadcrumbList","@id":"https:\/\/fittwear.nl\/product\/bomber-crop-jacket-black\/#breadcrumb","itemListElement":[{"@type":"ListItem","position":1,"name":"Home","item":"https:\/\/fittwear.nl\/"},{"@type":"ListItem","position":2,"name":"Shop","item":"https:\/\/fittwear.nl\/shop\/"},{"@type":"ListItem","position":3,"name":"Bomber Crop Jacket Black"}]},{"@type":"WebSite","@id":"https:\/\/fittwear.nl\/#website","url":"https:\/\/fittwear.nl\/","name":"FITTwear.co.uk","description":"C'est le moment de briller !","publisher":{"@id":"https:\/\/fittwear.nl\/#organization"},"potentialAction":[{"@type":"SearchAction","target":{"@type":"EntryPoint","urlTemplate":"https:\/\/fittwear.nl\/?s={search_term_string}"},"query-input":{"@type":"PropertyValueSpecification","valueRequired":true,"valueName":"search_term_string"}}],"inLanguage":"fr-FR"},{"@type":"Organization","@id":"https:\/\/fittwear.nl\/#organization","name":"FITTwear.co.uk","url":"https:\/\/fittwear.nl\/","logo":{"@type":"ImageObject","inLanguage":"fr-FR","@id":"https:\/\/fittwear.nl\/#\/schema\/logo\/image\/","url":"https:\/\/fittwear.nl\/wp-content\/uploads\/2024\/07\/FITT-Logo-BeYOUtiful-website-homepage_Tekengebied-1-scaled.jpg","contentUrl":"https:\/\/fittwear.nl\/wp-content\/uploads\/2024\/07\/FITT-Logo-BeYOUtiful-website-homepage_Tekengebied-1-scaled.jpg","width":2560,"height":599,"caption":"FITTwear.nl"},"image":{"@id":"https:\/\/fittwear.nl\/#\/schema\/logo\/image\/"}}]}},"_links":{"self":[{"href":"https:\/\/fittwear.nl\/fr\/wp-json\/wp\/v2\/product\/27870","targetHints":{"allow":["GET"]}}],"collection":[{"href":"https:\/\/fittwear.nl\/fr\/wp-json\/wp\/v2\/product"}],"about":[{"href":"https:\/\/fittwear.nl\/fr\/wp-json\/wp\/v2\/types\/product"}],"wp:featuredmedia":[{"embeddable":true,"href":"https:\/\/fittwear.nl\/fr\/wp-json\/wp\/v2\/media\/27873"}],"wp:attachment":[{"href":"https:\/\/fittwear.nl\/fr\/wp-json\/wp\/v2\/media?parent=27870"}],"wp:term":[{"taxonomy":"product_brand","embeddable":true,"href":"https:\/\/fittwear.nl\/fr\/wp-json\/wp\/v2\/product_brand?post=27870"},{"taxonomy":"product_cat","embeddable":true,"href":"https:\/\/fittwear.nl\/fr\/wp-json\/wp\/v2\/product_cat?post=27870"},{"taxonomy":"product_tag","embeddable":true,"href":"https:\/\/fittwear.nl\/fr\/wp-json\/wp\/v2\/product_tag?post=27870"}],"curies":[{"name":"wp","href":"https:\/\/api.w.org\/{rel}","templated":true}]}}