{"id":28559,"date":"2023-07-30T12:10:00","date_gmt":"2023-07-30T10:10:00","guid":{"rendered":"https:\/\/fittwear.nl\/?post_type=product&#038;p=28559"},"modified":"2026-04-07T13:24:15","modified_gmt":"2026-04-07T11:24:15","slug":"scrunch-legging-noir","status":"publish","type":"product","link":"https:\/\/fittwear.nl\/fr\/product\/scrunch-legging-black\/","title":{"rendered":"Scrunch Legging Noir"},"content":{"rendered":"<p>&#8211; Seamless High Waist legging<\/p>\n<p>&#8211; Met scrunch achter<\/p>\n<p>&#8211; Accentueert je rondingen<\/p>\n<p>&#8211; Bedrukt logo op de achterkant van de legging<\/p>\n<p>&#8211; Zachte aanvoelend seamless stof<\/p>\n<p>&#8211; Strakke tailleband waardoor de legging niet afzakt<\/p>\n<p>- Bonne compression<\/p>\n<p>&#8211; Stretchy materiaal zodat hij mooi aansluit op jouw lichaam.<\/p>\n<p>- 90% Nylon, 10% Spandex<\/p>\n<p>- Lavable jusqu'\u00e0 30\u00b0.<\/p>\n<p>- Couleur : noir<\/p>\n<p>&#8211; Model Doete is 1.76m en draagt maat S<\/p>","protected":false},"excerpt":{"rendered":"<p><strong>Taille : Les leggings sont de taille normale.\u00a0<\/strong><\/p>\n<p>Veuillez noter que ce legging n'est plus disponible et qu'il sera remplac\u00e9 par le FITT Scrunch Legging Black, le m\u00eame mod\u00e8le mais avec un imprim\u00e9 diff\u00e9rent.<\/p>\n<p>Le legging noir sans coutures de FITT va devenir votre nouveau favori ! Avec le froissement \u00e0 l'arri\u00e8re des fesses, le legging accentuera joliment vos courbes. Le legging est doux au toucher, il est super extensible et offre une bonne compression. Gr\u00e2ce \u00e0 la bande ferme, le legging restera en place pendant le sport. En bref, un v\u00e9ritable must pour toute FITTgirl ! Les leggings sont disponibles en plusieurs couleurs. Se sentir bien, \u00eatre plus performant avec les v\u00eatements de sport FITT.<\/p>\n<p>Pour une exp\u00e9rience parfaite \u00e0 l'\u00e9preuve des squats, nous recommandons un string invisible.<\/p>\n<p><strong>Le mod\u00e8le Doete mesure 1,76 m et porte la taille S. \u00a0<\/strong><\/p>\n<p><strong>Le mod\u00e8le Donna mesure 1,82 m et porte la taille M. \u00a0<\/strong><\/p>","protected":false},"featured_media":28564,"template":"","meta":{"_acf_changed":false},"product_brand":[],"product_cat":[27,28,3611,85,86,114,63],"product_tag":[],"class_list":{"0":"post-28559","1":"product","2":"type-product","3":"status-publish","4":"has-post-thumbnail","6":"product_cat-dames","7":"product_cat-leggings","8":"product_cat-scrunch","9":"product_cat-seamless","10":"product_cat-effen","11":"product_cat-best-sellers","12":"product_cat-curves","14":"first","15":"instock","16":"sale","17":"taxable","18":"shipping-taxable","19":"purchasable","20":"product-type-variable","21":"has-default-attributes"},"acf":[],"yoast_head":"<!-- This site is optimized with the Yoast SEO plugin v27.1.1 - https:\/\/yoast.com\/product\/yoast-seo-wordpress\/ -->\n<title>Scrunch Legging Black - Dames Sportkleding - FITTwear.nl<\/title>\n<meta name=\"description\" content=\"De seamless scrunch legging van FITT zal jouw nieuwe favoriet worden! De legging is zacht, super stretchy en biedt goede compressie.\" \/>\n<meta name=\"robots\" content=\"index, follow, max-snippet:-1, max-image-preview:large, max-video-preview:-1\" \/>\n<link rel=\"canonical\" href=\"https:\/\/fittwear.nl\/fr\/produit-2\/scrunch-legging-noir\/\" \/>\n<meta property=\"og:locale\" content=\"fr_FR\" \/>\n<meta property=\"og:type\" content=\"article\" \/>\n<meta property=\"og:title\" content=\"Scrunch Legging Black - Dames Sportkleding - FITTwear.nl\" \/>\n<meta property=\"og:description\" content=\"De seamless scrunch legging van FITT zal jouw nieuwe favoriet worden! De legging is zacht, super stretchy en biedt goede compressie.\" \/>\n<meta property=\"og:url\" content=\"https:\/\/fittwear.nl\/fr\/produit-2\/scrunch-legging-noir\/\" \/>\n<meta property=\"og:site_name\" content=\"FITTwear.nl\" \/>\n<meta property=\"article:modified_time\" content=\"2026-04-07T11:24:15+00:00\" \/>\n<meta property=\"og:image\" content=\"https:\/\/fittwear.nl\/wp-content\/uploads\/2022\/03\/contour-zwart-nieuw_legging-voor_jpg_5.jpg\" \/>\n\t<meta property=\"og:image:width\" content=\"1701\" \/>\n\t<meta property=\"og:image:height\" content=\"2551\" \/>\n\t<meta property=\"og:image:type\" content=\"image\/jpeg\" \/>\n<meta name=\"twitter:card\" content=\"summary_large_image\" \/>\n<meta name=\"twitter:label1\" content=\"Dur\u00e9e de lecture estim\u00e9e\" \/>\n\t<meta name=\"twitter:data1\" content=\"1 minute\" \/>\n<script type=\"application\/ld+json\" class=\"yoast-schema-graph\">{\"@context\":\"https:\/\/schema.org\",\"@graph\":[{\"@type\":\"WebPage\",\"@id\":\"https:\/\/fittwear.nl\/product\/scrunch-legging-black\/\",\"url\":\"https:\/\/fittwear.nl\/product\/scrunch-legging-black\/\",\"name\":\"Scrunch Legging Black - Dames Sportkleding - FITTwear.nl\",\"isPartOf\":{\"@id\":\"https:\/\/fittwear.nl\/#website\"},\"primaryImageOfPage\":{\"@id\":\"https:\/\/fittwear.nl\/product\/scrunch-legging-black\/#primaryimage\"},\"image\":{\"@id\":\"https:\/\/fittwear.nl\/product\/scrunch-legging-black\/#primaryimage\"},\"thumbnailUrl\":\"https:\/\/fittwear.nl\/wp-content\/uploads\/2022\/03\/contour-zwart-nieuw_legging-voor_jpg_5.jpg\",\"datePublished\":\"2023-07-30T10:10:00+00:00\",\"dateModified\":\"2026-04-07T11:24:15+00:00\",\"description\":\"De seamless scrunch legging van FITT zal jouw nieuwe favoriet worden! De legging is zacht, super stretchy en biedt goede compressie.\",\"breadcrumb\":{\"@id\":\"https:\/\/fittwear.nl\/product\/scrunch-legging-black\/#breadcrumb\"},\"inLanguage\":\"fr-FR\",\"potentialAction\":[{\"@type\":\"ReadAction\",\"target\":[\"https:\/\/fittwear.nl\/product\/scrunch-legging-black\/\"]}]},{\"@type\":\"ImageObject\",\"inLanguage\":\"fr-FR\",\"@id\":\"https:\/\/fittwear.nl\/product\/scrunch-legging-black\/#primaryimage\",\"url\":\"https:\/\/fittwear.nl\/wp-content\/uploads\/2022\/03\/contour-zwart-nieuw_legging-voor_jpg_5.jpg\",\"contentUrl\":\"https:\/\/fittwear.nl\/wp-content\/uploads\/2022\/03\/contour-zwart-nieuw_legging-voor_jpg_5.jpg\",\"width\":1701,\"height\":2551,\"caption\":\"Scrunch legging Zwart\"},{\"@type\":\"BreadcrumbList\",\"@id\":\"https:\/\/fittwear.nl\/product\/scrunch-legging-black\/#breadcrumb\",\"itemListElement\":[{\"@type\":\"ListItem\",\"position\":1,\"name\":\"Home\",\"item\":\"https:\/\/fittwear.nl\/\"},{\"@type\":\"ListItem\",\"position\":2,\"name\":\"Shop\",\"item\":\"https:\/\/fittwear.nl\/shop\/\"},{\"@type\":\"ListItem\",\"position\":3,\"name\":\"Scrunch Legging Black\"}]},{\"@type\":\"WebSite\",\"@id\":\"https:\/\/fittwear.nl\/#website\",\"url\":\"https:\/\/fittwear.nl\/\",\"name\":\"FITTwear.nl\",\"description\":\"Time to shine!\",\"publisher\":{\"@id\":\"https:\/\/fittwear.nl\/#organization\"},\"potentialAction\":[{\"@type\":\"SearchAction\",\"target\":{\"@type\":\"EntryPoint\",\"urlTemplate\":\"https:\/\/fittwear.nl\/?s={search_term_string}\"},\"query-input\":{\"@type\":\"PropertyValueSpecification\",\"valueRequired\":true,\"valueName\":\"search_term_string\"}}],\"inLanguage\":\"fr-FR\"},{\"@type\":\"Organization\",\"@id\":\"https:\/\/fittwear.nl\/#organization\",\"name\":\"FITTwear.nl\",\"url\":\"https:\/\/fittwear.nl\/\",\"logo\":{\"@type\":\"ImageObject\",\"inLanguage\":\"fr-FR\",\"@id\":\"https:\/\/fittwear.nl\/#\/schema\/logo\/image\/\",\"url\":\"https:\/\/fittwear.nl\/wp-content\/uploads\/2024\/07\/FITT-Logo-BeYOUtiful-website-homepage_Tekengebied-1-scaled.jpg\",\"contentUrl\":\"https:\/\/fittwear.nl\/wp-content\/uploads\/2024\/07\/FITT-Logo-BeYOUtiful-website-homepage_Tekengebied-1-scaled.jpg\",\"width\":2560,\"height\":599,\"caption\":\"FITTwear.nl\"},\"image\":{\"@id\":\"https:\/\/fittwear.nl\/#\/schema\/logo\/image\/\"}}]}<\/script>\n<!-- \/ Yoast SEO plugin. -->","yoast_head_json":{"title":"Legging Scrunch Noir - V\u00eatements de sport pour femmes - FITTwear.nl","description":"Le legging froiss\u00e9 sans couture de FITT va devenir votre nouveau favori ! Les leggings sont doux, super extensibles et offrent une bonne compression.","robots":{"index":"index","follow":"follow","max-snippet":"max-snippet:-1","max-image-preview":"max-image-preview:large","max-video-preview":"max-video-preview:-1"},"canonical":"https:\/\/fittwear.nl\/fr\/produit-2\/scrunch-legging-noir\/","og_locale":"fr_FR","og_type":"article","og_title":"Scrunch Legging Black - Dames Sportkleding - FITTwear.nl","og_description":"De seamless scrunch legging van FITT zal jouw nieuwe favoriet worden! De legging is zacht, super stretchy en biedt goede compressie.","og_url":"https:\/\/fittwear.nl\/fr\/produit-2\/scrunch-legging-noir\/","og_site_name":"FITTwear.nl","article_modified_time":"2026-04-07T11:24:15+00:00","og_image":[{"width":1701,"height":2551,"url":"https:\/\/fittwear.nl\/wp-content\/uploads\/2022\/03\/contour-zwart-nieuw_legging-voor_jpg_5.jpg","type":"image\/jpeg"}],"twitter_card":"summary_large_image","twitter_misc":{"Dur\u00e9e de lecture estim\u00e9e":"1 minute"},"schema":{"@context":"https:\/\/schema.org","@graph":[{"@type":"WebPage","@id":"https:\/\/fittwear.nl\/product\/scrunch-legging-black\/","url":"https:\/\/fittwear.nl\/product\/scrunch-legging-black\/","name":"Legging Scrunch Noir - V\u00eatements de sport pour femmes - FITTwear.nl","isPartOf":{"@id":"https:\/\/fittwear.nl\/#website"},"primaryImageOfPage":{"@id":"https:\/\/fittwear.nl\/product\/scrunch-legging-black\/#primaryimage"},"image":{"@id":"https:\/\/fittwear.nl\/product\/scrunch-legging-black\/#primaryimage"},"thumbnailUrl":"https:\/\/fittwear.nl\/wp-content\/uploads\/2022\/03\/contour-zwart-nieuw_legging-voor_jpg_5.jpg","datePublished":"2023-07-30T10:10:00+00:00","dateModified":"2026-04-07T11:24:15+00:00","description":"Le legging froiss\u00e9 sans couture de FITT va devenir votre nouveau favori ! Les leggings sont doux, super extensibles et offrent une bonne compression.","breadcrumb":{"@id":"https:\/\/fittwear.nl\/product\/scrunch-legging-black\/#breadcrumb"},"inLanguage":"fr-FR","potentialAction":[{"@type":"ReadAction","target":["https:\/\/fittwear.nl\/product\/scrunch-legging-black\/"]}]},{"@type":"ImageObject","inLanguage":"fr-FR","@id":"https:\/\/fittwear.nl\/product\/scrunch-legging-black\/#primaryimage","url":"https:\/\/fittwear.nl\/wp-content\/uploads\/2022\/03\/contour-zwart-nieuw_legging-voor_jpg_5.jpg","contentUrl":"https:\/\/fittwear.nl\/wp-content\/uploads\/2022\/03\/contour-zwart-nieuw_legging-voor_jpg_5.jpg","width":1701,"height":2551,"caption":"Scrunch legging Zwart"},{"@type":"BreadcrumbList","@id":"https:\/\/fittwear.nl\/product\/scrunch-legging-black\/#breadcrumb","itemListElement":[{"@type":"ListItem","position":1,"name":"Home","item":"https:\/\/fittwear.nl\/"},{"@type":"ListItem","position":2,"name":"Shop","item":"https:\/\/fittwear.nl\/shop\/"},{"@type":"ListItem","position":3,"name":"Scrunch Legging Black"}]},{"@type":"WebSite","@id":"https:\/\/fittwear.nl\/#website","url":"https:\/\/fittwear.nl\/","name":"FITTwear.co.uk","description":"C'est le moment de briller !","publisher":{"@id":"https:\/\/fittwear.nl\/#organization"},"potentialAction":[{"@type":"SearchAction","target":{"@type":"EntryPoint","urlTemplate":"https:\/\/fittwear.nl\/?s={search_term_string}"},"query-input":{"@type":"PropertyValueSpecification","valueRequired":true,"valueName":"search_term_string"}}],"inLanguage":"fr-FR"},{"@type":"Organization","@id":"https:\/\/fittwear.nl\/#organization","name":"FITTwear.co.uk","url":"https:\/\/fittwear.nl\/","logo":{"@type":"ImageObject","inLanguage":"fr-FR","@id":"https:\/\/fittwear.nl\/#\/schema\/logo\/image\/","url":"https:\/\/fittwear.nl\/wp-content\/uploads\/2024\/07\/FITT-Logo-BeYOUtiful-website-homepage_Tekengebied-1-scaled.jpg","contentUrl":"https:\/\/fittwear.nl\/wp-content\/uploads\/2024\/07\/FITT-Logo-BeYOUtiful-website-homepage_Tekengebied-1-scaled.jpg","width":2560,"height":599,"caption":"FITTwear.nl"},"image":{"@id":"https:\/\/fittwear.nl\/#\/schema\/logo\/image\/"}}]}},"_links":{"self":[{"href":"https:\/\/fittwear.nl\/fr\/wp-json\/wp\/v2\/product\/28559","targetHints":{"allow":["GET"]}}],"collection":[{"href":"https:\/\/fittwear.nl\/fr\/wp-json\/wp\/v2\/product"}],"about":[{"href":"https:\/\/fittwear.nl\/fr\/wp-json\/wp\/v2\/types\/product"}],"wp:featuredmedia":[{"embeddable":true,"href":"https:\/\/fittwear.nl\/fr\/wp-json\/wp\/v2\/media\/28564"}],"wp:attachment":[{"href":"https:\/\/fittwear.nl\/fr\/wp-json\/wp\/v2\/media?parent=28559"}],"wp:term":[{"taxonomy":"product_brand","embeddable":true,"href":"https:\/\/fittwear.nl\/fr\/wp-json\/wp\/v2\/product_brand?post=28559"},{"taxonomy":"product_cat","embeddable":true,"href":"https:\/\/fittwear.nl\/fr\/wp-json\/wp\/v2\/product_cat?post=28559"},{"taxonomy":"product_tag","embeddable":true,"href":"https:\/\/fittwear.nl\/fr\/wp-json\/wp\/v2\/product_tag?post=28559"}],"curies":[{"name":"wp","href":"https:\/\/api.w.org\/{rel}","templated":true}]}}