{"id":30006,"date":"2022-04-08T11:33:52","date_gmt":"2022-04-08T09:33:52","guid":{"rendered":"https:\/\/fittwear.nl\/?post_type=product&#038;p=30006"},"modified":"2026-04-03T08:11:15","modified_gmt":"2026-04-03T06:11:15","slug":"paradise-bikini-bottom-black","status":"publish","type":"product","link":"https:\/\/fittwear.nl\/fr\/product\/paradise-bikini-bottom-black\/","title":{"rendered":"Bas de bikini Paradise Noir"},"content":{"rendered":"<p>-Bretelles fronc\u00e9es<\/p>\n<p>- Logo FITT unique en m\u00e9tal<\/p>\n<p>-84% polyamide 16% spandex<\/p>\n<p>- Lavable jusqu'\u00e0 30\u00b0.<\/p>\n<p>-Couleur : Noir<\/p>","protected":false},"excerpt":{"rendered":"<p>Habillez-vous pour impressionner ! Avec le bikini Paradise de couleur noire, vous ferez sensation sur la plage ! Le bas de bikini est dot\u00e9 de liens lat\u00e9raux \u00e9lastiques fronc\u00e9s et d'un logo FITT en m\u00e9tal. La bande \u00e9lastique permet de porter le bas de bikini plus haut.<\/p>\n<p><strong>Le mod\u00e8le Doete mesure 1,76 et porte la taille S.<\/strong><\/p>","protected":false},"featured_media":30569,"template":"","meta":{"_acf_changed":false},"product_brand":[],"product_cat":[27,3474],"product_tag":[],"class_list":{"0":"post-30006","1":"product","2":"type-product","3":"status-publish","4":"has-post-thumbnail","6":"product_cat-dames","7":"product_cat-swimwear","9":"first","10":"instock","11":"sale","12":"taxable","13":"shipping-taxable","14":"purchasable","15":"product-type-variable","16":"has-default-attributes"},"acf":[],"yoast_head":"<!-- This site is optimized with the Yoast SEO plugin v27.1.1 - https:\/\/yoast.com\/product\/yoast-seo-wordpress\/ -->\n<title>Paradise Bikini Bottom Black - FITTwear.nl<\/title>\n<meta name=\"description\" content=\"Dress to impress! Met de paradise bikini in deze zwarte kleur zal jij zeker de show stelen op het strand! Het bikinibroekje heeft unieke ruched elastische bandjes aan de zijkant en is voorzien van een metalen FITT logo. Door de elastische band kan het broekje naar wens hoger worden gedragen.  Model Doete is 1.76 en draagt maat S.\" \/>\n<meta name=\"robots\" content=\"index, follow, max-snippet:-1, max-image-preview:large, max-video-preview:-1\" \/>\n<link rel=\"canonical\" href=\"https:\/\/fittwear.nl\/fr\/produit-2\/paradise-bikini-bottom-black\/\" \/>\n<meta property=\"og:locale\" content=\"fr_FR\" \/>\n<meta property=\"og:type\" content=\"article\" \/>\n<meta property=\"og:title\" content=\"Paradise Bikini Bottom Black - FITTwear.nl\" \/>\n<meta property=\"og:description\" content=\"Dress to impress! Met de paradise bikini in deze zwarte kleur zal jij zeker de show stelen op het strand! Het bikinibroekje heeft unieke ruched elastische bandjes aan de zijkant en is voorzien van een metalen FITT logo. Door de elastische band kan het broekje naar wens hoger worden gedragen.  Model Doete is 1.76 en draagt maat S.\" \/>\n<meta property=\"og:url\" content=\"https:\/\/fittwear.nl\/fr\/produit-2\/paradise-bikini-bottom-black\/\" \/>\n<meta property=\"og:site_name\" content=\"FITTwear.nl\" \/>\n<meta property=\"article:modified_time\" content=\"2026-04-03T06:11:15+00:00\" \/>\n<meta property=\"og:image\" content=\"https:\/\/fittwear.nl\/wp-content\/uploads\/2022\/04\/top-bikini-zwart_top-broek-zwart_legging-voor_jpg_2.jpg\" \/>\n\t<meta property=\"og:image:width\" content=\"1559\" \/>\n\t<meta property=\"og:image:height\" content=\"2338\" \/>\n\t<meta property=\"og:image:type\" content=\"image\/jpeg\" \/>\n<meta name=\"twitter:card\" content=\"summary_large_image\" \/>\n<meta name=\"twitter:label1\" content=\"Dur\u00e9e de lecture estim\u00e9e\" \/>\n\t<meta name=\"twitter:data1\" content=\"1 minute\" \/>\n<script type=\"application\/ld+json\" class=\"yoast-schema-graph\">{\"@context\":\"https:\/\/schema.org\",\"@graph\":[{\"@type\":\"WebPage\",\"@id\":\"https:\/\/fittwear.nl\/product\/paradise-bikini-bottom-black\/\",\"url\":\"https:\/\/fittwear.nl\/product\/paradise-bikini-bottom-black\/\",\"name\":\"Paradise Bikini Bottom Black - FITTwear.nl\",\"isPartOf\":{\"@id\":\"https:\/\/fittwear.nl\/#website\"},\"primaryImageOfPage\":{\"@id\":\"https:\/\/fittwear.nl\/product\/paradise-bikini-bottom-black\/#primaryimage\"},\"image\":{\"@id\":\"https:\/\/fittwear.nl\/product\/paradise-bikini-bottom-black\/#primaryimage\"},\"thumbnailUrl\":\"https:\/\/fittwear.nl\/wp-content\/uploads\/2022\/04\/top-bikini-zwart_top-broek-zwart_legging-voor_jpg_2.jpg\",\"datePublished\":\"2022-04-08T09:33:52+00:00\",\"dateModified\":\"2026-04-03T06:11:15+00:00\",\"description\":\"Dress to impress! Met de paradise bikini in deze zwarte kleur zal jij zeker de show stelen op het strand! Het bikinibroekje heeft unieke ruched elastische bandjes aan de zijkant en is voorzien van een metalen FITT logo. Door de elastische band kan het broekje naar wens hoger worden gedragen. Model Doete is 1.76 en draagt maat S.\",\"breadcrumb\":{\"@id\":\"https:\/\/fittwear.nl\/product\/paradise-bikini-bottom-black\/#breadcrumb\"},\"inLanguage\":\"fr-FR\",\"potentialAction\":[{\"@type\":\"ReadAction\",\"target\":[\"https:\/\/fittwear.nl\/product\/paradise-bikini-bottom-black\/\"]}]},{\"@type\":\"ImageObject\",\"inLanguage\":\"fr-FR\",\"@id\":\"https:\/\/fittwear.nl\/product\/paradise-bikini-bottom-black\/#primaryimage\",\"url\":\"https:\/\/fittwear.nl\/wp-content\/uploads\/2022\/04\/top-bikini-zwart_top-broek-zwart_legging-voor_jpg_2.jpg\",\"contentUrl\":\"https:\/\/fittwear.nl\/wp-content\/uploads\/2022\/04\/top-bikini-zwart_top-broek-zwart_legging-voor_jpg_2.jpg\",\"width\":1559,\"height\":2338,\"caption\":\"paradise bikini zwart\"},{\"@type\":\"BreadcrumbList\",\"@id\":\"https:\/\/fittwear.nl\/product\/paradise-bikini-bottom-black\/#breadcrumb\",\"itemListElement\":[{\"@type\":\"ListItem\",\"position\":1,\"name\":\"Home\",\"item\":\"https:\/\/fittwear.nl\/\"},{\"@type\":\"ListItem\",\"position\":2,\"name\":\"Shop\",\"item\":\"https:\/\/fittwear.nl\/shop\/\"},{\"@type\":\"ListItem\",\"position\":3,\"name\":\"Paradise Bikini Bottom Black\"}]},{\"@type\":\"WebSite\",\"@id\":\"https:\/\/fittwear.nl\/#website\",\"url\":\"https:\/\/fittwear.nl\/\",\"name\":\"FITTwear.nl\",\"description\":\"Time to shine!\",\"publisher\":{\"@id\":\"https:\/\/fittwear.nl\/#organization\"},\"potentialAction\":[{\"@type\":\"SearchAction\",\"target\":{\"@type\":\"EntryPoint\",\"urlTemplate\":\"https:\/\/fittwear.nl\/?s={search_term_string}\"},\"query-input\":{\"@type\":\"PropertyValueSpecification\",\"valueRequired\":true,\"valueName\":\"search_term_string\"}}],\"inLanguage\":\"fr-FR\"},{\"@type\":\"Organization\",\"@id\":\"https:\/\/fittwear.nl\/#organization\",\"name\":\"FITTwear.nl\",\"url\":\"https:\/\/fittwear.nl\/\",\"logo\":{\"@type\":\"ImageObject\",\"inLanguage\":\"fr-FR\",\"@id\":\"https:\/\/fittwear.nl\/#\/schema\/logo\/image\/\",\"url\":\"https:\/\/fittwear.nl\/wp-content\/uploads\/2024\/07\/FITT-Logo-BeYOUtiful-website-homepage_Tekengebied-1-scaled.jpg\",\"contentUrl\":\"https:\/\/fittwear.nl\/wp-content\/uploads\/2024\/07\/FITT-Logo-BeYOUtiful-website-homepage_Tekengebied-1-scaled.jpg\",\"width\":2560,\"height\":599,\"caption\":\"FITTwear.nl\"},\"image\":{\"@id\":\"https:\/\/fittwear.nl\/#\/schema\/logo\/image\/\"}}]}<\/script>\n<!-- \/ Yoast SEO plugin. -->","yoast_head_json":{"title":"Bas de bikini Paradise Noir - FITTwear.fr","description":"Habillez-vous pour impressionner ! Avec le bikini Paradise de couleur noire, vous ferez sensation sur la plage ! Le bas de bikini est dot\u00e9 de liens lat\u00e9raux \u00e9lastiques fronc\u00e9s et d'un logo FITT en m\u00e9tal. La bande \u00e9lastique permet de porter le bas de bikini plus haut.  Le mod\u00e8le Doete mesure 1,76 et porte la taille S.","robots":{"index":"index","follow":"follow","max-snippet":"max-snippet:-1","max-image-preview":"max-image-preview:large","max-video-preview":"max-video-preview:-1"},"canonical":"https:\/\/fittwear.nl\/fr\/produit-2\/paradise-bikini-bottom-black\/","og_locale":"fr_FR","og_type":"article","og_title":"Paradise Bikini Bottom Black - FITTwear.nl","og_description":"Dress to impress! Met de paradise bikini in deze zwarte kleur zal jij zeker de show stelen op het strand! Het bikinibroekje heeft unieke ruched elastische bandjes aan de zijkant en is voorzien van een metalen FITT logo. Door de elastische band kan het broekje naar wens hoger worden gedragen.  Model Doete is 1.76 en draagt maat S.","og_url":"https:\/\/fittwear.nl\/fr\/produit-2\/paradise-bikini-bottom-black\/","og_site_name":"FITTwear.nl","article_modified_time":"2026-04-03T06:11:15+00:00","og_image":[{"width":1559,"height":2338,"url":"https:\/\/fittwear.nl\/wp-content\/uploads\/2022\/04\/top-bikini-zwart_top-broek-zwart_legging-voor_jpg_2.jpg","type":"image\/jpeg"}],"twitter_card":"summary_large_image","twitter_misc":{"Dur\u00e9e de lecture estim\u00e9e":"1 minute"},"schema":{"@context":"https:\/\/schema.org","@graph":[{"@type":"WebPage","@id":"https:\/\/fittwear.nl\/product\/paradise-bikini-bottom-black\/","url":"https:\/\/fittwear.nl\/product\/paradise-bikini-bottom-black\/","name":"Bas de bikini Paradise Noir - FITTwear.fr","isPartOf":{"@id":"https:\/\/fittwear.nl\/#website"},"primaryImageOfPage":{"@id":"https:\/\/fittwear.nl\/product\/paradise-bikini-bottom-black\/#primaryimage"},"image":{"@id":"https:\/\/fittwear.nl\/product\/paradise-bikini-bottom-black\/#primaryimage"},"thumbnailUrl":"https:\/\/fittwear.nl\/wp-content\/uploads\/2022\/04\/top-bikini-zwart_top-broek-zwart_legging-voor_jpg_2.jpg","datePublished":"2022-04-08T09:33:52+00:00","dateModified":"2026-04-03T06:11:15+00:00","description":"Habillez-vous pour impressionner ! Avec le bikini Paradise de couleur noire, vous ferez sensation sur la plage ! Le bas de bikini est dot\u00e9 de liens lat\u00e9raux \u00e9lastiques fronc\u00e9s et d'un logo FITT en m\u00e9tal. La bande \u00e9lastique permet de porter le bas de bikini plus haut. Le mod\u00e8le Doete mesure 1,76 et porte la taille S.","breadcrumb":{"@id":"https:\/\/fittwear.nl\/product\/paradise-bikini-bottom-black\/#breadcrumb"},"inLanguage":"fr-FR","potentialAction":[{"@type":"ReadAction","target":["https:\/\/fittwear.nl\/product\/paradise-bikini-bottom-black\/"]}]},{"@type":"ImageObject","inLanguage":"fr-FR","@id":"https:\/\/fittwear.nl\/product\/paradise-bikini-bottom-black\/#primaryimage","url":"https:\/\/fittwear.nl\/wp-content\/uploads\/2022\/04\/top-bikini-zwart_top-broek-zwart_legging-voor_jpg_2.jpg","contentUrl":"https:\/\/fittwear.nl\/wp-content\/uploads\/2022\/04\/top-bikini-zwart_top-broek-zwart_legging-voor_jpg_2.jpg","width":1559,"height":2338,"caption":"paradise bikini zwart"},{"@type":"BreadcrumbList","@id":"https:\/\/fittwear.nl\/product\/paradise-bikini-bottom-black\/#breadcrumb","itemListElement":[{"@type":"ListItem","position":1,"name":"Home","item":"https:\/\/fittwear.nl\/"},{"@type":"ListItem","position":2,"name":"Shop","item":"https:\/\/fittwear.nl\/shop\/"},{"@type":"ListItem","position":3,"name":"Paradise Bikini Bottom Black"}]},{"@type":"WebSite","@id":"https:\/\/fittwear.nl\/#website","url":"https:\/\/fittwear.nl\/","name":"FITTwear.co.uk","description":"C'est le moment de briller !","publisher":{"@id":"https:\/\/fittwear.nl\/#organization"},"potentialAction":[{"@type":"SearchAction","target":{"@type":"EntryPoint","urlTemplate":"https:\/\/fittwear.nl\/?s={search_term_string}"},"query-input":{"@type":"PropertyValueSpecification","valueRequired":true,"valueName":"search_term_string"}}],"inLanguage":"fr-FR"},{"@type":"Organization","@id":"https:\/\/fittwear.nl\/#organization","name":"FITTwear.co.uk","url":"https:\/\/fittwear.nl\/","logo":{"@type":"ImageObject","inLanguage":"fr-FR","@id":"https:\/\/fittwear.nl\/#\/schema\/logo\/image\/","url":"https:\/\/fittwear.nl\/wp-content\/uploads\/2024\/07\/FITT-Logo-BeYOUtiful-website-homepage_Tekengebied-1-scaled.jpg","contentUrl":"https:\/\/fittwear.nl\/wp-content\/uploads\/2024\/07\/FITT-Logo-BeYOUtiful-website-homepage_Tekengebied-1-scaled.jpg","width":2560,"height":599,"caption":"FITTwear.nl"},"image":{"@id":"https:\/\/fittwear.nl\/#\/schema\/logo\/image\/"}}]}},"_links":{"self":[{"href":"https:\/\/fittwear.nl\/fr\/wp-json\/wp\/v2\/product\/30006","targetHints":{"allow":["GET"]}}],"collection":[{"href":"https:\/\/fittwear.nl\/fr\/wp-json\/wp\/v2\/product"}],"about":[{"href":"https:\/\/fittwear.nl\/fr\/wp-json\/wp\/v2\/types\/product"}],"wp:featuredmedia":[{"embeddable":true,"href":"https:\/\/fittwear.nl\/fr\/wp-json\/wp\/v2\/media\/30569"}],"wp:attachment":[{"href":"https:\/\/fittwear.nl\/fr\/wp-json\/wp\/v2\/media?parent=30006"}],"wp:term":[{"taxonomy":"product_brand","embeddable":true,"href":"https:\/\/fittwear.nl\/fr\/wp-json\/wp\/v2\/product_brand?post=30006"},{"taxonomy":"product_cat","embeddable":true,"href":"https:\/\/fittwear.nl\/fr\/wp-json\/wp\/v2\/product_cat?post=30006"},{"taxonomy":"product_tag","embeddable":true,"href":"https:\/\/fittwear.nl\/fr\/wp-json\/wp\/v2\/product_tag?post=30006"}],"curies":[{"name":"wp","href":"https:\/\/api.w.org\/{rel}","templated":true}]}}