{"id":3049,"date":"2020-09-01T15:37:48","date_gmt":"2020-09-01T13:37:48","guid":{"rendered":"http:\/\/fitt-shop.nl\/?post_type=product&#038;p=3049"},"modified":"2026-04-07T13:39:59","modified_gmt":"2026-04-07T11:39:59","slug":"athleisure-crop-shirt-navy","status":"publish","type":"product","link":"https:\/\/fittwear.nl\/fr\/product\/athleisure-crop-t-shirt-navy\/","title":{"rendered":"T-shirt Athleisure Crop marine"},"content":{"rendered":"<p>&#8211; Crop T-shirt korte mouw<\/p>\n<p>&#8211; Athleisure kledingstuk<\/p>\n<p>&#8211; Bewegingsvrijheid gegarandeerd<\/p>\n<p>&#8211; 150 grams<\/p>\n<p>&#8211; 90% katoen, 10% viscose<\/p>\n<p>&#8211; Tot 40\u00b0 wasbaar<\/p>\n<p>&#8211; Kleur: navy<\/p>\n<p>&#8211; Model Doete is 1.76m en draagt maat XS<\/p>","protected":false},"excerpt":{"rendered":"<p>Ce t-shirt \u00e0 manches courtes est le v\u00eatement athleisure par excellence. Suivez la tendance athleisure qui permet de porter des v\u00eatements de sport et de d\u00e9tente dans la rue. Il est \u00e9galement id\u00e9al pour toute s\u00e9ance d'entra\u00eenement, car la coupe courte garantit la libert\u00e9 de mouvement, le confort et la fra\u00eecheur pendant l'entra\u00eenement.<\/p>\n<p><strong>Le mod\u00e8le Doete mesure 1,76 m et porte la taille XS.<\/strong><\/p>","protected":false},"featured_media":6790,"template":"","meta":{"_acf_changed":false},"product_brand":[],"product_cat":[4812,27,81,78],"product_tag":[99],"class_list":{"0":"post-3049","1":"product","2":"type-product","3":"status-publish","4":"has-post-thumbnail","6":"product_cat-forever-favorites-categorie","7":"product_cat-dames","8":"product_cat-crop-tops","9":"product_cat-t-shirts-dames","10":"product_tag-crop-top-t-shirt","12":"first","13":"outofstock","14":"taxable","15":"shipping-taxable","16":"product-type-variable"},"acf":[],"yoast_head":"<!-- This site is optimized with the Yoast SEO plugin v27.1.1 - https:\/\/yoast.com\/product\/yoast-seo-wordpress\/ -->\n<title>Athleisure Crop T-shirt navy - FITTwear.nl<\/title>\n<meta name=\"description\" content=\"Dit crop T-shirt met korte mouw is h\u00e9t essenti\u00eble athleisure kledingstuk. Volg de athleisure trend waarbij het toegestaan is om sportkleding en loungewear op straat te dragen. Ook ideaal voor iedere training, het korte model garandeert namelijk bewegingsvrijheid, comfort en houdt je koel tijdens je workout.  Model Doete is 1.76m en draagt maat XS.\" \/>\n<meta name=\"robots\" content=\"index, follow, max-snippet:-1, max-image-preview:large, max-video-preview:-1\" \/>\n<link rel=\"canonical\" href=\"https:\/\/fittwear.nl\/fr\/produit-2\/athleisure-crop-shirt-navy\/\" \/>\n<meta property=\"og:locale\" content=\"fr_FR\" \/>\n<meta property=\"og:type\" content=\"article\" \/>\n<meta property=\"og:title\" content=\"Athleisure Crop T-shirt navy - FITTwear.nl\" \/>\n<meta property=\"og:description\" content=\"Dit crop T-shirt met korte mouw is h\u00e9t essenti\u00eble athleisure kledingstuk. Volg de athleisure trend waarbij het toegestaan is om sportkleding en loungewear op straat te dragen. Ook ideaal voor iedere training, het korte model garandeert namelijk bewegingsvrijheid, comfort en houdt je koel tijdens je workout.  Model Doete is 1.76m en draagt maat XS.\" \/>\n<meta property=\"og:url\" content=\"https:\/\/fittwear.nl\/fr\/produit-2\/athleisure-crop-shirt-navy\/\" \/>\n<meta property=\"og:site_name\" content=\"FITTwear.nl\" \/>\n<meta property=\"article:modified_time\" content=\"2026-04-07T11:39:59+00:00\" \/>\n<meta property=\"og:image\" content=\"https:\/\/fittwear.nl\/wp-content\/uploads\/2020\/08\/functional-grijs-paars_Voorkant-boven_jpg_4-1.jpg\" \/>\n\t<meta property=\"og:image:width\" content=\"972\" \/>\n\t<meta property=\"og:image:height\" content=\"1458\" \/>\n\t<meta property=\"og:image:type\" content=\"image\/jpeg\" \/>\n<meta name=\"twitter:card\" content=\"summary_large_image\" \/>\n<meta name=\"twitter:label1\" content=\"Dur\u00e9e de lecture estim\u00e9e\" \/>\n\t<meta name=\"twitter:data1\" content=\"1 minute\" \/>\n<script type=\"application\/ld+json\" class=\"yoast-schema-graph\">{\"@context\":\"https:\/\/schema.org\",\"@graph\":[{\"@type\":\"WebPage\",\"@id\":\"https:\/\/fittwear.nl\/product\/athleisure-crop-t-shirt-navy\/\",\"url\":\"https:\/\/fittwear.nl\/product\/athleisure-crop-t-shirt-navy\/\",\"name\":\"Athleisure Crop T-shirt navy - FITTwear.nl\",\"isPartOf\":{\"@id\":\"https:\/\/fittwear.nl\/#website\"},\"primaryImageOfPage\":{\"@id\":\"https:\/\/fittwear.nl\/product\/athleisure-crop-t-shirt-navy\/#primaryimage\"},\"image\":{\"@id\":\"https:\/\/fittwear.nl\/product\/athleisure-crop-t-shirt-navy\/#primaryimage\"},\"thumbnailUrl\":\"https:\/\/fittwear.nl\/wp-content\/uploads\/2020\/08\/functional-grijs-paars_Voorkant-boven_jpg_4-1.jpg\",\"datePublished\":\"2020-09-01T13:37:48+00:00\",\"dateModified\":\"2026-04-07T11:39:59+00:00\",\"description\":\"Dit crop T-shirt met korte mouw is h\u00e9t essenti\u00eble athleisure kledingstuk. Volg de athleisure trend waarbij het toegestaan is om sportkleding en loungewear op straat te dragen. Ook ideaal voor iedere training, het korte model garandeert namelijk bewegingsvrijheid, comfort en houdt je koel tijdens je workout. Model Doete is 1.76m en draagt maat XS.\",\"breadcrumb\":{\"@id\":\"https:\/\/fittwear.nl\/product\/athleisure-crop-t-shirt-navy\/#breadcrumb\"},\"inLanguage\":\"fr-FR\",\"potentialAction\":[{\"@type\":\"ReadAction\",\"target\":[\"https:\/\/fittwear.nl\/product\/athleisure-crop-t-shirt-navy\/\"]}]},{\"@type\":\"ImageObject\",\"inLanguage\":\"fr-FR\",\"@id\":\"https:\/\/fittwear.nl\/product\/athleisure-crop-t-shirt-navy\/#primaryimage\",\"url\":\"https:\/\/fittwear.nl\/wp-content\/uploads\/2020\/08\/functional-grijs-paars_Voorkant-boven_jpg_4-1.jpg\",\"contentUrl\":\"https:\/\/fittwear.nl\/wp-content\/uploads\/2020\/08\/functional-grijs-paars_Voorkant-boven_jpg_4-1.jpg\",\"width\":972,\"height\":1458},{\"@type\":\"BreadcrumbList\",\"@id\":\"https:\/\/fittwear.nl\/product\/athleisure-crop-t-shirt-navy\/#breadcrumb\",\"itemListElement\":[{\"@type\":\"ListItem\",\"position\":1,\"name\":\"Home\",\"item\":\"https:\/\/fittwear.nl\/\"},{\"@type\":\"ListItem\",\"position\":2,\"name\":\"Shop\",\"item\":\"https:\/\/fittwear.nl\/shop\/\"},{\"@type\":\"ListItem\",\"position\":3,\"name\":\"Athleisure Crop T-shirt navy\"}]},{\"@type\":\"WebSite\",\"@id\":\"https:\/\/fittwear.nl\/#website\",\"url\":\"https:\/\/fittwear.nl\/\",\"name\":\"FITTwear.nl\",\"description\":\"Time to shine!\",\"publisher\":{\"@id\":\"https:\/\/fittwear.nl\/#organization\"},\"potentialAction\":[{\"@type\":\"SearchAction\",\"target\":{\"@type\":\"EntryPoint\",\"urlTemplate\":\"https:\/\/fittwear.nl\/?s={search_term_string}\"},\"query-input\":{\"@type\":\"PropertyValueSpecification\",\"valueRequired\":true,\"valueName\":\"search_term_string\"}}],\"inLanguage\":\"fr-FR\"},{\"@type\":\"Organization\",\"@id\":\"https:\/\/fittwear.nl\/#organization\",\"name\":\"FITTwear.nl\",\"url\":\"https:\/\/fittwear.nl\/\",\"logo\":{\"@type\":\"ImageObject\",\"inLanguage\":\"fr-FR\",\"@id\":\"https:\/\/fittwear.nl\/#\/schema\/logo\/image\/\",\"url\":\"https:\/\/fittwear.nl\/wp-content\/uploads\/2024\/07\/FITT-Logo-BeYOUtiful-website-homepage_Tekengebied-1-scaled.jpg\",\"contentUrl\":\"https:\/\/fittwear.nl\/wp-content\/uploads\/2024\/07\/FITT-Logo-BeYOUtiful-website-homepage_Tekengebied-1-scaled.jpg\",\"width\":2560,\"height\":599,\"caption\":\"FITTwear.nl\"},\"image\":{\"@id\":\"https:\/\/fittwear.nl\/#\/schema\/logo\/image\/\"}}]}<\/script>\n<!-- \/ Yoast SEO plugin. -->","yoast_head_json":{"title":"T-shirt Athleisure Crop navy - FITTwear.nl","description":"Ce t-shirt \u00e0 manches courtes est le v\u00eatement athleisure par excellence. Suivez la tendance athleisure qui permet de porter des v\u00eatements de sport et de d\u00e9tente dans la rue. Il est \u00e9galement id\u00e9al pour toute s\u00e9ance d'entra\u00eenement, car la coupe courte garantit la libert\u00e9 de mouvement, le confort et permet de rester au frais pendant l'entra\u00eenement.  Le mod\u00e8le Doete mesure 1,76 m et porte la taille XS.","robots":{"index":"index","follow":"follow","max-snippet":"max-snippet:-1","max-image-preview":"max-image-preview:large","max-video-preview":"max-video-preview:-1"},"canonical":"https:\/\/fittwear.nl\/fr\/produit-2\/athleisure-crop-shirt-navy\/","og_locale":"fr_FR","og_type":"article","og_title":"Athleisure Crop T-shirt navy - FITTwear.nl","og_description":"Dit crop T-shirt met korte mouw is h\u00e9t essenti\u00eble athleisure kledingstuk. Volg de athleisure trend waarbij het toegestaan is om sportkleding en loungewear op straat te dragen. Ook ideaal voor iedere training, het korte model garandeert namelijk bewegingsvrijheid, comfort en houdt je koel tijdens je workout.  Model Doete is 1.76m en draagt maat XS.","og_url":"https:\/\/fittwear.nl\/fr\/produit-2\/athleisure-crop-shirt-navy\/","og_site_name":"FITTwear.nl","article_modified_time":"2026-04-07T11:39:59+00:00","og_image":[{"width":972,"height":1458,"url":"https:\/\/fittwear.nl\/wp-content\/uploads\/2020\/08\/functional-grijs-paars_Voorkant-boven_jpg_4-1.jpg","type":"image\/jpeg"}],"twitter_card":"summary_large_image","twitter_misc":{"Dur\u00e9e de lecture estim\u00e9e":"1 minute"},"schema":{"@context":"https:\/\/schema.org","@graph":[{"@type":"WebPage","@id":"https:\/\/fittwear.nl\/product\/athleisure-crop-t-shirt-navy\/","url":"https:\/\/fittwear.nl\/product\/athleisure-crop-t-shirt-navy\/","name":"T-shirt Athleisure Crop navy - FITTwear.nl","isPartOf":{"@id":"https:\/\/fittwear.nl\/#website"},"primaryImageOfPage":{"@id":"https:\/\/fittwear.nl\/product\/athleisure-crop-t-shirt-navy\/#primaryimage"},"image":{"@id":"https:\/\/fittwear.nl\/product\/athleisure-crop-t-shirt-navy\/#primaryimage"},"thumbnailUrl":"https:\/\/fittwear.nl\/wp-content\/uploads\/2020\/08\/functional-grijs-paars_Voorkant-boven_jpg_4-1.jpg","datePublished":"2020-09-01T13:37:48+00:00","dateModified":"2026-04-07T11:39:59+00:00","description":"Ce t-shirt \u00e0 manches courtes est le v\u00eatement athleisure par excellence. Suivez la tendance athleisure qui permet de porter des v\u00eatements de sport et de d\u00e9tente dans la rue. Il est \u00e9galement id\u00e9al pour toute s\u00e9ance d'entra\u00eenement, car la coupe courte garantit la libert\u00e9 de mouvement, le confort et permet de rester au frais pendant l'entra\u00eenement. Le mod\u00e8le Doete mesure 1,76 m et porte la taille XS.","breadcrumb":{"@id":"https:\/\/fittwear.nl\/product\/athleisure-crop-t-shirt-navy\/#breadcrumb"},"inLanguage":"fr-FR","potentialAction":[{"@type":"ReadAction","target":["https:\/\/fittwear.nl\/product\/athleisure-crop-t-shirt-navy\/"]}]},{"@type":"ImageObject","inLanguage":"fr-FR","@id":"https:\/\/fittwear.nl\/product\/athleisure-crop-t-shirt-navy\/#primaryimage","url":"https:\/\/fittwear.nl\/wp-content\/uploads\/2020\/08\/functional-grijs-paars_Voorkant-boven_jpg_4-1.jpg","contentUrl":"https:\/\/fittwear.nl\/wp-content\/uploads\/2020\/08\/functional-grijs-paars_Voorkant-boven_jpg_4-1.jpg","width":972,"height":1458},{"@type":"BreadcrumbList","@id":"https:\/\/fittwear.nl\/product\/athleisure-crop-t-shirt-navy\/#breadcrumb","itemListElement":[{"@type":"ListItem","position":1,"name":"Home","item":"https:\/\/fittwear.nl\/"},{"@type":"ListItem","position":2,"name":"Shop","item":"https:\/\/fittwear.nl\/shop\/"},{"@type":"ListItem","position":3,"name":"Athleisure Crop T-shirt navy"}]},{"@type":"WebSite","@id":"https:\/\/fittwear.nl\/#website","url":"https:\/\/fittwear.nl\/","name":"FITTwear.co.uk","description":"C'est le moment de briller !","publisher":{"@id":"https:\/\/fittwear.nl\/#organization"},"potentialAction":[{"@type":"SearchAction","target":{"@type":"EntryPoint","urlTemplate":"https:\/\/fittwear.nl\/?s={search_term_string}"},"query-input":{"@type":"PropertyValueSpecification","valueRequired":true,"valueName":"search_term_string"}}],"inLanguage":"fr-FR"},{"@type":"Organization","@id":"https:\/\/fittwear.nl\/#organization","name":"FITTwear.co.uk","url":"https:\/\/fittwear.nl\/","logo":{"@type":"ImageObject","inLanguage":"fr-FR","@id":"https:\/\/fittwear.nl\/#\/schema\/logo\/image\/","url":"https:\/\/fittwear.nl\/wp-content\/uploads\/2024\/07\/FITT-Logo-BeYOUtiful-website-homepage_Tekengebied-1-scaled.jpg","contentUrl":"https:\/\/fittwear.nl\/wp-content\/uploads\/2024\/07\/FITT-Logo-BeYOUtiful-website-homepage_Tekengebied-1-scaled.jpg","width":2560,"height":599,"caption":"FITTwear.nl"},"image":{"@id":"https:\/\/fittwear.nl\/#\/schema\/logo\/image\/"}}]}},"_links":{"self":[{"href":"https:\/\/fittwear.nl\/fr\/wp-json\/wp\/v2\/product\/3049","targetHints":{"allow":["GET"]}}],"collection":[{"href":"https:\/\/fittwear.nl\/fr\/wp-json\/wp\/v2\/product"}],"about":[{"href":"https:\/\/fittwear.nl\/fr\/wp-json\/wp\/v2\/types\/product"}],"wp:featuredmedia":[{"embeddable":true,"href":"https:\/\/fittwear.nl\/fr\/wp-json\/wp\/v2\/media\/6790"}],"wp:attachment":[{"href":"https:\/\/fittwear.nl\/fr\/wp-json\/wp\/v2\/media?parent=3049"}],"wp:term":[{"taxonomy":"product_brand","embeddable":true,"href":"https:\/\/fittwear.nl\/fr\/wp-json\/wp\/v2\/product_brand?post=3049"},{"taxonomy":"product_cat","embeddable":true,"href":"https:\/\/fittwear.nl\/fr\/wp-json\/wp\/v2\/product_cat?post=3049"},{"taxonomy":"product_tag","embeddable":true,"href":"https:\/\/fittwear.nl\/fr\/wp-json\/wp\/v2\/product_tag?post=3049"}],"curies":[{"name":"wp","href":"https:\/\/api.w.org\/{rel}","templated":true}]}}