{"id":33637,"date":"2022-05-23T13:08:39","date_gmt":"2022-05-23T11:08:39","guid":{"rendered":"https:\/\/fittwear.nl\/?post_type=product&#038;p=33637"},"modified":"2026-04-27T15:32:27","modified_gmt":"2026-04-27T13:32:27","slug":"legging-contrastant-noir-taupe","status":"publish","type":"product","link":"https:\/\/fittwear.nl\/fr\/product\/contrast-legging-black-taupe\/","title":{"rendered":"Legging \u00e0 contraste de forme Noir"},"content":{"rendered":"<p>&#8211; High waist legging met contrasterende naden<\/p>\n<p>&#8211; Geborduurd logo op de achterkant van de legging<\/p>\n<p>&#8211; Uniek ontwerp<\/p>\n<p>&#8211; Smalle high waist band waardoor de legging niet afzakt<\/p>\n<p>-Squatproof<\/p>\n<p>&#8211; Gemaakt in Europa<\/p>\n<p>&#8211; Gemaakt van gerecycled materialen (80% polyamide, 20% elastaan)<\/p>\n<p>&#8211; Tot 40\u00b0 wasbaar<\/p>\n<p>- Couleur : noir<\/p>","protected":false},"excerpt":{"rendered":"<p>Taille : Les leggings sont de taille normale.<\/p>\n<p>Saisissez votre chance avec notre ligne contrast\u00e9e unique et tendance ! Ce nouveau mod\u00e8le FITT se compose d'un legging \u00e0 taille haute et d'un haut assorti disponible en 4 couleurs. Vous n'aurez plus \u00e0 vous soucier de l'affaissement des leggings car les leggings contrast\u00e9s ont une taille \u00e9troite et ne s'affaisseront absolument pas lors d'un entra\u00eenement difficile ! Ce magnifique ensemble pr\u00e9sente des coutures contrast\u00e9es de couleur taupe et est fabriqu\u00e9 \u00e0 partir de mat\u00e9riaux recycl\u00e9s. Les leggings sont enti\u00e8rement r\u00e9sistants aux squats et super extensibles. Quel ensemble contrast\u00e9 choisirez-vous ?<\/p>\n<p><strong>Le mod\u00e8le Doete (cheveux blonds) mesure 1,76 et porte la taille S.<\/strong><\/p>\n<p><strong>Le mod\u00e8le Sigrid (cheveux bruns) mesure 1,81 et porte la taille XL.<\/strong><\/p>","protected":false},"featured_media":33806,"template":"","meta":{"_acf_changed":false},"product_brand":[],"product_cat":[27,28,4743,113,63],"product_tag":[],"class_list":{"0":"post-33637","1":"product","2":"type-product","3":"status-publish","4":"has-post-thumbnail","6":"product_cat-dames","7":"product_cat-leggings","8":"product_cat-geen-scrunch","9":"product_cat-duurzaam","10":"product_cat-curves","12":"first","13":"instock","14":"sale","15":"taxable","16":"shipping-taxable","17":"purchasable","18":"product-type-variable","19":"has-default-attributes"},"acf":[],"yoast_head":"<!-- This site is optimized with the Yoast SEO plugin v27.1.1 - https:\/\/yoast.com\/product\/yoast-seo-wordpress\/ -->\n<title>Shape contrast Legging Black - FITTwear.nl<\/title>\n<meta name=\"description\" content=\"Maatvoering: De legging valt op maat.  Pak je shine met onze unieke en trendy contrast lijn! Dit nieuwe FITT ontwerp bestaat uit een high waist legging met bijpassende top die in 4 kleuren verkrijgbaar is. Geen zorgen meer over afzakkende leggings want de contrast legging heeft een smalle tailleband waardoor hij absoluut niet afzakt tijdens elke pittige workout! Deze prachtige set heeft contrasterende taupe naden en is gemaakt van gerecyclede materialen. De legging is volledig squatproof en super stretchy. Voor welke contrast set ga jij?  Model Doete (blond haar) is 1.76 en draagt maat S  Model Sigrid (buin haar) is 1.81 en draagt maat XL\" \/>\n<meta name=\"robots\" content=\"index, follow, max-snippet:-1, max-image-preview:large, max-video-preview:-1\" \/>\n<link rel=\"canonical\" href=\"https:\/\/fittwear.nl\/fr\/produit-2\/legging-contrastant-noir-taupe\/\" \/>\n<meta property=\"og:locale\" content=\"fr_FR\" \/>\n<meta property=\"og:type\" content=\"article\" \/>\n<meta property=\"og:title\" content=\"Shape contrast Legging Black - FITTwear.nl\" \/>\n<meta property=\"og:description\" content=\"Maatvoering: De legging valt op maat.  Pak je shine met onze unieke en trendy contrast lijn! Dit nieuwe FITT ontwerp bestaat uit een high waist legging met bijpassende top die in 4 kleuren verkrijgbaar is. Geen zorgen meer over afzakkende leggings want de contrast legging heeft een smalle tailleband waardoor hij absoluut niet afzakt tijdens elke pittige workout! Deze prachtige set heeft contrasterende taupe naden en is gemaakt van gerecyclede materialen. De legging is volledig squatproof en super stretchy. Voor welke contrast set ga jij?  Model Doete (blond haar) is 1.76 en draagt maat S  Model Sigrid (buin haar) is 1.81 en draagt maat XL\" \/>\n<meta property=\"og:url\" content=\"https:\/\/fittwear.nl\/fr\/produit-2\/legging-contrastant-noir-taupe\/\" \/>\n<meta property=\"og:site_name\" content=\"FITTwear.nl\" \/>\n<meta property=\"article:modified_time\" content=\"2026-04-27T13:32:27+00:00\" \/>\n<meta property=\"og:image\" content=\"https:\/\/fittwear.nl\/wp-content\/uploads\/2022\/05\/contrast-naad-zwart-top_contrast-naad-legging-zwart_legging-voor_jpg_2.jpg\" \/>\n\t<meta property=\"og:image:width\" content=\"1417\" \/>\n\t<meta property=\"og:image:height\" content=\"2126\" \/>\n\t<meta property=\"og:image:type\" content=\"image\/jpeg\" \/>\n<meta name=\"twitter:card\" content=\"summary_large_image\" \/>\n<meta name=\"twitter:label1\" content=\"Dur\u00e9e de lecture estim\u00e9e\" \/>\n\t<meta name=\"twitter:data1\" content=\"1 minute\" \/>\n<script type=\"application\/ld+json\" class=\"yoast-schema-graph\">{\"@context\":\"https:\/\/schema.org\",\"@graph\":[{\"@type\":\"WebPage\",\"@id\":\"https:\/\/fittwear.nl\/product\/contrast-legging-black-taupe\/\",\"url\":\"https:\/\/fittwear.nl\/product\/contrast-legging-black-taupe\/\",\"name\":\"Shape contrast Legging Black - FITTwear.nl\",\"isPartOf\":{\"@id\":\"https:\/\/fittwear.nl\/#website\"},\"primaryImageOfPage\":{\"@id\":\"https:\/\/fittwear.nl\/product\/contrast-legging-black-taupe\/#primaryimage\"},\"image\":{\"@id\":\"https:\/\/fittwear.nl\/product\/contrast-legging-black-taupe\/#primaryimage\"},\"thumbnailUrl\":\"https:\/\/fittwear.nl\/wp-content\/uploads\/2022\/05\/contrast-naad-zwart-top_contrast-naad-legging-zwart_legging-voor_jpg_2.jpg\",\"datePublished\":\"2022-05-23T11:08:39+00:00\",\"dateModified\":\"2026-04-27T13:32:27+00:00\",\"description\":\"Maatvoering: De legging valt op maat. Pak je shine met onze unieke en trendy contrast lijn! Dit nieuwe FITT ontwerp bestaat uit een high waist legging met bijpassende top die in 4 kleuren verkrijgbaar is. Geen zorgen meer over afzakkende leggings want de contrast legging heeft een smalle tailleband waardoor hij absoluut niet afzakt tijdens elke pittige workout! Deze prachtige set heeft contrasterende taupe naden en is gemaakt van gerecyclede materialen. De legging is volledig squatproof en super stretchy. Voor welke contrast set ga jij? Model Doete (blond haar) is 1.76 en draagt maat S Model Sigrid (buin haar) is 1.81 en draagt maat XL\",\"breadcrumb\":{\"@id\":\"https:\/\/fittwear.nl\/product\/contrast-legging-black-taupe\/#breadcrumb\"},\"inLanguage\":\"fr-FR\",\"potentialAction\":[{\"@type\":\"ReadAction\",\"target\":[\"https:\/\/fittwear.nl\/product\/contrast-legging-black-taupe\/\"]}]},{\"@type\":\"ImageObject\",\"inLanguage\":\"fr-FR\",\"@id\":\"https:\/\/fittwear.nl\/product\/contrast-legging-black-taupe\/#primaryimage\",\"url\":\"https:\/\/fittwear.nl\/wp-content\/uploads\/2022\/05\/contrast-naad-zwart-top_contrast-naad-legging-zwart_legging-voor_jpg_2.jpg\",\"contentUrl\":\"https:\/\/fittwear.nl\/wp-content\/uploads\/2022\/05\/contrast-naad-zwart-top_contrast-naad-legging-zwart_legging-voor_jpg_2.jpg\",\"width\":1417,\"height\":2126},{\"@type\":\"BreadcrumbList\",\"@id\":\"https:\/\/fittwear.nl\/product\/contrast-legging-black-taupe\/#breadcrumb\",\"itemListElement\":[{\"@type\":\"ListItem\",\"position\":1,\"name\":\"Home\",\"item\":\"https:\/\/fittwear.nl\/\"},{\"@type\":\"ListItem\",\"position\":2,\"name\":\"Shop\",\"item\":\"https:\/\/fittwear.nl\/shop\/\"},{\"@type\":\"ListItem\",\"position\":3,\"name\":\"Shape contrast Legging Black\"}]},{\"@type\":\"WebSite\",\"@id\":\"https:\/\/fittwear.nl\/#website\",\"url\":\"https:\/\/fittwear.nl\/\",\"name\":\"FITTwear.nl\",\"description\":\"Time to shine!\",\"publisher\":{\"@id\":\"https:\/\/fittwear.nl\/#organization\"},\"potentialAction\":[{\"@type\":\"SearchAction\",\"target\":{\"@type\":\"EntryPoint\",\"urlTemplate\":\"https:\/\/fittwear.nl\/?s={search_term_string}\"},\"query-input\":{\"@type\":\"PropertyValueSpecification\",\"valueRequired\":true,\"valueName\":\"search_term_string\"}}],\"inLanguage\":\"fr-FR\"},{\"@type\":\"Organization\",\"@id\":\"https:\/\/fittwear.nl\/#organization\",\"name\":\"FITTwear.nl\",\"url\":\"https:\/\/fittwear.nl\/\",\"logo\":{\"@type\":\"ImageObject\",\"inLanguage\":\"fr-FR\",\"@id\":\"https:\/\/fittwear.nl\/#\/schema\/logo\/image\/\",\"url\":\"https:\/\/fittwear.nl\/wp-content\/uploads\/2024\/07\/FITT-Logo-BeYOUtiful-website-homepage_Tekengebied-1-scaled.jpg\",\"contentUrl\":\"https:\/\/fittwear.nl\/wp-content\/uploads\/2024\/07\/FITT-Logo-BeYOUtiful-website-homepage_Tekengebied-1-scaled.jpg\",\"width\":2560,\"height\":599,\"caption\":\"FITTwear.nl\"},\"image\":{\"@id\":\"https:\/\/fittwear.nl\/#\/schema\/logo\/image\/\"}}]}<\/script>\n<!-- \/ Yoast SEO plugin. -->","yoast_head_json":{"title":"Legging \u00e0 contraste de forme Noir - FITTwear.co.uk","description":"Taille : les leggings sont fid\u00e8les \u00e0 la taille.  Saisissez votre chance avec notre ligne contrast\u00e9e unique et tendance ! Ce nouveau mod\u00e8le FITT se compose d'un legging \u00e0 taille haute et d'un haut assorti, disponible en 4 couleurs. Vous n'aurez plus \u00e0 vous soucier de l'affaissement des leggings, car les leggings contrast\u00e9s ont une taille \u00e9troite et ne s'affaisseront absolument pas lors d'une s\u00e9ance d'entra\u00eenement intense ! Ce magnifique ensemble pr\u00e9sente des coutures contrast\u00e9es de couleur taupe et est fabriqu\u00e9 \u00e0 partir de mat\u00e9riaux recycl\u00e9s. Les leggings sont enti\u00e8rement r\u00e9sistants aux squats et super extensibles. Quel ensemble contrast\u00e9 choisirez-vous ?  Le mod\u00e8le Doete (cheveux blonds) mesure 1,76 et porte la taille S. Le mod\u00e8le Sigrid (cheveux bruns) mesure 1,81 et porte la taille XL.","robots":{"index":"index","follow":"follow","max-snippet":"max-snippet:-1","max-image-preview":"max-image-preview:large","max-video-preview":"max-video-preview:-1"},"canonical":"https:\/\/fittwear.nl\/fr\/produit-2\/legging-contrastant-noir-taupe\/","og_locale":"fr_FR","og_type":"article","og_title":"Shape contrast Legging Black - FITTwear.nl","og_description":"Maatvoering: De legging valt op maat.  Pak je shine met onze unieke en trendy contrast lijn! Dit nieuwe FITT ontwerp bestaat uit een high waist legging met bijpassende top die in 4 kleuren verkrijgbaar is. Geen zorgen meer over afzakkende leggings want de contrast legging heeft een smalle tailleband waardoor hij absoluut niet afzakt tijdens elke pittige workout! Deze prachtige set heeft contrasterende taupe naden en is gemaakt van gerecyclede materialen. De legging is volledig squatproof en super stretchy. Voor welke contrast set ga jij?  Model Doete (blond haar) is 1.76 en draagt maat S  Model Sigrid (buin haar) is 1.81 en draagt maat XL","og_url":"https:\/\/fittwear.nl\/fr\/produit-2\/legging-contrastant-noir-taupe\/","og_site_name":"FITTwear.nl","article_modified_time":"2026-04-27T13:32:27+00:00","og_image":[{"width":1417,"height":2126,"url":"https:\/\/fittwear.nl\/wp-content\/uploads\/2022\/05\/contrast-naad-zwart-top_contrast-naad-legging-zwart_legging-voor_jpg_2.jpg","type":"image\/jpeg"}],"twitter_card":"summary_large_image","twitter_misc":{"Dur\u00e9e de lecture estim\u00e9e":"1 minute"},"schema":{"@context":"https:\/\/schema.org","@graph":[{"@type":"WebPage","@id":"https:\/\/fittwear.nl\/product\/contrast-legging-black-taupe\/","url":"https:\/\/fittwear.nl\/product\/contrast-legging-black-taupe\/","name":"Legging \u00e0 contraste de forme Noir - FITTwear.co.uk","isPartOf":{"@id":"https:\/\/fittwear.nl\/#website"},"primaryImageOfPage":{"@id":"https:\/\/fittwear.nl\/product\/contrast-legging-black-taupe\/#primaryimage"},"image":{"@id":"https:\/\/fittwear.nl\/product\/contrast-legging-black-taupe\/#primaryimage"},"thumbnailUrl":"https:\/\/fittwear.nl\/wp-content\/uploads\/2022\/05\/contrast-naad-zwart-top_contrast-naad-legging-zwart_legging-voor_jpg_2.jpg","datePublished":"2022-05-23T11:08:39+00:00","dateModified":"2026-04-27T13:32:27+00:00","description":"Taille : les leggings sont fid\u00e8les \u00e0 la taille. Saisissez votre chance avec notre ligne contrast\u00e9e unique et tendance ! Ce nouveau mod\u00e8le FITT se compose d'un legging \u00e0 taille haute et d'un haut assorti, disponible en 4 couleurs. Vous n'aurez plus \u00e0 vous soucier de l'affaissement des leggings, car les leggings contrast\u00e9s ont une taille \u00e9troite et ne s'affaisseront absolument pas pendant les s\u00e9ances d'entra\u00eenement difficiles ! Ce magnifique ensemble pr\u00e9sente des coutures contrast\u00e9es de couleur taupe et est fabriqu\u00e9 \u00e0 partir de mat\u00e9riaux recycl\u00e9s. Les leggings sont enti\u00e8rement r\u00e9sistants aux squats et super extensibles. Quel ensemble contrast\u00e9 choisirez-vous ? Le mod\u00e8le Doete (cheveux blonds) mesure 1,76 et porte la taille S. Le mod\u00e8le Sigrid (cheveux bruns) mesure 1,81 et porte la taille XL.","breadcrumb":{"@id":"https:\/\/fittwear.nl\/product\/contrast-legging-black-taupe\/#breadcrumb"},"inLanguage":"fr-FR","potentialAction":[{"@type":"ReadAction","target":["https:\/\/fittwear.nl\/product\/contrast-legging-black-taupe\/"]}]},{"@type":"ImageObject","inLanguage":"fr-FR","@id":"https:\/\/fittwear.nl\/product\/contrast-legging-black-taupe\/#primaryimage","url":"https:\/\/fittwear.nl\/wp-content\/uploads\/2022\/05\/contrast-naad-zwart-top_contrast-naad-legging-zwart_legging-voor_jpg_2.jpg","contentUrl":"https:\/\/fittwear.nl\/wp-content\/uploads\/2022\/05\/contrast-naad-zwart-top_contrast-naad-legging-zwart_legging-voor_jpg_2.jpg","width":1417,"height":2126},{"@type":"BreadcrumbList","@id":"https:\/\/fittwear.nl\/product\/contrast-legging-black-taupe\/#breadcrumb","itemListElement":[{"@type":"ListItem","position":1,"name":"Home","item":"https:\/\/fittwear.nl\/"},{"@type":"ListItem","position":2,"name":"Shop","item":"https:\/\/fittwear.nl\/shop\/"},{"@type":"ListItem","position":3,"name":"Shape contrast Legging Black"}]},{"@type":"WebSite","@id":"https:\/\/fittwear.nl\/#website","url":"https:\/\/fittwear.nl\/","name":"FITTwear.co.uk","description":"C'est le moment de briller !","publisher":{"@id":"https:\/\/fittwear.nl\/#organization"},"potentialAction":[{"@type":"SearchAction","target":{"@type":"EntryPoint","urlTemplate":"https:\/\/fittwear.nl\/?s={search_term_string}"},"query-input":{"@type":"PropertyValueSpecification","valueRequired":true,"valueName":"search_term_string"}}],"inLanguage":"fr-FR"},{"@type":"Organization","@id":"https:\/\/fittwear.nl\/#organization","name":"FITTwear.co.uk","url":"https:\/\/fittwear.nl\/","logo":{"@type":"ImageObject","inLanguage":"fr-FR","@id":"https:\/\/fittwear.nl\/#\/schema\/logo\/image\/","url":"https:\/\/fittwear.nl\/wp-content\/uploads\/2024\/07\/FITT-Logo-BeYOUtiful-website-homepage_Tekengebied-1-scaled.jpg","contentUrl":"https:\/\/fittwear.nl\/wp-content\/uploads\/2024\/07\/FITT-Logo-BeYOUtiful-website-homepage_Tekengebied-1-scaled.jpg","width":2560,"height":599,"caption":"FITTwear.nl"},"image":{"@id":"https:\/\/fittwear.nl\/#\/schema\/logo\/image\/"}}]}},"_links":{"self":[{"href":"https:\/\/fittwear.nl\/fr\/wp-json\/wp\/v2\/product\/33637","targetHints":{"allow":["GET"]}}],"collection":[{"href":"https:\/\/fittwear.nl\/fr\/wp-json\/wp\/v2\/product"}],"about":[{"href":"https:\/\/fittwear.nl\/fr\/wp-json\/wp\/v2\/types\/product"}],"wp:featuredmedia":[{"embeddable":true,"href":"https:\/\/fittwear.nl\/fr\/wp-json\/wp\/v2\/media\/33806"}],"wp:attachment":[{"href":"https:\/\/fittwear.nl\/fr\/wp-json\/wp\/v2\/media?parent=33637"}],"wp:term":[{"taxonomy":"product_brand","embeddable":true,"href":"https:\/\/fittwear.nl\/fr\/wp-json\/wp\/v2\/product_brand?post=33637"},{"taxonomy":"product_cat","embeddable":true,"href":"https:\/\/fittwear.nl\/fr\/wp-json\/wp\/v2\/product_cat?post=33637"},{"taxonomy":"product_tag","embeddable":true,"href":"https:\/\/fittwear.nl\/fr\/wp-json\/wp\/v2\/product_tag?post=33637"}],"curies":[{"name":"wp","href":"https:\/\/api.w.org\/{rel}","templated":true}]}}