{"id":33643,"date":"2022-05-23T13:12:48","date_gmt":"2022-05-23T11:12:48","guid":{"rendered":"https:\/\/fittwear.nl\/?post_type=product&#038;p=33643"},"modified":"2026-04-27T15:32:28","modified_gmt":"2026-04-27T13:32:28","slug":"contraste-top-noir-taupe","status":"publish","type":"product","link":"https:\/\/fittwear.nl\/fr\/product\/contrast-top-black-taupe\/","title":{"rendered":"Top contrast\u00e9 Noir\/Taupe"},"content":{"rendered":"<p>&#8211; Racerback top<\/p>\n<p>&#8211; Met geborduurd logo op de voorkant<\/p>\n<p>&#8211; Langer model<\/p>\n<p>&#8211; Met uitneembare pads<\/p>\n<p>&#8211; Gemaakt van gerecyclede materialen (80% polyamide, 20% elastaan)<\/p>\n<p>&#8211; Tot 40\u00b0 wasbaar<\/p>\n<p>- Couleur : noir<\/p>","protected":false},"excerpt":{"rendered":"<p>Taille : Nous recommandons de commander une taille plus petite !<\/p>\n<p>Faites-vous remarquer gr\u00e2ce \u00e0 notre ligne de contraste unique et tendance ! Sp\u00e9cialement con\u00e7ue par FITT en Europe, cette ligne se compose d'un legging taille haute et d'un haut assorti, disponibles en 4 couleurs. Ce magnifique ensemble pr\u00e9sente des coutures taupe contrast\u00e9es et est fabriqu\u00e9 \u00e0 partir de mat\u00e9riaux recycl\u00e9s. Le haut est dot\u00e9 de coussinets amovibles et peut donc \u00eatre port\u00e9 sans soutien-gorge. Quel ensemble contrast\u00e9 choisirez-vous ?<\/p>\n<p><strong>Le mod\u00e8le Doete (cheveux blonds) mesure 1,76 et porte la taille XS.<\/strong><\/p>\n<p><strong>Le mod\u00e8le Sigrid (cheveux bruns) mesure 1.81 et porte la taille XL<\/strong><\/p>","protected":false},"featured_media":33800,"template":"","meta":{"_acf_changed":false},"product_brand":[],"product_cat":[27,54,79,81,113,63],"product_tag":[],"class_list":{"0":"post-33643","1":"product","2":"type-product","3":"status-publish","4":"has-post-thumbnail","6":"product_cat-dames","7":"product_cat-new","8":"product_cat-tanktops-dames","9":"product_cat-crop-tops","10":"product_cat-duurzaam","11":"product_cat-curves","13":"first","14":"outofstock","15":"taxable","16":"shipping-taxable","17":"product-type-variable","18":"has-default-attributes"},"acf":[],"yoast_head":"<!-- This site is optimized with the Yoast SEO plugin v27.1.1 - https:\/\/yoast.com\/product\/yoast-seo-wordpress\/ -->\n<title>Contrast Top Black\/Taupe - FITTwear.nl<\/title>\n<meta name=\"description\" content=\"Maatvoering: We raden je aan een maat kleiner te bestellen!  Pak je shine met onze unieke en trendy contrast lijn! De lijn is speciaal ontworpen door FITT in Europa en bestaat uit een high waist legging met bijpassende top die in 4 kleuren verkrijgbaar is. Deze prachtige set heeft contrasterende taupe naden en is gemaakt van gerecyclede materialen. De top is voorzien van uitneembare pads en daardoor dus zonder bh te dragen. Voor welke contrast set ga jij?  Model Doete (blond haar) is 1.76 en draagt maat XS  Model Sigrid(bruin haar)\u00a0 is 1.81 en draagt maat XL\" \/>\n<meta name=\"robots\" content=\"index, follow, max-snippet:-1, max-image-preview:large, max-video-preview:-1\" \/>\n<link rel=\"canonical\" href=\"https:\/\/fittwear.nl\/fr\/produit-2\/contraste-top-noir-taupe\/\" \/>\n<meta property=\"og:locale\" content=\"fr_FR\" \/>\n<meta property=\"og:type\" content=\"article\" \/>\n<meta property=\"og:title\" content=\"Contrast Top Black\/Taupe - FITTwear.nl\" \/>\n<meta property=\"og:description\" content=\"Maatvoering: We raden je aan een maat kleiner te bestellen!  Pak je shine met onze unieke en trendy contrast lijn! De lijn is speciaal ontworpen door FITT in Europa en bestaat uit een high waist legging met bijpassende top die in 4 kleuren verkrijgbaar is. Deze prachtige set heeft contrasterende taupe naden en is gemaakt van gerecyclede materialen. De top is voorzien van uitneembare pads en daardoor dus zonder bh te dragen. Voor welke contrast set ga jij?  Model Doete (blond haar) is 1.76 en draagt maat XS  Model Sigrid(bruin haar)\u00a0 is 1.81 en draagt maat XL\" \/>\n<meta property=\"og:url\" content=\"https:\/\/fittwear.nl\/fr\/produit-2\/contraste-top-noir-taupe\/\" \/>\n<meta property=\"og:site_name\" content=\"FITTwear.nl\" \/>\n<meta property=\"article:modified_time\" content=\"2026-04-27T13:32:28+00:00\" \/>\n<meta property=\"og:image\" content=\"https:\/\/fittwear.nl\/wp-content\/uploads\/2022\/05\/contrast-naad-zwart-top_contrast-naad-legging-zwart_top_jpg_4.jpg\" \/>\n\t<meta property=\"og:image:width\" content=\"1417\" \/>\n\t<meta property=\"og:image:height\" content=\"2126\" \/>\n\t<meta property=\"og:image:type\" content=\"image\/jpeg\" \/>\n<meta name=\"twitter:card\" content=\"summary_large_image\" \/>\n<meta name=\"twitter:label1\" content=\"Dur\u00e9e de lecture estim\u00e9e\" \/>\n\t<meta name=\"twitter:data1\" content=\"1 minute\" \/>\n<script type=\"application\/ld+json\" class=\"yoast-schema-graph\">{\"@context\":\"https:\/\/schema.org\",\"@graph\":[{\"@type\":\"WebPage\",\"@id\":\"https:\/\/fittwear.nl\/product\/contrast-top-black-taupe\/\",\"url\":\"https:\/\/fittwear.nl\/product\/contrast-top-black-taupe\/\",\"name\":\"Contrast Top Black\/Taupe - FITTwear.nl\",\"isPartOf\":{\"@id\":\"https:\/\/fittwear.nl\/#website\"},\"primaryImageOfPage\":{\"@id\":\"https:\/\/fittwear.nl\/product\/contrast-top-black-taupe\/#primaryimage\"},\"image\":{\"@id\":\"https:\/\/fittwear.nl\/product\/contrast-top-black-taupe\/#primaryimage\"},\"thumbnailUrl\":\"https:\/\/fittwear.nl\/wp-content\/uploads\/2022\/05\/contrast-naad-zwart-top_contrast-naad-legging-zwart_top_jpg_4.jpg\",\"datePublished\":\"2022-05-23T11:12:48+00:00\",\"dateModified\":\"2026-04-27T13:32:28+00:00\",\"description\":\"Maatvoering: We raden je aan een maat kleiner te bestellen! Pak je shine met onze unieke en trendy contrast lijn! De lijn is speciaal ontworpen door FITT in Europa en bestaat uit een high waist legging met bijpassende top die in 4 kleuren verkrijgbaar is. Deze prachtige set heeft contrasterende taupe naden en is gemaakt van gerecyclede materialen. De top is voorzien van uitneembare pads en daardoor dus zonder bh te dragen. Voor welke contrast set ga jij? Model Doete (blond haar) is 1.76 en draagt maat XS Model Sigrid(bruin haar)\u00a0 is 1.81 en draagt maat XL\",\"breadcrumb\":{\"@id\":\"https:\/\/fittwear.nl\/product\/contrast-top-black-taupe\/#breadcrumb\"},\"inLanguage\":\"fr-FR\",\"potentialAction\":[{\"@type\":\"ReadAction\",\"target\":[\"https:\/\/fittwear.nl\/product\/contrast-top-black-taupe\/\"]}]},{\"@type\":\"ImageObject\",\"inLanguage\":\"fr-FR\",\"@id\":\"https:\/\/fittwear.nl\/product\/contrast-top-black-taupe\/#primaryimage\",\"url\":\"https:\/\/fittwear.nl\/wp-content\/uploads\/2022\/05\/contrast-naad-zwart-top_contrast-naad-legging-zwart_top_jpg_4.jpg\",\"contentUrl\":\"https:\/\/fittwear.nl\/wp-content\/uploads\/2022\/05\/contrast-naad-zwart-top_contrast-naad-legging-zwart_top_jpg_4.jpg\",\"width\":1417,\"height\":2126},{\"@type\":\"BreadcrumbList\",\"@id\":\"https:\/\/fittwear.nl\/product\/contrast-top-black-taupe\/#breadcrumb\",\"itemListElement\":[{\"@type\":\"ListItem\",\"position\":1,\"name\":\"Home\",\"item\":\"https:\/\/fittwear.nl\/\"},{\"@type\":\"ListItem\",\"position\":2,\"name\":\"Shop\",\"item\":\"https:\/\/fittwear.nl\/shop\/\"},{\"@type\":\"ListItem\",\"position\":3,\"name\":\"Contrast Top Black\/Taupe\"}]},{\"@type\":\"WebSite\",\"@id\":\"https:\/\/fittwear.nl\/#website\",\"url\":\"https:\/\/fittwear.nl\/\",\"name\":\"FITTwear.nl\",\"description\":\"Time to shine!\",\"publisher\":{\"@id\":\"https:\/\/fittwear.nl\/#organization\"},\"potentialAction\":[{\"@type\":\"SearchAction\",\"target\":{\"@type\":\"EntryPoint\",\"urlTemplate\":\"https:\/\/fittwear.nl\/?s={search_term_string}\"},\"query-input\":{\"@type\":\"PropertyValueSpecification\",\"valueRequired\":true,\"valueName\":\"search_term_string\"}}],\"inLanguage\":\"fr-FR\"},{\"@type\":\"Organization\",\"@id\":\"https:\/\/fittwear.nl\/#organization\",\"name\":\"FITTwear.nl\",\"url\":\"https:\/\/fittwear.nl\/\",\"logo\":{\"@type\":\"ImageObject\",\"inLanguage\":\"fr-FR\",\"@id\":\"https:\/\/fittwear.nl\/#\/schema\/logo\/image\/\",\"url\":\"https:\/\/fittwear.nl\/wp-content\/uploads\/2024\/07\/FITT-Logo-BeYOUtiful-website-homepage_Tekengebied-1-scaled.jpg\",\"contentUrl\":\"https:\/\/fittwear.nl\/wp-content\/uploads\/2024\/07\/FITT-Logo-BeYOUtiful-website-homepage_Tekengebied-1-scaled.jpg\",\"width\":2560,\"height\":599,\"caption\":\"FITTwear.nl\"},\"image\":{\"@id\":\"https:\/\/fittwear.nl\/#\/schema\/logo\/image\/\"}}]}<\/script>\n<!-- \/ Yoast SEO plugin. -->","yoast_head_json":{"title":"Top contrast\u00e9 Noir\/Taupe - FITTwear.fr","description":"Taille : nous recommandons de commander une taille plus petite !  Faites-vous remarquer avec notre ligne contrast\u00e9e, unique et tendance ! Cette ligne a \u00e9t\u00e9 sp\u00e9cialement con\u00e7ue par FITT en Europe et se compose d'un legging taille haute et d'un haut assorti, disponibles en 4 couleurs. Ce magnifique ensemble pr\u00e9sente des coutures taupe contrast\u00e9es et est fabriqu\u00e9 \u00e0 partir de mat\u00e9riaux recycl\u00e9s. Le haut est dot\u00e9 de coussinets amovibles et peut donc \u00eatre port\u00e9 sans soutien-gorge. Quel ensemble contrast\u00e9 choisirez-vous ?  Le mod\u00e8le Doete (cheveux blonds) mesure 1,76 et porte la taille XS Le mod\u00e8le Sigrid (cheveux bruns) mesure 1,81 et porte la taille XL","robots":{"index":"index","follow":"follow","max-snippet":"max-snippet:-1","max-image-preview":"max-image-preview:large","max-video-preview":"max-video-preview:-1"},"canonical":"https:\/\/fittwear.nl\/fr\/produit-2\/contraste-top-noir-taupe\/","og_locale":"fr_FR","og_type":"article","og_title":"Contrast Top Black\/Taupe - FITTwear.nl","og_description":"Maatvoering: We raden je aan een maat kleiner te bestellen!  Pak je shine met onze unieke en trendy contrast lijn! De lijn is speciaal ontworpen door FITT in Europa en bestaat uit een high waist legging met bijpassende top die in 4 kleuren verkrijgbaar is. Deze prachtige set heeft contrasterende taupe naden en is gemaakt van gerecyclede materialen. De top is voorzien van uitneembare pads en daardoor dus zonder bh te dragen. Voor welke contrast set ga jij?  Model Doete (blond haar) is 1.76 en draagt maat XS  Model Sigrid(bruin haar)\u00a0 is 1.81 en draagt maat XL","og_url":"https:\/\/fittwear.nl\/fr\/produit-2\/contraste-top-noir-taupe\/","og_site_name":"FITTwear.nl","article_modified_time":"2026-04-27T13:32:28+00:00","og_image":[{"width":1417,"height":2126,"url":"https:\/\/fittwear.nl\/wp-content\/uploads\/2022\/05\/contrast-naad-zwart-top_contrast-naad-legging-zwart_top_jpg_4.jpg","type":"image\/jpeg"}],"twitter_card":"summary_large_image","twitter_misc":{"Dur\u00e9e de lecture estim\u00e9e":"1 minute"},"schema":{"@context":"https:\/\/schema.org","@graph":[{"@type":"WebPage","@id":"https:\/\/fittwear.nl\/product\/contrast-top-black-taupe\/","url":"https:\/\/fittwear.nl\/product\/contrast-top-black-taupe\/","name":"Top contrast\u00e9 Noir\/Taupe - FITTwear.fr","isPartOf":{"@id":"https:\/\/fittwear.nl\/#website"},"primaryImageOfPage":{"@id":"https:\/\/fittwear.nl\/product\/contrast-top-black-taupe\/#primaryimage"},"image":{"@id":"https:\/\/fittwear.nl\/product\/contrast-top-black-taupe\/#primaryimage"},"thumbnailUrl":"https:\/\/fittwear.nl\/wp-content\/uploads\/2022\/05\/contrast-naad-zwart-top_contrast-naad-legging-zwart_top_jpg_4.jpg","datePublished":"2022-05-23T11:12:48+00:00","dateModified":"2026-04-27T13:32:28+00:00","description":"Taille : nous recommandons de commander une taille plus petite ! Faites-vous remarquer avec notre ligne contrast\u00e9e, unique et tendance ! Cette ligne a \u00e9t\u00e9 sp\u00e9cialement con\u00e7ue par FITT en Europe et se compose d'un legging taille haute et d'un haut assorti, disponibles en 4 couleurs. Ce magnifique ensemble pr\u00e9sente des coutures taupe contrast\u00e9es et est fabriqu\u00e9 \u00e0 partir de mat\u00e9riaux recycl\u00e9s. Le haut est dot\u00e9 de coussinets amovibles et peut donc \u00eatre port\u00e9 sans soutien-gorge. Quel ensemble contrast\u00e9 choisirez-vous ? Le mod\u00e8le Doete (cheveux blonds) mesure 1,76 et porte la taille XS Le mod\u00e8le Sigrid (cheveux bruns) mesure 1,81 et porte la taille XL","breadcrumb":{"@id":"https:\/\/fittwear.nl\/product\/contrast-top-black-taupe\/#breadcrumb"},"inLanguage":"fr-FR","potentialAction":[{"@type":"ReadAction","target":["https:\/\/fittwear.nl\/product\/contrast-top-black-taupe\/"]}]},{"@type":"ImageObject","inLanguage":"fr-FR","@id":"https:\/\/fittwear.nl\/product\/contrast-top-black-taupe\/#primaryimage","url":"https:\/\/fittwear.nl\/wp-content\/uploads\/2022\/05\/contrast-naad-zwart-top_contrast-naad-legging-zwart_top_jpg_4.jpg","contentUrl":"https:\/\/fittwear.nl\/wp-content\/uploads\/2022\/05\/contrast-naad-zwart-top_contrast-naad-legging-zwart_top_jpg_4.jpg","width":1417,"height":2126},{"@type":"BreadcrumbList","@id":"https:\/\/fittwear.nl\/product\/contrast-top-black-taupe\/#breadcrumb","itemListElement":[{"@type":"ListItem","position":1,"name":"Home","item":"https:\/\/fittwear.nl\/"},{"@type":"ListItem","position":2,"name":"Shop","item":"https:\/\/fittwear.nl\/shop\/"},{"@type":"ListItem","position":3,"name":"Contrast Top Black\/Taupe"}]},{"@type":"WebSite","@id":"https:\/\/fittwear.nl\/#website","url":"https:\/\/fittwear.nl\/","name":"FITTwear.co.uk","description":"C'est le moment de briller !","publisher":{"@id":"https:\/\/fittwear.nl\/#organization"},"potentialAction":[{"@type":"SearchAction","target":{"@type":"EntryPoint","urlTemplate":"https:\/\/fittwear.nl\/?s={search_term_string}"},"query-input":{"@type":"PropertyValueSpecification","valueRequired":true,"valueName":"search_term_string"}}],"inLanguage":"fr-FR"},{"@type":"Organization","@id":"https:\/\/fittwear.nl\/#organization","name":"FITTwear.co.uk","url":"https:\/\/fittwear.nl\/","logo":{"@type":"ImageObject","inLanguage":"fr-FR","@id":"https:\/\/fittwear.nl\/#\/schema\/logo\/image\/","url":"https:\/\/fittwear.nl\/wp-content\/uploads\/2024\/07\/FITT-Logo-BeYOUtiful-website-homepage_Tekengebied-1-scaled.jpg","contentUrl":"https:\/\/fittwear.nl\/wp-content\/uploads\/2024\/07\/FITT-Logo-BeYOUtiful-website-homepage_Tekengebied-1-scaled.jpg","width":2560,"height":599,"caption":"FITTwear.nl"},"image":{"@id":"https:\/\/fittwear.nl\/#\/schema\/logo\/image\/"}}]}},"_links":{"self":[{"href":"https:\/\/fittwear.nl\/fr\/wp-json\/wp\/v2\/product\/33643","targetHints":{"allow":["GET"]}}],"collection":[{"href":"https:\/\/fittwear.nl\/fr\/wp-json\/wp\/v2\/product"}],"about":[{"href":"https:\/\/fittwear.nl\/fr\/wp-json\/wp\/v2\/types\/product"}],"wp:featuredmedia":[{"embeddable":true,"href":"https:\/\/fittwear.nl\/fr\/wp-json\/wp\/v2\/media\/33800"}],"wp:attachment":[{"href":"https:\/\/fittwear.nl\/fr\/wp-json\/wp\/v2\/media?parent=33643"}],"wp:term":[{"taxonomy":"product_brand","embeddable":true,"href":"https:\/\/fittwear.nl\/fr\/wp-json\/wp\/v2\/product_brand?post=33643"},{"taxonomy":"product_cat","embeddable":true,"href":"https:\/\/fittwear.nl\/fr\/wp-json\/wp\/v2\/product_cat?post=33643"},{"taxonomy":"product_tag","embeddable":true,"href":"https:\/\/fittwear.nl\/fr\/wp-json\/wp\/v2\/product_tag?post=33643"}],"curies":[{"name":"wp","href":"https:\/\/api.w.org\/{rel}","templated":true}]}}