{"id":34252,"date":"2022-06-01T14:32:47","date_gmt":"2022-06-01T12:32:47","guid":{"rendered":"https:\/\/fittwear.nl\/?post_type=product&#038;p=34252"},"modified":"2026-04-06T12:03:06","modified_gmt":"2026-04-06T10:03:06","slug":"leggings-camo-bleu","status":"publish","type":"product","link":"https:\/\/fittwear.nl\/fr\/product\/camo-legging-blue\/","title":{"rendered":"Legging confort camo bleu"},"content":{"rendered":"<p>Sp\u00e9cifications :<\/p>\n<p>-Legging taille haute avec ceinture c\u00f4tel\u00e9e.<\/p>\n<p>-Sans soudure<\/p>\n<p>-Logo brod\u00e9 au dos du legging.<\/p>\n<p>-Squatproof<\/p>\n<p>-Reste en place et ne s'affaisse pas<\/p>\n<p>-Fait de nylon 72% et de polyester 20%.<\/p>\n<p>-Lavable jusqu'\u00e0 30\u00b0.<\/p>\n<p>-Couleur : Bleu<\/p>","protected":false},"excerpt":{"rendered":"<p><strong>Taille : Les leggings sont de taille normale.<\/strong><\/p>\n<p>Vous cherchez un legging de sport color\u00e9 et cool ? Alors le legging sans couture camo est fait pour vous ! Le legging est fabriqu\u00e9 dans une mati\u00e8re douce et extensible qui vous donnera l'impression d'\u00eatre une seconde peau. Avec sa taille haute c\u00f4tel\u00e9e, il r\u00e9sistera \u00e0 tous les entra\u00eenements difficiles. Les leggings sont enti\u00e8rement r\u00e9sistants aux squats et ont un logo FITT brod\u00e9. Disponible en plusieurs couleurs tendance !<\/p>\n<p><strong>Le mod\u00e8le Donna mesure 1,82 et porte la taille M.<\/strong><\/p>\n<p><strong>Le mod\u00e8le Sigrid mesure 1,82 et porte la taille L.<\/strong><\/p>","protected":false},"featured_media":34258,"template":"","meta":{"_acf_changed":false},"product_brand":[],"product_cat":[4797,4793,27,28,4743,85,84],"product_tag":[],"class_list":{"0":"post-34252","1":"product","2":"type-product","3":"status-publish","4":"has-post-thumbnail","6":"product_cat-blue-waves","7":"product_cat-power-prints","8":"product_cat-dames","9":"product_cat-leggings","10":"product_cat-geen-scrunch","11":"product_cat-seamless","12":"product_cat-prints","14":"first","15":"instock","16":"sale","17":"taxable","18":"shipping-taxable","19":"purchasable","20":"product-type-variable","21":"has-default-attributes"},"acf":[],"yoast_head":"<!-- This site is optimized with the Yoast SEO plugin v27.1.1 - https:\/\/yoast.com\/product\/yoast-seo-wordpress\/ -->\n<title>Camo Comfort Legging Blue - FITTwear.nl<\/title>\n<meta name=\"description\" content=\"De camo legging is gemaakt van een zacht en stretchy materiaal waardoor hij zal aanvoelen als een second skin!\" \/>\n<meta name=\"robots\" content=\"index, follow, max-snippet:-1, max-image-preview:large, max-video-preview:-1\" \/>\n<link rel=\"canonical\" href=\"https:\/\/fittwear.nl\/fr\/produit-2\/leggings-camo-bleu\/\" \/>\n<meta property=\"og:locale\" content=\"fr_FR\" \/>\n<meta property=\"og:type\" content=\"article\" \/>\n<meta property=\"og:title\" content=\"Camo Comfort Legging Blue - FITTwear.nl\" \/>\n<meta property=\"og:description\" content=\"De camo legging is gemaakt van een zacht en stretchy materiaal waardoor hij zal aanvoelen als een second skin!\" \/>\n<meta property=\"og:url\" content=\"https:\/\/fittwear.nl\/fr\/produit-2\/leggings-camo-bleu\/\" \/>\n<meta property=\"og:site_name\" content=\"FITTwear.nl\" \/>\n<meta property=\"article:modified_time\" content=\"2026-04-06T10:03:06+00:00\" \/>\n<meta property=\"og:image\" content=\"https:\/\/fittwear.nl\/wp-content\/uploads\/2022\/06\/camo-legging-blauw_Voorkant-onder_jpg_6.jpg\" \/>\n\t<meta property=\"og:image:width\" content=\"1559\" \/>\n\t<meta property=\"og:image:height\" content=\"2338\" \/>\n\t<meta property=\"og:image:type\" content=\"image\/jpeg\" \/>\n<meta name=\"twitter:card\" content=\"summary_large_image\" \/>\n<meta name=\"twitter:label1\" content=\"Dur\u00e9e de lecture estim\u00e9e\" \/>\n\t<meta name=\"twitter:data1\" content=\"1 minute\" \/>\n<script type=\"application\/ld+json\" class=\"yoast-schema-graph\">{\"@context\":\"https:\/\/schema.org\",\"@graph\":[{\"@type\":\"WebPage\",\"@id\":\"https:\/\/fittwear.nl\/product\/camo-legging-blue\/\",\"url\":\"https:\/\/fittwear.nl\/product\/camo-legging-blue\/\",\"name\":\"Camo Comfort Legging Blue - FITTwear.nl\",\"isPartOf\":{\"@id\":\"https:\/\/fittwear.nl\/#website\"},\"primaryImageOfPage\":{\"@id\":\"https:\/\/fittwear.nl\/product\/camo-legging-blue\/#primaryimage\"},\"image\":{\"@id\":\"https:\/\/fittwear.nl\/product\/camo-legging-blue\/#primaryimage\"},\"thumbnailUrl\":\"https:\/\/fittwear.nl\/wp-content\/uploads\/2022\/06\/camo-legging-blauw_Voorkant-onder_jpg_6.jpg\",\"datePublished\":\"2022-06-01T12:32:47+00:00\",\"dateModified\":\"2026-04-06T10:03:06+00:00\",\"description\":\"De camo legging is gemaakt van een zacht en stretchy materiaal waardoor hij zal aanvoelen als een second skin!\",\"breadcrumb\":{\"@id\":\"https:\/\/fittwear.nl\/product\/camo-legging-blue\/#breadcrumb\"},\"inLanguage\":\"fr-FR\",\"potentialAction\":[{\"@type\":\"ReadAction\",\"target\":[\"https:\/\/fittwear.nl\/product\/camo-legging-blue\/\"]}]},{\"@type\":\"ImageObject\",\"inLanguage\":\"fr-FR\",\"@id\":\"https:\/\/fittwear.nl\/product\/camo-legging-blue\/#primaryimage\",\"url\":\"https:\/\/fittwear.nl\/wp-content\/uploads\/2022\/06\/camo-legging-blauw_Voorkant-onder_jpg_6.jpg\",\"contentUrl\":\"https:\/\/fittwear.nl\/wp-content\/uploads\/2022\/06\/camo-legging-blauw_Voorkant-onder_jpg_6.jpg\",\"width\":1559,\"height\":2338,\"caption\":\"camo blue\"},{\"@type\":\"BreadcrumbList\",\"@id\":\"https:\/\/fittwear.nl\/product\/camo-legging-blue\/#breadcrumb\",\"itemListElement\":[{\"@type\":\"ListItem\",\"position\":1,\"name\":\"Home\",\"item\":\"https:\/\/fittwear.nl\/\"},{\"@type\":\"ListItem\",\"position\":2,\"name\":\"Shop\",\"item\":\"https:\/\/fittwear.nl\/shop\/\"},{\"@type\":\"ListItem\",\"position\":3,\"name\":\"Camo Comfort Legging Blue\"}]},{\"@type\":\"WebSite\",\"@id\":\"https:\/\/fittwear.nl\/#website\",\"url\":\"https:\/\/fittwear.nl\/\",\"name\":\"FITTwear.nl\",\"description\":\"Time to shine!\",\"publisher\":{\"@id\":\"https:\/\/fittwear.nl\/#organization\"},\"potentialAction\":[{\"@type\":\"SearchAction\",\"target\":{\"@type\":\"EntryPoint\",\"urlTemplate\":\"https:\/\/fittwear.nl\/?s={search_term_string}\"},\"query-input\":{\"@type\":\"PropertyValueSpecification\",\"valueRequired\":true,\"valueName\":\"search_term_string\"}}],\"inLanguage\":\"fr-FR\"},{\"@type\":\"Organization\",\"@id\":\"https:\/\/fittwear.nl\/#organization\",\"name\":\"FITTwear.nl\",\"url\":\"https:\/\/fittwear.nl\/\",\"logo\":{\"@type\":\"ImageObject\",\"inLanguage\":\"fr-FR\",\"@id\":\"https:\/\/fittwear.nl\/#\/schema\/logo\/image\/\",\"url\":\"https:\/\/fittwear.nl\/wp-content\/uploads\/2024\/07\/FITT-Logo-BeYOUtiful-website-homepage_Tekengebied-1-scaled.jpg\",\"contentUrl\":\"https:\/\/fittwear.nl\/wp-content\/uploads\/2024\/07\/FITT-Logo-BeYOUtiful-website-homepage_Tekengebied-1-scaled.jpg\",\"width\":2560,\"height\":599,\"caption\":\"FITTwear.nl\"},\"image\":{\"@id\":\"https:\/\/fittwear.nl\/#\/schema\/logo\/image\/\"}}]}<\/script>\n<!-- \/ Yoast SEO plugin. -->","yoast_head_json":{"title":"Camo Comfort Legging Bleu - FITTwear.co.uk","description":"Le legging camouflage est fabriqu\u00e9 dans une mati\u00e8re douce et extensible, de sorte que vous vous sentirez comme une seconde peau !","robots":{"index":"index","follow":"follow","max-snippet":"max-snippet:-1","max-image-preview":"max-image-preview:large","max-video-preview":"max-video-preview:-1"},"canonical":"https:\/\/fittwear.nl\/fr\/produit-2\/leggings-camo-bleu\/","og_locale":"fr_FR","og_type":"article","og_title":"Camo Comfort Legging Blue - FITTwear.nl","og_description":"De camo legging is gemaakt van een zacht en stretchy materiaal waardoor hij zal aanvoelen als een second skin!","og_url":"https:\/\/fittwear.nl\/fr\/produit-2\/leggings-camo-bleu\/","og_site_name":"FITTwear.nl","article_modified_time":"2026-04-06T10:03:06+00:00","og_image":[{"width":1559,"height":2338,"url":"https:\/\/fittwear.nl\/wp-content\/uploads\/2022\/06\/camo-legging-blauw_Voorkant-onder_jpg_6.jpg","type":"image\/jpeg"}],"twitter_card":"summary_large_image","twitter_misc":{"Dur\u00e9e de lecture estim\u00e9e":"1 minute"},"schema":{"@context":"https:\/\/schema.org","@graph":[{"@type":"WebPage","@id":"https:\/\/fittwear.nl\/product\/camo-legging-blue\/","url":"https:\/\/fittwear.nl\/product\/camo-legging-blue\/","name":"Camo Comfort Legging Bleu - FITTwear.co.uk","isPartOf":{"@id":"https:\/\/fittwear.nl\/#website"},"primaryImageOfPage":{"@id":"https:\/\/fittwear.nl\/product\/camo-legging-blue\/#primaryimage"},"image":{"@id":"https:\/\/fittwear.nl\/product\/camo-legging-blue\/#primaryimage"},"thumbnailUrl":"https:\/\/fittwear.nl\/wp-content\/uploads\/2022\/06\/camo-legging-blauw_Voorkant-onder_jpg_6.jpg","datePublished":"2022-06-01T12:32:47+00:00","dateModified":"2026-04-06T10:03:06+00:00","description":"Le legging camouflage est fabriqu\u00e9 dans une mati\u00e8re douce et extensible, de sorte que vous vous sentirez comme une seconde peau !","breadcrumb":{"@id":"https:\/\/fittwear.nl\/product\/camo-legging-blue\/#breadcrumb"},"inLanguage":"fr-FR","potentialAction":[{"@type":"ReadAction","target":["https:\/\/fittwear.nl\/product\/camo-legging-blue\/"]}]},{"@type":"ImageObject","inLanguage":"fr-FR","@id":"https:\/\/fittwear.nl\/product\/camo-legging-blue\/#primaryimage","url":"https:\/\/fittwear.nl\/wp-content\/uploads\/2022\/06\/camo-legging-blauw_Voorkant-onder_jpg_6.jpg","contentUrl":"https:\/\/fittwear.nl\/wp-content\/uploads\/2022\/06\/camo-legging-blauw_Voorkant-onder_jpg_6.jpg","width":1559,"height":2338,"caption":"camo blue"},{"@type":"BreadcrumbList","@id":"https:\/\/fittwear.nl\/product\/camo-legging-blue\/#breadcrumb","itemListElement":[{"@type":"ListItem","position":1,"name":"Home","item":"https:\/\/fittwear.nl\/"},{"@type":"ListItem","position":2,"name":"Shop","item":"https:\/\/fittwear.nl\/shop\/"},{"@type":"ListItem","position":3,"name":"Camo Comfort Legging Blue"}]},{"@type":"WebSite","@id":"https:\/\/fittwear.nl\/#website","url":"https:\/\/fittwear.nl\/","name":"FITTwear.co.uk","description":"C'est le moment de briller !","publisher":{"@id":"https:\/\/fittwear.nl\/#organization"},"potentialAction":[{"@type":"SearchAction","target":{"@type":"EntryPoint","urlTemplate":"https:\/\/fittwear.nl\/?s={search_term_string}"},"query-input":{"@type":"PropertyValueSpecification","valueRequired":true,"valueName":"search_term_string"}}],"inLanguage":"fr-FR"},{"@type":"Organization","@id":"https:\/\/fittwear.nl\/#organization","name":"FITTwear.co.uk","url":"https:\/\/fittwear.nl\/","logo":{"@type":"ImageObject","inLanguage":"fr-FR","@id":"https:\/\/fittwear.nl\/#\/schema\/logo\/image\/","url":"https:\/\/fittwear.nl\/wp-content\/uploads\/2024\/07\/FITT-Logo-BeYOUtiful-website-homepage_Tekengebied-1-scaled.jpg","contentUrl":"https:\/\/fittwear.nl\/wp-content\/uploads\/2024\/07\/FITT-Logo-BeYOUtiful-website-homepage_Tekengebied-1-scaled.jpg","width":2560,"height":599,"caption":"FITTwear.nl"},"image":{"@id":"https:\/\/fittwear.nl\/#\/schema\/logo\/image\/"}}]}},"_links":{"self":[{"href":"https:\/\/fittwear.nl\/fr\/wp-json\/wp\/v2\/product\/34252","targetHints":{"allow":["GET"]}}],"collection":[{"href":"https:\/\/fittwear.nl\/fr\/wp-json\/wp\/v2\/product"}],"about":[{"href":"https:\/\/fittwear.nl\/fr\/wp-json\/wp\/v2\/types\/product"}],"wp:featuredmedia":[{"embeddable":true,"href":"https:\/\/fittwear.nl\/fr\/wp-json\/wp\/v2\/media\/34258"}],"wp:attachment":[{"href":"https:\/\/fittwear.nl\/fr\/wp-json\/wp\/v2\/media?parent=34252"}],"wp:term":[{"taxonomy":"product_brand","embeddable":true,"href":"https:\/\/fittwear.nl\/fr\/wp-json\/wp\/v2\/product_brand?post=34252"},{"taxonomy":"product_cat","embeddable":true,"href":"https:\/\/fittwear.nl\/fr\/wp-json\/wp\/v2\/product_cat?post=34252"},{"taxonomy":"product_tag","embeddable":true,"href":"https:\/\/fittwear.nl\/fr\/wp-json\/wp\/v2\/product_tag?post=34252"}],"curies":[{"name":"wp","href":"https:\/\/api.w.org\/{rel}","templated":true}]}}