{"id":34275,"date":"2022-06-01T15:34:46","date_gmt":"2022-06-01T13:34:46","guid":{"rendered":"https:\/\/fittwear.nl\/?post_type=product&#038;p=34275"},"modified":"2026-04-17T01:45:30","modified_gmt":"2026-04-16T23:45:30","slug":"courbe-legging-olive","status":"publish","type":"product","link":"https:\/\/fittwear.nl\/fr\/product\/curve-legging-olive\/","title":{"rendered":"Curve Legging Olive"},"content":{"rendered":"<p>-Legging taille haute avec ceinture c\u00f4tel\u00e9e.<\/p>\n<p>-Sans soudure<\/p>\n<p>-Logo brod\u00e9 au dos du legging.<\/p>\n<p>-Reste en place et ne glisse pas<\/p>\n<p>-Fait de nylon 90% et de spandex 10%.<\/p>\n<p>-Lavable jusqu'\u00e0 30\u00b0.<\/p>\n<p>-Couleur : Olive<\/p>","protected":false},"excerpt":{"rendered":"<p><strong>Tailles : C'est spacieux, nous vous recommandons de commander une taille en dessous !\u00a0<\/strong><\/p>\n<p>Les leggings sans coutures curve sont les leggings parfaits pour n'importe quel entra\u00eenement ! Fabriqu\u00e9 enti\u00e8rement dans une mati\u00e8re sans couture et extensible, il est super confortable. Les lignes de contour sur les cuisses et le bas des fesses permettent d'accentuer vos formes naturelles. Le legging est dot\u00e9 d'une taille c\u00f4tel\u00e9e pour assurer un bon maintien et se poursuit en forme de V \u00e0 l'arri\u00e8re pour faire ressortir encore plus vos fesses.<\/p>\n<p><strong>Le mod\u00e8le Sigrid mesure 1,81 et porte la taille L.<\/strong><\/p>","protected":false},"featured_media":42832,"template":"","meta":{"_acf_changed":false},"product_brand":[],"product_cat":[63,27,86,4743,28,54,85],"product_tag":[],"class_list":{"0":"post-34275","1":"product","2":"type-product","3":"status-publish","4":"has-post-thumbnail","6":"product_cat-curves","7":"product_cat-dames","8":"product_cat-effen","9":"product_cat-geen-scrunch","10":"product_cat-leggings","11":"product_cat-new","12":"product_cat-seamless","14":"first","15":"outofstock","16":"taxable","17":"shipping-taxable","18":"product-type-variable","19":"has-default-attributes"},"acf":[],"yoast_head":"<!-- This site is optimized with the Yoast SEO plugin v27.1.1 - https:\/\/yoast.com\/product\/yoast-seo-wordpress\/ -->\n<title>Curve Legging Olive - FITTwear.nl<\/title>\n<meta name=\"description\" content=\"De contour lijnen op de bovenbenen en onder bij de billen zorgen ervoor dat jouw natuurlijke vormen worden geaccentueerd.\" \/>\n<meta name=\"robots\" content=\"index, follow, max-snippet:-1, max-image-preview:large, max-video-preview:-1\" \/>\n<link rel=\"canonical\" href=\"https:\/\/fittwear.nl\/fr\/produit-2\/courbe-legging-olive\/\" \/>\n<meta property=\"og:locale\" content=\"fr_FR\" \/>\n<meta property=\"og:type\" content=\"article\" \/>\n<meta property=\"og:title\" content=\"Curve Legging Olive - FITTwear.nl\" \/>\n<meta property=\"og:description\" content=\"De contour lijnen op de bovenbenen en onder bij de billen zorgen ervoor dat jouw natuurlijke vormen worden geaccentueerd.\" \/>\n<meta property=\"og:url\" content=\"https:\/\/fittwear.nl\/fr\/produit-2\/courbe-legging-olive\/\" \/>\n<meta property=\"og:site_name\" content=\"FITTwear.nl\" \/>\n<meta property=\"article:modified_time\" content=\"2026-04-16T23:45:30+00:00\" \/>\n<meta property=\"og:image\" content=\"https:\/\/fittwear.nl\/wp-content\/uploads\/2022\/06\/curve-groen_Voorkant-onder_jpg_4.jpg\" \/>\n\t<meta property=\"og:image:width\" content=\"1200\" \/>\n\t<meta property=\"og:image:height\" content=\"1800\" \/>\n\t<meta property=\"og:image:type\" content=\"image\/jpeg\" \/>\n<meta name=\"twitter:card\" content=\"summary_large_image\" \/>\n<meta name=\"twitter:label1\" content=\"Dur\u00e9e de lecture estim\u00e9e\" \/>\n\t<meta name=\"twitter:data1\" content=\"1 minute\" \/>\n<script type=\"application\/ld+json\" class=\"yoast-schema-graph\">{\"@context\":\"https:\/\/schema.org\",\"@graph\":[{\"@type\":\"WebPage\",\"@id\":\"https:\/\/fittwear.nl\/product\/curve-legging-olive\/\",\"url\":\"https:\/\/fittwear.nl\/product\/curve-legging-olive\/\",\"name\":\"Curve Legging Olive - FITTwear.nl\",\"isPartOf\":{\"@id\":\"https:\/\/fittwear.nl\/#website\"},\"primaryImageOfPage\":{\"@id\":\"https:\/\/fittwear.nl\/product\/curve-legging-olive\/#primaryimage\"},\"image\":{\"@id\":\"https:\/\/fittwear.nl\/product\/curve-legging-olive\/#primaryimage\"},\"thumbnailUrl\":\"https:\/\/fittwear.nl\/wp-content\/uploads\/2022\/06\/curve-groen_Voorkant-onder_jpg_4.jpg\",\"datePublished\":\"2022-06-01T13:34:46+00:00\",\"dateModified\":\"2026-04-16T23:45:30+00:00\",\"description\":\"De contour lijnen op de bovenbenen en onder bij de billen zorgen ervoor dat jouw natuurlijke vormen worden geaccentueerd.\",\"breadcrumb\":{\"@id\":\"https:\/\/fittwear.nl\/product\/curve-legging-olive\/#breadcrumb\"},\"inLanguage\":\"fr-FR\",\"potentialAction\":[{\"@type\":\"ReadAction\",\"target\":[\"https:\/\/fittwear.nl\/product\/curve-legging-olive\/\"]}]},{\"@type\":\"ImageObject\",\"inLanguage\":\"fr-FR\",\"@id\":\"https:\/\/fittwear.nl\/product\/curve-legging-olive\/#primaryimage\",\"url\":\"https:\/\/fittwear.nl\/wp-content\/uploads\/2022\/06\/curve-groen_Voorkant-onder_jpg_4.jpg\",\"contentUrl\":\"https:\/\/fittwear.nl\/wp-content\/uploads\/2022\/06\/curve-groen_Voorkant-onder_jpg_4.jpg\",\"width\":1200,\"height\":1800},{\"@type\":\"BreadcrumbList\",\"@id\":\"https:\/\/fittwear.nl\/product\/curve-legging-olive\/#breadcrumb\",\"itemListElement\":[{\"@type\":\"ListItem\",\"position\":1,\"name\":\"Home\",\"item\":\"https:\/\/fittwear.nl\/\"},{\"@type\":\"ListItem\",\"position\":2,\"name\":\"Shop\",\"item\":\"https:\/\/fittwear.nl\/shop\/\"},{\"@type\":\"ListItem\",\"position\":3,\"name\":\"Curve Legging Olive\"}]},{\"@type\":\"WebSite\",\"@id\":\"https:\/\/fittwear.nl\/#website\",\"url\":\"https:\/\/fittwear.nl\/\",\"name\":\"FITTwear.nl\",\"description\":\"Time to shine!\",\"publisher\":{\"@id\":\"https:\/\/fittwear.nl\/#organization\"},\"potentialAction\":[{\"@type\":\"SearchAction\",\"target\":{\"@type\":\"EntryPoint\",\"urlTemplate\":\"https:\/\/fittwear.nl\/?s={search_term_string}\"},\"query-input\":{\"@type\":\"PropertyValueSpecification\",\"valueRequired\":true,\"valueName\":\"search_term_string\"}}],\"inLanguage\":\"fr-FR\"},{\"@type\":\"Organization\",\"@id\":\"https:\/\/fittwear.nl\/#organization\",\"name\":\"FITTwear.nl\",\"url\":\"https:\/\/fittwear.nl\/\",\"logo\":{\"@type\":\"ImageObject\",\"inLanguage\":\"fr-FR\",\"@id\":\"https:\/\/fittwear.nl\/#\/schema\/logo\/image\/\",\"url\":\"https:\/\/fittwear.nl\/wp-content\/uploads\/2024\/07\/FITT-Logo-BeYOUtiful-website-homepage_Tekengebied-1-scaled.jpg\",\"contentUrl\":\"https:\/\/fittwear.nl\/wp-content\/uploads\/2024\/07\/FITT-Logo-BeYOUtiful-website-homepage_Tekengebied-1-scaled.jpg\",\"width\":2560,\"height\":599,\"caption\":\"FITTwear.nl\"},\"image\":{\"@id\":\"https:\/\/fittwear.nl\/#\/schema\/logo\/image\/\"}}]}<\/script>\n<!-- \/ Yoast SEO plugin. -->","yoast_head_json":{"title":"Legging Curve Olive - FITTwear.co.uk","description":"Les lignes de contour sur les cuisses et le bas des fesses permettent d'accentuer vos formes naturelles.","robots":{"index":"index","follow":"follow","max-snippet":"max-snippet:-1","max-image-preview":"max-image-preview:large","max-video-preview":"max-video-preview:-1"},"canonical":"https:\/\/fittwear.nl\/fr\/produit-2\/courbe-legging-olive\/","og_locale":"fr_FR","og_type":"article","og_title":"Curve Legging Olive - FITTwear.nl","og_description":"De contour lijnen op de bovenbenen en onder bij de billen zorgen ervoor dat jouw natuurlijke vormen worden geaccentueerd.","og_url":"https:\/\/fittwear.nl\/fr\/produit-2\/courbe-legging-olive\/","og_site_name":"FITTwear.nl","article_modified_time":"2026-04-16T23:45:30+00:00","og_image":[{"width":1200,"height":1800,"url":"https:\/\/fittwear.nl\/wp-content\/uploads\/2022\/06\/curve-groen_Voorkant-onder_jpg_4.jpg","type":"image\/jpeg"}],"twitter_card":"summary_large_image","twitter_misc":{"Dur\u00e9e de lecture estim\u00e9e":"1 minute"},"schema":{"@context":"https:\/\/schema.org","@graph":[{"@type":"WebPage","@id":"https:\/\/fittwear.nl\/product\/curve-legging-olive\/","url":"https:\/\/fittwear.nl\/product\/curve-legging-olive\/","name":"Legging Curve Olive - FITTwear.co.uk","isPartOf":{"@id":"https:\/\/fittwear.nl\/#website"},"primaryImageOfPage":{"@id":"https:\/\/fittwear.nl\/product\/curve-legging-olive\/#primaryimage"},"image":{"@id":"https:\/\/fittwear.nl\/product\/curve-legging-olive\/#primaryimage"},"thumbnailUrl":"https:\/\/fittwear.nl\/wp-content\/uploads\/2022\/06\/curve-groen_Voorkant-onder_jpg_4.jpg","datePublished":"2022-06-01T13:34:46+00:00","dateModified":"2026-04-16T23:45:30+00:00","description":"Les lignes de contour sur les cuisses et le bas des fesses permettent d'accentuer vos formes naturelles.","breadcrumb":{"@id":"https:\/\/fittwear.nl\/product\/curve-legging-olive\/#breadcrumb"},"inLanguage":"fr-FR","potentialAction":[{"@type":"ReadAction","target":["https:\/\/fittwear.nl\/product\/curve-legging-olive\/"]}]},{"@type":"ImageObject","inLanguage":"fr-FR","@id":"https:\/\/fittwear.nl\/product\/curve-legging-olive\/#primaryimage","url":"https:\/\/fittwear.nl\/wp-content\/uploads\/2022\/06\/curve-groen_Voorkant-onder_jpg_4.jpg","contentUrl":"https:\/\/fittwear.nl\/wp-content\/uploads\/2022\/06\/curve-groen_Voorkant-onder_jpg_4.jpg","width":1200,"height":1800},{"@type":"BreadcrumbList","@id":"https:\/\/fittwear.nl\/product\/curve-legging-olive\/#breadcrumb","itemListElement":[{"@type":"ListItem","position":1,"name":"Home","item":"https:\/\/fittwear.nl\/"},{"@type":"ListItem","position":2,"name":"Shop","item":"https:\/\/fittwear.nl\/shop\/"},{"@type":"ListItem","position":3,"name":"Curve Legging Olive"}]},{"@type":"WebSite","@id":"https:\/\/fittwear.nl\/#website","url":"https:\/\/fittwear.nl\/","name":"FITTwear.co.uk","description":"C'est le moment de briller !","publisher":{"@id":"https:\/\/fittwear.nl\/#organization"},"potentialAction":[{"@type":"SearchAction","target":{"@type":"EntryPoint","urlTemplate":"https:\/\/fittwear.nl\/?s={search_term_string}"},"query-input":{"@type":"PropertyValueSpecification","valueRequired":true,"valueName":"search_term_string"}}],"inLanguage":"fr-FR"},{"@type":"Organization","@id":"https:\/\/fittwear.nl\/#organization","name":"FITTwear.co.uk","url":"https:\/\/fittwear.nl\/","logo":{"@type":"ImageObject","inLanguage":"fr-FR","@id":"https:\/\/fittwear.nl\/#\/schema\/logo\/image\/","url":"https:\/\/fittwear.nl\/wp-content\/uploads\/2024\/07\/FITT-Logo-BeYOUtiful-website-homepage_Tekengebied-1-scaled.jpg","contentUrl":"https:\/\/fittwear.nl\/wp-content\/uploads\/2024\/07\/FITT-Logo-BeYOUtiful-website-homepage_Tekengebied-1-scaled.jpg","width":2560,"height":599,"caption":"FITTwear.nl"},"image":{"@id":"https:\/\/fittwear.nl\/#\/schema\/logo\/image\/"}}]}},"_links":{"self":[{"href":"https:\/\/fittwear.nl\/fr\/wp-json\/wp\/v2\/product\/34275","targetHints":{"allow":["GET"]}}],"collection":[{"href":"https:\/\/fittwear.nl\/fr\/wp-json\/wp\/v2\/product"}],"about":[{"href":"https:\/\/fittwear.nl\/fr\/wp-json\/wp\/v2\/types\/product"}],"wp:featuredmedia":[{"embeddable":true,"href":"https:\/\/fittwear.nl\/fr\/wp-json\/wp\/v2\/media\/42832"}],"wp:attachment":[{"href":"https:\/\/fittwear.nl\/fr\/wp-json\/wp\/v2\/media?parent=34275"}],"wp:term":[{"taxonomy":"product_brand","embeddable":true,"href":"https:\/\/fittwear.nl\/fr\/wp-json\/wp\/v2\/product_brand?post=34275"},{"taxonomy":"product_cat","embeddable":true,"href":"https:\/\/fittwear.nl\/fr\/wp-json\/wp\/v2\/product_cat?post=34275"},{"taxonomy":"product_tag","embeddable":true,"href":"https:\/\/fittwear.nl\/fr\/wp-json\/wp\/v2\/product_tag?post=34275"}],"curies":[{"name":"wp","href":"https:\/\/api.w.org\/{rel}","templated":true}]}}