{"id":35416,"date":"2022-06-22T10:54:51","date_gmt":"2022-06-22T08:54:51","guid":{"rendered":"https:\/\/fittwear.nl\/?post_type=product&#038;p=35416"},"modified":"2026-04-06T12:02:48","modified_gmt":"2026-04-06T10:02:48","slug":"confort-camo-short-armee","status":"publish","type":"product","link":"https:\/\/fittwear.nl\/fr\/product\/comfort-camo-shorts-army\/","title":{"rendered":"Camo Comfort Shorts Army"},"content":{"rendered":"<p>-Short \u00e0 taille haute avec ceinture c\u00f4tel\u00e9e.<\/p>\n<p>-Sans soudure<\/p>\n<p>-Logo brod\u00e9 \u00e0 l'arri\u00e8re du short.<\/p>\n<p>-Squatproof<\/p>\n<p>-Reste en place et ne s'affaisse pas<\/p>\n<p>-Fabriqu\u00e9 en nylon 72%, polyester 20% et spandex 8%.<\/p>\n<p>-Lavable jusqu'\u00e0 30\u00b0.<\/p>\n<p>-Couleur : Vert Arm\u00e9e<\/p>","protected":false},"excerpt":{"rendered":"<p>L'\u00e9t\u00e9 est l\u00e0 ! Il est donc temps de porter des shorts color\u00e9s ! Le short confort camo est fabriqu\u00e9 dans une mati\u00e8re douce et extensible et pr\u00e9sente un motif camo. La taille haute c\u00f4tel\u00e9e lui permet de r\u00e9sister \u00e0 tous les entra\u00eenements. Le short est enti\u00e8rement r\u00e9sistant aux squats et comporte un logo FITT brod\u00e9 dans le dos. Disponible en plusieurs couleurs tendance !<\/p>","protected":false},"featured_media":35422,"template":"","meta":{"_acf_changed":false},"product_brand":[],"product_cat":[4793,27,93,4744,114],"product_tag":[],"class_list":{"0":"post-35416","1":"product","2":"type-product","3":"status-publish","4":"has-post-thumbnail","6":"product_cat-power-prints","7":"product_cat-dames","8":"product_cat-shorts","9":"product_cat-geen-scrunch-shorts","10":"product_cat-best-sellers","12":"first","13":"instock","14":"taxable","15":"shipping-taxable","16":"purchasable","17":"product-type-variable","18":"has-default-attributes"},"acf":[],"yoast_head":"<!-- This site is optimized with the Yoast SEO plugin v27.1.1 - https:\/\/yoast.com\/product\/yoast-seo-wordpress\/ -->\n<title>Camo Comfort Shorts Army - Shorts - FITTwear.nl<\/title>\n<meta name=\"description\" content=\"Summer is here! Dat betekent tijd voor kleurrijke shorts! De camo comfort broekjes zijn gemaakt van een zacht en stretchy materiaal en hebben een camo design. Door de geribbelde highwaist band zal hij elke pittige workout doorstaan. De short is volledig squatproof en heeft een geborduurd FITT logo op de achterkant. Beschikbaar in meerdere trendy kleuren!\" \/>\n<meta name=\"robots\" content=\"index, follow, max-snippet:-1, max-image-preview:large, max-video-preview:-1\" \/>\n<link rel=\"canonical\" href=\"https:\/\/fittwear.nl\/fr\/produit-2\/confort-camo-short-armee\/\" \/>\n<meta property=\"og:locale\" content=\"fr_FR\" \/>\n<meta property=\"og:type\" content=\"article\" \/>\n<meta property=\"og:title\" content=\"Camo Comfort Shorts Army - Shorts - FITTwear.nl\" \/>\n<meta property=\"og:description\" content=\"Summer is here! Dat betekent tijd voor kleurrijke shorts! De camo comfort broekjes zijn gemaakt van een zacht en stretchy materiaal en hebben een camo design. Door de geribbelde highwaist band zal hij elke pittige workout doorstaan. De short is volledig squatproof en heeft een geborduurd FITT logo op de achterkant. Beschikbaar in meerdere trendy kleuren!\" \/>\n<meta property=\"og:url\" content=\"https:\/\/fittwear.nl\/fr\/produit-2\/confort-camo-short-armee\/\" \/>\n<meta property=\"og:site_name\" content=\"FITTwear.nl\" \/>\n<meta property=\"article:modified_time\" content=\"2026-04-06T10:02:48+00:00\" \/>\n<meta property=\"og:image\" content=\"https:\/\/fittwear.nl\/wp-content\/uploads\/2022\/06\/camo-short-groen_Voorkant-onder_jpg_3.jpg\" \/>\n\t<meta property=\"og:image:width\" content=\"1559\" \/>\n\t<meta property=\"og:image:height\" content=\"2339\" \/>\n\t<meta property=\"og:image:type\" content=\"image\/jpeg\" \/>\n<meta name=\"twitter:card\" content=\"summary_large_image\" \/>\n<meta name=\"twitter:label1\" content=\"Dur\u00e9e de lecture estim\u00e9e\" \/>\n\t<meta name=\"twitter:data1\" content=\"1 minute\" \/>\n<script type=\"application\/ld+json\" class=\"yoast-schema-graph\">{\"@context\":\"https:\/\/schema.org\",\"@graph\":[{\"@type\":\"WebPage\",\"@id\":\"https:\/\/fittwear.nl\/product\/comfort-camo-shorts-army\/\",\"url\":\"https:\/\/fittwear.nl\/product\/comfort-camo-shorts-army\/\",\"name\":\"Camo Comfort Shorts Army - Shorts - FITTwear.nl\",\"isPartOf\":{\"@id\":\"https:\/\/fittwear.nl\/#website\"},\"primaryImageOfPage\":{\"@id\":\"https:\/\/fittwear.nl\/product\/comfort-camo-shorts-army\/#primaryimage\"},\"image\":{\"@id\":\"https:\/\/fittwear.nl\/product\/comfort-camo-shorts-army\/#primaryimage\"},\"thumbnailUrl\":\"https:\/\/fittwear.nl\/wp-content\/uploads\/2022\/06\/camo-short-groen_Voorkant-onder_jpg_3.jpg\",\"datePublished\":\"2022-06-22T08:54:51+00:00\",\"dateModified\":\"2026-04-06T10:02:48+00:00\",\"description\":\"Summer is here! Dat betekent tijd voor kleurrijke shorts! De camo comfort broekjes zijn gemaakt van een zacht en stretchy materiaal en hebben een camo design. Door de geribbelde highwaist band zal hij elke pittige workout doorstaan. De short is volledig squatproof en heeft een geborduurd FITT logo op de achterkant. Beschikbaar in meerdere trendy kleuren!\",\"breadcrumb\":{\"@id\":\"https:\/\/fittwear.nl\/product\/comfort-camo-shorts-army\/#breadcrumb\"},\"inLanguage\":\"fr-FR\",\"potentialAction\":[{\"@type\":\"ReadAction\",\"target\":[\"https:\/\/fittwear.nl\/product\/comfort-camo-shorts-army\/\"]}]},{\"@type\":\"ImageObject\",\"inLanguage\":\"fr-FR\",\"@id\":\"https:\/\/fittwear.nl\/product\/comfort-camo-shorts-army\/#primaryimage\",\"url\":\"https:\/\/fittwear.nl\/wp-content\/uploads\/2022\/06\/camo-short-groen_Voorkant-onder_jpg_3.jpg\",\"contentUrl\":\"https:\/\/fittwear.nl\/wp-content\/uploads\/2022\/06\/camo-short-groen_Voorkant-onder_jpg_3.jpg\",\"width\":1559,\"height\":2339},{\"@type\":\"BreadcrumbList\",\"@id\":\"https:\/\/fittwear.nl\/product\/comfort-camo-shorts-army\/#breadcrumb\",\"itemListElement\":[{\"@type\":\"ListItem\",\"position\":1,\"name\":\"Home\",\"item\":\"https:\/\/fittwear.nl\/\"},{\"@type\":\"ListItem\",\"position\":2,\"name\":\"Shop\",\"item\":\"https:\/\/fittwear.nl\/shop\/\"},{\"@type\":\"ListItem\",\"position\":3,\"name\":\"Camo Comfort Shorts Army\"}]},{\"@type\":\"WebSite\",\"@id\":\"https:\/\/fittwear.nl\/#website\",\"url\":\"https:\/\/fittwear.nl\/\",\"name\":\"FITTwear.nl\",\"description\":\"Time to shine!\",\"publisher\":{\"@id\":\"https:\/\/fittwear.nl\/#organization\"},\"potentialAction\":[{\"@type\":\"SearchAction\",\"target\":{\"@type\":\"EntryPoint\",\"urlTemplate\":\"https:\/\/fittwear.nl\/?s={search_term_string}\"},\"query-input\":{\"@type\":\"PropertyValueSpecification\",\"valueRequired\":true,\"valueName\":\"search_term_string\"}}],\"inLanguage\":\"fr-FR\"},{\"@type\":\"Organization\",\"@id\":\"https:\/\/fittwear.nl\/#organization\",\"name\":\"FITTwear.nl\",\"url\":\"https:\/\/fittwear.nl\/\",\"logo\":{\"@type\":\"ImageObject\",\"inLanguage\":\"fr-FR\",\"@id\":\"https:\/\/fittwear.nl\/#\/schema\/logo\/image\/\",\"url\":\"https:\/\/fittwear.nl\/wp-content\/uploads\/2024\/07\/FITT-Logo-BeYOUtiful-website-homepage_Tekengebied-1-scaled.jpg\",\"contentUrl\":\"https:\/\/fittwear.nl\/wp-content\/uploads\/2024\/07\/FITT-Logo-BeYOUtiful-website-homepage_Tekengebied-1-scaled.jpg\",\"width\":2560,\"height\":599,\"caption\":\"FITTwear.nl\"},\"image\":{\"@id\":\"https:\/\/fittwear.nl\/#\/schema\/logo\/image\/\"}}]}<\/script>\n<!-- \/ Yoast SEO plugin. -->","yoast_head_json":{"title":"Short Camo Comfort Army - Shorts - FITTwear.nl","description":"L'\u00e9t\u00e9 est l\u00e0 ! Il est donc temps de porter des shorts color\u00e9s ! Le short confort camo est fabriqu\u00e9 dans une mati\u00e8re douce et extensible et pr\u00e9sente un motif camo. La taille haute c\u00f4tel\u00e9e lui permet de r\u00e9sister \u00e0 tous les entra\u00eenements. Le short est enti\u00e8rement r\u00e9sistant aux squats et comporte un logo FITT brod\u00e9 dans le dos. Disponible en plusieurs couleurs tendance !","robots":{"index":"index","follow":"follow","max-snippet":"max-snippet:-1","max-image-preview":"max-image-preview:large","max-video-preview":"max-video-preview:-1"},"canonical":"https:\/\/fittwear.nl\/fr\/produit-2\/confort-camo-short-armee\/","og_locale":"fr_FR","og_type":"article","og_title":"Camo Comfort Shorts Army - Shorts - FITTwear.nl","og_description":"Summer is here! Dat betekent tijd voor kleurrijke shorts! De camo comfort broekjes zijn gemaakt van een zacht en stretchy materiaal en hebben een camo design. Door de geribbelde highwaist band zal hij elke pittige workout doorstaan. De short is volledig squatproof en heeft een geborduurd FITT logo op de achterkant. Beschikbaar in meerdere trendy kleuren!","og_url":"https:\/\/fittwear.nl\/fr\/produit-2\/confort-camo-short-armee\/","og_site_name":"FITTwear.nl","article_modified_time":"2026-04-06T10:02:48+00:00","og_image":[{"width":1559,"height":2339,"url":"https:\/\/fittwear.nl\/wp-content\/uploads\/2022\/06\/camo-short-groen_Voorkant-onder_jpg_3.jpg","type":"image\/jpeg"}],"twitter_card":"summary_large_image","twitter_misc":{"Dur\u00e9e de lecture estim\u00e9e":"1 minute"},"schema":{"@context":"https:\/\/schema.org","@graph":[{"@type":"WebPage","@id":"https:\/\/fittwear.nl\/product\/comfort-camo-shorts-army\/","url":"https:\/\/fittwear.nl\/product\/comfort-camo-shorts-army\/","name":"Short Camo Comfort Army - Shorts - FITTwear.nl","isPartOf":{"@id":"https:\/\/fittwear.nl\/#website"},"primaryImageOfPage":{"@id":"https:\/\/fittwear.nl\/product\/comfort-camo-shorts-army\/#primaryimage"},"image":{"@id":"https:\/\/fittwear.nl\/product\/comfort-camo-shorts-army\/#primaryimage"},"thumbnailUrl":"https:\/\/fittwear.nl\/wp-content\/uploads\/2022\/06\/camo-short-groen_Voorkant-onder_jpg_3.jpg","datePublished":"2022-06-22T08:54:51+00:00","dateModified":"2026-04-06T10:02:48+00:00","description":"L'\u00e9t\u00e9 est l\u00e0 ! Il est donc temps de porter des shorts color\u00e9s ! Le short confort camo est fabriqu\u00e9 dans une mati\u00e8re douce et extensible et pr\u00e9sente un motif camo. La taille haute c\u00f4tel\u00e9e lui permet de r\u00e9sister \u00e0 tous les entra\u00eenements. Le short est enti\u00e8rement r\u00e9sistant aux squats et comporte un logo FITT brod\u00e9 dans le dos. Disponible en plusieurs couleurs tendance !","breadcrumb":{"@id":"https:\/\/fittwear.nl\/product\/comfort-camo-shorts-army\/#breadcrumb"},"inLanguage":"fr-FR","potentialAction":[{"@type":"ReadAction","target":["https:\/\/fittwear.nl\/product\/comfort-camo-shorts-army\/"]}]},{"@type":"ImageObject","inLanguage":"fr-FR","@id":"https:\/\/fittwear.nl\/product\/comfort-camo-shorts-army\/#primaryimage","url":"https:\/\/fittwear.nl\/wp-content\/uploads\/2022\/06\/camo-short-groen_Voorkant-onder_jpg_3.jpg","contentUrl":"https:\/\/fittwear.nl\/wp-content\/uploads\/2022\/06\/camo-short-groen_Voorkant-onder_jpg_3.jpg","width":1559,"height":2339},{"@type":"BreadcrumbList","@id":"https:\/\/fittwear.nl\/product\/comfort-camo-shorts-army\/#breadcrumb","itemListElement":[{"@type":"ListItem","position":1,"name":"Home","item":"https:\/\/fittwear.nl\/"},{"@type":"ListItem","position":2,"name":"Shop","item":"https:\/\/fittwear.nl\/shop\/"},{"@type":"ListItem","position":3,"name":"Camo Comfort Shorts Army"}]},{"@type":"WebSite","@id":"https:\/\/fittwear.nl\/#website","url":"https:\/\/fittwear.nl\/","name":"FITTwear.co.uk","description":"C'est le moment de briller !","publisher":{"@id":"https:\/\/fittwear.nl\/#organization"},"potentialAction":[{"@type":"SearchAction","target":{"@type":"EntryPoint","urlTemplate":"https:\/\/fittwear.nl\/?s={search_term_string}"},"query-input":{"@type":"PropertyValueSpecification","valueRequired":true,"valueName":"search_term_string"}}],"inLanguage":"fr-FR"},{"@type":"Organization","@id":"https:\/\/fittwear.nl\/#organization","name":"FITTwear.co.uk","url":"https:\/\/fittwear.nl\/","logo":{"@type":"ImageObject","inLanguage":"fr-FR","@id":"https:\/\/fittwear.nl\/#\/schema\/logo\/image\/","url":"https:\/\/fittwear.nl\/wp-content\/uploads\/2024\/07\/FITT-Logo-BeYOUtiful-website-homepage_Tekengebied-1-scaled.jpg","contentUrl":"https:\/\/fittwear.nl\/wp-content\/uploads\/2024\/07\/FITT-Logo-BeYOUtiful-website-homepage_Tekengebied-1-scaled.jpg","width":2560,"height":599,"caption":"FITTwear.nl"},"image":{"@id":"https:\/\/fittwear.nl\/#\/schema\/logo\/image\/"}}]}},"_links":{"self":[{"href":"https:\/\/fittwear.nl\/fr\/wp-json\/wp\/v2\/product\/35416","targetHints":{"allow":["GET"]}}],"collection":[{"href":"https:\/\/fittwear.nl\/fr\/wp-json\/wp\/v2\/product"}],"about":[{"href":"https:\/\/fittwear.nl\/fr\/wp-json\/wp\/v2\/types\/product"}],"wp:featuredmedia":[{"embeddable":true,"href":"https:\/\/fittwear.nl\/fr\/wp-json\/wp\/v2\/media\/35422"}],"wp:attachment":[{"href":"https:\/\/fittwear.nl\/fr\/wp-json\/wp\/v2\/media?parent=35416"}],"wp:term":[{"taxonomy":"product_brand","embeddable":true,"href":"https:\/\/fittwear.nl\/fr\/wp-json\/wp\/v2\/product_brand?post=35416"},{"taxonomy":"product_cat","embeddable":true,"href":"https:\/\/fittwear.nl\/fr\/wp-json\/wp\/v2\/product_cat?post=35416"},{"taxonomy":"product_tag","embeddable":true,"href":"https:\/\/fittwear.nl\/fr\/wp-json\/wp\/v2\/product_tag?post=35416"}],"curies":[{"name":"wp","href":"https:\/\/api.w.org\/{rel}","templated":true}]}}