{"id":3611,"date":"2020-09-24T16:26:01","date_gmt":"2020-09-24T14:26:01","guid":{"rendered":"https:\/\/fittwear.nl\/?post_type=product&#038;p=3611"},"modified":"2026-04-27T15:53:53","modified_gmt":"2026-04-27T13:53:53","slug":"contour-seamless-legging-pourpre","status":"publish","type":"product","link":"https:\/\/fittwear.nl\/fr\/product\/contour-seamless-legging-paars\/","title":{"rendered":"Legging sans couture Contour violet"},"content":{"rendered":"<p>- Leggings sans couture<\/p>\n<p>&#8211; Naadloze geribde stevige tailleband<\/p>\n<p>- Taille haute<\/p>\n<p>&#8211; Contour verbeterend<\/p>\n<p>&#8211; Onderkant glute contouring<\/p>\n<p>&#8211; Squat proof<\/p>\n<p>&#8211; Voorzien van subtiel logo<\/p>\n<p>&#8211; 92% nylon, 8% elastaan<\/p>\n<p>&#8211; 280 grams<\/p>\n<p>- Lavable jusqu'\u00e0 30\u00b0.<\/p>\n<p>&#8211; Kleur: Paars<\/p>\n<p>&#8211; Model Donna is 1.82m en draagt maat L<\/p>","protected":false},"excerpt":{"rendered":"<p><strong>REMARQUE : les leggings sont petits et nous vous recommandons de commander une taille au-dessus.<\/strong><\/p>\n<p>Ces leggings sans coutures \u00e0 taille haute ferme ont des propri\u00e9t\u00e9s d'am\u00e9lioration du contour. Le tissu extensible et la ceinture haute c\u00f4tel\u00e9e ferme offrent un soutien et une libert\u00e9 de mouvement pendant votre entra\u00eenement. Montrez ce pour quoi vous travaillez !<\/p>\n<p><strong>Le mod\u00e8le Donna mesure 1,82 m et porte la taille L.<\/strong><\/p>","protected":false},"featured_media":11518,"template":"","meta":{"_acf_changed":false},"product_brand":[],"product_cat":[27,28,85],"product_tag":[4803],"class_list":{"0":"post-3611","1":"product","2":"type-product","3":"status-publish","4":"has-post-thumbnail","6":"product_cat-dames","7":"product_cat-leggings","8":"product_cat-seamless","9":"product_tag-out-of-stock","11":"first","12":"outofstock","13":"taxable","14":"shipping-taxable","15":"product-type-variable"},"acf":[],"yoast_head":"<!-- This site is optimized with the Yoast SEO plugin v27.1.1 - https:\/\/yoast.com\/product\/yoast-seo-wordpress\/ -->\n<title>Contour Seamless Legging paars - Dames Sportleggings - FITTwear.nl<\/title>\n<meta name=\"description\" content=\"LET OP: de legging valt klein dus we adviseren om een maat groter te bestellen.  Deze seamless high waist legging met stevige hoge tailleband heeft een contour verbeterend vermogen. De stretchy stof en de stevige geribde high waist band bieden ondersteuning en bewegingsvrijheid tijdens jouw training. Show what you work for!  Model Donna is 1.82m en draagt maat L\" \/>\n<meta name=\"robots\" content=\"index, follow, max-snippet:-1, max-image-preview:large, max-video-preview:-1\" \/>\n<link rel=\"canonical\" href=\"https:\/\/fittwear.nl\/fr\/produit-2\/contour-seamless-legging-pourpre\/\" \/>\n<meta property=\"og:locale\" content=\"fr_FR\" \/>\n<meta property=\"og:type\" content=\"article\" \/>\n<meta property=\"og:title\" content=\"Contour Seamless Legging paars - Dames Sportleggings - FITTwear.nl\" \/>\n<meta property=\"og:description\" content=\"LET OP: de legging valt klein dus we adviseren om een maat groter te bestellen.  Deze seamless high waist legging met stevige hoge tailleband heeft een contour verbeterend vermogen. De stretchy stof en de stevige geribde high waist band bieden ondersteuning en bewegingsvrijheid tijdens jouw training. Show what you work for!  Model Donna is 1.82m en draagt maat L\" \/>\n<meta property=\"og:url\" content=\"https:\/\/fittwear.nl\/fr\/produit-2\/contour-seamless-legging-pourpre\/\" \/>\n<meta property=\"og:site_name\" content=\"FITTwear.nl\" \/>\n<meta property=\"article:modified_time\" content=\"2026-04-27T13:53:53+00:00\" \/>\n<meta property=\"og:image\" content=\"https:\/\/fittwear.nl\/wp-content\/uploads\/2020\/09\/contour-paars_Voorkant-boven_jpg_13-1-kopieren.jpg\" \/>\n\t<meta property=\"og:image:width\" content=\"596\" \/>\n\t<meta property=\"og:image:height\" content=\"894\" \/>\n\t<meta property=\"og:image:type\" content=\"image\/jpeg\" \/>\n<meta name=\"twitter:card\" content=\"summary_large_image\" \/>\n<meta name=\"twitter:label1\" content=\"Dur\u00e9e de lecture estim\u00e9e\" \/>\n\t<meta name=\"twitter:data1\" content=\"1 minute\" \/>\n<script type=\"application\/ld+json\" class=\"yoast-schema-graph\">{\"@context\":\"https:\/\/schema.org\",\"@graph\":[{\"@type\":\"WebPage\",\"@id\":\"https:\/\/fittwear.nl\/product\/contour-seamless-legging-paars\/\",\"url\":\"https:\/\/fittwear.nl\/product\/contour-seamless-legging-paars\/\",\"name\":\"Contour Seamless Legging paars - Dames Sportleggings - FITTwear.nl\",\"isPartOf\":{\"@id\":\"https:\/\/fittwear.nl\/#website\"},\"primaryImageOfPage\":{\"@id\":\"https:\/\/fittwear.nl\/product\/contour-seamless-legging-paars\/#primaryimage\"},\"image\":{\"@id\":\"https:\/\/fittwear.nl\/product\/contour-seamless-legging-paars\/#primaryimage\"},\"thumbnailUrl\":\"https:\/\/fittwear.nl\/wp-content\/uploads\/2020\/09\/contour-paars_Voorkant-boven_jpg_13-1-kopieren.jpg\",\"datePublished\":\"2020-09-24T14:26:01+00:00\",\"dateModified\":\"2026-04-27T13:53:53+00:00\",\"description\":\"LET OP: de legging valt klein dus we adviseren om een maat groter te bestellen. Deze seamless high waist legging met stevige hoge tailleband heeft een contour verbeterend vermogen. De stretchy stof en de stevige geribde high waist band bieden ondersteuning en bewegingsvrijheid tijdens jouw training. Show what you work for! Model Donna is 1.82m en draagt maat L\",\"breadcrumb\":{\"@id\":\"https:\/\/fittwear.nl\/product\/contour-seamless-legging-paars\/#breadcrumb\"},\"inLanguage\":\"fr-FR\",\"potentialAction\":[{\"@type\":\"ReadAction\",\"target\":[\"https:\/\/fittwear.nl\/product\/contour-seamless-legging-paars\/\"]}]},{\"@type\":\"ImageObject\",\"inLanguage\":\"fr-FR\",\"@id\":\"https:\/\/fittwear.nl\/product\/contour-seamless-legging-paars\/#primaryimage\",\"url\":\"https:\/\/fittwear.nl\/wp-content\/uploads\/2020\/09\/contour-paars_Voorkant-boven_jpg_13-1-kopieren.jpg\",\"contentUrl\":\"https:\/\/fittwear.nl\/wp-content\/uploads\/2020\/09\/contour-paars_Voorkant-boven_jpg_13-1-kopieren.jpg\",\"width\":596,\"height\":894,\"caption\":\"Contour Seamless Legging paars\"},{\"@type\":\"BreadcrumbList\",\"@id\":\"https:\/\/fittwear.nl\/product\/contour-seamless-legging-paars\/#breadcrumb\",\"itemListElement\":[{\"@type\":\"ListItem\",\"position\":1,\"name\":\"Home\",\"item\":\"https:\/\/fittwear.nl\/\"},{\"@type\":\"ListItem\",\"position\":2,\"name\":\"Shop\",\"item\":\"https:\/\/fittwear.nl\/shop\/\"},{\"@type\":\"ListItem\",\"position\":3,\"name\":\"Contour Seamless Legging paars\"}]},{\"@type\":\"WebSite\",\"@id\":\"https:\/\/fittwear.nl\/#website\",\"url\":\"https:\/\/fittwear.nl\/\",\"name\":\"FITTwear.nl\",\"description\":\"Time to shine!\",\"publisher\":{\"@id\":\"https:\/\/fittwear.nl\/#organization\"},\"potentialAction\":[{\"@type\":\"SearchAction\",\"target\":{\"@type\":\"EntryPoint\",\"urlTemplate\":\"https:\/\/fittwear.nl\/?s={search_term_string}\"},\"query-input\":{\"@type\":\"PropertyValueSpecification\",\"valueRequired\":true,\"valueName\":\"search_term_string\"}}],\"inLanguage\":\"fr-FR\"},{\"@type\":\"Organization\",\"@id\":\"https:\/\/fittwear.nl\/#organization\",\"name\":\"FITTwear.nl\",\"url\":\"https:\/\/fittwear.nl\/\",\"logo\":{\"@type\":\"ImageObject\",\"inLanguage\":\"fr-FR\",\"@id\":\"https:\/\/fittwear.nl\/#\/schema\/logo\/image\/\",\"url\":\"https:\/\/fittwear.nl\/wp-content\/uploads\/2024\/07\/FITT-Logo-BeYOUtiful-website-homepage_Tekengebied-1-scaled.jpg\",\"contentUrl\":\"https:\/\/fittwear.nl\/wp-content\/uploads\/2024\/07\/FITT-Logo-BeYOUtiful-website-homepage_Tekengebied-1-scaled.jpg\",\"width\":2560,\"height\":599,\"caption\":\"FITTwear.nl\"},\"image\":{\"@id\":\"https:\/\/fittwear.nl\/#\/schema\/logo\/image\/\"}}]}<\/script>\n<!-- \/ Yoast SEO plugin. -->","yoast_head_json":{"title":"Contour Seamless Legging purple - Leggings de sport pour femmes - FITTwear.nl","description":"VEUILLEZ NOTER : les leggings sont trop petits, il est donc recommand\u00e9 de prendre une taille au-dessus.  Ce legging \u00e0 taille haute sans coutures est dot\u00e9 d'une bande de taille haute robuste qui am\u00e9liore les contours de la silhouette. Le tissu extensible et la solide ceinture c\u00f4tel\u00e9e offrent un soutien et une libert\u00e9 de mouvement pendant votre entra\u00eenement. Montrez ce pour quoi vous travaillez !  Le mod\u00e8le Donna mesure 1,82 m et porte la taille L.","robots":{"index":"index","follow":"follow","max-snippet":"max-snippet:-1","max-image-preview":"max-image-preview:large","max-video-preview":"max-video-preview:-1"},"canonical":"https:\/\/fittwear.nl\/fr\/produit-2\/contour-seamless-legging-pourpre\/","og_locale":"fr_FR","og_type":"article","og_title":"Contour Seamless Legging paars - Dames Sportleggings - FITTwear.nl","og_description":"LET OP: de legging valt klein dus we adviseren om een maat groter te bestellen.  Deze seamless high waist legging met stevige hoge tailleband heeft een contour verbeterend vermogen. De stretchy stof en de stevige geribde high waist band bieden ondersteuning en bewegingsvrijheid tijdens jouw training. Show what you work for!  Model Donna is 1.82m en draagt maat L","og_url":"https:\/\/fittwear.nl\/fr\/produit-2\/contour-seamless-legging-pourpre\/","og_site_name":"FITTwear.nl","article_modified_time":"2026-04-27T13:53:53+00:00","og_image":[{"width":596,"height":894,"url":"https:\/\/fittwear.nl\/wp-content\/uploads\/2020\/09\/contour-paars_Voorkant-boven_jpg_13-1-kopieren.jpg","type":"image\/jpeg"}],"twitter_card":"summary_large_image","twitter_misc":{"Dur\u00e9e de lecture estim\u00e9e":"1 minute"},"schema":{"@context":"https:\/\/schema.org","@graph":[{"@type":"WebPage","@id":"https:\/\/fittwear.nl\/product\/contour-seamless-legging-paars\/","url":"https:\/\/fittwear.nl\/product\/contour-seamless-legging-paars\/","name":"Contour Seamless Legging purple - Leggings de sport pour femmes - FITTwear.nl","isPartOf":{"@id":"https:\/\/fittwear.nl\/#website"},"primaryImageOfPage":{"@id":"https:\/\/fittwear.nl\/product\/contour-seamless-legging-paars\/#primaryimage"},"image":{"@id":"https:\/\/fittwear.nl\/product\/contour-seamless-legging-paars\/#primaryimage"},"thumbnailUrl":"https:\/\/fittwear.nl\/wp-content\/uploads\/2020\/09\/contour-paars_Voorkant-boven_jpg_13-1-kopieren.jpg","datePublished":"2020-09-24T14:26:01+00:00","dateModified":"2026-04-27T13:53:53+00:00","description":"VEUILLEZ NOTER : les leggings sont trop petits, il est donc recommand\u00e9 de prendre une taille au-dessus. Ce legging \u00e0 taille haute sans coutures est dot\u00e9 d'une bande de taille haute robuste qui am\u00e9liore les contours de la silhouette. Le tissu extensible et la solide ceinture c\u00f4tel\u00e9e offrent un soutien et une libert\u00e9 de mouvement pendant votre entra\u00eenement. Montrez ce pour quoi vous travaillez ! Le mod\u00e8le Donna mesure 1,82 m et porte la taille L.","breadcrumb":{"@id":"https:\/\/fittwear.nl\/product\/contour-seamless-legging-paars\/#breadcrumb"},"inLanguage":"fr-FR","potentialAction":[{"@type":"ReadAction","target":["https:\/\/fittwear.nl\/product\/contour-seamless-legging-paars\/"]}]},{"@type":"ImageObject","inLanguage":"fr-FR","@id":"https:\/\/fittwear.nl\/product\/contour-seamless-legging-paars\/#primaryimage","url":"https:\/\/fittwear.nl\/wp-content\/uploads\/2020\/09\/contour-paars_Voorkant-boven_jpg_13-1-kopieren.jpg","contentUrl":"https:\/\/fittwear.nl\/wp-content\/uploads\/2020\/09\/contour-paars_Voorkant-boven_jpg_13-1-kopieren.jpg","width":596,"height":894,"caption":"Contour Seamless Legging paars"},{"@type":"BreadcrumbList","@id":"https:\/\/fittwear.nl\/product\/contour-seamless-legging-paars\/#breadcrumb","itemListElement":[{"@type":"ListItem","position":1,"name":"Home","item":"https:\/\/fittwear.nl\/"},{"@type":"ListItem","position":2,"name":"Shop","item":"https:\/\/fittwear.nl\/shop\/"},{"@type":"ListItem","position":3,"name":"Contour Seamless Legging paars"}]},{"@type":"WebSite","@id":"https:\/\/fittwear.nl\/#website","url":"https:\/\/fittwear.nl\/","name":"FITTwear.co.uk","description":"C'est le moment de briller !","publisher":{"@id":"https:\/\/fittwear.nl\/#organization"},"potentialAction":[{"@type":"SearchAction","target":{"@type":"EntryPoint","urlTemplate":"https:\/\/fittwear.nl\/?s={search_term_string}"},"query-input":{"@type":"PropertyValueSpecification","valueRequired":true,"valueName":"search_term_string"}}],"inLanguage":"fr-FR"},{"@type":"Organization","@id":"https:\/\/fittwear.nl\/#organization","name":"FITTwear.co.uk","url":"https:\/\/fittwear.nl\/","logo":{"@type":"ImageObject","inLanguage":"fr-FR","@id":"https:\/\/fittwear.nl\/#\/schema\/logo\/image\/","url":"https:\/\/fittwear.nl\/wp-content\/uploads\/2024\/07\/FITT-Logo-BeYOUtiful-website-homepage_Tekengebied-1-scaled.jpg","contentUrl":"https:\/\/fittwear.nl\/wp-content\/uploads\/2024\/07\/FITT-Logo-BeYOUtiful-website-homepage_Tekengebied-1-scaled.jpg","width":2560,"height":599,"caption":"FITTwear.nl"},"image":{"@id":"https:\/\/fittwear.nl\/#\/schema\/logo\/image\/"}}]}},"_links":{"self":[{"href":"https:\/\/fittwear.nl\/fr\/wp-json\/wp\/v2\/product\/3611","targetHints":{"allow":["GET"]}}],"collection":[{"href":"https:\/\/fittwear.nl\/fr\/wp-json\/wp\/v2\/product"}],"about":[{"href":"https:\/\/fittwear.nl\/fr\/wp-json\/wp\/v2\/types\/product"}],"wp:featuredmedia":[{"embeddable":true,"href":"https:\/\/fittwear.nl\/fr\/wp-json\/wp\/v2\/media\/11518"}],"wp:attachment":[{"href":"https:\/\/fittwear.nl\/fr\/wp-json\/wp\/v2\/media?parent=3611"}],"wp:term":[{"taxonomy":"product_brand","embeddable":true,"href":"https:\/\/fittwear.nl\/fr\/wp-json\/wp\/v2\/product_brand?post=3611"},{"taxonomy":"product_cat","embeddable":true,"href":"https:\/\/fittwear.nl\/fr\/wp-json\/wp\/v2\/product_cat?post=3611"},{"taxonomy":"product_tag","embeddable":true,"href":"https:\/\/fittwear.nl\/fr\/wp-json\/wp\/v2\/product_tag?post=3611"}],"curies":[{"name":"wp","href":"https:\/\/api.w.org\/{rel}","templated":true}]}}