{"id":37278,"date":"2022-07-08T11:20:51","date_gmt":"2022-07-08T09:20:51","guid":{"rendered":"https:\/\/fittwear.nl\/?post_type=product&#038;p=37278"},"modified":"2026-04-17T01:42:47","modified_gmt":"2026-04-16T23:42:47","slug":"curve-legging-noir-2","status":"publish","type":"product","link":"https:\/\/fittwear.nl\/fr\/product\/curve-legging-black-2\/","title":{"rendered":"Curve Legging Noir"},"content":{"rendered":"<p>-Legging taille haute avec ceinture c\u00f4tel\u00e9e.<\/p>\n<p>-Sans soudure<\/p>\n<p>-Logo brod\u00e9 au dos du legging.<\/p>\n<p>-Reste en place et ne glisse pas<\/p>\n<p>-Fait de nylon 90% et de spandex 10%.<\/p>\n<p>-Lavable jusqu'\u00e0 30\u00b0.<\/p>\n<p>-Couleur : Noir<\/p>","protected":false},"excerpt":{"rendered":"<p><strong>Tailles : C'est spacieux, nous vous recommandons de commander une taille en dessous !\u00a0<\/strong><\/p>\n<p>Les leggings sans coutures curve sont les leggings parfaits pour n'importe quel entra\u00eenement ! Fabriqu\u00e9 enti\u00e8rement dans une mati\u00e8re sans couture et extensible, il est super confortable. Les lignes de contour sur les cuisses et le bas des fesses permettent d'accentuer vos formes naturelles. Le legging est dot\u00e9 d'une taille c\u00f4tel\u00e9e pour assurer un bon maintien et se poursuit en forme de V \u00e0 l'arri\u00e8re pour faire ressortir encore plus vos fesses.<\/p>\n<p><strong>Le mod\u00e8le Doete mesure 176 et porte une taille S, Sigrid mesure 1,81 et porte une taille L.<\/strong><\/p>\n<p>Pour une exp\u00e9rience parfaite \u00e0 l'\u00e9preuve des squats, nous recommandons un string invisible !<\/p>","protected":false},"featured_media":43061,"template":"","meta":{"_acf_changed":false},"product_brand":[],"product_cat":[63,27,86,4743,28,54,85,65],"product_tag":[],"class_list":{"0":"post-37278","1":"product","2":"type-product","3":"status-publish","4":"has-post-thumbnail","6":"product_cat-curves","7":"product_cat-dames","8":"product_cat-effen","9":"product_cat-geen-scrunch","10":"product_cat-leggings","11":"product_cat-new","12":"product_cat-seamless","13":"product_cat-yogakleding","15":"first","16":"outofstock","17":"taxable","18":"shipping-taxable","19":"product-type-variable","20":"has-default-attributes"},"acf":[],"yoast_head":"<!-- This site is optimized with the Yoast SEO plugin v27.1.1 - https:\/\/yoast.com\/product\/yoast-seo-wordpress\/ -->\n<title>Curve Legging Black - FITTwear.nl<\/title>\n<meta name=\"description\" content=\"De contour lijnen op de bovenbenen en onder bij de billen zorgen ervoor dat jouw natuurlijke vormen worden geaccentueerd.\" \/>\n<meta name=\"robots\" content=\"index, follow, max-snippet:-1, max-image-preview:large, max-video-preview:-1\" \/>\n<link rel=\"canonical\" href=\"https:\/\/fittwear.nl\/fr\/produit-2\/curve-legging-noir-2\/\" \/>\n<meta property=\"og:locale\" content=\"fr_FR\" \/>\n<meta property=\"og:type\" content=\"article\" \/>\n<meta property=\"og:title\" content=\"Curve Legging Black - FITTwear.nl\" \/>\n<meta property=\"og:description\" content=\"De contour lijnen op de bovenbenen en onder bij de billen zorgen ervoor dat jouw natuurlijke vormen worden geaccentueerd.\" \/>\n<meta property=\"og:url\" content=\"https:\/\/fittwear.nl\/fr\/produit-2\/curve-legging-noir-2\/\" \/>\n<meta property=\"og:site_name\" content=\"FITTwear.nl\" \/>\n<meta property=\"article:modified_time\" content=\"2026-04-16T23:42:47+00:00\" \/>\n<meta property=\"og:image\" content=\"https:\/\/fittwear.nl\/wp-content\/uploads\/2022\/07\/curve-zwart_Voorkant-onder_jpg_2.jpg\" \/>\n\t<meta property=\"og:image:width\" content=\"1200\" \/>\n\t<meta property=\"og:image:height\" content=\"1800\" \/>\n\t<meta property=\"og:image:type\" content=\"image\/jpeg\" \/>\n<meta name=\"twitter:card\" content=\"summary_large_image\" \/>\n<meta name=\"twitter:label1\" content=\"Dur\u00e9e de lecture estim\u00e9e\" \/>\n\t<meta name=\"twitter:data1\" content=\"1 minute\" \/>\n<script type=\"application\/ld+json\" class=\"yoast-schema-graph\">{\"@context\":\"https:\/\/schema.org\",\"@graph\":[{\"@type\":\"WebPage\",\"@id\":\"https:\/\/fittwear.nl\/product\/curve-legging-black-2\/\",\"url\":\"https:\/\/fittwear.nl\/product\/curve-legging-black-2\/\",\"name\":\"Curve Legging Black - FITTwear.nl\",\"isPartOf\":{\"@id\":\"https:\/\/fittwear.nl\/#website\"},\"primaryImageOfPage\":{\"@id\":\"https:\/\/fittwear.nl\/product\/curve-legging-black-2\/#primaryimage\"},\"image\":{\"@id\":\"https:\/\/fittwear.nl\/product\/curve-legging-black-2\/#primaryimage\"},\"thumbnailUrl\":\"https:\/\/fittwear.nl\/wp-content\/uploads\/2022\/07\/curve-zwart_Voorkant-onder_jpg_2.jpg\",\"datePublished\":\"2022-07-08T09:20:51+00:00\",\"dateModified\":\"2026-04-16T23:42:47+00:00\",\"description\":\"De contour lijnen op de bovenbenen en onder bij de billen zorgen ervoor dat jouw natuurlijke vormen worden geaccentueerd.\",\"breadcrumb\":{\"@id\":\"https:\/\/fittwear.nl\/product\/curve-legging-black-2\/#breadcrumb\"},\"inLanguage\":\"fr-FR\",\"potentialAction\":[{\"@type\":\"ReadAction\",\"target\":[\"https:\/\/fittwear.nl\/product\/curve-legging-black-2\/\"]}]},{\"@type\":\"ImageObject\",\"inLanguage\":\"fr-FR\",\"@id\":\"https:\/\/fittwear.nl\/product\/curve-legging-black-2\/#primaryimage\",\"url\":\"https:\/\/fittwear.nl\/wp-content\/uploads\/2022\/07\/curve-zwart_Voorkant-onder_jpg_2.jpg\",\"contentUrl\":\"https:\/\/fittwear.nl\/wp-content\/uploads\/2022\/07\/curve-zwart_Voorkant-onder_jpg_2.jpg\",\"width\":1200,\"height\":1800},{\"@type\":\"BreadcrumbList\",\"@id\":\"https:\/\/fittwear.nl\/product\/curve-legging-black-2\/#breadcrumb\",\"itemListElement\":[{\"@type\":\"ListItem\",\"position\":1,\"name\":\"Home\",\"item\":\"https:\/\/fittwear.nl\/\"},{\"@type\":\"ListItem\",\"position\":2,\"name\":\"Shop\",\"item\":\"https:\/\/fittwear.nl\/shop\/\"},{\"@type\":\"ListItem\",\"position\":3,\"name\":\"Curve Legging Black\"}]},{\"@type\":\"WebSite\",\"@id\":\"https:\/\/fittwear.nl\/#website\",\"url\":\"https:\/\/fittwear.nl\/\",\"name\":\"FITTwear.nl\",\"description\":\"Time to shine!\",\"publisher\":{\"@id\":\"https:\/\/fittwear.nl\/#organization\"},\"potentialAction\":[{\"@type\":\"SearchAction\",\"target\":{\"@type\":\"EntryPoint\",\"urlTemplate\":\"https:\/\/fittwear.nl\/?s={search_term_string}\"},\"query-input\":{\"@type\":\"PropertyValueSpecification\",\"valueRequired\":true,\"valueName\":\"search_term_string\"}}],\"inLanguage\":\"fr-FR\"},{\"@type\":\"Organization\",\"@id\":\"https:\/\/fittwear.nl\/#organization\",\"name\":\"FITTwear.nl\",\"url\":\"https:\/\/fittwear.nl\/\",\"logo\":{\"@type\":\"ImageObject\",\"inLanguage\":\"fr-FR\",\"@id\":\"https:\/\/fittwear.nl\/#\/schema\/logo\/image\/\",\"url\":\"https:\/\/fittwear.nl\/wp-content\/uploads\/2024\/07\/FITT-Logo-BeYOUtiful-website-homepage_Tekengebied-1-scaled.jpg\",\"contentUrl\":\"https:\/\/fittwear.nl\/wp-content\/uploads\/2024\/07\/FITT-Logo-BeYOUtiful-website-homepage_Tekengebied-1-scaled.jpg\",\"width\":2560,\"height\":599,\"caption\":\"FITTwear.nl\"},\"image\":{\"@id\":\"https:\/\/fittwear.nl\/#\/schema\/logo\/image\/\"}}]}<\/script>\n<!-- \/ Yoast SEO plugin. -->","yoast_head_json":{"title":"Legging Curve Noir - FITTwear.co.uk","description":"Les lignes de contour sur les cuisses et le bas des fesses permettent d'accentuer vos formes naturelles.","robots":{"index":"index","follow":"follow","max-snippet":"max-snippet:-1","max-image-preview":"max-image-preview:large","max-video-preview":"max-video-preview:-1"},"canonical":"https:\/\/fittwear.nl\/fr\/produit-2\/curve-legging-noir-2\/","og_locale":"fr_FR","og_type":"article","og_title":"Curve Legging Black - FITTwear.nl","og_description":"De contour lijnen op de bovenbenen en onder bij de billen zorgen ervoor dat jouw natuurlijke vormen worden geaccentueerd.","og_url":"https:\/\/fittwear.nl\/fr\/produit-2\/curve-legging-noir-2\/","og_site_name":"FITTwear.nl","article_modified_time":"2026-04-16T23:42:47+00:00","og_image":[{"width":1200,"height":1800,"url":"https:\/\/fittwear.nl\/wp-content\/uploads\/2022\/07\/curve-zwart_Voorkant-onder_jpg_2.jpg","type":"image\/jpeg"}],"twitter_card":"summary_large_image","twitter_misc":{"Dur\u00e9e de lecture estim\u00e9e":"1 minute"},"schema":{"@context":"https:\/\/schema.org","@graph":[{"@type":"WebPage","@id":"https:\/\/fittwear.nl\/product\/curve-legging-black-2\/","url":"https:\/\/fittwear.nl\/product\/curve-legging-black-2\/","name":"Legging Curve Noir - FITTwear.co.uk","isPartOf":{"@id":"https:\/\/fittwear.nl\/#website"},"primaryImageOfPage":{"@id":"https:\/\/fittwear.nl\/product\/curve-legging-black-2\/#primaryimage"},"image":{"@id":"https:\/\/fittwear.nl\/product\/curve-legging-black-2\/#primaryimage"},"thumbnailUrl":"https:\/\/fittwear.nl\/wp-content\/uploads\/2022\/07\/curve-zwart_Voorkant-onder_jpg_2.jpg","datePublished":"2022-07-08T09:20:51+00:00","dateModified":"2026-04-16T23:42:47+00:00","description":"Les lignes de contour sur les cuisses et le bas des fesses permettent d'accentuer vos formes naturelles.","breadcrumb":{"@id":"https:\/\/fittwear.nl\/product\/curve-legging-black-2\/#breadcrumb"},"inLanguage":"fr-FR","potentialAction":[{"@type":"ReadAction","target":["https:\/\/fittwear.nl\/product\/curve-legging-black-2\/"]}]},{"@type":"ImageObject","inLanguage":"fr-FR","@id":"https:\/\/fittwear.nl\/product\/curve-legging-black-2\/#primaryimage","url":"https:\/\/fittwear.nl\/wp-content\/uploads\/2022\/07\/curve-zwart_Voorkant-onder_jpg_2.jpg","contentUrl":"https:\/\/fittwear.nl\/wp-content\/uploads\/2022\/07\/curve-zwart_Voorkant-onder_jpg_2.jpg","width":1200,"height":1800},{"@type":"BreadcrumbList","@id":"https:\/\/fittwear.nl\/product\/curve-legging-black-2\/#breadcrumb","itemListElement":[{"@type":"ListItem","position":1,"name":"Home","item":"https:\/\/fittwear.nl\/"},{"@type":"ListItem","position":2,"name":"Shop","item":"https:\/\/fittwear.nl\/shop\/"},{"@type":"ListItem","position":3,"name":"Curve Legging Black"}]},{"@type":"WebSite","@id":"https:\/\/fittwear.nl\/#website","url":"https:\/\/fittwear.nl\/","name":"FITTwear.co.uk","description":"C'est le moment de briller !","publisher":{"@id":"https:\/\/fittwear.nl\/#organization"},"potentialAction":[{"@type":"SearchAction","target":{"@type":"EntryPoint","urlTemplate":"https:\/\/fittwear.nl\/?s={search_term_string}"},"query-input":{"@type":"PropertyValueSpecification","valueRequired":true,"valueName":"search_term_string"}}],"inLanguage":"fr-FR"},{"@type":"Organization","@id":"https:\/\/fittwear.nl\/#organization","name":"FITTwear.co.uk","url":"https:\/\/fittwear.nl\/","logo":{"@type":"ImageObject","inLanguage":"fr-FR","@id":"https:\/\/fittwear.nl\/#\/schema\/logo\/image\/","url":"https:\/\/fittwear.nl\/wp-content\/uploads\/2024\/07\/FITT-Logo-BeYOUtiful-website-homepage_Tekengebied-1-scaled.jpg","contentUrl":"https:\/\/fittwear.nl\/wp-content\/uploads\/2024\/07\/FITT-Logo-BeYOUtiful-website-homepage_Tekengebied-1-scaled.jpg","width":2560,"height":599,"caption":"FITTwear.nl"},"image":{"@id":"https:\/\/fittwear.nl\/#\/schema\/logo\/image\/"}}]}},"_links":{"self":[{"href":"https:\/\/fittwear.nl\/fr\/wp-json\/wp\/v2\/product\/37278","targetHints":{"allow":["GET"]}}],"collection":[{"href":"https:\/\/fittwear.nl\/fr\/wp-json\/wp\/v2\/product"}],"about":[{"href":"https:\/\/fittwear.nl\/fr\/wp-json\/wp\/v2\/types\/product"}],"wp:featuredmedia":[{"embeddable":true,"href":"https:\/\/fittwear.nl\/fr\/wp-json\/wp\/v2\/media\/43061"}],"wp:attachment":[{"href":"https:\/\/fittwear.nl\/fr\/wp-json\/wp\/v2\/media?parent=37278"}],"wp:term":[{"taxonomy":"product_brand","embeddable":true,"href":"https:\/\/fittwear.nl\/fr\/wp-json\/wp\/v2\/product_brand?post=37278"},{"taxonomy":"product_cat","embeddable":true,"href":"https:\/\/fittwear.nl\/fr\/wp-json\/wp\/v2\/product_cat?post=37278"},{"taxonomy":"product_tag","embeddable":true,"href":"https:\/\/fittwear.nl\/fr\/wp-json\/wp\/v2\/product_tag?post=37278"}],"curies":[{"name":"wp","href":"https:\/\/api.w.org\/{rel}","templated":true}]}}