{"id":37523,"date":"2022-07-12T13:26:19","date_gmt":"2022-07-12T11:26:19","guid":{"rendered":"https:\/\/fittwear.nl\/?post_type=product&#038;p=37523"},"modified":"2026-04-03T08:04:57","modified_gmt":"2026-04-03T06:04:57","slug":"scrunch-sports-bra-green","status":"publish","type":"product","link":"https:\/\/fittwear.nl\/fr\/product\/scrunch-sports-bra-green\/","title":{"rendered":"Soutien-gorge de sport Scrunch vert"},"content":{"rendered":"<p>- Soutien-gorge de sport sans coutures avec fron\u00e7age<\/p>\n<p>- Rembourrage amovible<\/p>\n<p>- Sangles r\u00e9glables<\/p>\n<p>- Soutien \u00e9lastique du buste<\/p>\n<p>- Avec un logo subtil<\/p>\n<p>-78% nylon, 22% spandex<\/p>\n<p>- Lavable jusqu'\u00e0 30\u00b0.<\/p>\n<p>- Couleur : vert<\/p>\n<p>- Le mod\u00e8le Donna mesure 1,82 m et porte la taille M.<\/p>","protected":false},"excerpt":{"rendered":"<p><strong>Le soutien-gorge de sport est fid\u00e8le \u00e0 la taille.<\/strong><\/p>\n<p>Les soutiens-gorge de sport sans coutures sont parfaitement assortis aux populaires leggings \u00e0 fronces ! Les hauts sont \u00e9galement amusants \u00e0 m\u00e9langer et \u00e0 assortir. Le vert avec le gris, le rouge avec le rose, quelle combinaison allez-vous faire ? Le soutien-gorge de sport est dot\u00e9 de bretelles r\u00e9glables et de coussinets amovibles. La bande \u00e9lastique, la conception sans couture et le tissu extensible vous offrent un confort ultime pendant chaque s\u00e9ance d'entra\u00eenement !<\/p>\n<p><strong>Le mod\u00e8le Donna mesure 1,82 m et porte la taille M.<\/strong><\/p>","protected":false},"featured_media":37530,"template":"","meta":{"_acf_changed":false},"product_brand":[],"product_cat":[63,27,88,54,52,65],"product_tag":[],"class_list":{"0":"post-37523","1":"product","2":"type-product","3":"status-publish","4":"has-post-thumbnail","6":"product_cat-curves","7":"product_cat-dames","8":"product_cat-effen-sport-bhs","9":"product_cat-new","10":"product_cat-sport-bhs","11":"product_cat-yogakleding","13":"first","14":"outofstock","15":"taxable","16":"shipping-taxable","17":"product-type-variable","18":"has-default-attributes"},"acf":[],"yoast_head":"<!-- This site is optimized with the Yoast SEO plugin v27.1.1 - https:\/\/yoast.com\/product\/yoast-seo-wordpress\/ -->\n<title>Scrunch Sports Bra Green - FITTwear.nl<\/title>\n<meta name=\"description\" content=\"De sport bh heeft verstelbare bandjes en uitneembare pads. Het seamless ontwerp zorgt voor een comfortabel gevoel tijdens elke workout!\" \/>\n<meta name=\"robots\" content=\"index, follow, max-snippet:-1, max-image-preview:large, max-video-preview:-1\" \/>\n<link rel=\"canonical\" href=\"https:\/\/fittwear.nl\/fr\/produit-2\/scrunch-sports-bra-green\/\" \/>\n<meta property=\"og:locale\" content=\"fr_FR\" \/>\n<meta property=\"og:type\" content=\"article\" \/>\n<meta property=\"og:title\" content=\"Scrunch Sports Bra Green - FITTwear.nl\" \/>\n<meta property=\"og:description\" content=\"De sport bh heeft verstelbare bandjes en uitneembare pads. Het seamless ontwerp zorgt voor een comfortabel gevoel tijdens elke workout!\" \/>\n<meta property=\"og:url\" content=\"https:\/\/fittwear.nl\/fr\/produit-2\/scrunch-sports-bra-green\/\" \/>\n<meta property=\"og:site_name\" content=\"FITTwear.nl\" \/>\n<meta property=\"article:modified_time\" content=\"2026-04-03T06:04:57+00:00\" \/>\n<meta property=\"og:image\" content=\"https:\/\/fittwear.nl\/wp-content\/uploads\/2022\/07\/scrunch-bh_Voorkant-boven_jpg_3.jpg\" \/>\n\t<meta property=\"og:image:width\" content=\"1559\" \/>\n\t<meta property=\"og:image:height\" content=\"2339\" \/>\n\t<meta property=\"og:image:type\" content=\"image\/jpeg\" \/>\n<meta name=\"twitter:card\" content=\"summary_large_image\" \/>\n<meta name=\"twitter:label1\" content=\"Dur\u00e9e de lecture estim\u00e9e\" \/>\n\t<meta name=\"twitter:data1\" content=\"1 minute\" \/>\n<script type=\"application\/ld+json\" class=\"yoast-schema-graph\">{\"@context\":\"https:\/\/schema.org\",\"@graph\":[{\"@type\":\"WebPage\",\"@id\":\"https:\/\/fittwear.nl\/product\/scrunch-sports-bra-green\/\",\"url\":\"https:\/\/fittwear.nl\/product\/scrunch-sports-bra-green\/\",\"name\":\"Scrunch Sports Bra Green - FITTwear.nl\",\"isPartOf\":{\"@id\":\"https:\/\/fittwear.nl\/#website\"},\"primaryImageOfPage\":{\"@id\":\"https:\/\/fittwear.nl\/product\/scrunch-sports-bra-green\/#primaryimage\"},\"image\":{\"@id\":\"https:\/\/fittwear.nl\/product\/scrunch-sports-bra-green\/#primaryimage\"},\"thumbnailUrl\":\"https:\/\/fittwear.nl\/wp-content\/uploads\/2022\/07\/scrunch-bh_Voorkant-boven_jpg_3.jpg\",\"datePublished\":\"2022-07-12T11:26:19+00:00\",\"dateModified\":\"2026-04-03T06:04:57+00:00\",\"description\":\"De sport bh heeft verstelbare bandjes en uitneembare pads. Het seamless ontwerp zorgt voor een comfortabel gevoel tijdens elke workout!\",\"breadcrumb\":{\"@id\":\"https:\/\/fittwear.nl\/product\/scrunch-sports-bra-green\/#breadcrumb\"},\"inLanguage\":\"fr-FR\",\"potentialAction\":[{\"@type\":\"ReadAction\",\"target\":[\"https:\/\/fittwear.nl\/product\/scrunch-sports-bra-green\/\"]}]},{\"@type\":\"ImageObject\",\"inLanguage\":\"fr-FR\",\"@id\":\"https:\/\/fittwear.nl\/product\/scrunch-sports-bra-green\/#primaryimage\",\"url\":\"https:\/\/fittwear.nl\/wp-content\/uploads\/2022\/07\/scrunch-bh_Voorkant-boven_jpg_3.jpg\",\"contentUrl\":\"https:\/\/fittwear.nl\/wp-content\/uploads\/2022\/07\/scrunch-bh_Voorkant-boven_jpg_3.jpg\",\"width\":1559,\"height\":2339},{\"@type\":\"BreadcrumbList\",\"@id\":\"https:\/\/fittwear.nl\/product\/scrunch-sports-bra-green\/#breadcrumb\",\"itemListElement\":[{\"@type\":\"ListItem\",\"position\":1,\"name\":\"Home\",\"item\":\"https:\/\/fittwear.nl\/\"},{\"@type\":\"ListItem\",\"position\":2,\"name\":\"Shop\",\"item\":\"https:\/\/fittwear.nl\/shop\/\"},{\"@type\":\"ListItem\",\"position\":3,\"name\":\"Scrunch Sports Bra Green\"}]},{\"@type\":\"WebSite\",\"@id\":\"https:\/\/fittwear.nl\/#website\",\"url\":\"https:\/\/fittwear.nl\/\",\"name\":\"FITTwear.nl\",\"description\":\"Time to shine!\",\"publisher\":{\"@id\":\"https:\/\/fittwear.nl\/#organization\"},\"potentialAction\":[{\"@type\":\"SearchAction\",\"target\":{\"@type\":\"EntryPoint\",\"urlTemplate\":\"https:\/\/fittwear.nl\/?s={search_term_string}\"},\"query-input\":{\"@type\":\"PropertyValueSpecification\",\"valueRequired\":true,\"valueName\":\"search_term_string\"}}],\"inLanguage\":\"fr-FR\"},{\"@type\":\"Organization\",\"@id\":\"https:\/\/fittwear.nl\/#organization\",\"name\":\"FITTwear.nl\",\"url\":\"https:\/\/fittwear.nl\/\",\"logo\":{\"@type\":\"ImageObject\",\"inLanguage\":\"fr-FR\",\"@id\":\"https:\/\/fittwear.nl\/#\/schema\/logo\/image\/\",\"url\":\"https:\/\/fittwear.nl\/wp-content\/uploads\/2024\/07\/FITT-Logo-BeYOUtiful-website-homepage_Tekengebied-1-scaled.jpg\",\"contentUrl\":\"https:\/\/fittwear.nl\/wp-content\/uploads\/2024\/07\/FITT-Logo-BeYOUtiful-website-homepage_Tekengebied-1-scaled.jpg\",\"width\":2560,\"height\":599,\"caption\":\"FITTwear.nl\"},\"image\":{\"@id\":\"https:\/\/fittwear.nl\/#\/schema\/logo\/image\/\"}}]}<\/script>\n<!-- \/ Yoast SEO plugin. -->","yoast_head_json":{"title":"Soutien-gorge de sport Scrunch vert - FITTwear.co.uk","description":"Le soutien-gorge de sport est dot\u00e9 de bretelles r\u00e9glables et de coussinets amovibles. La conception sans couture assure une sensation de confort pendant chaque s\u00e9ance d'entra\u00eenement !","robots":{"index":"index","follow":"follow","max-snippet":"max-snippet:-1","max-image-preview":"max-image-preview:large","max-video-preview":"max-video-preview:-1"},"canonical":"https:\/\/fittwear.nl\/fr\/produit-2\/scrunch-sports-bra-green\/","og_locale":"fr_FR","og_type":"article","og_title":"Scrunch Sports Bra Green - FITTwear.nl","og_description":"De sport bh heeft verstelbare bandjes en uitneembare pads. Het seamless ontwerp zorgt voor een comfortabel gevoel tijdens elke workout!","og_url":"https:\/\/fittwear.nl\/fr\/produit-2\/scrunch-sports-bra-green\/","og_site_name":"FITTwear.nl","article_modified_time":"2026-04-03T06:04:57+00:00","og_image":[{"width":1559,"height":2339,"url":"https:\/\/fittwear.nl\/wp-content\/uploads\/2022\/07\/scrunch-bh_Voorkant-boven_jpg_3.jpg","type":"image\/jpeg"}],"twitter_card":"summary_large_image","twitter_misc":{"Dur\u00e9e de lecture estim\u00e9e":"1 minute"},"schema":{"@context":"https:\/\/schema.org","@graph":[{"@type":"WebPage","@id":"https:\/\/fittwear.nl\/product\/scrunch-sports-bra-green\/","url":"https:\/\/fittwear.nl\/product\/scrunch-sports-bra-green\/","name":"Soutien-gorge de sport Scrunch vert - FITTwear.co.uk","isPartOf":{"@id":"https:\/\/fittwear.nl\/#website"},"primaryImageOfPage":{"@id":"https:\/\/fittwear.nl\/product\/scrunch-sports-bra-green\/#primaryimage"},"image":{"@id":"https:\/\/fittwear.nl\/product\/scrunch-sports-bra-green\/#primaryimage"},"thumbnailUrl":"https:\/\/fittwear.nl\/wp-content\/uploads\/2022\/07\/scrunch-bh_Voorkant-boven_jpg_3.jpg","datePublished":"2022-07-12T11:26:19+00:00","dateModified":"2026-04-03T06:04:57+00:00","description":"Le soutien-gorge de sport est dot\u00e9 de bretelles r\u00e9glables et de coussinets amovibles. La conception sans couture assure une sensation de confort pendant chaque s\u00e9ance d'entra\u00eenement !","breadcrumb":{"@id":"https:\/\/fittwear.nl\/product\/scrunch-sports-bra-green\/#breadcrumb"},"inLanguage":"fr-FR","potentialAction":[{"@type":"ReadAction","target":["https:\/\/fittwear.nl\/product\/scrunch-sports-bra-green\/"]}]},{"@type":"ImageObject","inLanguage":"fr-FR","@id":"https:\/\/fittwear.nl\/product\/scrunch-sports-bra-green\/#primaryimage","url":"https:\/\/fittwear.nl\/wp-content\/uploads\/2022\/07\/scrunch-bh_Voorkant-boven_jpg_3.jpg","contentUrl":"https:\/\/fittwear.nl\/wp-content\/uploads\/2022\/07\/scrunch-bh_Voorkant-boven_jpg_3.jpg","width":1559,"height":2339},{"@type":"BreadcrumbList","@id":"https:\/\/fittwear.nl\/product\/scrunch-sports-bra-green\/#breadcrumb","itemListElement":[{"@type":"ListItem","position":1,"name":"Home","item":"https:\/\/fittwear.nl\/"},{"@type":"ListItem","position":2,"name":"Shop","item":"https:\/\/fittwear.nl\/shop\/"},{"@type":"ListItem","position":3,"name":"Scrunch Sports Bra Green"}]},{"@type":"WebSite","@id":"https:\/\/fittwear.nl\/#website","url":"https:\/\/fittwear.nl\/","name":"FITTwear.co.uk","description":"C'est le moment de briller !","publisher":{"@id":"https:\/\/fittwear.nl\/#organization"},"potentialAction":[{"@type":"SearchAction","target":{"@type":"EntryPoint","urlTemplate":"https:\/\/fittwear.nl\/?s={search_term_string}"},"query-input":{"@type":"PropertyValueSpecification","valueRequired":true,"valueName":"search_term_string"}}],"inLanguage":"fr-FR"},{"@type":"Organization","@id":"https:\/\/fittwear.nl\/#organization","name":"FITTwear.co.uk","url":"https:\/\/fittwear.nl\/","logo":{"@type":"ImageObject","inLanguage":"fr-FR","@id":"https:\/\/fittwear.nl\/#\/schema\/logo\/image\/","url":"https:\/\/fittwear.nl\/wp-content\/uploads\/2024\/07\/FITT-Logo-BeYOUtiful-website-homepage_Tekengebied-1-scaled.jpg","contentUrl":"https:\/\/fittwear.nl\/wp-content\/uploads\/2024\/07\/FITT-Logo-BeYOUtiful-website-homepage_Tekengebied-1-scaled.jpg","width":2560,"height":599,"caption":"FITTwear.nl"},"image":{"@id":"https:\/\/fittwear.nl\/#\/schema\/logo\/image\/"}}]}},"_links":{"self":[{"href":"https:\/\/fittwear.nl\/fr\/wp-json\/wp\/v2\/product\/37523","targetHints":{"allow":["GET"]}}],"collection":[{"href":"https:\/\/fittwear.nl\/fr\/wp-json\/wp\/v2\/product"}],"about":[{"href":"https:\/\/fittwear.nl\/fr\/wp-json\/wp\/v2\/types\/product"}],"wp:featuredmedia":[{"embeddable":true,"href":"https:\/\/fittwear.nl\/fr\/wp-json\/wp\/v2\/media\/37530"}],"wp:attachment":[{"href":"https:\/\/fittwear.nl\/fr\/wp-json\/wp\/v2\/media?parent=37523"}],"wp:term":[{"taxonomy":"product_brand","embeddable":true,"href":"https:\/\/fittwear.nl\/fr\/wp-json\/wp\/v2\/product_brand?post=37523"},{"taxonomy":"product_cat","embeddable":true,"href":"https:\/\/fittwear.nl\/fr\/wp-json\/wp\/v2\/product_cat?post=37523"},{"taxonomy":"product_tag","embeddable":true,"href":"https:\/\/fittwear.nl\/fr\/wp-json\/wp\/v2\/product_tag?post=37523"}],"curies":[{"name":"wp","href":"https:\/\/api.w.org\/{rel}","templated":true}]}}