{"id":37561,"date":"2022-07-12T13:49:37","date_gmt":"2022-07-12T11:49:37","guid":{"rendered":"https:\/\/fittwear.nl\/?post_type=product&#038;p=37561"},"modified":"2026-04-27T15:28:28","modified_gmt":"2026-04-27T13:28:28","slug":"scrunch-sports-bra-blue","status":"publish","type":"product","link":"https:\/\/fittwear.nl\/fr\/product\/scrunch-sports-bra-blue\/","title":{"rendered":"Soutien-gorge de sport Scrunch Bleu"},"content":{"rendered":"<p>[vc_row][vc_column][vc_toggle title=&#8221;Specificaties&#8221;]\u2013 Seamless sport bh met scrunch<\/p>\n<p>\u2013 Uitneembare padding<\/p>\n<p>\u2013 Verstelbare bandjes<\/p>\n<p>\u2013 Elastische busteondersteuning<\/p>\n<p>\u2013 Voorzien van subtiel logo<\/p>\n<p>\u201378% nylon, 22% spandex<\/p>\n<p>\u2013 Tot 30\u00b0 wasbaar<\/p>\n<p>\u2013 Kleur: Blue<\/p>\n<p>\u2013 Model Doete is 1.76m en draagt maat S<\/p>\n","protected":false},"excerpt":{"rendered":"<p><strong>Le soutien-gorge de sport est fid\u00e8le \u00e0 la taille.<\/strong><\/p>\n<p>Les soutiens-gorge de sport scrunch sans couture sont totalement assortis aux populaires leggings scrunch ! Les hauts sont \u00e9galement amusants \u00e0 m\u00e9langer et \u00e0 assortir. Du vert avec du gris, du rouge avec du rose, quelle combinaison ferez-vous ? Le soutien-gorge de sport est dot\u00e9 de bretelles r\u00e9glables et de coussinets amovibles. La bande \u00e9lastique, la conception sans coutures et le tissu extensible vous offrent un confort ultime pendant chaque s\u00e9ance d'entra\u00eenement !<\/p>\n<p><strong>Le mod\u00e8le Doete mesure 1,76 m et porte la taille S.<\/strong><\/p>","protected":false},"featured_media":37565,"template":"","meta":{"_acf_changed":false},"product_brand":[],"product_cat":[4797,63,27,88,89,52,65],"product_tag":[],"class_list":{"0":"post-37561","1":"product","2":"type-product","3":"status-publish","4":"has-post-thumbnail","6":"product_cat-blue-waves","7":"product_cat-curves","8":"product_cat-dames","9":"product_cat-effen-sport-bhs","10":"product_cat-seamless-sport-bhs","11":"product_cat-sport-bhs","12":"product_cat-yogakleding","14":"first","15":"instock","16":"sale","17":"taxable","18":"shipping-taxable","19":"purchasable","20":"product-type-variable","21":"has-default-attributes"},"acf":[],"yoast_head":"<!-- This site is optimized with the Yoast SEO plugin v27.1.1 - https:\/\/yoast.com\/product\/yoast-seo-wordpress\/ -->\n<title>Scrunch Sports Bra Blue - FITTwear.nl<\/title>\n<meta name=\"description\" content=\"De sport bh heeft verstelbare bandjes en uitneembare pads. Het seamless ontwerp zorgt voor een comfortabel gevoel tijdens elke workout!\" \/>\n<meta name=\"robots\" content=\"index, follow, max-snippet:-1, max-image-preview:large, max-video-preview:-1\" \/>\n<link rel=\"canonical\" href=\"https:\/\/fittwear.nl\/fr\/produit-2\/scrunch-sports-bra-blue\/\" \/>\n<meta property=\"og:locale\" content=\"fr_FR\" \/>\n<meta property=\"og:type\" content=\"article\" \/>\n<meta property=\"og:title\" content=\"Scrunch Sports Bra Blue - FITTwear.nl\" \/>\n<meta property=\"og:description\" content=\"De sport bh heeft verstelbare bandjes en uitneembare pads. Het seamless ontwerp zorgt voor een comfortabel gevoel tijdens elke workout!\" \/>\n<meta property=\"og:url\" content=\"https:\/\/fittwear.nl\/fr\/produit-2\/scrunch-sports-bra-blue\/\" \/>\n<meta property=\"og:site_name\" content=\"FITTwear.nl\" \/>\n<meta property=\"article:modified_time\" content=\"2026-04-27T13:28:28+00:00\" \/>\n<meta property=\"og:image\" content=\"https:\/\/fittwear.nl\/wp-content\/uploads\/2022\/07\/scrunch-bh-blauw_Voorkant-boven_jpg_4.jpg\" \/>\n\t<meta property=\"og:image:width\" content=\"1559\" \/>\n\t<meta property=\"og:image:height\" content=\"2338\" \/>\n\t<meta property=\"og:image:type\" content=\"image\/jpeg\" \/>\n<meta name=\"twitter:card\" content=\"summary_large_image\" \/>\n<meta name=\"twitter:label1\" content=\"Dur\u00e9e de lecture estim\u00e9e\" \/>\n\t<meta name=\"twitter:data1\" content=\"1 minute\" \/>\n<script type=\"application\/ld+json\" class=\"yoast-schema-graph\">{\"@context\":\"https:\/\/schema.org\",\"@graph\":[{\"@type\":\"WebPage\",\"@id\":\"https:\/\/fittwear.nl\/product\/scrunch-sports-bra-blue\/\",\"url\":\"https:\/\/fittwear.nl\/product\/scrunch-sports-bra-blue\/\",\"name\":\"Scrunch Sports Bra Blue - FITTwear.nl\",\"isPartOf\":{\"@id\":\"https:\/\/fittwear.nl\/#website\"},\"primaryImageOfPage\":{\"@id\":\"https:\/\/fittwear.nl\/product\/scrunch-sports-bra-blue\/#primaryimage\"},\"image\":{\"@id\":\"https:\/\/fittwear.nl\/product\/scrunch-sports-bra-blue\/#primaryimage\"},\"thumbnailUrl\":\"https:\/\/fittwear.nl\/wp-content\/uploads\/2022\/07\/scrunch-bh-blauw_Voorkant-boven_jpg_4.jpg\",\"datePublished\":\"2022-07-12T11:49:37+00:00\",\"dateModified\":\"2026-04-27T13:28:28+00:00\",\"description\":\"De sport bh heeft verstelbare bandjes en uitneembare pads. Het seamless ontwerp zorgt voor een comfortabel gevoel tijdens elke workout!\",\"breadcrumb\":{\"@id\":\"https:\/\/fittwear.nl\/product\/scrunch-sports-bra-blue\/#breadcrumb\"},\"inLanguage\":\"fr-FR\",\"potentialAction\":[{\"@type\":\"ReadAction\",\"target\":[\"https:\/\/fittwear.nl\/product\/scrunch-sports-bra-blue\/\"]}]},{\"@type\":\"ImageObject\",\"inLanguage\":\"fr-FR\",\"@id\":\"https:\/\/fittwear.nl\/product\/scrunch-sports-bra-blue\/#primaryimage\",\"url\":\"https:\/\/fittwear.nl\/wp-content\/uploads\/2022\/07\/scrunch-bh-blauw_Voorkant-boven_jpg_4.jpg\",\"contentUrl\":\"https:\/\/fittwear.nl\/wp-content\/uploads\/2022\/07\/scrunch-bh-blauw_Voorkant-boven_jpg_4.jpg\",\"width\":1559,\"height\":2338},{\"@type\":\"BreadcrumbList\",\"@id\":\"https:\/\/fittwear.nl\/product\/scrunch-sports-bra-blue\/#breadcrumb\",\"itemListElement\":[{\"@type\":\"ListItem\",\"position\":1,\"name\":\"Home\",\"item\":\"https:\/\/fittwear.nl\/\"},{\"@type\":\"ListItem\",\"position\":2,\"name\":\"Shop\",\"item\":\"https:\/\/fittwear.nl\/shop\/\"},{\"@type\":\"ListItem\",\"position\":3,\"name\":\"Scrunch Sports Bra Blue\"}]},{\"@type\":\"WebSite\",\"@id\":\"https:\/\/fittwear.nl\/#website\",\"url\":\"https:\/\/fittwear.nl\/\",\"name\":\"FITTwear.nl\",\"description\":\"Time to shine!\",\"publisher\":{\"@id\":\"https:\/\/fittwear.nl\/#organization\"},\"potentialAction\":[{\"@type\":\"SearchAction\",\"target\":{\"@type\":\"EntryPoint\",\"urlTemplate\":\"https:\/\/fittwear.nl\/?s={search_term_string}\"},\"query-input\":{\"@type\":\"PropertyValueSpecification\",\"valueRequired\":true,\"valueName\":\"search_term_string\"}}],\"inLanguage\":\"fr-FR\"},{\"@type\":\"Organization\",\"@id\":\"https:\/\/fittwear.nl\/#organization\",\"name\":\"FITTwear.nl\",\"url\":\"https:\/\/fittwear.nl\/\",\"logo\":{\"@type\":\"ImageObject\",\"inLanguage\":\"fr-FR\",\"@id\":\"https:\/\/fittwear.nl\/#\/schema\/logo\/image\/\",\"url\":\"https:\/\/fittwear.nl\/wp-content\/uploads\/2024\/07\/FITT-Logo-BeYOUtiful-website-homepage_Tekengebied-1-scaled.jpg\",\"contentUrl\":\"https:\/\/fittwear.nl\/wp-content\/uploads\/2024\/07\/FITT-Logo-BeYOUtiful-website-homepage_Tekengebied-1-scaled.jpg\",\"width\":2560,\"height\":599,\"caption\":\"FITTwear.nl\"},\"image\":{\"@id\":\"https:\/\/fittwear.nl\/#\/schema\/logo\/image\/\"}}]}<\/script>\n<!-- \/ Yoast SEO plugin. -->","yoast_head_json":{"title":"Soutien-gorge de sport Scrunch Bleu - FITTwear.co.uk","description":"Le soutien-gorge de sport est dot\u00e9 de bretelles r\u00e9glables et de coussinets amovibles. La conception sans couture assure une sensation de confort pendant chaque s\u00e9ance d'entra\u00eenement !","robots":{"index":"index","follow":"follow","max-snippet":"max-snippet:-1","max-image-preview":"max-image-preview:large","max-video-preview":"max-video-preview:-1"},"canonical":"https:\/\/fittwear.nl\/fr\/produit-2\/scrunch-sports-bra-blue\/","og_locale":"fr_FR","og_type":"article","og_title":"Scrunch Sports Bra Blue - FITTwear.nl","og_description":"De sport bh heeft verstelbare bandjes en uitneembare pads. Het seamless ontwerp zorgt voor een comfortabel gevoel tijdens elke workout!","og_url":"https:\/\/fittwear.nl\/fr\/produit-2\/scrunch-sports-bra-blue\/","og_site_name":"FITTwear.nl","article_modified_time":"2026-04-27T13:28:28+00:00","og_image":[{"width":1559,"height":2338,"url":"https:\/\/fittwear.nl\/wp-content\/uploads\/2022\/07\/scrunch-bh-blauw_Voorkant-boven_jpg_4.jpg","type":"image\/jpeg"}],"twitter_card":"summary_large_image","twitter_misc":{"Dur\u00e9e de lecture estim\u00e9e":"1 minute"},"schema":{"@context":"https:\/\/schema.org","@graph":[{"@type":"WebPage","@id":"https:\/\/fittwear.nl\/product\/scrunch-sports-bra-blue\/","url":"https:\/\/fittwear.nl\/product\/scrunch-sports-bra-blue\/","name":"Soutien-gorge de sport Scrunch Bleu - FITTwear.co.uk","isPartOf":{"@id":"https:\/\/fittwear.nl\/#website"},"primaryImageOfPage":{"@id":"https:\/\/fittwear.nl\/product\/scrunch-sports-bra-blue\/#primaryimage"},"image":{"@id":"https:\/\/fittwear.nl\/product\/scrunch-sports-bra-blue\/#primaryimage"},"thumbnailUrl":"https:\/\/fittwear.nl\/wp-content\/uploads\/2022\/07\/scrunch-bh-blauw_Voorkant-boven_jpg_4.jpg","datePublished":"2022-07-12T11:49:37+00:00","dateModified":"2026-04-27T13:28:28+00:00","description":"Le soutien-gorge de sport est dot\u00e9 de bretelles r\u00e9glables et de coussinets amovibles. La conception sans couture assure une sensation de confort pendant chaque s\u00e9ance d'entra\u00eenement !","breadcrumb":{"@id":"https:\/\/fittwear.nl\/product\/scrunch-sports-bra-blue\/#breadcrumb"},"inLanguage":"fr-FR","potentialAction":[{"@type":"ReadAction","target":["https:\/\/fittwear.nl\/product\/scrunch-sports-bra-blue\/"]}]},{"@type":"ImageObject","inLanguage":"fr-FR","@id":"https:\/\/fittwear.nl\/product\/scrunch-sports-bra-blue\/#primaryimage","url":"https:\/\/fittwear.nl\/wp-content\/uploads\/2022\/07\/scrunch-bh-blauw_Voorkant-boven_jpg_4.jpg","contentUrl":"https:\/\/fittwear.nl\/wp-content\/uploads\/2022\/07\/scrunch-bh-blauw_Voorkant-boven_jpg_4.jpg","width":1559,"height":2338},{"@type":"BreadcrumbList","@id":"https:\/\/fittwear.nl\/product\/scrunch-sports-bra-blue\/#breadcrumb","itemListElement":[{"@type":"ListItem","position":1,"name":"Home","item":"https:\/\/fittwear.nl\/"},{"@type":"ListItem","position":2,"name":"Shop","item":"https:\/\/fittwear.nl\/shop\/"},{"@type":"ListItem","position":3,"name":"Scrunch Sports Bra Blue"}]},{"@type":"WebSite","@id":"https:\/\/fittwear.nl\/#website","url":"https:\/\/fittwear.nl\/","name":"FITTwear.co.uk","description":"C'est le moment de briller !","publisher":{"@id":"https:\/\/fittwear.nl\/#organization"},"potentialAction":[{"@type":"SearchAction","target":{"@type":"EntryPoint","urlTemplate":"https:\/\/fittwear.nl\/?s={search_term_string}"},"query-input":{"@type":"PropertyValueSpecification","valueRequired":true,"valueName":"search_term_string"}}],"inLanguage":"fr-FR"},{"@type":"Organization","@id":"https:\/\/fittwear.nl\/#organization","name":"FITTwear.co.uk","url":"https:\/\/fittwear.nl\/","logo":{"@type":"ImageObject","inLanguage":"fr-FR","@id":"https:\/\/fittwear.nl\/#\/schema\/logo\/image\/","url":"https:\/\/fittwear.nl\/wp-content\/uploads\/2024\/07\/FITT-Logo-BeYOUtiful-website-homepage_Tekengebied-1-scaled.jpg","contentUrl":"https:\/\/fittwear.nl\/wp-content\/uploads\/2024\/07\/FITT-Logo-BeYOUtiful-website-homepage_Tekengebied-1-scaled.jpg","width":2560,"height":599,"caption":"FITTwear.nl"},"image":{"@id":"https:\/\/fittwear.nl\/#\/schema\/logo\/image\/"}}]}},"_links":{"self":[{"href":"https:\/\/fittwear.nl\/fr\/wp-json\/wp\/v2\/product\/37561","targetHints":{"allow":["GET"]}}],"collection":[{"href":"https:\/\/fittwear.nl\/fr\/wp-json\/wp\/v2\/product"}],"about":[{"href":"https:\/\/fittwear.nl\/fr\/wp-json\/wp\/v2\/types\/product"}],"wp:featuredmedia":[{"embeddable":true,"href":"https:\/\/fittwear.nl\/fr\/wp-json\/wp\/v2\/media\/37565"}],"wp:attachment":[{"href":"https:\/\/fittwear.nl\/fr\/wp-json\/wp\/v2\/media?parent=37561"}],"wp:term":[{"taxonomy":"product_brand","embeddable":true,"href":"https:\/\/fittwear.nl\/fr\/wp-json\/wp\/v2\/product_brand?post=37561"},{"taxonomy":"product_cat","embeddable":true,"href":"https:\/\/fittwear.nl\/fr\/wp-json\/wp\/v2\/product_cat?post=37561"},{"taxonomy":"product_tag","embeddable":true,"href":"https:\/\/fittwear.nl\/fr\/wp-json\/wp\/v2\/product_tag?post=37561"}],"curies":[{"name":"wp","href":"https:\/\/api.w.org\/{rel}","templated":true}]}}