{"id":38778,"date":"2022-07-28T14:22:10","date_gmt":"2022-07-28T12:22:10","guid":{"rendered":"https:\/\/fittwear.nl\/?post_type=product&#038;p=38778"},"modified":"2026-05-07T04:52:19","modified_gmt":"2026-05-07T02:52:19","slug":"brave-top-inkblue","status":"publish","type":"product","link":"https:\/\/fittwear.nl\/fr\/product\/brave-top-inkblue\/","title":{"rendered":"Top Brave Bleu Encre"},"content":{"rendered":"<p>- Top de sport tendance<\/p>\n<p>- Les favoris de toujours<\/p>\n<p>- Coussinets amovibles<\/p>\n<p>- Peut \u00eatre port\u00e9 sans soutien-gorge<\/p>\n<p>- Respirabilit\u00e9<\/p>\n<p>- Tissu \u00e0 s\u00e9chage rapide<\/p>\n<p>- 100% polyester<\/p>\n<p>- Couleur : bleu encre<\/p>\n<p>- Le mod\u00e8le Doete mesure 1,76 et porte la taille S.<\/p>","protected":false},"excerpt":{"rendered":"<p>Un haut de sport tr\u00e8s appr\u00e9ci\u00e9 dans une couleur marine, facile \u00e0 combiner avec toutes vos tenues de sport ! Gr\u00e2ce aux coussinets, ce haut peut \u00eatre port\u00e9 sans soutien-gorge de sport. Un v\u00e9ritable must-have \u00e0 ajouter \u00e0 votre collection de v\u00eatements de sport ! Le haut est disponible en plusieurs couleurs.<\/p>\n<p><strong>Le mod\u00e8le Sigrid mesure 1,84 et porte la taille XL.<\/strong><\/p>\n<p><strong>Le mod\u00e8le Faye mesure 1,73 et porte la taille S<\/strong><\/p>","protected":false},"featured_media":42876,"template":"","meta":{"_acf_changed":false},"product_brand":[],"product_cat":[4836,4797,4812,27,79,81],"product_tag":[],"class_list":{"0":"post-38778","1":"product","2":"type-product","3":"status-publish","4":"has-post-thumbnail","6":"product_cat-sleeveless-tanktops-dames","7":"product_cat-blue-waves","8":"product_cat-forever-favorites-categorie","9":"product_cat-dames","10":"product_cat-tanktops-dames","11":"product_cat-crop-tops","13":"first","14":"instock","15":"taxable","16":"shipping-taxable","17":"purchasable","18":"product-type-variable","19":"has-default-attributes"},"acf":[],"yoast_head":"<!-- This site is optimized with the Yoast SEO plugin v27.1.1 - https:\/\/yoast.com\/product\/yoast-seo-wordpress\/ -->\n<title>Brave Top Ink Blue - FITTwear.nl<\/title>\n<meta name=\"description\" content=\"Een all time favourite sport top in een navy kleur die makkelijk te combineren is met al jouw sportkleding! Dankzij de pads is deze top prima zonder sport BH te dragen. Een echte musthave dus om toe te voegen aan jouw gym wear collectie! De top is verkrijgbaar in meerdere kleuren.  Model Sigrid is 1.84 en draagt maat XL  Model Faye is 1.73 en draagt maat S\" \/>\n<meta name=\"robots\" content=\"index, follow, max-snippet:-1, max-image-preview:large, max-video-preview:-1\" \/>\n<link rel=\"canonical\" href=\"https:\/\/fittwear.nl\/fr\/produit-2\/brave-top-inkblue\/\" \/>\n<meta property=\"og:locale\" content=\"fr_FR\" \/>\n<meta property=\"og:type\" content=\"article\" \/>\n<meta property=\"og:title\" content=\"Brave Top Ink Blue - FITTwear.nl\" \/>\n<meta property=\"og:description\" content=\"Een all time favourite sport top in een navy kleur die makkelijk te combineren is met al jouw sportkleding! Dankzij de pads is deze top prima zonder sport BH te dragen. Een echte musthave dus om toe te voegen aan jouw gym wear collectie! De top is verkrijgbaar in meerdere kleuren.  Model Sigrid is 1.84 en draagt maat XL  Model Faye is 1.73 en draagt maat S\" \/>\n<meta property=\"og:url\" content=\"https:\/\/fittwear.nl\/fr\/produit-2\/brave-top-inkblue\/\" \/>\n<meta property=\"og:site_name\" content=\"FITTwear.nl\" \/>\n<meta property=\"article:modified_time\" content=\"2026-05-07T02:52:19+00:00\" \/>\n<meta property=\"og:image\" content=\"https:\/\/fittwear.nl\/wp-content\/uploads\/2022\/07\/premium-grijs_Voorkant-boven_jpg_1.jpg\" \/>\n\t<meta property=\"og:image:width\" content=\"1200\" \/>\n\t<meta property=\"og:image:height\" content=\"1800\" \/>\n\t<meta property=\"og:image:type\" content=\"image\/jpeg\" \/>\n<meta name=\"twitter:card\" content=\"summary_large_image\" \/>\n<meta name=\"twitter:label1\" content=\"Dur\u00e9e de lecture estim\u00e9e\" \/>\n\t<meta name=\"twitter:data1\" content=\"1 minute\" \/>\n<script type=\"application\/ld+json\" class=\"yoast-schema-graph\">{\"@context\":\"https:\/\/schema.org\",\"@graph\":[{\"@type\":\"WebPage\",\"@id\":\"https:\/\/fittwear.nl\/product\/brave-top-inkblue\/\",\"url\":\"https:\/\/fittwear.nl\/product\/brave-top-inkblue\/\",\"name\":\"Brave Top Ink Blue - FITTwear.nl\",\"isPartOf\":{\"@id\":\"https:\/\/fittwear.nl\/#website\"},\"primaryImageOfPage\":{\"@id\":\"https:\/\/fittwear.nl\/product\/brave-top-inkblue\/#primaryimage\"},\"image\":{\"@id\":\"https:\/\/fittwear.nl\/product\/brave-top-inkblue\/#primaryimage\"},\"thumbnailUrl\":\"https:\/\/fittwear.nl\/wp-content\/uploads\/2022\/07\/premium-grijs_Voorkant-boven_jpg_1.jpg\",\"datePublished\":\"2022-07-28T12:22:10+00:00\",\"dateModified\":\"2026-05-07T02:52:19+00:00\",\"description\":\"Een all time favourite sport top in een navy kleur die makkelijk te combineren is met al jouw sportkleding! Dankzij de pads is deze top prima zonder sport BH te dragen. Een echte musthave dus om toe te voegen aan jouw gym wear collectie! De top is verkrijgbaar in meerdere kleuren. Model Sigrid is 1.84 en draagt maat XL Model Faye is 1.73 en draagt maat S\",\"breadcrumb\":{\"@id\":\"https:\/\/fittwear.nl\/product\/brave-top-inkblue\/#breadcrumb\"},\"inLanguage\":\"fr-FR\",\"potentialAction\":[{\"@type\":\"ReadAction\",\"target\":[\"https:\/\/fittwear.nl\/product\/brave-top-inkblue\/\"]}]},{\"@type\":\"ImageObject\",\"inLanguage\":\"fr-FR\",\"@id\":\"https:\/\/fittwear.nl\/product\/brave-top-inkblue\/#primaryimage\",\"url\":\"https:\/\/fittwear.nl\/wp-content\/uploads\/2022\/07\/premium-grijs_Voorkant-boven_jpg_1.jpg\",\"contentUrl\":\"https:\/\/fittwear.nl\/wp-content\/uploads\/2022\/07\/premium-grijs_Voorkant-boven_jpg_1.jpg\",\"width\":1200,\"height\":1800},{\"@type\":\"BreadcrumbList\",\"@id\":\"https:\/\/fittwear.nl\/product\/brave-top-inkblue\/#breadcrumb\",\"itemListElement\":[{\"@type\":\"ListItem\",\"position\":1,\"name\":\"Home\",\"item\":\"https:\/\/fittwear.nl\/\"},{\"@type\":\"ListItem\",\"position\":2,\"name\":\"Shop\",\"item\":\"https:\/\/fittwear.nl\/shop\/\"},{\"@type\":\"ListItem\",\"position\":3,\"name\":\"Brave Top Ink Blue\"}]},{\"@type\":\"WebSite\",\"@id\":\"https:\/\/fittwear.nl\/#website\",\"url\":\"https:\/\/fittwear.nl\/\",\"name\":\"FITTwear.nl\",\"description\":\"Time to shine!\",\"publisher\":{\"@id\":\"https:\/\/fittwear.nl\/#organization\"},\"potentialAction\":[{\"@type\":\"SearchAction\",\"target\":{\"@type\":\"EntryPoint\",\"urlTemplate\":\"https:\/\/fittwear.nl\/?s={search_term_string}\"},\"query-input\":{\"@type\":\"PropertyValueSpecification\",\"valueRequired\":true,\"valueName\":\"search_term_string\"}}],\"inLanguage\":\"fr-FR\"},{\"@type\":\"Organization\",\"@id\":\"https:\/\/fittwear.nl\/#organization\",\"name\":\"FITTwear.nl\",\"url\":\"https:\/\/fittwear.nl\/\",\"logo\":{\"@type\":\"ImageObject\",\"inLanguage\":\"fr-FR\",\"@id\":\"https:\/\/fittwear.nl\/#\/schema\/logo\/image\/\",\"url\":\"https:\/\/fittwear.nl\/wp-content\/uploads\/2024\/07\/FITT-Logo-BeYOUtiful-website-homepage_Tekengebied-1-scaled.jpg\",\"contentUrl\":\"https:\/\/fittwear.nl\/wp-content\/uploads\/2024\/07\/FITT-Logo-BeYOUtiful-website-homepage_Tekengebied-1-scaled.jpg\",\"width\":2560,\"height\":599,\"caption\":\"FITTwear.nl\"},\"image\":{\"@id\":\"https:\/\/fittwear.nl\/#\/schema\/logo\/image\/\"}}]}<\/script>\n<!-- \/ Yoast SEO plugin. -->","yoast_head_json":{"title":"Top Brave Bleu Encre - FITTwear.fr","description":"Un haut de sport tr\u00e8s appr\u00e9ci\u00e9 dans une couleur marine, facile \u00e0 combiner avec toutes vos tenues de sport ! Gr\u00e2ce aux coussinets, ce haut peut \u00eatre port\u00e9 sans soutien-gorge de sport. Un v\u00e9ritable must-have \u00e0 ajouter \u00e0 votre collection de v\u00eatements de sport ! Le haut est disponible en plusieurs couleurs.  Le mod\u00e8le Sigrid mesure 1,84 et porte la taille XL Le mod\u00e8le Faye mesure 1,73 et porte la taille S","robots":{"index":"index","follow":"follow","max-snippet":"max-snippet:-1","max-image-preview":"max-image-preview:large","max-video-preview":"max-video-preview:-1"},"canonical":"https:\/\/fittwear.nl\/fr\/produit-2\/brave-top-inkblue\/","og_locale":"fr_FR","og_type":"article","og_title":"Brave Top Ink Blue - FITTwear.nl","og_description":"Een all time favourite sport top in een navy kleur die makkelijk te combineren is met al jouw sportkleding! Dankzij de pads is deze top prima zonder sport BH te dragen. Een echte musthave dus om toe te voegen aan jouw gym wear collectie! De top is verkrijgbaar in meerdere kleuren.  Model Sigrid is 1.84 en draagt maat XL  Model Faye is 1.73 en draagt maat S","og_url":"https:\/\/fittwear.nl\/fr\/produit-2\/brave-top-inkblue\/","og_site_name":"FITTwear.nl","article_modified_time":"2026-05-07T02:52:19+00:00","og_image":[{"width":1200,"height":1800,"url":"https:\/\/fittwear.nl\/wp-content\/uploads\/2022\/07\/premium-grijs_Voorkant-boven_jpg_1.jpg","type":"image\/jpeg"}],"twitter_card":"summary_large_image","twitter_misc":{"Dur\u00e9e de lecture estim\u00e9e":"1 minute"},"schema":{"@context":"https:\/\/schema.org","@graph":[{"@type":"WebPage","@id":"https:\/\/fittwear.nl\/product\/brave-top-inkblue\/","url":"https:\/\/fittwear.nl\/product\/brave-top-inkblue\/","name":"Top Brave Bleu Encre - FITTwear.fr","isPartOf":{"@id":"https:\/\/fittwear.nl\/#website"},"primaryImageOfPage":{"@id":"https:\/\/fittwear.nl\/product\/brave-top-inkblue\/#primaryimage"},"image":{"@id":"https:\/\/fittwear.nl\/product\/brave-top-inkblue\/#primaryimage"},"thumbnailUrl":"https:\/\/fittwear.nl\/wp-content\/uploads\/2022\/07\/premium-grijs_Voorkant-boven_jpg_1.jpg","datePublished":"2022-07-28T12:22:10+00:00","dateModified":"2026-05-07T02:52:19+00:00","description":"Un haut de sport tr\u00e8s appr\u00e9ci\u00e9 dans une couleur marine, facile \u00e0 combiner avec toutes vos tenues de sport ! Gr\u00e2ce aux coussinets, ce haut peut \u00eatre port\u00e9 sans soutien-gorge de sport. Un v\u00e9ritable must-have \u00e0 ajouter \u00e0 votre collection de v\u00eatements de sport ! Le haut est disponible en plusieurs couleurs. Le mod\u00e8le Sigrid mesure 1,84 et porte la taille XL Le mod\u00e8le Faye mesure 1,73 et porte la taille S","breadcrumb":{"@id":"https:\/\/fittwear.nl\/product\/brave-top-inkblue\/#breadcrumb"},"inLanguage":"fr-FR","potentialAction":[{"@type":"ReadAction","target":["https:\/\/fittwear.nl\/product\/brave-top-inkblue\/"]}]},{"@type":"ImageObject","inLanguage":"fr-FR","@id":"https:\/\/fittwear.nl\/product\/brave-top-inkblue\/#primaryimage","url":"https:\/\/fittwear.nl\/wp-content\/uploads\/2022\/07\/premium-grijs_Voorkant-boven_jpg_1.jpg","contentUrl":"https:\/\/fittwear.nl\/wp-content\/uploads\/2022\/07\/premium-grijs_Voorkant-boven_jpg_1.jpg","width":1200,"height":1800},{"@type":"BreadcrumbList","@id":"https:\/\/fittwear.nl\/product\/brave-top-inkblue\/#breadcrumb","itemListElement":[{"@type":"ListItem","position":1,"name":"Home","item":"https:\/\/fittwear.nl\/"},{"@type":"ListItem","position":2,"name":"Shop","item":"https:\/\/fittwear.nl\/shop\/"},{"@type":"ListItem","position":3,"name":"Brave Top Ink Blue"}]},{"@type":"WebSite","@id":"https:\/\/fittwear.nl\/#website","url":"https:\/\/fittwear.nl\/","name":"FITTwear.co.uk","description":"C'est le moment de briller !","publisher":{"@id":"https:\/\/fittwear.nl\/#organization"},"potentialAction":[{"@type":"SearchAction","target":{"@type":"EntryPoint","urlTemplate":"https:\/\/fittwear.nl\/?s={search_term_string}"},"query-input":{"@type":"PropertyValueSpecification","valueRequired":true,"valueName":"search_term_string"}}],"inLanguage":"fr-FR"},{"@type":"Organization","@id":"https:\/\/fittwear.nl\/#organization","name":"FITTwear.co.uk","url":"https:\/\/fittwear.nl\/","logo":{"@type":"ImageObject","inLanguage":"fr-FR","@id":"https:\/\/fittwear.nl\/#\/schema\/logo\/image\/","url":"https:\/\/fittwear.nl\/wp-content\/uploads\/2024\/07\/FITT-Logo-BeYOUtiful-website-homepage_Tekengebied-1-scaled.jpg","contentUrl":"https:\/\/fittwear.nl\/wp-content\/uploads\/2024\/07\/FITT-Logo-BeYOUtiful-website-homepage_Tekengebied-1-scaled.jpg","width":2560,"height":599,"caption":"FITTwear.nl"},"image":{"@id":"https:\/\/fittwear.nl\/#\/schema\/logo\/image\/"}}]}},"_links":{"self":[{"href":"https:\/\/fittwear.nl\/fr\/wp-json\/wp\/v2\/product\/38778","targetHints":{"allow":["GET"]}}],"collection":[{"href":"https:\/\/fittwear.nl\/fr\/wp-json\/wp\/v2\/product"}],"about":[{"href":"https:\/\/fittwear.nl\/fr\/wp-json\/wp\/v2\/types\/product"}],"wp:featuredmedia":[{"embeddable":true,"href":"https:\/\/fittwear.nl\/fr\/wp-json\/wp\/v2\/media\/42876"}],"wp:attachment":[{"href":"https:\/\/fittwear.nl\/fr\/wp-json\/wp\/v2\/media?parent=38778"}],"wp:term":[{"taxonomy":"product_brand","embeddable":true,"href":"https:\/\/fittwear.nl\/fr\/wp-json\/wp\/v2\/product_brand?post=38778"},{"taxonomy":"product_cat","embeddable":true,"href":"https:\/\/fittwear.nl\/fr\/wp-json\/wp\/v2\/product_cat?post=38778"},{"taxonomy":"product_tag","embeddable":true,"href":"https:\/\/fittwear.nl\/fr\/wp-json\/wp\/v2\/product_tag?post=38778"}],"curies":[{"name":"wp","href":"https:\/\/api.w.org\/{rel}","templated":true}]}}