{"id":38790,"date":"2022-07-28T14:34:42","date_gmt":"2022-07-28T12:34:42","guid":{"rendered":"https:\/\/fittwear.nl\/?post_type=product&#038;p=38790"},"modified":"2026-04-29T19:03:35","modified_gmt":"2026-04-29T17:03:35","slug":"brave-top-vert","status":"publish","type":"product","link":"https:\/\/fittwear.nl\/fr\/product\/brave-top-green\/","title":{"rendered":"Brave Top Vert"},"content":{"rendered":"<p>- Top de sport tendance<\/p>\n<p>- Les favoris de toujours<\/p>\n<p>- Coussinets amovibles<\/p>\n<p>- Peut \u00eatre port\u00e9 sans soutien-gorge<\/p>\n<p>- Respirabilit\u00e9<\/p>\n<p>- Tissu \u00e0 s\u00e9chage rapide<\/p>\n<p>- 100% polyester<\/p>\n<p>- Couleur : vert<\/p>\n<p>- Le mod\u00e8le Doete mesure 1,76 et porte la taille S.<\/p>","protected":false},"excerpt":{"rendered":"<p>Un haut de sport pr\u00e9f\u00e9r\u00e9 de tous les temps, dans une couleur verte facile \u00e0 combiner avec tous vos v\u00eatements de sport ! Gr\u00e2ce aux coussinets, ce haut peut \u00eatre port\u00e9 sans soutien-gorge de sport. Un v\u00e9ritable must-have \u00e0 ajouter \u00e0 votre collection de v\u00eatements de sport ! Le haut est disponible en plusieurs couleurs.<\/p>\n<p><strong>Le mod\u00e8le Sigrid mesure 1,83 et porte la taille XL.<\/strong><\/p>","protected":false},"featured_media":42880,"template":"","meta":{"_acf_changed":false},"product_brand":[],"product_cat":[4836,4812,4794,27,79,81,65],"product_tag":[],"class_list":{"0":"post-38790","1":"product","2":"type-product","3":"status-publish","4":"has-post-thumbnail","6":"product_cat-sleeveless-tanktops-dames","7":"product_cat-forever-favorites-categorie","8":"product_cat-mindful-movement","9":"product_cat-dames","10":"product_cat-tanktops-dames","11":"product_cat-crop-tops","12":"product_cat-yogakleding","14":"first","15":"instock","16":"taxable","17":"shipping-taxable","18":"purchasable","19":"product-type-variable","20":"has-default-attributes"},"acf":[],"yoast_head":"<!-- This site is optimized with the Yoast SEO plugin v27.1.1 - https:\/\/yoast.com\/product\/yoast-seo-wordpress\/ -->\n<title>Brave Top Green - FITTwear.nl<\/title>\n<meta name=\"description\" content=\"Sport top lichtgewicht, ademend en sneldrogend vermogen voor tijdens je workout. Met pads voor extra ondersteuning.\" \/>\n<meta name=\"robots\" content=\"index, follow, max-snippet:-1, max-image-preview:large, max-video-preview:-1\" \/>\n<link rel=\"canonical\" href=\"https:\/\/fittwear.nl\/fr\/produit-2\/brave-top-vert\/\" \/>\n<meta property=\"og:locale\" content=\"fr_FR\" \/>\n<meta property=\"og:type\" content=\"article\" \/>\n<meta property=\"og:title\" content=\"Brave Top Green - FITTwear.nl\" \/>\n<meta property=\"og:description\" content=\"Sport top lichtgewicht, ademend en sneldrogend vermogen voor tijdens je workout. Met pads voor extra ondersteuning.\" \/>\n<meta property=\"og:url\" content=\"https:\/\/fittwear.nl\/fr\/produit-2\/brave-top-vert\/\" \/>\n<meta property=\"og:site_name\" content=\"FITTwear.nl\" \/>\n<meta property=\"article:modified_time\" content=\"2026-04-29T17:03:35+00:00\" \/>\n<meta property=\"og:image\" content=\"https:\/\/fittwear.nl\/wp-content\/uploads\/2022\/07\/curve-grijs_Voorkant-boven_jpg_1.jpg\" \/>\n\t<meta property=\"og:image:width\" content=\"1200\" \/>\n\t<meta property=\"og:image:height\" content=\"1800\" \/>\n\t<meta property=\"og:image:type\" content=\"image\/jpeg\" \/>\n<meta name=\"twitter:card\" content=\"summary_large_image\" \/>\n<meta name=\"twitter:label1\" content=\"Dur\u00e9e de lecture estim\u00e9e\" \/>\n\t<meta name=\"twitter:data1\" content=\"1 minute\" \/>\n<script type=\"application\/ld+json\" class=\"yoast-schema-graph\">{\"@context\":\"https:\/\/schema.org\",\"@graph\":[{\"@type\":\"WebPage\",\"@id\":\"https:\/\/fittwear.nl\/product\/brave-top-green\/\",\"url\":\"https:\/\/fittwear.nl\/product\/brave-top-green\/\",\"name\":\"Brave Top Green - FITTwear.nl\",\"isPartOf\":{\"@id\":\"https:\/\/fittwear.nl\/#website\"},\"primaryImageOfPage\":{\"@id\":\"https:\/\/fittwear.nl\/product\/brave-top-green\/#primaryimage\"},\"image\":{\"@id\":\"https:\/\/fittwear.nl\/product\/brave-top-green\/#primaryimage\"},\"thumbnailUrl\":\"https:\/\/fittwear.nl\/wp-content\/uploads\/2022\/07\/curve-grijs_Voorkant-boven_jpg_1.jpg\",\"datePublished\":\"2022-07-28T12:34:42+00:00\",\"dateModified\":\"2026-04-29T17:03:35+00:00\",\"description\":\"Sport top lichtgewicht, ademend en sneldrogend vermogen voor tijdens je workout. Met pads voor extra ondersteuning.\",\"breadcrumb\":{\"@id\":\"https:\/\/fittwear.nl\/product\/brave-top-green\/#breadcrumb\"},\"inLanguage\":\"fr-FR\",\"potentialAction\":[{\"@type\":\"ReadAction\",\"target\":[\"https:\/\/fittwear.nl\/product\/brave-top-green\/\"]}]},{\"@type\":\"ImageObject\",\"inLanguage\":\"fr-FR\",\"@id\":\"https:\/\/fittwear.nl\/product\/brave-top-green\/#primaryimage\",\"url\":\"https:\/\/fittwear.nl\/wp-content\/uploads\/2022\/07\/curve-grijs_Voorkant-boven_jpg_1.jpg\",\"contentUrl\":\"https:\/\/fittwear.nl\/wp-content\/uploads\/2022\/07\/curve-grijs_Voorkant-boven_jpg_1.jpg\",\"width\":1200,\"height\":1800},{\"@type\":\"BreadcrumbList\",\"@id\":\"https:\/\/fittwear.nl\/product\/brave-top-green\/#breadcrumb\",\"itemListElement\":[{\"@type\":\"ListItem\",\"position\":1,\"name\":\"Home\",\"item\":\"https:\/\/fittwear.nl\/\"},{\"@type\":\"ListItem\",\"position\":2,\"name\":\"Shop\",\"item\":\"https:\/\/fittwear.nl\/shop\/\"},{\"@type\":\"ListItem\",\"position\":3,\"name\":\"Brave Top Green\"}]},{\"@type\":\"WebSite\",\"@id\":\"https:\/\/fittwear.nl\/#website\",\"url\":\"https:\/\/fittwear.nl\/\",\"name\":\"FITTwear.nl\",\"description\":\"Time to shine!\",\"publisher\":{\"@id\":\"https:\/\/fittwear.nl\/#organization\"},\"potentialAction\":[{\"@type\":\"SearchAction\",\"target\":{\"@type\":\"EntryPoint\",\"urlTemplate\":\"https:\/\/fittwear.nl\/?s={search_term_string}\"},\"query-input\":{\"@type\":\"PropertyValueSpecification\",\"valueRequired\":true,\"valueName\":\"search_term_string\"}}],\"inLanguage\":\"fr-FR\"},{\"@type\":\"Organization\",\"@id\":\"https:\/\/fittwear.nl\/#organization\",\"name\":\"FITTwear.nl\",\"url\":\"https:\/\/fittwear.nl\/\",\"logo\":{\"@type\":\"ImageObject\",\"inLanguage\":\"fr-FR\",\"@id\":\"https:\/\/fittwear.nl\/#\/schema\/logo\/image\/\",\"url\":\"https:\/\/fittwear.nl\/wp-content\/uploads\/2024\/07\/FITT-Logo-BeYOUtiful-website-homepage_Tekengebied-1-scaled.jpg\",\"contentUrl\":\"https:\/\/fittwear.nl\/wp-content\/uploads\/2024\/07\/FITT-Logo-BeYOUtiful-website-homepage_Tekengebied-1-scaled.jpg\",\"width\":2560,\"height\":599,\"caption\":\"FITTwear.nl\"},\"image\":{\"@id\":\"https:\/\/fittwear.nl\/#\/schema\/logo\/image\/\"}}]}<\/script>\n<!-- \/ Yoast SEO plugin. -->","yoast_head_json":{"title":"Top Brave vert - FITTwear.co.uk","description":"Top de sport l\u00e9ger, respirant et \u00e0 s\u00e9chage rapide pour votre s\u00e9ance d'entra\u00eenement. Avec des coussinets pour un soutien suppl\u00e9mentaire.","robots":{"index":"index","follow":"follow","max-snippet":"max-snippet:-1","max-image-preview":"max-image-preview:large","max-video-preview":"max-video-preview:-1"},"canonical":"https:\/\/fittwear.nl\/fr\/produit-2\/brave-top-vert\/","og_locale":"fr_FR","og_type":"article","og_title":"Brave Top Green - FITTwear.nl","og_description":"Sport top lichtgewicht, ademend en sneldrogend vermogen voor tijdens je workout. Met pads voor extra ondersteuning.","og_url":"https:\/\/fittwear.nl\/fr\/produit-2\/brave-top-vert\/","og_site_name":"FITTwear.nl","article_modified_time":"2026-04-29T17:03:35+00:00","og_image":[{"width":1200,"height":1800,"url":"https:\/\/fittwear.nl\/wp-content\/uploads\/2022\/07\/curve-grijs_Voorkant-boven_jpg_1.jpg","type":"image\/jpeg"}],"twitter_card":"summary_large_image","twitter_misc":{"Dur\u00e9e de lecture estim\u00e9e":"1 minute"},"schema":{"@context":"https:\/\/schema.org","@graph":[{"@type":"WebPage","@id":"https:\/\/fittwear.nl\/product\/brave-top-green\/","url":"https:\/\/fittwear.nl\/product\/brave-top-green\/","name":"Top Brave vert - FITTwear.co.uk","isPartOf":{"@id":"https:\/\/fittwear.nl\/#website"},"primaryImageOfPage":{"@id":"https:\/\/fittwear.nl\/product\/brave-top-green\/#primaryimage"},"image":{"@id":"https:\/\/fittwear.nl\/product\/brave-top-green\/#primaryimage"},"thumbnailUrl":"https:\/\/fittwear.nl\/wp-content\/uploads\/2022\/07\/curve-grijs_Voorkant-boven_jpg_1.jpg","datePublished":"2022-07-28T12:34:42+00:00","dateModified":"2026-04-29T17:03:35+00:00","description":"Top de sport l\u00e9ger, respirant et \u00e0 s\u00e9chage rapide pour votre s\u00e9ance d'entra\u00eenement. Avec des coussinets pour un soutien suppl\u00e9mentaire.","breadcrumb":{"@id":"https:\/\/fittwear.nl\/product\/brave-top-green\/#breadcrumb"},"inLanguage":"fr-FR","potentialAction":[{"@type":"ReadAction","target":["https:\/\/fittwear.nl\/product\/brave-top-green\/"]}]},{"@type":"ImageObject","inLanguage":"fr-FR","@id":"https:\/\/fittwear.nl\/product\/brave-top-green\/#primaryimage","url":"https:\/\/fittwear.nl\/wp-content\/uploads\/2022\/07\/curve-grijs_Voorkant-boven_jpg_1.jpg","contentUrl":"https:\/\/fittwear.nl\/wp-content\/uploads\/2022\/07\/curve-grijs_Voorkant-boven_jpg_1.jpg","width":1200,"height":1800},{"@type":"BreadcrumbList","@id":"https:\/\/fittwear.nl\/product\/brave-top-green\/#breadcrumb","itemListElement":[{"@type":"ListItem","position":1,"name":"Home","item":"https:\/\/fittwear.nl\/"},{"@type":"ListItem","position":2,"name":"Shop","item":"https:\/\/fittwear.nl\/shop\/"},{"@type":"ListItem","position":3,"name":"Brave Top Green"}]},{"@type":"WebSite","@id":"https:\/\/fittwear.nl\/#website","url":"https:\/\/fittwear.nl\/","name":"FITTwear.co.uk","description":"C'est le moment de briller !","publisher":{"@id":"https:\/\/fittwear.nl\/#organization"},"potentialAction":[{"@type":"SearchAction","target":{"@type":"EntryPoint","urlTemplate":"https:\/\/fittwear.nl\/?s={search_term_string}"},"query-input":{"@type":"PropertyValueSpecification","valueRequired":true,"valueName":"search_term_string"}}],"inLanguage":"fr-FR"},{"@type":"Organization","@id":"https:\/\/fittwear.nl\/#organization","name":"FITTwear.co.uk","url":"https:\/\/fittwear.nl\/","logo":{"@type":"ImageObject","inLanguage":"fr-FR","@id":"https:\/\/fittwear.nl\/#\/schema\/logo\/image\/","url":"https:\/\/fittwear.nl\/wp-content\/uploads\/2024\/07\/FITT-Logo-BeYOUtiful-website-homepage_Tekengebied-1-scaled.jpg","contentUrl":"https:\/\/fittwear.nl\/wp-content\/uploads\/2024\/07\/FITT-Logo-BeYOUtiful-website-homepage_Tekengebied-1-scaled.jpg","width":2560,"height":599,"caption":"FITTwear.nl"},"image":{"@id":"https:\/\/fittwear.nl\/#\/schema\/logo\/image\/"}}]}},"_links":{"self":[{"href":"https:\/\/fittwear.nl\/fr\/wp-json\/wp\/v2\/product\/38790","targetHints":{"allow":["GET"]}}],"collection":[{"href":"https:\/\/fittwear.nl\/fr\/wp-json\/wp\/v2\/product"}],"about":[{"href":"https:\/\/fittwear.nl\/fr\/wp-json\/wp\/v2\/types\/product"}],"wp:featuredmedia":[{"embeddable":true,"href":"https:\/\/fittwear.nl\/fr\/wp-json\/wp\/v2\/media\/42880"}],"wp:attachment":[{"href":"https:\/\/fittwear.nl\/fr\/wp-json\/wp\/v2\/media?parent=38790"}],"wp:term":[{"taxonomy":"product_brand","embeddable":true,"href":"https:\/\/fittwear.nl\/fr\/wp-json\/wp\/v2\/product_brand?post=38790"},{"taxonomy":"product_cat","embeddable":true,"href":"https:\/\/fittwear.nl\/fr\/wp-json\/wp\/v2\/product_cat?post=38790"},{"taxonomy":"product_tag","embeddable":true,"href":"https:\/\/fittwear.nl\/fr\/wp-json\/wp\/v2\/product_tag?post=38790"}],"curies":[{"name":"wp","href":"https:\/\/api.w.org\/{rel}","templated":true}]}}