{"id":41911,"date":"2022-09-28T14:23:09","date_gmt":"2022-09-28T12:23:09","guid":{"rendered":"https:\/\/fittwear.nl\/?post_type=product&#038;p=41911"},"modified":"2026-04-26T14:03:13","modified_gmt":"2026-04-26T12:03:13","slug":"camo-comfort-legging-blue-rose","status":"publish","type":"product","link":"https:\/\/fittwear.nl\/fr\/product\/camo-comfort-legging-blue-ink\/","title":{"rendered":"Legging Camo Comfort Bleu encre"},"content":{"rendered":"<p>Sp\u00e9cifications :<\/p>\n<p>-Legging taille haute avec ceinture c\u00f4tel\u00e9e.<\/p>\n<p>-Sans soudure<\/p>\n<p>-Logo brod\u00e9 au dos du legging.<\/p>\n<p>-Squatproof<\/p>\n<p>-Reste en place et ne s'affaisse pas<\/p>\n<p>-Fait de nylon 72% et de polyester 20%.<\/p>\n<p>-Lavable jusqu'\u00e0 30\u00b0.<\/p>\n<p>-Couleur : bleu encre<\/p>","protected":false},"excerpt":{"rendered":"<p><strong>Taille : Les leggings sont de taille normale.<\/strong><\/p>\n<p>Vous cherchez un legging de sport color\u00e9 et cool ? Alors le legging camo sans coutures est fait pour vous ! Ce legging est fabriqu\u00e9 dans une mati\u00e8re douce et extensible qui vous donnera l'impression d'\u00eatre une seconde peau. Avec sa taille haute c\u00f4tel\u00e9e, il r\u00e9sistera \u00e0 tous les entra\u00eenements difficiles. Le legging est enti\u00e8rement r\u00e9sistant aux squats et porte un logo FITT brod\u00e9. Disponible en plusieurs couleurs tendance !<\/p>\n<p>La taille est un peu plus grande, nous vous recommandons donc de commander une taille inf\u00e9rieure.<\/p>\n<p>LE MOD\u00c8LE PORTE LA TAILLE S<\/p>","protected":false},"featured_media":42825,"template":"","meta":{"_acf_changed":false},"product_brand":[],"product_cat":[4797,27,4743,28,4793,84,85,61],"product_tag":[],"class_list":{"0":"post-41911","1":"product","2":"type-product","3":"status-publish","4":"has-post-thumbnail","6":"product_cat-blue-waves","7":"product_cat-dames","8":"product_cat-geen-scrunch","9":"product_cat-leggings","10":"product_cat-power-prints","11":"product_cat-prints","12":"product_cat-seamless","13":"product_cat-shoppen-op-stijl","15":"first","16":"outofstock","17":"sale","18":"taxable","19":"shipping-taxable","20":"product-type-variable","21":"has-default-attributes"},"acf":[],"yoast_head":"<!-- This site is optimized with the Yoast SEO plugin v27.1.1 - https:\/\/yoast.com\/product\/yoast-seo-wordpress\/ -->\n<title>Camo Comfort Legging Ink Blue - FITTwear.nl<\/title>\n<meta name=\"description\" content=\"Maatvoering: De legging valt op maat.  Opzoek naar een kleurrijke en stoere sportlegging? Dan is de camo seamless legging echt iets voor jou! De legging is gemaakt van een zacht en stretchy materiaal waardoor hij zal aanvoelen als een second skin. Door de geribbelde highwaist band zal hij elke pittige work-out doorstaan. De legging is volledig squatproof en heeft een geborduurd FITT logo. Beschikbaar in meerdere trendy kleuren!  De maat valt wat groter, dus we raden aan een maat kleiner te bestellen.  MODEL DRAAGT MAAT S\" \/>\n<meta name=\"robots\" content=\"index, follow, max-snippet:-1, max-image-preview:large, max-video-preview:-1\" \/>\n<link rel=\"canonical\" href=\"https:\/\/fittwear.nl\/fr\/produit-2\/camo-comfort-legging-blue-rose\/\" \/>\n<meta property=\"og:locale\" content=\"fr_FR\" \/>\n<meta property=\"og:type\" content=\"article\" \/>\n<meta property=\"og:title\" content=\"Camo Comfort Legging Ink Blue - FITTwear.nl\" \/>\n<meta property=\"og:description\" content=\"Maatvoering: De legging valt op maat.  Opzoek naar een kleurrijke en stoere sportlegging? Dan is de camo seamless legging echt iets voor jou! De legging is gemaakt van een zacht en stretchy materiaal waardoor hij zal aanvoelen als een second skin. Door de geribbelde highwaist band zal hij elke pittige work-out doorstaan. De legging is volledig squatproof en heeft een geborduurd FITT logo. Beschikbaar in meerdere trendy kleuren!  De maat valt wat groter, dus we raden aan een maat kleiner te bestellen.  MODEL DRAAGT MAAT S\" \/>\n<meta property=\"og:url\" content=\"https:\/\/fittwear.nl\/fr\/produit-2\/camo-comfort-legging-blue-rose\/\" \/>\n<meta property=\"og:site_name\" content=\"FITTwear.nl\" \/>\n<meta property=\"article:modified_time\" content=\"2026-04-26T12:03:13+00:00\" \/>\n<meta property=\"og:image\" content=\"https:\/\/fittwear.nl\/wp-content\/uploads\/2022\/09\/P221013123034_Voorkant-onder_jpg_7.jpg\" \/>\n\t<meta property=\"og:image:width\" content=\"1200\" \/>\n\t<meta property=\"og:image:height\" content=\"1800\" \/>\n\t<meta property=\"og:image:type\" content=\"image\/jpeg\" \/>\n<meta name=\"twitter:card\" content=\"summary_large_image\" \/>\n<meta name=\"twitter:label1\" content=\"Dur\u00e9e de lecture estim\u00e9e\" \/>\n\t<meta name=\"twitter:data1\" content=\"1 minute\" \/>\n<script type=\"application\/ld+json\" class=\"yoast-schema-graph\">{\"@context\":\"https:\/\/schema.org\",\"@graph\":[{\"@type\":\"WebPage\",\"@id\":\"https:\/\/fittwear.nl\/product\/camo-comfort-legging-blue-ink\/\",\"url\":\"https:\/\/fittwear.nl\/product\/camo-comfort-legging-blue-ink\/\",\"name\":\"Camo Comfort Legging Ink Blue - FITTwear.nl\",\"isPartOf\":{\"@id\":\"https:\/\/fittwear.nl\/#website\"},\"primaryImageOfPage\":{\"@id\":\"https:\/\/fittwear.nl\/product\/camo-comfort-legging-blue-ink\/#primaryimage\"},\"image\":{\"@id\":\"https:\/\/fittwear.nl\/product\/camo-comfort-legging-blue-ink\/#primaryimage\"},\"thumbnailUrl\":\"https:\/\/fittwear.nl\/wp-content\/uploads\/2022\/09\/P221013123034_Voorkant-onder_jpg_7.jpg\",\"datePublished\":\"2022-09-28T12:23:09+00:00\",\"dateModified\":\"2026-04-26T12:03:13+00:00\",\"description\":\"Maatvoering: De legging valt op maat. Opzoek naar een kleurrijke en stoere sportlegging? Dan is de camo seamless legging echt iets voor jou! De legging is gemaakt van een zacht en stretchy materiaal waardoor hij zal aanvoelen als een second skin. Door de geribbelde highwaist band zal hij elke pittige work-out doorstaan. De legging is volledig squatproof en heeft een geborduurd FITT logo. Beschikbaar in meerdere trendy kleuren! De maat valt wat groter, dus we raden aan een maat kleiner te bestellen. MODEL DRAAGT MAAT S\",\"breadcrumb\":{\"@id\":\"https:\/\/fittwear.nl\/product\/camo-comfort-legging-blue-ink\/#breadcrumb\"},\"inLanguage\":\"fr-FR\",\"potentialAction\":[{\"@type\":\"ReadAction\",\"target\":[\"https:\/\/fittwear.nl\/product\/camo-comfort-legging-blue-ink\/\"]}]},{\"@type\":\"ImageObject\",\"inLanguage\":\"fr-FR\",\"@id\":\"https:\/\/fittwear.nl\/product\/camo-comfort-legging-blue-ink\/#primaryimage\",\"url\":\"https:\/\/fittwear.nl\/wp-content\/uploads\/2022\/09\/P221013123034_Voorkant-onder_jpg_7.jpg\",\"contentUrl\":\"https:\/\/fittwear.nl\/wp-content\/uploads\/2022\/09\/P221013123034_Voorkant-onder_jpg_7.jpg\",\"width\":1200,\"height\":1800},{\"@type\":\"BreadcrumbList\",\"@id\":\"https:\/\/fittwear.nl\/product\/camo-comfort-legging-blue-ink\/#breadcrumb\",\"itemListElement\":[{\"@type\":\"ListItem\",\"position\":1,\"name\":\"Home\",\"item\":\"https:\/\/fittwear.nl\/\"},{\"@type\":\"ListItem\",\"position\":2,\"name\":\"Shop\",\"item\":\"https:\/\/fittwear.nl\/shop\/\"},{\"@type\":\"ListItem\",\"position\":3,\"name\":\"Camo Comfort Legging Ink Blue\"}]},{\"@type\":\"WebSite\",\"@id\":\"https:\/\/fittwear.nl\/#website\",\"url\":\"https:\/\/fittwear.nl\/\",\"name\":\"FITTwear.nl\",\"description\":\"Time to shine!\",\"publisher\":{\"@id\":\"https:\/\/fittwear.nl\/#organization\"},\"potentialAction\":[{\"@type\":\"SearchAction\",\"target\":{\"@type\":\"EntryPoint\",\"urlTemplate\":\"https:\/\/fittwear.nl\/?s={search_term_string}\"},\"query-input\":{\"@type\":\"PropertyValueSpecification\",\"valueRequired\":true,\"valueName\":\"search_term_string\"}}],\"inLanguage\":\"fr-FR\"},{\"@type\":\"Organization\",\"@id\":\"https:\/\/fittwear.nl\/#organization\",\"name\":\"FITTwear.nl\",\"url\":\"https:\/\/fittwear.nl\/\",\"logo\":{\"@type\":\"ImageObject\",\"inLanguage\":\"fr-FR\",\"@id\":\"https:\/\/fittwear.nl\/#\/schema\/logo\/image\/\",\"url\":\"https:\/\/fittwear.nl\/wp-content\/uploads\/2024\/07\/FITT-Logo-BeYOUtiful-website-homepage_Tekengebied-1-scaled.jpg\",\"contentUrl\":\"https:\/\/fittwear.nl\/wp-content\/uploads\/2024\/07\/FITT-Logo-BeYOUtiful-website-homepage_Tekengebied-1-scaled.jpg\",\"width\":2560,\"height\":599,\"caption\":\"FITTwear.nl\"},\"image\":{\"@id\":\"https:\/\/fittwear.nl\/#\/schema\/logo\/image\/\"}}]}<\/script>\n<!-- \/ Yoast SEO plugin. -->","yoast_head_json":{"title":"Legging Camo Comfort Bleu Encre - FITTwear.fr","description":"Taille : Le legging est fid\u00e8le \u00e0 la taille.  Vous cherchez un legging de sport color\u00e9 et cool ? Alors le legging camo sans coutures est fait pour vous ! Ce legging est fait d'une mati\u00e8re douce et extensible qui vous donnera l'impression d'\u00eatre une seconde peau. Avec sa taille haute c\u00f4tel\u00e9e, il r\u00e9sistera \u00e0 tous les entra\u00eenements difficiles. Le legging est enti\u00e8rement r\u00e9sistant aux squats et porte un logo FITT brod\u00e9. Disponible en plusieurs couleurs tendance !  La taille est un peu plus grande, nous vous recommandons donc de commander une taille en dessous.  LE MOD\u00c8LE PORTE LA TAILLE S","robots":{"index":"index","follow":"follow","max-snippet":"max-snippet:-1","max-image-preview":"max-image-preview:large","max-video-preview":"max-video-preview:-1"},"canonical":"https:\/\/fittwear.nl\/fr\/produit-2\/camo-comfort-legging-blue-rose\/","og_locale":"fr_FR","og_type":"article","og_title":"Camo Comfort Legging Ink Blue - FITTwear.nl","og_description":"Maatvoering: De legging valt op maat.  Opzoek naar een kleurrijke en stoere sportlegging? Dan is de camo seamless legging echt iets voor jou! De legging is gemaakt van een zacht en stretchy materiaal waardoor hij zal aanvoelen als een second skin. Door de geribbelde highwaist band zal hij elke pittige work-out doorstaan. De legging is volledig squatproof en heeft een geborduurd FITT logo. Beschikbaar in meerdere trendy kleuren!  De maat valt wat groter, dus we raden aan een maat kleiner te bestellen.  MODEL DRAAGT MAAT S","og_url":"https:\/\/fittwear.nl\/fr\/produit-2\/camo-comfort-legging-blue-rose\/","og_site_name":"FITTwear.nl","article_modified_time":"2026-04-26T12:03:13+00:00","og_image":[{"width":1200,"height":1800,"url":"https:\/\/fittwear.nl\/wp-content\/uploads\/2022\/09\/P221013123034_Voorkant-onder_jpg_7.jpg","type":"image\/jpeg"}],"twitter_card":"summary_large_image","twitter_misc":{"Dur\u00e9e de lecture estim\u00e9e":"1 minute"},"schema":{"@context":"https:\/\/schema.org","@graph":[{"@type":"WebPage","@id":"https:\/\/fittwear.nl\/product\/camo-comfort-legging-blue-ink\/","url":"https:\/\/fittwear.nl\/product\/camo-comfort-legging-blue-ink\/","name":"Legging Camo Comfort Bleu Encre - FITTwear.fr","isPartOf":{"@id":"https:\/\/fittwear.nl\/#website"},"primaryImageOfPage":{"@id":"https:\/\/fittwear.nl\/product\/camo-comfort-legging-blue-ink\/#primaryimage"},"image":{"@id":"https:\/\/fittwear.nl\/product\/camo-comfort-legging-blue-ink\/#primaryimage"},"thumbnailUrl":"https:\/\/fittwear.nl\/wp-content\/uploads\/2022\/09\/P221013123034_Voorkant-onder_jpg_7.jpg","datePublished":"2022-09-28T12:23:09+00:00","dateModified":"2026-04-26T12:03:13+00:00","description":"Taille : Le legging est fid\u00e8le \u00e0 la taille. Vous cherchez un legging de sport color\u00e9 et cool ? Alors le legging camo sans coutures est fait pour vous ! Ce legging est fait d'une mati\u00e8re douce et extensible qui vous donnera l'impression d'\u00eatre une seconde peau. Avec sa taille haute c\u00f4tel\u00e9e, il r\u00e9sistera \u00e0 tous les entra\u00eenements difficiles. Le legging est enti\u00e8rement r\u00e9sistant aux squats et porte un logo FITT brod\u00e9. Disponible en plusieurs couleurs tendance ! La taille est un peu plus grande, nous vous recommandons donc de commander une taille en dessous. LE MOD\u00c8LE PORTE LA TAILLE S","breadcrumb":{"@id":"https:\/\/fittwear.nl\/product\/camo-comfort-legging-blue-ink\/#breadcrumb"},"inLanguage":"fr-FR","potentialAction":[{"@type":"ReadAction","target":["https:\/\/fittwear.nl\/product\/camo-comfort-legging-blue-ink\/"]}]},{"@type":"ImageObject","inLanguage":"fr-FR","@id":"https:\/\/fittwear.nl\/product\/camo-comfort-legging-blue-ink\/#primaryimage","url":"https:\/\/fittwear.nl\/wp-content\/uploads\/2022\/09\/P221013123034_Voorkant-onder_jpg_7.jpg","contentUrl":"https:\/\/fittwear.nl\/wp-content\/uploads\/2022\/09\/P221013123034_Voorkant-onder_jpg_7.jpg","width":1200,"height":1800},{"@type":"BreadcrumbList","@id":"https:\/\/fittwear.nl\/product\/camo-comfort-legging-blue-ink\/#breadcrumb","itemListElement":[{"@type":"ListItem","position":1,"name":"Home","item":"https:\/\/fittwear.nl\/"},{"@type":"ListItem","position":2,"name":"Shop","item":"https:\/\/fittwear.nl\/shop\/"},{"@type":"ListItem","position":3,"name":"Camo Comfort Legging Ink Blue"}]},{"@type":"WebSite","@id":"https:\/\/fittwear.nl\/#website","url":"https:\/\/fittwear.nl\/","name":"FITTwear.co.uk","description":"C'est le moment de briller !","publisher":{"@id":"https:\/\/fittwear.nl\/#organization"},"potentialAction":[{"@type":"SearchAction","target":{"@type":"EntryPoint","urlTemplate":"https:\/\/fittwear.nl\/?s={search_term_string}"},"query-input":{"@type":"PropertyValueSpecification","valueRequired":true,"valueName":"search_term_string"}}],"inLanguage":"fr-FR"},{"@type":"Organization","@id":"https:\/\/fittwear.nl\/#organization","name":"FITTwear.co.uk","url":"https:\/\/fittwear.nl\/","logo":{"@type":"ImageObject","inLanguage":"fr-FR","@id":"https:\/\/fittwear.nl\/#\/schema\/logo\/image\/","url":"https:\/\/fittwear.nl\/wp-content\/uploads\/2024\/07\/FITT-Logo-BeYOUtiful-website-homepage_Tekengebied-1-scaled.jpg","contentUrl":"https:\/\/fittwear.nl\/wp-content\/uploads\/2024\/07\/FITT-Logo-BeYOUtiful-website-homepage_Tekengebied-1-scaled.jpg","width":2560,"height":599,"caption":"FITTwear.nl"},"image":{"@id":"https:\/\/fittwear.nl\/#\/schema\/logo\/image\/"}}]}},"_links":{"self":[{"href":"https:\/\/fittwear.nl\/fr\/wp-json\/wp\/v2\/product\/41911","targetHints":{"allow":["GET"]}}],"collection":[{"href":"https:\/\/fittwear.nl\/fr\/wp-json\/wp\/v2\/product"}],"about":[{"href":"https:\/\/fittwear.nl\/fr\/wp-json\/wp\/v2\/types\/product"}],"wp:featuredmedia":[{"embeddable":true,"href":"https:\/\/fittwear.nl\/fr\/wp-json\/wp\/v2\/media\/42825"}],"wp:attachment":[{"href":"https:\/\/fittwear.nl\/fr\/wp-json\/wp\/v2\/media?parent=41911"}],"wp:term":[{"taxonomy":"product_brand","embeddable":true,"href":"https:\/\/fittwear.nl\/fr\/wp-json\/wp\/v2\/product_brand?post=41911"},{"taxonomy":"product_cat","embeddable":true,"href":"https:\/\/fittwear.nl\/fr\/wp-json\/wp\/v2\/product_cat?post=41911"},{"taxonomy":"product_tag","embeddable":true,"href":"https:\/\/fittwear.nl\/fr\/wp-json\/wp\/v2\/product_tag?post=41911"}],"curies":[{"name":"wp","href":"https:\/\/api.w.org\/{rel}","templated":true}]}}