{"id":41923,"date":"2022-09-28T15:40:13","date_gmt":"2022-09-28T13:40:13","guid":{"rendered":"https:\/\/fittwear.nl\/?post_type=product&#038;p=41923"},"modified":"2026-04-07T13:15:28","modified_gmt":"2026-04-07T11:15:28","slug":"camo-comfort-shorts-rose","status":"publish","type":"product","link":"https:\/\/fittwear.nl\/fr\/product\/camo-comfort-shorts-pink\/","title":{"rendered":"Short confort camo rose"},"content":{"rendered":"<p>-Short \u00e0 taille haute avec ceinture c\u00f4tel\u00e9e.<\/p>\n<p>-Sans soudure<\/p>\n<p>-Logo imprim\u00e9 \u00e0 l'arri\u00e8re du short.<\/p>\n<p>-Squatproof<\/p>\n<p>-Reste en place et ne s'affaisse pas<\/p>\n<p>-Fabriqu\u00e9 en nylon 72%, polyester 20% et spandex 8%.<\/p>","protected":false},"excerpt":{"rendered":"<p>L'\u00e9t\u00e9 est l\u00e0 ! Cela signifie que c'est le temps pour les shorts color\u00e9s ! Le short confort camo est fabriqu\u00e9 dans une mati\u00e8re douce et extensible et pr\u00e9sente un motif camo. La taille haute c\u00f4tel\u00e9e leur permet de r\u00e9sister \u00e0 toute s\u00e9ance d'entra\u00eenement intense. Le short orange est enti\u00e8rement r\u00e9sistant aux squats et poss\u00e8de un logo FITT brod\u00e9 dans le dos. Disponible en plusieurs couleurs tendance !<\/p>\n<p>La taille est plus grande, nous recommandons donc de commander une taille en dessous.<\/p>\n<p>Le mod\u00e8le Doete mesure 1,76 et porte la taille XS.<\/p>","protected":false},"featured_media":42901,"template":"","meta":{"_acf_changed":false},"product_brand":[],"product_cat":[27,4744,54,4793,61,93],"product_tag":[],"class_list":{"0":"post-41923","1":"product","2":"type-product","3":"status-publish","4":"has-post-thumbnail","6":"product_cat-dames","7":"product_cat-geen-scrunch-shorts","8":"product_cat-new","9":"product_cat-power-prints","10":"product_cat-shoppen-op-stijl","11":"product_cat-shorts","13":"first","14":"outofstock","15":"taxable","16":"shipping-taxable","17":"product-type-variable","18":"has-default-attributes"},"acf":[],"yoast_head":"<!-- This site is optimized with the Yoast SEO plugin v27.1.1 - https:\/\/yoast.com\/product\/yoast-seo-wordpress\/ -->\n<title>Camo Comfort Shorts Pink - FITTwear.nl<\/title>\n<meta name=\"description\" content=\"Summer is here! Dat betekent tijd voor kleurrijke shorts! De camo comfort broekjes zijn gemaakt van een zacht en stretchy materiaal en hebben een camo design. Door de geribbelde highwaist band zal hij elke pittige work-out doorstaan. De oranje short is volledig squatproof en heeft een geborduurd FITT logo op de achterkant. Beschikbaar in meerdere trendy kleuren!  De maat valt groter, dus we raden aan een maat kleiner te bestellen.  Model Doete is 1.76 en draagt maat XS\" \/>\n<meta name=\"robots\" content=\"index, follow, max-snippet:-1, max-image-preview:large, max-video-preview:-1\" \/>\n<link rel=\"canonical\" href=\"https:\/\/fittwear.nl\/fr\/produit-2\/camo-comfort-shorts-rose\/\" \/>\n<meta property=\"og:locale\" content=\"fr_FR\" \/>\n<meta property=\"og:type\" content=\"article\" \/>\n<meta property=\"og:title\" content=\"Camo Comfort Shorts Pink - FITTwear.nl\" \/>\n<meta property=\"og:description\" content=\"Summer is here! Dat betekent tijd voor kleurrijke shorts! De camo comfort broekjes zijn gemaakt van een zacht en stretchy materiaal en hebben een camo design. Door de geribbelde highwaist band zal hij elke pittige work-out doorstaan. De oranje short is volledig squatproof en heeft een geborduurd FITT logo op de achterkant. Beschikbaar in meerdere trendy kleuren!  De maat valt groter, dus we raden aan een maat kleiner te bestellen.  Model Doete is 1.76 en draagt maat XS\" \/>\n<meta property=\"og:url\" content=\"https:\/\/fittwear.nl\/fr\/produit-2\/camo-comfort-shorts-rose\/\" \/>\n<meta property=\"og:site_name\" content=\"FITTwear.nl\" \/>\n<meta property=\"article:modified_time\" content=\"2026-04-07T11:15:28+00:00\" \/>\n<meta property=\"og:image\" content=\"https:\/\/fittwear.nl\/wp-content\/uploads\/2022\/09\/camo-short-pink_Voorkant-onder_jpg_1.jpg\" \/>\n\t<meta property=\"og:image:width\" content=\"1200\" \/>\n\t<meta property=\"og:image:height\" content=\"1800\" \/>\n\t<meta property=\"og:image:type\" content=\"image\/jpeg\" \/>\n<meta name=\"twitter:card\" content=\"summary_large_image\" \/>\n<meta name=\"twitter:label1\" content=\"Dur\u00e9e de lecture estim\u00e9e\" \/>\n\t<meta name=\"twitter:data1\" content=\"1 minute\" \/>\n<script type=\"application\/ld+json\" class=\"yoast-schema-graph\">{\"@context\":\"https:\/\/schema.org\",\"@graph\":[{\"@type\":\"WebPage\",\"@id\":\"https:\/\/fittwear.nl\/product\/camo-comfort-shorts-pink\/\",\"url\":\"https:\/\/fittwear.nl\/product\/camo-comfort-shorts-pink\/\",\"name\":\"Camo Comfort Shorts Pink - FITTwear.nl\",\"isPartOf\":{\"@id\":\"https:\/\/fittwear.nl\/#website\"},\"primaryImageOfPage\":{\"@id\":\"https:\/\/fittwear.nl\/product\/camo-comfort-shorts-pink\/#primaryimage\"},\"image\":{\"@id\":\"https:\/\/fittwear.nl\/product\/camo-comfort-shorts-pink\/#primaryimage\"},\"thumbnailUrl\":\"https:\/\/fittwear.nl\/wp-content\/uploads\/2022\/09\/camo-short-pink_Voorkant-onder_jpg_1.jpg\",\"datePublished\":\"2022-09-28T13:40:13+00:00\",\"dateModified\":\"2026-04-07T11:15:28+00:00\",\"description\":\"Summer is here! Dat betekent tijd voor kleurrijke shorts! De camo comfort broekjes zijn gemaakt van een zacht en stretchy materiaal en hebben een camo design. Door de geribbelde highwaist band zal hij elke pittige work-out doorstaan. De oranje short is volledig squatproof en heeft een geborduurd FITT logo op de achterkant. Beschikbaar in meerdere trendy kleuren! De maat valt groter, dus we raden aan een maat kleiner te bestellen. Model Doete is 1.76 en draagt maat XS\",\"breadcrumb\":{\"@id\":\"https:\/\/fittwear.nl\/product\/camo-comfort-shorts-pink\/#breadcrumb\"},\"inLanguage\":\"fr-FR\",\"potentialAction\":[{\"@type\":\"ReadAction\",\"target\":[\"https:\/\/fittwear.nl\/product\/camo-comfort-shorts-pink\/\"]}]},{\"@type\":\"ImageObject\",\"inLanguage\":\"fr-FR\",\"@id\":\"https:\/\/fittwear.nl\/product\/camo-comfort-shorts-pink\/#primaryimage\",\"url\":\"https:\/\/fittwear.nl\/wp-content\/uploads\/2022\/09\/camo-short-pink_Voorkant-onder_jpg_1.jpg\",\"contentUrl\":\"https:\/\/fittwear.nl\/wp-content\/uploads\/2022\/09\/camo-short-pink_Voorkant-onder_jpg_1.jpg\",\"width\":1200,\"height\":1800},{\"@type\":\"BreadcrumbList\",\"@id\":\"https:\/\/fittwear.nl\/product\/camo-comfort-shorts-pink\/#breadcrumb\",\"itemListElement\":[{\"@type\":\"ListItem\",\"position\":1,\"name\":\"Home\",\"item\":\"https:\/\/fittwear.nl\/\"},{\"@type\":\"ListItem\",\"position\":2,\"name\":\"Shop\",\"item\":\"https:\/\/fittwear.nl\/shop\/\"},{\"@type\":\"ListItem\",\"position\":3,\"name\":\"Camo Comfort Shorts Pink\"}]},{\"@type\":\"WebSite\",\"@id\":\"https:\/\/fittwear.nl\/#website\",\"url\":\"https:\/\/fittwear.nl\/\",\"name\":\"FITTwear.nl\",\"description\":\"Time to shine!\",\"publisher\":{\"@id\":\"https:\/\/fittwear.nl\/#organization\"},\"potentialAction\":[{\"@type\":\"SearchAction\",\"target\":{\"@type\":\"EntryPoint\",\"urlTemplate\":\"https:\/\/fittwear.nl\/?s={search_term_string}\"},\"query-input\":{\"@type\":\"PropertyValueSpecification\",\"valueRequired\":true,\"valueName\":\"search_term_string\"}}],\"inLanguage\":\"fr-FR\"},{\"@type\":\"Organization\",\"@id\":\"https:\/\/fittwear.nl\/#organization\",\"name\":\"FITTwear.nl\",\"url\":\"https:\/\/fittwear.nl\/\",\"logo\":{\"@type\":\"ImageObject\",\"inLanguage\":\"fr-FR\",\"@id\":\"https:\/\/fittwear.nl\/#\/schema\/logo\/image\/\",\"url\":\"https:\/\/fittwear.nl\/wp-content\/uploads\/2024\/07\/FITT-Logo-BeYOUtiful-website-homepage_Tekengebied-1-scaled.jpg\",\"contentUrl\":\"https:\/\/fittwear.nl\/wp-content\/uploads\/2024\/07\/FITT-Logo-BeYOUtiful-website-homepage_Tekengebied-1-scaled.jpg\",\"width\":2560,\"height\":599,\"caption\":\"FITTwear.nl\"},\"image\":{\"@id\":\"https:\/\/fittwear.nl\/#\/schema\/logo\/image\/\"}}]}<\/script>\n<!-- \/ Yoast SEO plugin. -->","yoast_head_json":{"title":"Camo Comfort Shorts Pink - FITTwear.co.uk","description":"L'\u00e9t\u00e9 est l\u00e0 ! Cela signifie que c'est le temps pour les shorts color\u00e9s ! Le short confort camo est fabriqu\u00e9 dans une mati\u00e8re douce et extensible et pr\u00e9sente un motif camo. La taille haute c\u00f4tel\u00e9e leur permet de r\u00e9sister \u00e0 toute s\u00e9ance d'entra\u00eenement intense. Le short orange est enti\u00e8rement r\u00e9sistant aux squats et poss\u00e8de un logo FITT brod\u00e9 dans le dos. Disponible en plusieurs couleurs tendance !  La taille est plus grande, nous recommandons donc de commander une taille en dessous.  Le mod\u00e8le Doete mesure 1,76 et porte la taille XS.","robots":{"index":"index","follow":"follow","max-snippet":"max-snippet:-1","max-image-preview":"max-image-preview:large","max-video-preview":"max-video-preview:-1"},"canonical":"https:\/\/fittwear.nl\/fr\/produit-2\/camo-comfort-shorts-rose\/","og_locale":"fr_FR","og_type":"article","og_title":"Camo Comfort Shorts Pink - FITTwear.nl","og_description":"Summer is here! Dat betekent tijd voor kleurrijke shorts! De camo comfort broekjes zijn gemaakt van een zacht en stretchy materiaal en hebben een camo design. Door de geribbelde highwaist band zal hij elke pittige work-out doorstaan. De oranje short is volledig squatproof en heeft een geborduurd FITT logo op de achterkant. Beschikbaar in meerdere trendy kleuren!  De maat valt groter, dus we raden aan een maat kleiner te bestellen.  Model Doete is 1.76 en draagt maat XS","og_url":"https:\/\/fittwear.nl\/fr\/produit-2\/camo-comfort-shorts-rose\/","og_site_name":"FITTwear.nl","article_modified_time":"2026-04-07T11:15:28+00:00","og_image":[{"width":1200,"height":1800,"url":"https:\/\/fittwear.nl\/wp-content\/uploads\/2022\/09\/camo-short-pink_Voorkant-onder_jpg_1.jpg","type":"image\/jpeg"}],"twitter_card":"summary_large_image","twitter_misc":{"Dur\u00e9e de lecture estim\u00e9e":"1 minute"},"schema":{"@context":"https:\/\/schema.org","@graph":[{"@type":"WebPage","@id":"https:\/\/fittwear.nl\/product\/camo-comfort-shorts-pink\/","url":"https:\/\/fittwear.nl\/product\/camo-comfort-shorts-pink\/","name":"Camo Comfort Shorts Pink - FITTwear.co.uk","isPartOf":{"@id":"https:\/\/fittwear.nl\/#website"},"primaryImageOfPage":{"@id":"https:\/\/fittwear.nl\/product\/camo-comfort-shorts-pink\/#primaryimage"},"image":{"@id":"https:\/\/fittwear.nl\/product\/camo-comfort-shorts-pink\/#primaryimage"},"thumbnailUrl":"https:\/\/fittwear.nl\/wp-content\/uploads\/2022\/09\/camo-short-pink_Voorkant-onder_jpg_1.jpg","datePublished":"2022-09-28T13:40:13+00:00","dateModified":"2026-04-07T11:15:28+00:00","description":"L'\u00e9t\u00e9 est l\u00e0 ! Cela signifie que c'est le temps pour les shorts color\u00e9s ! Le short confort camo est fabriqu\u00e9 dans une mati\u00e8re douce et extensible et pr\u00e9sente un motif camo. La taille haute c\u00f4tel\u00e9e leur permet de r\u00e9sister \u00e0 toute s\u00e9ance d'entra\u00eenement intense. Le short orange est enti\u00e8rement r\u00e9sistant aux squats et poss\u00e8de un logo FITT brod\u00e9 dans le dos. Disponible en plusieurs couleurs tendance ! La taille est plus grande, nous recommandons donc de commander une taille en dessous. Le mod\u00e8le Doete mesure 1,76 et porte la taille XS.","breadcrumb":{"@id":"https:\/\/fittwear.nl\/product\/camo-comfort-shorts-pink\/#breadcrumb"},"inLanguage":"fr-FR","potentialAction":[{"@type":"ReadAction","target":["https:\/\/fittwear.nl\/product\/camo-comfort-shorts-pink\/"]}]},{"@type":"ImageObject","inLanguage":"fr-FR","@id":"https:\/\/fittwear.nl\/product\/camo-comfort-shorts-pink\/#primaryimage","url":"https:\/\/fittwear.nl\/wp-content\/uploads\/2022\/09\/camo-short-pink_Voorkant-onder_jpg_1.jpg","contentUrl":"https:\/\/fittwear.nl\/wp-content\/uploads\/2022\/09\/camo-short-pink_Voorkant-onder_jpg_1.jpg","width":1200,"height":1800},{"@type":"BreadcrumbList","@id":"https:\/\/fittwear.nl\/product\/camo-comfort-shorts-pink\/#breadcrumb","itemListElement":[{"@type":"ListItem","position":1,"name":"Home","item":"https:\/\/fittwear.nl\/"},{"@type":"ListItem","position":2,"name":"Shop","item":"https:\/\/fittwear.nl\/shop\/"},{"@type":"ListItem","position":3,"name":"Camo Comfort Shorts Pink"}]},{"@type":"WebSite","@id":"https:\/\/fittwear.nl\/#website","url":"https:\/\/fittwear.nl\/","name":"FITTwear.co.uk","description":"C'est le moment de briller !","publisher":{"@id":"https:\/\/fittwear.nl\/#organization"},"potentialAction":[{"@type":"SearchAction","target":{"@type":"EntryPoint","urlTemplate":"https:\/\/fittwear.nl\/?s={search_term_string}"},"query-input":{"@type":"PropertyValueSpecification","valueRequired":true,"valueName":"search_term_string"}}],"inLanguage":"fr-FR"},{"@type":"Organization","@id":"https:\/\/fittwear.nl\/#organization","name":"FITTwear.co.uk","url":"https:\/\/fittwear.nl\/","logo":{"@type":"ImageObject","inLanguage":"fr-FR","@id":"https:\/\/fittwear.nl\/#\/schema\/logo\/image\/","url":"https:\/\/fittwear.nl\/wp-content\/uploads\/2024\/07\/FITT-Logo-BeYOUtiful-website-homepage_Tekengebied-1-scaled.jpg","contentUrl":"https:\/\/fittwear.nl\/wp-content\/uploads\/2024\/07\/FITT-Logo-BeYOUtiful-website-homepage_Tekengebied-1-scaled.jpg","width":2560,"height":599,"caption":"FITTwear.nl"},"image":{"@id":"https:\/\/fittwear.nl\/#\/schema\/logo\/image\/"}}]}},"_links":{"self":[{"href":"https:\/\/fittwear.nl\/fr\/wp-json\/wp\/v2\/product\/41923","targetHints":{"allow":["GET"]}}],"collection":[{"href":"https:\/\/fittwear.nl\/fr\/wp-json\/wp\/v2\/product"}],"about":[{"href":"https:\/\/fittwear.nl\/fr\/wp-json\/wp\/v2\/types\/product"}],"wp:featuredmedia":[{"embeddable":true,"href":"https:\/\/fittwear.nl\/fr\/wp-json\/wp\/v2\/media\/42901"}],"wp:attachment":[{"href":"https:\/\/fittwear.nl\/fr\/wp-json\/wp\/v2\/media?parent=41923"}],"wp:term":[{"taxonomy":"product_brand","embeddable":true,"href":"https:\/\/fittwear.nl\/fr\/wp-json\/wp\/v2\/product_brand?post=41923"},{"taxonomy":"product_cat","embeddable":true,"href":"https:\/\/fittwear.nl\/fr\/wp-json\/wp\/v2\/product_cat?post=41923"},{"taxonomy":"product_tag","embeddable":true,"href":"https:\/\/fittwear.nl\/fr\/wp-json\/wp\/v2\/product_tag?post=41923"}],"curies":[{"name":"wp","href":"https:\/\/api.w.org\/{rel}","templated":true}]}}