{"id":42395,"date":"2022-10-12T18:03:16","date_gmt":"2022-10-12T16:03:16","guid":{"rendered":"https:\/\/fittwear.nl\/?post_type=product&#038;p=42395"},"modified":"2026-05-06T03:27:14","modified_gmt":"2026-05-06T01:27:14","slug":"dos-nu-violet-violet","status":"publish","type":"product","link":"https:\/\/fittwear.nl\/fr\/product\/halter-top-purple\/","title":{"rendered":"Top dos nu violet"},"content":{"rendered":"<p>-Halter top<\/p>\n<p>-Bandeau dans le cou<\/p>\n<p>-Joli d\u00e9tail chouchou au dos<\/p>\n<p>-Tissu extra doux<\/p>\n<p>-Coussinets d\u00e9tachables<\/p>\n<p>Port\u00e9 sans soutien-gorge<\/p>\n<p>-Respirabilit\u00e9<\/p>\n<p>-Tissu \u00e0 s\u00e9chage rapide<\/p>\n<p>-80% Nylon<\/p>\n<p>-20% Elastique<\/p>\n<p>-Coloris : violet<\/p>\n<p>-Le mod\u00e8le Doete mesure 1,76 et porte la taille S.<\/p>","protected":false},"excerpt":{"rendered":"<p>Le top de sport pr\u00e9f\u00e9r\u00e9 de tous les temps avec une fermeture en licou au niveau du cou. Facile \u00e0 combiner avec tous vos v\u00eatements de sport ! Gr\u00e2ce \u00e0 la finition ferme \u00e0 l'int\u00e9rieur et aux coussinets amovibles, ce haut peut \u00eatre port\u00e9 sans soutien-gorge de sport. Un v\u00e9ritable must-have \u00e0 ajouter \u00e0 votre collection de v\u00eatements de sport ! Ce haut est disponible en plusieurs couleurs.<\/p>\n<p>C'est le moment de briller !<\/p>","protected":false},"featured_media":42768,"template":"","meta":{"_acf_changed":false},"product_brand":[],"product_cat":[4836,4810,4812,4794,27,79,81,65],"product_tag":[],"class_list":{"0":"post-42395","1":"product","2":"type-product","3":"status-publish","4":"has-post-thumbnail","6":"product_cat-sleeveless-tanktops-dames","7":"product_cat-crop-tops-dames","8":"product_cat-forever-favorites-categorie","9":"product_cat-mindful-movement","10":"product_cat-dames","11":"product_cat-tanktops-dames","12":"product_cat-crop-tops","13":"product_cat-yogakleding","15":"first","16":"instock","17":"taxable","18":"shipping-taxable","19":"purchasable","20":"product-type-variable","21":"has-default-attributes"},"acf":[],"yoast_head":"<!-- This site is optimized with the Yoast SEO plugin v27.1.1 - https:\/\/yoast.com\/product\/yoast-seo-wordpress\/ -->\n<title>Halter Top Purple - FITTwear.nl<\/title>\n<meta name=\"description\" content=\"Een all time favourite sport top met halter sluiting in de nek. Makkelijk te combineren met al jouw sportkleding! Dankzij de stevige afwerking aan de binnenzijde en uitneembare pads is deze top prima zonder sport BH te dragen. Een echte musthave dus om toe te voegen aan jouw gym wear collectie! De top is verkrijgbaar in meerdere kleuren.  Time to shine!\" \/>\n<meta name=\"robots\" content=\"index, follow, max-snippet:-1, max-image-preview:large, max-video-preview:-1\" \/>\n<link rel=\"canonical\" href=\"https:\/\/fittwear.nl\/fr\/produit-2\/dos-nu-violet-violet\/\" \/>\n<meta property=\"og:locale\" content=\"fr_FR\" \/>\n<meta property=\"og:type\" content=\"article\" \/>\n<meta property=\"og:title\" content=\"Halter Top Purple - FITTwear.nl\" \/>\n<meta property=\"og:description\" content=\"Een all time favourite sport top met halter sluiting in de nek. Makkelijk te combineren met al jouw sportkleding! Dankzij de stevige afwerking aan de binnenzijde en uitneembare pads is deze top prima zonder sport BH te dragen. Een echte musthave dus om toe te voegen aan jouw gym wear collectie! De top is verkrijgbaar in meerdere kleuren.  Time to shine!\" \/>\n<meta property=\"og:url\" content=\"https:\/\/fittwear.nl\/fr\/produit-2\/dos-nu-violet-violet\/\" \/>\n<meta property=\"og:site_name\" content=\"FITTwear.nl\" \/>\n<meta property=\"article:modified_time\" content=\"2026-05-06T01:27:14+00:00\" \/>\n<meta property=\"og:image\" content=\"https:\/\/fittwear.nl\/wp-content\/uploads\/2022\/10\/super-high-waist-paars-plus-halter_Voorkant-boven_jpg_1.jpg\" \/>\n\t<meta property=\"og:image:width\" content=\"1200\" \/>\n\t<meta property=\"og:image:height\" content=\"1800\" \/>\n\t<meta property=\"og:image:type\" content=\"image\/jpeg\" \/>\n<meta name=\"twitter:card\" content=\"summary_large_image\" \/>\n<meta name=\"twitter:label1\" content=\"Dur\u00e9e de lecture estim\u00e9e\" \/>\n\t<meta name=\"twitter:data1\" content=\"1 minute\" \/>\n<script type=\"application\/ld+json\" class=\"yoast-schema-graph\">{\"@context\":\"https:\/\/schema.org\",\"@graph\":[{\"@type\":\"WebPage\",\"@id\":\"https:\/\/fittwear.nl\/product\/halter-top-purple\/\",\"url\":\"https:\/\/fittwear.nl\/product\/halter-top-purple\/\",\"name\":\"Halter Top Purple - FITTwear.nl\",\"isPartOf\":{\"@id\":\"https:\/\/fittwear.nl\/#website\"},\"primaryImageOfPage\":{\"@id\":\"https:\/\/fittwear.nl\/product\/halter-top-purple\/#primaryimage\"},\"image\":{\"@id\":\"https:\/\/fittwear.nl\/product\/halter-top-purple\/#primaryimage\"},\"thumbnailUrl\":\"https:\/\/fittwear.nl\/wp-content\/uploads\/2022\/10\/super-high-waist-paars-plus-halter_Voorkant-boven_jpg_1.jpg\",\"datePublished\":\"2022-10-12T16:03:16+00:00\",\"dateModified\":\"2026-05-06T01:27:14+00:00\",\"description\":\"Een all time favourite sport top met halter sluiting in de nek. Makkelijk te combineren met al jouw sportkleding! Dankzij de stevige afwerking aan de binnenzijde en uitneembare pads is deze top prima zonder sport BH te dragen. Een echte musthave dus om toe te voegen aan jouw gym wear collectie! De top is verkrijgbaar in meerdere kleuren. Time to shine!\",\"breadcrumb\":{\"@id\":\"https:\/\/fittwear.nl\/product\/halter-top-purple\/#breadcrumb\"},\"inLanguage\":\"fr-FR\",\"potentialAction\":[{\"@type\":\"ReadAction\",\"target\":[\"https:\/\/fittwear.nl\/product\/halter-top-purple\/\"]}]},{\"@type\":\"ImageObject\",\"inLanguage\":\"fr-FR\",\"@id\":\"https:\/\/fittwear.nl\/product\/halter-top-purple\/#primaryimage\",\"url\":\"https:\/\/fittwear.nl\/wp-content\/uploads\/2022\/10\/super-high-waist-paars-plus-halter_Voorkant-boven_jpg_1.jpg\",\"contentUrl\":\"https:\/\/fittwear.nl\/wp-content\/uploads\/2022\/10\/super-high-waist-paars-plus-halter_Voorkant-boven_jpg_1.jpg\",\"width\":1200,\"height\":1800},{\"@type\":\"BreadcrumbList\",\"@id\":\"https:\/\/fittwear.nl\/product\/halter-top-purple\/#breadcrumb\",\"itemListElement\":[{\"@type\":\"ListItem\",\"position\":1,\"name\":\"Home\",\"item\":\"https:\/\/fittwear.nl\/\"},{\"@type\":\"ListItem\",\"position\":2,\"name\":\"Shop\",\"item\":\"https:\/\/fittwear.nl\/shop\/\"},{\"@type\":\"ListItem\",\"position\":3,\"name\":\"Halter Top Purple\"}]},{\"@type\":\"WebSite\",\"@id\":\"https:\/\/fittwear.nl\/#website\",\"url\":\"https:\/\/fittwear.nl\/\",\"name\":\"FITTwear.nl\",\"description\":\"Time to shine!\",\"publisher\":{\"@id\":\"https:\/\/fittwear.nl\/#organization\"},\"potentialAction\":[{\"@type\":\"SearchAction\",\"target\":{\"@type\":\"EntryPoint\",\"urlTemplate\":\"https:\/\/fittwear.nl\/?s={search_term_string}\"},\"query-input\":{\"@type\":\"PropertyValueSpecification\",\"valueRequired\":true,\"valueName\":\"search_term_string\"}}],\"inLanguage\":\"fr-FR\"},{\"@type\":\"Organization\",\"@id\":\"https:\/\/fittwear.nl\/#organization\",\"name\":\"FITTwear.nl\",\"url\":\"https:\/\/fittwear.nl\/\",\"logo\":{\"@type\":\"ImageObject\",\"inLanguage\":\"fr-FR\",\"@id\":\"https:\/\/fittwear.nl\/#\/schema\/logo\/image\/\",\"url\":\"https:\/\/fittwear.nl\/wp-content\/uploads\/2024\/07\/FITT-Logo-BeYOUtiful-website-homepage_Tekengebied-1-scaled.jpg\",\"contentUrl\":\"https:\/\/fittwear.nl\/wp-content\/uploads\/2024\/07\/FITT-Logo-BeYOUtiful-website-homepage_Tekengebied-1-scaled.jpg\",\"width\":2560,\"height\":599,\"caption\":\"FITTwear.nl\"},\"image\":{\"@id\":\"https:\/\/fittwear.nl\/#\/schema\/logo\/image\/\"}}]}<\/script>\n<!-- \/ Yoast SEO plugin. -->","yoast_head_json":{"title":"Top dos nu violet - FITTwear.com","description":"Le top de sport pr\u00e9f\u00e9r\u00e9 de tous les temps avec une fermeture en licou au niveau du cou. Facile \u00e0 combiner avec tous vos v\u00eatements de sport ! Gr\u00e2ce \u00e0 la finition ferme \u00e0 l'int\u00e9rieur et aux coussinets amovibles, ce haut peut \u00eatre port\u00e9 sans soutien-gorge de sport. Un v\u00e9ritable must-have \u00e0 ajouter \u00e0 votre collection de v\u00eatements de sport ! Ce haut est disponible en plusieurs couleurs.  C'est le moment de briller !","robots":{"index":"index","follow":"follow","max-snippet":"max-snippet:-1","max-image-preview":"max-image-preview:large","max-video-preview":"max-video-preview:-1"},"canonical":"https:\/\/fittwear.nl\/fr\/produit-2\/dos-nu-violet-violet\/","og_locale":"fr_FR","og_type":"article","og_title":"Halter Top Purple - FITTwear.nl","og_description":"Een all time favourite sport top met halter sluiting in de nek. Makkelijk te combineren met al jouw sportkleding! Dankzij de stevige afwerking aan de binnenzijde en uitneembare pads is deze top prima zonder sport BH te dragen. Een echte musthave dus om toe te voegen aan jouw gym wear collectie! De top is verkrijgbaar in meerdere kleuren.  Time to shine!","og_url":"https:\/\/fittwear.nl\/fr\/produit-2\/dos-nu-violet-violet\/","og_site_name":"FITTwear.nl","article_modified_time":"2026-05-06T01:27:14+00:00","og_image":[{"width":1200,"height":1800,"url":"https:\/\/fittwear.nl\/wp-content\/uploads\/2022\/10\/super-high-waist-paars-plus-halter_Voorkant-boven_jpg_1.jpg","type":"image\/jpeg"}],"twitter_card":"summary_large_image","twitter_misc":{"Dur\u00e9e de lecture estim\u00e9e":"1 minute"},"schema":{"@context":"https:\/\/schema.org","@graph":[{"@type":"WebPage","@id":"https:\/\/fittwear.nl\/product\/halter-top-purple\/","url":"https:\/\/fittwear.nl\/product\/halter-top-purple\/","name":"Top dos nu violet - FITTwear.com","isPartOf":{"@id":"https:\/\/fittwear.nl\/#website"},"primaryImageOfPage":{"@id":"https:\/\/fittwear.nl\/product\/halter-top-purple\/#primaryimage"},"image":{"@id":"https:\/\/fittwear.nl\/product\/halter-top-purple\/#primaryimage"},"thumbnailUrl":"https:\/\/fittwear.nl\/wp-content\/uploads\/2022\/10\/super-high-waist-paars-plus-halter_Voorkant-boven_jpg_1.jpg","datePublished":"2022-10-12T16:03:16+00:00","dateModified":"2026-05-06T01:27:14+00:00","description":"Le top de sport pr\u00e9f\u00e9r\u00e9 de tous les temps avec une fermeture en licou au niveau du cou. Facile \u00e0 combiner avec tous vos v\u00eatements de sport ! Gr\u00e2ce \u00e0 la finition ferme \u00e0 l'int\u00e9rieur et aux coussinets amovibles, ce haut peut \u00eatre port\u00e9 sans soutien-gorge de sport. Un v\u00e9ritable must-have \u00e0 ajouter \u00e0 votre collection de v\u00eatements de sport ! Ce haut est disponible en plusieurs couleurs. C'est le moment de briller !","breadcrumb":{"@id":"https:\/\/fittwear.nl\/product\/halter-top-purple\/#breadcrumb"},"inLanguage":"fr-FR","potentialAction":[{"@type":"ReadAction","target":["https:\/\/fittwear.nl\/product\/halter-top-purple\/"]}]},{"@type":"ImageObject","inLanguage":"fr-FR","@id":"https:\/\/fittwear.nl\/product\/halter-top-purple\/#primaryimage","url":"https:\/\/fittwear.nl\/wp-content\/uploads\/2022\/10\/super-high-waist-paars-plus-halter_Voorkant-boven_jpg_1.jpg","contentUrl":"https:\/\/fittwear.nl\/wp-content\/uploads\/2022\/10\/super-high-waist-paars-plus-halter_Voorkant-boven_jpg_1.jpg","width":1200,"height":1800},{"@type":"BreadcrumbList","@id":"https:\/\/fittwear.nl\/product\/halter-top-purple\/#breadcrumb","itemListElement":[{"@type":"ListItem","position":1,"name":"Home","item":"https:\/\/fittwear.nl\/"},{"@type":"ListItem","position":2,"name":"Shop","item":"https:\/\/fittwear.nl\/shop\/"},{"@type":"ListItem","position":3,"name":"Halter Top Purple"}]},{"@type":"WebSite","@id":"https:\/\/fittwear.nl\/#website","url":"https:\/\/fittwear.nl\/","name":"FITTwear.co.uk","description":"C'est le moment de briller !","publisher":{"@id":"https:\/\/fittwear.nl\/#organization"},"potentialAction":[{"@type":"SearchAction","target":{"@type":"EntryPoint","urlTemplate":"https:\/\/fittwear.nl\/?s={search_term_string}"},"query-input":{"@type":"PropertyValueSpecification","valueRequired":true,"valueName":"search_term_string"}}],"inLanguage":"fr-FR"},{"@type":"Organization","@id":"https:\/\/fittwear.nl\/#organization","name":"FITTwear.co.uk","url":"https:\/\/fittwear.nl\/","logo":{"@type":"ImageObject","inLanguage":"fr-FR","@id":"https:\/\/fittwear.nl\/#\/schema\/logo\/image\/","url":"https:\/\/fittwear.nl\/wp-content\/uploads\/2024\/07\/FITT-Logo-BeYOUtiful-website-homepage_Tekengebied-1-scaled.jpg","contentUrl":"https:\/\/fittwear.nl\/wp-content\/uploads\/2024\/07\/FITT-Logo-BeYOUtiful-website-homepage_Tekengebied-1-scaled.jpg","width":2560,"height":599,"caption":"FITTwear.nl"},"image":{"@id":"https:\/\/fittwear.nl\/#\/schema\/logo\/image\/"}}]}},"_links":{"self":[{"href":"https:\/\/fittwear.nl\/fr\/wp-json\/wp\/v2\/product\/42395","targetHints":{"allow":["GET"]}}],"collection":[{"href":"https:\/\/fittwear.nl\/fr\/wp-json\/wp\/v2\/product"}],"about":[{"href":"https:\/\/fittwear.nl\/fr\/wp-json\/wp\/v2\/types\/product"}],"wp:featuredmedia":[{"embeddable":true,"href":"https:\/\/fittwear.nl\/fr\/wp-json\/wp\/v2\/media\/42768"}],"wp:attachment":[{"href":"https:\/\/fittwear.nl\/fr\/wp-json\/wp\/v2\/media?parent=42395"}],"wp:term":[{"taxonomy":"product_brand","embeddable":true,"href":"https:\/\/fittwear.nl\/fr\/wp-json\/wp\/v2\/product_brand?post=42395"},{"taxonomy":"product_cat","embeddable":true,"href":"https:\/\/fittwear.nl\/fr\/wp-json\/wp\/v2\/product_cat?post=42395"},{"taxonomy":"product_tag","embeddable":true,"href":"https:\/\/fittwear.nl\/fr\/wp-json\/wp\/v2\/product_tag?post=42395"}],"curies":[{"name":"wp","href":"https:\/\/api.w.org\/{rel}","templated":true}]}}