{"id":42812,"date":"2022-10-18T16:30:49","date_gmt":"2022-10-18T14:30:49","guid":{"rendered":"https:\/\/fittwear.nl\/?post_type=product&#038;p=42812"},"modified":"2026-04-06T11:56:33","modified_gmt":"2026-04-06T09:56:33","slug":"teddy-hoody-unisex","status":"publish","type":"product","link":"https:\/\/fittwear.nl\/fr\/product\/teddy-hoody-unisex\/","title":{"rendered":"Teddy Hoody Unisex"},"content":{"rendered":"<p>-Sweat \u00e0 capuche en peluche douce<\/p>\n<p>-Surdimensionn\u00e9<\/p>\n<p>-Capuche doublement doubl\u00e9e en tissu principal<\/p>\n<p>Corps avec doublure en maille, doublure coupe-vent dans les manches.<\/p>\n<p>-Durable<\/p>\n<p>-manches ins\u00e9r\u00e9es<\/p>\n<p>-Bordure de manche et bord inf\u00e9rieur \u00e9lastiques.<\/p>\n<p>-Cordons de serrage ronds et oeillets en m\u00e9tal.<\/p>\n<p>-Poche kangourou<\/p>\n<p>-100% polyester recycl\u00e9<\/p>\n<p>-Couleur : Naturel<\/p>\n<p>-Le mannequin porte la taille L (oversize)<\/p>","protected":false},"excerpt":{"rendered":"<p>Laissez le chauffage baisser, gardez vous au chaud cet hiver dans ce sweat \u00e0 capuche en peluche durable et super doux. Fabriqu\u00e9 en polyester recycl\u00e9 dans le respect des personnes, de l'environnement et de la soci\u00e9t\u00e9.<\/p>\n<p>Faites le bien. Se sentir bien, \u00eatre plus performant !<\/p>","protected":false},"featured_media":43075,"template":"","meta":{"_acf_changed":false},"product_brand":[],"product_cat":[27,113,94,66,4792,4795],"product_tag":[],"class_list":{"0":"post-42812","1":"product","2":"type-product","3":"status-publish","4":"has-post-thumbnail","6":"product_cat-dames","7":"product_cat-duurzaam","8":"product_cat-hoodies-sweaters","9":"product_cat-loungewear","10":"product_cat-sustainable-collection","11":"product_cat-teddy-season","13":"first","14":"instock","15":"sale","16":"taxable","17":"shipping-taxable","18":"purchasable","19":"product-type-variable","20":"has-default-attributes"},"acf":[],"yoast_head":"<!-- This site is optimized with the Yoast SEO plugin v27.1.1 - https:\/\/yoast.com\/product\/yoast-seo-wordpress\/ -->\n<title>Teddy Hoody Unisex - FITTwear.nl<\/title>\n<meta name=\"description\" content=\"Laat de verwarming lager staan, houd jezelf deze winter warm in deze duurzame super zachte teddy hoody. Gemaakt van gerecycled polyester met aandacht voor mens, milieu en maatschappij.  Do good. Feel great, perform better!\" \/>\n<meta name=\"robots\" content=\"index, follow, max-snippet:-1, max-image-preview:large, max-video-preview:-1\" \/>\n<link rel=\"canonical\" href=\"https:\/\/fittwear.nl\/fr\/produit-2\/teddy-hoody-unisex\/\" \/>\n<meta property=\"og:locale\" content=\"fr_FR\" \/>\n<meta property=\"og:type\" content=\"article\" \/>\n<meta property=\"og:title\" content=\"Teddy Hoody Unisex - FITTwear.nl\" \/>\n<meta property=\"og:description\" content=\"Laat de verwarming lager staan, houd jezelf deze winter warm in deze duurzame super zachte teddy hoody. Gemaakt van gerecycled polyester met aandacht voor mens, milieu en maatschappij.  Do good. Feel great, perform better!\" \/>\n<meta property=\"og:url\" content=\"https:\/\/fittwear.nl\/fr\/produit-2\/teddy-hoody-unisex\/\" \/>\n<meta property=\"og:site_name\" content=\"FITTwear.nl\" \/>\n<meta property=\"article:modified_time\" content=\"2026-04-06T09:56:33+00:00\" \/>\n<meta property=\"og:image\" content=\"https:\/\/fittwear.nl\/wp-content\/uploads\/2022\/10\/teddy-cream_Voorkant-boven_jpg_41.jpg\" \/>\n\t<meta property=\"og:image:width\" content=\"1200\" \/>\n\t<meta property=\"og:image:height\" content=\"1800\" \/>\n\t<meta property=\"og:image:type\" content=\"image\/jpeg\" \/>\n<meta name=\"twitter:card\" content=\"summary_large_image\" \/>\n<meta name=\"twitter:label1\" content=\"Dur\u00e9e de lecture estim\u00e9e\" \/>\n\t<meta name=\"twitter:data1\" content=\"1 minute\" \/>\n<script type=\"application\/ld+json\" class=\"yoast-schema-graph\">{\"@context\":\"https:\/\/schema.org\",\"@graph\":[{\"@type\":\"WebPage\",\"@id\":\"https:\/\/fittwear.nl\/product\/teddy-hoody-unisex\/\",\"url\":\"https:\/\/fittwear.nl\/product\/teddy-hoody-unisex\/\",\"name\":\"Teddy Hoody Unisex - FITTwear.nl\",\"isPartOf\":{\"@id\":\"https:\/\/fittwear.nl\/#website\"},\"primaryImageOfPage\":{\"@id\":\"https:\/\/fittwear.nl\/product\/teddy-hoody-unisex\/#primaryimage\"},\"image\":{\"@id\":\"https:\/\/fittwear.nl\/product\/teddy-hoody-unisex\/#primaryimage\"},\"thumbnailUrl\":\"https:\/\/fittwear.nl\/wp-content\/uploads\/2022\/10\/teddy-cream_Voorkant-boven_jpg_41.jpg\",\"datePublished\":\"2022-10-18T14:30:49+00:00\",\"dateModified\":\"2026-04-06T09:56:33+00:00\",\"description\":\"Laat de verwarming lager staan, houd jezelf deze winter warm in deze duurzame super zachte teddy hoody. Gemaakt van gerecycled polyester met aandacht voor mens, milieu en maatschappij. Do good. Feel great, perform better!\",\"breadcrumb\":{\"@id\":\"https:\/\/fittwear.nl\/product\/teddy-hoody-unisex\/#breadcrumb\"},\"inLanguage\":\"fr-FR\",\"potentialAction\":[{\"@type\":\"ReadAction\",\"target\":[\"https:\/\/fittwear.nl\/product\/teddy-hoody-unisex\/\"]}]},{\"@type\":\"ImageObject\",\"inLanguage\":\"fr-FR\",\"@id\":\"https:\/\/fittwear.nl\/product\/teddy-hoody-unisex\/#primaryimage\",\"url\":\"https:\/\/fittwear.nl\/wp-content\/uploads\/2022\/10\/teddy-cream_Voorkant-boven_jpg_41.jpg\",\"contentUrl\":\"https:\/\/fittwear.nl\/wp-content\/uploads\/2022\/10\/teddy-cream_Voorkant-boven_jpg_41.jpg\",\"width\":1200,\"height\":1800},{\"@type\":\"BreadcrumbList\",\"@id\":\"https:\/\/fittwear.nl\/product\/teddy-hoody-unisex\/#breadcrumb\",\"itemListElement\":[{\"@type\":\"ListItem\",\"position\":1,\"name\":\"Home\",\"item\":\"https:\/\/fittwear.nl\/\"},{\"@type\":\"ListItem\",\"position\":2,\"name\":\"Shop\",\"item\":\"https:\/\/fittwear.nl\/shop\/\"},{\"@type\":\"ListItem\",\"position\":3,\"name\":\"Teddy Hoody Unisex\"}]},{\"@type\":\"WebSite\",\"@id\":\"https:\/\/fittwear.nl\/#website\",\"url\":\"https:\/\/fittwear.nl\/\",\"name\":\"FITTwear.nl\",\"description\":\"Time to shine!\",\"publisher\":{\"@id\":\"https:\/\/fittwear.nl\/#organization\"},\"potentialAction\":[{\"@type\":\"SearchAction\",\"target\":{\"@type\":\"EntryPoint\",\"urlTemplate\":\"https:\/\/fittwear.nl\/?s={search_term_string}\"},\"query-input\":{\"@type\":\"PropertyValueSpecification\",\"valueRequired\":true,\"valueName\":\"search_term_string\"}}],\"inLanguage\":\"fr-FR\"},{\"@type\":\"Organization\",\"@id\":\"https:\/\/fittwear.nl\/#organization\",\"name\":\"FITTwear.nl\",\"url\":\"https:\/\/fittwear.nl\/\",\"logo\":{\"@type\":\"ImageObject\",\"inLanguage\":\"fr-FR\",\"@id\":\"https:\/\/fittwear.nl\/#\/schema\/logo\/image\/\",\"url\":\"https:\/\/fittwear.nl\/wp-content\/uploads\/2024\/07\/FITT-Logo-BeYOUtiful-website-homepage_Tekengebied-1-scaled.jpg\",\"contentUrl\":\"https:\/\/fittwear.nl\/wp-content\/uploads\/2024\/07\/FITT-Logo-BeYOUtiful-website-homepage_Tekengebied-1-scaled.jpg\",\"width\":2560,\"height\":599,\"caption\":\"FITTwear.nl\"},\"image\":{\"@id\":\"https:\/\/fittwear.nl\/#\/schema\/logo\/image\/\"}}]}<\/script>\n<!-- \/ Yoast SEO plugin. -->","yoast_head_json":{"title":"Teddy Hoody Unisex - FITTwear.co.uk","description":"Laissez le chauffage baisser, gardez vous au chaud cet hiver dans ce sweat \u00e0 capuche en peluche durable et super doux. Fabriqu\u00e9 en polyester recycl\u00e9 dans le respect des personnes, de l'environnement et de la soci\u00e9t\u00e9.  Faites le bien. Se sentir bien, \u00eatre plus performant !","robots":{"index":"index","follow":"follow","max-snippet":"max-snippet:-1","max-image-preview":"max-image-preview:large","max-video-preview":"max-video-preview:-1"},"canonical":"https:\/\/fittwear.nl\/fr\/produit-2\/teddy-hoody-unisex\/","og_locale":"fr_FR","og_type":"article","og_title":"Teddy Hoody Unisex - FITTwear.nl","og_description":"Laat de verwarming lager staan, houd jezelf deze winter warm in deze duurzame super zachte teddy hoody. Gemaakt van gerecycled polyester met aandacht voor mens, milieu en maatschappij.  Do good. Feel great, perform better!","og_url":"https:\/\/fittwear.nl\/fr\/produit-2\/teddy-hoody-unisex\/","og_site_name":"FITTwear.nl","article_modified_time":"2026-04-06T09:56:33+00:00","og_image":[{"width":1200,"height":1800,"url":"https:\/\/fittwear.nl\/wp-content\/uploads\/2022\/10\/teddy-cream_Voorkant-boven_jpg_41.jpg","type":"image\/jpeg"}],"twitter_card":"summary_large_image","twitter_misc":{"Dur\u00e9e de lecture estim\u00e9e":"1 minute"},"schema":{"@context":"https:\/\/schema.org","@graph":[{"@type":"WebPage","@id":"https:\/\/fittwear.nl\/product\/teddy-hoody-unisex\/","url":"https:\/\/fittwear.nl\/product\/teddy-hoody-unisex\/","name":"Teddy Hoody Unisex - FITTwear.co.uk","isPartOf":{"@id":"https:\/\/fittwear.nl\/#website"},"primaryImageOfPage":{"@id":"https:\/\/fittwear.nl\/product\/teddy-hoody-unisex\/#primaryimage"},"image":{"@id":"https:\/\/fittwear.nl\/product\/teddy-hoody-unisex\/#primaryimage"},"thumbnailUrl":"https:\/\/fittwear.nl\/wp-content\/uploads\/2022\/10\/teddy-cream_Voorkant-boven_jpg_41.jpg","datePublished":"2022-10-18T14:30:49+00:00","dateModified":"2026-04-06T09:56:33+00:00","description":"Laissez le chauffage baisser, gardez vous au chaud cet hiver dans ce sweat \u00e0 capuche en peluche durable et super doux. Fabriqu\u00e9 en polyester recycl\u00e9 dans le respect des personnes, de l'environnement et de la soci\u00e9t\u00e9. Faites le bien. Se sentir bien, \u00eatre plus performant !","breadcrumb":{"@id":"https:\/\/fittwear.nl\/product\/teddy-hoody-unisex\/#breadcrumb"},"inLanguage":"fr-FR","potentialAction":[{"@type":"ReadAction","target":["https:\/\/fittwear.nl\/product\/teddy-hoody-unisex\/"]}]},{"@type":"ImageObject","inLanguage":"fr-FR","@id":"https:\/\/fittwear.nl\/product\/teddy-hoody-unisex\/#primaryimage","url":"https:\/\/fittwear.nl\/wp-content\/uploads\/2022\/10\/teddy-cream_Voorkant-boven_jpg_41.jpg","contentUrl":"https:\/\/fittwear.nl\/wp-content\/uploads\/2022\/10\/teddy-cream_Voorkant-boven_jpg_41.jpg","width":1200,"height":1800},{"@type":"BreadcrumbList","@id":"https:\/\/fittwear.nl\/product\/teddy-hoody-unisex\/#breadcrumb","itemListElement":[{"@type":"ListItem","position":1,"name":"Home","item":"https:\/\/fittwear.nl\/"},{"@type":"ListItem","position":2,"name":"Shop","item":"https:\/\/fittwear.nl\/shop\/"},{"@type":"ListItem","position":3,"name":"Teddy Hoody Unisex"}]},{"@type":"WebSite","@id":"https:\/\/fittwear.nl\/#website","url":"https:\/\/fittwear.nl\/","name":"FITTwear.co.uk","description":"C'est le moment de briller !","publisher":{"@id":"https:\/\/fittwear.nl\/#organization"},"potentialAction":[{"@type":"SearchAction","target":{"@type":"EntryPoint","urlTemplate":"https:\/\/fittwear.nl\/?s={search_term_string}"},"query-input":{"@type":"PropertyValueSpecification","valueRequired":true,"valueName":"search_term_string"}}],"inLanguage":"fr-FR"},{"@type":"Organization","@id":"https:\/\/fittwear.nl\/#organization","name":"FITTwear.co.uk","url":"https:\/\/fittwear.nl\/","logo":{"@type":"ImageObject","inLanguage":"fr-FR","@id":"https:\/\/fittwear.nl\/#\/schema\/logo\/image\/","url":"https:\/\/fittwear.nl\/wp-content\/uploads\/2024\/07\/FITT-Logo-BeYOUtiful-website-homepage_Tekengebied-1-scaled.jpg","contentUrl":"https:\/\/fittwear.nl\/wp-content\/uploads\/2024\/07\/FITT-Logo-BeYOUtiful-website-homepage_Tekengebied-1-scaled.jpg","width":2560,"height":599,"caption":"FITTwear.nl"},"image":{"@id":"https:\/\/fittwear.nl\/#\/schema\/logo\/image\/"}}]}},"_links":{"self":[{"href":"https:\/\/fittwear.nl\/fr\/wp-json\/wp\/v2\/product\/42812","targetHints":{"allow":["GET"]}}],"collection":[{"href":"https:\/\/fittwear.nl\/fr\/wp-json\/wp\/v2\/product"}],"about":[{"href":"https:\/\/fittwear.nl\/fr\/wp-json\/wp\/v2\/types\/product"}],"wp:featuredmedia":[{"embeddable":true,"href":"https:\/\/fittwear.nl\/fr\/wp-json\/wp\/v2\/media\/43075"}],"wp:attachment":[{"href":"https:\/\/fittwear.nl\/fr\/wp-json\/wp\/v2\/media?parent=42812"}],"wp:term":[{"taxonomy":"product_brand","embeddable":true,"href":"https:\/\/fittwear.nl\/fr\/wp-json\/wp\/v2\/product_brand?post=42812"},{"taxonomy":"product_cat","embeddable":true,"href":"https:\/\/fittwear.nl\/fr\/wp-json\/wp\/v2\/product_cat?post=42812"},{"taxonomy":"product_tag","embeddable":true,"href":"https:\/\/fittwear.nl\/fr\/wp-json\/wp\/v2\/product_tag?post=42812"}],"curies":[{"name":"wp","href":"https:\/\/api.w.org\/{rel}","templated":true}]}}