{"id":43142,"date":"2022-11-03T09:19:38","date_gmt":"2022-11-03T08:19:38","guid":{"rendered":"https:\/\/fittwear.nl\/?post_type=product&#038;p=43142"},"modified":"2026-05-02T23:17:44","modified_gmt":"2026-05-02T21:17:44","slug":"classic-scrunch-legging-light-blue","status":"publish","type":"product","link":"https:\/\/fittwear.nl\/fr\/product\/classic-scrunch-legging-light-blue\/","title":{"rendered":"Legging Classic Scrunch Bleu clair"},"content":{"rendered":"<p>-Leggings taille haute sans couture<\/p>\n<p>-Avec le froissement derri\u00e8re<\/p>\n<p>-Accentue vos courbes<\/p>\n<p>-Tissu sans couture au toucher doux.<\/p>\n<p>-La taille serr\u00e9e emp\u00eache les leggings de s'affaisser.<\/p>\n<p>-Bonne compression<\/p>\n<p>-Mati\u00e8re extensible pour une bonne adaptation \u00e0 votre corps.<\/p>\n<p>-78% Nylon, 22% Spandex<\/p>\n<p>-Lavable jusqu'\u00e0 30\u00b0.<\/p>\n<p>-Couleur : Bleu clair<\/p>\n<p>-Le mod\u00e8le Doete mesure 1,76 et porte la taille S.<\/p>","protected":false},"excerpt":{"rendered":"<p>Le chignon est totalement tendance en ce moment, et nous l'adorons !  Le legging taille haute est fabriqu\u00e9 dans un tissu extensible et doux et offre une bonne compression. Gr\u00e2ce \u00e0 la solide bande de taille haute, le legging restera en place pendant l'exercice. En bref, un v\u00e9ritable must pour toute FITTgirl ! Disponible en plusieurs couleurs. Il est temps de briller dans les v\u00eatements de sport FITT.<\/p>","protected":false},"featured_media":46899,"template":"","meta":{"_acf_changed":false},"product_brand":[],"product_cat":[4797,27,28,3611,85,86,63],"product_tag":[],"class_list":{"0":"post-43142","1":"product","2":"type-product","3":"status-publish","4":"has-post-thumbnail","6":"product_cat-blue-waves","7":"product_cat-dames","8":"product_cat-leggings","9":"product_cat-scrunch","10":"product_cat-seamless","11":"product_cat-effen","12":"product_cat-curves","14":"first","15":"instock","16":"sale","17":"taxable","18":"shipping-taxable","19":"purchasable","20":"product-type-variable","21":"has-default-attributes"},"acf":[],"yoast_head":"<!-- This site is optimized with the Yoast SEO plugin v27.1.1 - https:\/\/yoast.com\/product\/yoast-seo-wordpress\/ -->\n<title>Classic Scrunch Legging Light Blue - FITTwear.nl<\/title>\n<meta name=\"description\" content=\"Scrunch is helemaal de trend van nu, en wij houden ervan!\u00a0 De high waist legging is gemaakt van een stretchy en zachte stof en biedt goede compressie. Door de stevige high waist band zal de legging goed blijven zitten tijdens het sporten. Kortom, een echte musthave voor elke FITTgirl! Verkrijgbaar in meerdere kleuren. Time to shine in de sportkleding van FITT.\" \/>\n<meta name=\"robots\" content=\"index, follow, max-snippet:-1, max-image-preview:large, max-video-preview:-1\" \/>\n<link rel=\"canonical\" href=\"https:\/\/fittwear.nl\/fr\/produit-2\/classic-scrunch-legging-light-blue\/\" \/>\n<meta property=\"og:locale\" content=\"fr_FR\" \/>\n<meta property=\"og:type\" content=\"article\" \/>\n<meta property=\"og:title\" content=\"Classic Scrunch Legging Light Blue - FITTwear.nl\" \/>\n<meta property=\"og:description\" content=\"Scrunch is helemaal de trend van nu, en wij houden ervan!\u00a0 De high waist legging is gemaakt van een stretchy en zachte stof en biedt goede compressie. Door de stevige high waist band zal de legging goed blijven zitten tijdens het sporten. Kortom, een echte musthave voor elke FITTgirl! Verkrijgbaar in meerdere kleuren. Time to shine in de sportkleding van FITT.\" \/>\n<meta property=\"og:url\" content=\"https:\/\/fittwear.nl\/fr\/produit-2\/classic-scrunch-legging-light-blue\/\" \/>\n<meta property=\"og:site_name\" content=\"FITTwear.nl\" \/>\n<meta property=\"article:modified_time\" content=\"2026-05-02T21:17:44+00:00\" \/>\n<meta property=\"og:image\" content=\"https:\/\/fittwear.nl\/wp-content\/uploads\/2022\/11\/classic-blauw_Voorkant-onder_jpg_7.jpg\" \/>\n\t<meta property=\"og:image:width\" content=\"1200\" \/>\n\t<meta property=\"og:image:height\" content=\"1800\" \/>\n\t<meta property=\"og:image:type\" content=\"image\/jpeg\" \/>\n<meta name=\"twitter:card\" content=\"summary_large_image\" \/>\n<meta name=\"twitter:label1\" content=\"Dur\u00e9e de lecture estim\u00e9e\" \/>\n\t<meta name=\"twitter:data1\" content=\"1 minute\" \/>\n<script type=\"application\/ld+json\" class=\"yoast-schema-graph\">{\"@context\":\"https:\/\/schema.org\",\"@graph\":[{\"@type\":\"WebPage\",\"@id\":\"https:\/\/fittwear.nl\/product\/classic-scrunch-legging-light-blue\/\",\"url\":\"https:\/\/fittwear.nl\/product\/classic-scrunch-legging-light-blue\/\",\"name\":\"Classic Scrunch Legging Light Blue - FITTwear.nl\",\"isPartOf\":{\"@id\":\"https:\/\/fittwear.nl\/#website\"},\"primaryImageOfPage\":{\"@id\":\"https:\/\/fittwear.nl\/product\/classic-scrunch-legging-light-blue\/#primaryimage\"},\"image\":{\"@id\":\"https:\/\/fittwear.nl\/product\/classic-scrunch-legging-light-blue\/#primaryimage\"},\"thumbnailUrl\":\"https:\/\/fittwear.nl\/wp-content\/uploads\/2022\/11\/classic-blauw_Voorkant-onder_jpg_7.jpg\",\"datePublished\":\"2022-11-03T08:19:38+00:00\",\"dateModified\":\"2026-05-02T21:17:44+00:00\",\"description\":\"Scrunch is helemaal de trend van nu, en wij houden ervan!\u00a0 De high waist legging is gemaakt van een stretchy en zachte stof en biedt goede compressie. Door de stevige high waist band zal de legging goed blijven zitten tijdens het sporten. Kortom, een echte musthave voor elke FITTgirl! Verkrijgbaar in meerdere kleuren. Time to shine in de sportkleding van FITT.\",\"breadcrumb\":{\"@id\":\"https:\/\/fittwear.nl\/product\/classic-scrunch-legging-light-blue\/#breadcrumb\"},\"inLanguage\":\"fr-FR\",\"potentialAction\":[{\"@type\":\"ReadAction\",\"target\":[\"https:\/\/fittwear.nl\/product\/classic-scrunch-legging-light-blue\/\"]}]},{\"@type\":\"ImageObject\",\"inLanguage\":\"fr-FR\",\"@id\":\"https:\/\/fittwear.nl\/product\/classic-scrunch-legging-light-blue\/#primaryimage\",\"url\":\"https:\/\/fittwear.nl\/wp-content\/uploads\/2022\/11\/classic-blauw_Voorkant-onder_jpg_7.jpg\",\"contentUrl\":\"https:\/\/fittwear.nl\/wp-content\/uploads\/2022\/11\/classic-blauw_Voorkant-onder_jpg_7.jpg\",\"width\":1200,\"height\":1800},{\"@type\":\"BreadcrumbList\",\"@id\":\"https:\/\/fittwear.nl\/product\/classic-scrunch-legging-light-blue\/#breadcrumb\",\"itemListElement\":[{\"@type\":\"ListItem\",\"position\":1,\"name\":\"Home\",\"item\":\"https:\/\/fittwear.nl\/\"},{\"@type\":\"ListItem\",\"position\":2,\"name\":\"Shop\",\"item\":\"https:\/\/fittwear.nl\/shop\/\"},{\"@type\":\"ListItem\",\"position\":3,\"name\":\"Classic Scrunch Legging Light Blue\"}]},{\"@type\":\"WebSite\",\"@id\":\"https:\/\/fittwear.nl\/#website\",\"url\":\"https:\/\/fittwear.nl\/\",\"name\":\"FITTwear.nl\",\"description\":\"Time to shine!\",\"publisher\":{\"@id\":\"https:\/\/fittwear.nl\/#organization\"},\"potentialAction\":[{\"@type\":\"SearchAction\",\"target\":{\"@type\":\"EntryPoint\",\"urlTemplate\":\"https:\/\/fittwear.nl\/?s={search_term_string}\"},\"query-input\":{\"@type\":\"PropertyValueSpecification\",\"valueRequired\":true,\"valueName\":\"search_term_string\"}}],\"inLanguage\":\"fr-FR\"},{\"@type\":\"Organization\",\"@id\":\"https:\/\/fittwear.nl\/#organization\",\"name\":\"FITTwear.nl\",\"url\":\"https:\/\/fittwear.nl\/\",\"logo\":{\"@type\":\"ImageObject\",\"inLanguage\":\"fr-FR\",\"@id\":\"https:\/\/fittwear.nl\/#\/schema\/logo\/image\/\",\"url\":\"https:\/\/fittwear.nl\/wp-content\/uploads\/2024\/07\/FITT-Logo-BeYOUtiful-website-homepage_Tekengebied-1-scaled.jpg\",\"contentUrl\":\"https:\/\/fittwear.nl\/wp-content\/uploads\/2024\/07\/FITT-Logo-BeYOUtiful-website-homepage_Tekengebied-1-scaled.jpg\",\"width\":2560,\"height\":599,\"caption\":\"FITTwear.nl\"},\"image\":{\"@id\":\"https:\/\/fittwear.nl\/#\/schema\/logo\/image\/\"}}]}<\/script>\n<!-- \/ Yoast SEO plugin. -->","yoast_head_json":{"title":"Legging Classic Scrunch Bleu clair - FITTwear.fr","description":"Le chignon est totalement tendance en ce moment, et nous l'adorons !  Le legging taille haute est fabriqu\u00e9 dans un tissu extensible et doux et offre une bonne compression. Gr\u00e2ce \u00e0 la solide bande de taille haute, le legging restera en place pendant l'exercice. En bref, un v\u00e9ritable must pour toute FITTgirl ! Disponible en plusieurs couleurs. Il est temps de briller dans les v\u00eatements de sport FITT.","robots":{"index":"index","follow":"follow","max-snippet":"max-snippet:-1","max-image-preview":"max-image-preview:large","max-video-preview":"max-video-preview:-1"},"canonical":"https:\/\/fittwear.nl\/fr\/produit-2\/classic-scrunch-legging-light-blue\/","og_locale":"fr_FR","og_type":"article","og_title":"Classic Scrunch Legging Light Blue - FITTwear.nl","og_description":"Scrunch is helemaal de trend van nu, en wij houden ervan!\u00a0 De high waist legging is gemaakt van een stretchy en zachte stof en biedt goede compressie. Door de stevige high waist band zal de legging goed blijven zitten tijdens het sporten. Kortom, een echte musthave voor elke FITTgirl! Verkrijgbaar in meerdere kleuren. Time to shine in de sportkleding van FITT.","og_url":"https:\/\/fittwear.nl\/fr\/produit-2\/classic-scrunch-legging-light-blue\/","og_site_name":"FITTwear.nl","article_modified_time":"2026-05-02T21:17:44+00:00","og_image":[{"width":1200,"height":1800,"url":"https:\/\/fittwear.nl\/wp-content\/uploads\/2022\/11\/classic-blauw_Voorkant-onder_jpg_7.jpg","type":"image\/jpeg"}],"twitter_card":"summary_large_image","twitter_misc":{"Dur\u00e9e de lecture estim\u00e9e":"1 minute"},"schema":{"@context":"https:\/\/schema.org","@graph":[{"@type":"WebPage","@id":"https:\/\/fittwear.nl\/product\/classic-scrunch-legging-light-blue\/","url":"https:\/\/fittwear.nl\/product\/classic-scrunch-legging-light-blue\/","name":"Legging Classic Scrunch Bleu clair - FITTwear.fr","isPartOf":{"@id":"https:\/\/fittwear.nl\/#website"},"primaryImageOfPage":{"@id":"https:\/\/fittwear.nl\/product\/classic-scrunch-legging-light-blue\/#primaryimage"},"image":{"@id":"https:\/\/fittwear.nl\/product\/classic-scrunch-legging-light-blue\/#primaryimage"},"thumbnailUrl":"https:\/\/fittwear.nl\/wp-content\/uploads\/2022\/11\/classic-blauw_Voorkant-onder_jpg_7.jpg","datePublished":"2022-11-03T08:19:38+00:00","dateModified":"2026-05-02T21:17:44+00:00","description":"Le chignon est totalement tendance en ce moment, et nous l'adorons !  Le legging taille haute est fabriqu\u00e9 dans un tissu extensible et doux et offre une bonne compression. Gr\u00e2ce \u00e0 la solide bande de taille haute, le legging restera en place pendant l'exercice. En bref, un v\u00e9ritable must pour toute FITTgirl ! Disponible en plusieurs couleurs. Il est temps de briller dans les v\u00eatements de sport FITT.","breadcrumb":{"@id":"https:\/\/fittwear.nl\/product\/classic-scrunch-legging-light-blue\/#breadcrumb"},"inLanguage":"fr-FR","potentialAction":[{"@type":"ReadAction","target":["https:\/\/fittwear.nl\/product\/classic-scrunch-legging-light-blue\/"]}]},{"@type":"ImageObject","inLanguage":"fr-FR","@id":"https:\/\/fittwear.nl\/product\/classic-scrunch-legging-light-blue\/#primaryimage","url":"https:\/\/fittwear.nl\/wp-content\/uploads\/2022\/11\/classic-blauw_Voorkant-onder_jpg_7.jpg","contentUrl":"https:\/\/fittwear.nl\/wp-content\/uploads\/2022\/11\/classic-blauw_Voorkant-onder_jpg_7.jpg","width":1200,"height":1800},{"@type":"BreadcrumbList","@id":"https:\/\/fittwear.nl\/product\/classic-scrunch-legging-light-blue\/#breadcrumb","itemListElement":[{"@type":"ListItem","position":1,"name":"Home","item":"https:\/\/fittwear.nl\/"},{"@type":"ListItem","position":2,"name":"Shop","item":"https:\/\/fittwear.nl\/shop\/"},{"@type":"ListItem","position":3,"name":"Classic Scrunch Legging Light Blue"}]},{"@type":"WebSite","@id":"https:\/\/fittwear.nl\/#website","url":"https:\/\/fittwear.nl\/","name":"FITTwear.co.uk","description":"C'est le moment de briller !","publisher":{"@id":"https:\/\/fittwear.nl\/#organization"},"potentialAction":[{"@type":"SearchAction","target":{"@type":"EntryPoint","urlTemplate":"https:\/\/fittwear.nl\/?s={search_term_string}"},"query-input":{"@type":"PropertyValueSpecification","valueRequired":true,"valueName":"search_term_string"}}],"inLanguage":"fr-FR"},{"@type":"Organization","@id":"https:\/\/fittwear.nl\/#organization","name":"FITTwear.co.uk","url":"https:\/\/fittwear.nl\/","logo":{"@type":"ImageObject","inLanguage":"fr-FR","@id":"https:\/\/fittwear.nl\/#\/schema\/logo\/image\/","url":"https:\/\/fittwear.nl\/wp-content\/uploads\/2024\/07\/FITT-Logo-BeYOUtiful-website-homepage_Tekengebied-1-scaled.jpg","contentUrl":"https:\/\/fittwear.nl\/wp-content\/uploads\/2024\/07\/FITT-Logo-BeYOUtiful-website-homepage_Tekengebied-1-scaled.jpg","width":2560,"height":599,"caption":"FITTwear.nl"},"image":{"@id":"https:\/\/fittwear.nl\/#\/schema\/logo\/image\/"}}]}},"_links":{"self":[{"href":"https:\/\/fittwear.nl\/fr\/wp-json\/wp\/v2\/product\/43142","targetHints":{"allow":["GET"]}}],"collection":[{"href":"https:\/\/fittwear.nl\/fr\/wp-json\/wp\/v2\/product"}],"about":[{"href":"https:\/\/fittwear.nl\/fr\/wp-json\/wp\/v2\/types\/product"}],"wp:featuredmedia":[{"embeddable":true,"href":"https:\/\/fittwear.nl\/fr\/wp-json\/wp\/v2\/media\/46899"}],"wp:attachment":[{"href":"https:\/\/fittwear.nl\/fr\/wp-json\/wp\/v2\/media?parent=43142"}],"wp:term":[{"taxonomy":"product_brand","embeddable":true,"href":"https:\/\/fittwear.nl\/fr\/wp-json\/wp\/v2\/product_brand?post=43142"},{"taxonomy":"product_cat","embeddable":true,"href":"https:\/\/fittwear.nl\/fr\/wp-json\/wp\/v2\/product_cat?post=43142"},{"taxonomy":"product_tag","embeddable":true,"href":"https:\/\/fittwear.nl\/fr\/wp-json\/wp\/v2\/product_tag?post=43142"}],"curies":[{"name":"wp","href":"https:\/\/api.w.org\/{rel}","templated":true}]}}