{"id":4527,"date":"2023-08-05T16:48:00","date_gmt":"2023-08-05T14:48:00","guid":{"rendered":"https:\/\/fittwear.nl\/?post_type=product&#038;p=4527"},"modified":"2026-04-07T13:46:54","modified_gmt":"2026-04-07T11:46:54","slug":"effet-seamless-bh-black","status":"publish","type":"product","link":"https:\/\/fittwear.nl\/fr\/product\/effect-seamless-bh-zwart\/","title":{"rendered":"Soutien-gorge sans coutures Effect noir"},"content":{"rendered":"<p>&#8211; Sport bh seamless<\/p>\n<p>&#8211; Uitneembare padding<\/p>\n<p>&#8211; Vormverbeterende effecten<\/p>\n<p>&#8211; 94% nylon, 6% elastaan<\/p>\n<p>&#8211; 350 grams<\/p>\n<p>&#8211; Tot 40\u00b0 wasbaar<\/p>\n<p>&#8211; Medium impact<\/p>\n<p>- Couleur : noir<\/p>\n<p>&#8211; Model Doete is 1.76m en draagt maat S<\/p>","protected":false},"excerpt":{"rendered":"<p>Le soutien-gorge de sport noir de base par excellence. Ce soutien-gorge de sport sans coutures est dot\u00e9 d'un rembourrage pr\u00e9form\u00e9 amovible et d'effets de mise en forme qui vous permettent de performer dans le confort et le style lors de n'importe quelle s\u00e9ance d'entra\u00eenement !<\/p>\n<p><strong>Le mod\u00e8le Sophie mesure 1,75 m et porte la taille S.<\/strong><\/p>","protected":false},"featured_media":71594,"template":"","meta":{"_acf_changed":false},"product_brand":[],"product_cat":[27,88,4800,89,52],"product_tag":[104],"class_list":{"0":"post-4527","1":"product","2":"type-product","3":"status-publish","4":"has-post-thumbnail","6":"product_cat-dames","7":"product_cat-effen-sport-bhs","8":"product_cat-running-collection","9":"product_cat-seamless-sport-bhs","10":"product_cat-sport-bhs","11":"product_tag-sport-bh-seamless","13":"first","14":"instock","15":"taxable","16":"shipping-taxable","17":"purchasable","18":"product-type-variable","19":"has-default-attributes"},"acf":[],"yoast_head":"<!-- This site is optimized with the Yoast SEO plugin v27.1.1 - https:\/\/yoast.com\/product\/yoast-seo-wordpress\/ -->\n<title>Effect Seamless BH zwart - Dames Sport Bh&#039;s - FITTwear.nl<\/title>\n<meta name=\"description\" content=\"D\u00e9 ultieme basic zwarte sport BH. Deze naadloze sportbeha is voorzien van uitneembare voorgevormde padding en is afgewerkt met vorm verbeterende effecten die het mogelijk maken om in comfort en stijl te presteren tijdens elke workout!  Model Sophie is 1.75m en draagt maat S.\" \/>\n<meta name=\"robots\" content=\"index, follow, max-snippet:-1, max-image-preview:large, max-video-preview:-1\" \/>\n<link rel=\"canonical\" href=\"https:\/\/fittwear.nl\/fr\/produit-2\/effet-seamless-bh-black\/\" \/>\n<meta property=\"og:locale\" content=\"fr_FR\" \/>\n<meta property=\"og:type\" content=\"article\" \/>\n<meta property=\"og:title\" content=\"Effect Seamless BH zwart - Dames Sport Bh&#039;s - FITTwear.nl\" \/>\n<meta property=\"og:description\" content=\"D\u00e9 ultieme basic zwarte sport BH. Deze naadloze sportbeha is voorzien van uitneembare voorgevormde padding en is afgewerkt met vorm verbeterende effecten die het mogelijk maken om in comfort en stijl te presteren tijdens elke workout!  Model Sophie is 1.75m en draagt maat S.\" \/>\n<meta property=\"og:url\" content=\"https:\/\/fittwear.nl\/fr\/produit-2\/effet-seamless-bh-black\/\" \/>\n<meta property=\"og:site_name\" content=\"FITTwear.nl\" \/>\n<meta property=\"article:modified_time\" content=\"2026-04-07T11:46:54+00:00\" \/>\n<meta property=\"og:image\" content=\"https:\/\/fittwear.nl\/wp-content\/uploads\/2023\/08\/effect-basic-seamless-legging_Voorkant-boven_jpg_2.jpg\" \/>\n\t<meta property=\"og:image:width\" content=\"1200\" \/>\n\t<meta property=\"og:image:height\" content=\"1800\" \/>\n\t<meta property=\"og:image:type\" content=\"image\/jpeg\" \/>\n<meta name=\"twitter:card\" content=\"summary_large_image\" \/>\n<meta name=\"twitter:label1\" content=\"Dur\u00e9e de lecture estim\u00e9e\" \/>\n\t<meta name=\"twitter:data1\" content=\"1 minute\" \/>\n<script type=\"application\/ld+json\" class=\"yoast-schema-graph\">{\"@context\":\"https:\/\/schema.org\",\"@graph\":[{\"@type\":\"WebPage\",\"@id\":\"https:\/\/fittwear.nl\/product\/effect-seamless-bh-zwart\/\",\"url\":\"https:\/\/fittwear.nl\/product\/effect-seamless-bh-zwart\/\",\"name\":\"Effect Seamless BH zwart - Dames Sport Bh's - FITTwear.nl\",\"isPartOf\":{\"@id\":\"https:\/\/fittwear.nl\/#website\"},\"primaryImageOfPage\":{\"@id\":\"https:\/\/fittwear.nl\/product\/effect-seamless-bh-zwart\/#primaryimage\"},\"image\":{\"@id\":\"https:\/\/fittwear.nl\/product\/effect-seamless-bh-zwart\/#primaryimage\"},\"thumbnailUrl\":\"https:\/\/fittwear.nl\/wp-content\/uploads\/2023\/08\/effect-basic-seamless-legging_Voorkant-boven_jpg_2.jpg\",\"datePublished\":\"2023-08-05T14:48:00+00:00\",\"dateModified\":\"2026-04-07T11:46:54+00:00\",\"description\":\"D\u00e9 ultieme basic zwarte sport BH. Deze naadloze sportbeha is voorzien van uitneembare voorgevormde padding en is afgewerkt met vorm verbeterende effecten die het mogelijk maken om in comfort en stijl te presteren tijdens elke workout! Model Sophie is 1.75m en draagt maat S.\",\"breadcrumb\":{\"@id\":\"https:\/\/fittwear.nl\/product\/effect-seamless-bh-zwart\/#breadcrumb\"},\"inLanguage\":\"fr-FR\",\"potentialAction\":[{\"@type\":\"ReadAction\",\"target\":[\"https:\/\/fittwear.nl\/product\/effect-seamless-bh-zwart\/\"]}]},{\"@type\":\"ImageObject\",\"inLanguage\":\"fr-FR\",\"@id\":\"https:\/\/fittwear.nl\/product\/effect-seamless-bh-zwart\/#primaryimage\",\"url\":\"https:\/\/fittwear.nl\/wp-content\/uploads\/2023\/08\/effect-basic-seamless-legging_Voorkant-boven_jpg_2.jpg\",\"contentUrl\":\"https:\/\/fittwear.nl\/wp-content\/uploads\/2023\/08\/effect-basic-seamless-legging_Voorkant-boven_jpg_2.jpg\",\"width\":1200,\"height\":1800},{\"@type\":\"BreadcrumbList\",\"@id\":\"https:\/\/fittwear.nl\/product\/effect-seamless-bh-zwart\/#breadcrumb\",\"itemListElement\":[{\"@type\":\"ListItem\",\"position\":1,\"name\":\"Home\",\"item\":\"https:\/\/fittwear.nl\/\"},{\"@type\":\"ListItem\",\"position\":2,\"name\":\"Shop\",\"item\":\"https:\/\/fittwear.nl\/shop\/\"},{\"@type\":\"ListItem\",\"position\":3,\"name\":\"Effect Seamless BH zwart\"}]},{\"@type\":\"WebSite\",\"@id\":\"https:\/\/fittwear.nl\/#website\",\"url\":\"https:\/\/fittwear.nl\/\",\"name\":\"FITTwear.nl\",\"description\":\"Time to shine!\",\"publisher\":{\"@id\":\"https:\/\/fittwear.nl\/#organization\"},\"potentialAction\":[{\"@type\":\"SearchAction\",\"target\":{\"@type\":\"EntryPoint\",\"urlTemplate\":\"https:\/\/fittwear.nl\/?s={search_term_string}\"},\"query-input\":{\"@type\":\"PropertyValueSpecification\",\"valueRequired\":true,\"valueName\":\"search_term_string\"}}],\"inLanguage\":\"fr-FR\"},{\"@type\":\"Organization\",\"@id\":\"https:\/\/fittwear.nl\/#organization\",\"name\":\"FITTwear.nl\",\"url\":\"https:\/\/fittwear.nl\/\",\"logo\":{\"@type\":\"ImageObject\",\"inLanguage\":\"fr-FR\",\"@id\":\"https:\/\/fittwear.nl\/#\/schema\/logo\/image\/\",\"url\":\"https:\/\/fittwear.nl\/wp-content\/uploads\/2024\/07\/FITT-Logo-BeYOUtiful-website-homepage_Tekengebied-1-scaled.jpg\",\"contentUrl\":\"https:\/\/fittwear.nl\/wp-content\/uploads\/2024\/07\/FITT-Logo-BeYOUtiful-website-homepage_Tekengebied-1-scaled.jpg\",\"width\":2560,\"height\":599,\"caption\":\"FITTwear.nl\"},\"image\":{\"@id\":\"https:\/\/fittwear.nl\/#\/schema\/logo\/image\/\"}}]}<\/script>\n<!-- \/ Yoast SEO plugin. -->","yoast_head_json":{"title":"Soutien-gorge sans coutures Effect Noir - Soutiens-gorge de sport pour femmes - FITTwear.co.uk","description":"Le soutien-gorge de sport noir de base par excellence. Ce soutien-gorge de sport sans coutures est dot\u00e9 d'un rembourrage pr\u00e9form\u00e9 amovible et d'effets de mise en forme qui vous permettent de performer dans le confort et le style pendant toute la dur\u00e9e de l'entra\u00eenement !  Le mod\u00e8le Sophie mesure 1,75 m et porte la taille S.","robots":{"index":"index","follow":"follow","max-snippet":"max-snippet:-1","max-image-preview":"max-image-preview:large","max-video-preview":"max-video-preview:-1"},"canonical":"https:\/\/fittwear.nl\/fr\/produit-2\/effet-seamless-bh-black\/","og_locale":"fr_FR","og_type":"article","og_title":"Effect Seamless BH zwart - Dames Sport Bh's - FITTwear.nl","og_description":"D\u00e9 ultieme basic zwarte sport BH. Deze naadloze sportbeha is voorzien van uitneembare voorgevormde padding en is afgewerkt met vorm verbeterende effecten die het mogelijk maken om in comfort en stijl te presteren tijdens elke workout!  Model Sophie is 1.75m en draagt maat S.","og_url":"https:\/\/fittwear.nl\/fr\/produit-2\/effet-seamless-bh-black\/","og_site_name":"FITTwear.nl","article_modified_time":"2026-04-07T11:46:54+00:00","og_image":[{"width":1200,"height":1800,"url":"https:\/\/fittwear.nl\/wp-content\/uploads\/2023\/08\/effect-basic-seamless-legging_Voorkant-boven_jpg_2.jpg","type":"image\/jpeg"}],"twitter_card":"summary_large_image","twitter_misc":{"Dur\u00e9e de lecture estim\u00e9e":"1 minute"},"schema":{"@context":"https:\/\/schema.org","@graph":[{"@type":"WebPage","@id":"https:\/\/fittwear.nl\/product\/effect-seamless-bh-zwart\/","url":"https:\/\/fittwear.nl\/product\/effect-seamless-bh-zwart\/","name":"Soutien-gorge sans coutures Effect Noir - Soutiens-gorge de sport pour femmes - FITTwear.co.uk","isPartOf":{"@id":"https:\/\/fittwear.nl\/#website"},"primaryImageOfPage":{"@id":"https:\/\/fittwear.nl\/product\/effect-seamless-bh-zwart\/#primaryimage"},"image":{"@id":"https:\/\/fittwear.nl\/product\/effect-seamless-bh-zwart\/#primaryimage"},"thumbnailUrl":"https:\/\/fittwear.nl\/wp-content\/uploads\/2023\/08\/effect-basic-seamless-legging_Voorkant-boven_jpg_2.jpg","datePublished":"2023-08-05T14:48:00+00:00","dateModified":"2026-04-07T11:46:54+00:00","description":"Le soutien-gorge de sport noir de base par excellence. Ce soutien-gorge de sport sans coutures est dot\u00e9 d'un rembourrage pr\u00e9form\u00e9 amovible et d'effets de mise en forme qui vous permettent de performer dans le confort et le style lors de vos s\u00e9ances d'entra\u00eenement ! Le mod\u00e8le Sophie mesure 1,75 m et porte la taille S.","breadcrumb":{"@id":"https:\/\/fittwear.nl\/product\/effect-seamless-bh-zwart\/#breadcrumb"},"inLanguage":"fr-FR","potentialAction":[{"@type":"ReadAction","target":["https:\/\/fittwear.nl\/product\/effect-seamless-bh-zwart\/"]}]},{"@type":"ImageObject","inLanguage":"fr-FR","@id":"https:\/\/fittwear.nl\/product\/effect-seamless-bh-zwart\/#primaryimage","url":"https:\/\/fittwear.nl\/wp-content\/uploads\/2023\/08\/effect-basic-seamless-legging_Voorkant-boven_jpg_2.jpg","contentUrl":"https:\/\/fittwear.nl\/wp-content\/uploads\/2023\/08\/effect-basic-seamless-legging_Voorkant-boven_jpg_2.jpg","width":1200,"height":1800},{"@type":"BreadcrumbList","@id":"https:\/\/fittwear.nl\/product\/effect-seamless-bh-zwart\/#breadcrumb","itemListElement":[{"@type":"ListItem","position":1,"name":"Home","item":"https:\/\/fittwear.nl\/"},{"@type":"ListItem","position":2,"name":"Shop","item":"https:\/\/fittwear.nl\/shop\/"},{"@type":"ListItem","position":3,"name":"Effect Seamless BH zwart"}]},{"@type":"WebSite","@id":"https:\/\/fittwear.nl\/#website","url":"https:\/\/fittwear.nl\/","name":"FITTwear.co.uk","description":"C'est le moment de briller !","publisher":{"@id":"https:\/\/fittwear.nl\/#organization"},"potentialAction":[{"@type":"SearchAction","target":{"@type":"EntryPoint","urlTemplate":"https:\/\/fittwear.nl\/?s={search_term_string}"},"query-input":{"@type":"PropertyValueSpecification","valueRequired":true,"valueName":"search_term_string"}}],"inLanguage":"fr-FR"},{"@type":"Organization","@id":"https:\/\/fittwear.nl\/#organization","name":"FITTwear.co.uk","url":"https:\/\/fittwear.nl\/","logo":{"@type":"ImageObject","inLanguage":"fr-FR","@id":"https:\/\/fittwear.nl\/#\/schema\/logo\/image\/","url":"https:\/\/fittwear.nl\/wp-content\/uploads\/2024\/07\/FITT-Logo-BeYOUtiful-website-homepage_Tekengebied-1-scaled.jpg","contentUrl":"https:\/\/fittwear.nl\/wp-content\/uploads\/2024\/07\/FITT-Logo-BeYOUtiful-website-homepage_Tekengebied-1-scaled.jpg","width":2560,"height":599,"caption":"FITTwear.nl"},"image":{"@id":"https:\/\/fittwear.nl\/#\/schema\/logo\/image\/"}}]}},"_links":{"self":[{"href":"https:\/\/fittwear.nl\/fr\/wp-json\/wp\/v2\/product\/4527","targetHints":{"allow":["GET"]}}],"collection":[{"href":"https:\/\/fittwear.nl\/fr\/wp-json\/wp\/v2\/product"}],"about":[{"href":"https:\/\/fittwear.nl\/fr\/wp-json\/wp\/v2\/types\/product"}],"wp:featuredmedia":[{"embeddable":true,"href":"https:\/\/fittwear.nl\/fr\/wp-json\/wp\/v2\/media\/71594"}],"wp:attachment":[{"href":"https:\/\/fittwear.nl\/fr\/wp-json\/wp\/v2\/media?parent=4527"}],"wp:term":[{"taxonomy":"product_brand","embeddable":true,"href":"https:\/\/fittwear.nl\/fr\/wp-json\/wp\/v2\/product_brand?post=4527"},{"taxonomy":"product_cat","embeddable":true,"href":"https:\/\/fittwear.nl\/fr\/wp-json\/wp\/v2\/product_cat?post=4527"},{"taxonomy":"product_tag","embeddable":true,"href":"https:\/\/fittwear.nl\/fr\/wp-json\/wp\/v2\/product_tag?post=4527"}],"curies":[{"name":"wp","href":"https:\/\/api.w.org\/{rel}","templated":true}]}}