{"id":45848,"date":"2022-11-29T15:27:13","date_gmt":"2022-11-29T14:27:13","guid":{"rendered":"https:\/\/fittwear.nl\/?post_type=product&#038;p=45848"},"modified":"2026-04-27T15:23:40","modified_gmt":"2026-04-27T13:23:40","slug":"soutien-gorge-contour-des-courbes-noir","status":"publish","type":"product","link":"https:\/\/fittwear.nl\/fr\/product\/curvy-contour-bh-black\/","title":{"rendered":"Soutien-gorge Curvy Contour Noir"},"content":{"rendered":"<p>&#8211; Seamless sport bh<\/p>\n\n\n\n<p>&#8211; Uitneembare padding<\/p>\n\n\n\n<p>&#8211; Verstelbare bandjes<\/p>\n\n\n\n<p>&#8211; Uniek rugdetail<\/p>\n\n\n\n<p>&#8211; Elastische busteondersteuning<\/p>\n\n\n\n<p>&#8211; Voorzien van subtiel logo<\/p>\n\n\n\n<p>&#8211; 92% nylon, 8% elastaan<\/p>\n\n\n\n<p> &#8211; 280 grams<\/p>\n\n\n\n<p>- Lavable jusqu'\u00e0 30\u00b0.<\/p>\n\n\n\n<p>- Couleur : noir<\/p>\n\n\n\n<p>&#8211; Model Manoek is 1.77 en draagt maar S<\/p>","protected":false},"excerpt":{"rendered":"<p>Soutien-gorge de sport avec bretelles r\u00e9glables et rembourrage amovible de notre ligne Curvy Contour Seamless. Le soutien \u00e9lastique de la poitrine, le design sans coutures et le tissu extensible offrent un grand confort pendant votre entra\u00eenement. Et avez-vous vu le d\u00e9tail unique et amusant du dos de ce soutien-gorge de sport ? Nous l'adorons !<\/p>","protected":false},"featured_media":46890,"template":"","meta":{"_acf_changed":false},"product_brand":[],"product_cat":[63,88,54,89,52],"product_tag":[],"class_list":{"0":"post-45848","1":"product","2":"type-product","3":"status-publish","4":"has-post-thumbnail","6":"product_cat-curves","7":"product_cat-effen-sport-bhs","8":"product_cat-new","9":"product_cat-seamless-sport-bhs","10":"product_cat-sport-bhs","12":"first","13":"outofstock","14":"taxable","15":"shipping-taxable","16":"product-type-variable","17":"has-default-attributes"},"acf":[],"yoast_head":"<!-- This site is optimized with the Yoast SEO plugin v27.1.1 - https:\/\/yoast.com\/product\/yoast-seo-wordpress\/ -->\n<title>Curvy Contour BH Black - FITTwear.nl<\/title>\n<meta name=\"description\" content=\"Sport bh met verstelbare bandjes en uitneembare padding uit onze Curvy Contour Seamless lijn. Een elastische busteondersteuning en de het naadloze ontwerp bieden samen met de stretchy stof comfort tijdens jouw training. En heb je de unieke en leuke rugdetails gezien van deze sport BH? We love it!\" \/>\n<meta name=\"robots\" content=\"index, follow, max-snippet:-1, max-image-preview:large, max-video-preview:-1\" \/>\n<link rel=\"canonical\" href=\"https:\/\/fittwear.nl\/fr\/produit-2\/soutien-gorge-contour-des-courbes-noir\/\" \/>\n<meta property=\"og:locale\" content=\"fr_FR\" \/>\n<meta property=\"og:type\" content=\"article\" \/>\n<meta property=\"og:title\" content=\"Curvy Contour BH Black - FITTwear.nl\" \/>\n<meta property=\"og:description\" content=\"Sport bh met verstelbare bandjes en uitneembare padding uit onze Curvy Contour Seamless lijn. Een elastische busteondersteuning en de het naadloze ontwerp bieden samen met de stretchy stof comfort tijdens jouw training. En heb je de unieke en leuke rugdetails gezien van deze sport BH? We love it!\" \/>\n<meta property=\"og:url\" content=\"https:\/\/fittwear.nl\/fr\/produit-2\/soutien-gorge-contour-des-courbes-noir\/\" \/>\n<meta property=\"og:site_name\" content=\"FITTwear.nl\" \/>\n<meta property=\"article:modified_time\" content=\"2026-04-27T13:23:40+00:00\" \/>\n<meta property=\"og:image\" content=\"https:\/\/fittwear.nl\/wp-content\/uploads\/2022\/11\/contour-scrunch-new-zwart_Voorkant-boven_jpg_1.jpg\" \/>\n\t<meta property=\"og:image:width\" content=\"1200\" \/>\n\t<meta property=\"og:image:height\" content=\"1800\" \/>\n\t<meta property=\"og:image:type\" content=\"image\/jpeg\" \/>\n<meta name=\"twitter:card\" content=\"summary_large_image\" \/>\n<meta name=\"twitter:label1\" content=\"Dur\u00e9e de lecture estim\u00e9e\" \/>\n\t<meta name=\"twitter:data1\" content=\"1 minute\" \/>\n<script type=\"application\/ld+json\" class=\"yoast-schema-graph\">{\"@context\":\"https:\/\/schema.org\",\"@graph\":[{\"@type\":\"WebPage\",\"@id\":\"https:\/\/fittwear.nl\/product\/curvy-contour-bh-black\/\",\"url\":\"https:\/\/fittwear.nl\/product\/curvy-contour-bh-black\/\",\"name\":\"Curvy Contour BH Black - FITTwear.nl\",\"isPartOf\":{\"@id\":\"https:\/\/fittwear.nl\/#website\"},\"primaryImageOfPage\":{\"@id\":\"https:\/\/fittwear.nl\/product\/curvy-contour-bh-black\/#primaryimage\"},\"image\":{\"@id\":\"https:\/\/fittwear.nl\/product\/curvy-contour-bh-black\/#primaryimage\"},\"thumbnailUrl\":\"https:\/\/fittwear.nl\/wp-content\/uploads\/2022\/11\/contour-scrunch-new-zwart_Voorkant-boven_jpg_1.jpg\",\"datePublished\":\"2022-11-29T14:27:13+00:00\",\"dateModified\":\"2026-04-27T13:23:40+00:00\",\"description\":\"Sport bh met verstelbare bandjes en uitneembare padding uit onze Curvy Contour Seamless lijn. Een elastische busteondersteuning en de het naadloze ontwerp bieden samen met de stretchy stof comfort tijdens jouw training. En heb je de unieke en leuke rugdetails gezien van deze sport BH? We love it!\",\"breadcrumb\":{\"@id\":\"https:\/\/fittwear.nl\/product\/curvy-contour-bh-black\/#breadcrumb\"},\"inLanguage\":\"fr-FR\",\"potentialAction\":[{\"@type\":\"ReadAction\",\"target\":[\"https:\/\/fittwear.nl\/product\/curvy-contour-bh-black\/\"]}]},{\"@type\":\"ImageObject\",\"inLanguage\":\"fr-FR\",\"@id\":\"https:\/\/fittwear.nl\/product\/curvy-contour-bh-black\/#primaryimage\",\"url\":\"https:\/\/fittwear.nl\/wp-content\/uploads\/2022\/11\/contour-scrunch-new-zwart_Voorkant-boven_jpg_1.jpg\",\"contentUrl\":\"https:\/\/fittwear.nl\/wp-content\/uploads\/2022\/11\/contour-scrunch-new-zwart_Voorkant-boven_jpg_1.jpg\",\"width\":1200,\"height\":1800},{\"@type\":\"BreadcrumbList\",\"@id\":\"https:\/\/fittwear.nl\/product\/curvy-contour-bh-black\/#breadcrumb\",\"itemListElement\":[{\"@type\":\"ListItem\",\"position\":1,\"name\":\"Home\",\"item\":\"https:\/\/fittwear.nl\/\"},{\"@type\":\"ListItem\",\"position\":2,\"name\":\"Shop\",\"item\":\"https:\/\/fittwear.nl\/shop\/\"},{\"@type\":\"ListItem\",\"position\":3,\"name\":\"Curvy Contour BH Black\"}]},{\"@type\":\"WebSite\",\"@id\":\"https:\/\/fittwear.nl\/#website\",\"url\":\"https:\/\/fittwear.nl\/\",\"name\":\"FITTwear.nl\",\"description\":\"Time to shine!\",\"publisher\":{\"@id\":\"https:\/\/fittwear.nl\/#organization\"},\"potentialAction\":[{\"@type\":\"SearchAction\",\"target\":{\"@type\":\"EntryPoint\",\"urlTemplate\":\"https:\/\/fittwear.nl\/?s={search_term_string}\"},\"query-input\":{\"@type\":\"PropertyValueSpecification\",\"valueRequired\":true,\"valueName\":\"search_term_string\"}}],\"inLanguage\":\"fr-FR\"},{\"@type\":\"Organization\",\"@id\":\"https:\/\/fittwear.nl\/#organization\",\"name\":\"FITTwear.nl\",\"url\":\"https:\/\/fittwear.nl\/\",\"logo\":{\"@type\":\"ImageObject\",\"inLanguage\":\"fr-FR\",\"@id\":\"https:\/\/fittwear.nl\/#\/schema\/logo\/image\/\",\"url\":\"https:\/\/fittwear.nl\/wp-content\/uploads\/2024\/07\/FITT-Logo-BeYOUtiful-website-homepage_Tekengebied-1-scaled.jpg\",\"contentUrl\":\"https:\/\/fittwear.nl\/wp-content\/uploads\/2024\/07\/FITT-Logo-BeYOUtiful-website-homepage_Tekengebied-1-scaled.jpg\",\"width\":2560,\"height\":599,\"caption\":\"FITTwear.nl\"},\"image\":{\"@id\":\"https:\/\/fittwear.nl\/#\/schema\/logo\/image\/\"}}]}<\/script>\n<!-- \/ Yoast SEO plugin. -->","yoast_head_json":{"title":"Soutien-gorge Curvy Contour Noir - FITTwear.fr","description":"Soutien-gorge de sport avec bretelles r\u00e9glables et rembourrage amovible de notre ligne Curvy Contour Seamless. Le soutien \u00e9lastique de la poitrine, le design sans coutures et le tissu extensible offrent un grand confort pendant votre entra\u00eenement. Et avez-vous vu le d\u00e9tail unique et amusant du dos de ce soutien-gorge de sport ? Nous l'adorons !","robots":{"index":"index","follow":"follow","max-snippet":"max-snippet:-1","max-image-preview":"max-image-preview:large","max-video-preview":"max-video-preview:-1"},"canonical":"https:\/\/fittwear.nl\/fr\/produit-2\/soutien-gorge-contour-des-courbes-noir\/","og_locale":"fr_FR","og_type":"article","og_title":"Curvy Contour BH Black - FITTwear.nl","og_description":"Sport bh met verstelbare bandjes en uitneembare padding uit onze Curvy Contour Seamless lijn. Een elastische busteondersteuning en de het naadloze ontwerp bieden samen met de stretchy stof comfort tijdens jouw training. En heb je de unieke en leuke rugdetails gezien van deze sport BH? We love it!","og_url":"https:\/\/fittwear.nl\/fr\/produit-2\/soutien-gorge-contour-des-courbes-noir\/","og_site_name":"FITTwear.nl","article_modified_time":"2026-04-27T13:23:40+00:00","og_image":[{"width":1200,"height":1800,"url":"https:\/\/fittwear.nl\/wp-content\/uploads\/2022\/11\/contour-scrunch-new-zwart_Voorkant-boven_jpg_1.jpg","type":"image\/jpeg"}],"twitter_card":"summary_large_image","twitter_misc":{"Dur\u00e9e de lecture estim\u00e9e":"1 minute"},"schema":{"@context":"https:\/\/schema.org","@graph":[{"@type":"WebPage","@id":"https:\/\/fittwear.nl\/product\/curvy-contour-bh-black\/","url":"https:\/\/fittwear.nl\/product\/curvy-contour-bh-black\/","name":"Soutien-gorge Curvy Contour Noir - FITTwear.fr","isPartOf":{"@id":"https:\/\/fittwear.nl\/#website"},"primaryImageOfPage":{"@id":"https:\/\/fittwear.nl\/product\/curvy-contour-bh-black\/#primaryimage"},"image":{"@id":"https:\/\/fittwear.nl\/product\/curvy-contour-bh-black\/#primaryimage"},"thumbnailUrl":"https:\/\/fittwear.nl\/wp-content\/uploads\/2022\/11\/contour-scrunch-new-zwart_Voorkant-boven_jpg_1.jpg","datePublished":"2022-11-29T14:27:13+00:00","dateModified":"2026-04-27T13:23:40+00:00","description":"Soutien-gorge de sport avec bretelles r\u00e9glables et rembourrage amovible de notre ligne Curvy Contour Seamless. Le soutien \u00e9lastique de la poitrine, le design sans coutures et le tissu extensible offrent un grand confort pendant votre entra\u00eenement. Et avez-vous vu le d\u00e9tail unique et amusant du dos de ce soutien-gorge de sport ? Nous l'adorons !","breadcrumb":{"@id":"https:\/\/fittwear.nl\/product\/curvy-contour-bh-black\/#breadcrumb"},"inLanguage":"fr-FR","potentialAction":[{"@type":"ReadAction","target":["https:\/\/fittwear.nl\/product\/curvy-contour-bh-black\/"]}]},{"@type":"ImageObject","inLanguage":"fr-FR","@id":"https:\/\/fittwear.nl\/product\/curvy-contour-bh-black\/#primaryimage","url":"https:\/\/fittwear.nl\/wp-content\/uploads\/2022\/11\/contour-scrunch-new-zwart_Voorkant-boven_jpg_1.jpg","contentUrl":"https:\/\/fittwear.nl\/wp-content\/uploads\/2022\/11\/contour-scrunch-new-zwart_Voorkant-boven_jpg_1.jpg","width":1200,"height":1800},{"@type":"BreadcrumbList","@id":"https:\/\/fittwear.nl\/product\/curvy-contour-bh-black\/#breadcrumb","itemListElement":[{"@type":"ListItem","position":1,"name":"Home","item":"https:\/\/fittwear.nl\/"},{"@type":"ListItem","position":2,"name":"Shop","item":"https:\/\/fittwear.nl\/shop\/"},{"@type":"ListItem","position":3,"name":"Curvy Contour BH Black"}]},{"@type":"WebSite","@id":"https:\/\/fittwear.nl\/#website","url":"https:\/\/fittwear.nl\/","name":"FITTwear.co.uk","description":"C'est le moment de briller !","publisher":{"@id":"https:\/\/fittwear.nl\/#organization"},"potentialAction":[{"@type":"SearchAction","target":{"@type":"EntryPoint","urlTemplate":"https:\/\/fittwear.nl\/?s={search_term_string}"},"query-input":{"@type":"PropertyValueSpecification","valueRequired":true,"valueName":"search_term_string"}}],"inLanguage":"fr-FR"},{"@type":"Organization","@id":"https:\/\/fittwear.nl\/#organization","name":"FITTwear.co.uk","url":"https:\/\/fittwear.nl\/","logo":{"@type":"ImageObject","inLanguage":"fr-FR","@id":"https:\/\/fittwear.nl\/#\/schema\/logo\/image\/","url":"https:\/\/fittwear.nl\/wp-content\/uploads\/2024\/07\/FITT-Logo-BeYOUtiful-website-homepage_Tekengebied-1-scaled.jpg","contentUrl":"https:\/\/fittwear.nl\/wp-content\/uploads\/2024\/07\/FITT-Logo-BeYOUtiful-website-homepage_Tekengebied-1-scaled.jpg","width":2560,"height":599,"caption":"FITTwear.nl"},"image":{"@id":"https:\/\/fittwear.nl\/#\/schema\/logo\/image\/"}}]}},"_links":{"self":[{"href":"https:\/\/fittwear.nl\/fr\/wp-json\/wp\/v2\/product\/45848","targetHints":{"allow":["GET"]}}],"collection":[{"href":"https:\/\/fittwear.nl\/fr\/wp-json\/wp\/v2\/product"}],"about":[{"href":"https:\/\/fittwear.nl\/fr\/wp-json\/wp\/v2\/types\/product"}],"wp:featuredmedia":[{"embeddable":true,"href":"https:\/\/fittwear.nl\/fr\/wp-json\/wp\/v2\/media\/46890"}],"wp:attachment":[{"href":"https:\/\/fittwear.nl\/fr\/wp-json\/wp\/v2\/media?parent=45848"}],"wp:term":[{"taxonomy":"product_brand","embeddable":true,"href":"https:\/\/fittwear.nl\/fr\/wp-json\/wp\/v2\/product_brand?post=45848"},{"taxonomy":"product_cat","embeddable":true,"href":"https:\/\/fittwear.nl\/fr\/wp-json\/wp\/v2\/product_cat?post=45848"},{"taxonomy":"product_tag","embeddable":true,"href":"https:\/\/fittwear.nl\/fr\/wp-json\/wp\/v2\/product_tag?post=45848"}],"curies":[{"name":"wp","href":"https:\/\/api.w.org\/{rel}","templated":true}]}}