{"id":45991,"date":"2022-11-29T14:27:28","date_gmt":"2022-11-29T13:27:28","guid":{"rendered":"https:\/\/fittwear.nl\/?post_type=product&#038;p=45991"},"modified":"2026-04-26T14:00:23","modified_gmt":"2026-04-26T12:00:23","slug":"camo-haut-impact-bh-blue","status":"publish","type":"product","link":"https:\/\/fittwear.nl\/fr\/product\/camo-high-impact-bh-blue\/","title":{"rendered":"Camo High Impact Bra Bleu"},"content":{"rendered":"<p>&#8211; Sport BH<\/p>\n\n\n\n<p>&#8211; High impact<\/p>\n\n\n\n<p>&#8211; Gekruisde banden op rug<\/p>\n\n\n\n<p>&#8211; Overslag detail aan voorkant<\/p>\n\n\n\n<p>&#8211; All-over jacquard camouflageprint<\/p>\n\n\n\n<p>&#8211; Seamless afwerking<\/p>\n\n\n\n<p>&#8211; Zweetafvoerende stof<\/p>\n\n\n\n<p>- \u00c0 l'\u00e9preuve des squats<\/p>\n\n\n\n<p>- 78% Nylon, 22% Spandex<\/p>\n\n\n\n<p>- Lavable jusqu'\u00e0 30\u00b0.<\/p>\n\n\n\n<p>- Couleur : bleu<\/p>\n\n\n\n<p>&#8211; Model Doete is 1.76m en draagt maat S<\/p>","protected":false},"excerpt":{"rendered":"<p>Soutien-gorge de sport \u00e0 fort impact avec un imprim\u00e9 jacquard camouflage dans plusieurs couleurs cool ! Les bretelles crois\u00e9es et le chevauchement sur le devant apportent des d\u00e9tails cool \u00e0 ce soutien-gorge. Le tissu absorbe la transpiration, ce qui le rend id\u00e9al pour toute s\u00e9ance d'entra\u00eenement.<\/p>","protected":false},"featured_media":46816,"template":"","meta":{"_acf_changed":false},"product_brand":[],"product_cat":[4797,63,4793,87,89,52],"product_tag":[],"class_list":{"0":"post-45991","1":"product","2":"type-product","3":"status-publish","4":"has-post-thumbnail","6":"product_cat-blue-waves","7":"product_cat-curves","8":"product_cat-power-prints","9":"product_cat-prints-sport-bhs","10":"product_cat-seamless-sport-bhs","11":"product_cat-sport-bhs","13":"first","14":"outofstock","15":"taxable","16":"shipping-taxable","17":"product-type-variable","18":"has-default-attributes"},"acf":[],"yoast_head":"<!-- This site is optimized with the Yoast SEO plugin v27.1.1 - https:\/\/yoast.com\/product\/yoast-seo-wordpress\/ -->\n<title>Camo High Impact BH Blue - FITTwear.nl<\/title>\n<meta name=\"description\" content=\"High impact sport BH met een all-over jacquard camouflageprint in verschillende toffe kleuren! Gekruisde banden en het overslag detail aan de voorzijde zorgen voor toffe details in deze BH. De stof is zweetafvoerend en dus ideaal voor elke workout.\" \/>\n<meta name=\"robots\" content=\"index, follow, max-snippet:-1, max-image-preview:large, max-video-preview:-1\" \/>\n<link rel=\"canonical\" href=\"https:\/\/fittwear.nl\/fr\/produit-2\/camo-haut-impact-bh-blue\/\" \/>\n<meta property=\"og:locale\" content=\"fr_FR\" \/>\n<meta property=\"og:type\" content=\"article\" \/>\n<meta property=\"og:title\" content=\"Camo High Impact BH Blue - FITTwear.nl\" \/>\n<meta property=\"og:description\" content=\"High impact sport BH met een all-over jacquard camouflageprint in verschillende toffe kleuren! Gekruisde banden en het overslag detail aan de voorzijde zorgen voor toffe details in deze BH. De stof is zweetafvoerend en dus ideaal voor elke workout.\" \/>\n<meta property=\"og:url\" content=\"https:\/\/fittwear.nl\/fr\/produit-2\/camo-haut-impact-bh-blue\/\" \/>\n<meta property=\"og:site_name\" content=\"FITTwear.nl\" \/>\n<meta property=\"article:modified_time\" content=\"2026-04-26T12:00:23+00:00\" \/>\n<meta property=\"og:image\" content=\"https:\/\/fittwear.nl\/wp-content\/uploads\/2022\/11\/camo-blauw_Voorkant-boven_jpg_4.jpg\" \/>\n\t<meta property=\"og:image:width\" content=\"1200\" \/>\n\t<meta property=\"og:image:height\" content=\"1800\" \/>\n\t<meta property=\"og:image:type\" content=\"image\/jpeg\" \/>\n<meta name=\"twitter:card\" content=\"summary_large_image\" \/>\n<meta name=\"twitter:label1\" content=\"Dur\u00e9e de lecture estim\u00e9e\" \/>\n\t<meta name=\"twitter:data1\" content=\"1 minute\" \/>\n<script type=\"application\/ld+json\" class=\"yoast-schema-graph\">{\"@context\":\"https:\/\/schema.org\",\"@graph\":[{\"@type\":\"WebPage\",\"@id\":\"https:\/\/fittwear.nl\/product\/camo-high-impact-bh-blue\/\",\"url\":\"https:\/\/fittwear.nl\/product\/camo-high-impact-bh-blue\/\",\"name\":\"Camo High Impact BH Blue - FITTwear.nl\",\"isPartOf\":{\"@id\":\"https:\/\/fittwear.nl\/#website\"},\"primaryImageOfPage\":{\"@id\":\"https:\/\/fittwear.nl\/product\/camo-high-impact-bh-blue\/#primaryimage\"},\"image\":{\"@id\":\"https:\/\/fittwear.nl\/product\/camo-high-impact-bh-blue\/#primaryimage\"},\"thumbnailUrl\":\"https:\/\/fittwear.nl\/wp-content\/uploads\/2022\/11\/camo-blauw_Voorkant-boven_jpg_4.jpg\",\"datePublished\":\"2022-11-29T13:27:28+00:00\",\"dateModified\":\"2026-04-26T12:00:23+00:00\",\"description\":\"High impact sport BH met een all-over jacquard camouflageprint in verschillende toffe kleuren! Gekruisde banden en het overslag detail aan de voorzijde zorgen voor toffe details in deze BH. De stof is zweetafvoerend en dus ideaal voor elke workout.\",\"breadcrumb\":{\"@id\":\"https:\/\/fittwear.nl\/product\/camo-high-impact-bh-blue\/#breadcrumb\"},\"inLanguage\":\"fr-FR\",\"potentialAction\":[{\"@type\":\"ReadAction\",\"target\":[\"https:\/\/fittwear.nl\/product\/camo-high-impact-bh-blue\/\"]}]},{\"@type\":\"ImageObject\",\"inLanguage\":\"fr-FR\",\"@id\":\"https:\/\/fittwear.nl\/product\/camo-high-impact-bh-blue\/#primaryimage\",\"url\":\"https:\/\/fittwear.nl\/wp-content\/uploads\/2022\/11\/camo-blauw_Voorkant-boven_jpg_4.jpg\",\"contentUrl\":\"https:\/\/fittwear.nl\/wp-content\/uploads\/2022\/11\/camo-blauw_Voorkant-boven_jpg_4.jpg\",\"width\":1200,\"height\":1800},{\"@type\":\"BreadcrumbList\",\"@id\":\"https:\/\/fittwear.nl\/product\/camo-high-impact-bh-blue\/#breadcrumb\",\"itemListElement\":[{\"@type\":\"ListItem\",\"position\":1,\"name\":\"Home\",\"item\":\"https:\/\/fittwear.nl\/\"},{\"@type\":\"ListItem\",\"position\":2,\"name\":\"Shop\",\"item\":\"https:\/\/fittwear.nl\/shop\/\"},{\"@type\":\"ListItem\",\"position\":3,\"name\":\"Camo High Impact BH Blue\"}]},{\"@type\":\"WebSite\",\"@id\":\"https:\/\/fittwear.nl\/#website\",\"url\":\"https:\/\/fittwear.nl\/\",\"name\":\"FITTwear.nl\",\"description\":\"Time to shine!\",\"publisher\":{\"@id\":\"https:\/\/fittwear.nl\/#organization\"},\"potentialAction\":[{\"@type\":\"SearchAction\",\"target\":{\"@type\":\"EntryPoint\",\"urlTemplate\":\"https:\/\/fittwear.nl\/?s={search_term_string}\"},\"query-input\":{\"@type\":\"PropertyValueSpecification\",\"valueRequired\":true,\"valueName\":\"search_term_string\"}}],\"inLanguage\":\"fr-FR\"},{\"@type\":\"Organization\",\"@id\":\"https:\/\/fittwear.nl\/#organization\",\"name\":\"FITTwear.nl\",\"url\":\"https:\/\/fittwear.nl\/\",\"logo\":{\"@type\":\"ImageObject\",\"inLanguage\":\"fr-FR\",\"@id\":\"https:\/\/fittwear.nl\/#\/schema\/logo\/image\/\",\"url\":\"https:\/\/fittwear.nl\/wp-content\/uploads\/2024\/07\/FITT-Logo-BeYOUtiful-website-homepage_Tekengebied-1-scaled.jpg\",\"contentUrl\":\"https:\/\/fittwear.nl\/wp-content\/uploads\/2024\/07\/FITT-Logo-BeYOUtiful-website-homepage_Tekengebied-1-scaled.jpg\",\"width\":2560,\"height\":599,\"caption\":\"FITTwear.nl\"},\"image\":{\"@id\":\"https:\/\/fittwear.nl\/#\/schema\/logo\/image\/\"}}]}<\/script>\n<!-- \/ Yoast SEO plugin. -->","yoast_head_json":{"title":"Soutien-gorge Camo High Impact Bleu - FITTwear.co.uk","description":"Soutien-gorge de sport \u00e0 fort impact avec un imprim\u00e9 jacquard camouflage dans plusieurs couleurs cool ! Les bretelles crois\u00e9es et le chevauchement sur le devant apportent des d\u00e9tails cool \u00e0 ce soutien-gorge. Le tissu absorbe la transpiration, ce qui le rend id\u00e9al pour toute s\u00e9ance d'entra\u00eenement.","robots":{"index":"index","follow":"follow","max-snippet":"max-snippet:-1","max-image-preview":"max-image-preview:large","max-video-preview":"max-video-preview:-1"},"canonical":"https:\/\/fittwear.nl\/fr\/produit-2\/camo-haut-impact-bh-blue\/","og_locale":"fr_FR","og_type":"article","og_title":"Camo High Impact BH Blue - FITTwear.nl","og_description":"High impact sport BH met een all-over jacquard camouflageprint in verschillende toffe kleuren! Gekruisde banden en het overslag detail aan de voorzijde zorgen voor toffe details in deze BH. De stof is zweetafvoerend en dus ideaal voor elke workout.","og_url":"https:\/\/fittwear.nl\/fr\/produit-2\/camo-haut-impact-bh-blue\/","og_site_name":"FITTwear.nl","article_modified_time":"2026-04-26T12:00:23+00:00","og_image":[{"width":1200,"height":1800,"url":"https:\/\/fittwear.nl\/wp-content\/uploads\/2022\/11\/camo-blauw_Voorkant-boven_jpg_4.jpg","type":"image\/jpeg"}],"twitter_card":"summary_large_image","twitter_misc":{"Dur\u00e9e de lecture estim\u00e9e":"1 minute"},"schema":{"@context":"https:\/\/schema.org","@graph":[{"@type":"WebPage","@id":"https:\/\/fittwear.nl\/product\/camo-high-impact-bh-blue\/","url":"https:\/\/fittwear.nl\/product\/camo-high-impact-bh-blue\/","name":"Soutien-gorge Camo High Impact Bleu - FITTwear.co.uk","isPartOf":{"@id":"https:\/\/fittwear.nl\/#website"},"primaryImageOfPage":{"@id":"https:\/\/fittwear.nl\/product\/camo-high-impact-bh-blue\/#primaryimage"},"image":{"@id":"https:\/\/fittwear.nl\/product\/camo-high-impact-bh-blue\/#primaryimage"},"thumbnailUrl":"https:\/\/fittwear.nl\/wp-content\/uploads\/2022\/11\/camo-blauw_Voorkant-boven_jpg_4.jpg","datePublished":"2022-11-29T13:27:28+00:00","dateModified":"2026-04-26T12:00:23+00:00","description":"Soutien-gorge de sport \u00e0 fort impact avec un imprim\u00e9 jacquard camouflage dans plusieurs couleurs cool ! Les bretelles crois\u00e9es et le chevauchement sur le devant apportent des d\u00e9tails cool \u00e0 ce soutien-gorge. Le tissu absorbe la transpiration, ce qui le rend id\u00e9al pour toute s\u00e9ance d'entra\u00eenement.","breadcrumb":{"@id":"https:\/\/fittwear.nl\/product\/camo-high-impact-bh-blue\/#breadcrumb"},"inLanguage":"fr-FR","potentialAction":[{"@type":"ReadAction","target":["https:\/\/fittwear.nl\/product\/camo-high-impact-bh-blue\/"]}]},{"@type":"ImageObject","inLanguage":"fr-FR","@id":"https:\/\/fittwear.nl\/product\/camo-high-impact-bh-blue\/#primaryimage","url":"https:\/\/fittwear.nl\/wp-content\/uploads\/2022\/11\/camo-blauw_Voorkant-boven_jpg_4.jpg","contentUrl":"https:\/\/fittwear.nl\/wp-content\/uploads\/2022\/11\/camo-blauw_Voorkant-boven_jpg_4.jpg","width":1200,"height":1800},{"@type":"BreadcrumbList","@id":"https:\/\/fittwear.nl\/product\/camo-high-impact-bh-blue\/#breadcrumb","itemListElement":[{"@type":"ListItem","position":1,"name":"Home","item":"https:\/\/fittwear.nl\/"},{"@type":"ListItem","position":2,"name":"Shop","item":"https:\/\/fittwear.nl\/shop\/"},{"@type":"ListItem","position":3,"name":"Camo High Impact BH Blue"}]},{"@type":"WebSite","@id":"https:\/\/fittwear.nl\/#website","url":"https:\/\/fittwear.nl\/","name":"FITTwear.co.uk","description":"C'est le moment de briller !","publisher":{"@id":"https:\/\/fittwear.nl\/#organization"},"potentialAction":[{"@type":"SearchAction","target":{"@type":"EntryPoint","urlTemplate":"https:\/\/fittwear.nl\/?s={search_term_string}"},"query-input":{"@type":"PropertyValueSpecification","valueRequired":true,"valueName":"search_term_string"}}],"inLanguage":"fr-FR"},{"@type":"Organization","@id":"https:\/\/fittwear.nl\/#organization","name":"FITTwear.co.uk","url":"https:\/\/fittwear.nl\/","logo":{"@type":"ImageObject","inLanguage":"fr-FR","@id":"https:\/\/fittwear.nl\/#\/schema\/logo\/image\/","url":"https:\/\/fittwear.nl\/wp-content\/uploads\/2024\/07\/FITT-Logo-BeYOUtiful-website-homepage_Tekengebied-1-scaled.jpg","contentUrl":"https:\/\/fittwear.nl\/wp-content\/uploads\/2024\/07\/FITT-Logo-BeYOUtiful-website-homepage_Tekengebied-1-scaled.jpg","width":2560,"height":599,"caption":"FITTwear.nl"},"image":{"@id":"https:\/\/fittwear.nl\/#\/schema\/logo\/image\/"}}]}},"_links":{"self":[{"href":"https:\/\/fittwear.nl\/fr\/wp-json\/wp\/v2\/product\/45991","targetHints":{"allow":["GET"]}}],"collection":[{"href":"https:\/\/fittwear.nl\/fr\/wp-json\/wp\/v2\/product"}],"about":[{"href":"https:\/\/fittwear.nl\/fr\/wp-json\/wp\/v2\/types\/product"}],"wp:featuredmedia":[{"embeddable":true,"href":"https:\/\/fittwear.nl\/fr\/wp-json\/wp\/v2\/media\/46816"}],"wp:attachment":[{"href":"https:\/\/fittwear.nl\/fr\/wp-json\/wp\/v2\/media?parent=45991"}],"wp:term":[{"taxonomy":"product_brand","embeddable":true,"href":"https:\/\/fittwear.nl\/fr\/wp-json\/wp\/v2\/product_brand?post=45991"},{"taxonomy":"product_cat","embeddable":true,"href":"https:\/\/fittwear.nl\/fr\/wp-json\/wp\/v2\/product_cat?post=45991"},{"taxonomy":"product_tag","embeddable":true,"href":"https:\/\/fittwear.nl\/fr\/wp-json\/wp\/v2\/product_tag?post=45991"}],"curies":[{"name":"wp","href":"https:\/\/api.w.org\/{rel}","templated":true}]}}