{"id":46389,"date":"2022-11-30T09:34:58","date_gmt":"2022-11-30T08:34:58","guid":{"rendered":"https:\/\/fittwear.nl\/?post_type=product&#038;p=46389"},"modified":"2026-04-26T13:59:14","modified_gmt":"2026-04-26T11:59:14","slug":"structure-pull-creme","status":"publish","type":"product","link":"https:\/\/fittwear.nl\/fr\/product\/structure-sweater-creme\/","title":{"rendered":"Pull-over Structure Creme"},"content":{"rendered":"<p>&#8211; Sweater ronde hals<\/p>\n\n\n\n<p>&#8211; Structuur in de stof<\/p>\n\n\n\n<p>&#8211; Casual look<\/p>\n\n\n\n<p>&#8211; Subtiel FITT logo als stalen plaatje<\/p>\n\n\n\n<p>- 78% Nylon, 22% Spandex<\/p>\n\n\n\n<p>- Lavable jusqu'\u00e0 30\u00b0.<\/p>\n\n\n\n<p>&#8211; Kleur: Creme<\/p>\n\n\n\n<p>&#8211; Model Doete is 1.76m en draagt maat S<\/p>","protected":false},"excerpt":{"rendered":"<p>Ce pull \u00e0 col rond tr\u00e8s tendance est adapt\u00e9 \u00e0 une utilisation quotidienne. Le tissu textur\u00e9 donne du corps \u00e0 ce pull. Portez-le avec un jean pour un look d\u00e9contract\u00e9, ou portez-le \u00e0 la salle de sport. C'est le moment de briller !<\/p>","protected":false},"featured_media":47036,"template":"","meta":{"_acf_changed":false},"product_brand":[],"product_cat":[4796,4799,4795,94,66],"product_tag":[],"class_list":{"0":"post-46389","1":"product","2":"type-product","3":"status-publish","4":"has-post-thumbnail","6":"product_cat-cute-in-neutrals","7":"product_cat-structures","8":"product_cat-teddy-season","9":"product_cat-hoodies-sweaters","10":"product_cat-loungewear","12":"first","13":"instock","14":"taxable","15":"shipping-taxable","16":"purchasable","17":"product-type-variable","18":"has-default-attributes"},"acf":[],"yoast_head":"<!-- This site is optimized with the Yoast SEO plugin v27.1.1 - https:\/\/yoast.com\/product\/yoast-seo-wordpress\/ -->\n<title>Structure Sweater Creme - FITTwear.nl<\/title>\n<meta name=\"description\" content=\"Deze fashionable sweater met ronde hals is geschikt voor alledaags gebruik. De structuur in de stof geeft extra body aan de sweater. Leuk te combineren op een spijkerbroek voor een casual look, of doe hem aan naar de sportschool. Time to shine!\" \/>\n<meta name=\"robots\" content=\"index, follow, max-snippet:-1, max-image-preview:large, max-video-preview:-1\" \/>\n<link rel=\"canonical\" href=\"https:\/\/fittwear.nl\/fr\/produit-2\/structure-pull-creme\/\" \/>\n<meta property=\"og:locale\" content=\"fr_FR\" \/>\n<meta property=\"og:type\" content=\"article\" \/>\n<meta property=\"og:title\" content=\"Structure Sweater Creme - FITTwear.nl\" \/>\n<meta property=\"og:description\" content=\"Deze fashionable sweater met ronde hals is geschikt voor alledaags gebruik. De structuur in de stof geeft extra body aan de sweater. Leuk te combineren op een spijkerbroek voor een casual look, of doe hem aan naar de sportschool. Time to shine!\" \/>\n<meta property=\"og:url\" content=\"https:\/\/fittwear.nl\/fr\/produit-2\/structure-pull-creme\/\" \/>\n<meta property=\"og:site_name\" content=\"FITTwear.nl\" \/>\n<meta property=\"article:modified_time\" content=\"2026-04-26T11:59:14+00:00\" \/>\n<meta property=\"og:image\" content=\"https:\/\/fittwear.nl\/wp-content\/uploads\/2022\/11\/v-shape-top-terra_Voorkant-boven_jpg_8.jpg\" \/>\n\t<meta property=\"og:image:width\" content=\"1200\" \/>\n\t<meta property=\"og:image:height\" content=\"1800\" \/>\n\t<meta property=\"og:image:type\" content=\"image\/jpeg\" \/>\n<meta name=\"twitter:card\" content=\"summary_large_image\" \/>\n<meta name=\"twitter:label1\" content=\"Dur\u00e9e de lecture estim\u00e9e\" \/>\n\t<meta name=\"twitter:data1\" content=\"1 minute\" \/>\n<script type=\"application\/ld+json\" class=\"yoast-schema-graph\">{\"@context\":\"https:\/\/schema.org\",\"@graph\":[{\"@type\":\"WebPage\",\"@id\":\"https:\/\/fittwear.nl\/product\/structure-sweater-creme\/\",\"url\":\"https:\/\/fittwear.nl\/product\/structure-sweater-creme\/\",\"name\":\"Structure Sweater Creme - FITTwear.nl\",\"isPartOf\":{\"@id\":\"https:\/\/fittwear.nl\/#website\"},\"primaryImageOfPage\":{\"@id\":\"https:\/\/fittwear.nl\/product\/structure-sweater-creme\/#primaryimage\"},\"image\":{\"@id\":\"https:\/\/fittwear.nl\/product\/structure-sweater-creme\/#primaryimage\"},\"thumbnailUrl\":\"https:\/\/fittwear.nl\/wp-content\/uploads\/2022\/11\/v-shape-top-terra_Voorkant-boven_jpg_8.jpg\",\"datePublished\":\"2022-11-30T08:34:58+00:00\",\"dateModified\":\"2026-04-26T11:59:14+00:00\",\"description\":\"Deze fashionable sweater met ronde hals is geschikt voor alledaags gebruik. De structuur in de stof geeft extra body aan de sweater. Leuk te combineren op een spijkerbroek voor een casual look, of doe hem aan naar de sportschool. Time to shine!\",\"breadcrumb\":{\"@id\":\"https:\/\/fittwear.nl\/product\/structure-sweater-creme\/#breadcrumb\"},\"inLanguage\":\"fr-FR\",\"potentialAction\":[{\"@type\":\"ReadAction\",\"target\":[\"https:\/\/fittwear.nl\/product\/structure-sweater-creme\/\"]}]},{\"@type\":\"ImageObject\",\"inLanguage\":\"fr-FR\",\"@id\":\"https:\/\/fittwear.nl\/product\/structure-sweater-creme\/#primaryimage\",\"url\":\"https:\/\/fittwear.nl\/wp-content\/uploads\/2022\/11\/v-shape-top-terra_Voorkant-boven_jpg_8.jpg\",\"contentUrl\":\"https:\/\/fittwear.nl\/wp-content\/uploads\/2022\/11\/v-shape-top-terra_Voorkant-boven_jpg_8.jpg\",\"width\":1200,\"height\":1800},{\"@type\":\"BreadcrumbList\",\"@id\":\"https:\/\/fittwear.nl\/product\/structure-sweater-creme\/#breadcrumb\",\"itemListElement\":[{\"@type\":\"ListItem\",\"position\":1,\"name\":\"Home\",\"item\":\"https:\/\/fittwear.nl\/\"},{\"@type\":\"ListItem\",\"position\":2,\"name\":\"Shop\",\"item\":\"https:\/\/fittwear.nl\/shop\/\"},{\"@type\":\"ListItem\",\"position\":3,\"name\":\"Structure Sweater Creme\"}]},{\"@type\":\"WebSite\",\"@id\":\"https:\/\/fittwear.nl\/#website\",\"url\":\"https:\/\/fittwear.nl\/\",\"name\":\"FITTwear.nl\",\"description\":\"Time to shine!\",\"publisher\":{\"@id\":\"https:\/\/fittwear.nl\/#organization\"},\"potentialAction\":[{\"@type\":\"SearchAction\",\"target\":{\"@type\":\"EntryPoint\",\"urlTemplate\":\"https:\/\/fittwear.nl\/?s={search_term_string}\"},\"query-input\":{\"@type\":\"PropertyValueSpecification\",\"valueRequired\":true,\"valueName\":\"search_term_string\"}}],\"inLanguage\":\"fr-FR\"},{\"@type\":\"Organization\",\"@id\":\"https:\/\/fittwear.nl\/#organization\",\"name\":\"FITTwear.nl\",\"url\":\"https:\/\/fittwear.nl\/\",\"logo\":{\"@type\":\"ImageObject\",\"inLanguage\":\"fr-FR\",\"@id\":\"https:\/\/fittwear.nl\/#\/schema\/logo\/image\/\",\"url\":\"https:\/\/fittwear.nl\/wp-content\/uploads\/2024\/07\/FITT-Logo-BeYOUtiful-website-homepage_Tekengebied-1-scaled.jpg\",\"contentUrl\":\"https:\/\/fittwear.nl\/wp-content\/uploads\/2024\/07\/FITT-Logo-BeYOUtiful-website-homepage_Tekengebied-1-scaled.jpg\",\"width\":2560,\"height\":599,\"caption\":\"FITTwear.nl\"},\"image\":{\"@id\":\"https:\/\/fittwear.nl\/#\/schema\/logo\/image\/\"}}]}<\/script>\n<!-- \/ Yoast SEO plugin. -->","yoast_head_json":{"title":"Pull Structure Cr\u00e8me - FITTwear.fr","description":"Ce pull \u00e0 col rond tr\u00e8s tendance est adapt\u00e9 \u00e0 une utilisation quotidienne. Le tissu textur\u00e9 donne du corps \u00e0 ce pull. Portez-le avec un jean pour un look d\u00e9contract\u00e9, ou portez-le \u00e0 la salle de sport. C'est le moment de briller !","robots":{"index":"index","follow":"follow","max-snippet":"max-snippet:-1","max-image-preview":"max-image-preview:large","max-video-preview":"max-video-preview:-1"},"canonical":"https:\/\/fittwear.nl\/fr\/produit-2\/structure-pull-creme\/","og_locale":"fr_FR","og_type":"article","og_title":"Structure Sweater Creme - FITTwear.nl","og_description":"Deze fashionable sweater met ronde hals is geschikt voor alledaags gebruik. De structuur in de stof geeft extra body aan de sweater. Leuk te combineren op een spijkerbroek voor een casual look, of doe hem aan naar de sportschool. Time to shine!","og_url":"https:\/\/fittwear.nl\/fr\/produit-2\/structure-pull-creme\/","og_site_name":"FITTwear.nl","article_modified_time":"2026-04-26T11:59:14+00:00","og_image":[{"width":1200,"height":1800,"url":"https:\/\/fittwear.nl\/wp-content\/uploads\/2022\/11\/v-shape-top-terra_Voorkant-boven_jpg_8.jpg","type":"image\/jpeg"}],"twitter_card":"summary_large_image","twitter_misc":{"Dur\u00e9e de lecture estim\u00e9e":"1 minute"},"schema":{"@context":"https:\/\/schema.org","@graph":[{"@type":"WebPage","@id":"https:\/\/fittwear.nl\/product\/structure-sweater-creme\/","url":"https:\/\/fittwear.nl\/product\/structure-sweater-creme\/","name":"Pull Structure Cr\u00e8me - FITTwear.fr","isPartOf":{"@id":"https:\/\/fittwear.nl\/#website"},"primaryImageOfPage":{"@id":"https:\/\/fittwear.nl\/product\/structure-sweater-creme\/#primaryimage"},"image":{"@id":"https:\/\/fittwear.nl\/product\/structure-sweater-creme\/#primaryimage"},"thumbnailUrl":"https:\/\/fittwear.nl\/wp-content\/uploads\/2022\/11\/v-shape-top-terra_Voorkant-boven_jpg_8.jpg","datePublished":"2022-11-30T08:34:58+00:00","dateModified":"2026-04-26T11:59:14+00:00","description":"Ce pull \u00e0 col rond tr\u00e8s tendance est adapt\u00e9 \u00e0 une utilisation quotidienne. Le tissu textur\u00e9 donne du corps \u00e0 ce pull. Portez-le avec un jean pour un look d\u00e9contract\u00e9, ou portez-le \u00e0 la salle de sport. C'est le moment de briller !","breadcrumb":{"@id":"https:\/\/fittwear.nl\/product\/structure-sweater-creme\/#breadcrumb"},"inLanguage":"fr-FR","potentialAction":[{"@type":"ReadAction","target":["https:\/\/fittwear.nl\/product\/structure-sweater-creme\/"]}]},{"@type":"ImageObject","inLanguage":"fr-FR","@id":"https:\/\/fittwear.nl\/product\/structure-sweater-creme\/#primaryimage","url":"https:\/\/fittwear.nl\/wp-content\/uploads\/2022\/11\/v-shape-top-terra_Voorkant-boven_jpg_8.jpg","contentUrl":"https:\/\/fittwear.nl\/wp-content\/uploads\/2022\/11\/v-shape-top-terra_Voorkant-boven_jpg_8.jpg","width":1200,"height":1800},{"@type":"BreadcrumbList","@id":"https:\/\/fittwear.nl\/product\/structure-sweater-creme\/#breadcrumb","itemListElement":[{"@type":"ListItem","position":1,"name":"Home","item":"https:\/\/fittwear.nl\/"},{"@type":"ListItem","position":2,"name":"Shop","item":"https:\/\/fittwear.nl\/shop\/"},{"@type":"ListItem","position":3,"name":"Structure Sweater Creme"}]},{"@type":"WebSite","@id":"https:\/\/fittwear.nl\/#website","url":"https:\/\/fittwear.nl\/","name":"FITTwear.co.uk","description":"C'est le moment de briller !","publisher":{"@id":"https:\/\/fittwear.nl\/#organization"},"potentialAction":[{"@type":"SearchAction","target":{"@type":"EntryPoint","urlTemplate":"https:\/\/fittwear.nl\/?s={search_term_string}"},"query-input":{"@type":"PropertyValueSpecification","valueRequired":true,"valueName":"search_term_string"}}],"inLanguage":"fr-FR"},{"@type":"Organization","@id":"https:\/\/fittwear.nl\/#organization","name":"FITTwear.co.uk","url":"https:\/\/fittwear.nl\/","logo":{"@type":"ImageObject","inLanguage":"fr-FR","@id":"https:\/\/fittwear.nl\/#\/schema\/logo\/image\/","url":"https:\/\/fittwear.nl\/wp-content\/uploads\/2024\/07\/FITT-Logo-BeYOUtiful-website-homepage_Tekengebied-1-scaled.jpg","contentUrl":"https:\/\/fittwear.nl\/wp-content\/uploads\/2024\/07\/FITT-Logo-BeYOUtiful-website-homepage_Tekengebied-1-scaled.jpg","width":2560,"height":599,"caption":"FITTwear.nl"},"image":{"@id":"https:\/\/fittwear.nl\/#\/schema\/logo\/image\/"}}]}},"_links":{"self":[{"href":"https:\/\/fittwear.nl\/fr\/wp-json\/wp\/v2\/product\/46389","targetHints":{"allow":["GET"]}}],"collection":[{"href":"https:\/\/fittwear.nl\/fr\/wp-json\/wp\/v2\/product"}],"about":[{"href":"https:\/\/fittwear.nl\/fr\/wp-json\/wp\/v2\/types\/product"}],"wp:featuredmedia":[{"embeddable":true,"href":"https:\/\/fittwear.nl\/fr\/wp-json\/wp\/v2\/media\/47036"}],"wp:attachment":[{"href":"https:\/\/fittwear.nl\/fr\/wp-json\/wp\/v2\/media?parent=46389"}],"wp:term":[{"taxonomy":"product_brand","embeddable":true,"href":"https:\/\/fittwear.nl\/fr\/wp-json\/wp\/v2\/product_brand?post=46389"},{"taxonomy":"product_cat","embeddable":true,"href":"https:\/\/fittwear.nl\/fr\/wp-json\/wp\/v2\/product_cat?post=46389"},{"taxonomy":"product_tag","embeddable":true,"href":"https:\/\/fittwear.nl\/fr\/wp-json\/wp\/v2\/product_tag?post=46389"}],"curies":[{"name":"wp","href":"https:\/\/api.w.org\/{rel}","templated":true}]}}