{"id":46428,"date":"2022-12-01T10:42:08","date_gmt":"2022-12-01T09:42:08","guid":{"rendered":"https:\/\/fittwear.nl\/?post_type=product&#038;p=46428"},"modified":"2026-04-17T01:36:18","modified_gmt":"2026-04-16T23:36:18","slug":"courbe-legging-petrol","status":"publish","type":"product","link":"https:\/\/fittwear.nl\/fr\/product\/curve-legging-petrol\/","title":{"rendered":"Curve Legging Petrol"},"content":{"rendered":"<p>-Legging taille haute avec ceinture c\u00f4tel\u00e9e.<\/p>\n\n\n\n<p>-Sans soudure<\/p>\n\n\n\n<p>-Logo brod\u00e9 au dos du legging.<\/p>\n\n\n\n<p>-Reste en place et ne glisse pas<\/p>\n\n\n\n<p>-Fait de nylon 90% et de spandex 10%.<\/p>\n\n\n\n<p>-Lavable jusqu'\u00e0 30\u00b0.<\/p>\n\n\n\n<p>-Couleur : essence<\/p>","protected":false},"excerpt":{"rendered":"<p>Tailles : Taille spacieuse, nous recommandons de commander une taille en dessous ! Le legging sans couture curve est le legging parfait pour toute s\u00e9ance d'entra\u00eenement ! Enti\u00e8rement fabriqu\u00e9 dans une mati\u00e8re sans couture et extensible, il est donc tr\u00e8s confortable. Les lignes de contour sur les cuisses et le bas au niveau des fesses font en sorte que vos formes naturelles soient accentu\u00e9es. Le legging est dot\u00e9 d'une ceinture c\u00f4tel\u00e9e pour assurer un bon maintien et se poursuit en forme de V \u00e0 l'arri\u00e8re pour faire ressortir encore plus vos fesses.<\/p>\n<p>Pour une exp\u00e9rience parfaite \u00e0 l'\u00e9preuve des squats, nous recommandons un string invisible !<\/p>","protected":false},"featured_media":47160,"template":"","meta":{"_acf_changed":false},"product_brand":[],"product_cat":[63,4743,28,54,85,65],"product_tag":[],"class_list":{"0":"post-46428","1":"product","2":"type-product","3":"status-publish","4":"has-post-thumbnail","6":"product_cat-curves","7":"product_cat-geen-scrunch","8":"product_cat-leggings","9":"product_cat-new","10":"product_cat-seamless","11":"product_cat-yogakleding","13":"first","14":"outofstock","15":"taxable","16":"shipping-taxable","17":"product-type-variable","18":"has-default-attributes"},"acf":[],"yoast_head":"<!-- This site is optimized with the Yoast SEO plugin v27.1.1 - https:\/\/yoast.com\/product\/yoast-seo-wordpress\/ -->\n<title>Curve Legging Petrol - FITTwear.nl<\/title>\n<meta name=\"description\" content=\"Maatvoering: Valt ruim, we raden je aan een maat kleiner te bestellen! De curve seamless legging is de perfecte legging voor elke workout! Volledig gemaakt van een seamless en stretchy materiaal en dus super comfortabel. De contour lijnen op de bovenbenen en onder bij de billen zorgen ervoor dat jouw natuurlijke vormen worden geaccentueerd. De legging is voorzien van een geribbelde tailleband waardoor hij stevig zal blijven zitten en loopt achter door in een v shape waardoor jouw billen nog beter uitkomen.  Voor een perfecte squat proof ervaring raden wij een invisible string aan!\" \/>\n<meta name=\"robots\" content=\"index, follow, max-snippet:-1, max-image-preview:large, max-video-preview:-1\" \/>\n<link rel=\"canonical\" href=\"https:\/\/fittwear.nl\/fr\/produit-2\/courbe-legging-petrol\/\" \/>\n<meta property=\"og:locale\" content=\"fr_FR\" \/>\n<meta property=\"og:type\" content=\"article\" \/>\n<meta property=\"og:title\" content=\"Curve Legging Petrol - FITTwear.nl\" \/>\n<meta property=\"og:description\" content=\"Maatvoering: Valt ruim, we raden je aan een maat kleiner te bestellen! De curve seamless legging is de perfecte legging voor elke workout! Volledig gemaakt van een seamless en stretchy materiaal en dus super comfortabel. De contour lijnen op de bovenbenen en onder bij de billen zorgen ervoor dat jouw natuurlijke vormen worden geaccentueerd. De legging is voorzien van een geribbelde tailleband waardoor hij stevig zal blijven zitten en loopt achter door in een v shape waardoor jouw billen nog beter uitkomen.  Voor een perfecte squat proof ervaring raden wij een invisible string aan!\" \/>\n<meta property=\"og:url\" content=\"https:\/\/fittwear.nl\/fr\/produit-2\/courbe-legging-petrol\/\" \/>\n<meta property=\"og:site_name\" content=\"FITTwear.nl\" \/>\n<meta property=\"article:modified_time\" content=\"2026-04-16T23:36:18+00:00\" \/>\n<meta property=\"og:image\" content=\"https:\/\/fittwear.nl\/wp-content\/uploads\/2022\/12\/curvy-petrol_P221129084957_Voorkant-onder_jpg_3.jpg\" \/>\n\t<meta property=\"og:image:width\" content=\"1200\" \/>\n\t<meta property=\"og:image:height\" content=\"1800\" \/>\n\t<meta property=\"og:image:type\" content=\"image\/jpeg\" \/>\n<meta name=\"twitter:card\" content=\"summary_large_image\" \/>\n<meta name=\"twitter:label1\" content=\"Dur\u00e9e de lecture estim\u00e9e\" \/>\n\t<meta name=\"twitter:data1\" content=\"1 minute\" \/>\n<script type=\"application\/ld+json\" class=\"yoast-schema-graph\">{\"@context\":\"https:\/\/schema.org\",\"@graph\":[{\"@type\":\"WebPage\",\"@id\":\"https:\/\/fittwear.nl\/product\/curve-legging-petrol\/\",\"url\":\"https:\/\/fittwear.nl\/product\/curve-legging-petrol\/\",\"name\":\"Curve Legging Petrol - FITTwear.nl\",\"isPartOf\":{\"@id\":\"https:\/\/fittwear.nl\/#website\"},\"primaryImageOfPage\":{\"@id\":\"https:\/\/fittwear.nl\/product\/curve-legging-petrol\/#primaryimage\"},\"image\":{\"@id\":\"https:\/\/fittwear.nl\/product\/curve-legging-petrol\/#primaryimage\"},\"thumbnailUrl\":\"https:\/\/fittwear.nl\/wp-content\/uploads\/2022\/12\/curvy-petrol_P221129084957_Voorkant-onder_jpg_3.jpg\",\"datePublished\":\"2022-12-01T09:42:08+00:00\",\"dateModified\":\"2026-04-16T23:36:18+00:00\",\"description\":\"Maatvoering: Valt ruim, we raden je aan een maat kleiner te bestellen! De curve seamless legging is de perfecte legging voor elke workout! Volledig gemaakt van een seamless en stretchy materiaal en dus super comfortabel. De contour lijnen op de bovenbenen en onder bij de billen zorgen ervoor dat jouw natuurlijke vormen worden geaccentueerd. De legging is voorzien van een geribbelde tailleband waardoor hij stevig zal blijven zitten en loopt achter door in een v shape waardoor jouw billen nog beter uitkomen. Voor een perfecte squat proof ervaring raden wij een invisible string aan!\",\"breadcrumb\":{\"@id\":\"https:\/\/fittwear.nl\/product\/curve-legging-petrol\/#breadcrumb\"},\"inLanguage\":\"fr-FR\",\"potentialAction\":[{\"@type\":\"ReadAction\",\"target\":[\"https:\/\/fittwear.nl\/product\/curve-legging-petrol\/\"]}]},{\"@type\":\"ImageObject\",\"inLanguage\":\"fr-FR\",\"@id\":\"https:\/\/fittwear.nl\/product\/curve-legging-petrol\/#primaryimage\",\"url\":\"https:\/\/fittwear.nl\/wp-content\/uploads\/2022\/12\/curvy-petrol_P221129084957_Voorkant-onder_jpg_3.jpg\",\"contentUrl\":\"https:\/\/fittwear.nl\/wp-content\/uploads\/2022\/12\/curvy-petrol_P221129084957_Voorkant-onder_jpg_3.jpg\",\"width\":1200,\"height\":1800},{\"@type\":\"BreadcrumbList\",\"@id\":\"https:\/\/fittwear.nl\/product\/curve-legging-petrol\/#breadcrumb\",\"itemListElement\":[{\"@type\":\"ListItem\",\"position\":1,\"name\":\"Home\",\"item\":\"https:\/\/fittwear.nl\/\"},{\"@type\":\"ListItem\",\"position\":2,\"name\":\"Shop\",\"item\":\"https:\/\/fittwear.nl\/shop\/\"},{\"@type\":\"ListItem\",\"position\":3,\"name\":\"Curve Legging Petrol\"}]},{\"@type\":\"WebSite\",\"@id\":\"https:\/\/fittwear.nl\/#website\",\"url\":\"https:\/\/fittwear.nl\/\",\"name\":\"FITTwear.nl\",\"description\":\"Time to shine!\",\"publisher\":{\"@id\":\"https:\/\/fittwear.nl\/#organization\"},\"potentialAction\":[{\"@type\":\"SearchAction\",\"target\":{\"@type\":\"EntryPoint\",\"urlTemplate\":\"https:\/\/fittwear.nl\/?s={search_term_string}\"},\"query-input\":{\"@type\":\"PropertyValueSpecification\",\"valueRequired\":true,\"valueName\":\"search_term_string\"}}],\"inLanguage\":\"fr-FR\"},{\"@type\":\"Organization\",\"@id\":\"https:\/\/fittwear.nl\/#organization\",\"name\":\"FITTwear.nl\",\"url\":\"https:\/\/fittwear.nl\/\",\"logo\":{\"@type\":\"ImageObject\",\"inLanguage\":\"fr-FR\",\"@id\":\"https:\/\/fittwear.nl\/#\/schema\/logo\/image\/\",\"url\":\"https:\/\/fittwear.nl\/wp-content\/uploads\/2024\/07\/FITT-Logo-BeYOUtiful-website-homepage_Tekengebied-1-scaled.jpg\",\"contentUrl\":\"https:\/\/fittwear.nl\/wp-content\/uploads\/2024\/07\/FITT-Logo-BeYOUtiful-website-homepage_Tekengebied-1-scaled.jpg\",\"width\":2560,\"height\":599,\"caption\":\"FITTwear.nl\"},\"image\":{\"@id\":\"https:\/\/fittwear.nl\/#\/schema\/logo\/image\/\"}}]}<\/script>\n<!-- \/ Yoast SEO plugin. -->","yoast_head_json":{"title":"Legging Curve Petrol - FITTwear.co.uk","description":"Taille : La taille est g\u00e9n\u00e9reuse, nous recommandons de commander une taille plus petite ! Le legging curve seamless est le legging parfait pour toute s\u00e9ance d'entra\u00eenement ! Enti\u00e8rement compos\u00e9 d'une mati\u00e8re sans couture et extensible, il est tr\u00e8s confortable. Les lignes de contour sur les cuisses et le bas des fesses permettent d'accentuer vos formes naturelles. Le legging est dot\u00e9 d'une ceinture c\u00f4tel\u00e9e qui assure un bon maintien et se prolonge en forme de V \u00e0 l'arri\u00e8re pour faire ressortir encore plus vos fesses.  Pour une exp\u00e9rience parfaite \u00e0 l'\u00e9preuve des squats, nous vous recommandons d'utiliser un string invisible !","robots":{"index":"index","follow":"follow","max-snippet":"max-snippet:-1","max-image-preview":"max-image-preview:large","max-video-preview":"max-video-preview:-1"},"canonical":"https:\/\/fittwear.nl\/fr\/produit-2\/courbe-legging-petrol\/","og_locale":"fr_FR","og_type":"article","og_title":"Curve Legging Petrol - FITTwear.nl","og_description":"Maatvoering: Valt ruim, we raden je aan een maat kleiner te bestellen! De curve seamless legging is de perfecte legging voor elke workout! Volledig gemaakt van een seamless en stretchy materiaal en dus super comfortabel. De contour lijnen op de bovenbenen en onder bij de billen zorgen ervoor dat jouw natuurlijke vormen worden geaccentueerd. De legging is voorzien van een geribbelde tailleband waardoor hij stevig zal blijven zitten en loopt achter door in een v shape waardoor jouw billen nog beter uitkomen.  Voor een perfecte squat proof ervaring raden wij een invisible string aan!","og_url":"https:\/\/fittwear.nl\/fr\/produit-2\/courbe-legging-petrol\/","og_site_name":"FITTwear.nl","article_modified_time":"2026-04-16T23:36:18+00:00","og_image":[{"width":1200,"height":1800,"url":"https:\/\/fittwear.nl\/wp-content\/uploads\/2022\/12\/curvy-petrol_P221129084957_Voorkant-onder_jpg_3.jpg","type":"image\/jpeg"}],"twitter_card":"summary_large_image","twitter_misc":{"Dur\u00e9e de lecture estim\u00e9e":"1 minute"},"schema":{"@context":"https:\/\/schema.org","@graph":[{"@type":"WebPage","@id":"https:\/\/fittwear.nl\/product\/curve-legging-petrol\/","url":"https:\/\/fittwear.nl\/product\/curve-legging-petrol\/","name":"Legging Curve Petrol - FITTwear.co.uk","isPartOf":{"@id":"https:\/\/fittwear.nl\/#website"},"primaryImageOfPage":{"@id":"https:\/\/fittwear.nl\/product\/curve-legging-petrol\/#primaryimage"},"image":{"@id":"https:\/\/fittwear.nl\/product\/curve-legging-petrol\/#primaryimage"},"thumbnailUrl":"https:\/\/fittwear.nl\/wp-content\/uploads\/2022\/12\/curvy-petrol_P221129084957_Voorkant-onder_jpg_3.jpg","datePublished":"2022-12-01T09:42:08+00:00","dateModified":"2026-04-16T23:36:18+00:00","description":"Taille : La taille est g\u00e9n\u00e9reuse, nous recommandons de commander une taille plus petite ! Le legging curve seamless est le legging parfait pour toute s\u00e9ance d'entra\u00eenement ! Enti\u00e8rement compos\u00e9 d'une mati\u00e8re sans couture et extensible, il est tr\u00e8s confortable. Les lignes de contour sur les cuisses et le bas des fesses permettent d'accentuer vos formes naturelles. Le legging est dot\u00e9 d'une ceinture c\u00f4tel\u00e9e qui assure un bon maintien et se prolonge en forme de V \u00e0 l'arri\u00e8re pour faire ressortir encore plus vos fesses. Pour une exp\u00e9rience parfaite \u00e0 l'\u00e9preuve des squats, nous vous recommandons d'utiliser un string invisible !","breadcrumb":{"@id":"https:\/\/fittwear.nl\/product\/curve-legging-petrol\/#breadcrumb"},"inLanguage":"fr-FR","potentialAction":[{"@type":"ReadAction","target":["https:\/\/fittwear.nl\/product\/curve-legging-petrol\/"]}]},{"@type":"ImageObject","inLanguage":"fr-FR","@id":"https:\/\/fittwear.nl\/product\/curve-legging-petrol\/#primaryimage","url":"https:\/\/fittwear.nl\/wp-content\/uploads\/2022\/12\/curvy-petrol_P221129084957_Voorkant-onder_jpg_3.jpg","contentUrl":"https:\/\/fittwear.nl\/wp-content\/uploads\/2022\/12\/curvy-petrol_P221129084957_Voorkant-onder_jpg_3.jpg","width":1200,"height":1800},{"@type":"BreadcrumbList","@id":"https:\/\/fittwear.nl\/product\/curve-legging-petrol\/#breadcrumb","itemListElement":[{"@type":"ListItem","position":1,"name":"Home","item":"https:\/\/fittwear.nl\/"},{"@type":"ListItem","position":2,"name":"Shop","item":"https:\/\/fittwear.nl\/shop\/"},{"@type":"ListItem","position":3,"name":"Curve Legging Petrol"}]},{"@type":"WebSite","@id":"https:\/\/fittwear.nl\/#website","url":"https:\/\/fittwear.nl\/","name":"FITTwear.co.uk","description":"C'est le moment de briller !","publisher":{"@id":"https:\/\/fittwear.nl\/#organization"},"potentialAction":[{"@type":"SearchAction","target":{"@type":"EntryPoint","urlTemplate":"https:\/\/fittwear.nl\/?s={search_term_string}"},"query-input":{"@type":"PropertyValueSpecification","valueRequired":true,"valueName":"search_term_string"}}],"inLanguage":"fr-FR"},{"@type":"Organization","@id":"https:\/\/fittwear.nl\/#organization","name":"FITTwear.co.uk","url":"https:\/\/fittwear.nl\/","logo":{"@type":"ImageObject","inLanguage":"fr-FR","@id":"https:\/\/fittwear.nl\/#\/schema\/logo\/image\/","url":"https:\/\/fittwear.nl\/wp-content\/uploads\/2024\/07\/FITT-Logo-BeYOUtiful-website-homepage_Tekengebied-1-scaled.jpg","contentUrl":"https:\/\/fittwear.nl\/wp-content\/uploads\/2024\/07\/FITT-Logo-BeYOUtiful-website-homepage_Tekengebied-1-scaled.jpg","width":2560,"height":599,"caption":"FITTwear.nl"},"image":{"@id":"https:\/\/fittwear.nl\/#\/schema\/logo\/image\/"}}]}},"_links":{"self":[{"href":"https:\/\/fittwear.nl\/fr\/wp-json\/wp\/v2\/product\/46428","targetHints":{"allow":["GET"]}}],"collection":[{"href":"https:\/\/fittwear.nl\/fr\/wp-json\/wp\/v2\/product"}],"about":[{"href":"https:\/\/fittwear.nl\/fr\/wp-json\/wp\/v2\/types\/product"}],"wp:featuredmedia":[{"embeddable":true,"href":"https:\/\/fittwear.nl\/fr\/wp-json\/wp\/v2\/media\/47160"}],"wp:attachment":[{"href":"https:\/\/fittwear.nl\/fr\/wp-json\/wp\/v2\/media?parent=46428"}],"wp:term":[{"taxonomy":"product_brand","embeddable":true,"href":"https:\/\/fittwear.nl\/fr\/wp-json\/wp\/v2\/product_brand?post=46428"},{"taxonomy":"product_cat","embeddable":true,"href":"https:\/\/fittwear.nl\/fr\/wp-json\/wp\/v2\/product_cat?post=46428"},{"taxonomy":"product_tag","embeddable":true,"href":"https:\/\/fittwear.nl\/fr\/wp-json\/wp\/v2\/product_tag?post=46428"}],"curies":[{"name":"wp","href":"https:\/\/api.w.org\/{rel}","templated":true}]}}