{"id":47057,"date":"2022-12-01T15:23:42","date_gmt":"2022-12-01T14:23:42","guid":{"rendered":"https:\/\/fittwear.nl\/?post_type=product&#038;p=47057"},"modified":"2026-04-16T00:16:21","modified_gmt":"2026-04-15T22:16:21","slug":"crop-manches-longues-flex-powder-nouveau","status":"publish","type":"product","link":"https:\/\/fittwear.nl\/fr\/product\/crop-long-sleeve-flex-powder-new\/","title":{"rendered":"Crop Long Sleeve Flex Powder Nouveau"},"content":{"rendered":"<p>-Superviseur \u00e0 manches longues<\/p>\n\n\n\n<p>-Manches longues<\/p>\n\n\n\n<p>-Super stretchy<\/p>\n\n\n\n<p>-Tissu doux<\/p>\n\n\n\n<p>-Respirabilit\u00e9<\/p>\n\n\n\n<p>-Confortable \u00e0 porter<\/p>\n\n\n\n<p>-Une plus grande libert\u00e9 de mouvement<\/p>\n\n\n\n<p>-80% nylon\/20% \u00e9lasthanne<\/p>\n\n\n\n<p>-150 g\/m\u00b2.<\/p>\n\n\n\n<p>-Lavable jusqu'\u00e0 30\u00b0.<\/p>\n\n\n\n<p>-Couleur : poudre<\/p>\n\n\n\n<p>-Le mannequin Manouk mesure 1,77 et porte la taille S.<a href=\"https:\/\/fittwear.nl\/fr\/produit-2\/crop-manches-longues-flex-mauve\/\"><\/a><\/p>\n\n\n\n<p>-Nouveau logo<\/p>","protected":false},"excerpt":{"rendered":"<p>Flex est synonyme de confort de port et de mouvement. Le tissu doux et super extensible vous permet de tirer le meilleur parti de votre entra\u00eenement. Sentez-vous bien, soyez plus performante dans ce magnifique haut \u00e0 manches longues ! Le mod\u00e8le Manouk mesure 1,76 cm et porte la taille S.<\/p>","protected":false},"featured_media":47267,"template":"","meta":{"_acf_changed":false},"product_brand":[],"product_cat":[4810,4796,4811,4794,4800,79,81,80],"product_tag":[],"class_list":{"0":"post-47057","1":"product","2":"type-product","3":"status-publish","4":"has-post-thumbnail","6":"product_cat-crop-tops-dames","7":"product_cat-cute-in-neutrals","8":"product_cat-longsleeves-dames","9":"product_cat-mindful-movement","10":"product_cat-running-collection","11":"product_cat-tanktops-dames","12":"product_cat-crop-tops","13":"product_cat-longsleeves","15":"first","16":"instock","17":"taxable","18":"shipping-taxable","19":"purchasable","20":"product-type-variable","21":"has-default-attributes"},"acf":[],"yoast_head":"<!-- This site is optimized with the Yoast SEO plugin v27.1.1 - https:\/\/yoast.com\/product\/yoast-seo-wordpress\/ -->\n<title>Crop Long Sleeve Flex Powder New - FITTwear.nl<\/title>\n<meta name=\"description\" content=\"Flex staat voor extra draag- en bewegingscomfort. De zachte en super stretchy stof zorgen er voor dat jij alles uit je workout kunt halen. Feel Great, Perform Better in deze mooi en fijne crop Longsleeve top! Model Manouk is 1.76 en draagt maat S\" \/>\n<meta name=\"robots\" content=\"index, follow, max-snippet:-1, max-image-preview:large, max-video-preview:-1\" \/>\n<link rel=\"canonical\" href=\"https:\/\/fittwear.nl\/fr\/produit-2\/crop-manches-longues-flex-powder-nouveau\/\" \/>\n<meta property=\"og:locale\" content=\"fr_FR\" \/>\n<meta property=\"og:type\" content=\"article\" \/>\n<meta property=\"og:title\" content=\"Crop Long Sleeve Flex Powder New - FITTwear.nl\" \/>\n<meta property=\"og:description\" content=\"Flex staat voor extra draag- en bewegingscomfort. De zachte en super stretchy stof zorgen er voor dat jij alles uit je workout kunt halen. Feel Great, Perform Better in deze mooi en fijne crop Longsleeve top! Model Manouk is 1.76 en draagt maat S\" \/>\n<meta property=\"og:url\" content=\"https:\/\/fittwear.nl\/fr\/produit-2\/crop-manches-longues-flex-powder-nouveau\/\" \/>\n<meta property=\"og:site_name\" content=\"FITTwear.nl\" \/>\n<meta property=\"article:modified_time\" content=\"2026-04-15T22:16:21+00:00\" \/>\n<meta property=\"og:image\" content=\"https:\/\/fittwear.nl\/wp-content\/uploads\/2022\/12\/flex-mauve_Voorkant-boven_jpg_3-1.jpg\" \/>\n\t<meta property=\"og:image:width\" content=\"1200\" \/>\n\t<meta property=\"og:image:height\" content=\"1800\" \/>\n\t<meta property=\"og:image:type\" content=\"image\/jpeg\" \/>\n<meta name=\"twitter:card\" content=\"summary_large_image\" \/>\n<meta name=\"twitter:label1\" content=\"Dur\u00e9e de lecture estim\u00e9e\" \/>\n\t<meta name=\"twitter:data1\" content=\"1 minute\" \/>\n<script type=\"application\/ld+json\" class=\"yoast-schema-graph\">{\"@context\":\"https:\/\/schema.org\",\"@graph\":[{\"@type\":\"WebPage\",\"@id\":\"https:\/\/fittwear.nl\/product\/crop-long-sleeve-flex-powder-new\/\",\"url\":\"https:\/\/fittwear.nl\/product\/crop-long-sleeve-flex-powder-new\/\",\"name\":\"Crop Long Sleeve Flex Powder New - FITTwear.nl\",\"isPartOf\":{\"@id\":\"https:\/\/fittwear.nl\/#website\"},\"primaryImageOfPage\":{\"@id\":\"https:\/\/fittwear.nl\/product\/crop-long-sleeve-flex-powder-new\/#primaryimage\"},\"image\":{\"@id\":\"https:\/\/fittwear.nl\/product\/crop-long-sleeve-flex-powder-new\/#primaryimage\"},\"thumbnailUrl\":\"https:\/\/fittwear.nl\/wp-content\/uploads\/2022\/12\/flex-mauve_Voorkant-boven_jpg_3-1.jpg\",\"datePublished\":\"2022-12-01T14:23:42+00:00\",\"dateModified\":\"2026-04-15T22:16:21+00:00\",\"description\":\"Flex staat voor extra draag- en bewegingscomfort. De zachte en super stretchy stof zorgen er voor dat jij alles uit je workout kunt halen. Feel Great, Perform Better in deze mooi en fijne crop Longsleeve top! Model Manouk is 1.76 en draagt maat S\",\"breadcrumb\":{\"@id\":\"https:\/\/fittwear.nl\/product\/crop-long-sleeve-flex-powder-new\/#breadcrumb\"},\"inLanguage\":\"fr-FR\",\"potentialAction\":[{\"@type\":\"ReadAction\",\"target\":[\"https:\/\/fittwear.nl\/product\/crop-long-sleeve-flex-powder-new\/\"]}]},{\"@type\":\"ImageObject\",\"inLanguage\":\"fr-FR\",\"@id\":\"https:\/\/fittwear.nl\/product\/crop-long-sleeve-flex-powder-new\/#primaryimage\",\"url\":\"https:\/\/fittwear.nl\/wp-content\/uploads\/2022\/12\/flex-mauve_Voorkant-boven_jpg_3-1.jpg\",\"contentUrl\":\"https:\/\/fittwear.nl\/wp-content\/uploads\/2022\/12\/flex-mauve_Voorkant-boven_jpg_3-1.jpg\",\"width\":1200,\"height\":1800},{\"@type\":\"BreadcrumbList\",\"@id\":\"https:\/\/fittwear.nl\/product\/crop-long-sleeve-flex-powder-new\/#breadcrumb\",\"itemListElement\":[{\"@type\":\"ListItem\",\"position\":1,\"name\":\"Home\",\"item\":\"https:\/\/fittwear.nl\/\"},{\"@type\":\"ListItem\",\"position\":2,\"name\":\"Shop\",\"item\":\"https:\/\/fittwear.nl\/shop\/\"},{\"@type\":\"ListItem\",\"position\":3,\"name\":\"Crop Long Sleeve Flex Powder New\"}]},{\"@type\":\"WebSite\",\"@id\":\"https:\/\/fittwear.nl\/#website\",\"url\":\"https:\/\/fittwear.nl\/\",\"name\":\"FITTwear.nl\",\"description\":\"Time to shine!\",\"publisher\":{\"@id\":\"https:\/\/fittwear.nl\/#organization\"},\"potentialAction\":[{\"@type\":\"SearchAction\",\"target\":{\"@type\":\"EntryPoint\",\"urlTemplate\":\"https:\/\/fittwear.nl\/?s={search_term_string}\"},\"query-input\":{\"@type\":\"PropertyValueSpecification\",\"valueRequired\":true,\"valueName\":\"search_term_string\"}}],\"inLanguage\":\"fr-FR\"},{\"@type\":\"Organization\",\"@id\":\"https:\/\/fittwear.nl\/#organization\",\"name\":\"FITTwear.nl\",\"url\":\"https:\/\/fittwear.nl\/\",\"logo\":{\"@type\":\"ImageObject\",\"inLanguage\":\"fr-FR\",\"@id\":\"https:\/\/fittwear.nl\/#\/schema\/logo\/image\/\",\"url\":\"https:\/\/fittwear.nl\/wp-content\/uploads\/2024\/07\/FITT-Logo-BeYOUtiful-website-homepage_Tekengebied-1-scaled.jpg\",\"contentUrl\":\"https:\/\/fittwear.nl\/wp-content\/uploads\/2024\/07\/FITT-Logo-BeYOUtiful-website-homepage_Tekengebied-1-scaled.jpg\",\"width\":2560,\"height\":599,\"caption\":\"FITTwear.nl\"},\"image\":{\"@id\":\"https:\/\/fittwear.nl\/#\/schema\/logo\/image\/\"}}]}<\/script>\n<!-- \/ Yoast SEO plugin. -->","yoast_head_json":{"title":"Crop Long Sleeve Flex Powder Nouveau - FITTwear.fr","description":"Flex est synonyme de confort de port et de mouvement. Le tissu doux et super extensible vous permet de tirer le meilleur parti de votre entra\u00eenement. Sentez-vous bien, soyez plus performante dans ce magnifique haut \u00e0 manches longues ! Le mod\u00e8le Manouk mesure 1,76 cm et porte la taille S.","robots":{"index":"index","follow":"follow","max-snippet":"max-snippet:-1","max-image-preview":"max-image-preview:large","max-video-preview":"max-video-preview:-1"},"canonical":"https:\/\/fittwear.nl\/fr\/produit-2\/crop-manches-longues-flex-powder-nouveau\/","og_locale":"fr_FR","og_type":"article","og_title":"Crop Long Sleeve Flex Powder New - FITTwear.nl","og_description":"Flex staat voor extra draag- en bewegingscomfort. De zachte en super stretchy stof zorgen er voor dat jij alles uit je workout kunt halen. Feel Great, Perform Better in deze mooi en fijne crop Longsleeve top! Model Manouk is 1.76 en draagt maat S","og_url":"https:\/\/fittwear.nl\/fr\/produit-2\/crop-manches-longues-flex-powder-nouveau\/","og_site_name":"FITTwear.nl","article_modified_time":"2026-04-15T22:16:21+00:00","og_image":[{"width":1200,"height":1800,"url":"https:\/\/fittwear.nl\/wp-content\/uploads\/2022\/12\/flex-mauve_Voorkant-boven_jpg_3-1.jpg","type":"image\/jpeg"}],"twitter_card":"summary_large_image","twitter_misc":{"Dur\u00e9e de lecture estim\u00e9e":"1 minute"},"schema":{"@context":"https:\/\/schema.org","@graph":[{"@type":"WebPage","@id":"https:\/\/fittwear.nl\/product\/crop-long-sleeve-flex-powder-new\/","url":"https:\/\/fittwear.nl\/product\/crop-long-sleeve-flex-powder-new\/","name":"Crop Long Sleeve Flex Powder Nouveau - FITTwear.fr","isPartOf":{"@id":"https:\/\/fittwear.nl\/#website"},"primaryImageOfPage":{"@id":"https:\/\/fittwear.nl\/product\/crop-long-sleeve-flex-powder-new\/#primaryimage"},"image":{"@id":"https:\/\/fittwear.nl\/product\/crop-long-sleeve-flex-powder-new\/#primaryimage"},"thumbnailUrl":"https:\/\/fittwear.nl\/wp-content\/uploads\/2022\/12\/flex-mauve_Voorkant-boven_jpg_3-1.jpg","datePublished":"2022-12-01T14:23:42+00:00","dateModified":"2026-04-15T22:16:21+00:00","description":"Flex est synonyme de confort de port et de mouvement. Le tissu doux et super extensible vous permet de tirer le meilleur parti de votre entra\u00eenement. Sentez-vous bien, soyez plus performante dans ce magnifique haut \u00e0 manches longues ! Le mod\u00e8le Manouk mesure 1,76 cm et porte la taille S.","breadcrumb":{"@id":"https:\/\/fittwear.nl\/product\/crop-long-sleeve-flex-powder-new\/#breadcrumb"},"inLanguage":"fr-FR","potentialAction":[{"@type":"ReadAction","target":["https:\/\/fittwear.nl\/product\/crop-long-sleeve-flex-powder-new\/"]}]},{"@type":"ImageObject","inLanguage":"fr-FR","@id":"https:\/\/fittwear.nl\/product\/crop-long-sleeve-flex-powder-new\/#primaryimage","url":"https:\/\/fittwear.nl\/wp-content\/uploads\/2022\/12\/flex-mauve_Voorkant-boven_jpg_3-1.jpg","contentUrl":"https:\/\/fittwear.nl\/wp-content\/uploads\/2022\/12\/flex-mauve_Voorkant-boven_jpg_3-1.jpg","width":1200,"height":1800},{"@type":"BreadcrumbList","@id":"https:\/\/fittwear.nl\/product\/crop-long-sleeve-flex-powder-new\/#breadcrumb","itemListElement":[{"@type":"ListItem","position":1,"name":"Home","item":"https:\/\/fittwear.nl\/"},{"@type":"ListItem","position":2,"name":"Shop","item":"https:\/\/fittwear.nl\/shop\/"},{"@type":"ListItem","position":3,"name":"Crop Long Sleeve Flex Powder New"}]},{"@type":"WebSite","@id":"https:\/\/fittwear.nl\/#website","url":"https:\/\/fittwear.nl\/","name":"FITTwear.co.uk","description":"C'est le moment de briller !","publisher":{"@id":"https:\/\/fittwear.nl\/#organization"},"potentialAction":[{"@type":"SearchAction","target":{"@type":"EntryPoint","urlTemplate":"https:\/\/fittwear.nl\/?s={search_term_string}"},"query-input":{"@type":"PropertyValueSpecification","valueRequired":true,"valueName":"search_term_string"}}],"inLanguage":"fr-FR"},{"@type":"Organization","@id":"https:\/\/fittwear.nl\/#organization","name":"FITTwear.co.uk","url":"https:\/\/fittwear.nl\/","logo":{"@type":"ImageObject","inLanguage":"fr-FR","@id":"https:\/\/fittwear.nl\/#\/schema\/logo\/image\/","url":"https:\/\/fittwear.nl\/wp-content\/uploads\/2024\/07\/FITT-Logo-BeYOUtiful-website-homepage_Tekengebied-1-scaled.jpg","contentUrl":"https:\/\/fittwear.nl\/wp-content\/uploads\/2024\/07\/FITT-Logo-BeYOUtiful-website-homepage_Tekengebied-1-scaled.jpg","width":2560,"height":599,"caption":"FITTwear.nl"},"image":{"@id":"https:\/\/fittwear.nl\/#\/schema\/logo\/image\/"}}]}},"_links":{"self":[{"href":"https:\/\/fittwear.nl\/fr\/wp-json\/wp\/v2\/product\/47057","targetHints":{"allow":["GET"]}}],"collection":[{"href":"https:\/\/fittwear.nl\/fr\/wp-json\/wp\/v2\/product"}],"about":[{"href":"https:\/\/fittwear.nl\/fr\/wp-json\/wp\/v2\/types\/product"}],"wp:featuredmedia":[{"embeddable":true,"href":"https:\/\/fittwear.nl\/fr\/wp-json\/wp\/v2\/media\/47267"}],"wp:attachment":[{"href":"https:\/\/fittwear.nl\/fr\/wp-json\/wp\/v2\/media?parent=47057"}],"wp:term":[{"taxonomy":"product_brand","embeddable":true,"href":"https:\/\/fittwear.nl\/fr\/wp-json\/wp\/v2\/product_brand?post=47057"},{"taxonomy":"product_cat","embeddable":true,"href":"https:\/\/fittwear.nl\/fr\/wp-json\/wp\/v2\/product_cat?post=47057"},{"taxonomy":"product_tag","embeddable":true,"href":"https:\/\/fittwear.nl\/fr\/wp-json\/wp\/v2\/product_tag?post=47057"}],"curies":[{"name":"wp","href":"https:\/\/api.w.org\/{rel}","templated":true}]}}