{"id":47353,"date":"2022-12-02T11:02:41","date_gmt":"2022-12-02T10:02:41","guid":{"rendered":"https:\/\/fittwear.nl\/?post_type=product&#038;p=47353"},"modified":"2026-04-11T18:52:16","modified_gmt":"2026-04-11T16:52:16","slug":"carte-cadeau-numerique","status":"publish","type":"product","link":"https:\/\/fittwear.nl\/fr\/product\/giftcard-digitaal\/","title":{"rendered":"Carte cadeau num\u00e9rique"},"content":{"rendered":"<p>Vous cherchez le plus beau cadeau \u00e0 offrir ? Commandez alors cette carte-cadeau cool ! Vous pouvez d\u00e9cider vous-m\u00eame de la valeur de la carte cadeau. Il n'est pas n\u00e9cessaire de la d\u00e9penser en une seule fois, mais vous pouvez bien s\u00fbr toujours le faire \ud83d\ude42 .<\/p>","protected":false},"excerpt":{"rendered":"<p>Vous cherchez le plus beau cadeau \u00e0 offrir ? Commandez alors cette carte-cadeau cool ! Vous pouvez d\u00e9cider vous-m\u00eame de la valeur de la carte cadeau. Il n'est pas n\u00e9cessaire de la d\u00e9penser en une seule fois, mais vous pouvez bien s\u00fbr toujours le faire \ud83d\ude42 .<\/p>","protected":false},"featured_media":47236,"template":"","meta":{"_acf_changed":false},"product_brand":[],"product_cat":[4714],"product_tag":[],"class_list":{"0":"post-47353","1":"product","2":"type-product","3":"status-publish","4":"has-post-thumbnail","6":"product_cat-giftcards","7":"product_shipping_class-briefpost","9":"first","10":"instock","11":"purchasable","12":"product-type-pw-gift-card","13":"has-default-attributes"},"acf":[],"yoast_head":"<!-- This site is optimized with the Yoast SEO plugin v27.1.1 - https:\/\/yoast.com\/product\/yoast-seo-wordpress\/ -->\n<title>Giftcard digitaal - FITTwear.nl<\/title>\n<meta name=\"description\" content=\"Ben jij op zoek naar het leukste cadeautje om te geven? Bestel dan deze toffe giftcard! Je kunt zelf de waarde van de cadeaubon bepalen. Hij hoeft niet in\" \/>\n<meta name=\"robots\" content=\"index, follow, max-snippet:-1, max-image-preview:large, max-video-preview:-1\" \/>\n<link rel=\"canonical\" href=\"https:\/\/fittwear.nl\/fr\/produit-2\/carte-cadeau-numerique\/\" \/>\n<meta property=\"og:locale\" content=\"fr_FR\" \/>\n<meta property=\"og:type\" content=\"article\" \/>\n<meta property=\"og:title\" content=\"Giftcard digitaal - FITTwear.nl\" \/>\n<meta property=\"og:description\" content=\"Ben jij op zoek naar het leukste cadeautje om te geven? Bestel dan deze toffe giftcard! Je kunt zelf de waarde van de cadeaubon bepalen. Hij hoeft niet in\" \/>\n<meta property=\"og:url\" content=\"https:\/\/fittwear.nl\/fr\/produit-2\/carte-cadeau-numerique\/\" \/>\n<meta property=\"og:site_name\" content=\"FITTwear.nl\" \/>\n<meta property=\"article:modified_time\" content=\"2026-04-11T16:52:16+00:00\" \/>\n<meta property=\"og:image\" content=\"https:\/\/fittwear.nl\/wp-content\/uploads\/2022\/12\/Giftcard4.jpg\" \/>\n\t<meta property=\"og:image:width\" content=\"1200\" \/>\n\t<meta property=\"og:image:height\" content=\"1800\" \/>\n\t<meta property=\"og:image:type\" content=\"image\/jpeg\" \/>\n<meta name=\"twitter:card\" content=\"summary_large_image\" \/>\n<meta name=\"twitter:label1\" content=\"Dur\u00e9e de lecture estim\u00e9e\" \/>\n\t<meta name=\"twitter:data1\" content=\"1 minute\" \/>\n<script type=\"application\/ld+json\" class=\"yoast-schema-graph\">{\"@context\":\"https:\/\/schema.org\",\"@graph\":[{\"@type\":\"WebPage\",\"@id\":\"https:\/\/fittwear.nl\/product\/giftcard-digitaal\/\",\"url\":\"https:\/\/fittwear.nl\/product\/giftcard-digitaal\/\",\"name\":\"Giftcard digitaal - FITTwear.nl\",\"isPartOf\":{\"@id\":\"https:\/\/fittwear.nl\/#website\"},\"primaryImageOfPage\":{\"@id\":\"https:\/\/fittwear.nl\/product\/giftcard-digitaal\/#primaryimage\"},\"image\":{\"@id\":\"https:\/\/fittwear.nl\/product\/giftcard-digitaal\/#primaryimage\"},\"thumbnailUrl\":\"https:\/\/fittwear.nl\/wp-content\/uploads\/2022\/12\/Giftcard4.jpg\",\"datePublished\":\"2022-12-02T10:02:41+00:00\",\"dateModified\":\"2026-04-11T16:52:16+00:00\",\"description\":\"Ben jij op zoek naar het leukste cadeautje om te geven? Bestel dan deze toffe giftcard! Je kunt zelf de waarde van de cadeaubon bepalen. Hij hoeft niet in\",\"breadcrumb\":{\"@id\":\"https:\/\/fittwear.nl\/product\/giftcard-digitaal\/#breadcrumb\"},\"inLanguage\":\"fr-FR\",\"potentialAction\":[{\"@type\":\"ReadAction\",\"target\":[\"https:\/\/fittwear.nl\/product\/giftcard-digitaal\/\"]}]},{\"@type\":\"ImageObject\",\"inLanguage\":\"fr-FR\",\"@id\":\"https:\/\/fittwear.nl\/product\/giftcard-digitaal\/#primaryimage\",\"url\":\"https:\/\/fittwear.nl\/wp-content\/uploads\/2022\/12\/Giftcard4.jpg\",\"contentUrl\":\"https:\/\/fittwear.nl\/wp-content\/uploads\/2022\/12\/Giftcard4.jpg\",\"width\":1200,\"height\":1800},{\"@type\":\"BreadcrumbList\",\"@id\":\"https:\/\/fittwear.nl\/product\/giftcard-digitaal\/#breadcrumb\",\"itemListElement\":[{\"@type\":\"ListItem\",\"position\":1,\"name\":\"Home\",\"item\":\"https:\/\/fittwear.nl\/\"},{\"@type\":\"ListItem\",\"position\":2,\"name\":\"Shop\",\"item\":\"https:\/\/fittwear.nl\/shop\/\"},{\"@type\":\"ListItem\",\"position\":3,\"name\":\"Giftcard digitaal\"}]},{\"@type\":\"WebSite\",\"@id\":\"https:\/\/fittwear.nl\/#website\",\"url\":\"https:\/\/fittwear.nl\/\",\"name\":\"FITTwear.nl\",\"description\":\"Time to shine!\",\"publisher\":{\"@id\":\"https:\/\/fittwear.nl\/#organization\"},\"potentialAction\":[{\"@type\":\"SearchAction\",\"target\":{\"@type\":\"EntryPoint\",\"urlTemplate\":\"https:\/\/fittwear.nl\/?s={search_term_string}\"},\"query-input\":{\"@type\":\"PropertyValueSpecification\",\"valueRequired\":true,\"valueName\":\"search_term_string\"}}],\"inLanguage\":\"fr-FR\"},{\"@type\":\"Organization\",\"@id\":\"https:\/\/fittwear.nl\/#organization\",\"name\":\"FITTwear.nl\",\"url\":\"https:\/\/fittwear.nl\/\",\"logo\":{\"@type\":\"ImageObject\",\"inLanguage\":\"fr-FR\",\"@id\":\"https:\/\/fittwear.nl\/#\/schema\/logo\/image\/\",\"url\":\"https:\/\/fittwear.nl\/wp-content\/uploads\/2024\/07\/FITT-Logo-BeYOUtiful-website-homepage_Tekengebied-1-scaled.jpg\",\"contentUrl\":\"https:\/\/fittwear.nl\/wp-content\/uploads\/2024\/07\/FITT-Logo-BeYOUtiful-website-homepage_Tekengebied-1-scaled.jpg\",\"width\":2560,\"height\":599,\"caption\":\"FITTwear.nl\"},\"image\":{\"@id\":\"https:\/\/fittwear.nl\/#\/schema\/logo\/image\/\"}}]}<\/script>\n<!-- \/ Yoast SEO plugin. -->","yoast_head_json":{"title":"Carte cadeau num\u00e9rique - FITTwear.co.uk","description":"Vous cherchez le plus beau cadeau \u00e0 offrir ? Alors commandez cette super carte cadeau ! Vous pouvez d\u00e9terminer vous-m\u00eame la valeur de la carte cadeau. Il n'est pas n\u00e9cessaire que ce soit","robots":{"index":"index","follow":"follow","max-snippet":"max-snippet:-1","max-image-preview":"max-image-preview:large","max-video-preview":"max-video-preview:-1"},"canonical":"https:\/\/fittwear.nl\/fr\/produit-2\/carte-cadeau-numerique\/","og_locale":"fr_FR","og_type":"article","og_title":"Giftcard digitaal - FITTwear.nl","og_description":"Ben jij op zoek naar het leukste cadeautje om te geven? Bestel dan deze toffe giftcard! Je kunt zelf de waarde van de cadeaubon bepalen. Hij hoeft niet in","og_url":"https:\/\/fittwear.nl\/fr\/produit-2\/carte-cadeau-numerique\/","og_site_name":"FITTwear.nl","article_modified_time":"2026-04-11T16:52:16+00:00","og_image":[{"width":1200,"height":1800,"url":"https:\/\/fittwear.nl\/wp-content\/uploads\/2022\/12\/Giftcard4.jpg","type":"image\/jpeg"}],"twitter_card":"summary_large_image","twitter_misc":{"Dur\u00e9e de lecture estim\u00e9e":"1 minute"},"schema":{"@context":"https:\/\/schema.org","@graph":[{"@type":"WebPage","@id":"https:\/\/fittwear.nl\/product\/giftcard-digitaal\/","url":"https:\/\/fittwear.nl\/product\/giftcard-digitaal\/","name":"Carte cadeau num\u00e9rique - FITTwear.co.uk","isPartOf":{"@id":"https:\/\/fittwear.nl\/#website"},"primaryImageOfPage":{"@id":"https:\/\/fittwear.nl\/product\/giftcard-digitaal\/#primaryimage"},"image":{"@id":"https:\/\/fittwear.nl\/product\/giftcard-digitaal\/#primaryimage"},"thumbnailUrl":"https:\/\/fittwear.nl\/wp-content\/uploads\/2022\/12\/Giftcard4.jpg","datePublished":"2022-12-02T10:02:41+00:00","dateModified":"2026-04-11T16:52:16+00:00","description":"Vous cherchez le plus beau cadeau \u00e0 offrir ? Alors commandez cette super carte cadeau ! Vous pouvez d\u00e9terminer vous-m\u00eame la valeur de la carte cadeau. Il n'est pas n\u00e9cessaire que ce soit","breadcrumb":{"@id":"https:\/\/fittwear.nl\/product\/giftcard-digitaal\/#breadcrumb"},"inLanguage":"fr-FR","potentialAction":[{"@type":"ReadAction","target":["https:\/\/fittwear.nl\/product\/giftcard-digitaal\/"]}]},{"@type":"ImageObject","inLanguage":"fr-FR","@id":"https:\/\/fittwear.nl\/product\/giftcard-digitaal\/#primaryimage","url":"https:\/\/fittwear.nl\/wp-content\/uploads\/2022\/12\/Giftcard4.jpg","contentUrl":"https:\/\/fittwear.nl\/wp-content\/uploads\/2022\/12\/Giftcard4.jpg","width":1200,"height":1800},{"@type":"BreadcrumbList","@id":"https:\/\/fittwear.nl\/product\/giftcard-digitaal\/#breadcrumb","itemListElement":[{"@type":"ListItem","position":1,"name":"Home","item":"https:\/\/fittwear.nl\/"},{"@type":"ListItem","position":2,"name":"Shop","item":"https:\/\/fittwear.nl\/shop\/"},{"@type":"ListItem","position":3,"name":"Giftcard digitaal"}]},{"@type":"WebSite","@id":"https:\/\/fittwear.nl\/#website","url":"https:\/\/fittwear.nl\/","name":"FITTwear.co.uk","description":"C'est le moment de briller !","publisher":{"@id":"https:\/\/fittwear.nl\/#organization"},"potentialAction":[{"@type":"SearchAction","target":{"@type":"EntryPoint","urlTemplate":"https:\/\/fittwear.nl\/?s={search_term_string}"},"query-input":{"@type":"PropertyValueSpecification","valueRequired":true,"valueName":"search_term_string"}}],"inLanguage":"fr-FR"},{"@type":"Organization","@id":"https:\/\/fittwear.nl\/#organization","name":"FITTwear.co.uk","url":"https:\/\/fittwear.nl\/","logo":{"@type":"ImageObject","inLanguage":"fr-FR","@id":"https:\/\/fittwear.nl\/#\/schema\/logo\/image\/","url":"https:\/\/fittwear.nl\/wp-content\/uploads\/2024\/07\/FITT-Logo-BeYOUtiful-website-homepage_Tekengebied-1-scaled.jpg","contentUrl":"https:\/\/fittwear.nl\/wp-content\/uploads\/2024\/07\/FITT-Logo-BeYOUtiful-website-homepage_Tekengebied-1-scaled.jpg","width":2560,"height":599,"caption":"FITTwear.nl"},"image":{"@id":"https:\/\/fittwear.nl\/#\/schema\/logo\/image\/"}}]}},"_links":{"self":[{"href":"https:\/\/fittwear.nl\/fr\/wp-json\/wp\/v2\/product\/47353","targetHints":{"allow":["GET"]}}],"collection":[{"href":"https:\/\/fittwear.nl\/fr\/wp-json\/wp\/v2\/product"}],"about":[{"href":"https:\/\/fittwear.nl\/fr\/wp-json\/wp\/v2\/types\/product"}],"wp:featuredmedia":[{"embeddable":true,"href":"https:\/\/fittwear.nl\/fr\/wp-json\/wp\/v2\/media\/47236"}],"wp:attachment":[{"href":"https:\/\/fittwear.nl\/fr\/wp-json\/wp\/v2\/media?parent=47353"}],"wp:term":[{"taxonomy":"product_brand","embeddable":true,"href":"https:\/\/fittwear.nl\/fr\/wp-json\/wp\/v2\/product_brand?post=47353"},{"taxonomy":"product_cat","embeddable":true,"href":"https:\/\/fittwear.nl\/fr\/wp-json\/wp\/v2\/product_cat?post=47353"},{"taxonomy":"product_tag","embeddable":true,"href":"https:\/\/fittwear.nl\/fr\/wp-json\/wp\/v2\/product_tag?post=47353"}],"curies":[{"name":"wp","href":"https:\/\/api.w.org\/{rel}","templated":true}]}}