{"id":47818,"date":"2022-12-12T11:21:09","date_gmt":"2022-12-12T10:21:09","guid":{"rendered":"https:\/\/fittwear.nl\/?post_type=product&#038;p=47818"},"modified":"2026-04-17T01:34:32","modified_gmt":"2026-04-16T23:34:32","slug":"invisible-thong-black-2-pack","status":"publish","type":"product","link":"https:\/\/fittwear.nl\/fr\/product\/invisible-thong-black-2-pack\/","title":{"rendered":"String Invisible Noir 2-Pack"},"content":{"rendered":"<p>- String sans couture<\/p>\n\n\n\n<p>- Ensemble de 2<\/p>\n\n\n\n<p>- Stretch<\/p>\n\n\n\n<p>- Tissu l\u00e9ger<\/p>\n\n\n\n<p>- S\u00e9chage rapide<\/p>\n\n\n\n<p>- Lavable jusqu'\u00e0 30\u00b0.<\/p>\n\n\n\n<p>-Couleur : Noir<\/p>","protected":false},"excerpt":{"rendered":"<p>Vous n'aurez plus \u00e0 vous soucier des leggings transparents ou des coutures visibles de vos sous-v\u00eatements. Car avec le string sans couture, cela ne sera plus un probl\u00e8me ! La conception sans coutures vous permet de porter des leggings sans que vos sous-v\u00eatements soient visibles. Le string est fabriqu\u00e9 dans un tissu l\u00e9ger et s\u00e8che rapidement.<\/p>\n<p>Pour des raisons d'hygi\u00e8ne, il n'est pas possible de retourner les tongs apr\u00e8s leur achat.<\/p>","protected":false},"featured_media":47826,"template":"","meta":{"_acf_changed":false},"product_brand":[],"product_cat":[115,4812],"product_tag":[],"class_list":{"0":"post-47818","1":"product","2":"type-product","3":"status-publish","4":"has-post-thumbnail","6":"product_cat-accessoires","7":"product_cat-forever-favorites-categorie","9":"first","10":"instock","11":"taxable","12":"shipping-taxable","13":"purchasable","14":"product-type-variable","15":"has-default-attributes"},"acf":[],"yoast_head":"<!-- This site is optimized with the Yoast SEO plugin v27.1.1 - https:\/\/yoast.com\/product\/yoast-seo-wordpress\/ -->\n<title>Invisible Thong Black 2-Pack - FITTwear.nl<\/title>\n<meta name=\"description\" content=\"Geen zorgen meer over doorschijnende leggings of zichtbare naden van je ondergoed. Want met de seamless thong heb je hier geen last meer van! Het naadloze ontwerp zorgt er voor dat je een legging kan dragen zonder dat je ondergoed zichtbaar is. De string is gemaakt van een lichtgewicht stof en is sneldrogend. Vanwege hygi\u00ebnische redenen is het niet mogelijk om thongs te retourneren na aankoop.\" \/>\n<meta name=\"robots\" content=\"index, follow, max-snippet:-1, max-image-preview:large, max-video-preview:-1\" \/>\n<link rel=\"canonical\" href=\"https:\/\/fittwear.nl\/fr\/produit-2\/invisible-thong-black-2-pack\/\" \/>\n<meta property=\"og:locale\" content=\"fr_FR\" \/>\n<meta property=\"og:type\" content=\"article\" \/>\n<meta property=\"og:title\" content=\"Invisible Thong Black 2-Pack - FITTwear.nl\" \/>\n<meta property=\"og:description\" content=\"Geen zorgen meer over doorschijnende leggings of zichtbare naden van je ondergoed. Want met de seamless thong heb je hier geen last meer van! Het naadloze ontwerp zorgt er voor dat je een legging kan dragen zonder dat je ondergoed zichtbaar is. De string is gemaakt van een lichtgewicht stof en is sneldrogend. Vanwege hygi\u00ebnische redenen is het niet mogelijk om thongs te retourneren na aankoop.\" \/>\n<meta property=\"og:url\" content=\"https:\/\/fittwear.nl\/fr\/produit-2\/invisible-thong-black-2-pack\/\" \/>\n<meta property=\"og:site_name\" content=\"FITTwear.nl\" \/>\n<meta property=\"article:modified_time\" content=\"2026-04-16T23:34:32+00:00\" \/>\n<meta property=\"og:image\" content=\"https:\/\/fittwear.nl\/wp-content\/uploads\/2022\/12\/string-zwart_voor-2.jpg\" \/>\n\t<meta property=\"og:image:width\" content=\"1559\" \/>\n\t<meta property=\"og:image:height\" content=\"2338\" \/>\n\t<meta property=\"og:image:type\" content=\"image\/jpeg\" \/>\n<meta name=\"twitter:card\" content=\"summary_large_image\" \/>\n<meta name=\"twitter:label1\" content=\"Dur\u00e9e de lecture estim\u00e9e\" \/>\n\t<meta name=\"twitter:data1\" content=\"1 minute\" \/>\n<script type=\"application\/ld+json\" class=\"yoast-schema-graph\">{\"@context\":\"https:\/\/schema.org\",\"@graph\":[{\"@type\":\"WebPage\",\"@id\":\"https:\/\/fittwear.nl\/product\/invisible-thong-black-2-pack\/\",\"url\":\"https:\/\/fittwear.nl\/product\/invisible-thong-black-2-pack\/\",\"name\":\"Invisible Thong Black 2-Pack - FITTwear.nl\",\"isPartOf\":{\"@id\":\"https:\/\/fittwear.nl\/#website\"},\"primaryImageOfPage\":{\"@id\":\"https:\/\/fittwear.nl\/product\/invisible-thong-black-2-pack\/#primaryimage\"},\"image\":{\"@id\":\"https:\/\/fittwear.nl\/product\/invisible-thong-black-2-pack\/#primaryimage\"},\"thumbnailUrl\":\"https:\/\/fittwear.nl\/wp-content\/uploads\/2022\/12\/string-zwart_voor-2.jpg\",\"datePublished\":\"2022-12-12T10:21:09+00:00\",\"dateModified\":\"2026-04-16T23:34:32+00:00\",\"description\":\"Geen zorgen meer over doorschijnende leggings of zichtbare naden van je ondergoed. Want met de seamless thong heb je hier geen last meer van! Het naadloze ontwerp zorgt er voor dat je een legging kan dragen zonder dat je ondergoed zichtbaar is. De string is gemaakt van een lichtgewicht stof en is sneldrogend. Vanwege hygi\u00ebnische redenen is het niet mogelijk om thongs te retourneren na aankoop.\",\"breadcrumb\":{\"@id\":\"https:\/\/fittwear.nl\/product\/invisible-thong-black-2-pack\/#breadcrumb\"},\"inLanguage\":\"fr-FR\",\"potentialAction\":[{\"@type\":\"ReadAction\",\"target\":[\"https:\/\/fittwear.nl\/product\/invisible-thong-black-2-pack\/\"]}]},{\"@type\":\"ImageObject\",\"inLanguage\":\"fr-FR\",\"@id\":\"https:\/\/fittwear.nl\/product\/invisible-thong-black-2-pack\/#primaryimage\",\"url\":\"https:\/\/fittwear.nl\/wp-content\/uploads\/2022\/12\/string-zwart_voor-2.jpg\",\"contentUrl\":\"https:\/\/fittwear.nl\/wp-content\/uploads\/2022\/12\/string-zwart_voor-2.jpg\",\"width\":1559,\"height\":2338},{\"@type\":\"BreadcrumbList\",\"@id\":\"https:\/\/fittwear.nl\/product\/invisible-thong-black-2-pack\/#breadcrumb\",\"itemListElement\":[{\"@type\":\"ListItem\",\"position\":1,\"name\":\"Home\",\"item\":\"https:\/\/fittwear.nl\/\"},{\"@type\":\"ListItem\",\"position\":2,\"name\":\"Shop\",\"item\":\"https:\/\/fittwear.nl\/shop\/\"},{\"@type\":\"ListItem\",\"position\":3,\"name\":\"Invisible Thong Black 2-Pack\"}]},{\"@type\":\"WebSite\",\"@id\":\"https:\/\/fittwear.nl\/#website\",\"url\":\"https:\/\/fittwear.nl\/\",\"name\":\"FITTwear.nl\",\"description\":\"Time to shine!\",\"publisher\":{\"@id\":\"https:\/\/fittwear.nl\/#organization\"},\"potentialAction\":[{\"@type\":\"SearchAction\",\"target\":{\"@type\":\"EntryPoint\",\"urlTemplate\":\"https:\/\/fittwear.nl\/?s={search_term_string}\"},\"query-input\":{\"@type\":\"PropertyValueSpecification\",\"valueRequired\":true,\"valueName\":\"search_term_string\"}}],\"inLanguage\":\"fr-FR\"},{\"@type\":\"Organization\",\"@id\":\"https:\/\/fittwear.nl\/#organization\",\"name\":\"FITTwear.nl\",\"url\":\"https:\/\/fittwear.nl\/\",\"logo\":{\"@type\":\"ImageObject\",\"inLanguage\":\"fr-FR\",\"@id\":\"https:\/\/fittwear.nl\/#\/schema\/logo\/image\/\",\"url\":\"https:\/\/fittwear.nl\/wp-content\/uploads\/2024\/07\/FITT-Logo-BeYOUtiful-website-homepage_Tekengebied-1-scaled.jpg\",\"contentUrl\":\"https:\/\/fittwear.nl\/wp-content\/uploads\/2024\/07\/FITT-Logo-BeYOUtiful-website-homepage_Tekengebied-1-scaled.jpg\",\"width\":2560,\"height\":599,\"caption\":\"FITTwear.nl\"},\"image\":{\"@id\":\"https:\/\/fittwear.nl\/#\/schema\/logo\/image\/\"}}]}<\/script>\n<!-- \/ Yoast SEO plugin. -->","yoast_head_json":{"title":"String Invisible Noir 2-Pack - FITTwear.com","description":"Ne vous inqui\u00e9tez plus des leggings transparents ou des coutures visibles de vos sous-v\u00eatements. Avec le string sans couture, ce n'est plus un probl\u00e8me ! Le design sans couture vous permet de porter des leggings sans que vos sous-v\u00eatements soient visibles. Le string est fabriqu\u00e9 dans un tissu l\u00e9ger et s\u00e8che rapidement. Pour des raisons d'hygi\u00e8ne, il n'est pas possible de retourner les strings apr\u00e8s l'achat.","robots":{"index":"index","follow":"follow","max-snippet":"max-snippet:-1","max-image-preview":"max-image-preview:large","max-video-preview":"max-video-preview:-1"},"canonical":"https:\/\/fittwear.nl\/fr\/produit-2\/invisible-thong-black-2-pack\/","og_locale":"fr_FR","og_type":"article","og_title":"Invisible Thong Black 2-Pack - FITTwear.nl","og_description":"Geen zorgen meer over doorschijnende leggings of zichtbare naden van je ondergoed. Want met de seamless thong heb je hier geen last meer van! Het naadloze ontwerp zorgt er voor dat je een legging kan dragen zonder dat je ondergoed zichtbaar is. De string is gemaakt van een lichtgewicht stof en is sneldrogend. Vanwege hygi\u00ebnische redenen is het niet mogelijk om thongs te retourneren na aankoop.","og_url":"https:\/\/fittwear.nl\/fr\/produit-2\/invisible-thong-black-2-pack\/","og_site_name":"FITTwear.nl","article_modified_time":"2026-04-16T23:34:32+00:00","og_image":[{"width":1559,"height":2338,"url":"https:\/\/fittwear.nl\/wp-content\/uploads\/2022\/12\/string-zwart_voor-2.jpg","type":"image\/jpeg"}],"twitter_card":"summary_large_image","twitter_misc":{"Dur\u00e9e de lecture estim\u00e9e":"1 minute"},"schema":{"@context":"https:\/\/schema.org","@graph":[{"@type":"WebPage","@id":"https:\/\/fittwear.nl\/product\/invisible-thong-black-2-pack\/","url":"https:\/\/fittwear.nl\/product\/invisible-thong-black-2-pack\/","name":"String Invisible Noir 2-Pack - FITTwear.com","isPartOf":{"@id":"https:\/\/fittwear.nl\/#website"},"primaryImageOfPage":{"@id":"https:\/\/fittwear.nl\/product\/invisible-thong-black-2-pack\/#primaryimage"},"image":{"@id":"https:\/\/fittwear.nl\/product\/invisible-thong-black-2-pack\/#primaryimage"},"thumbnailUrl":"https:\/\/fittwear.nl\/wp-content\/uploads\/2022\/12\/string-zwart_voor-2.jpg","datePublished":"2022-12-12T10:21:09+00:00","dateModified":"2026-04-16T23:34:32+00:00","description":"Ne vous inqui\u00e9tez plus des leggings transparents ou des coutures visibles de vos sous-v\u00eatements. Avec le string sans couture, ce n'est plus un probl\u00e8me ! Le design sans couture vous permet de porter des leggings sans que vos sous-v\u00eatements soient visibles. Le string est fabriqu\u00e9 dans un tissu l\u00e9ger et s\u00e8che rapidement. Pour des raisons d'hygi\u00e8ne, il n'est pas possible de retourner les strings apr\u00e8s l'achat.","breadcrumb":{"@id":"https:\/\/fittwear.nl\/product\/invisible-thong-black-2-pack\/#breadcrumb"},"inLanguage":"fr-FR","potentialAction":[{"@type":"ReadAction","target":["https:\/\/fittwear.nl\/product\/invisible-thong-black-2-pack\/"]}]},{"@type":"ImageObject","inLanguage":"fr-FR","@id":"https:\/\/fittwear.nl\/product\/invisible-thong-black-2-pack\/#primaryimage","url":"https:\/\/fittwear.nl\/wp-content\/uploads\/2022\/12\/string-zwart_voor-2.jpg","contentUrl":"https:\/\/fittwear.nl\/wp-content\/uploads\/2022\/12\/string-zwart_voor-2.jpg","width":1559,"height":2338},{"@type":"BreadcrumbList","@id":"https:\/\/fittwear.nl\/product\/invisible-thong-black-2-pack\/#breadcrumb","itemListElement":[{"@type":"ListItem","position":1,"name":"Home","item":"https:\/\/fittwear.nl\/"},{"@type":"ListItem","position":2,"name":"Shop","item":"https:\/\/fittwear.nl\/shop\/"},{"@type":"ListItem","position":3,"name":"Invisible Thong Black 2-Pack"}]},{"@type":"WebSite","@id":"https:\/\/fittwear.nl\/#website","url":"https:\/\/fittwear.nl\/","name":"FITTwear.co.uk","description":"C'est le moment de briller !","publisher":{"@id":"https:\/\/fittwear.nl\/#organization"},"potentialAction":[{"@type":"SearchAction","target":{"@type":"EntryPoint","urlTemplate":"https:\/\/fittwear.nl\/?s={search_term_string}"},"query-input":{"@type":"PropertyValueSpecification","valueRequired":true,"valueName":"search_term_string"}}],"inLanguage":"fr-FR"},{"@type":"Organization","@id":"https:\/\/fittwear.nl\/#organization","name":"FITTwear.co.uk","url":"https:\/\/fittwear.nl\/","logo":{"@type":"ImageObject","inLanguage":"fr-FR","@id":"https:\/\/fittwear.nl\/#\/schema\/logo\/image\/","url":"https:\/\/fittwear.nl\/wp-content\/uploads\/2024\/07\/FITT-Logo-BeYOUtiful-website-homepage_Tekengebied-1-scaled.jpg","contentUrl":"https:\/\/fittwear.nl\/wp-content\/uploads\/2024\/07\/FITT-Logo-BeYOUtiful-website-homepage_Tekengebied-1-scaled.jpg","width":2560,"height":599,"caption":"FITTwear.nl"},"image":{"@id":"https:\/\/fittwear.nl\/#\/schema\/logo\/image\/"}}]}},"_links":{"self":[{"href":"https:\/\/fittwear.nl\/fr\/wp-json\/wp\/v2\/product\/47818","targetHints":{"allow":["GET"]}}],"collection":[{"href":"https:\/\/fittwear.nl\/fr\/wp-json\/wp\/v2\/product"}],"about":[{"href":"https:\/\/fittwear.nl\/fr\/wp-json\/wp\/v2\/types\/product"}],"wp:featuredmedia":[{"embeddable":true,"href":"https:\/\/fittwear.nl\/fr\/wp-json\/wp\/v2\/media\/47826"}],"wp:attachment":[{"href":"https:\/\/fittwear.nl\/fr\/wp-json\/wp\/v2\/media?parent=47818"}],"wp:term":[{"taxonomy":"product_brand","embeddable":true,"href":"https:\/\/fittwear.nl\/fr\/wp-json\/wp\/v2\/product_brand?post=47818"},{"taxonomy":"product_cat","embeddable":true,"href":"https:\/\/fittwear.nl\/fr\/wp-json\/wp\/v2\/product_cat?post=47818"},{"taxonomy":"product_tag","embeddable":true,"href":"https:\/\/fittwear.nl\/fr\/wp-json\/wp\/v2\/product_tag?post=47818"}],"curies":[{"name":"wp","href":"https:\/\/api.w.org\/{rel}","templated":true}]}}