{"id":48250,"date":"2022-12-20T21:17:00","date_gmt":"2022-12-20T20:17:00","guid":{"rendered":"https:\/\/fittwear.nl\/?post_type=product&#038;p=48250"},"modified":"2026-04-16T00:15:24","modified_gmt":"2026-04-15T22:15:24","slug":"legging-a-taille-ultra-haute-et-a-poches","status":"publish","type":"product","link":"https:\/\/fittwear.nl\/fr\/product\/ultra-high-waist-pocket-legging\/","title":{"rendered":"Legging \u00e0 poches \u00e0 taille ultra haute Noir"},"content":{"rendered":"<p>&#8211; Ultra High waist legging<\/p>\n\n\n\n<p>&#8211; Voorzien van 2 grote zakken aan beide zijkanten.<\/p>\n\n\n\n<p>&#8211; Extra zacht en ademende stof<\/p>\n\n\n\n<p>&#8211; Snel drogend<\/p>\n\n\n\n<p>&#8211; Duurzame kwaliteit<\/p>\n\n\n\n<p>- Extensible<\/p>\n\n\n\n<p>&#8211; Squat proof<\/p>\n\n\n\n<p>&#8211; 86% polyester, 14% spandex<\/p>\n\n\n\n<p>&#8211; 230 grams<\/p>\n\n\n\n<p>- Lavable jusqu'\u00e0 30\u00b0.<\/p>\n\n\n\n<p>- Couleur : noir<\/p>\n\n\n\n<p>&#8211; Model  is 1.74m en draagt maat S<\/p>","protected":false},"excerpt":{"rendered":"<p>Notre legging pr\u00e9f\u00e9r\u00e9 de tous les temps avec une taille haute ultra solide, mais maintenant avec 2 poches (id\u00e9al pour un gros t\u00e9l\u00e9phone). Ils vous donneront une sensation agr\u00e9able et renforc\u00e9e pendant votre entra\u00eenement. Le tissu extensible extra-souple est respirant et s\u00e8che rapidement, offrant le meilleur du confort et de la flexibilit\u00e9 pendant toute s\u00e9ance d'entra\u00eenement. Vid\u00e9o de l'Ultra High Waist \"normal\" sans poches suppl\u00e9mentaires.<\/p>","protected":false},"featured_media":52885,"template":"","meta":{"_acf_changed":false},"product_brand":[],"product_cat":[4812,54,28,4743,86,4759,64],"product_tag":[],"class_list":{"0":"post-48250","1":"product","2":"type-product","3":"status-publish","4":"has-post-thumbnail","6":"product_cat-forever-favorites-categorie","7":"product_cat-new","8":"product_cat-leggings","9":"product_cat-geen-scrunch","10":"product_cat-effen","11":"product_cat-pocket","12":"product_cat-hardloopkleding","14":"first","15":"outofstock","16":"taxable","17":"shipping-taxable","18":"product-type-variable","19":"has-default-attributes"},"acf":[],"yoast_head":"<!-- This site is optimized with the Yoast SEO plugin v27.1.1 - https:\/\/yoast.com\/product\/yoast-seo-wordpress\/ -->\n<title>Ultra High Waist Pocket Legging Black - FITTwear.nl<\/title>\n<meta name=\"description\" content=\"Onze all-time favourite legging met een stevige ultra-hoge high waist, maar nu met 2 zakken(ideaal voor een grote telefoon). Deze geeft jou een heerlijk en verstevigd gevoel tijdens je training. De extra zachte stretchy stof heeft een ademend en snel drogend vermogen, wat het ultieme aan comfort en flexibiliteit biedt tijdens elke workout. Video van &quot;normale&quot; Ultra High Waist zonder extra zakken.\" \/>\n<meta name=\"robots\" content=\"index, follow, max-snippet:-1, max-image-preview:large, max-video-preview:-1\" \/>\n<link rel=\"canonical\" href=\"https:\/\/fittwear.nl\/fr\/produit-2\/legging-a-taille-ultra-haute-et-a-poches\/\" \/>\n<meta property=\"og:locale\" content=\"fr_FR\" \/>\n<meta property=\"og:type\" content=\"article\" \/>\n<meta property=\"og:title\" content=\"Ultra High Waist Pocket Legging Black - FITTwear.nl\" \/>\n<meta property=\"og:description\" content=\"Onze all-time favourite legging met een stevige ultra-hoge high waist, maar nu met 2 zakken(ideaal voor een grote telefoon). Deze geeft jou een heerlijk en verstevigd gevoel tijdens je training. De extra zachte stretchy stof heeft een ademend en snel drogend vermogen, wat het ultieme aan comfort en flexibiliteit biedt tijdens elke workout. Video van &quot;normale&quot; Ultra High Waist zonder extra zakken.\" \/>\n<meta property=\"og:url\" content=\"https:\/\/fittwear.nl\/fr\/produit-2\/legging-a-taille-ultra-haute-et-a-poches\/\" \/>\n<meta property=\"og:site_name\" content=\"FITTwear.nl\" \/>\n<meta property=\"article:modified_time\" content=\"2026-04-15T22:15:24+00:00\" \/>\n<meta property=\"og:image\" content=\"https:\/\/fittwear.nl\/wp-content\/uploads\/2022\/12\/ultra-high-waist-black_Voorkant-onder_jpg_1.jpg\" \/>\n\t<meta property=\"og:image:width\" content=\"1200\" \/>\n\t<meta property=\"og:image:height\" content=\"1800\" \/>\n\t<meta property=\"og:image:type\" content=\"image\/jpeg\" \/>\n<meta name=\"twitter:card\" content=\"summary_large_image\" \/>\n<meta name=\"twitter:label1\" content=\"Dur\u00e9e de lecture estim\u00e9e\" \/>\n\t<meta name=\"twitter:data1\" content=\"1 minute\" \/>\n<script type=\"application\/ld+json\" class=\"yoast-schema-graph\">{\"@context\":\"https:\/\/schema.org\",\"@graph\":[{\"@type\":\"WebPage\",\"@id\":\"https:\/\/fittwear.nl\/product\/ultra-high-waist-pocket-legging\/\",\"url\":\"https:\/\/fittwear.nl\/product\/ultra-high-waist-pocket-legging\/\",\"name\":\"Ultra High Waist Pocket Legging Black - FITTwear.nl\",\"isPartOf\":{\"@id\":\"https:\/\/fittwear.nl\/#website\"},\"primaryImageOfPage\":{\"@id\":\"https:\/\/fittwear.nl\/product\/ultra-high-waist-pocket-legging\/#primaryimage\"},\"image\":{\"@id\":\"https:\/\/fittwear.nl\/product\/ultra-high-waist-pocket-legging\/#primaryimage\"},\"thumbnailUrl\":\"https:\/\/fittwear.nl\/wp-content\/uploads\/2022\/12\/ultra-high-waist-black_Voorkant-onder_jpg_1.jpg\",\"datePublished\":\"2022-12-20T20:17:00+00:00\",\"dateModified\":\"2026-04-15T22:15:24+00:00\",\"description\":\"Onze all-time favourite legging met een stevige ultra-hoge high waist, maar nu met 2 zakken(ideaal voor een grote telefoon). Deze geeft jou een heerlijk en verstevigd gevoel tijdens je training. De extra zachte stretchy stof heeft een ademend en snel drogend vermogen, wat het ultieme aan comfort en flexibiliteit biedt tijdens elke workout. Video van \\\"normale\\\" Ultra High Waist zonder extra zakken.\",\"breadcrumb\":{\"@id\":\"https:\/\/fittwear.nl\/product\/ultra-high-waist-pocket-legging\/#breadcrumb\"},\"inLanguage\":\"fr-FR\",\"potentialAction\":[{\"@type\":\"ReadAction\",\"target\":[\"https:\/\/fittwear.nl\/product\/ultra-high-waist-pocket-legging\/\"]}]},{\"@type\":\"ImageObject\",\"inLanguage\":\"fr-FR\",\"@id\":\"https:\/\/fittwear.nl\/product\/ultra-high-waist-pocket-legging\/#primaryimage\",\"url\":\"https:\/\/fittwear.nl\/wp-content\/uploads\/2022\/12\/ultra-high-waist-black_Voorkant-onder_jpg_1.jpg\",\"contentUrl\":\"https:\/\/fittwear.nl\/wp-content\/uploads\/2022\/12\/ultra-high-waist-black_Voorkant-onder_jpg_1.jpg\",\"width\":1200,\"height\":1800},{\"@type\":\"BreadcrumbList\",\"@id\":\"https:\/\/fittwear.nl\/product\/ultra-high-waist-pocket-legging\/#breadcrumb\",\"itemListElement\":[{\"@type\":\"ListItem\",\"position\":1,\"name\":\"Home\",\"item\":\"https:\/\/fittwear.nl\/\"},{\"@type\":\"ListItem\",\"position\":2,\"name\":\"Shop\",\"item\":\"https:\/\/fittwear.nl\/shop\/\"},{\"@type\":\"ListItem\",\"position\":3,\"name\":\"Ultra High Waist Pocket Legging Black\"}]},{\"@type\":\"WebSite\",\"@id\":\"https:\/\/fittwear.nl\/#website\",\"url\":\"https:\/\/fittwear.nl\/\",\"name\":\"FITTwear.nl\",\"description\":\"Time to shine!\",\"publisher\":{\"@id\":\"https:\/\/fittwear.nl\/#organization\"},\"potentialAction\":[{\"@type\":\"SearchAction\",\"target\":{\"@type\":\"EntryPoint\",\"urlTemplate\":\"https:\/\/fittwear.nl\/?s={search_term_string}\"},\"query-input\":{\"@type\":\"PropertyValueSpecification\",\"valueRequired\":true,\"valueName\":\"search_term_string\"}}],\"inLanguage\":\"fr-FR\"},{\"@type\":\"Organization\",\"@id\":\"https:\/\/fittwear.nl\/#organization\",\"name\":\"FITTwear.nl\",\"url\":\"https:\/\/fittwear.nl\/\",\"logo\":{\"@type\":\"ImageObject\",\"inLanguage\":\"fr-FR\",\"@id\":\"https:\/\/fittwear.nl\/#\/schema\/logo\/image\/\",\"url\":\"https:\/\/fittwear.nl\/wp-content\/uploads\/2024\/07\/FITT-Logo-BeYOUtiful-website-homepage_Tekengebied-1-scaled.jpg\",\"contentUrl\":\"https:\/\/fittwear.nl\/wp-content\/uploads\/2024\/07\/FITT-Logo-BeYOUtiful-website-homepage_Tekengebied-1-scaled.jpg\",\"width\":2560,\"height\":599,\"caption\":\"FITTwear.nl\"},\"image\":{\"@id\":\"https:\/\/fittwear.nl\/#\/schema\/logo\/image\/\"}}]}<\/script>\n<!-- \/ Yoast SEO plugin. -->","yoast_head_json":{"title":"Legging taille haute \u00e0 poches Noir - FITTwear.fr","description":"Notre legging pr\u00e9f\u00e9r\u00e9 de tous les temps, avec une taille haute ultra solide, mais maintenant avec 2 poches (id\u00e9al pour un gros t\u00e9l\u00e9phone). Ils vous donneront une sensation agr\u00e9able et renforc\u00e9e pendant votre entra\u00eenement. Le tissu extensible extra-souple est respirant et s\u00e8che rapidement, offrant le meilleur du confort et de la flexibilit\u00e9 pendant toute s\u00e9ance d'entra\u00eenement. Vid\u00e9o de l'Ultra High Waist \"normal\" sans poches suppl\u00e9mentaires.","robots":{"index":"index","follow":"follow","max-snippet":"max-snippet:-1","max-image-preview":"max-image-preview:large","max-video-preview":"max-video-preview:-1"},"canonical":"https:\/\/fittwear.nl\/fr\/produit-2\/legging-a-taille-ultra-haute-et-a-poches\/","og_locale":"fr_FR","og_type":"article","og_title":"Ultra High Waist Pocket Legging Black - FITTwear.nl","og_description":"Onze all-time favourite legging met een stevige ultra-hoge high waist, maar nu met 2 zakken(ideaal voor een grote telefoon). Deze geeft jou een heerlijk en verstevigd gevoel tijdens je training. De extra zachte stretchy stof heeft een ademend en snel drogend vermogen, wat het ultieme aan comfort en flexibiliteit biedt tijdens elke workout. Video van \"normale\" Ultra High Waist zonder extra zakken.","og_url":"https:\/\/fittwear.nl\/fr\/produit-2\/legging-a-taille-ultra-haute-et-a-poches\/","og_site_name":"FITTwear.nl","article_modified_time":"2026-04-15T22:15:24+00:00","og_image":[{"width":1200,"height":1800,"url":"https:\/\/fittwear.nl\/wp-content\/uploads\/2022\/12\/ultra-high-waist-black_Voorkant-onder_jpg_1.jpg","type":"image\/jpeg"}],"twitter_card":"summary_large_image","twitter_misc":{"Dur\u00e9e de lecture estim\u00e9e":"1 minute"},"schema":{"@context":"https:\/\/schema.org","@graph":[{"@type":"WebPage","@id":"https:\/\/fittwear.nl\/product\/ultra-high-waist-pocket-legging\/","url":"https:\/\/fittwear.nl\/product\/ultra-high-waist-pocket-legging\/","name":"Legging taille haute \u00e0 poches Noir - FITTwear.fr","isPartOf":{"@id":"https:\/\/fittwear.nl\/#website"},"primaryImageOfPage":{"@id":"https:\/\/fittwear.nl\/product\/ultra-high-waist-pocket-legging\/#primaryimage"},"image":{"@id":"https:\/\/fittwear.nl\/product\/ultra-high-waist-pocket-legging\/#primaryimage"},"thumbnailUrl":"https:\/\/fittwear.nl\/wp-content\/uploads\/2022\/12\/ultra-high-waist-black_Voorkant-onder_jpg_1.jpg","datePublished":"2022-12-20T20:17:00+00:00","dateModified":"2026-04-15T22:15:24+00:00","description":"Notre legging pr\u00e9f\u00e9r\u00e9 de tous les temps, avec une taille haute ultra solide, mais maintenant avec 2 poches (id\u00e9al pour un gros t\u00e9l\u00e9phone). Ils vous donneront une sensation agr\u00e9able et renforc\u00e9e pendant votre entra\u00eenement. Le tissu extensible extra-souple est respirant et s\u00e8che rapidement, offrant le meilleur du confort et de la flexibilit\u00e9 pendant toute s\u00e9ance d'entra\u00eenement. Vid\u00e9o de l'Ultra High Waist \"normal\" sans poches suppl\u00e9mentaires.","breadcrumb":{"@id":"https:\/\/fittwear.nl\/product\/ultra-high-waist-pocket-legging\/#breadcrumb"},"inLanguage":"fr-FR","potentialAction":[{"@type":"ReadAction","target":["https:\/\/fittwear.nl\/product\/ultra-high-waist-pocket-legging\/"]}]},{"@type":"ImageObject","inLanguage":"fr-FR","@id":"https:\/\/fittwear.nl\/product\/ultra-high-waist-pocket-legging\/#primaryimage","url":"https:\/\/fittwear.nl\/wp-content\/uploads\/2022\/12\/ultra-high-waist-black_Voorkant-onder_jpg_1.jpg","contentUrl":"https:\/\/fittwear.nl\/wp-content\/uploads\/2022\/12\/ultra-high-waist-black_Voorkant-onder_jpg_1.jpg","width":1200,"height":1800},{"@type":"BreadcrumbList","@id":"https:\/\/fittwear.nl\/product\/ultra-high-waist-pocket-legging\/#breadcrumb","itemListElement":[{"@type":"ListItem","position":1,"name":"Home","item":"https:\/\/fittwear.nl\/"},{"@type":"ListItem","position":2,"name":"Shop","item":"https:\/\/fittwear.nl\/shop\/"},{"@type":"ListItem","position":3,"name":"Ultra High Waist Pocket Legging Black"}]},{"@type":"WebSite","@id":"https:\/\/fittwear.nl\/#website","url":"https:\/\/fittwear.nl\/","name":"FITTwear.co.uk","description":"C'est le moment de briller !","publisher":{"@id":"https:\/\/fittwear.nl\/#organization"},"potentialAction":[{"@type":"SearchAction","target":{"@type":"EntryPoint","urlTemplate":"https:\/\/fittwear.nl\/?s={search_term_string}"},"query-input":{"@type":"PropertyValueSpecification","valueRequired":true,"valueName":"search_term_string"}}],"inLanguage":"fr-FR"},{"@type":"Organization","@id":"https:\/\/fittwear.nl\/#organization","name":"FITTwear.co.uk","url":"https:\/\/fittwear.nl\/","logo":{"@type":"ImageObject","inLanguage":"fr-FR","@id":"https:\/\/fittwear.nl\/#\/schema\/logo\/image\/","url":"https:\/\/fittwear.nl\/wp-content\/uploads\/2024\/07\/FITT-Logo-BeYOUtiful-website-homepage_Tekengebied-1-scaled.jpg","contentUrl":"https:\/\/fittwear.nl\/wp-content\/uploads\/2024\/07\/FITT-Logo-BeYOUtiful-website-homepage_Tekengebied-1-scaled.jpg","width":2560,"height":599,"caption":"FITTwear.nl"},"image":{"@id":"https:\/\/fittwear.nl\/#\/schema\/logo\/image\/"}}]}},"_links":{"self":[{"href":"https:\/\/fittwear.nl\/fr\/wp-json\/wp\/v2\/product\/48250","targetHints":{"allow":["GET"]}}],"collection":[{"href":"https:\/\/fittwear.nl\/fr\/wp-json\/wp\/v2\/product"}],"about":[{"href":"https:\/\/fittwear.nl\/fr\/wp-json\/wp\/v2\/types\/product"}],"wp:featuredmedia":[{"embeddable":true,"href":"https:\/\/fittwear.nl\/fr\/wp-json\/wp\/v2\/media\/52885"}],"wp:attachment":[{"href":"https:\/\/fittwear.nl\/fr\/wp-json\/wp\/v2\/media?parent=48250"}],"wp:term":[{"taxonomy":"product_brand","embeddable":true,"href":"https:\/\/fittwear.nl\/fr\/wp-json\/wp\/v2\/product_brand?post=48250"},{"taxonomy":"product_cat","embeddable":true,"href":"https:\/\/fittwear.nl\/fr\/wp-json\/wp\/v2\/product_cat?post=48250"},{"taxonomy":"product_tag","embeddable":true,"href":"https:\/\/fittwear.nl\/fr\/wp-json\/wp\/v2\/product_tag?post=48250"}],"curies":[{"name":"wp","href":"https:\/\/api.w.org\/{rel}","templated":true}]}}