{"id":51440,"date":"2023-03-20T16:05:56","date_gmt":"2023-03-20T15:05:56","guid":{"rendered":"https:\/\/fittwear.nl\/?post_type=product&#038;p=51440"},"modified":"2026-04-29T18:55:40","modified_gmt":"2026-04-29T16:55:40","slug":"classique-top-manches-longues-aubergine","status":"publish","type":"product","link":"https:\/\/fittwear.nl\/fr\/product\/classic-top-long-sleeve-aubergine\/","title":{"rendered":"Top classique manches longues Aubergine"},"content":{"rendered":"<p>-Manches longues sans coutures<\/p>\n\n\n\n<p>-Fixe<\/p>\n\n\n\n<p>-Extr\u00eamement extensible<\/p>\n\n\n\n<p>-Tissu r\u00e9gulateur d'humidit\u00e9<\/p>\n\n\n\n<p>-Ouverture des manches en mousse<\/p>\n\n\n\n<p>-Un logo subtil<\/p>\n\n\n\n<p>-Nylon 92%, \u00e9lasthanne 8%<\/p>\n\n\n\n<p>-280 g\/m\u00b2.<\/p>\n\n\n\n<p>-Lavable jusqu'\u00e0 30\u00b0.<\/p>\n\n\n\n<p>-Couleur : Aubergine<\/p>\n\n\n\n<p>-Le mod\u00e8le Donna mesure 1,82 et porte la taille M.<\/p>","protected":false},"excerpt":{"rendered":"<p>Une nouvelle ligne compl\u00e8te et magnifique au sein de la collection FITT ! Les leggings et les shorts Classic Scrunch s'associent \u00e0 ce crop top \u00e0 manches longues. Un haut \u00e0 manches courtes est \u00e9galement disponible. Un tissu tr\u00e8s solide et extensible qui est extr\u00eamement respirant et qui \u00e9vacue l'humidit\u00e9. M\u00e9langez et assortissez !<\/p>","protected":false},"featured_media":58560,"template":"","meta":{"_acf_changed":false},"product_brand":[],"product_cat":[81,63,4814,4811,80,79,65],"product_tag":[],"class_list":{"0":"post-51440","1":"product","2":"type-product","3":"status-publish","4":"has-post-thumbnail","6":"product_cat-crop-tops","7":"product_cat-curves","8":"product_cat-fitness","9":"product_cat-longsleeves-dames","10":"product_cat-longsleeves","11":"product_cat-tanktops-dames","12":"product_cat-yogakleding","14":"first","15":"instock","16":"sale","17":"taxable","18":"shipping-taxable","19":"purchasable","20":"product-type-variable","21":"has-default-attributes"},"acf":[],"yoast_head":"<!-- This site is optimized with the Yoast SEO plugin v27.1.1 - https:\/\/yoast.com\/product\/yoast-seo-wordpress\/ -->\n<title>Classic Top Long Sleeve Aubergine - FITTwear.nl<\/title>\n<meta name=\"description\" content=\"Een mooie complete nieuwe lijn binnen de FITTcollectie! De Classic Scrunch legging en shorts komt samen met deze longsleeve crop top. Ook is er een top met korte mouw beschikbaar. Een zeer stevige en stretchy stof die enorm ademend en vocht afvoerend is. Mix and Match!\" \/>\n<meta name=\"robots\" content=\"index, follow, max-snippet:-1, max-image-preview:large, max-video-preview:-1\" \/>\n<link rel=\"canonical\" href=\"https:\/\/fittwear.nl\/fr\/produit-2\/classique-top-manches-longues-aubergine\/\" \/>\n<meta property=\"og:locale\" content=\"fr_FR\" \/>\n<meta property=\"og:type\" content=\"article\" \/>\n<meta property=\"og:title\" content=\"Classic Top Long Sleeve Aubergine - FITTwear.nl\" \/>\n<meta property=\"og:description\" content=\"Een mooie complete nieuwe lijn binnen de FITTcollectie! De Classic Scrunch legging en shorts komt samen met deze longsleeve crop top. Ook is er een top met korte mouw beschikbaar. Een zeer stevige en stretchy stof die enorm ademend en vocht afvoerend is. Mix and Match!\" \/>\n<meta property=\"og:url\" content=\"https:\/\/fittwear.nl\/fr\/produit-2\/classique-top-manches-longues-aubergine\/\" \/>\n<meta property=\"og:site_name\" content=\"FITTwear.nl\" \/>\n<meta property=\"article:modified_time\" content=\"2026-04-29T16:55:40+00:00\" \/>\n<meta property=\"og:image\" content=\"https:\/\/fittwear.nl\/wp-content\/uploads\/2023\/02\/classic-top-bordeaux-ls_Voorkant-boven_jpg_2.jpg\" \/>\n\t<meta property=\"og:image:width\" content=\"1200\" \/>\n\t<meta property=\"og:image:height\" content=\"1800\" \/>\n\t<meta property=\"og:image:type\" content=\"image\/jpeg\" \/>\n<meta name=\"twitter:card\" content=\"summary_large_image\" \/>\n<meta name=\"twitter:label1\" content=\"Dur\u00e9e de lecture estim\u00e9e\" \/>\n\t<meta name=\"twitter:data1\" content=\"1 minute\" \/>\n<script type=\"application\/ld+json\" class=\"yoast-schema-graph\">{\"@context\":\"https:\/\/schema.org\",\"@graph\":[{\"@type\":\"WebPage\",\"@id\":\"https:\/\/fittwear.nl\/product\/classic-top-long-sleeve-aubergine\/\",\"url\":\"https:\/\/fittwear.nl\/product\/classic-top-long-sleeve-aubergine\/\",\"name\":\"Classic Top Long Sleeve Aubergine - FITTwear.nl\",\"isPartOf\":{\"@id\":\"https:\/\/fittwear.nl\/#website\"},\"primaryImageOfPage\":{\"@id\":\"https:\/\/fittwear.nl\/product\/classic-top-long-sleeve-aubergine\/#primaryimage\"},\"image\":{\"@id\":\"https:\/\/fittwear.nl\/product\/classic-top-long-sleeve-aubergine\/#primaryimage\"},\"thumbnailUrl\":\"https:\/\/fittwear.nl\/wp-content\/uploads\/2023\/02\/classic-top-bordeaux-ls_Voorkant-boven_jpg_2.jpg\",\"datePublished\":\"2023-03-20T15:05:56+00:00\",\"dateModified\":\"2026-04-29T16:55:40+00:00\",\"description\":\"Een mooie complete nieuwe lijn binnen de FITTcollectie! De Classic Scrunch legging en shorts komt samen met deze longsleeve crop top. Ook is er een top met korte mouw beschikbaar. Een zeer stevige en stretchy stof die enorm ademend en vocht afvoerend is. Mix and Match!\",\"breadcrumb\":{\"@id\":\"https:\/\/fittwear.nl\/product\/classic-top-long-sleeve-aubergine\/#breadcrumb\"},\"inLanguage\":\"fr-FR\",\"potentialAction\":[{\"@type\":\"ReadAction\",\"target\":[\"https:\/\/fittwear.nl\/product\/classic-top-long-sleeve-aubergine\/\"]}]},{\"@type\":\"ImageObject\",\"inLanguage\":\"fr-FR\",\"@id\":\"https:\/\/fittwear.nl\/product\/classic-top-long-sleeve-aubergine\/#primaryimage\",\"url\":\"https:\/\/fittwear.nl\/wp-content\/uploads\/2023\/02\/classic-top-bordeaux-ls_Voorkant-boven_jpg_2.jpg\",\"contentUrl\":\"https:\/\/fittwear.nl\/wp-content\/uploads\/2023\/02\/classic-top-bordeaux-ls_Voorkant-boven_jpg_2.jpg\",\"width\":1200,\"height\":1800},{\"@type\":\"BreadcrumbList\",\"@id\":\"https:\/\/fittwear.nl\/product\/classic-top-long-sleeve-aubergine\/#breadcrumb\",\"itemListElement\":[{\"@type\":\"ListItem\",\"position\":1,\"name\":\"Home\",\"item\":\"https:\/\/fittwear.nl\/\"},{\"@type\":\"ListItem\",\"position\":2,\"name\":\"Shop\",\"item\":\"https:\/\/fittwear.nl\/shop\/\"},{\"@type\":\"ListItem\",\"position\":3,\"name\":\"Classic Top Long Sleeve Aubergine\"}]},{\"@type\":\"WebSite\",\"@id\":\"https:\/\/fittwear.nl\/#website\",\"url\":\"https:\/\/fittwear.nl\/\",\"name\":\"FITTwear.nl\",\"description\":\"Time to shine!\",\"publisher\":{\"@id\":\"https:\/\/fittwear.nl\/#organization\"},\"potentialAction\":[{\"@type\":\"SearchAction\",\"target\":{\"@type\":\"EntryPoint\",\"urlTemplate\":\"https:\/\/fittwear.nl\/?s={search_term_string}\"},\"query-input\":{\"@type\":\"PropertyValueSpecification\",\"valueRequired\":true,\"valueName\":\"search_term_string\"}}],\"inLanguage\":\"fr-FR\"},{\"@type\":\"Organization\",\"@id\":\"https:\/\/fittwear.nl\/#organization\",\"name\":\"FITTwear.nl\",\"url\":\"https:\/\/fittwear.nl\/\",\"logo\":{\"@type\":\"ImageObject\",\"inLanguage\":\"fr-FR\",\"@id\":\"https:\/\/fittwear.nl\/#\/schema\/logo\/image\/\",\"url\":\"https:\/\/fittwear.nl\/wp-content\/uploads\/2024\/07\/FITT-Logo-BeYOUtiful-website-homepage_Tekengebied-1-scaled.jpg\",\"contentUrl\":\"https:\/\/fittwear.nl\/wp-content\/uploads\/2024\/07\/FITT-Logo-BeYOUtiful-website-homepage_Tekengebied-1-scaled.jpg\",\"width\":2560,\"height\":599,\"caption\":\"FITTwear.nl\"},\"image\":{\"@id\":\"https:\/\/fittwear.nl\/#\/schema\/logo\/image\/\"}}]}<\/script>\n<!-- \/ Yoast SEO plugin. -->","yoast_head_json":{"title":"Top classique manches longues Aubergine - FITTwear.fr","description":"Une nouvelle ligne compl\u00e8te et magnifique au sein de la collection FITT ! Les leggings et les shorts Classic Scrunch s'associent \u00e0 ce crop top \u00e0 manches longues. Un haut \u00e0 manches courtes est \u00e9galement disponible. Un tissu tr\u00e8s solide et extensible qui est extr\u00eamement respirant et qui \u00e9vacue l'humidit\u00e9. M\u00e9langez et assortissez !","robots":{"index":"index","follow":"follow","max-snippet":"max-snippet:-1","max-image-preview":"max-image-preview:large","max-video-preview":"max-video-preview:-1"},"canonical":"https:\/\/fittwear.nl\/fr\/produit-2\/classique-top-manches-longues-aubergine\/","og_locale":"fr_FR","og_type":"article","og_title":"Classic Top Long Sleeve Aubergine - FITTwear.nl","og_description":"Een mooie complete nieuwe lijn binnen de FITTcollectie! De Classic Scrunch legging en shorts komt samen met deze longsleeve crop top. Ook is er een top met korte mouw beschikbaar. Een zeer stevige en stretchy stof die enorm ademend en vocht afvoerend is. Mix and Match!","og_url":"https:\/\/fittwear.nl\/fr\/produit-2\/classique-top-manches-longues-aubergine\/","og_site_name":"FITTwear.nl","article_modified_time":"2026-04-29T16:55:40+00:00","og_image":[{"width":1200,"height":1800,"url":"https:\/\/fittwear.nl\/wp-content\/uploads\/2023\/02\/classic-top-bordeaux-ls_Voorkant-boven_jpg_2.jpg","type":"image\/jpeg"}],"twitter_card":"summary_large_image","twitter_misc":{"Dur\u00e9e de lecture estim\u00e9e":"1 minute"},"schema":{"@context":"https:\/\/schema.org","@graph":[{"@type":"WebPage","@id":"https:\/\/fittwear.nl\/product\/classic-top-long-sleeve-aubergine\/","url":"https:\/\/fittwear.nl\/product\/classic-top-long-sleeve-aubergine\/","name":"Top classique manches longues Aubergine - FITTwear.fr","isPartOf":{"@id":"https:\/\/fittwear.nl\/#website"},"primaryImageOfPage":{"@id":"https:\/\/fittwear.nl\/product\/classic-top-long-sleeve-aubergine\/#primaryimage"},"image":{"@id":"https:\/\/fittwear.nl\/product\/classic-top-long-sleeve-aubergine\/#primaryimage"},"thumbnailUrl":"https:\/\/fittwear.nl\/wp-content\/uploads\/2023\/02\/classic-top-bordeaux-ls_Voorkant-boven_jpg_2.jpg","datePublished":"2023-03-20T15:05:56+00:00","dateModified":"2026-04-29T16:55:40+00:00","description":"Une nouvelle ligne compl\u00e8te et magnifique au sein de la collection FITT ! Les leggings et les shorts Classic Scrunch s'associent \u00e0 ce crop top \u00e0 manches longues. Un haut \u00e0 manches courtes est \u00e9galement disponible. Un tissu tr\u00e8s solide et extensible qui est extr\u00eamement respirant et qui \u00e9vacue l'humidit\u00e9. M\u00e9langez et assortissez !","breadcrumb":{"@id":"https:\/\/fittwear.nl\/product\/classic-top-long-sleeve-aubergine\/#breadcrumb"},"inLanguage":"fr-FR","potentialAction":[{"@type":"ReadAction","target":["https:\/\/fittwear.nl\/product\/classic-top-long-sleeve-aubergine\/"]}]},{"@type":"ImageObject","inLanguage":"fr-FR","@id":"https:\/\/fittwear.nl\/product\/classic-top-long-sleeve-aubergine\/#primaryimage","url":"https:\/\/fittwear.nl\/wp-content\/uploads\/2023\/02\/classic-top-bordeaux-ls_Voorkant-boven_jpg_2.jpg","contentUrl":"https:\/\/fittwear.nl\/wp-content\/uploads\/2023\/02\/classic-top-bordeaux-ls_Voorkant-boven_jpg_2.jpg","width":1200,"height":1800},{"@type":"BreadcrumbList","@id":"https:\/\/fittwear.nl\/product\/classic-top-long-sleeve-aubergine\/#breadcrumb","itemListElement":[{"@type":"ListItem","position":1,"name":"Home","item":"https:\/\/fittwear.nl\/"},{"@type":"ListItem","position":2,"name":"Shop","item":"https:\/\/fittwear.nl\/shop\/"},{"@type":"ListItem","position":3,"name":"Classic Top Long Sleeve Aubergine"}]},{"@type":"WebSite","@id":"https:\/\/fittwear.nl\/#website","url":"https:\/\/fittwear.nl\/","name":"FITTwear.co.uk","description":"C'est le moment de briller !","publisher":{"@id":"https:\/\/fittwear.nl\/#organization"},"potentialAction":[{"@type":"SearchAction","target":{"@type":"EntryPoint","urlTemplate":"https:\/\/fittwear.nl\/?s={search_term_string}"},"query-input":{"@type":"PropertyValueSpecification","valueRequired":true,"valueName":"search_term_string"}}],"inLanguage":"fr-FR"},{"@type":"Organization","@id":"https:\/\/fittwear.nl\/#organization","name":"FITTwear.co.uk","url":"https:\/\/fittwear.nl\/","logo":{"@type":"ImageObject","inLanguage":"fr-FR","@id":"https:\/\/fittwear.nl\/#\/schema\/logo\/image\/","url":"https:\/\/fittwear.nl\/wp-content\/uploads\/2024\/07\/FITT-Logo-BeYOUtiful-website-homepage_Tekengebied-1-scaled.jpg","contentUrl":"https:\/\/fittwear.nl\/wp-content\/uploads\/2024\/07\/FITT-Logo-BeYOUtiful-website-homepage_Tekengebied-1-scaled.jpg","width":2560,"height":599,"caption":"FITTwear.nl"},"image":{"@id":"https:\/\/fittwear.nl\/#\/schema\/logo\/image\/"}}]}},"_links":{"self":[{"href":"https:\/\/fittwear.nl\/fr\/wp-json\/wp\/v2\/product\/51440","targetHints":{"allow":["GET"]}}],"collection":[{"href":"https:\/\/fittwear.nl\/fr\/wp-json\/wp\/v2\/product"}],"about":[{"href":"https:\/\/fittwear.nl\/fr\/wp-json\/wp\/v2\/types\/product"}],"wp:featuredmedia":[{"embeddable":true,"href":"https:\/\/fittwear.nl\/fr\/wp-json\/wp\/v2\/media\/58560"}],"wp:attachment":[{"href":"https:\/\/fittwear.nl\/fr\/wp-json\/wp\/v2\/media?parent=51440"}],"wp:term":[{"taxonomy":"product_brand","embeddable":true,"href":"https:\/\/fittwear.nl\/fr\/wp-json\/wp\/v2\/product_brand?post=51440"},{"taxonomy":"product_cat","embeddable":true,"href":"https:\/\/fittwear.nl\/fr\/wp-json\/wp\/v2\/product_cat?post=51440"},{"taxonomy":"product_tag","embeddable":true,"href":"https:\/\/fittwear.nl\/fr\/wp-json\/wp\/v2\/product_tag?post=51440"}],"curies":[{"name":"wp","href":"https:\/\/api.w.org\/{rel}","templated":true}]}}