{"id":51499,"date":"2023-02-01T15:18:41","date_gmt":"2023-02-01T14:18:41","guid":{"rendered":"https:\/\/fittwear.nl\/?post_type=product&#038;p=51499"},"modified":"2026-04-26T13:56:49","modified_gmt":"2026-04-26T11:56:49","slug":"brave-top-petrole","status":"publish","type":"product","link":"https:\/\/fittwear.nl\/fr\/product\/brave-top-petrol\/","title":{"rendered":"Brave Top Petrol"},"content":{"rendered":"<p>- Top de sport tendance<\/p>\n\n\n\n<p>- Les favoris de toujours<\/p>\n\n\n\n<p>- Coussinets amovibles<\/p>\n\n\n\n<p>- Peut \u00eatre port\u00e9 sans soutien-gorge<\/p>\n\n\n\n<p>- Respirabilit\u00e9<\/p>\n\n\n\n<p>- Tissu \u00e0 s\u00e9chage rapide<\/p>\n\n\n\n<p>- 100% polyester<\/p>\n\n\n\n<p>- Couleur : Essence<\/p>\n\n\n\n<p>- Le mod\u00e8le Doete mesure 1,76 et porte la taille S.<\/p>","protected":false},"excerpt":{"rendered":"<p>Lorsque vous faites de l'exercice, il est important que vous vous sentiez \u00e0 l'aise dans vos v\u00eatements de sport. Notre top Brave est dot\u00e9 de coussinets et peut donc \u00eatre port\u00e9 sans soutien-gorge ! Fabriqu\u00e9 dans un tissu doux et facile \u00e0 combiner avec n'importe quel legging de sport. Cette couleur verte fra\u00eeche est tr\u00e8s populaire mais le haut est disponible en plusieurs couleurs !<\/p>","protected":false},"featured_media":52929,"template":"","meta":{"_acf_changed":false},"product_brand":[],"product_cat":[4797,81,4812,4836,79],"product_tag":[],"class_list":{"0":"post-51499","1":"product","2":"type-product","3":"status-publish","4":"has-post-thumbnail","6":"product_cat-blue-waves","7":"product_cat-crop-tops","8":"product_cat-forever-favorites-categorie","9":"product_cat-sleeveless-tanktops-dames","10":"product_cat-tanktops-dames","12":"first","13":"instock","14":"taxable","15":"shipping-taxable","16":"purchasable","17":"product-type-variable","18":"has-default-attributes"},"acf":[],"yoast_head":"<!-- This site is optimized with the Yoast SEO plugin v27.1.1 - https:\/\/yoast.com\/product\/yoast-seo-wordpress\/ -->\n<title>Brave Top Petrol - FITTwear.nl<\/title>\n<meta name=\"description\" content=\"Tijdens het sporten is het belangrijk dat jij je comfortabel voelt in je sportkleding. Onze Brave top is voorzien van pads en daardoor prima zonder bh te dragen! Gemaakt van een zachte stof en makkelijk te combineren met elke sportlegging. Deze toffe groene kleur is helemaal populair maar de top is verkrijgbaar in meerdere kleuren!\" \/>\n<meta name=\"robots\" content=\"index, follow, max-snippet:-1, max-image-preview:large, max-video-preview:-1\" \/>\n<link rel=\"canonical\" href=\"https:\/\/fittwear.nl\/fr\/produit-2\/brave-top-petrole\/\" \/>\n<meta property=\"og:locale\" content=\"fr_FR\" \/>\n<meta property=\"og:type\" content=\"article\" \/>\n<meta property=\"og:title\" content=\"Brave Top Petrol - FITTwear.nl\" \/>\n<meta property=\"og:description\" content=\"Tijdens het sporten is het belangrijk dat jij je comfortabel voelt in je sportkleding. Onze Brave top is voorzien van pads en daardoor prima zonder bh te dragen! Gemaakt van een zachte stof en makkelijk te combineren met elke sportlegging. Deze toffe groene kleur is helemaal populair maar de top is verkrijgbaar in meerdere kleuren!\" \/>\n<meta property=\"og:url\" content=\"https:\/\/fittwear.nl\/fr\/produit-2\/brave-top-petrole\/\" \/>\n<meta property=\"og:site_name\" content=\"FITTwear.nl\" \/>\n<meta property=\"article:modified_time\" content=\"2026-04-26T11:56:49+00:00\" \/>\n<meta property=\"og:image\" content=\"https:\/\/fittwear.nl\/wp-content\/uploads\/2023\/01\/brave-petrol_Voorkant-boven_jpg_3.jpg\" \/>\n\t<meta property=\"og:image:width\" content=\"1200\" \/>\n\t<meta property=\"og:image:height\" content=\"1800\" \/>\n\t<meta property=\"og:image:type\" content=\"image\/jpeg\" \/>\n<meta name=\"twitter:card\" content=\"summary_large_image\" \/>\n<meta name=\"twitter:label1\" content=\"Dur\u00e9e de lecture estim\u00e9e\" \/>\n\t<meta name=\"twitter:data1\" content=\"1 minute\" \/>\n<script type=\"application\/ld+json\" class=\"yoast-schema-graph\">{\"@context\":\"https:\/\/schema.org\",\"@graph\":[{\"@type\":\"WebPage\",\"@id\":\"https:\/\/fittwear.nl\/product\/brave-top-petrol\/\",\"url\":\"https:\/\/fittwear.nl\/product\/brave-top-petrol\/\",\"name\":\"Brave Top Petrol - FITTwear.nl\",\"isPartOf\":{\"@id\":\"https:\/\/fittwear.nl\/#website\"},\"primaryImageOfPage\":{\"@id\":\"https:\/\/fittwear.nl\/product\/brave-top-petrol\/#primaryimage\"},\"image\":{\"@id\":\"https:\/\/fittwear.nl\/product\/brave-top-petrol\/#primaryimage\"},\"thumbnailUrl\":\"https:\/\/fittwear.nl\/wp-content\/uploads\/2023\/01\/brave-petrol_Voorkant-boven_jpg_3.jpg\",\"datePublished\":\"2023-02-01T14:18:41+00:00\",\"dateModified\":\"2026-04-26T11:56:49+00:00\",\"description\":\"Tijdens het sporten is het belangrijk dat jij je comfortabel voelt in je sportkleding. Onze Brave top is voorzien van pads en daardoor prima zonder bh te dragen! Gemaakt van een zachte stof en makkelijk te combineren met elke sportlegging. Deze toffe groene kleur is helemaal populair maar de top is verkrijgbaar in meerdere kleuren!\",\"breadcrumb\":{\"@id\":\"https:\/\/fittwear.nl\/product\/brave-top-petrol\/#breadcrumb\"},\"inLanguage\":\"fr-FR\",\"potentialAction\":[{\"@type\":\"ReadAction\",\"target\":[\"https:\/\/fittwear.nl\/product\/brave-top-petrol\/\"]}]},{\"@type\":\"ImageObject\",\"inLanguage\":\"fr-FR\",\"@id\":\"https:\/\/fittwear.nl\/product\/brave-top-petrol\/#primaryimage\",\"url\":\"https:\/\/fittwear.nl\/wp-content\/uploads\/2023\/01\/brave-petrol_Voorkant-boven_jpg_3.jpg\",\"contentUrl\":\"https:\/\/fittwear.nl\/wp-content\/uploads\/2023\/01\/brave-petrol_Voorkant-boven_jpg_3.jpg\",\"width\":1200,\"height\":1800},{\"@type\":\"BreadcrumbList\",\"@id\":\"https:\/\/fittwear.nl\/product\/brave-top-petrol\/#breadcrumb\",\"itemListElement\":[{\"@type\":\"ListItem\",\"position\":1,\"name\":\"Home\",\"item\":\"https:\/\/fittwear.nl\/\"},{\"@type\":\"ListItem\",\"position\":2,\"name\":\"Shop\",\"item\":\"https:\/\/fittwear.nl\/shop\/\"},{\"@type\":\"ListItem\",\"position\":3,\"name\":\"Brave Top Petrol\"}]},{\"@type\":\"WebSite\",\"@id\":\"https:\/\/fittwear.nl\/#website\",\"url\":\"https:\/\/fittwear.nl\/\",\"name\":\"FITTwear.nl\",\"description\":\"Time to shine!\",\"publisher\":{\"@id\":\"https:\/\/fittwear.nl\/#organization\"},\"potentialAction\":[{\"@type\":\"SearchAction\",\"target\":{\"@type\":\"EntryPoint\",\"urlTemplate\":\"https:\/\/fittwear.nl\/?s={search_term_string}\"},\"query-input\":{\"@type\":\"PropertyValueSpecification\",\"valueRequired\":true,\"valueName\":\"search_term_string\"}}],\"inLanguage\":\"fr-FR\"},{\"@type\":\"Organization\",\"@id\":\"https:\/\/fittwear.nl\/#organization\",\"name\":\"FITTwear.nl\",\"url\":\"https:\/\/fittwear.nl\/\",\"logo\":{\"@type\":\"ImageObject\",\"inLanguage\":\"fr-FR\",\"@id\":\"https:\/\/fittwear.nl\/#\/schema\/logo\/image\/\",\"url\":\"https:\/\/fittwear.nl\/wp-content\/uploads\/2024\/07\/FITT-Logo-BeYOUtiful-website-homepage_Tekengebied-1-scaled.jpg\",\"contentUrl\":\"https:\/\/fittwear.nl\/wp-content\/uploads\/2024\/07\/FITT-Logo-BeYOUtiful-website-homepage_Tekengebied-1-scaled.jpg\",\"width\":2560,\"height\":599,\"caption\":\"FITTwear.nl\"},\"image\":{\"@id\":\"https:\/\/fittwear.nl\/#\/schema\/logo\/image\/\"}}]}<\/script>\n<!-- \/ Yoast SEO plugin. -->","yoast_head_json":{"title":"Top Brave Petrol - FITTwear.co.uk","description":"Lorsque vous faites de l'exercice, il est important que vous vous sentiez \u00e0 l'aise dans vos v\u00eatements de sport. Notre top Brave est dot\u00e9 de coussinets et peut donc \u00eatre port\u00e9 sans soutien-gorge ! Fabriqu\u00e9 dans un tissu doux et facile \u00e0 combiner avec n'importe quel legging de sport. Cette couleur verte fra\u00eeche est tr\u00e8s populaire mais le haut est disponible en plusieurs couleurs !","robots":{"index":"index","follow":"follow","max-snippet":"max-snippet:-1","max-image-preview":"max-image-preview:large","max-video-preview":"max-video-preview:-1"},"canonical":"https:\/\/fittwear.nl\/fr\/produit-2\/brave-top-petrole\/","og_locale":"fr_FR","og_type":"article","og_title":"Brave Top Petrol - FITTwear.nl","og_description":"Tijdens het sporten is het belangrijk dat jij je comfortabel voelt in je sportkleding. Onze Brave top is voorzien van pads en daardoor prima zonder bh te dragen! Gemaakt van een zachte stof en makkelijk te combineren met elke sportlegging. Deze toffe groene kleur is helemaal populair maar de top is verkrijgbaar in meerdere kleuren!","og_url":"https:\/\/fittwear.nl\/fr\/produit-2\/brave-top-petrole\/","og_site_name":"FITTwear.nl","article_modified_time":"2026-04-26T11:56:49+00:00","og_image":[{"width":1200,"height":1800,"url":"https:\/\/fittwear.nl\/wp-content\/uploads\/2023\/01\/brave-petrol_Voorkant-boven_jpg_3.jpg","type":"image\/jpeg"}],"twitter_card":"summary_large_image","twitter_misc":{"Dur\u00e9e de lecture estim\u00e9e":"1 minute"},"schema":{"@context":"https:\/\/schema.org","@graph":[{"@type":"WebPage","@id":"https:\/\/fittwear.nl\/product\/brave-top-petrol\/","url":"https:\/\/fittwear.nl\/product\/brave-top-petrol\/","name":"Top Brave Petrol - FITTwear.co.uk","isPartOf":{"@id":"https:\/\/fittwear.nl\/#website"},"primaryImageOfPage":{"@id":"https:\/\/fittwear.nl\/product\/brave-top-petrol\/#primaryimage"},"image":{"@id":"https:\/\/fittwear.nl\/product\/brave-top-petrol\/#primaryimage"},"thumbnailUrl":"https:\/\/fittwear.nl\/wp-content\/uploads\/2023\/01\/brave-petrol_Voorkant-boven_jpg_3.jpg","datePublished":"2023-02-01T14:18:41+00:00","dateModified":"2026-04-26T11:56:49+00:00","description":"Lorsque vous faites de l'exercice, il est important que vous vous sentiez \u00e0 l'aise dans vos v\u00eatements de sport. Notre top Brave est dot\u00e9 de coussinets et peut donc \u00eatre port\u00e9 sans soutien-gorge ! Fabriqu\u00e9 dans un tissu doux et facile \u00e0 combiner avec n'importe quel legging de sport. Cette couleur verte fra\u00eeche est tr\u00e8s populaire mais le haut est disponible en plusieurs couleurs !","breadcrumb":{"@id":"https:\/\/fittwear.nl\/product\/brave-top-petrol\/#breadcrumb"},"inLanguage":"fr-FR","potentialAction":[{"@type":"ReadAction","target":["https:\/\/fittwear.nl\/product\/brave-top-petrol\/"]}]},{"@type":"ImageObject","inLanguage":"fr-FR","@id":"https:\/\/fittwear.nl\/product\/brave-top-petrol\/#primaryimage","url":"https:\/\/fittwear.nl\/wp-content\/uploads\/2023\/01\/brave-petrol_Voorkant-boven_jpg_3.jpg","contentUrl":"https:\/\/fittwear.nl\/wp-content\/uploads\/2023\/01\/brave-petrol_Voorkant-boven_jpg_3.jpg","width":1200,"height":1800},{"@type":"BreadcrumbList","@id":"https:\/\/fittwear.nl\/product\/brave-top-petrol\/#breadcrumb","itemListElement":[{"@type":"ListItem","position":1,"name":"Home","item":"https:\/\/fittwear.nl\/"},{"@type":"ListItem","position":2,"name":"Shop","item":"https:\/\/fittwear.nl\/shop\/"},{"@type":"ListItem","position":3,"name":"Brave Top Petrol"}]},{"@type":"WebSite","@id":"https:\/\/fittwear.nl\/#website","url":"https:\/\/fittwear.nl\/","name":"FITTwear.co.uk","description":"C'est le moment de briller !","publisher":{"@id":"https:\/\/fittwear.nl\/#organization"},"potentialAction":[{"@type":"SearchAction","target":{"@type":"EntryPoint","urlTemplate":"https:\/\/fittwear.nl\/?s={search_term_string}"},"query-input":{"@type":"PropertyValueSpecification","valueRequired":true,"valueName":"search_term_string"}}],"inLanguage":"fr-FR"},{"@type":"Organization","@id":"https:\/\/fittwear.nl\/#organization","name":"FITTwear.co.uk","url":"https:\/\/fittwear.nl\/","logo":{"@type":"ImageObject","inLanguage":"fr-FR","@id":"https:\/\/fittwear.nl\/#\/schema\/logo\/image\/","url":"https:\/\/fittwear.nl\/wp-content\/uploads\/2024\/07\/FITT-Logo-BeYOUtiful-website-homepage_Tekengebied-1-scaled.jpg","contentUrl":"https:\/\/fittwear.nl\/wp-content\/uploads\/2024\/07\/FITT-Logo-BeYOUtiful-website-homepage_Tekengebied-1-scaled.jpg","width":2560,"height":599,"caption":"FITTwear.nl"},"image":{"@id":"https:\/\/fittwear.nl\/#\/schema\/logo\/image\/"}}]}},"_links":{"self":[{"href":"https:\/\/fittwear.nl\/fr\/wp-json\/wp\/v2\/product\/51499","targetHints":{"allow":["GET"]}}],"collection":[{"href":"https:\/\/fittwear.nl\/fr\/wp-json\/wp\/v2\/product"}],"about":[{"href":"https:\/\/fittwear.nl\/fr\/wp-json\/wp\/v2\/types\/product"}],"wp:featuredmedia":[{"embeddable":true,"href":"https:\/\/fittwear.nl\/fr\/wp-json\/wp\/v2\/media\/52929"}],"wp:attachment":[{"href":"https:\/\/fittwear.nl\/fr\/wp-json\/wp\/v2\/media?parent=51499"}],"wp:term":[{"taxonomy":"product_brand","embeddable":true,"href":"https:\/\/fittwear.nl\/fr\/wp-json\/wp\/v2\/product_brand?post=51499"},{"taxonomy":"product_cat","embeddable":true,"href":"https:\/\/fittwear.nl\/fr\/wp-json\/wp\/v2\/product_cat?post=51499"},{"taxonomy":"product_tag","embeddable":true,"href":"https:\/\/fittwear.nl\/fr\/wp-json\/wp\/v2\/product_tag?post=51499"}],"curies":[{"name":"wp","href":"https:\/\/api.w.org\/{rel}","templated":true}]}}