{"id":53724,"date":"2023-02-16T14:36:49","date_gmt":"2023-02-16T13:36:49","guid":{"rendered":"https:\/\/fittwear.nl\/?post_type=product&#038;p=53724"},"modified":"2026-04-26T13:56:06","modified_gmt":"2026-04-26T11:56:06","slug":"manchon-long-cotes-scrunch-crop-bleu-royal","status":"publish","type":"product","link":"https:\/\/fittwear.nl\/fr\/product\/rib-scrunch-crop-longsleeve-royal-blue\/","title":{"rendered":"Rib Scrunch Crop Longsleeve Royal Blue"},"content":{"rendered":"<p>-Top \u00e0 manches longues&nbsp;<\/p>\n\n\n\n<p>-Tissu de fibres<\/p>\n\n\n\n<p>-Cou f\u00e9minin<\/p>\n\n\n\n<p>-Sweetproof<\/p>\n\n\n\n<p>-Tissu \u00e9lastique<\/p>\n\n\n\n<p>-Couleur : bleu royal<\/p>\n\n\n\n<p>-Nylon 92% et \u00e9lasthanne 8%<\/p>\n\n\n\n<p>-Le mod\u00e8le Doete mesure 1,76 et porte la taille S.<\/p>\n\n\n\n<p><\/p>","protected":false},"excerpt":{"rendered":"<p>Le tissu c\u00f4tel\u00e9 est de tr\u00e8s bonne qualit\u00e9 et tr\u00e8s r\u00e9sistant. Ce tissu convient donc parfaitement \u00e0 tout type d'entra\u00eenement. Le tissu a un aspect fin et chaud et est merveilleusement doux au toucher. Ce haut Crop \u00e0 manches longues a une belle encolure f\u00e9minine et est id\u00e9al \u00e0 combiner avec le soutien-gorge et le legging chouchou assortis. Le temps de briller\u2728<\/p>","protected":false},"featured_media":54873,"template":"","meta":{"_acf_changed":false},"product_brand":[],"product_cat":[4797,81,63,4814,64,80,4811,4799,79],"product_tag":[],"class_list":{"0":"post-53724","1":"product","2":"type-product","3":"status-publish","4":"has-post-thumbnail","6":"product_cat-blue-waves","7":"product_cat-crop-tops","8":"product_cat-curves","9":"product_cat-fitness","10":"product_cat-hardloopkleding","11":"product_cat-longsleeves","12":"product_cat-longsleeves-dames","13":"product_cat-structures","14":"product_cat-tanktops-dames","16":"first","17":"instock","18":"sale","19":"taxable","20":"shipping-taxable","21":"purchasable","22":"product-type-variable","23":"has-default-attributes"},"acf":[],"yoast_head":"<!-- This site is optimized with the Yoast SEO plugin v27.1.1 - https:\/\/yoast.com\/product\/yoast-seo-wordpress\/ -->\n<title>Rib Scrunch Crop Longsleeve\u00a0Royal Blue - FITTwear.nl<\/title>\n<meta name=\"description\" content=\"Ribstof heeft een zeer goede en sterke kwaliteit. Dat maakt de stof uitermate geschikt voor elke training. De stof heeft een fijne, warme uitstraling en voelt daarnaast ook heerlijk zacht aan. Deze longsleeve Crop top heeft een mooie en vrouwelijke halslijn en is te gek om te combineren samen met de bijpassende BH en scrunch legging. Time to shine\u2728\" \/>\n<meta name=\"robots\" content=\"index, follow, max-snippet:-1, max-image-preview:large, max-video-preview:-1\" \/>\n<link rel=\"canonical\" href=\"https:\/\/fittwear.nl\/fr\/produit-2\/manchon-long-cotes-scrunch-crop-bleu-royal\/\" \/>\n<meta property=\"og:locale\" content=\"fr_FR\" \/>\n<meta property=\"og:type\" content=\"article\" \/>\n<meta property=\"og:title\" content=\"Rib Scrunch Crop Longsleeve\u00a0Royal Blue - FITTwear.nl\" \/>\n<meta property=\"og:description\" content=\"Ribstof heeft een zeer goede en sterke kwaliteit. Dat maakt de stof uitermate geschikt voor elke training. De stof heeft een fijne, warme uitstraling en voelt daarnaast ook heerlijk zacht aan. Deze longsleeve Crop top heeft een mooie en vrouwelijke halslijn en is te gek om te combineren samen met de bijpassende BH en scrunch legging. Time to shine\u2728\" \/>\n<meta property=\"og:url\" content=\"https:\/\/fittwear.nl\/fr\/produit-2\/manchon-long-cotes-scrunch-crop-bleu-royal\/\" \/>\n<meta property=\"og:site_name\" content=\"FITTwear.nl\" \/>\n<meta property=\"article:modified_time\" content=\"2026-04-26T11:56:06+00:00\" \/>\n<meta property=\"og:image\" content=\"https:\/\/fittwear.nl\/wp-content\/uploads\/2023\/02\/rib-scrunch-royal_Voorkant-boven_jpg_8.jpg\" \/>\n\t<meta property=\"og:image:width\" content=\"1200\" \/>\n\t<meta property=\"og:image:height\" content=\"1800\" \/>\n\t<meta property=\"og:image:type\" content=\"image\/jpeg\" \/>\n<meta name=\"twitter:card\" content=\"summary_large_image\" \/>\n<meta name=\"twitter:label1\" content=\"Dur\u00e9e de lecture estim\u00e9e\" \/>\n\t<meta name=\"twitter:data1\" content=\"1 minute\" \/>\n<script type=\"application\/ld+json\" class=\"yoast-schema-graph\">{\"@context\":\"https:\/\/schema.org\",\"@graph\":[{\"@type\":\"WebPage\",\"@id\":\"https:\/\/fittwear.nl\/product\/rib-scrunch-crop-longsleeve-royal-blue\/\",\"url\":\"https:\/\/fittwear.nl\/product\/rib-scrunch-crop-longsleeve-royal-blue\/\",\"name\":\"Rib Scrunch Crop Longsleeve\u00a0Royal Blue - FITTwear.nl\",\"isPartOf\":{\"@id\":\"https:\/\/fittwear.nl\/#website\"},\"primaryImageOfPage\":{\"@id\":\"https:\/\/fittwear.nl\/product\/rib-scrunch-crop-longsleeve-royal-blue\/#primaryimage\"},\"image\":{\"@id\":\"https:\/\/fittwear.nl\/product\/rib-scrunch-crop-longsleeve-royal-blue\/#primaryimage\"},\"thumbnailUrl\":\"https:\/\/fittwear.nl\/wp-content\/uploads\/2023\/02\/rib-scrunch-royal_Voorkant-boven_jpg_8.jpg\",\"datePublished\":\"2023-02-16T13:36:49+00:00\",\"dateModified\":\"2026-04-26T11:56:06+00:00\",\"description\":\"Ribstof heeft een zeer goede en sterke kwaliteit. Dat maakt de stof uitermate geschikt voor elke training. De stof heeft een fijne, warme uitstraling en voelt daarnaast ook heerlijk zacht aan. Deze longsleeve Crop top heeft een mooie en vrouwelijke halslijn en is te gek om te combineren samen met de bijpassende BH en scrunch legging. Time to shine\u2728\",\"breadcrumb\":{\"@id\":\"https:\/\/fittwear.nl\/product\/rib-scrunch-crop-longsleeve-royal-blue\/#breadcrumb\"},\"inLanguage\":\"fr-FR\",\"potentialAction\":[{\"@type\":\"ReadAction\",\"target\":[\"https:\/\/fittwear.nl\/product\/rib-scrunch-crop-longsleeve-royal-blue\/\"]}]},{\"@type\":\"ImageObject\",\"inLanguage\":\"fr-FR\",\"@id\":\"https:\/\/fittwear.nl\/product\/rib-scrunch-crop-longsleeve-royal-blue\/#primaryimage\",\"url\":\"https:\/\/fittwear.nl\/wp-content\/uploads\/2023\/02\/rib-scrunch-royal_Voorkant-boven_jpg_8.jpg\",\"contentUrl\":\"https:\/\/fittwear.nl\/wp-content\/uploads\/2023\/02\/rib-scrunch-royal_Voorkant-boven_jpg_8.jpg\",\"width\":1200,\"height\":1800},{\"@type\":\"BreadcrumbList\",\"@id\":\"https:\/\/fittwear.nl\/product\/rib-scrunch-crop-longsleeve-royal-blue\/#breadcrumb\",\"itemListElement\":[{\"@type\":\"ListItem\",\"position\":1,\"name\":\"Home\",\"item\":\"https:\/\/fittwear.nl\/\"},{\"@type\":\"ListItem\",\"position\":2,\"name\":\"Shop\",\"item\":\"https:\/\/fittwear.nl\/shop\/\"},{\"@type\":\"ListItem\",\"position\":3,\"name\":\"Rib Scrunch Crop Longsleeve\u00a0Royal Blue\"}]},{\"@type\":\"WebSite\",\"@id\":\"https:\/\/fittwear.nl\/#website\",\"url\":\"https:\/\/fittwear.nl\/\",\"name\":\"FITTwear.nl\",\"description\":\"Time to shine!\",\"publisher\":{\"@id\":\"https:\/\/fittwear.nl\/#organization\"},\"potentialAction\":[{\"@type\":\"SearchAction\",\"target\":{\"@type\":\"EntryPoint\",\"urlTemplate\":\"https:\/\/fittwear.nl\/?s={search_term_string}\"},\"query-input\":{\"@type\":\"PropertyValueSpecification\",\"valueRequired\":true,\"valueName\":\"search_term_string\"}}],\"inLanguage\":\"fr-FR\"},{\"@type\":\"Organization\",\"@id\":\"https:\/\/fittwear.nl\/#organization\",\"name\":\"FITTwear.nl\",\"url\":\"https:\/\/fittwear.nl\/\",\"logo\":{\"@type\":\"ImageObject\",\"inLanguage\":\"fr-FR\",\"@id\":\"https:\/\/fittwear.nl\/#\/schema\/logo\/image\/\",\"url\":\"https:\/\/fittwear.nl\/wp-content\/uploads\/2024\/07\/FITT-Logo-BeYOUtiful-website-homepage_Tekengebied-1-scaled.jpg\",\"contentUrl\":\"https:\/\/fittwear.nl\/wp-content\/uploads\/2024\/07\/FITT-Logo-BeYOUtiful-website-homepage_Tekengebied-1-scaled.jpg\",\"width\":2560,\"height\":599,\"caption\":\"FITTwear.nl\"},\"image\":{\"@id\":\"https:\/\/fittwear.nl\/#\/schema\/logo\/image\/\"}}]}<\/script>\n<!-- \/ Yoast SEO plugin. -->","yoast_head_json":{"title":"Rib Scrunch Crop Longsleeve Royal Blue - FITTwear.co.uk","description":"Le tissu c\u00f4tel\u00e9 est de tr\u00e8s bonne qualit\u00e9 et tr\u00e8s r\u00e9sistant. Ce tissu convient donc parfaitement \u00e0 tout type d'entra\u00eenement. Le tissu a un aspect fin et chaud et est merveilleusement doux au toucher. Ce haut Crop \u00e0 manches longues a une belle encolure f\u00e9minine et est id\u00e9al \u00e0 combiner avec le soutien-gorge et le legging chouchou assortis. Le temps de briller\u2728","robots":{"index":"index","follow":"follow","max-snippet":"max-snippet:-1","max-image-preview":"max-image-preview:large","max-video-preview":"max-video-preview:-1"},"canonical":"https:\/\/fittwear.nl\/fr\/produit-2\/manchon-long-cotes-scrunch-crop-bleu-royal\/","og_locale":"fr_FR","og_type":"article","og_title":"Rib Scrunch Crop Longsleeve\u00a0Royal Blue - FITTwear.nl","og_description":"Ribstof heeft een zeer goede en sterke kwaliteit. Dat maakt de stof uitermate geschikt voor elke training. De stof heeft een fijne, warme uitstraling en voelt daarnaast ook heerlijk zacht aan. Deze longsleeve Crop top heeft een mooie en vrouwelijke halslijn en is te gek om te combineren samen met de bijpassende BH en scrunch legging. Time to shine\u2728","og_url":"https:\/\/fittwear.nl\/fr\/produit-2\/manchon-long-cotes-scrunch-crop-bleu-royal\/","og_site_name":"FITTwear.nl","article_modified_time":"2026-04-26T11:56:06+00:00","og_image":[{"width":1200,"height":1800,"url":"https:\/\/fittwear.nl\/wp-content\/uploads\/2023\/02\/rib-scrunch-royal_Voorkant-boven_jpg_8.jpg","type":"image\/jpeg"}],"twitter_card":"summary_large_image","twitter_misc":{"Dur\u00e9e de lecture estim\u00e9e":"1 minute"},"schema":{"@context":"https:\/\/schema.org","@graph":[{"@type":"WebPage","@id":"https:\/\/fittwear.nl\/product\/rib-scrunch-crop-longsleeve-royal-blue\/","url":"https:\/\/fittwear.nl\/product\/rib-scrunch-crop-longsleeve-royal-blue\/","name":"Rib Scrunch Crop Longsleeve Royal Blue - FITTwear.co.uk","isPartOf":{"@id":"https:\/\/fittwear.nl\/#website"},"primaryImageOfPage":{"@id":"https:\/\/fittwear.nl\/product\/rib-scrunch-crop-longsleeve-royal-blue\/#primaryimage"},"image":{"@id":"https:\/\/fittwear.nl\/product\/rib-scrunch-crop-longsleeve-royal-blue\/#primaryimage"},"thumbnailUrl":"https:\/\/fittwear.nl\/wp-content\/uploads\/2023\/02\/rib-scrunch-royal_Voorkant-boven_jpg_8.jpg","datePublished":"2023-02-16T13:36:49+00:00","dateModified":"2026-04-26T11:56:06+00:00","description":"Le tissu c\u00f4tel\u00e9 est de tr\u00e8s bonne qualit\u00e9 et tr\u00e8s r\u00e9sistant. Ce tissu convient donc parfaitement \u00e0 tout type d'entra\u00eenement. Le tissu a un aspect fin et chaud et est merveilleusement doux au toucher. Ce haut Crop \u00e0 manches longues a une belle encolure f\u00e9minine et est id\u00e9al \u00e0 combiner avec le soutien-gorge et le legging chouchou assortis. Le temps de briller\u2728","breadcrumb":{"@id":"https:\/\/fittwear.nl\/product\/rib-scrunch-crop-longsleeve-royal-blue\/#breadcrumb"},"inLanguage":"fr-FR","potentialAction":[{"@type":"ReadAction","target":["https:\/\/fittwear.nl\/product\/rib-scrunch-crop-longsleeve-royal-blue\/"]}]},{"@type":"ImageObject","inLanguage":"fr-FR","@id":"https:\/\/fittwear.nl\/product\/rib-scrunch-crop-longsleeve-royal-blue\/#primaryimage","url":"https:\/\/fittwear.nl\/wp-content\/uploads\/2023\/02\/rib-scrunch-royal_Voorkant-boven_jpg_8.jpg","contentUrl":"https:\/\/fittwear.nl\/wp-content\/uploads\/2023\/02\/rib-scrunch-royal_Voorkant-boven_jpg_8.jpg","width":1200,"height":1800},{"@type":"BreadcrumbList","@id":"https:\/\/fittwear.nl\/product\/rib-scrunch-crop-longsleeve-royal-blue\/#breadcrumb","itemListElement":[{"@type":"ListItem","position":1,"name":"Home","item":"https:\/\/fittwear.nl\/"},{"@type":"ListItem","position":2,"name":"Shop","item":"https:\/\/fittwear.nl\/shop\/"},{"@type":"ListItem","position":3,"name":"Rib Scrunch Crop Longsleeve\u00a0Royal Blue"}]},{"@type":"WebSite","@id":"https:\/\/fittwear.nl\/#website","url":"https:\/\/fittwear.nl\/","name":"FITTwear.co.uk","description":"C'est le moment de briller !","publisher":{"@id":"https:\/\/fittwear.nl\/#organization"},"potentialAction":[{"@type":"SearchAction","target":{"@type":"EntryPoint","urlTemplate":"https:\/\/fittwear.nl\/?s={search_term_string}"},"query-input":{"@type":"PropertyValueSpecification","valueRequired":true,"valueName":"search_term_string"}}],"inLanguage":"fr-FR"},{"@type":"Organization","@id":"https:\/\/fittwear.nl\/#organization","name":"FITTwear.co.uk","url":"https:\/\/fittwear.nl\/","logo":{"@type":"ImageObject","inLanguage":"fr-FR","@id":"https:\/\/fittwear.nl\/#\/schema\/logo\/image\/","url":"https:\/\/fittwear.nl\/wp-content\/uploads\/2024\/07\/FITT-Logo-BeYOUtiful-website-homepage_Tekengebied-1-scaled.jpg","contentUrl":"https:\/\/fittwear.nl\/wp-content\/uploads\/2024\/07\/FITT-Logo-BeYOUtiful-website-homepage_Tekengebied-1-scaled.jpg","width":2560,"height":599,"caption":"FITTwear.nl"},"image":{"@id":"https:\/\/fittwear.nl\/#\/schema\/logo\/image\/"}}]}},"_links":{"self":[{"href":"https:\/\/fittwear.nl\/fr\/wp-json\/wp\/v2\/product\/53724","targetHints":{"allow":["GET"]}}],"collection":[{"href":"https:\/\/fittwear.nl\/fr\/wp-json\/wp\/v2\/product"}],"about":[{"href":"https:\/\/fittwear.nl\/fr\/wp-json\/wp\/v2\/types\/product"}],"wp:featuredmedia":[{"embeddable":true,"href":"https:\/\/fittwear.nl\/fr\/wp-json\/wp\/v2\/media\/54873"}],"wp:attachment":[{"href":"https:\/\/fittwear.nl\/fr\/wp-json\/wp\/v2\/media?parent=53724"}],"wp:term":[{"taxonomy":"product_brand","embeddable":true,"href":"https:\/\/fittwear.nl\/fr\/wp-json\/wp\/v2\/product_brand?post=53724"},{"taxonomy":"product_cat","embeddable":true,"href":"https:\/\/fittwear.nl\/fr\/wp-json\/wp\/v2\/product_cat?post=53724"},{"taxonomy":"product_tag","embeddable":true,"href":"https:\/\/fittwear.nl\/fr\/wp-json\/wp\/v2\/product_tag?post=53724"}],"curies":[{"name":"wp","href":"https:\/\/api.w.org\/{rel}","templated":true}]}}