{"id":54159,"date":"2023-03-03T08:32:54","date_gmt":"2023-03-03T07:32:54","guid":{"rendered":"https:\/\/fittwear.nl\/?post_type=product&#038;p=54159"},"modified":"2026-04-07T13:07:18","modified_gmt":"2026-04-07T11:07:18","slug":"structure-eliminant-legging-noir","status":"publish","type":"product","link":"https:\/\/fittwear.nl\/fr\/product\/structure-slimming-legging-black\/","title":{"rendered":"Structure Legging amincissant Noir"},"content":{"rendered":"<p>-Les leggings taille haute<\/p>\n\n\n\n<p>-Effet amincissant<\/p>\n\n\n\n<p>-Conception de la structure<\/p>\n\n\n\n<p>-Sweetproof<\/p>\n\n\n\n<p>-Squatproof<\/p>\n\n\n\n<p>-Tissu \u00e9lastique<\/p>\n\n\n\n<p>-Le mod\u00e8le Doete mesure 1,76 et porte la taille S.<\/p>","protected":false},"excerpt":{"rendered":"<p>Un motif textur\u00e9 subtil et tendance dans le tissu donne \u00e0 cette ligne plus de corps. La forme de la ceinture haute donne un effet amincissant. Ces leggings sont \u00e0 l'\u00e9preuve de la transpiration et des squats ! Suivez la tendance structurelle, il est temps de briller!\u2728<\/p>","protected":false},"featured_media":55789,"template":"","meta":{"_acf_changed":false},"product_brand":[],"product_cat":[4799,54,28,86,63],"product_tag":[],"class_list":{"0":"post-54159","1":"product","2":"type-product","3":"status-publish","4":"has-post-thumbnail","6":"product_cat-structures","7":"product_cat-new","8":"product_cat-leggings","9":"product_cat-effen","10":"product_cat-curves","12":"first","13":"outofstock","14":"taxable","15":"shipping-taxable","16":"product-type-variable","17":"has-default-attributes"},"acf":[],"yoast_head":"<!-- This site is optimized with the Yoast SEO plugin v27.1.1 - https:\/\/yoast.com\/product\/yoast-seo-wordpress\/ -->\n<title>Structure Slimming Legging Black - FITTwear.nl<\/title>\n<meta name=\"description\" content=\"Een trendy en subtiel structuur design in de stof geeft deze lijn extra body. De gevormde high waist tailleband geeft een slimming effect. Deze legging is zweet- en squatproof! Volg de structure trend, time to shine!\u2728\" \/>\n<meta name=\"robots\" content=\"index, follow, max-snippet:-1, max-image-preview:large, max-video-preview:-1\" \/>\n<link rel=\"canonical\" href=\"https:\/\/fittwear.nl\/fr\/produit-2\/structure-eliminant-legging-noir\/\" \/>\n<meta property=\"og:locale\" content=\"fr_FR\" \/>\n<meta property=\"og:type\" content=\"article\" \/>\n<meta property=\"og:title\" content=\"Structure Slimming Legging Black - FITTwear.nl\" \/>\n<meta property=\"og:description\" content=\"Een trendy en subtiel structuur design in de stof geeft deze lijn extra body. De gevormde high waist tailleband geeft een slimming effect. Deze legging is zweet- en squatproof! Volg de structure trend, time to shine!\u2728\" \/>\n<meta property=\"og:url\" content=\"https:\/\/fittwear.nl\/fr\/produit-2\/structure-eliminant-legging-noir\/\" \/>\n<meta property=\"og:site_name\" content=\"FITTwear.nl\" \/>\n<meta property=\"article:modified_time\" content=\"2026-04-07T11:07:18+00:00\" \/>\n<meta property=\"og:image\" content=\"https:\/\/fittwear.nl\/wp-content\/uploads\/2023\/02\/structure-black_Voorkant-onder_jpg_1.jpg\" \/>\n\t<meta property=\"og:image:width\" content=\"1200\" \/>\n\t<meta property=\"og:image:height\" content=\"1800\" \/>\n\t<meta property=\"og:image:type\" content=\"image\/jpeg\" \/>\n<meta name=\"twitter:card\" content=\"summary_large_image\" \/>\n<meta name=\"twitter:label1\" content=\"Dur\u00e9e de lecture estim\u00e9e\" \/>\n\t<meta name=\"twitter:data1\" content=\"1 minute\" \/>\n<script type=\"application\/ld+json\" class=\"yoast-schema-graph\">{\"@context\":\"https:\/\/schema.org\",\"@graph\":[{\"@type\":\"WebPage\",\"@id\":\"https:\/\/fittwear.nl\/product\/structure-slimming-legging-black\/\",\"url\":\"https:\/\/fittwear.nl\/product\/structure-slimming-legging-black\/\",\"name\":\"Structure Slimming Legging Black - FITTwear.nl\",\"isPartOf\":{\"@id\":\"https:\/\/fittwear.nl\/#website\"},\"primaryImageOfPage\":{\"@id\":\"https:\/\/fittwear.nl\/product\/structure-slimming-legging-black\/#primaryimage\"},\"image\":{\"@id\":\"https:\/\/fittwear.nl\/product\/structure-slimming-legging-black\/#primaryimage\"},\"thumbnailUrl\":\"https:\/\/fittwear.nl\/wp-content\/uploads\/2023\/02\/structure-black_Voorkant-onder_jpg_1.jpg\",\"datePublished\":\"2023-03-03T07:32:54+00:00\",\"dateModified\":\"2026-04-07T11:07:18+00:00\",\"description\":\"Een trendy en subtiel structuur design in de stof geeft deze lijn extra body. De gevormde high waist tailleband geeft een slimming effect. Deze legging is zweet- en squatproof! Volg de structure trend, time to shine!\u2728\",\"breadcrumb\":{\"@id\":\"https:\/\/fittwear.nl\/product\/structure-slimming-legging-black\/#breadcrumb\"},\"inLanguage\":\"fr-FR\",\"potentialAction\":[{\"@type\":\"ReadAction\",\"target\":[\"https:\/\/fittwear.nl\/product\/structure-slimming-legging-black\/\"]}]},{\"@type\":\"ImageObject\",\"inLanguage\":\"fr-FR\",\"@id\":\"https:\/\/fittwear.nl\/product\/structure-slimming-legging-black\/#primaryimage\",\"url\":\"https:\/\/fittwear.nl\/wp-content\/uploads\/2023\/02\/structure-black_Voorkant-onder_jpg_1.jpg\",\"contentUrl\":\"https:\/\/fittwear.nl\/wp-content\/uploads\/2023\/02\/structure-black_Voorkant-onder_jpg_1.jpg\",\"width\":1200,\"height\":1800},{\"@type\":\"BreadcrumbList\",\"@id\":\"https:\/\/fittwear.nl\/product\/structure-slimming-legging-black\/#breadcrumb\",\"itemListElement\":[{\"@type\":\"ListItem\",\"position\":1,\"name\":\"Home\",\"item\":\"https:\/\/fittwear.nl\/\"},{\"@type\":\"ListItem\",\"position\":2,\"name\":\"Shop\",\"item\":\"https:\/\/fittwear.nl\/shop\/\"},{\"@type\":\"ListItem\",\"position\":3,\"name\":\"Structure Slimming Legging Black\"}]},{\"@type\":\"WebSite\",\"@id\":\"https:\/\/fittwear.nl\/#website\",\"url\":\"https:\/\/fittwear.nl\/\",\"name\":\"FITTwear.nl\",\"description\":\"Time to shine!\",\"publisher\":{\"@id\":\"https:\/\/fittwear.nl\/#organization\"},\"potentialAction\":[{\"@type\":\"SearchAction\",\"target\":{\"@type\":\"EntryPoint\",\"urlTemplate\":\"https:\/\/fittwear.nl\/?s={search_term_string}\"},\"query-input\":{\"@type\":\"PropertyValueSpecification\",\"valueRequired\":true,\"valueName\":\"search_term_string\"}}],\"inLanguage\":\"fr-FR\"},{\"@type\":\"Organization\",\"@id\":\"https:\/\/fittwear.nl\/#organization\",\"name\":\"FITTwear.nl\",\"url\":\"https:\/\/fittwear.nl\/\",\"logo\":{\"@type\":\"ImageObject\",\"inLanguage\":\"fr-FR\",\"@id\":\"https:\/\/fittwear.nl\/#\/schema\/logo\/image\/\",\"url\":\"https:\/\/fittwear.nl\/wp-content\/uploads\/2024\/07\/FITT-Logo-BeYOUtiful-website-homepage_Tekengebied-1-scaled.jpg\",\"contentUrl\":\"https:\/\/fittwear.nl\/wp-content\/uploads\/2024\/07\/FITT-Logo-BeYOUtiful-website-homepage_Tekengebied-1-scaled.jpg\",\"width\":2560,\"height\":599,\"caption\":\"FITTwear.nl\"},\"image\":{\"@id\":\"https:\/\/fittwear.nl\/#\/schema\/logo\/image\/\"}}]}<\/script>\n<!-- \/ Yoast SEO plugin. -->","yoast_head_json":{"title":"Structure Legging Amincissant Noir - FITTwear.fr","description":"Un motif textur\u00e9 subtil et tendance dans le tissu donne \u00e0 cette ligne plus de corps. La forme de la ceinture haute donne un effet amincissant. Ces leggings sont \u00e0 l'\u00e9preuve de la transpiration et des squats ! Suivez la tendance structurelle, il est temps de briller!\u2728","robots":{"index":"index","follow":"follow","max-snippet":"max-snippet:-1","max-image-preview":"max-image-preview:large","max-video-preview":"max-video-preview:-1"},"canonical":"https:\/\/fittwear.nl\/fr\/produit-2\/structure-eliminant-legging-noir\/","og_locale":"fr_FR","og_type":"article","og_title":"Structure Slimming Legging Black - FITTwear.nl","og_description":"Een trendy en subtiel structuur design in de stof geeft deze lijn extra body. De gevormde high waist tailleband geeft een slimming effect. Deze legging is zweet- en squatproof! Volg de structure trend, time to shine!\u2728","og_url":"https:\/\/fittwear.nl\/fr\/produit-2\/structure-eliminant-legging-noir\/","og_site_name":"FITTwear.nl","article_modified_time":"2026-04-07T11:07:18+00:00","og_image":[{"width":1200,"height":1800,"url":"https:\/\/fittwear.nl\/wp-content\/uploads\/2023\/02\/structure-black_Voorkant-onder_jpg_1.jpg","type":"image\/jpeg"}],"twitter_card":"summary_large_image","twitter_misc":{"Dur\u00e9e de lecture estim\u00e9e":"1 minute"},"schema":{"@context":"https:\/\/schema.org","@graph":[{"@type":"WebPage","@id":"https:\/\/fittwear.nl\/product\/structure-slimming-legging-black\/","url":"https:\/\/fittwear.nl\/product\/structure-slimming-legging-black\/","name":"Structure Legging Amincissant Noir - FITTwear.fr","isPartOf":{"@id":"https:\/\/fittwear.nl\/#website"},"primaryImageOfPage":{"@id":"https:\/\/fittwear.nl\/product\/structure-slimming-legging-black\/#primaryimage"},"image":{"@id":"https:\/\/fittwear.nl\/product\/structure-slimming-legging-black\/#primaryimage"},"thumbnailUrl":"https:\/\/fittwear.nl\/wp-content\/uploads\/2023\/02\/structure-black_Voorkant-onder_jpg_1.jpg","datePublished":"2023-03-03T07:32:54+00:00","dateModified":"2026-04-07T11:07:18+00:00","description":"Un motif textur\u00e9 subtil et tendance dans le tissu donne \u00e0 cette ligne plus de corps. La forme de la ceinture haute donne un effet amincissant. Ces leggings sont \u00e0 l'\u00e9preuve de la transpiration et des squats ! Suivez la tendance structurelle, il est temps de briller!\u2728","breadcrumb":{"@id":"https:\/\/fittwear.nl\/product\/structure-slimming-legging-black\/#breadcrumb"},"inLanguage":"fr-FR","potentialAction":[{"@type":"ReadAction","target":["https:\/\/fittwear.nl\/product\/structure-slimming-legging-black\/"]}]},{"@type":"ImageObject","inLanguage":"fr-FR","@id":"https:\/\/fittwear.nl\/product\/structure-slimming-legging-black\/#primaryimage","url":"https:\/\/fittwear.nl\/wp-content\/uploads\/2023\/02\/structure-black_Voorkant-onder_jpg_1.jpg","contentUrl":"https:\/\/fittwear.nl\/wp-content\/uploads\/2023\/02\/structure-black_Voorkant-onder_jpg_1.jpg","width":1200,"height":1800},{"@type":"BreadcrumbList","@id":"https:\/\/fittwear.nl\/product\/structure-slimming-legging-black\/#breadcrumb","itemListElement":[{"@type":"ListItem","position":1,"name":"Home","item":"https:\/\/fittwear.nl\/"},{"@type":"ListItem","position":2,"name":"Shop","item":"https:\/\/fittwear.nl\/shop\/"},{"@type":"ListItem","position":3,"name":"Structure Slimming Legging Black"}]},{"@type":"WebSite","@id":"https:\/\/fittwear.nl\/#website","url":"https:\/\/fittwear.nl\/","name":"FITTwear.co.uk","description":"C'est le moment de briller !","publisher":{"@id":"https:\/\/fittwear.nl\/#organization"},"potentialAction":[{"@type":"SearchAction","target":{"@type":"EntryPoint","urlTemplate":"https:\/\/fittwear.nl\/?s={search_term_string}"},"query-input":{"@type":"PropertyValueSpecification","valueRequired":true,"valueName":"search_term_string"}}],"inLanguage":"fr-FR"},{"@type":"Organization","@id":"https:\/\/fittwear.nl\/#organization","name":"FITTwear.co.uk","url":"https:\/\/fittwear.nl\/","logo":{"@type":"ImageObject","inLanguage":"fr-FR","@id":"https:\/\/fittwear.nl\/#\/schema\/logo\/image\/","url":"https:\/\/fittwear.nl\/wp-content\/uploads\/2024\/07\/FITT-Logo-BeYOUtiful-website-homepage_Tekengebied-1-scaled.jpg","contentUrl":"https:\/\/fittwear.nl\/wp-content\/uploads\/2024\/07\/FITT-Logo-BeYOUtiful-website-homepage_Tekengebied-1-scaled.jpg","width":2560,"height":599,"caption":"FITTwear.nl"},"image":{"@id":"https:\/\/fittwear.nl\/#\/schema\/logo\/image\/"}}]}},"_links":{"self":[{"href":"https:\/\/fittwear.nl\/fr\/wp-json\/wp\/v2\/product\/54159","targetHints":{"allow":["GET"]}}],"collection":[{"href":"https:\/\/fittwear.nl\/fr\/wp-json\/wp\/v2\/product"}],"about":[{"href":"https:\/\/fittwear.nl\/fr\/wp-json\/wp\/v2\/types\/product"}],"wp:featuredmedia":[{"embeddable":true,"href":"https:\/\/fittwear.nl\/fr\/wp-json\/wp\/v2\/media\/55789"}],"wp:attachment":[{"href":"https:\/\/fittwear.nl\/fr\/wp-json\/wp\/v2\/media?parent=54159"}],"wp:term":[{"taxonomy":"product_brand","embeddable":true,"href":"https:\/\/fittwear.nl\/fr\/wp-json\/wp\/v2\/product_brand?post=54159"},{"taxonomy":"product_cat","embeddable":true,"href":"https:\/\/fittwear.nl\/fr\/wp-json\/wp\/v2\/product_cat?post=54159"},{"taxonomy":"product_tag","embeddable":true,"href":"https:\/\/fittwear.nl\/fr\/wp-json\/wp\/v2\/product_tag?post=54159"}],"curies":[{"name":"wp","href":"https:\/\/api.w.org\/{rel}","templated":true}]}}