{"id":54195,"date":"2023-03-03T08:33:02","date_gmt":"2023-03-03T07:33:02","guid":{"rendered":"https:\/\/fittwear.nl\/?post_type=product&#038;p=54195"},"modified":"2026-04-07T12:40:50","modified_gmt":"2026-04-07T10:40:50","slug":"structure-bh-noir","status":"publish","type":"product","link":"https:\/\/fittwear.nl\/fr\/product\/structure-bh-black\/","title":{"rendered":"Soutien-gorge Structure Noir"},"content":{"rendered":"<p>-Effet amincissant<\/p>\n\n\n\n<p>-Conception de la structure<\/p>\n\n\n\n<p>-Sweetproof<\/p>\n\n\n\n<p>-Squatproof<\/p>\n\n\n\n<p>-Tissu \u00e9lastique<\/p>\n\n\n\n<p>-Le mod\u00e8le Doete mesure 1,76 et porte la taille S.<\/p>","protected":false},"excerpt":{"rendered":"<p>Un design textur\u00e9 tendance et subtil dans le tissu donne \u00e0 cette ligne un corps suppl\u00e9mentaire. Le soutien-gorge est dot\u00e9 de coussinets amovibles et d'une fine bande \u00e9lastique. Suivez la tendance structure, il est temps de briller !\u2728.<\/p>","protected":false},"featured_media":55787,"template":"","meta":{"_acf_changed":false},"product_brand":[],"product_cat":[4799,52,88],"product_tag":[],"class_list":{"0":"post-54195","1":"product","2":"type-product","3":"status-publish","4":"has-post-thumbnail","6":"product_cat-structures","7":"product_cat-sport-bhs","8":"product_cat-effen-sport-bhs","10":"first","11":"instock","12":"taxable","13":"shipping-taxable","14":"purchasable","15":"product-type-variable","16":"has-default-attributes"},"acf":[],"yoast_head":"<!-- This site is optimized with the Yoast SEO plugin v27.1.1 - https:\/\/yoast.com\/product\/yoast-seo-wordpress\/ -->\n<title>Structure BH Black - FITTwear.nl<\/title>\n<meta name=\"description\" content=\"Een trendy en subtiel structuur design in de stof geeft deze lijn extra body. De BH is voorzien van uitneembare pads en een fijne elastische band. Volg de structure trend, time to shine!\u2728\" \/>\n<meta name=\"robots\" content=\"index, follow, max-snippet:-1, max-image-preview:large, max-video-preview:-1\" \/>\n<link rel=\"canonical\" href=\"https:\/\/fittwear.nl\/fr\/produit-2\/structure-bh-noir\/\" \/>\n<meta property=\"og:locale\" content=\"fr_FR\" \/>\n<meta property=\"og:type\" content=\"article\" \/>\n<meta property=\"og:title\" content=\"Structure BH Black - FITTwear.nl\" \/>\n<meta property=\"og:description\" content=\"Een trendy en subtiel structuur design in de stof geeft deze lijn extra body. De BH is voorzien van uitneembare pads en een fijne elastische band. Volg de structure trend, time to shine!\u2728\" \/>\n<meta property=\"og:url\" content=\"https:\/\/fittwear.nl\/fr\/produit-2\/structure-bh-noir\/\" \/>\n<meta property=\"og:site_name\" content=\"FITTwear.nl\" \/>\n<meta property=\"article:modified_time\" content=\"2026-04-07T10:40:50+00:00\" \/>\n<meta property=\"og:image\" content=\"https:\/\/fittwear.nl\/wp-content\/uploads\/2023\/02\/structure-black_Voorkant-boven_jpg_1.jpg\" \/>\n\t<meta property=\"og:image:width\" content=\"1200\" \/>\n\t<meta property=\"og:image:height\" content=\"1800\" \/>\n\t<meta property=\"og:image:type\" content=\"image\/jpeg\" \/>\n<meta name=\"twitter:card\" content=\"summary_large_image\" \/>\n<meta name=\"twitter:label1\" content=\"Dur\u00e9e de lecture estim\u00e9e\" \/>\n\t<meta name=\"twitter:data1\" content=\"1 minute\" \/>\n<script type=\"application\/ld+json\" class=\"yoast-schema-graph\">{\"@context\":\"https:\/\/schema.org\",\"@graph\":[{\"@type\":\"WebPage\",\"@id\":\"https:\/\/fittwear.nl\/product\/structure-bh-black\/\",\"url\":\"https:\/\/fittwear.nl\/product\/structure-bh-black\/\",\"name\":\"Structure BH Black - FITTwear.nl\",\"isPartOf\":{\"@id\":\"https:\/\/fittwear.nl\/#website\"},\"primaryImageOfPage\":{\"@id\":\"https:\/\/fittwear.nl\/product\/structure-bh-black\/#primaryimage\"},\"image\":{\"@id\":\"https:\/\/fittwear.nl\/product\/structure-bh-black\/#primaryimage\"},\"thumbnailUrl\":\"https:\/\/fittwear.nl\/wp-content\/uploads\/2023\/02\/structure-black_Voorkant-boven_jpg_1.jpg\",\"datePublished\":\"2023-03-03T07:33:02+00:00\",\"dateModified\":\"2026-04-07T10:40:50+00:00\",\"description\":\"Een trendy en subtiel structuur design in de stof geeft deze lijn extra body. De BH is voorzien van uitneembare pads en een fijne elastische band. Volg de structure trend, time to shine!\u2728\",\"breadcrumb\":{\"@id\":\"https:\/\/fittwear.nl\/product\/structure-bh-black\/#breadcrumb\"},\"inLanguage\":\"fr-FR\",\"potentialAction\":[{\"@type\":\"ReadAction\",\"target\":[\"https:\/\/fittwear.nl\/product\/structure-bh-black\/\"]}]},{\"@type\":\"ImageObject\",\"inLanguage\":\"fr-FR\",\"@id\":\"https:\/\/fittwear.nl\/product\/structure-bh-black\/#primaryimage\",\"url\":\"https:\/\/fittwear.nl\/wp-content\/uploads\/2023\/02\/structure-black_Voorkant-boven_jpg_1.jpg\",\"contentUrl\":\"https:\/\/fittwear.nl\/wp-content\/uploads\/2023\/02\/structure-black_Voorkant-boven_jpg_1.jpg\",\"width\":1200,\"height\":1800},{\"@type\":\"BreadcrumbList\",\"@id\":\"https:\/\/fittwear.nl\/product\/structure-bh-black\/#breadcrumb\",\"itemListElement\":[{\"@type\":\"ListItem\",\"position\":1,\"name\":\"Home\",\"item\":\"https:\/\/fittwear.nl\/\"},{\"@type\":\"ListItem\",\"position\":2,\"name\":\"Shop\",\"item\":\"https:\/\/fittwear.nl\/shop\/\"},{\"@type\":\"ListItem\",\"position\":3,\"name\":\"Structure BH Black\"}]},{\"@type\":\"WebSite\",\"@id\":\"https:\/\/fittwear.nl\/#website\",\"url\":\"https:\/\/fittwear.nl\/\",\"name\":\"FITTwear.nl\",\"description\":\"Time to shine!\",\"publisher\":{\"@id\":\"https:\/\/fittwear.nl\/#organization\"},\"potentialAction\":[{\"@type\":\"SearchAction\",\"target\":{\"@type\":\"EntryPoint\",\"urlTemplate\":\"https:\/\/fittwear.nl\/?s={search_term_string}\"},\"query-input\":{\"@type\":\"PropertyValueSpecification\",\"valueRequired\":true,\"valueName\":\"search_term_string\"}}],\"inLanguage\":\"fr-FR\"},{\"@type\":\"Organization\",\"@id\":\"https:\/\/fittwear.nl\/#organization\",\"name\":\"FITTwear.nl\",\"url\":\"https:\/\/fittwear.nl\/\",\"logo\":{\"@type\":\"ImageObject\",\"inLanguage\":\"fr-FR\",\"@id\":\"https:\/\/fittwear.nl\/#\/schema\/logo\/image\/\",\"url\":\"https:\/\/fittwear.nl\/wp-content\/uploads\/2024\/07\/FITT-Logo-BeYOUtiful-website-homepage_Tekengebied-1-scaled.jpg\",\"contentUrl\":\"https:\/\/fittwear.nl\/wp-content\/uploads\/2024\/07\/FITT-Logo-BeYOUtiful-website-homepage_Tekengebied-1-scaled.jpg\",\"width\":2560,\"height\":599,\"caption\":\"FITTwear.nl\"},\"image\":{\"@id\":\"https:\/\/fittwear.nl\/#\/schema\/logo\/image\/\"}}]}<\/script>\n<!-- \/ Yoast SEO plugin. -->","yoast_head_json":{"title":"Soutien-gorge Structure Noir - FITTwear.com","description":"Un design textur\u00e9 tendance et subtil dans le tissu donne \u00e0 cette ligne un corps suppl\u00e9mentaire. Le soutien-gorge est dot\u00e9 de coussinets amovibles et d'une fine bande \u00e9lastique. Suivez la tendance structure, il est temps de briller !\u2728.","robots":{"index":"index","follow":"follow","max-snippet":"max-snippet:-1","max-image-preview":"max-image-preview:large","max-video-preview":"max-video-preview:-1"},"canonical":"https:\/\/fittwear.nl\/fr\/produit-2\/structure-bh-noir\/","og_locale":"fr_FR","og_type":"article","og_title":"Structure BH Black - FITTwear.nl","og_description":"Een trendy en subtiel structuur design in de stof geeft deze lijn extra body. De BH is voorzien van uitneembare pads en een fijne elastische band. Volg de structure trend, time to shine!\u2728","og_url":"https:\/\/fittwear.nl\/fr\/produit-2\/structure-bh-noir\/","og_site_name":"FITTwear.nl","article_modified_time":"2026-04-07T10:40:50+00:00","og_image":[{"width":1200,"height":1800,"url":"https:\/\/fittwear.nl\/wp-content\/uploads\/2023\/02\/structure-black_Voorkant-boven_jpg_1.jpg","type":"image\/jpeg"}],"twitter_card":"summary_large_image","twitter_misc":{"Dur\u00e9e de lecture estim\u00e9e":"1 minute"},"schema":{"@context":"https:\/\/schema.org","@graph":[{"@type":"WebPage","@id":"https:\/\/fittwear.nl\/product\/structure-bh-black\/","url":"https:\/\/fittwear.nl\/product\/structure-bh-black\/","name":"Soutien-gorge Structure Noir - FITTwear.com","isPartOf":{"@id":"https:\/\/fittwear.nl\/#website"},"primaryImageOfPage":{"@id":"https:\/\/fittwear.nl\/product\/structure-bh-black\/#primaryimage"},"image":{"@id":"https:\/\/fittwear.nl\/product\/structure-bh-black\/#primaryimage"},"thumbnailUrl":"https:\/\/fittwear.nl\/wp-content\/uploads\/2023\/02\/structure-black_Voorkant-boven_jpg_1.jpg","datePublished":"2023-03-03T07:33:02+00:00","dateModified":"2026-04-07T10:40:50+00:00","description":"Un design textur\u00e9 tendance et subtil dans le tissu donne \u00e0 cette ligne un corps suppl\u00e9mentaire. Le soutien-gorge est dot\u00e9 de coussinets amovibles et d'une fine bande \u00e9lastique. Suivez la tendance structure, il est temps de briller !\u2728.","breadcrumb":{"@id":"https:\/\/fittwear.nl\/product\/structure-bh-black\/#breadcrumb"},"inLanguage":"fr-FR","potentialAction":[{"@type":"ReadAction","target":["https:\/\/fittwear.nl\/product\/structure-bh-black\/"]}]},{"@type":"ImageObject","inLanguage":"fr-FR","@id":"https:\/\/fittwear.nl\/product\/structure-bh-black\/#primaryimage","url":"https:\/\/fittwear.nl\/wp-content\/uploads\/2023\/02\/structure-black_Voorkant-boven_jpg_1.jpg","contentUrl":"https:\/\/fittwear.nl\/wp-content\/uploads\/2023\/02\/structure-black_Voorkant-boven_jpg_1.jpg","width":1200,"height":1800},{"@type":"BreadcrumbList","@id":"https:\/\/fittwear.nl\/product\/structure-bh-black\/#breadcrumb","itemListElement":[{"@type":"ListItem","position":1,"name":"Home","item":"https:\/\/fittwear.nl\/"},{"@type":"ListItem","position":2,"name":"Shop","item":"https:\/\/fittwear.nl\/shop\/"},{"@type":"ListItem","position":3,"name":"Structure BH Black"}]},{"@type":"WebSite","@id":"https:\/\/fittwear.nl\/#website","url":"https:\/\/fittwear.nl\/","name":"FITTwear.co.uk","description":"C'est le moment de briller !","publisher":{"@id":"https:\/\/fittwear.nl\/#organization"},"potentialAction":[{"@type":"SearchAction","target":{"@type":"EntryPoint","urlTemplate":"https:\/\/fittwear.nl\/?s={search_term_string}"},"query-input":{"@type":"PropertyValueSpecification","valueRequired":true,"valueName":"search_term_string"}}],"inLanguage":"fr-FR"},{"@type":"Organization","@id":"https:\/\/fittwear.nl\/#organization","name":"FITTwear.co.uk","url":"https:\/\/fittwear.nl\/","logo":{"@type":"ImageObject","inLanguage":"fr-FR","@id":"https:\/\/fittwear.nl\/#\/schema\/logo\/image\/","url":"https:\/\/fittwear.nl\/wp-content\/uploads\/2024\/07\/FITT-Logo-BeYOUtiful-website-homepage_Tekengebied-1-scaled.jpg","contentUrl":"https:\/\/fittwear.nl\/wp-content\/uploads\/2024\/07\/FITT-Logo-BeYOUtiful-website-homepage_Tekengebied-1-scaled.jpg","width":2560,"height":599,"caption":"FITTwear.nl"},"image":{"@id":"https:\/\/fittwear.nl\/#\/schema\/logo\/image\/"}}]}},"_links":{"self":[{"href":"https:\/\/fittwear.nl\/fr\/wp-json\/wp\/v2\/product\/54195","targetHints":{"allow":["GET"]}}],"collection":[{"href":"https:\/\/fittwear.nl\/fr\/wp-json\/wp\/v2\/product"}],"about":[{"href":"https:\/\/fittwear.nl\/fr\/wp-json\/wp\/v2\/types\/product"}],"wp:featuredmedia":[{"embeddable":true,"href":"https:\/\/fittwear.nl\/fr\/wp-json\/wp\/v2\/media\/55787"}],"wp:attachment":[{"href":"https:\/\/fittwear.nl\/fr\/wp-json\/wp\/v2\/media?parent=54195"}],"wp:term":[{"taxonomy":"product_brand","embeddable":true,"href":"https:\/\/fittwear.nl\/fr\/wp-json\/wp\/v2\/product_brand?post=54195"},{"taxonomy":"product_cat","embeddable":true,"href":"https:\/\/fittwear.nl\/fr\/wp-json\/wp\/v2\/product_cat?post=54195"},{"taxonomy":"product_tag","embeddable":true,"href":"https:\/\/fittwear.nl\/fr\/wp-json\/wp\/v2\/product_tag?post=54195"}],"curies":[{"name":"wp","href":"https:\/\/api.w.org\/{rel}","templated":true}]}}