{"id":57866,"date":"2023-03-14T09:41:20","date_gmt":"2023-03-14T08:41:20","guid":{"rendered":"https:\/\/fittwear.nl\/?post_type=product&#038;p=57866"},"modified":"2026-04-17T01:31:14","modified_gmt":"2026-04-16T23:31:14","slug":"contour-sans-couture-manches-longues-2-0-olive","status":"publish","type":"product","link":"https:\/\/fittwear.nl\/fr\/product\/contour-seamless-long-sleeve-2-0-olijf\/","title":{"rendered":"Contour Seamless Long Sleeve 2.0 Olive"},"content":{"rendered":"<p>- Manches longues sans coutures<\/p>\n\n\n\n<p>- Coupe ajust\u00e9e<\/p>\n\n\n\n<p>- \u00c9tirement \u00e9norme<\/p>\n\n\n\n<p>- Ouvertures pour le pouce dans les manches<\/p>\n\n\n\n<p>- Avec un logo subtil<\/p>\n\n\n\n<p>- 90% Nylon, 10% Spandex<\/p>\n\n\n\n<p>- 280 g\/m\u00b2.<\/p>\n\n\n\n<p>- Lavable jusqu'\u00e0 30\u00b0.<\/p>\n\n\n\n<p>- Couleur : Olive<\/p>\n\n\n\n<p>- Le mod\u00e8le Doete mesure 1,76 et porte la taille S.<\/p>","protected":false},"excerpt":{"rendered":"<p>REMARQUE : La manche longue est trop petite, nous vous recommandons de commander une taille au-dessus. Cette chemise \u00e0 manches longues sans coutures avec des trous pour les pouces dans les manches compl\u00e8te notre ligne Contour Seamless. Un ajustement serr\u00e9 dans un design sans couture et le tissu extensible offrent un confort pendant votre entra\u00eenement. Le mod\u00e8le Doete mesure 1,76 et porte la taille S.<\/p>","protected":false},"featured_media":57852,"template":"","meta":{"_acf_changed":false},"product_brand":[],"product_cat":[4814,4811,79,81,80,63,64],"product_tag":[],"class_list":{"0":"post-57866","1":"product","2":"type-product","3":"status-publish","4":"has-post-thumbnail","6":"product_cat-fitness","7":"product_cat-longsleeves-dames","8":"product_cat-tanktops-dames","9":"product_cat-crop-tops","10":"product_cat-longsleeves","11":"product_cat-curves","12":"product_cat-hardloopkleding","14":"first","15":"instock","16":"sale","17":"taxable","18":"shipping-taxable","19":"purchasable","20":"product-type-variable","21":"has-default-attributes"},"acf":[],"yoast_head":"<!-- This site is optimized with the Yoast SEO plugin v27.1.1 - https:\/\/yoast.com\/product\/yoast-seo-wordpress\/ -->\n<title>Contour Seamless Long Sleeve 2.0 Olive - FITTwear.nl<\/title>\n<meta name=\"description\" content=\"LET OP: De long sleeve valt klein dus we adviseren om een maat groter te bestellen. Seamless longsleeve crop shirt met duimopeningen in mouwen maakt onze Contour Seamless lijn compleet. Een mooie aansluitende pasvorm in een naadloos ontwerp biedt samen met de enorme stretchy stof comfort tijdens jouw training. Model Doete is 1.76 en draagt maat S\" \/>\n<meta name=\"robots\" content=\"index, follow, max-snippet:-1, max-image-preview:large, max-video-preview:-1\" \/>\n<link rel=\"canonical\" href=\"https:\/\/fittwear.nl\/fr\/produit-2\/contour-sans-couture-manches-longues-2-0-olive\/\" \/>\n<meta property=\"og:locale\" content=\"fr_FR\" \/>\n<meta property=\"og:type\" content=\"article\" \/>\n<meta property=\"og:title\" content=\"Contour Seamless Long Sleeve 2.0 Olive - FITTwear.nl\" \/>\n<meta property=\"og:description\" content=\"LET OP: De long sleeve valt klein dus we adviseren om een maat groter te bestellen. Seamless longsleeve crop shirt met duimopeningen in mouwen maakt onze Contour Seamless lijn compleet. Een mooie aansluitende pasvorm in een naadloos ontwerp biedt samen met de enorme stretchy stof comfort tijdens jouw training. Model Doete is 1.76 en draagt maat S\" \/>\n<meta property=\"og:url\" content=\"https:\/\/fittwear.nl\/fr\/produit-2\/contour-sans-couture-manches-longues-2-0-olive\/\" \/>\n<meta property=\"og:site_name\" content=\"FITTwear.nl\" \/>\n<meta property=\"article:modified_time\" content=\"2026-04-16T23:31:14+00:00\" \/>\n<meta property=\"og:image\" content=\"https:\/\/fittwear.nl\/wp-content\/uploads\/2023\/03\/contour-ls-olijf_Voorkant-boven_jpg_4.jpg\" \/>\n\t<meta property=\"og:image:width\" content=\"1200\" \/>\n\t<meta property=\"og:image:height\" content=\"1800\" \/>\n\t<meta property=\"og:image:type\" content=\"image\/jpeg\" \/>\n<meta name=\"twitter:card\" content=\"summary_large_image\" \/>\n<meta name=\"twitter:label1\" content=\"Dur\u00e9e de lecture estim\u00e9e\" \/>\n\t<meta name=\"twitter:data1\" content=\"1 minute\" \/>\n<script type=\"application\/ld+json\" class=\"yoast-schema-graph\">{\"@context\":\"https:\/\/schema.org\",\"@graph\":[{\"@type\":\"WebPage\",\"@id\":\"https:\/\/fittwear.nl\/product\/contour-seamless-long-sleeve-2-0-olijf\/\",\"url\":\"https:\/\/fittwear.nl\/product\/contour-seamless-long-sleeve-2-0-olijf\/\",\"name\":\"Contour Seamless Long Sleeve 2.0 Olive - FITTwear.nl\",\"isPartOf\":{\"@id\":\"https:\/\/fittwear.nl\/#website\"},\"primaryImageOfPage\":{\"@id\":\"https:\/\/fittwear.nl\/product\/contour-seamless-long-sleeve-2-0-olijf\/#primaryimage\"},\"image\":{\"@id\":\"https:\/\/fittwear.nl\/product\/contour-seamless-long-sleeve-2-0-olijf\/#primaryimage\"},\"thumbnailUrl\":\"https:\/\/fittwear.nl\/wp-content\/uploads\/2023\/03\/contour-ls-olijf_Voorkant-boven_jpg_4.jpg\",\"datePublished\":\"2023-03-14T08:41:20+00:00\",\"dateModified\":\"2026-04-16T23:31:14+00:00\",\"description\":\"LET OP: De long sleeve valt klein dus we adviseren om een maat groter te bestellen. Seamless longsleeve crop shirt met duimopeningen in mouwen maakt onze Contour Seamless lijn compleet. Een mooie aansluitende pasvorm in een naadloos ontwerp biedt samen met de enorme stretchy stof comfort tijdens jouw training. Model Doete is 1.76 en draagt maat S\",\"breadcrumb\":{\"@id\":\"https:\/\/fittwear.nl\/product\/contour-seamless-long-sleeve-2-0-olijf\/#breadcrumb\"},\"inLanguage\":\"fr-FR\",\"potentialAction\":[{\"@type\":\"ReadAction\",\"target\":[\"https:\/\/fittwear.nl\/product\/contour-seamless-long-sleeve-2-0-olijf\/\"]}]},{\"@type\":\"ImageObject\",\"inLanguage\":\"fr-FR\",\"@id\":\"https:\/\/fittwear.nl\/product\/contour-seamless-long-sleeve-2-0-olijf\/#primaryimage\",\"url\":\"https:\/\/fittwear.nl\/wp-content\/uploads\/2023\/03\/contour-ls-olijf_Voorkant-boven_jpg_4.jpg\",\"contentUrl\":\"https:\/\/fittwear.nl\/wp-content\/uploads\/2023\/03\/contour-ls-olijf_Voorkant-boven_jpg_4.jpg\",\"width\":1200,\"height\":1800},{\"@type\":\"BreadcrumbList\",\"@id\":\"https:\/\/fittwear.nl\/product\/contour-seamless-long-sleeve-2-0-olijf\/#breadcrumb\",\"itemListElement\":[{\"@type\":\"ListItem\",\"position\":1,\"name\":\"Home\",\"item\":\"https:\/\/fittwear.nl\/\"},{\"@type\":\"ListItem\",\"position\":2,\"name\":\"Shop\",\"item\":\"https:\/\/fittwear.nl\/shop\/\"},{\"@type\":\"ListItem\",\"position\":3,\"name\":\"Contour Seamless Long Sleeve 2.0 Olive\"}]},{\"@type\":\"WebSite\",\"@id\":\"https:\/\/fittwear.nl\/#website\",\"url\":\"https:\/\/fittwear.nl\/\",\"name\":\"FITTwear.nl\",\"description\":\"Time to shine!\",\"publisher\":{\"@id\":\"https:\/\/fittwear.nl\/#organization\"},\"potentialAction\":[{\"@type\":\"SearchAction\",\"target\":{\"@type\":\"EntryPoint\",\"urlTemplate\":\"https:\/\/fittwear.nl\/?s={search_term_string}\"},\"query-input\":{\"@type\":\"PropertyValueSpecification\",\"valueRequired\":true,\"valueName\":\"search_term_string\"}}],\"inLanguage\":\"fr-FR\"},{\"@type\":\"Organization\",\"@id\":\"https:\/\/fittwear.nl\/#organization\",\"name\":\"FITTwear.nl\",\"url\":\"https:\/\/fittwear.nl\/\",\"logo\":{\"@type\":\"ImageObject\",\"inLanguage\":\"fr-FR\",\"@id\":\"https:\/\/fittwear.nl\/#\/schema\/logo\/image\/\",\"url\":\"https:\/\/fittwear.nl\/wp-content\/uploads\/2024\/07\/FITT-Logo-BeYOUtiful-website-homepage_Tekengebied-1-scaled.jpg\",\"contentUrl\":\"https:\/\/fittwear.nl\/wp-content\/uploads\/2024\/07\/FITT-Logo-BeYOUtiful-website-homepage_Tekengebied-1-scaled.jpg\",\"width\":2560,\"height\":599,\"caption\":\"FITTwear.nl\"},\"image\":{\"@id\":\"https:\/\/fittwear.nl\/#\/schema\/logo\/image\/\"}}]}<\/script>\n<!-- \/ Yoast SEO plugin. -->","yoast_head_json":{"title":"Contour Seamless Long Sleeve 2.0 Olive - FITTwear.fr","description":"REMARQUE : La manche longue est trop petite, nous vous recommandons de commander une taille au-dessus. Cette chemise \u00e0 manches longues sans coutures avec des trous pour les pouces dans les manches compl\u00e8te notre ligne Contour Seamless. Un ajustement serr\u00e9 dans un design sans couture et le tissu extensible offrent un confort pendant votre entra\u00eenement. Le mod\u00e8le Doete mesure 1,76 et porte la taille S.","robots":{"index":"index","follow":"follow","max-snippet":"max-snippet:-1","max-image-preview":"max-image-preview:large","max-video-preview":"max-video-preview:-1"},"canonical":"https:\/\/fittwear.nl\/fr\/produit-2\/contour-sans-couture-manches-longues-2-0-olive\/","og_locale":"fr_FR","og_type":"article","og_title":"Contour Seamless Long Sleeve 2.0 Olive - FITTwear.nl","og_description":"LET OP: De long sleeve valt klein dus we adviseren om een maat groter te bestellen. Seamless longsleeve crop shirt met duimopeningen in mouwen maakt onze Contour Seamless lijn compleet. Een mooie aansluitende pasvorm in een naadloos ontwerp biedt samen met de enorme stretchy stof comfort tijdens jouw training. Model Doete is 1.76 en draagt maat S","og_url":"https:\/\/fittwear.nl\/fr\/produit-2\/contour-sans-couture-manches-longues-2-0-olive\/","og_site_name":"FITTwear.nl","article_modified_time":"2026-04-16T23:31:14+00:00","og_image":[{"width":1200,"height":1800,"url":"https:\/\/fittwear.nl\/wp-content\/uploads\/2023\/03\/contour-ls-olijf_Voorkant-boven_jpg_4.jpg","type":"image\/jpeg"}],"twitter_card":"summary_large_image","twitter_misc":{"Dur\u00e9e de lecture estim\u00e9e":"1 minute"},"schema":{"@context":"https:\/\/schema.org","@graph":[{"@type":"WebPage","@id":"https:\/\/fittwear.nl\/product\/contour-seamless-long-sleeve-2-0-olijf\/","url":"https:\/\/fittwear.nl\/product\/contour-seamless-long-sleeve-2-0-olijf\/","name":"Contour Seamless Long Sleeve 2.0 Olive - FITTwear.fr","isPartOf":{"@id":"https:\/\/fittwear.nl\/#website"},"primaryImageOfPage":{"@id":"https:\/\/fittwear.nl\/product\/contour-seamless-long-sleeve-2-0-olijf\/#primaryimage"},"image":{"@id":"https:\/\/fittwear.nl\/product\/contour-seamless-long-sleeve-2-0-olijf\/#primaryimage"},"thumbnailUrl":"https:\/\/fittwear.nl\/wp-content\/uploads\/2023\/03\/contour-ls-olijf_Voorkant-boven_jpg_4.jpg","datePublished":"2023-03-14T08:41:20+00:00","dateModified":"2026-04-16T23:31:14+00:00","description":"REMARQUE : La manche longue est trop petite, nous vous recommandons de commander une taille au-dessus. Cette chemise \u00e0 manches longues sans coutures avec des trous pour les pouces dans les manches compl\u00e8te notre ligne Contour Seamless. Un ajustement serr\u00e9 dans un design sans couture et le tissu extensible offrent un confort pendant votre entra\u00eenement. Le mod\u00e8le Doete mesure 1,76 et porte la taille S.","breadcrumb":{"@id":"https:\/\/fittwear.nl\/product\/contour-seamless-long-sleeve-2-0-olijf\/#breadcrumb"},"inLanguage":"fr-FR","potentialAction":[{"@type":"ReadAction","target":["https:\/\/fittwear.nl\/product\/contour-seamless-long-sleeve-2-0-olijf\/"]}]},{"@type":"ImageObject","inLanguage":"fr-FR","@id":"https:\/\/fittwear.nl\/product\/contour-seamless-long-sleeve-2-0-olijf\/#primaryimage","url":"https:\/\/fittwear.nl\/wp-content\/uploads\/2023\/03\/contour-ls-olijf_Voorkant-boven_jpg_4.jpg","contentUrl":"https:\/\/fittwear.nl\/wp-content\/uploads\/2023\/03\/contour-ls-olijf_Voorkant-boven_jpg_4.jpg","width":1200,"height":1800},{"@type":"BreadcrumbList","@id":"https:\/\/fittwear.nl\/product\/contour-seamless-long-sleeve-2-0-olijf\/#breadcrumb","itemListElement":[{"@type":"ListItem","position":1,"name":"Home","item":"https:\/\/fittwear.nl\/"},{"@type":"ListItem","position":2,"name":"Shop","item":"https:\/\/fittwear.nl\/shop\/"},{"@type":"ListItem","position":3,"name":"Contour Seamless Long Sleeve 2.0 Olive"}]},{"@type":"WebSite","@id":"https:\/\/fittwear.nl\/#website","url":"https:\/\/fittwear.nl\/","name":"FITTwear.co.uk","description":"C'est le moment de briller !","publisher":{"@id":"https:\/\/fittwear.nl\/#organization"},"potentialAction":[{"@type":"SearchAction","target":{"@type":"EntryPoint","urlTemplate":"https:\/\/fittwear.nl\/?s={search_term_string}"},"query-input":{"@type":"PropertyValueSpecification","valueRequired":true,"valueName":"search_term_string"}}],"inLanguage":"fr-FR"},{"@type":"Organization","@id":"https:\/\/fittwear.nl\/#organization","name":"FITTwear.co.uk","url":"https:\/\/fittwear.nl\/","logo":{"@type":"ImageObject","inLanguage":"fr-FR","@id":"https:\/\/fittwear.nl\/#\/schema\/logo\/image\/","url":"https:\/\/fittwear.nl\/wp-content\/uploads\/2024\/07\/FITT-Logo-BeYOUtiful-website-homepage_Tekengebied-1-scaled.jpg","contentUrl":"https:\/\/fittwear.nl\/wp-content\/uploads\/2024\/07\/FITT-Logo-BeYOUtiful-website-homepage_Tekengebied-1-scaled.jpg","width":2560,"height":599,"caption":"FITTwear.nl"},"image":{"@id":"https:\/\/fittwear.nl\/#\/schema\/logo\/image\/"}}]}},"_links":{"self":[{"href":"https:\/\/fittwear.nl\/fr\/wp-json\/wp\/v2\/product\/57866","targetHints":{"allow":["GET"]}}],"collection":[{"href":"https:\/\/fittwear.nl\/fr\/wp-json\/wp\/v2\/product"}],"about":[{"href":"https:\/\/fittwear.nl\/fr\/wp-json\/wp\/v2\/types\/product"}],"wp:featuredmedia":[{"embeddable":true,"href":"https:\/\/fittwear.nl\/fr\/wp-json\/wp\/v2\/media\/57852"}],"wp:attachment":[{"href":"https:\/\/fittwear.nl\/fr\/wp-json\/wp\/v2\/media?parent=57866"}],"wp:term":[{"taxonomy":"product_brand","embeddable":true,"href":"https:\/\/fittwear.nl\/fr\/wp-json\/wp\/v2\/product_brand?post=57866"},{"taxonomy":"product_cat","embeddable":true,"href":"https:\/\/fittwear.nl\/fr\/wp-json\/wp\/v2\/product_cat?post=57866"},{"taxonomy":"product_tag","embeddable":true,"href":"https:\/\/fittwear.nl\/fr\/wp-json\/wp\/v2\/product_tag?post=57866"}],"curies":[{"name":"wp","href":"https:\/\/api.w.org\/{rel}","templated":true}]}}