{"id":57891,"date":"2023-06-05T15:12:05","date_gmt":"2023-06-05T13:12:05","guid":{"rendered":"https:\/\/fittwear.nl\/?post_type=product&#038;p=57891"},"modified":"2026-05-08T05:59:34","modified_gmt":"2026-05-08T03:59:34","slug":"rib-scrunch-legging-gris-clair","status":"publish","type":"product","link":"https:\/\/fittwear.nl\/fr\/product\/rib-scrunch-legging-light-grey\/","title":{"rendered":"Legging c\u00f4tel\u00e9 gris clair"},"content":{"rendered":"<p><\/p>\n\n\n\n<p>-Les leggings chouchous \u00e0 taille haute<\/p>\n\n\n\n<p>-Tissu de fibres<\/p>\n\n\n\n<p>-Sweetproof<\/p>\n\n\n\n<p>-Squatproof<\/p>\n\n\n\n<p>-Tissu \u00e9lastique<\/p>\n\n\n\n<p>-Couleur : Gris clair<\/p>\n\n\n\n<p>-Nylon 92% et \u00e9lasthanne 8%<\/p>\n\n\n\n<p>-Le mod\u00e8le Doete mesure 1,76 et porte la taille S.<\/p>","protected":false},"excerpt":{"rendered":"<p>Le tissu c\u00f4tel\u00e9 est de tr\u00e8s bonne qualit\u00e9 et tr\u00e8s r\u00e9sistant. Ce tissu convient donc parfaitement \u00e0 tout type d'entra\u00eenement. Le tissu a un aspect fin et chaud et est merveilleusement doux au toucher. La taille haute et les d\u00e9tails froiss\u00e9s au niveau des fesses donnent une belle allure. Embrassez votre curves\u2764\ufe0f<\/p>","protected":false},"featured_media":65930,"template":"","meta":{"_acf_changed":false},"product_brand":[],"product_cat":[63,28,3611,4799],"product_tag":[],"class_list":{"0":"post-57891","1":"product","2":"type-product","3":"status-publish","4":"has-post-thumbnail","6":"product_cat-curves","7":"product_cat-leggings","8":"product_cat-scrunch","9":"product_cat-structures","11":"first","12":"outofstock","13":"taxable","14":"shipping-taxable","15":"product-type-variable","16":"has-default-attributes"},"acf":[],"yoast_head":"<!-- This site is optimized with the Yoast SEO plugin v27.1.1 - https:\/\/yoast.com\/product\/yoast-seo-wordpress\/ -->\n<title>Rib Scrunch Legging Light Grey - FITTwear.nl<\/title>\n<meta name=\"description\" content=\"Ribstof heeft een zeer goede en sterke kwaliteit. Dat maakt de stof uitermate geschikt voor elke training. De stof heeft een fijne, warme uitstraling en voelt daarnaast ook heerlijk zacht aan. De hoge tailleband en het scrunch detail bij de billen geven een mooie uitstraling. Omarm jouw curves\u2764\ufe0f\" \/>\n<meta name=\"robots\" content=\"index, follow, max-snippet:-1, max-image-preview:large, max-video-preview:-1\" \/>\n<link rel=\"canonical\" href=\"https:\/\/fittwear.nl\/fr\/produit-2\/rib-scrunch-legging-gris-clair\/\" \/>\n<meta property=\"og:locale\" content=\"fr_FR\" \/>\n<meta property=\"og:type\" content=\"article\" \/>\n<meta property=\"og:title\" content=\"Rib Scrunch Legging Light Grey - FITTwear.nl\" \/>\n<meta property=\"og:description\" content=\"Ribstof heeft een zeer goede en sterke kwaliteit. Dat maakt de stof uitermate geschikt voor elke training. De stof heeft een fijne, warme uitstraling en voelt daarnaast ook heerlijk zacht aan. De hoge tailleband en het scrunch detail bij de billen geven een mooie uitstraling. Omarm jouw curves\u2764\ufe0f\" \/>\n<meta property=\"og:url\" content=\"https:\/\/fittwear.nl\/fr\/produit-2\/rib-scrunch-legging-gris-clair\/\" \/>\n<meta property=\"og:site_name\" content=\"FITTwear.nl\" \/>\n<meta property=\"article:modified_time\" content=\"2026-05-08T03:59:34+00:00\" \/>\n<meta property=\"og:image\" content=\"https:\/\/fittwear.nl\/wp-content\/uploads\/2023\/03\/rib-scrunch-l-grijs_Voorkant-onder_jpg_4.jpg\" \/>\n\t<meta property=\"og:image:width\" content=\"1200\" \/>\n\t<meta property=\"og:image:height\" content=\"1800\" \/>\n\t<meta property=\"og:image:type\" content=\"image\/jpeg\" \/>\n<meta name=\"twitter:card\" content=\"summary_large_image\" \/>\n<meta name=\"twitter:label1\" content=\"Dur\u00e9e de lecture estim\u00e9e\" \/>\n\t<meta name=\"twitter:data1\" content=\"1 minute\" \/>\n<script type=\"application\/ld+json\" class=\"yoast-schema-graph\">{\"@context\":\"https:\/\/schema.org\",\"@graph\":[{\"@type\":\"WebPage\",\"@id\":\"https:\/\/fittwear.nl\/product\/rib-scrunch-legging-light-grey\/\",\"url\":\"https:\/\/fittwear.nl\/product\/rib-scrunch-legging-light-grey\/\",\"name\":\"Rib Scrunch Legging Light Grey - FITTwear.nl\",\"isPartOf\":{\"@id\":\"https:\/\/fittwear.nl\/#website\"},\"primaryImageOfPage\":{\"@id\":\"https:\/\/fittwear.nl\/product\/rib-scrunch-legging-light-grey\/#primaryimage\"},\"image\":{\"@id\":\"https:\/\/fittwear.nl\/product\/rib-scrunch-legging-light-grey\/#primaryimage\"},\"thumbnailUrl\":\"https:\/\/fittwear.nl\/wp-content\/uploads\/2023\/03\/rib-scrunch-l-grijs_Voorkant-onder_jpg_4.jpg\",\"datePublished\":\"2023-06-05T13:12:05+00:00\",\"dateModified\":\"2026-05-08T03:59:34+00:00\",\"description\":\"Ribstof heeft een zeer goede en sterke kwaliteit. Dat maakt de stof uitermate geschikt voor elke training. De stof heeft een fijne, warme uitstraling en voelt daarnaast ook heerlijk zacht aan. De hoge tailleband en het scrunch detail bij de billen geven een mooie uitstraling. Omarm jouw curves\u2764\ufe0f\",\"breadcrumb\":{\"@id\":\"https:\/\/fittwear.nl\/product\/rib-scrunch-legging-light-grey\/#breadcrumb\"},\"inLanguage\":\"fr-FR\",\"potentialAction\":[{\"@type\":\"ReadAction\",\"target\":[\"https:\/\/fittwear.nl\/product\/rib-scrunch-legging-light-grey\/\"]}]},{\"@type\":\"ImageObject\",\"inLanguage\":\"fr-FR\",\"@id\":\"https:\/\/fittwear.nl\/product\/rib-scrunch-legging-light-grey\/#primaryimage\",\"url\":\"https:\/\/fittwear.nl\/wp-content\/uploads\/2023\/03\/rib-scrunch-l-grijs_Voorkant-onder_jpg_4.jpg\",\"contentUrl\":\"https:\/\/fittwear.nl\/wp-content\/uploads\/2023\/03\/rib-scrunch-l-grijs_Voorkant-onder_jpg_4.jpg\",\"width\":1200,\"height\":1800},{\"@type\":\"BreadcrumbList\",\"@id\":\"https:\/\/fittwear.nl\/product\/rib-scrunch-legging-light-grey\/#breadcrumb\",\"itemListElement\":[{\"@type\":\"ListItem\",\"position\":1,\"name\":\"Home\",\"item\":\"https:\/\/fittwear.nl\/\"},{\"@type\":\"ListItem\",\"position\":2,\"name\":\"Shop\",\"item\":\"https:\/\/fittwear.nl\/shop\/\"},{\"@type\":\"ListItem\",\"position\":3,\"name\":\"Rib Scrunch Legging Light Grey\"}]},{\"@type\":\"WebSite\",\"@id\":\"https:\/\/fittwear.nl\/#website\",\"url\":\"https:\/\/fittwear.nl\/\",\"name\":\"FITTwear.nl\",\"description\":\"Time to shine!\",\"publisher\":{\"@id\":\"https:\/\/fittwear.nl\/#organization\"},\"potentialAction\":[{\"@type\":\"SearchAction\",\"target\":{\"@type\":\"EntryPoint\",\"urlTemplate\":\"https:\/\/fittwear.nl\/?s={search_term_string}\"},\"query-input\":{\"@type\":\"PropertyValueSpecification\",\"valueRequired\":true,\"valueName\":\"search_term_string\"}}],\"inLanguage\":\"fr-FR\"},{\"@type\":\"Organization\",\"@id\":\"https:\/\/fittwear.nl\/#organization\",\"name\":\"FITTwear.nl\",\"url\":\"https:\/\/fittwear.nl\/\",\"logo\":{\"@type\":\"ImageObject\",\"inLanguage\":\"fr-FR\",\"@id\":\"https:\/\/fittwear.nl\/#\/schema\/logo\/image\/\",\"url\":\"https:\/\/fittwear.nl\/wp-content\/uploads\/2024\/07\/FITT-Logo-BeYOUtiful-website-homepage_Tekengebied-1-scaled.jpg\",\"contentUrl\":\"https:\/\/fittwear.nl\/wp-content\/uploads\/2024\/07\/FITT-Logo-BeYOUtiful-website-homepage_Tekengebied-1-scaled.jpg\",\"width\":2560,\"height\":599,\"caption\":\"FITTwear.nl\"},\"image\":{\"@id\":\"https:\/\/fittwear.nl\/#\/schema\/logo\/image\/\"}}]}<\/script>\n<!-- \/ Yoast SEO plugin. -->","yoast_head_json":{"title":"Legging Rib Scrunch Gris clair - FITTwear.fr","description":"Le tissu c\u00f4tel\u00e9 est de tr\u00e8s bonne qualit\u00e9 et tr\u00e8s r\u00e9sistant. Ce tissu convient donc parfaitement \u00e0 tout type d'entra\u00eenement. Le tissu a un aspect fin et chaud et est merveilleusement doux au toucher. La taille haute et les d\u00e9tails froiss\u00e9s au niveau des fesses donnent une belle allure. Embrassez votre curves\u2764\ufe0f","robots":{"index":"index","follow":"follow","max-snippet":"max-snippet:-1","max-image-preview":"max-image-preview:large","max-video-preview":"max-video-preview:-1"},"canonical":"https:\/\/fittwear.nl\/fr\/produit-2\/rib-scrunch-legging-gris-clair\/","og_locale":"fr_FR","og_type":"article","og_title":"Rib Scrunch Legging Light Grey - FITTwear.nl","og_description":"Ribstof heeft een zeer goede en sterke kwaliteit. Dat maakt de stof uitermate geschikt voor elke training. De stof heeft een fijne, warme uitstraling en voelt daarnaast ook heerlijk zacht aan. De hoge tailleband en het scrunch detail bij de billen geven een mooie uitstraling. Omarm jouw curves\u2764\ufe0f","og_url":"https:\/\/fittwear.nl\/fr\/produit-2\/rib-scrunch-legging-gris-clair\/","og_site_name":"FITTwear.nl","article_modified_time":"2026-05-08T03:59:34+00:00","og_image":[{"width":1200,"height":1800,"url":"https:\/\/fittwear.nl\/wp-content\/uploads\/2023\/03\/rib-scrunch-l-grijs_Voorkant-onder_jpg_4.jpg","type":"image\/jpeg"}],"twitter_card":"summary_large_image","twitter_misc":{"Dur\u00e9e de lecture estim\u00e9e":"1 minute"},"schema":{"@context":"https:\/\/schema.org","@graph":[{"@type":"WebPage","@id":"https:\/\/fittwear.nl\/product\/rib-scrunch-legging-light-grey\/","url":"https:\/\/fittwear.nl\/product\/rib-scrunch-legging-light-grey\/","name":"Legging Rib Scrunch Gris clair - FITTwear.fr","isPartOf":{"@id":"https:\/\/fittwear.nl\/#website"},"primaryImageOfPage":{"@id":"https:\/\/fittwear.nl\/product\/rib-scrunch-legging-light-grey\/#primaryimage"},"image":{"@id":"https:\/\/fittwear.nl\/product\/rib-scrunch-legging-light-grey\/#primaryimage"},"thumbnailUrl":"https:\/\/fittwear.nl\/wp-content\/uploads\/2023\/03\/rib-scrunch-l-grijs_Voorkant-onder_jpg_4.jpg","datePublished":"2023-06-05T13:12:05+00:00","dateModified":"2026-05-08T03:59:34+00:00","description":"Le tissu c\u00f4tel\u00e9 est de tr\u00e8s bonne qualit\u00e9 et tr\u00e8s r\u00e9sistant. Ce tissu convient donc parfaitement \u00e0 tout type d'entra\u00eenement. Le tissu a un aspect fin et chaud et est merveilleusement doux au toucher. La taille haute et les d\u00e9tails froiss\u00e9s au niveau des fesses donnent une belle allure. Embrassez votre curves\u2764\ufe0f","breadcrumb":{"@id":"https:\/\/fittwear.nl\/product\/rib-scrunch-legging-light-grey\/#breadcrumb"},"inLanguage":"fr-FR","potentialAction":[{"@type":"ReadAction","target":["https:\/\/fittwear.nl\/product\/rib-scrunch-legging-light-grey\/"]}]},{"@type":"ImageObject","inLanguage":"fr-FR","@id":"https:\/\/fittwear.nl\/product\/rib-scrunch-legging-light-grey\/#primaryimage","url":"https:\/\/fittwear.nl\/wp-content\/uploads\/2023\/03\/rib-scrunch-l-grijs_Voorkant-onder_jpg_4.jpg","contentUrl":"https:\/\/fittwear.nl\/wp-content\/uploads\/2023\/03\/rib-scrunch-l-grijs_Voorkant-onder_jpg_4.jpg","width":1200,"height":1800},{"@type":"BreadcrumbList","@id":"https:\/\/fittwear.nl\/product\/rib-scrunch-legging-light-grey\/#breadcrumb","itemListElement":[{"@type":"ListItem","position":1,"name":"Home","item":"https:\/\/fittwear.nl\/"},{"@type":"ListItem","position":2,"name":"Shop","item":"https:\/\/fittwear.nl\/shop\/"},{"@type":"ListItem","position":3,"name":"Rib Scrunch Legging Light Grey"}]},{"@type":"WebSite","@id":"https:\/\/fittwear.nl\/#website","url":"https:\/\/fittwear.nl\/","name":"FITTwear.co.uk","description":"C'est le moment de briller !","publisher":{"@id":"https:\/\/fittwear.nl\/#organization"},"potentialAction":[{"@type":"SearchAction","target":{"@type":"EntryPoint","urlTemplate":"https:\/\/fittwear.nl\/?s={search_term_string}"},"query-input":{"@type":"PropertyValueSpecification","valueRequired":true,"valueName":"search_term_string"}}],"inLanguage":"fr-FR"},{"@type":"Organization","@id":"https:\/\/fittwear.nl\/#organization","name":"FITTwear.co.uk","url":"https:\/\/fittwear.nl\/","logo":{"@type":"ImageObject","inLanguage":"fr-FR","@id":"https:\/\/fittwear.nl\/#\/schema\/logo\/image\/","url":"https:\/\/fittwear.nl\/wp-content\/uploads\/2024\/07\/FITT-Logo-BeYOUtiful-website-homepage_Tekengebied-1-scaled.jpg","contentUrl":"https:\/\/fittwear.nl\/wp-content\/uploads\/2024\/07\/FITT-Logo-BeYOUtiful-website-homepage_Tekengebied-1-scaled.jpg","width":2560,"height":599,"caption":"FITTwear.nl"},"image":{"@id":"https:\/\/fittwear.nl\/#\/schema\/logo\/image\/"}}]}},"_links":{"self":[{"href":"https:\/\/fittwear.nl\/fr\/wp-json\/wp\/v2\/product\/57891","targetHints":{"allow":["GET"]}}],"collection":[{"href":"https:\/\/fittwear.nl\/fr\/wp-json\/wp\/v2\/product"}],"about":[{"href":"https:\/\/fittwear.nl\/fr\/wp-json\/wp\/v2\/types\/product"}],"wp:featuredmedia":[{"embeddable":true,"href":"https:\/\/fittwear.nl\/fr\/wp-json\/wp\/v2\/media\/65930"}],"wp:attachment":[{"href":"https:\/\/fittwear.nl\/fr\/wp-json\/wp\/v2\/media?parent=57891"}],"wp:term":[{"taxonomy":"product_brand","embeddable":true,"href":"https:\/\/fittwear.nl\/fr\/wp-json\/wp\/v2\/product_brand?post=57891"},{"taxonomy":"product_cat","embeddable":true,"href":"https:\/\/fittwear.nl\/fr\/wp-json\/wp\/v2\/product_cat?post=57891"},{"taxonomy":"product_tag","embeddable":true,"href":"https:\/\/fittwear.nl\/fr\/wp-json\/wp\/v2\/product_tag?post=57891"}],"curies":[{"name":"wp","href":"https:\/\/api.w.org\/{rel}","templated":true}]}}