{"id":61419,"date":"2023-04-18T12:02:02","date_gmt":"2023-04-18T10:02:02","guid":{"rendered":"https:\/\/fittwear.nl\/?post_type=product&#038;p=61419"},"modified":"2026-04-17T01:29:58","modified_gmt":"2026-04-16T23:29:58","slug":"rester-en-place-gris-court","status":"publish","type":"product","link":"https:\/\/fittwear.nl\/fr\/product\/stay-in-place-short-grey\/","title":{"rendered":"Stay In Place Short Grey"},"content":{"rendered":"<p>&#8211; High Waist<\/p>\n\n\n\n<p>- Logo imprim\u00e9 au dos<\/p>\n\n\n\n<p>&#8211; 2 zakken aan de zijkant<\/p>\n\n\n\n<p>&#8211; Blijft zitten op zijn plek<\/p>\n\n\n\n<p>- Couleur : Gris<\/p>\n\n\n\n<p>&#8211; Tot 30\u00b0 wassen<\/p>\n\n\n\n<p>&#8211; 75% Nylon, 25% Elastaan<\/p>\n\n\n\n<p>- Le mod\u00e8le Donna mesure 1,82 et porte la taille M.<\/p>","protected":false},"excerpt":{"rendered":"<p>Vous \u00eates \u00e0 la recherche d'un short doux et souple au toucher, qui suit votre corps sans effort \u00e0 chaque mouvement, qui reste parfaitement en place, qui s\u00e8che rapidement, qui est merveilleusement confortable et pratique, qui est \u00e0 la mode et qui est \u00e9galement id\u00e9al pour toutes vos s\u00e9ances d'entra\u00eenement endiabl\u00e9es ? Alors notre short Stay In Place est le short id\u00e9al pour vous ! Qu'il s'agisse d'un entra\u00eenement intensif \u00e0 la salle de sport, d'une belle randonn\u00e9e en montagne, d'une course \u00e0 pied par un matin d'\u00e9t\u00e9 frais ou par une soir\u00e9e d'\u00e9t\u00e9 \u00e9touffante, avec notre short Stay In Place, vous resterez toujours assise et bougerez sans effort et profiterez de tous les moments o\u00f9 vous voudrez faire exactement ce qui vous fait du bien \u00e0 vous et \u00e0 votre corps !<\/p>","protected":false},"featured_media":61426,"template":"","meta":{"_acf_changed":false},"product_brand":[],"product_cat":[4812,4800,93,4744,4760,114,64,65],"product_tag":[],"class_list":{"0":"post-61419","1":"product","2":"type-product","3":"status-publish","4":"has-post-thumbnail","6":"product_cat-forever-favorites-categorie","7":"product_cat-running-collection","8":"product_cat-shorts","9":"product_cat-geen-scrunch-shorts","10":"product_cat-pocket-shorts","11":"product_cat-best-sellers","12":"product_cat-hardloopkleding","13":"product_cat-yogakleding","15":"first","16":"instock","17":"taxable","18":"shipping-taxable","19":"purchasable","20":"product-type-variable","21":"has-default-attributes"},"acf":[],"yoast_head":"<!-- This site is optimized with the Yoast SEO plugin v27.1.1 - https:\/\/yoast.com\/product\/yoast-seo-wordpress\/ -->\n<title>Stay In Place Short Grey - FITTwear.nl<\/title>\n<meta name=\"description\" content=\"Zoek je een short die zacht en soepel aanvoelt, jouw lichaam bij elke beweging moeiteloos volgt, uitstekend op zijn plek blijft zitten, een sneldrogende stof heeft, heerlijke comfortabel en praktisch is, er fashionable uitziet \u00e9n daarbij ook nog eens ideaal is voor tijdens al jouw warme workouts? Dan is onze Stay In Place Short de ideale short voor jou! Of je nu gaat voor een stevige work-out in de gym, een prachtige hike in de bergen, een run tijdens een koele zomerochtend of juist \u00e9\u00e9n tijdens een zwoele zomeravond, met onze Stay In Place Short zit en beweeg je altijd moeiteloos en geniet je tevens zorgeloos van alle momenten waarop jij precies dat wil doen wat goed voelt voor jou en jouw lichaam!\" \/>\n<meta name=\"robots\" content=\"index, follow, max-snippet:-1, max-image-preview:large, max-video-preview:-1\" \/>\n<link rel=\"canonical\" href=\"https:\/\/fittwear.nl\/fr\/produit-2\/rester-en-place-gris-court\/\" \/>\n<meta property=\"og:locale\" content=\"fr_FR\" \/>\n<meta property=\"og:type\" content=\"article\" \/>\n<meta property=\"og:title\" content=\"Stay In Place Short Grey - FITTwear.nl\" \/>\n<meta property=\"og:description\" content=\"Zoek je een short die zacht en soepel aanvoelt, jouw lichaam bij elke beweging moeiteloos volgt, uitstekend op zijn plek blijft zitten, een sneldrogende stof heeft, heerlijke comfortabel en praktisch is, er fashionable uitziet \u00e9n daarbij ook nog eens ideaal is voor tijdens al jouw warme workouts? Dan is onze Stay In Place Short de ideale short voor jou! Of je nu gaat voor een stevige work-out in de gym, een prachtige hike in de bergen, een run tijdens een koele zomerochtend of juist \u00e9\u00e9n tijdens een zwoele zomeravond, met onze Stay In Place Short zit en beweeg je altijd moeiteloos en geniet je tevens zorgeloos van alle momenten waarop jij precies dat wil doen wat goed voelt voor jou en jouw lichaam!\" \/>\n<meta property=\"og:url\" content=\"https:\/\/fittwear.nl\/fr\/produit-2\/rester-en-place-gris-court\/\" \/>\n<meta property=\"og:site_name\" content=\"FITTwear.nl\" \/>\n<meta property=\"article:modified_time\" content=\"2026-04-16T23:29:58+00:00\" \/>\n<meta property=\"og:image\" content=\"https:\/\/fittwear.nl\/wp-content\/uploads\/2023\/04\/short-pocket-grey_Voorkant-onder_jpg_4.jpg\" \/>\n\t<meta property=\"og:image:width\" content=\"1200\" \/>\n\t<meta property=\"og:image:height\" content=\"1800\" \/>\n\t<meta property=\"og:image:type\" content=\"image\/jpeg\" \/>\n<meta name=\"twitter:card\" content=\"summary_large_image\" \/>\n<meta name=\"twitter:label1\" content=\"Dur\u00e9e de lecture estim\u00e9e\" \/>\n\t<meta name=\"twitter:data1\" content=\"1 minute\" \/>\n<script type=\"application\/ld+json\" class=\"yoast-schema-graph\">{\"@context\":\"https:\/\/schema.org\",\"@graph\":[{\"@type\":\"WebPage\",\"@id\":\"https:\/\/fittwear.nl\/product\/stay-in-place-short-grey\/\",\"url\":\"https:\/\/fittwear.nl\/product\/stay-in-place-short-grey\/\",\"name\":\"Stay In Place Short Grey - FITTwear.nl\",\"isPartOf\":{\"@id\":\"https:\/\/fittwear.nl\/#website\"},\"primaryImageOfPage\":{\"@id\":\"https:\/\/fittwear.nl\/product\/stay-in-place-short-grey\/#primaryimage\"},\"image\":{\"@id\":\"https:\/\/fittwear.nl\/product\/stay-in-place-short-grey\/#primaryimage\"},\"thumbnailUrl\":\"https:\/\/fittwear.nl\/wp-content\/uploads\/2023\/04\/short-pocket-grey_Voorkant-onder_jpg_4.jpg\",\"datePublished\":\"2023-04-18T10:02:02+00:00\",\"dateModified\":\"2026-04-16T23:29:58+00:00\",\"description\":\"Zoek je een short die zacht en soepel aanvoelt, jouw lichaam bij elke beweging moeiteloos volgt, uitstekend op zijn plek blijft zitten, een sneldrogende stof heeft, heerlijke comfortabel en praktisch is, er fashionable uitziet \u00e9n daarbij ook nog eens ideaal is voor tijdens al jouw warme workouts? Dan is onze Stay In Place Short de ideale short voor jou! Of je nu gaat voor een stevige work-out in de gym, een prachtige hike in de bergen, een run tijdens een koele zomerochtend of juist \u00e9\u00e9n tijdens een zwoele zomeravond, met onze Stay In Place Short zit en beweeg je altijd moeiteloos en geniet je tevens zorgeloos van alle momenten waarop jij precies dat wil doen wat goed voelt voor jou en jouw lichaam!\",\"breadcrumb\":{\"@id\":\"https:\/\/fittwear.nl\/product\/stay-in-place-short-grey\/#breadcrumb\"},\"inLanguage\":\"fr-FR\",\"potentialAction\":[{\"@type\":\"ReadAction\",\"target\":[\"https:\/\/fittwear.nl\/product\/stay-in-place-short-grey\/\"]}]},{\"@type\":\"ImageObject\",\"inLanguage\":\"fr-FR\",\"@id\":\"https:\/\/fittwear.nl\/product\/stay-in-place-short-grey\/#primaryimage\",\"url\":\"https:\/\/fittwear.nl\/wp-content\/uploads\/2023\/04\/short-pocket-grey_Voorkant-onder_jpg_4.jpg\",\"contentUrl\":\"https:\/\/fittwear.nl\/wp-content\/uploads\/2023\/04\/short-pocket-grey_Voorkant-onder_jpg_4.jpg\",\"width\":1200,\"height\":1800},{\"@type\":\"BreadcrumbList\",\"@id\":\"https:\/\/fittwear.nl\/product\/stay-in-place-short-grey\/#breadcrumb\",\"itemListElement\":[{\"@type\":\"ListItem\",\"position\":1,\"name\":\"Home\",\"item\":\"https:\/\/fittwear.nl\/\"},{\"@type\":\"ListItem\",\"position\":2,\"name\":\"Shop\",\"item\":\"https:\/\/fittwear.nl\/shop\/\"},{\"@type\":\"ListItem\",\"position\":3,\"name\":\"Stay In Place Short Grey\"}]},{\"@type\":\"WebSite\",\"@id\":\"https:\/\/fittwear.nl\/#website\",\"url\":\"https:\/\/fittwear.nl\/\",\"name\":\"FITTwear.nl\",\"description\":\"Time to shine!\",\"publisher\":{\"@id\":\"https:\/\/fittwear.nl\/#organization\"},\"potentialAction\":[{\"@type\":\"SearchAction\",\"target\":{\"@type\":\"EntryPoint\",\"urlTemplate\":\"https:\/\/fittwear.nl\/?s={search_term_string}\"},\"query-input\":{\"@type\":\"PropertyValueSpecification\",\"valueRequired\":true,\"valueName\":\"search_term_string\"}}],\"inLanguage\":\"fr-FR\"},{\"@type\":\"Organization\",\"@id\":\"https:\/\/fittwear.nl\/#organization\",\"name\":\"FITTwear.nl\",\"url\":\"https:\/\/fittwear.nl\/\",\"logo\":{\"@type\":\"ImageObject\",\"inLanguage\":\"fr-FR\",\"@id\":\"https:\/\/fittwear.nl\/#\/schema\/logo\/image\/\",\"url\":\"https:\/\/fittwear.nl\/wp-content\/uploads\/2024\/07\/FITT-Logo-BeYOUtiful-website-homepage_Tekengebied-1-scaled.jpg\",\"contentUrl\":\"https:\/\/fittwear.nl\/wp-content\/uploads\/2024\/07\/FITT-Logo-BeYOUtiful-website-homepage_Tekengebied-1-scaled.jpg\",\"width\":2560,\"height\":599,\"caption\":\"FITTwear.nl\"},\"image\":{\"@id\":\"https:\/\/fittwear.nl\/#\/schema\/logo\/image\/\"}}]}<\/script>\n<!-- \/ Yoast SEO plugin. -->","yoast_head_json":{"title":"Short Stay In Place Gris - FITTwear.com","description":"Vous \u00eates \u00e0 la recherche d'un short doux et souple au toucher, qui suit votre corps sans effort \u00e0 chaque mouvement, qui reste parfaitement en place, qui s\u00e8che rapidement, qui est merveilleusement confortable et pratique, qui est \u00e0 la mode et qui est \u00e9galement id\u00e9al pour toutes vos s\u00e9ances d'entra\u00eenement endiabl\u00e9es ? Alors notre short Stay In Place est le short id\u00e9al pour vous ! Qu'il s'agisse d'un entra\u00eenement intensif \u00e0 la salle de sport, d'une belle randonn\u00e9e en montagne, d'une course \u00e0 pied par un matin d'\u00e9t\u00e9 frais ou par une soir\u00e9e d'\u00e9t\u00e9 \u00e9touffante, avec notre short Stay In Place, vous resterez toujours assise et bougerez sans effort et profiterez de tous les moments o\u00f9 vous voudrez faire exactement ce qui vous fait du bien \u00e0 vous et \u00e0 votre corps !","robots":{"index":"index","follow":"follow","max-snippet":"max-snippet:-1","max-image-preview":"max-image-preview:large","max-video-preview":"max-video-preview:-1"},"canonical":"https:\/\/fittwear.nl\/fr\/produit-2\/rester-en-place-gris-court\/","og_locale":"fr_FR","og_type":"article","og_title":"Stay In Place Short Grey - FITTwear.nl","og_description":"Zoek je een short die zacht en soepel aanvoelt, jouw lichaam bij elke beweging moeiteloos volgt, uitstekend op zijn plek blijft zitten, een sneldrogende stof heeft, heerlijke comfortabel en praktisch is, er fashionable uitziet \u00e9n daarbij ook nog eens ideaal is voor tijdens al jouw warme workouts? Dan is onze Stay In Place Short de ideale short voor jou! Of je nu gaat voor een stevige work-out in de gym, een prachtige hike in de bergen, een run tijdens een koele zomerochtend of juist \u00e9\u00e9n tijdens een zwoele zomeravond, met onze Stay In Place Short zit en beweeg je altijd moeiteloos en geniet je tevens zorgeloos van alle momenten waarop jij precies dat wil doen wat goed voelt voor jou en jouw lichaam!","og_url":"https:\/\/fittwear.nl\/fr\/produit-2\/rester-en-place-gris-court\/","og_site_name":"FITTwear.nl","article_modified_time":"2026-04-16T23:29:58+00:00","og_image":[{"width":1200,"height":1800,"url":"https:\/\/fittwear.nl\/wp-content\/uploads\/2023\/04\/short-pocket-grey_Voorkant-onder_jpg_4.jpg","type":"image\/jpeg"}],"twitter_card":"summary_large_image","twitter_misc":{"Dur\u00e9e de lecture estim\u00e9e":"1 minute"},"schema":{"@context":"https:\/\/schema.org","@graph":[{"@type":"WebPage","@id":"https:\/\/fittwear.nl\/product\/stay-in-place-short-grey\/","url":"https:\/\/fittwear.nl\/product\/stay-in-place-short-grey\/","name":"Short Stay In Place Gris - FITTwear.com","isPartOf":{"@id":"https:\/\/fittwear.nl\/#website"},"primaryImageOfPage":{"@id":"https:\/\/fittwear.nl\/product\/stay-in-place-short-grey\/#primaryimage"},"image":{"@id":"https:\/\/fittwear.nl\/product\/stay-in-place-short-grey\/#primaryimage"},"thumbnailUrl":"https:\/\/fittwear.nl\/wp-content\/uploads\/2023\/04\/short-pocket-grey_Voorkant-onder_jpg_4.jpg","datePublished":"2023-04-18T10:02:02+00:00","dateModified":"2026-04-16T23:29:58+00:00","description":"Vous \u00eates \u00e0 la recherche d'un short doux et souple au toucher, qui suit votre corps sans effort \u00e0 chaque mouvement, qui reste parfaitement en place, qui s\u00e8che rapidement, qui est merveilleusement confortable et pratique, qui est \u00e0 la mode et qui est \u00e9galement id\u00e9al pour toutes vos s\u00e9ances d'entra\u00eenement endiabl\u00e9es ? Alors notre short Stay In Place est le short id\u00e9al pour vous ! Qu'il s'agisse d'un entra\u00eenement intensif \u00e0 la salle de sport, d'une belle randonn\u00e9e en montagne, d'une course \u00e0 pied par un matin d'\u00e9t\u00e9 frais ou par une soir\u00e9e d'\u00e9t\u00e9 \u00e9touffante, avec notre short Stay In Place, vous resterez toujours assise et bougerez sans effort et profiterez de tous les moments o\u00f9 vous voudrez faire exactement ce qui vous fait du bien \u00e0 vous et \u00e0 votre corps !","breadcrumb":{"@id":"https:\/\/fittwear.nl\/product\/stay-in-place-short-grey\/#breadcrumb"},"inLanguage":"fr-FR","potentialAction":[{"@type":"ReadAction","target":["https:\/\/fittwear.nl\/product\/stay-in-place-short-grey\/"]}]},{"@type":"ImageObject","inLanguage":"fr-FR","@id":"https:\/\/fittwear.nl\/product\/stay-in-place-short-grey\/#primaryimage","url":"https:\/\/fittwear.nl\/wp-content\/uploads\/2023\/04\/short-pocket-grey_Voorkant-onder_jpg_4.jpg","contentUrl":"https:\/\/fittwear.nl\/wp-content\/uploads\/2023\/04\/short-pocket-grey_Voorkant-onder_jpg_4.jpg","width":1200,"height":1800},{"@type":"BreadcrumbList","@id":"https:\/\/fittwear.nl\/product\/stay-in-place-short-grey\/#breadcrumb","itemListElement":[{"@type":"ListItem","position":1,"name":"Home","item":"https:\/\/fittwear.nl\/"},{"@type":"ListItem","position":2,"name":"Shop","item":"https:\/\/fittwear.nl\/shop\/"},{"@type":"ListItem","position":3,"name":"Stay In Place Short Grey"}]},{"@type":"WebSite","@id":"https:\/\/fittwear.nl\/#website","url":"https:\/\/fittwear.nl\/","name":"FITTwear.co.uk","description":"C'est le moment de briller !","publisher":{"@id":"https:\/\/fittwear.nl\/#organization"},"potentialAction":[{"@type":"SearchAction","target":{"@type":"EntryPoint","urlTemplate":"https:\/\/fittwear.nl\/?s={search_term_string}"},"query-input":{"@type":"PropertyValueSpecification","valueRequired":true,"valueName":"search_term_string"}}],"inLanguage":"fr-FR"},{"@type":"Organization","@id":"https:\/\/fittwear.nl\/#organization","name":"FITTwear.co.uk","url":"https:\/\/fittwear.nl\/","logo":{"@type":"ImageObject","inLanguage":"fr-FR","@id":"https:\/\/fittwear.nl\/#\/schema\/logo\/image\/","url":"https:\/\/fittwear.nl\/wp-content\/uploads\/2024\/07\/FITT-Logo-BeYOUtiful-website-homepage_Tekengebied-1-scaled.jpg","contentUrl":"https:\/\/fittwear.nl\/wp-content\/uploads\/2024\/07\/FITT-Logo-BeYOUtiful-website-homepage_Tekengebied-1-scaled.jpg","width":2560,"height":599,"caption":"FITTwear.nl"},"image":{"@id":"https:\/\/fittwear.nl\/#\/schema\/logo\/image\/"}}]}},"_links":{"self":[{"href":"https:\/\/fittwear.nl\/fr\/wp-json\/wp\/v2\/product\/61419","targetHints":{"allow":["GET"]}}],"collection":[{"href":"https:\/\/fittwear.nl\/fr\/wp-json\/wp\/v2\/product"}],"about":[{"href":"https:\/\/fittwear.nl\/fr\/wp-json\/wp\/v2\/types\/product"}],"wp:featuredmedia":[{"embeddable":true,"href":"https:\/\/fittwear.nl\/fr\/wp-json\/wp\/v2\/media\/61426"}],"wp:attachment":[{"href":"https:\/\/fittwear.nl\/fr\/wp-json\/wp\/v2\/media?parent=61419"}],"wp:term":[{"taxonomy":"product_brand","embeddable":true,"href":"https:\/\/fittwear.nl\/fr\/wp-json\/wp\/v2\/product_brand?post=61419"},{"taxonomy":"product_cat","embeddable":true,"href":"https:\/\/fittwear.nl\/fr\/wp-json\/wp\/v2\/product_cat?post=61419"},{"taxonomy":"product_tag","embeddable":true,"href":"https:\/\/fittwear.nl\/fr\/wp-json\/wp\/v2\/product_tag?post=61419"}],"curies":[{"name":"wp","href":"https:\/\/api.w.org\/{rel}","templated":true}]}}