{"id":61485,"date":"2023-04-20T10:31:19","date_gmt":"2023-04-20T08:31:19","guid":{"rendered":"https:\/\/fittwear.nl\/?post_type=product&#038;p=61485"},"modified":"2026-04-26T13:52:14","modified_gmt":"2026-04-26T11:52:14","slug":"cote-sans-couture-bh-noir","status":"publish","type":"product","link":"https:\/\/fittwear.nl\/fr\/product\/rib-seamless-bh-black\/","title":{"rendered":"Soutien-gorge c\u00f4tel\u00e9 sans couture Noir"},"content":{"rendered":"<p>-brassi\u00e8re avec coussinets<\/p>\n\n\n\n<p>-Encolure ronde<\/p>\n\n\n\n<p>-Bretelles non r\u00e9glables<\/p>\n\n\n\n<p>-Tissu c\u00f4tel\u00e9 solide<\/p>\n\n\n\n<p>-Logo imprim\u00e9 sur le devant<\/p>\n\n\n\n<p>-Couleur : Noir<\/p>\n\n\n\n<p>&#8211; Tot 30\u00b0C wasbaar<\/p>\n\n\n\n<p>- 90% Nylon, 10% Spandex<\/p>\n\n\n\n<p>- Le mod\u00e8le Donna mesure 1,82 et porte la taille M.<\/p>","protected":false},"excerpt":{"rendered":"<p>La brassi\u00e8re sans coutures en tissu c\u00f4tel\u00e9 est un excellent compl\u00e9ment \u00e0 votre collection de v\u00eatements de sport ! Avec son tissu c\u00f4tel\u00e9 robuste, le soutien-gorge offre une bonne compression et sa large bande le rend parfait pour n'importe quelle s\u00e9ance d'entra\u00eenement ! Il est temps de briller FITT Girls !<\/p>","protected":false},"featured_media":61825,"template":"","meta":{"_acf_changed":false},"product_brand":[],"product_cat":[63,54,89,52,4799],"product_tag":[],"class_list":{"0":"post-61485","1":"product","2":"type-product","3":"status-publish","4":"has-post-thumbnail","6":"product_cat-curves","7":"product_cat-new","8":"product_cat-seamless-sport-bhs","9":"product_cat-sport-bhs","10":"product_cat-structures","12":"first","13":"outofstock","14":"taxable","15":"shipping-taxable","16":"product-type-variable","17":"has-default-attributes"},"acf":[],"yoast_head":"<!-- This site is optimized with the Yoast SEO plugin v27.1.1 - https:\/\/yoast.com\/product\/yoast-seo-wordpress\/ -->\n<title>Rib Seamless BH Black - FITTwear.nl<\/title>\n<meta name=\"description\" content=\"De rib seamless BH is een fantastische toevoeging aan jouw sportcollectie! Door de stevige ribstof biedt de BH goede compressie en is hij met zijn brede band perfect voor elke workout! It\u2019 s time to shine FITT Girls!\" \/>\n<meta name=\"robots\" content=\"index, follow, max-snippet:-1, max-image-preview:large, max-video-preview:-1\" \/>\n<link rel=\"canonical\" href=\"https:\/\/fittwear.nl\/fr\/produit-2\/cote-sans-couture-bh-noir\/\" \/>\n<meta property=\"og:locale\" content=\"fr_FR\" \/>\n<meta property=\"og:type\" content=\"article\" \/>\n<meta property=\"og:title\" content=\"Rib Seamless BH Black - FITTwear.nl\" \/>\n<meta property=\"og:description\" content=\"De rib seamless BH is een fantastische toevoeging aan jouw sportcollectie! Door de stevige ribstof biedt de BH goede compressie en is hij met zijn brede band perfect voor elke workout! It\u2019 s time to shine FITT Girls!\" \/>\n<meta property=\"og:url\" content=\"https:\/\/fittwear.nl\/fr\/produit-2\/cote-sans-couture-bh-noir\/\" \/>\n<meta property=\"og:site_name\" content=\"FITTwear.nl\" \/>\n<meta property=\"article:modified_time\" content=\"2026-04-26T11:52:14+00:00\" \/>\n<meta property=\"og:image\" content=\"https:\/\/fittwear.nl\/wp-content\/uploads\/2023\/04\/new-rib-zwart-bh_Voorkant-boven_jpg_3.jpg\" \/>\n\t<meta property=\"og:image:width\" content=\"1200\" \/>\n\t<meta property=\"og:image:height\" content=\"1800\" \/>\n\t<meta property=\"og:image:type\" content=\"image\/jpeg\" \/>\n<meta name=\"twitter:card\" content=\"summary_large_image\" \/>\n<meta name=\"twitter:label1\" content=\"Dur\u00e9e de lecture estim\u00e9e\" \/>\n\t<meta name=\"twitter:data1\" content=\"1 minute\" \/>\n<script type=\"application\/ld+json\" class=\"yoast-schema-graph\">{\"@context\":\"https:\/\/schema.org\",\"@graph\":[{\"@type\":\"WebPage\",\"@id\":\"https:\/\/fittwear.nl\/product\/rib-seamless-bh-black\/\",\"url\":\"https:\/\/fittwear.nl\/product\/rib-seamless-bh-black\/\",\"name\":\"Rib Seamless BH Black - FITTwear.nl\",\"isPartOf\":{\"@id\":\"https:\/\/fittwear.nl\/#website\"},\"primaryImageOfPage\":{\"@id\":\"https:\/\/fittwear.nl\/product\/rib-seamless-bh-black\/#primaryimage\"},\"image\":{\"@id\":\"https:\/\/fittwear.nl\/product\/rib-seamless-bh-black\/#primaryimage\"},\"thumbnailUrl\":\"https:\/\/fittwear.nl\/wp-content\/uploads\/2023\/04\/new-rib-zwart-bh_Voorkant-boven_jpg_3.jpg\",\"datePublished\":\"2023-04-20T08:31:19+00:00\",\"dateModified\":\"2026-04-26T11:52:14+00:00\",\"description\":\"De rib seamless BH is een fantastische toevoeging aan jouw sportcollectie! Door de stevige ribstof biedt de BH goede compressie en is hij met zijn brede band perfect voor elke workout! It\u2019 s time to shine FITT Girls!\",\"breadcrumb\":{\"@id\":\"https:\/\/fittwear.nl\/product\/rib-seamless-bh-black\/#breadcrumb\"},\"inLanguage\":\"fr-FR\",\"potentialAction\":[{\"@type\":\"ReadAction\",\"target\":[\"https:\/\/fittwear.nl\/product\/rib-seamless-bh-black\/\"]}]},{\"@type\":\"ImageObject\",\"inLanguage\":\"fr-FR\",\"@id\":\"https:\/\/fittwear.nl\/product\/rib-seamless-bh-black\/#primaryimage\",\"url\":\"https:\/\/fittwear.nl\/wp-content\/uploads\/2023\/04\/new-rib-zwart-bh_Voorkant-boven_jpg_3.jpg\",\"contentUrl\":\"https:\/\/fittwear.nl\/wp-content\/uploads\/2023\/04\/new-rib-zwart-bh_Voorkant-boven_jpg_3.jpg\",\"width\":1200,\"height\":1800},{\"@type\":\"BreadcrumbList\",\"@id\":\"https:\/\/fittwear.nl\/product\/rib-seamless-bh-black\/#breadcrumb\",\"itemListElement\":[{\"@type\":\"ListItem\",\"position\":1,\"name\":\"Home\",\"item\":\"https:\/\/fittwear.nl\/\"},{\"@type\":\"ListItem\",\"position\":2,\"name\":\"Shop\",\"item\":\"https:\/\/fittwear.nl\/shop\/\"},{\"@type\":\"ListItem\",\"position\":3,\"name\":\"Rib Seamless BH Black\"}]},{\"@type\":\"WebSite\",\"@id\":\"https:\/\/fittwear.nl\/#website\",\"url\":\"https:\/\/fittwear.nl\/\",\"name\":\"FITTwear.nl\",\"description\":\"Time to shine!\",\"publisher\":{\"@id\":\"https:\/\/fittwear.nl\/#organization\"},\"potentialAction\":[{\"@type\":\"SearchAction\",\"target\":{\"@type\":\"EntryPoint\",\"urlTemplate\":\"https:\/\/fittwear.nl\/?s={search_term_string}\"},\"query-input\":{\"@type\":\"PropertyValueSpecification\",\"valueRequired\":true,\"valueName\":\"search_term_string\"}}],\"inLanguage\":\"fr-FR\"},{\"@type\":\"Organization\",\"@id\":\"https:\/\/fittwear.nl\/#organization\",\"name\":\"FITTwear.nl\",\"url\":\"https:\/\/fittwear.nl\/\",\"logo\":{\"@type\":\"ImageObject\",\"inLanguage\":\"fr-FR\",\"@id\":\"https:\/\/fittwear.nl\/#\/schema\/logo\/image\/\",\"url\":\"https:\/\/fittwear.nl\/wp-content\/uploads\/2024\/07\/FITT-Logo-BeYOUtiful-website-homepage_Tekengebied-1-scaled.jpg\",\"contentUrl\":\"https:\/\/fittwear.nl\/wp-content\/uploads\/2024\/07\/FITT-Logo-BeYOUtiful-website-homepage_Tekengebied-1-scaled.jpg\",\"width\":2560,\"height\":599,\"caption\":\"FITTwear.nl\"},\"image\":{\"@id\":\"https:\/\/fittwear.nl\/#\/schema\/logo\/image\/\"}}]}<\/script>\n<!-- \/ Yoast SEO plugin. -->","yoast_head_json":{"title":"Soutien-gorge Rib Seamless Noir - FITTwear.fr","description":"La brassi\u00e8re sans coutures en tissu c\u00f4tel\u00e9 est un excellent compl\u00e9ment \u00e0 votre collection de v\u00eatements de sport ! Avec son tissu c\u00f4tel\u00e9 robuste, le soutien-gorge offre une bonne compression et sa large bande le rend parfait pour n'importe quelle s\u00e9ance d'entra\u00eenement ! Il est temps de briller FITT Girls !","robots":{"index":"index","follow":"follow","max-snippet":"max-snippet:-1","max-image-preview":"max-image-preview:large","max-video-preview":"max-video-preview:-1"},"canonical":"https:\/\/fittwear.nl\/fr\/produit-2\/cote-sans-couture-bh-noir\/","og_locale":"fr_FR","og_type":"article","og_title":"Rib Seamless BH Black - FITTwear.nl","og_description":"De rib seamless BH is een fantastische toevoeging aan jouw sportcollectie! Door de stevige ribstof biedt de BH goede compressie en is hij met zijn brede band perfect voor elke workout! It\u2019 s time to shine FITT Girls!","og_url":"https:\/\/fittwear.nl\/fr\/produit-2\/cote-sans-couture-bh-noir\/","og_site_name":"FITTwear.nl","article_modified_time":"2026-04-26T11:52:14+00:00","og_image":[{"width":1200,"height":1800,"url":"https:\/\/fittwear.nl\/wp-content\/uploads\/2023\/04\/new-rib-zwart-bh_Voorkant-boven_jpg_3.jpg","type":"image\/jpeg"}],"twitter_card":"summary_large_image","twitter_misc":{"Dur\u00e9e de lecture estim\u00e9e":"1 minute"},"schema":{"@context":"https:\/\/schema.org","@graph":[{"@type":"WebPage","@id":"https:\/\/fittwear.nl\/product\/rib-seamless-bh-black\/","url":"https:\/\/fittwear.nl\/product\/rib-seamless-bh-black\/","name":"Soutien-gorge Rib Seamless Noir - FITTwear.fr","isPartOf":{"@id":"https:\/\/fittwear.nl\/#website"},"primaryImageOfPage":{"@id":"https:\/\/fittwear.nl\/product\/rib-seamless-bh-black\/#primaryimage"},"image":{"@id":"https:\/\/fittwear.nl\/product\/rib-seamless-bh-black\/#primaryimage"},"thumbnailUrl":"https:\/\/fittwear.nl\/wp-content\/uploads\/2023\/04\/new-rib-zwart-bh_Voorkant-boven_jpg_3.jpg","datePublished":"2023-04-20T08:31:19+00:00","dateModified":"2026-04-26T11:52:14+00:00","description":"La brassi\u00e8re sans coutures en tissu c\u00f4tel\u00e9 est un excellent compl\u00e9ment \u00e0 votre collection de v\u00eatements de sport ! Avec son tissu c\u00f4tel\u00e9 robuste, le soutien-gorge offre une bonne compression et sa large bande le rend parfait pour n'importe quelle s\u00e9ance d'entra\u00eenement ! Il est temps de briller FITT Girls !","breadcrumb":{"@id":"https:\/\/fittwear.nl\/product\/rib-seamless-bh-black\/#breadcrumb"},"inLanguage":"fr-FR","potentialAction":[{"@type":"ReadAction","target":["https:\/\/fittwear.nl\/product\/rib-seamless-bh-black\/"]}]},{"@type":"ImageObject","inLanguage":"fr-FR","@id":"https:\/\/fittwear.nl\/product\/rib-seamless-bh-black\/#primaryimage","url":"https:\/\/fittwear.nl\/wp-content\/uploads\/2023\/04\/new-rib-zwart-bh_Voorkant-boven_jpg_3.jpg","contentUrl":"https:\/\/fittwear.nl\/wp-content\/uploads\/2023\/04\/new-rib-zwart-bh_Voorkant-boven_jpg_3.jpg","width":1200,"height":1800},{"@type":"BreadcrumbList","@id":"https:\/\/fittwear.nl\/product\/rib-seamless-bh-black\/#breadcrumb","itemListElement":[{"@type":"ListItem","position":1,"name":"Home","item":"https:\/\/fittwear.nl\/"},{"@type":"ListItem","position":2,"name":"Shop","item":"https:\/\/fittwear.nl\/shop\/"},{"@type":"ListItem","position":3,"name":"Rib Seamless BH Black"}]},{"@type":"WebSite","@id":"https:\/\/fittwear.nl\/#website","url":"https:\/\/fittwear.nl\/","name":"FITTwear.co.uk","description":"C'est le moment de briller !","publisher":{"@id":"https:\/\/fittwear.nl\/#organization"},"potentialAction":[{"@type":"SearchAction","target":{"@type":"EntryPoint","urlTemplate":"https:\/\/fittwear.nl\/?s={search_term_string}"},"query-input":{"@type":"PropertyValueSpecification","valueRequired":true,"valueName":"search_term_string"}}],"inLanguage":"fr-FR"},{"@type":"Organization","@id":"https:\/\/fittwear.nl\/#organization","name":"FITTwear.co.uk","url":"https:\/\/fittwear.nl\/","logo":{"@type":"ImageObject","inLanguage":"fr-FR","@id":"https:\/\/fittwear.nl\/#\/schema\/logo\/image\/","url":"https:\/\/fittwear.nl\/wp-content\/uploads\/2024\/07\/FITT-Logo-BeYOUtiful-website-homepage_Tekengebied-1-scaled.jpg","contentUrl":"https:\/\/fittwear.nl\/wp-content\/uploads\/2024\/07\/FITT-Logo-BeYOUtiful-website-homepage_Tekengebied-1-scaled.jpg","width":2560,"height":599,"caption":"FITTwear.nl"},"image":{"@id":"https:\/\/fittwear.nl\/#\/schema\/logo\/image\/"}}]}},"_links":{"self":[{"href":"https:\/\/fittwear.nl\/fr\/wp-json\/wp\/v2\/product\/61485","targetHints":{"allow":["GET"]}}],"collection":[{"href":"https:\/\/fittwear.nl\/fr\/wp-json\/wp\/v2\/product"}],"about":[{"href":"https:\/\/fittwear.nl\/fr\/wp-json\/wp\/v2\/types\/product"}],"wp:featuredmedia":[{"embeddable":true,"href":"https:\/\/fittwear.nl\/fr\/wp-json\/wp\/v2\/media\/61825"}],"wp:attachment":[{"href":"https:\/\/fittwear.nl\/fr\/wp-json\/wp\/v2\/media?parent=61485"}],"wp:term":[{"taxonomy":"product_brand","embeddable":true,"href":"https:\/\/fittwear.nl\/fr\/wp-json\/wp\/v2\/product_brand?post=61485"},{"taxonomy":"product_cat","embeddable":true,"href":"https:\/\/fittwear.nl\/fr\/wp-json\/wp\/v2\/product_cat?post=61485"},{"taxonomy":"product_tag","embeddable":true,"href":"https:\/\/fittwear.nl\/fr\/wp-json\/wp\/v2\/product_tag?post=61485"}],"curies":[{"name":"wp","href":"https:\/\/api.w.org\/{rel}","templated":true}]}}