{"id":61490,"date":"2023-04-20T10:31:44","date_gmt":"2023-04-20T08:31:44","guid":{"rendered":"https:\/\/fittwear.nl\/?post_type=product&#038;p=61490"},"modified":"2026-04-03T07:51:54","modified_gmt":"2026-04-03T05:51:54","slug":"legging-sans-couture-cote-noir","status":"publish","type":"product","link":"https:\/\/fittwear.nl\/fr\/product\/rib-seamless-legging-black\/","title":{"rendered":"Legging sans coutures \u00e0 c\u00f4tes Noir"},"content":{"rendered":"<p>-Leggings taille haute sans couture<\/p>\n\n\n\n<p>-Tissu c\u00f4tel\u00e9 solide<\/p>\n\n\n\n<p>-Bonne compression<\/p>\n\n\n\n<p>-Logo imprim\u00e9 au dos<\/p>\n\n\n\n<p>-Ceinture solide qui \u00e9pouse bien la forme du corps<\/p>\n\n\n\n<p>-Couleur : Noir<\/p>\n\n\n\n<p>&#8211; Tot 30\u00b0C wasbaar<\/p>\n\n\n\n<p>- 90% Nylon, 10% Spandex<\/p>\n\n\n\n<p>- Le mod\u00e8le Donna mesure 1,82 et porte la taille M.<\/p>","protected":false},"excerpt":{"rendered":"<p>Le legging c\u00f4tel\u00e9 sans couture est un excellent compl\u00e9ment \u00e0 votre collection de sport ! Avec son tissu c\u00f4tel\u00e9 robuste, le legging offre une bonne compression et sa taille haute le rend parfait pour n'importe quelle s\u00e9ance d'entra\u00eenement ! Il est temps de briller FITT Girls !<\/p>","protected":false},"featured_media":61832,"template":"","meta":{"_acf_changed":false},"product_brand":[],"product_cat":[4799,54,28,4743,85,86,63],"product_tag":[],"class_list":{"0":"post-61490","1":"product","2":"type-product","3":"status-publish","4":"has-post-thumbnail","6":"product_cat-structures","7":"product_cat-new","8":"product_cat-leggings","9":"product_cat-geen-scrunch","10":"product_cat-seamless","11":"product_cat-effen","12":"product_cat-curves","14":"first","15":"outofstock","16":"taxable","17":"shipping-taxable","18":"product-type-variable","19":"has-default-attributes"},"acf":[],"yoast_head":"<!-- This site is optimized with the Yoast SEO plugin v27.1.1 - https:\/\/yoast.com\/product\/yoast-seo-wordpress\/ -->\n<title>Rib Seamless Legging Black - FITTwear.nl<\/title>\n<meta name=\"description\" content=\"De rib seamless legging is een fantastische toevoeging aan jouw sportcollectie! Door de stevige ribstof biedt de legging goede compressie en is hij met zijn hoge tailleband perfect voor elke workout! It\u2019 s time to shine FITT Girls!\" \/>\n<meta name=\"robots\" content=\"index, follow, max-snippet:-1, max-image-preview:large, max-video-preview:-1\" \/>\n<link rel=\"canonical\" href=\"https:\/\/fittwear.nl\/fr\/produit-2\/legging-sans-couture-cote-noir\/\" \/>\n<meta property=\"og:locale\" content=\"fr_FR\" \/>\n<meta property=\"og:type\" content=\"article\" \/>\n<meta property=\"og:title\" content=\"Rib Seamless Legging Black - FITTwear.nl\" \/>\n<meta property=\"og:description\" content=\"De rib seamless legging is een fantastische toevoeging aan jouw sportcollectie! Door de stevige ribstof biedt de legging goede compressie en is hij met zijn hoge tailleband perfect voor elke workout! It\u2019 s time to shine FITT Girls!\" \/>\n<meta property=\"og:url\" content=\"https:\/\/fittwear.nl\/fr\/produit-2\/legging-sans-couture-cote-noir\/\" \/>\n<meta property=\"og:site_name\" content=\"FITTwear.nl\" \/>\n<meta property=\"article:modified_time\" content=\"2026-04-03T05:51:54+00:00\" \/>\n<meta property=\"og:image\" content=\"https:\/\/fittwear.nl\/wp-content\/uploads\/2023\/04\/rib-new-zwart_Voorkant-onder_jpg_5.jpg\" \/>\n\t<meta property=\"og:image:width\" content=\"1200\" \/>\n\t<meta property=\"og:image:height\" content=\"1800\" \/>\n\t<meta property=\"og:image:type\" content=\"image\/jpeg\" \/>\n<meta name=\"twitter:card\" content=\"summary_large_image\" \/>\n<meta name=\"twitter:label1\" content=\"Dur\u00e9e de lecture estim\u00e9e\" \/>\n\t<meta name=\"twitter:data1\" content=\"1 minute\" \/>\n<script type=\"application\/ld+json\" class=\"yoast-schema-graph\">{\"@context\":\"https:\/\/schema.org\",\"@graph\":[{\"@type\":\"WebPage\",\"@id\":\"https:\/\/fittwear.nl\/product\/rib-seamless-legging-black\/\",\"url\":\"https:\/\/fittwear.nl\/product\/rib-seamless-legging-black\/\",\"name\":\"Rib Seamless Legging Black - FITTwear.nl\",\"isPartOf\":{\"@id\":\"https:\/\/fittwear.nl\/#website\"},\"primaryImageOfPage\":{\"@id\":\"https:\/\/fittwear.nl\/product\/rib-seamless-legging-black\/#primaryimage\"},\"image\":{\"@id\":\"https:\/\/fittwear.nl\/product\/rib-seamless-legging-black\/#primaryimage\"},\"thumbnailUrl\":\"https:\/\/fittwear.nl\/wp-content\/uploads\/2023\/04\/rib-new-zwart_Voorkant-onder_jpg_5.jpg\",\"datePublished\":\"2023-04-20T08:31:44+00:00\",\"dateModified\":\"2026-04-03T05:51:54+00:00\",\"description\":\"De rib seamless legging is een fantastische toevoeging aan jouw sportcollectie! Door de stevige ribstof biedt de legging goede compressie en is hij met zijn hoge tailleband perfect voor elke workout! It\u2019 s time to shine FITT Girls!\",\"breadcrumb\":{\"@id\":\"https:\/\/fittwear.nl\/product\/rib-seamless-legging-black\/#breadcrumb\"},\"inLanguage\":\"fr-FR\",\"potentialAction\":[{\"@type\":\"ReadAction\",\"target\":[\"https:\/\/fittwear.nl\/product\/rib-seamless-legging-black\/\"]}]},{\"@type\":\"ImageObject\",\"inLanguage\":\"fr-FR\",\"@id\":\"https:\/\/fittwear.nl\/product\/rib-seamless-legging-black\/#primaryimage\",\"url\":\"https:\/\/fittwear.nl\/wp-content\/uploads\/2023\/04\/rib-new-zwart_Voorkant-onder_jpg_5.jpg\",\"contentUrl\":\"https:\/\/fittwear.nl\/wp-content\/uploads\/2023\/04\/rib-new-zwart_Voorkant-onder_jpg_5.jpg\",\"width\":1200,\"height\":1800},{\"@type\":\"BreadcrumbList\",\"@id\":\"https:\/\/fittwear.nl\/product\/rib-seamless-legging-black\/#breadcrumb\",\"itemListElement\":[{\"@type\":\"ListItem\",\"position\":1,\"name\":\"Home\",\"item\":\"https:\/\/fittwear.nl\/\"},{\"@type\":\"ListItem\",\"position\":2,\"name\":\"Shop\",\"item\":\"https:\/\/fittwear.nl\/shop\/\"},{\"@type\":\"ListItem\",\"position\":3,\"name\":\"Rib Seamless Legging Black\"}]},{\"@type\":\"WebSite\",\"@id\":\"https:\/\/fittwear.nl\/#website\",\"url\":\"https:\/\/fittwear.nl\/\",\"name\":\"FITTwear.nl\",\"description\":\"Time to shine!\",\"publisher\":{\"@id\":\"https:\/\/fittwear.nl\/#organization\"},\"potentialAction\":[{\"@type\":\"SearchAction\",\"target\":{\"@type\":\"EntryPoint\",\"urlTemplate\":\"https:\/\/fittwear.nl\/?s={search_term_string}\"},\"query-input\":{\"@type\":\"PropertyValueSpecification\",\"valueRequired\":true,\"valueName\":\"search_term_string\"}}],\"inLanguage\":\"fr-FR\"},{\"@type\":\"Organization\",\"@id\":\"https:\/\/fittwear.nl\/#organization\",\"name\":\"FITTwear.nl\",\"url\":\"https:\/\/fittwear.nl\/\",\"logo\":{\"@type\":\"ImageObject\",\"inLanguage\":\"fr-FR\",\"@id\":\"https:\/\/fittwear.nl\/#\/schema\/logo\/image\/\",\"url\":\"https:\/\/fittwear.nl\/wp-content\/uploads\/2024\/07\/FITT-Logo-BeYOUtiful-website-homepage_Tekengebied-1-scaled.jpg\",\"contentUrl\":\"https:\/\/fittwear.nl\/wp-content\/uploads\/2024\/07\/FITT-Logo-BeYOUtiful-website-homepage_Tekengebied-1-scaled.jpg\",\"width\":2560,\"height\":599,\"caption\":\"FITTwear.nl\"},\"image\":{\"@id\":\"https:\/\/fittwear.nl\/#\/schema\/logo\/image\/\"}}]}<\/script>\n<!-- \/ Yoast SEO plugin. -->","yoast_head_json":{"title":"Legging c\u00f4tel\u00e9 sans couture Noir - FITTwear.fr","description":"Le legging c\u00f4tel\u00e9 sans couture est un excellent compl\u00e9ment \u00e0 votre collection de sport ! Avec son tissu c\u00f4tel\u00e9 robuste, le legging offre une bonne compression et sa taille haute le rend parfait pour n'importe quelle s\u00e9ance d'entra\u00eenement ! Il est temps de briller FITT Girls !","robots":{"index":"index","follow":"follow","max-snippet":"max-snippet:-1","max-image-preview":"max-image-preview:large","max-video-preview":"max-video-preview:-1"},"canonical":"https:\/\/fittwear.nl\/fr\/produit-2\/legging-sans-couture-cote-noir\/","og_locale":"fr_FR","og_type":"article","og_title":"Rib Seamless Legging Black - FITTwear.nl","og_description":"De rib seamless legging is een fantastische toevoeging aan jouw sportcollectie! Door de stevige ribstof biedt de legging goede compressie en is hij met zijn hoge tailleband perfect voor elke workout! It\u2019 s time to shine FITT Girls!","og_url":"https:\/\/fittwear.nl\/fr\/produit-2\/legging-sans-couture-cote-noir\/","og_site_name":"FITTwear.nl","article_modified_time":"2026-04-03T05:51:54+00:00","og_image":[{"width":1200,"height":1800,"url":"https:\/\/fittwear.nl\/wp-content\/uploads\/2023\/04\/rib-new-zwart_Voorkant-onder_jpg_5.jpg","type":"image\/jpeg"}],"twitter_card":"summary_large_image","twitter_misc":{"Dur\u00e9e de lecture estim\u00e9e":"1 minute"},"schema":{"@context":"https:\/\/schema.org","@graph":[{"@type":"WebPage","@id":"https:\/\/fittwear.nl\/product\/rib-seamless-legging-black\/","url":"https:\/\/fittwear.nl\/product\/rib-seamless-legging-black\/","name":"Legging c\u00f4tel\u00e9 sans couture Noir - FITTwear.fr","isPartOf":{"@id":"https:\/\/fittwear.nl\/#website"},"primaryImageOfPage":{"@id":"https:\/\/fittwear.nl\/product\/rib-seamless-legging-black\/#primaryimage"},"image":{"@id":"https:\/\/fittwear.nl\/product\/rib-seamless-legging-black\/#primaryimage"},"thumbnailUrl":"https:\/\/fittwear.nl\/wp-content\/uploads\/2023\/04\/rib-new-zwart_Voorkant-onder_jpg_5.jpg","datePublished":"2023-04-20T08:31:44+00:00","dateModified":"2026-04-03T05:51:54+00:00","description":"Le legging c\u00f4tel\u00e9 sans couture est un excellent compl\u00e9ment \u00e0 votre collection de sport ! Avec son tissu c\u00f4tel\u00e9 robuste, le legging offre une bonne compression et sa taille haute le rend parfait pour n'importe quelle s\u00e9ance d'entra\u00eenement ! Il est temps de briller FITT Girls !","breadcrumb":{"@id":"https:\/\/fittwear.nl\/product\/rib-seamless-legging-black\/#breadcrumb"},"inLanguage":"fr-FR","potentialAction":[{"@type":"ReadAction","target":["https:\/\/fittwear.nl\/product\/rib-seamless-legging-black\/"]}]},{"@type":"ImageObject","inLanguage":"fr-FR","@id":"https:\/\/fittwear.nl\/product\/rib-seamless-legging-black\/#primaryimage","url":"https:\/\/fittwear.nl\/wp-content\/uploads\/2023\/04\/rib-new-zwart_Voorkant-onder_jpg_5.jpg","contentUrl":"https:\/\/fittwear.nl\/wp-content\/uploads\/2023\/04\/rib-new-zwart_Voorkant-onder_jpg_5.jpg","width":1200,"height":1800},{"@type":"BreadcrumbList","@id":"https:\/\/fittwear.nl\/product\/rib-seamless-legging-black\/#breadcrumb","itemListElement":[{"@type":"ListItem","position":1,"name":"Home","item":"https:\/\/fittwear.nl\/"},{"@type":"ListItem","position":2,"name":"Shop","item":"https:\/\/fittwear.nl\/shop\/"},{"@type":"ListItem","position":3,"name":"Rib Seamless Legging Black"}]},{"@type":"WebSite","@id":"https:\/\/fittwear.nl\/#website","url":"https:\/\/fittwear.nl\/","name":"FITTwear.co.uk","description":"C'est le moment de briller !","publisher":{"@id":"https:\/\/fittwear.nl\/#organization"},"potentialAction":[{"@type":"SearchAction","target":{"@type":"EntryPoint","urlTemplate":"https:\/\/fittwear.nl\/?s={search_term_string}"},"query-input":{"@type":"PropertyValueSpecification","valueRequired":true,"valueName":"search_term_string"}}],"inLanguage":"fr-FR"},{"@type":"Organization","@id":"https:\/\/fittwear.nl\/#organization","name":"FITTwear.co.uk","url":"https:\/\/fittwear.nl\/","logo":{"@type":"ImageObject","inLanguage":"fr-FR","@id":"https:\/\/fittwear.nl\/#\/schema\/logo\/image\/","url":"https:\/\/fittwear.nl\/wp-content\/uploads\/2024\/07\/FITT-Logo-BeYOUtiful-website-homepage_Tekengebied-1-scaled.jpg","contentUrl":"https:\/\/fittwear.nl\/wp-content\/uploads\/2024\/07\/FITT-Logo-BeYOUtiful-website-homepage_Tekengebied-1-scaled.jpg","width":2560,"height":599,"caption":"FITTwear.nl"},"image":{"@id":"https:\/\/fittwear.nl\/#\/schema\/logo\/image\/"}}]}},"_links":{"self":[{"href":"https:\/\/fittwear.nl\/fr\/wp-json\/wp\/v2\/product\/61490","targetHints":{"allow":["GET"]}}],"collection":[{"href":"https:\/\/fittwear.nl\/fr\/wp-json\/wp\/v2\/product"}],"about":[{"href":"https:\/\/fittwear.nl\/fr\/wp-json\/wp\/v2\/types\/product"}],"wp:featuredmedia":[{"embeddable":true,"href":"https:\/\/fittwear.nl\/fr\/wp-json\/wp\/v2\/media\/61832"}],"wp:attachment":[{"href":"https:\/\/fittwear.nl\/fr\/wp-json\/wp\/v2\/media?parent=61490"}],"wp:term":[{"taxonomy":"product_brand","embeddable":true,"href":"https:\/\/fittwear.nl\/fr\/wp-json\/wp\/v2\/product_brand?post=61490"},{"taxonomy":"product_cat","embeddable":true,"href":"https:\/\/fittwear.nl\/fr\/wp-json\/wp\/v2\/product_cat?post=61490"},{"taxonomy":"product_tag","embeddable":true,"href":"https:\/\/fittwear.nl\/fr\/wp-json\/wp\/v2\/product_tag?post=61490"}],"curies":[{"name":"wp","href":"https:\/\/api.w.org\/{rel}","templated":true}]}}