{"id":61835,"date":"2023-04-20T10:39:21","date_gmt":"2023-04-20T08:39:21","guid":{"rendered":"https:\/\/fittwear.nl\/?post_type=product&#038;p=61835"},"modified":"2026-04-26T13:51:00","modified_gmt":"2026-04-26T11:51:00","slug":"duo-couleur-court-bourgandy-rouge","status":"publish","type":"product","link":"https:\/\/fittwear.nl\/fr\/product\/duo-colour-short-bourgandy-red\/","title":{"rendered":"Short Duo Colour Bourgogne Rouge"},"content":{"rendered":"<p>-Short taille haute<\/p>\n\n\n\n<p>-Avec un froncement de sourcils derri\u00e8re<\/p>\n\n\n\n<p>-Accentue vos courbes<\/p>\n\n\n\n<p>-Logo imprim\u00e9 au dos<\/p>\n\n\n\n<p>-Sans soudure<\/p>\n\n\n\n<p>-Bande de taille solide<\/p>\n\n\n\n<p>-Lavable jusqu'\u00e0 30\u2103<\/p>\n\n\n\n<p>-13% Spandex, 87% Nylon<\/p>\n\n\n\n<p>-Couleur : Bourgogne<\/p>\n\n\n\n<p>- Le mod\u00e8le Donna mesure 1,82 et porte la taille M.<\/p>","protected":false},"excerpt":{"rendered":"<p>Le scrunch est totalement \u00e0 la mode en ce moment, et dans cette superbe combinaison de couleurs en plus ! Le short est extensible et dot\u00e9 d'une ceinture haute qui le maintient en place pendant votre s\u00e9ance d'entra\u00eenement, de randonn\u00e9e ou de spinning. Un v\u00e9ritable must-have pour votre garde-robe dans des couleurs \u00e9clatantes ! N'h\u00e9sitez pas \u00e0 le porter, c'est le moment de briller \u2728<\/p>","protected":false},"featured_media":61843,"template":"","meta":{"_acf_changed":false},"product_brand":[],"product_cat":[4798,93,4285],"product_tag":[],"class_list":{"0":"post-61835","1":"product","2":"type-product","3":"status-publish","4":"has-post-thumbnail","6":"product_cat-fade-away-collection","7":"product_cat-shorts","8":"product_cat-scrunch-shorts","10":"first","11":"instock","12":"sale","13":"taxable","14":"shipping-taxable","15":"purchasable","16":"product-type-variable","17":"has-default-attributes"},"acf":[],"yoast_head":"<!-- This site is optimized with the Yoast SEO plugin v27.1.1 - https:\/\/yoast.com\/product\/yoast-seo-wordpress\/ -->\n<title>Duo Colour Short Burgundy Red - FITTwear.nl<\/title>\n<meta name=\"description\" content=\"Scrunch is helemaal de trend van nu en dan ook nog eens in deze fantastische kleurencombinatie! De short is stretchy en heeft een hoge tailleband, waardoor hij blijft zitten tijdens jouw workout, hike of spinningsessie. Een echte musthave voor jouw kledingkast in de opvallende kleuren! Don\u2019 t be shy to wear this, it\u2019 s time to shine \u2728\" \/>\n<meta name=\"robots\" content=\"index, follow, max-snippet:-1, max-image-preview:large, max-video-preview:-1\" \/>\n<link rel=\"canonical\" href=\"https:\/\/fittwear.nl\/fr\/produit-2\/duo-couleur-court-bourgandy-rouge\/\" \/>\n<meta property=\"og:locale\" content=\"fr_FR\" \/>\n<meta property=\"og:type\" content=\"article\" \/>\n<meta property=\"og:title\" content=\"Duo Colour Short Burgundy Red - FITTwear.nl\" \/>\n<meta property=\"og:description\" content=\"Scrunch is helemaal de trend van nu en dan ook nog eens in deze fantastische kleurencombinatie! De short is stretchy en heeft een hoge tailleband, waardoor hij blijft zitten tijdens jouw workout, hike of spinningsessie. Een echte musthave voor jouw kledingkast in de opvallende kleuren! Don\u2019 t be shy to wear this, it\u2019 s time to shine \u2728\" \/>\n<meta property=\"og:url\" content=\"https:\/\/fittwear.nl\/fr\/produit-2\/duo-couleur-court-bourgandy-rouge\/\" \/>\n<meta property=\"og:site_name\" content=\"FITTwear.nl\" \/>\n<meta property=\"article:modified_time\" content=\"2026-04-26T11:51:00+00:00\" \/>\n<meta property=\"og:image\" content=\"https:\/\/fittwear.nl\/wp-content\/uploads\/2023\/04\/short-duo-rood_Voorkant-onder_jpg_3-1.jpg\" \/>\n\t<meta property=\"og:image:width\" content=\"1200\" \/>\n\t<meta property=\"og:image:height\" content=\"1800\" \/>\n\t<meta property=\"og:image:type\" content=\"image\/jpeg\" \/>\n<meta name=\"twitter:card\" content=\"summary_large_image\" \/>\n<meta name=\"twitter:label1\" content=\"Dur\u00e9e de lecture estim\u00e9e\" \/>\n\t<meta name=\"twitter:data1\" content=\"1 minute\" \/>\n<script type=\"application\/ld+json\" class=\"yoast-schema-graph\">{\"@context\":\"https:\/\/schema.org\",\"@graph\":[{\"@type\":\"WebPage\",\"@id\":\"https:\/\/fittwear.nl\/product\/duo-colour-short-bourgandy-red\/\",\"url\":\"https:\/\/fittwear.nl\/product\/duo-colour-short-bourgandy-red\/\",\"name\":\"Duo Colour Short Burgundy Red - FITTwear.nl\",\"isPartOf\":{\"@id\":\"https:\/\/fittwear.nl\/#website\"},\"primaryImageOfPage\":{\"@id\":\"https:\/\/fittwear.nl\/product\/duo-colour-short-bourgandy-red\/#primaryimage\"},\"image\":{\"@id\":\"https:\/\/fittwear.nl\/product\/duo-colour-short-bourgandy-red\/#primaryimage\"},\"thumbnailUrl\":\"https:\/\/fittwear.nl\/wp-content\/uploads\/2023\/04\/short-duo-rood_Voorkant-onder_jpg_3-1.jpg\",\"datePublished\":\"2023-04-20T08:39:21+00:00\",\"dateModified\":\"2026-04-26T11:51:00+00:00\",\"description\":\"Scrunch is helemaal de trend van nu en dan ook nog eens in deze fantastische kleurencombinatie! De short is stretchy en heeft een hoge tailleband, waardoor hij blijft zitten tijdens jouw workout, hike of spinningsessie. Een echte musthave voor jouw kledingkast in de opvallende kleuren! Don\u2019 t be shy to wear this, it\u2019 s time to shine \u2728\",\"breadcrumb\":{\"@id\":\"https:\/\/fittwear.nl\/product\/duo-colour-short-bourgandy-red\/#breadcrumb\"},\"inLanguage\":\"fr-FR\",\"potentialAction\":[{\"@type\":\"ReadAction\",\"target\":[\"https:\/\/fittwear.nl\/product\/duo-colour-short-bourgandy-red\/\"]}]},{\"@type\":\"ImageObject\",\"inLanguage\":\"fr-FR\",\"@id\":\"https:\/\/fittwear.nl\/product\/duo-colour-short-bourgandy-red\/#primaryimage\",\"url\":\"https:\/\/fittwear.nl\/wp-content\/uploads\/2023\/04\/short-duo-rood_Voorkant-onder_jpg_3-1.jpg\",\"contentUrl\":\"https:\/\/fittwear.nl\/wp-content\/uploads\/2023\/04\/short-duo-rood_Voorkant-onder_jpg_3-1.jpg\",\"width\":1200,\"height\":1800},{\"@type\":\"BreadcrumbList\",\"@id\":\"https:\/\/fittwear.nl\/product\/duo-colour-short-bourgandy-red\/#breadcrumb\",\"itemListElement\":[{\"@type\":\"ListItem\",\"position\":1,\"name\":\"Home\",\"item\":\"https:\/\/fittwear.nl\/\"},{\"@type\":\"ListItem\",\"position\":2,\"name\":\"Shop\",\"item\":\"https:\/\/fittwear.nl\/shop\/\"},{\"@type\":\"ListItem\",\"position\":3,\"name\":\"Duo Colour Short Burgundy Red\"}]},{\"@type\":\"WebSite\",\"@id\":\"https:\/\/fittwear.nl\/#website\",\"url\":\"https:\/\/fittwear.nl\/\",\"name\":\"FITTwear.nl\",\"description\":\"Time to shine!\",\"publisher\":{\"@id\":\"https:\/\/fittwear.nl\/#organization\"},\"potentialAction\":[{\"@type\":\"SearchAction\",\"target\":{\"@type\":\"EntryPoint\",\"urlTemplate\":\"https:\/\/fittwear.nl\/?s={search_term_string}\"},\"query-input\":{\"@type\":\"PropertyValueSpecification\",\"valueRequired\":true,\"valueName\":\"search_term_string\"}}],\"inLanguage\":\"fr-FR\"},{\"@type\":\"Organization\",\"@id\":\"https:\/\/fittwear.nl\/#organization\",\"name\":\"FITTwear.nl\",\"url\":\"https:\/\/fittwear.nl\/\",\"logo\":{\"@type\":\"ImageObject\",\"inLanguage\":\"fr-FR\",\"@id\":\"https:\/\/fittwear.nl\/#\/schema\/logo\/image\/\",\"url\":\"https:\/\/fittwear.nl\/wp-content\/uploads\/2024\/07\/FITT-Logo-BeYOUtiful-website-homepage_Tekengebied-1-scaled.jpg\",\"contentUrl\":\"https:\/\/fittwear.nl\/wp-content\/uploads\/2024\/07\/FITT-Logo-BeYOUtiful-website-homepage_Tekengebied-1-scaled.jpg\",\"width\":2560,\"height\":599,\"caption\":\"FITTwear.nl\"},\"image\":{\"@id\":\"https:\/\/fittwear.nl\/#\/schema\/logo\/image\/\"}}]}<\/script>\n<!-- \/ Yoast SEO plugin. -->","yoast_head_json":{"title":"Short Duo Colour Bourgogne Rouge - FITTwear.com","description":"Le scrunch est totalement \u00e0 la mode en ce moment, et dans cette superbe combinaison de couleurs en plus ! Le short est extensible et dot\u00e9 d'une ceinture haute qui le maintient en place pendant votre s\u00e9ance d'entra\u00eenement, de randonn\u00e9e ou de spinning. Un v\u00e9ritable must-have pour votre garde-robe dans des couleurs \u00e9clatantes ! N'h\u00e9sitez pas \u00e0 le porter, c'est le moment de briller \u2728","robots":{"index":"index","follow":"follow","max-snippet":"max-snippet:-1","max-image-preview":"max-image-preview:large","max-video-preview":"max-video-preview:-1"},"canonical":"https:\/\/fittwear.nl\/fr\/produit-2\/duo-couleur-court-bourgandy-rouge\/","og_locale":"fr_FR","og_type":"article","og_title":"Duo Colour Short Burgundy Red - FITTwear.nl","og_description":"Scrunch is helemaal de trend van nu en dan ook nog eens in deze fantastische kleurencombinatie! De short is stretchy en heeft een hoge tailleband, waardoor hij blijft zitten tijdens jouw workout, hike of spinningsessie. Een echte musthave voor jouw kledingkast in de opvallende kleuren! Don\u2019 t be shy to wear this, it\u2019 s time to shine \u2728","og_url":"https:\/\/fittwear.nl\/fr\/produit-2\/duo-couleur-court-bourgandy-rouge\/","og_site_name":"FITTwear.nl","article_modified_time":"2026-04-26T11:51:00+00:00","og_image":[{"width":1200,"height":1800,"url":"https:\/\/fittwear.nl\/wp-content\/uploads\/2023\/04\/short-duo-rood_Voorkant-onder_jpg_3-1.jpg","type":"image\/jpeg"}],"twitter_card":"summary_large_image","twitter_misc":{"Dur\u00e9e de lecture estim\u00e9e":"1 minute"},"schema":{"@context":"https:\/\/schema.org","@graph":[{"@type":"WebPage","@id":"https:\/\/fittwear.nl\/product\/duo-colour-short-bourgandy-red\/","url":"https:\/\/fittwear.nl\/product\/duo-colour-short-bourgandy-red\/","name":"Short Duo Colour Bourgogne Rouge - FITTwear.com","isPartOf":{"@id":"https:\/\/fittwear.nl\/#website"},"primaryImageOfPage":{"@id":"https:\/\/fittwear.nl\/product\/duo-colour-short-bourgandy-red\/#primaryimage"},"image":{"@id":"https:\/\/fittwear.nl\/product\/duo-colour-short-bourgandy-red\/#primaryimage"},"thumbnailUrl":"https:\/\/fittwear.nl\/wp-content\/uploads\/2023\/04\/short-duo-rood_Voorkant-onder_jpg_3-1.jpg","datePublished":"2023-04-20T08:39:21+00:00","dateModified":"2026-04-26T11:51:00+00:00","description":"Le scrunch est totalement \u00e0 la mode en ce moment, et dans cette superbe combinaison de couleurs en plus ! Le short est extensible et dot\u00e9 d'une ceinture haute qui le maintient en place pendant votre s\u00e9ance d'entra\u00eenement, de randonn\u00e9e ou de spinning. Un v\u00e9ritable must-have pour votre garde-robe dans des couleurs \u00e9clatantes ! N'h\u00e9sitez pas \u00e0 le porter, c'est le moment de briller \u2728","breadcrumb":{"@id":"https:\/\/fittwear.nl\/product\/duo-colour-short-bourgandy-red\/#breadcrumb"},"inLanguage":"fr-FR","potentialAction":[{"@type":"ReadAction","target":["https:\/\/fittwear.nl\/product\/duo-colour-short-bourgandy-red\/"]}]},{"@type":"ImageObject","inLanguage":"fr-FR","@id":"https:\/\/fittwear.nl\/product\/duo-colour-short-bourgandy-red\/#primaryimage","url":"https:\/\/fittwear.nl\/wp-content\/uploads\/2023\/04\/short-duo-rood_Voorkant-onder_jpg_3-1.jpg","contentUrl":"https:\/\/fittwear.nl\/wp-content\/uploads\/2023\/04\/short-duo-rood_Voorkant-onder_jpg_3-1.jpg","width":1200,"height":1800},{"@type":"BreadcrumbList","@id":"https:\/\/fittwear.nl\/product\/duo-colour-short-bourgandy-red\/#breadcrumb","itemListElement":[{"@type":"ListItem","position":1,"name":"Home","item":"https:\/\/fittwear.nl\/"},{"@type":"ListItem","position":2,"name":"Shop","item":"https:\/\/fittwear.nl\/shop\/"},{"@type":"ListItem","position":3,"name":"Duo Colour Short Burgundy Red"}]},{"@type":"WebSite","@id":"https:\/\/fittwear.nl\/#website","url":"https:\/\/fittwear.nl\/","name":"FITTwear.co.uk","description":"C'est le moment de briller !","publisher":{"@id":"https:\/\/fittwear.nl\/#organization"},"potentialAction":[{"@type":"SearchAction","target":{"@type":"EntryPoint","urlTemplate":"https:\/\/fittwear.nl\/?s={search_term_string}"},"query-input":{"@type":"PropertyValueSpecification","valueRequired":true,"valueName":"search_term_string"}}],"inLanguage":"fr-FR"},{"@type":"Organization","@id":"https:\/\/fittwear.nl\/#organization","name":"FITTwear.co.uk","url":"https:\/\/fittwear.nl\/","logo":{"@type":"ImageObject","inLanguage":"fr-FR","@id":"https:\/\/fittwear.nl\/#\/schema\/logo\/image\/","url":"https:\/\/fittwear.nl\/wp-content\/uploads\/2024\/07\/FITT-Logo-BeYOUtiful-website-homepage_Tekengebied-1-scaled.jpg","contentUrl":"https:\/\/fittwear.nl\/wp-content\/uploads\/2024\/07\/FITT-Logo-BeYOUtiful-website-homepage_Tekengebied-1-scaled.jpg","width":2560,"height":599,"caption":"FITTwear.nl"},"image":{"@id":"https:\/\/fittwear.nl\/#\/schema\/logo\/image\/"}}]}},"_links":{"self":[{"href":"https:\/\/fittwear.nl\/fr\/wp-json\/wp\/v2\/product\/61835","targetHints":{"allow":["GET"]}}],"collection":[{"href":"https:\/\/fittwear.nl\/fr\/wp-json\/wp\/v2\/product"}],"about":[{"href":"https:\/\/fittwear.nl\/fr\/wp-json\/wp\/v2\/types\/product"}],"wp:featuredmedia":[{"embeddable":true,"href":"https:\/\/fittwear.nl\/fr\/wp-json\/wp\/v2\/media\/61843"}],"wp:attachment":[{"href":"https:\/\/fittwear.nl\/fr\/wp-json\/wp\/v2\/media?parent=61835"}],"wp:term":[{"taxonomy":"product_brand","embeddable":true,"href":"https:\/\/fittwear.nl\/fr\/wp-json\/wp\/v2\/product_brand?post=61835"},{"taxonomy":"product_cat","embeddable":true,"href":"https:\/\/fittwear.nl\/fr\/wp-json\/wp\/v2\/product_cat?post=61835"},{"taxonomy":"product_tag","embeddable":true,"href":"https:\/\/fittwear.nl\/fr\/wp-json\/wp\/v2\/product_tag?post=61835"}],"curies":[{"name":"wp","href":"https:\/\/api.w.org\/{rel}","templated":true}]}}