{"id":61880,"date":"2023-04-20T11:40:08","date_gmt":"2023-04-20T09:40:08","guid":{"rendered":"https:\/\/fittwear.nl\/?post_type=product&#038;p=61880"},"modified":"2026-04-03T07:51:36","modified_gmt":"2026-04-03T05:51:36","slug":"duo-couleur-legging-gris","status":"publish","type":"product","link":"https:\/\/fittwear.nl\/fr\/product\/duo-colour-legging-grey\/","title":{"rendered":"Legging Duo Colour Gris"},"content":{"rendered":"<p>-Leggings taille haute<\/p>\n\n\n\n<p>-Avec un froncement de sourcils derri\u00e8re<\/p>\n\n\n\n<p>-Accentue vos courbes<\/p>\n\n\n\n<p>-Logo imprim\u00e9 au dos<\/p>\n\n\n\n<p>-Sans soudure<\/p>\n\n\n\n<p>-Bande de taille solide<\/p>\n\n\n\n<p>-Lavable jusqu'\u00e0 30\u2103<\/p>\n\n\n\n<p>-13% Spandex, 87% Nylon<\/p>\n\n\n\n<p>-Couleur : Gris<\/p>\n\n\n\n<p>- Le mod\u00e8le Donna mesure 1,82 et porte la taille M.<\/p>","protected":false},"excerpt":{"rendered":"<p>Le scrunch est totalement \u00e0 la mode en ce moment et dans cette superbe combinaison de couleurs en plus ! Les leggings sont extensibles et ont une taille haute, ce qui leur permet de rester en place pendant votre entra\u00eenement, votre randonn\u00e9e ou votre s\u00e9ance de spinning. Un v\u00e9ritable must-have pour votre garde-robe, dans des couleurs \u00e9clatantes ! N'h\u00e9sitez pas \u00e0 le porter, c'est le moment de briller \u2728<\/p>","protected":false},"featured_media":61869,"template":"","meta":{"_acf_changed":false},"product_brand":[],"product_cat":[4798,28,54,3611],"product_tag":[],"class_list":{"0":"post-61880","1":"product","2":"type-product","3":"status-publish","4":"has-post-thumbnail","6":"product_cat-fade-away-collection","7":"product_cat-leggings","8":"product_cat-new","9":"product_cat-scrunch","11":"first","12":"outofstock","13":"sale","14":"taxable","15":"shipping-taxable","16":"product-type-variable","17":"has-default-attributes"},"acf":[],"yoast_head":"<!-- This site is optimized with the Yoast SEO plugin v27.1.1 - https:\/\/yoast.com\/product\/yoast-seo-wordpress\/ -->\n<title>Duo Colour Legging Grey - FITTwear.nl<\/title>\n<meta name=\"description\" content=\"Scrunch is helemaal de trend van nu en dan ook nog eens in deze fantastische kleurencombinatie! De legging is stretchy en heeft een hoge tailleband, waardoor hij blijft zitten tijdens jouw workout, hike of spinningsessie. Een echte musthave voor jouw kledingkast in de opvallende kleuren! Don\u2019 t be shy to wear this, it\u2019 s time to shine \u2728\" \/>\n<meta name=\"robots\" content=\"index, follow, max-snippet:-1, max-image-preview:large, max-video-preview:-1\" \/>\n<link rel=\"canonical\" href=\"https:\/\/fittwear.nl\/fr\/produit-2\/duo-couleur-legging-gris\/\" \/>\n<meta property=\"og:locale\" content=\"fr_FR\" \/>\n<meta property=\"og:type\" content=\"article\" \/>\n<meta property=\"og:title\" content=\"Duo Colour Legging Grey - FITTwear.nl\" \/>\n<meta property=\"og:description\" content=\"Scrunch is helemaal de trend van nu en dan ook nog eens in deze fantastische kleurencombinatie! De legging is stretchy en heeft een hoge tailleband, waardoor hij blijft zitten tijdens jouw workout, hike of spinningsessie. Een echte musthave voor jouw kledingkast in de opvallende kleuren! Don\u2019 t be shy to wear this, it\u2019 s time to shine \u2728\" \/>\n<meta property=\"og:url\" content=\"https:\/\/fittwear.nl\/fr\/produit-2\/duo-couleur-legging-gris\/\" \/>\n<meta property=\"og:site_name\" content=\"FITTwear.nl\" \/>\n<meta property=\"article:modified_time\" content=\"2026-04-03T05:51:36+00:00\" \/>\n<meta property=\"og:image\" content=\"https:\/\/fittwear.nl\/wp-content\/uploads\/2023\/04\/legging-duo-grijs_Voorkant-onder_jpg_3.jpg\" \/>\n\t<meta property=\"og:image:width\" content=\"1200\" \/>\n\t<meta property=\"og:image:height\" content=\"1800\" \/>\n\t<meta property=\"og:image:type\" content=\"image\/jpeg\" \/>\n<meta name=\"twitter:card\" content=\"summary_large_image\" \/>\n<meta name=\"twitter:label1\" content=\"Dur\u00e9e de lecture estim\u00e9e\" \/>\n\t<meta name=\"twitter:data1\" content=\"1 minute\" \/>\n<script type=\"application\/ld+json\" class=\"yoast-schema-graph\">{\"@context\":\"https:\/\/schema.org\",\"@graph\":[{\"@type\":\"WebPage\",\"@id\":\"https:\/\/fittwear.nl\/product\/duo-colour-legging-grey\/\",\"url\":\"https:\/\/fittwear.nl\/product\/duo-colour-legging-grey\/\",\"name\":\"Duo Colour Legging Grey - FITTwear.nl\",\"isPartOf\":{\"@id\":\"https:\/\/fittwear.nl\/#website\"},\"primaryImageOfPage\":{\"@id\":\"https:\/\/fittwear.nl\/product\/duo-colour-legging-grey\/#primaryimage\"},\"image\":{\"@id\":\"https:\/\/fittwear.nl\/product\/duo-colour-legging-grey\/#primaryimage\"},\"thumbnailUrl\":\"https:\/\/fittwear.nl\/wp-content\/uploads\/2023\/04\/legging-duo-grijs_Voorkant-onder_jpg_3.jpg\",\"datePublished\":\"2023-04-20T09:40:08+00:00\",\"dateModified\":\"2026-04-03T05:51:36+00:00\",\"description\":\"Scrunch is helemaal de trend van nu en dan ook nog eens in deze fantastische kleurencombinatie! De legging is stretchy en heeft een hoge tailleband, waardoor hij blijft zitten tijdens jouw workout, hike of spinningsessie. Een echte musthave voor jouw kledingkast in de opvallende kleuren! Don\u2019 t be shy to wear this, it\u2019 s time to shine \u2728\",\"breadcrumb\":{\"@id\":\"https:\/\/fittwear.nl\/product\/duo-colour-legging-grey\/#breadcrumb\"},\"inLanguage\":\"fr-FR\",\"potentialAction\":[{\"@type\":\"ReadAction\",\"target\":[\"https:\/\/fittwear.nl\/product\/duo-colour-legging-grey\/\"]}]},{\"@type\":\"ImageObject\",\"inLanguage\":\"fr-FR\",\"@id\":\"https:\/\/fittwear.nl\/product\/duo-colour-legging-grey\/#primaryimage\",\"url\":\"https:\/\/fittwear.nl\/wp-content\/uploads\/2023\/04\/legging-duo-grijs_Voorkant-onder_jpg_3.jpg\",\"contentUrl\":\"https:\/\/fittwear.nl\/wp-content\/uploads\/2023\/04\/legging-duo-grijs_Voorkant-onder_jpg_3.jpg\",\"width\":1200,\"height\":1800},{\"@type\":\"BreadcrumbList\",\"@id\":\"https:\/\/fittwear.nl\/product\/duo-colour-legging-grey\/#breadcrumb\",\"itemListElement\":[{\"@type\":\"ListItem\",\"position\":1,\"name\":\"Home\",\"item\":\"https:\/\/fittwear.nl\/\"},{\"@type\":\"ListItem\",\"position\":2,\"name\":\"Shop\",\"item\":\"https:\/\/fittwear.nl\/shop\/\"},{\"@type\":\"ListItem\",\"position\":3,\"name\":\"Duo Colour Legging Grey\"}]},{\"@type\":\"WebSite\",\"@id\":\"https:\/\/fittwear.nl\/#website\",\"url\":\"https:\/\/fittwear.nl\/\",\"name\":\"FITTwear.nl\",\"description\":\"Time to shine!\",\"publisher\":{\"@id\":\"https:\/\/fittwear.nl\/#organization\"},\"potentialAction\":[{\"@type\":\"SearchAction\",\"target\":{\"@type\":\"EntryPoint\",\"urlTemplate\":\"https:\/\/fittwear.nl\/?s={search_term_string}\"},\"query-input\":{\"@type\":\"PropertyValueSpecification\",\"valueRequired\":true,\"valueName\":\"search_term_string\"}}],\"inLanguage\":\"fr-FR\"},{\"@type\":\"Organization\",\"@id\":\"https:\/\/fittwear.nl\/#organization\",\"name\":\"FITTwear.nl\",\"url\":\"https:\/\/fittwear.nl\/\",\"logo\":{\"@type\":\"ImageObject\",\"inLanguage\":\"fr-FR\",\"@id\":\"https:\/\/fittwear.nl\/#\/schema\/logo\/image\/\",\"url\":\"https:\/\/fittwear.nl\/wp-content\/uploads\/2024\/07\/FITT-Logo-BeYOUtiful-website-homepage_Tekengebied-1-scaled.jpg\",\"contentUrl\":\"https:\/\/fittwear.nl\/wp-content\/uploads\/2024\/07\/FITT-Logo-BeYOUtiful-website-homepage_Tekengebied-1-scaled.jpg\",\"width\":2560,\"height\":599,\"caption\":\"FITTwear.nl\"},\"image\":{\"@id\":\"https:\/\/fittwear.nl\/#\/schema\/logo\/image\/\"}}]}<\/script>\n<!-- \/ Yoast SEO plugin. -->","yoast_head_json":{"title":"Legging Duo Colour Gris - FITTwear.fr","description":"Le scrunch est totalement \u00e0 la mode en ce moment et dans cette superbe combinaison de couleurs en plus ! Les leggings sont extensibles et ont une taille haute, ce qui leur permet de rester en place pendant votre entra\u00eenement, votre randonn\u00e9e ou votre s\u00e9ance de spinning. Un v\u00e9ritable must-have pour votre garde-robe, dans des couleurs \u00e9clatantes ! N'h\u00e9sitez pas \u00e0 le porter, c'est le moment de briller \u2728","robots":{"index":"index","follow":"follow","max-snippet":"max-snippet:-1","max-image-preview":"max-image-preview:large","max-video-preview":"max-video-preview:-1"},"canonical":"https:\/\/fittwear.nl\/fr\/produit-2\/duo-couleur-legging-gris\/","og_locale":"fr_FR","og_type":"article","og_title":"Duo Colour Legging Grey - FITTwear.nl","og_description":"Scrunch is helemaal de trend van nu en dan ook nog eens in deze fantastische kleurencombinatie! De legging is stretchy en heeft een hoge tailleband, waardoor hij blijft zitten tijdens jouw workout, hike of spinningsessie. Een echte musthave voor jouw kledingkast in de opvallende kleuren! Don\u2019 t be shy to wear this, it\u2019 s time to shine \u2728","og_url":"https:\/\/fittwear.nl\/fr\/produit-2\/duo-couleur-legging-gris\/","og_site_name":"FITTwear.nl","article_modified_time":"2026-04-03T05:51:36+00:00","og_image":[{"width":1200,"height":1800,"url":"https:\/\/fittwear.nl\/wp-content\/uploads\/2023\/04\/legging-duo-grijs_Voorkant-onder_jpg_3.jpg","type":"image\/jpeg"}],"twitter_card":"summary_large_image","twitter_misc":{"Dur\u00e9e de lecture estim\u00e9e":"1 minute"},"schema":{"@context":"https:\/\/schema.org","@graph":[{"@type":"WebPage","@id":"https:\/\/fittwear.nl\/product\/duo-colour-legging-grey\/","url":"https:\/\/fittwear.nl\/product\/duo-colour-legging-grey\/","name":"Legging Duo Colour Gris - FITTwear.fr","isPartOf":{"@id":"https:\/\/fittwear.nl\/#website"},"primaryImageOfPage":{"@id":"https:\/\/fittwear.nl\/product\/duo-colour-legging-grey\/#primaryimage"},"image":{"@id":"https:\/\/fittwear.nl\/product\/duo-colour-legging-grey\/#primaryimage"},"thumbnailUrl":"https:\/\/fittwear.nl\/wp-content\/uploads\/2023\/04\/legging-duo-grijs_Voorkant-onder_jpg_3.jpg","datePublished":"2023-04-20T09:40:08+00:00","dateModified":"2026-04-03T05:51:36+00:00","description":"Le scrunch est totalement \u00e0 la mode en ce moment et dans cette superbe combinaison de couleurs en plus ! Les leggings sont extensibles et ont une taille haute, ce qui leur permet de rester en place pendant votre entra\u00eenement, votre randonn\u00e9e ou votre s\u00e9ance de spinning. Un v\u00e9ritable must-have pour votre garde-robe, dans des couleurs \u00e9clatantes ! N'h\u00e9sitez pas \u00e0 le porter, c'est le moment de briller \u2728","breadcrumb":{"@id":"https:\/\/fittwear.nl\/product\/duo-colour-legging-grey\/#breadcrumb"},"inLanguage":"fr-FR","potentialAction":[{"@type":"ReadAction","target":["https:\/\/fittwear.nl\/product\/duo-colour-legging-grey\/"]}]},{"@type":"ImageObject","inLanguage":"fr-FR","@id":"https:\/\/fittwear.nl\/product\/duo-colour-legging-grey\/#primaryimage","url":"https:\/\/fittwear.nl\/wp-content\/uploads\/2023\/04\/legging-duo-grijs_Voorkant-onder_jpg_3.jpg","contentUrl":"https:\/\/fittwear.nl\/wp-content\/uploads\/2023\/04\/legging-duo-grijs_Voorkant-onder_jpg_3.jpg","width":1200,"height":1800},{"@type":"BreadcrumbList","@id":"https:\/\/fittwear.nl\/product\/duo-colour-legging-grey\/#breadcrumb","itemListElement":[{"@type":"ListItem","position":1,"name":"Home","item":"https:\/\/fittwear.nl\/"},{"@type":"ListItem","position":2,"name":"Shop","item":"https:\/\/fittwear.nl\/shop\/"},{"@type":"ListItem","position":3,"name":"Duo Colour Legging Grey"}]},{"@type":"WebSite","@id":"https:\/\/fittwear.nl\/#website","url":"https:\/\/fittwear.nl\/","name":"FITTwear.co.uk","description":"C'est le moment de briller !","publisher":{"@id":"https:\/\/fittwear.nl\/#organization"},"potentialAction":[{"@type":"SearchAction","target":{"@type":"EntryPoint","urlTemplate":"https:\/\/fittwear.nl\/?s={search_term_string}"},"query-input":{"@type":"PropertyValueSpecification","valueRequired":true,"valueName":"search_term_string"}}],"inLanguage":"fr-FR"},{"@type":"Organization","@id":"https:\/\/fittwear.nl\/#organization","name":"FITTwear.co.uk","url":"https:\/\/fittwear.nl\/","logo":{"@type":"ImageObject","inLanguage":"fr-FR","@id":"https:\/\/fittwear.nl\/#\/schema\/logo\/image\/","url":"https:\/\/fittwear.nl\/wp-content\/uploads\/2024\/07\/FITT-Logo-BeYOUtiful-website-homepage_Tekengebied-1-scaled.jpg","contentUrl":"https:\/\/fittwear.nl\/wp-content\/uploads\/2024\/07\/FITT-Logo-BeYOUtiful-website-homepage_Tekengebied-1-scaled.jpg","width":2560,"height":599,"caption":"FITTwear.nl"},"image":{"@id":"https:\/\/fittwear.nl\/#\/schema\/logo\/image\/"}}]}},"_links":{"self":[{"href":"https:\/\/fittwear.nl\/fr\/wp-json\/wp\/v2\/product\/61880","targetHints":{"allow":["GET"]}}],"collection":[{"href":"https:\/\/fittwear.nl\/fr\/wp-json\/wp\/v2\/product"}],"about":[{"href":"https:\/\/fittwear.nl\/fr\/wp-json\/wp\/v2\/types\/product"}],"wp:featuredmedia":[{"embeddable":true,"href":"https:\/\/fittwear.nl\/fr\/wp-json\/wp\/v2\/media\/61869"}],"wp:attachment":[{"href":"https:\/\/fittwear.nl\/fr\/wp-json\/wp\/v2\/media?parent=61880"}],"wp:term":[{"taxonomy":"product_brand","embeddable":true,"href":"https:\/\/fittwear.nl\/fr\/wp-json\/wp\/v2\/product_brand?post=61880"},{"taxonomy":"product_cat","embeddable":true,"href":"https:\/\/fittwear.nl\/fr\/wp-json\/wp\/v2\/product_cat?post=61880"},{"taxonomy":"product_tag","embeddable":true,"href":"https:\/\/fittwear.nl\/fr\/wp-json\/wp\/v2\/product_tag?post=61880"}],"curies":[{"name":"wp","href":"https:\/\/api.w.org\/{rel}","templated":true}]}}