{"id":65588,"date":"2023-06-08T17:48:54","date_gmt":"2023-06-08T15:48:54","guid":{"rendered":"https:\/\/fittwear.nl\/?post_type=product&#038;p=65588"},"modified":"2026-04-26T13:49:52","modified_gmt":"2026-04-26T11:49:52","slug":"col-en-v-halter-top-noir","status":"publish","type":"product","link":"https:\/\/fittwear.nl\/fr\/product\/v-neck-halter-top-black\/","title":{"rendered":"Top dos nu en V Noir"},"content":{"rendered":"<p>&#8211; Halter top<\/p>\n\n\n\n<p>&#8211; V-shape hals <\/p>\n\n\n\n<p>&#8211; Leuk scrunch detail aan de zijkanten<\/p>\n\n\n\n<p>&#8211; Band in de nek<\/p>\n\n\n\n<p>- Coussinets amovibles<\/p>\n\n\n\n<p>&#8211; Stretchy en sneldrogende stof<\/p>\n\n\n\n<p>- Couleur : noir<\/p>\n\n\n\n<p>- Lavable jusqu'\u00e0 30\u2103<\/p>\n\n\n\n<p>&#8211; 80% Nylon en 20% Spandex<\/p>\n\n\n\n<p>- Le mod\u00e8le Donna mesure 1,82 et porte la taille M.<\/p>","protected":false},"excerpt":{"rendered":"<p>Le top de sport pr\u00e9f\u00e9r\u00e9 de tous les temps avec une fermeture en licou au niveau du cou. Facile \u00e0 combiner avec tous vos v\u00eatements de sport ! Gr\u00e2ce \u00e0 la finition ferme \u00e0 l'int\u00e9rieur et aux coussinets amovibles, ce haut peut \u00eatre port\u00e9 sans soutien-gorge de sport. Un v\u00e9ritable must-have \u00e0 ajouter \u00e0 votre collection de v\u00eatements de sport ! Ce haut est disponible en plusieurs couleurs.<\/p>","protected":false},"featured_media":66353,"template":"","meta":{"_acf_changed":false},"product_brand":[],"product_cat":[81,4812,4794,4836,79,65],"product_tag":[],"class_list":{"0":"post-65588","1":"product","2":"type-product","3":"status-publish","4":"has-post-thumbnail","6":"product_cat-crop-tops","7":"product_cat-forever-favorites-categorie","8":"product_cat-mindful-movement","9":"product_cat-sleeveless-tanktops-dames","10":"product_cat-tanktops-dames","11":"product_cat-yogakleding","13":"first","14":"instock","15":"taxable","16":"shipping-taxable","17":"purchasable","18":"product-type-variable","19":"has-default-attributes"},"acf":[],"yoast_head":"<!-- This site is optimized with the Yoast SEO plugin v27.1.1 - https:\/\/yoast.com\/product\/yoast-seo-wordpress\/ -->\n<title>V-neck Halter Top Black - FITTwear.nl<\/title>\n<meta name=\"description\" content=\"Een all time favourite sport top met halter sluiting in de nek. Makkelijk te combineren met al jouw sportkleding! Dankzij de stevige afwerking aan de binnenzijde en uitneembare pads is deze top prima zonder sport BH te dragen. Een echte musthave dus om toe te voegen aan jouw gym wear collectie! De top is verkrijgbaar in meerdere kleuren.\" \/>\n<meta name=\"robots\" content=\"index, follow, max-snippet:-1, max-image-preview:large, max-video-preview:-1\" \/>\n<link rel=\"canonical\" href=\"https:\/\/fittwear.nl\/fr\/produit-2\/col-en-v-halter-top-noir\/\" \/>\n<meta property=\"og:locale\" content=\"fr_FR\" \/>\n<meta property=\"og:type\" content=\"article\" \/>\n<meta property=\"og:title\" content=\"V-neck Halter Top Black - FITTwear.nl\" \/>\n<meta property=\"og:description\" content=\"Een all time favourite sport top met halter sluiting in de nek. Makkelijk te combineren met al jouw sportkleding! Dankzij de stevige afwerking aan de binnenzijde en uitneembare pads is deze top prima zonder sport BH te dragen. Een echte musthave dus om toe te voegen aan jouw gym wear collectie! De top is verkrijgbaar in meerdere kleuren.\" \/>\n<meta property=\"og:url\" content=\"https:\/\/fittwear.nl\/fr\/produit-2\/col-en-v-halter-top-noir\/\" \/>\n<meta property=\"og:site_name\" content=\"FITTwear.nl\" \/>\n<meta property=\"article:modified_time\" content=\"2026-04-26T11:49:52+00:00\" \/>\n<meta property=\"og:image\" content=\"https:\/\/fittwear.nl\/wp-content\/uploads\/2023\/06\/duo-short-plus-top-v-halter-zwart_Voorkant-boven_jpg_1.jpg\" \/>\n\t<meta property=\"og:image:width\" content=\"1200\" \/>\n\t<meta property=\"og:image:height\" content=\"1800\" \/>\n\t<meta property=\"og:image:type\" content=\"image\/jpeg\" \/>\n<meta name=\"twitter:card\" content=\"summary_large_image\" \/>\n<meta name=\"twitter:label1\" content=\"Dur\u00e9e de lecture estim\u00e9e\" \/>\n\t<meta name=\"twitter:data1\" content=\"1 minute\" \/>\n<script type=\"application\/ld+json\" class=\"yoast-schema-graph\">{\"@context\":\"https:\/\/schema.org\",\"@graph\":[{\"@type\":\"WebPage\",\"@id\":\"https:\/\/fittwear.nl\/product\/v-neck-halter-top-black\/\",\"url\":\"https:\/\/fittwear.nl\/product\/v-neck-halter-top-black\/\",\"name\":\"V-neck Halter Top Black - FITTwear.nl\",\"isPartOf\":{\"@id\":\"https:\/\/fittwear.nl\/#website\"},\"primaryImageOfPage\":{\"@id\":\"https:\/\/fittwear.nl\/product\/v-neck-halter-top-black\/#primaryimage\"},\"image\":{\"@id\":\"https:\/\/fittwear.nl\/product\/v-neck-halter-top-black\/#primaryimage\"},\"thumbnailUrl\":\"https:\/\/fittwear.nl\/wp-content\/uploads\/2023\/06\/duo-short-plus-top-v-halter-zwart_Voorkant-boven_jpg_1.jpg\",\"datePublished\":\"2023-06-08T15:48:54+00:00\",\"dateModified\":\"2026-04-26T11:49:52+00:00\",\"description\":\"Een all time favourite sport top met halter sluiting in de nek. Makkelijk te combineren met al jouw sportkleding! Dankzij de stevige afwerking aan de binnenzijde en uitneembare pads is deze top prima zonder sport BH te dragen. Een echte musthave dus om toe te voegen aan jouw gym wear collectie! De top is verkrijgbaar in meerdere kleuren.\",\"breadcrumb\":{\"@id\":\"https:\/\/fittwear.nl\/product\/v-neck-halter-top-black\/#breadcrumb\"},\"inLanguage\":\"fr-FR\",\"potentialAction\":[{\"@type\":\"ReadAction\",\"target\":[\"https:\/\/fittwear.nl\/product\/v-neck-halter-top-black\/\"]}]},{\"@type\":\"ImageObject\",\"inLanguage\":\"fr-FR\",\"@id\":\"https:\/\/fittwear.nl\/product\/v-neck-halter-top-black\/#primaryimage\",\"url\":\"https:\/\/fittwear.nl\/wp-content\/uploads\/2023\/06\/duo-short-plus-top-v-halter-zwart_Voorkant-boven_jpg_1.jpg\",\"contentUrl\":\"https:\/\/fittwear.nl\/wp-content\/uploads\/2023\/06\/duo-short-plus-top-v-halter-zwart_Voorkant-boven_jpg_1.jpg\",\"width\":1200,\"height\":1800},{\"@type\":\"BreadcrumbList\",\"@id\":\"https:\/\/fittwear.nl\/product\/v-neck-halter-top-black\/#breadcrumb\",\"itemListElement\":[{\"@type\":\"ListItem\",\"position\":1,\"name\":\"Home\",\"item\":\"https:\/\/fittwear.nl\/\"},{\"@type\":\"ListItem\",\"position\":2,\"name\":\"Shop\",\"item\":\"https:\/\/fittwear.nl\/shop\/\"},{\"@type\":\"ListItem\",\"position\":3,\"name\":\"V-neck Halter Top Black\"}]},{\"@type\":\"WebSite\",\"@id\":\"https:\/\/fittwear.nl\/#website\",\"url\":\"https:\/\/fittwear.nl\/\",\"name\":\"FITTwear.nl\",\"description\":\"Time to shine!\",\"publisher\":{\"@id\":\"https:\/\/fittwear.nl\/#organization\"},\"potentialAction\":[{\"@type\":\"SearchAction\",\"target\":{\"@type\":\"EntryPoint\",\"urlTemplate\":\"https:\/\/fittwear.nl\/?s={search_term_string}\"},\"query-input\":{\"@type\":\"PropertyValueSpecification\",\"valueRequired\":true,\"valueName\":\"search_term_string\"}}],\"inLanguage\":\"fr-FR\"},{\"@type\":\"Organization\",\"@id\":\"https:\/\/fittwear.nl\/#organization\",\"name\":\"FITTwear.nl\",\"url\":\"https:\/\/fittwear.nl\/\",\"logo\":{\"@type\":\"ImageObject\",\"inLanguage\":\"fr-FR\",\"@id\":\"https:\/\/fittwear.nl\/#\/schema\/logo\/image\/\",\"url\":\"https:\/\/fittwear.nl\/wp-content\/uploads\/2024\/07\/FITT-Logo-BeYOUtiful-website-homepage_Tekengebied-1-scaled.jpg\",\"contentUrl\":\"https:\/\/fittwear.nl\/wp-content\/uploads\/2024\/07\/FITT-Logo-BeYOUtiful-website-homepage_Tekengebied-1-scaled.jpg\",\"width\":2560,\"height\":599,\"caption\":\"FITTwear.nl\"},\"image\":{\"@id\":\"https:\/\/fittwear.nl\/#\/schema\/logo\/image\/\"}}]}<\/script>\n<!-- \/ Yoast SEO plugin. -->","yoast_head_json":{"title":"Top dos nu col V Noir - FITTwear.fr","description":"Le top de sport pr\u00e9f\u00e9r\u00e9 de tous les temps avec une fermeture en licou au niveau du cou. Facile \u00e0 combiner avec tous vos v\u00eatements de sport ! Gr\u00e2ce \u00e0 la finition ferme \u00e0 l'int\u00e9rieur et aux coussinets amovibles, ce haut peut \u00eatre port\u00e9 sans soutien-gorge de sport. Un v\u00e9ritable must-have \u00e0 ajouter \u00e0 votre collection de v\u00eatements de sport ! Ce haut est disponible en plusieurs couleurs.","robots":{"index":"index","follow":"follow","max-snippet":"max-snippet:-1","max-image-preview":"max-image-preview:large","max-video-preview":"max-video-preview:-1"},"canonical":"https:\/\/fittwear.nl\/fr\/produit-2\/col-en-v-halter-top-noir\/","og_locale":"fr_FR","og_type":"article","og_title":"V-neck Halter Top Black - FITTwear.nl","og_description":"Een all time favourite sport top met halter sluiting in de nek. Makkelijk te combineren met al jouw sportkleding! Dankzij de stevige afwerking aan de binnenzijde en uitneembare pads is deze top prima zonder sport BH te dragen. Een echte musthave dus om toe te voegen aan jouw gym wear collectie! De top is verkrijgbaar in meerdere kleuren.","og_url":"https:\/\/fittwear.nl\/fr\/produit-2\/col-en-v-halter-top-noir\/","og_site_name":"FITTwear.nl","article_modified_time":"2026-04-26T11:49:52+00:00","og_image":[{"width":1200,"height":1800,"url":"https:\/\/fittwear.nl\/wp-content\/uploads\/2023\/06\/duo-short-plus-top-v-halter-zwart_Voorkant-boven_jpg_1.jpg","type":"image\/jpeg"}],"twitter_card":"summary_large_image","twitter_misc":{"Dur\u00e9e de lecture estim\u00e9e":"1 minute"},"schema":{"@context":"https:\/\/schema.org","@graph":[{"@type":"WebPage","@id":"https:\/\/fittwear.nl\/product\/v-neck-halter-top-black\/","url":"https:\/\/fittwear.nl\/product\/v-neck-halter-top-black\/","name":"Top dos nu col V Noir - FITTwear.fr","isPartOf":{"@id":"https:\/\/fittwear.nl\/#website"},"primaryImageOfPage":{"@id":"https:\/\/fittwear.nl\/product\/v-neck-halter-top-black\/#primaryimage"},"image":{"@id":"https:\/\/fittwear.nl\/product\/v-neck-halter-top-black\/#primaryimage"},"thumbnailUrl":"https:\/\/fittwear.nl\/wp-content\/uploads\/2023\/06\/duo-short-plus-top-v-halter-zwart_Voorkant-boven_jpg_1.jpg","datePublished":"2023-06-08T15:48:54+00:00","dateModified":"2026-04-26T11:49:52+00:00","description":"Le top de sport pr\u00e9f\u00e9r\u00e9 de tous les temps avec une fermeture en licou au niveau du cou. Facile \u00e0 combiner avec tous vos v\u00eatements de sport ! Gr\u00e2ce \u00e0 la finition ferme \u00e0 l'int\u00e9rieur et aux coussinets amovibles, ce haut peut \u00eatre port\u00e9 sans soutien-gorge de sport. Un v\u00e9ritable must-have \u00e0 ajouter \u00e0 votre collection de v\u00eatements de sport ! Ce haut est disponible en plusieurs couleurs.","breadcrumb":{"@id":"https:\/\/fittwear.nl\/product\/v-neck-halter-top-black\/#breadcrumb"},"inLanguage":"fr-FR","potentialAction":[{"@type":"ReadAction","target":["https:\/\/fittwear.nl\/product\/v-neck-halter-top-black\/"]}]},{"@type":"ImageObject","inLanguage":"fr-FR","@id":"https:\/\/fittwear.nl\/product\/v-neck-halter-top-black\/#primaryimage","url":"https:\/\/fittwear.nl\/wp-content\/uploads\/2023\/06\/duo-short-plus-top-v-halter-zwart_Voorkant-boven_jpg_1.jpg","contentUrl":"https:\/\/fittwear.nl\/wp-content\/uploads\/2023\/06\/duo-short-plus-top-v-halter-zwart_Voorkant-boven_jpg_1.jpg","width":1200,"height":1800},{"@type":"BreadcrumbList","@id":"https:\/\/fittwear.nl\/product\/v-neck-halter-top-black\/#breadcrumb","itemListElement":[{"@type":"ListItem","position":1,"name":"Home","item":"https:\/\/fittwear.nl\/"},{"@type":"ListItem","position":2,"name":"Shop","item":"https:\/\/fittwear.nl\/shop\/"},{"@type":"ListItem","position":3,"name":"V-neck Halter Top Black"}]},{"@type":"WebSite","@id":"https:\/\/fittwear.nl\/#website","url":"https:\/\/fittwear.nl\/","name":"FITTwear.co.uk","description":"C'est le moment de briller !","publisher":{"@id":"https:\/\/fittwear.nl\/#organization"},"potentialAction":[{"@type":"SearchAction","target":{"@type":"EntryPoint","urlTemplate":"https:\/\/fittwear.nl\/?s={search_term_string}"},"query-input":{"@type":"PropertyValueSpecification","valueRequired":true,"valueName":"search_term_string"}}],"inLanguage":"fr-FR"},{"@type":"Organization","@id":"https:\/\/fittwear.nl\/#organization","name":"FITTwear.co.uk","url":"https:\/\/fittwear.nl\/","logo":{"@type":"ImageObject","inLanguage":"fr-FR","@id":"https:\/\/fittwear.nl\/#\/schema\/logo\/image\/","url":"https:\/\/fittwear.nl\/wp-content\/uploads\/2024\/07\/FITT-Logo-BeYOUtiful-website-homepage_Tekengebied-1-scaled.jpg","contentUrl":"https:\/\/fittwear.nl\/wp-content\/uploads\/2024\/07\/FITT-Logo-BeYOUtiful-website-homepage_Tekengebied-1-scaled.jpg","width":2560,"height":599,"caption":"FITTwear.nl"},"image":{"@id":"https:\/\/fittwear.nl\/#\/schema\/logo\/image\/"}}]}},"_links":{"self":[{"href":"https:\/\/fittwear.nl\/fr\/wp-json\/wp\/v2\/product\/65588","targetHints":{"allow":["GET"]}}],"collection":[{"href":"https:\/\/fittwear.nl\/fr\/wp-json\/wp\/v2\/product"}],"about":[{"href":"https:\/\/fittwear.nl\/fr\/wp-json\/wp\/v2\/types\/product"}],"wp:featuredmedia":[{"embeddable":true,"href":"https:\/\/fittwear.nl\/fr\/wp-json\/wp\/v2\/media\/66353"}],"wp:attachment":[{"href":"https:\/\/fittwear.nl\/fr\/wp-json\/wp\/v2\/media?parent=65588"}],"wp:term":[{"taxonomy":"product_brand","embeddable":true,"href":"https:\/\/fittwear.nl\/fr\/wp-json\/wp\/v2\/product_brand?post=65588"},{"taxonomy":"product_cat","embeddable":true,"href":"https:\/\/fittwear.nl\/fr\/wp-json\/wp\/v2\/product_cat?post=65588"},{"taxonomy":"product_tag","embeddable":true,"href":"https:\/\/fittwear.nl\/fr\/wp-json\/wp\/v2\/product_tag?post=65588"}],"curies":[{"name":"wp","href":"https:\/\/api.w.org\/{rel}","templated":true}]}}