{"id":65604,"date":"2023-06-08T17:26:54","date_gmt":"2023-06-08T15:26:54","guid":{"rendered":"https:\/\/fittwear.nl\/?post_type=product&#038;p=65604"},"modified":"2026-04-16T00:08:32","modified_gmt":"2026-04-15T22:08:32","slug":"top-a-encolure-haute-noir","status":"publish","type":"product","link":"https:\/\/fittwear.nl\/fr\/product\/high-neck-top-black\/","title":{"rendered":"Top \u00e0 col montant noir"},"content":{"rendered":"<p>&#8211; Hoge hals<\/p>\n\n\n\n<p>&#8211; Stretchy en mee rekkende stof<\/p>\n\n\n\n<p>- Coussinets amovibles<\/p>\n\n\n\n<p>&#8211; Ademende stof<\/p>\n\n\n\n<p>&#8211; Bedrukt logo<\/p>\n\n\n\n<p>- Nylon 80%, \u00e9lasthanne 20%<\/p>\n\n\n\n<p>- Couleur : noir<\/p>\n\n\n\n<p>&#8211; Wasbaar tot 30\u2103<\/p>\n\n\n\n<p>- Le mod\u00e8le Donna mesure 1,82 et porte la taille M.<\/p>","protected":false},"excerpt":{"rendered":"<p>Ce haut est le favori de votre collection ! Gr\u00e2ce \u00e0 sa mati\u00e8re extensible et respirante, ce haut peut \u00eatre utilis\u00e9 pour toutes vos s\u00e9ances d'entra\u00eenement. Il est facile \u00e0 combiner et \u00e0 porter sans soutien-gorge gr\u00e2ce aux coussinets amovibles. S\u00e9chage rapide, respirabilit\u00e9 et confort. Un haut id\u00e9al !<\/p>","protected":false},"featured_media":66341,"template":"","meta":{"_acf_changed":false},"product_brand":[],"product_cat":[4791,81,4812,4836,79],"product_tag":[],"class_list":{"0":"post-65604","1":"product","2":"type-product","3":"status-publish","4":"has-post-thumbnail","6":"product_cat-city-vibes","7":"product_cat-crop-tops","8":"product_cat-forever-favorites-categorie","9":"product_cat-sleeveless-tanktops-dames","10":"product_cat-tanktops-dames","12":"first","13":"instock","14":"taxable","15":"shipping-taxable","16":"purchasable","17":"product-type-variable","18":"has-default-attributes"},"acf":[],"yoast_head":"<!-- This site is optimized with the Yoast SEO plugin v27.1.1 - https:\/\/yoast.com\/product\/yoast-seo-wordpress\/ -->\n<title>High Neck Top Black - FITTwear.nl<\/title>\n<meta name=\"description\" content=\"Deze top is de all-time favourite voor binnen jouw collectie! Door het stretchy en ademende materiaal is deze top inzetbaar voor al jouw work-outs. Hij is gemakkelijk te combineren en ook nog eens goed draagbaar zonder een BH door de uitneembare pads. Sneldrogend, ademend en de top biedt ook nog eens comfort. Ideale top dus!\" \/>\n<meta name=\"robots\" content=\"index, follow, max-snippet:-1, max-image-preview:large, max-video-preview:-1\" \/>\n<link rel=\"canonical\" href=\"https:\/\/fittwear.nl\/fr\/produit-2\/top-a-encolure-haute-noir\/\" \/>\n<meta property=\"og:locale\" content=\"fr_FR\" \/>\n<meta property=\"og:type\" content=\"article\" \/>\n<meta property=\"og:title\" content=\"High Neck Top Black - FITTwear.nl\" \/>\n<meta property=\"og:description\" content=\"Deze top is de all-time favourite voor binnen jouw collectie! Door het stretchy en ademende materiaal is deze top inzetbaar voor al jouw work-outs. Hij is gemakkelijk te combineren en ook nog eens goed draagbaar zonder een BH door de uitneembare pads. Sneldrogend, ademend en de top biedt ook nog eens comfort. Ideale top dus!\" \/>\n<meta property=\"og:url\" content=\"https:\/\/fittwear.nl\/fr\/produit-2\/top-a-encolure-haute-noir\/\" \/>\n<meta property=\"og:site_name\" content=\"FITTwear.nl\" \/>\n<meta property=\"article:modified_time\" content=\"2026-04-15T22:08:32+00:00\" \/>\n<meta property=\"og:image\" content=\"https:\/\/fittwear.nl\/wp-content\/uploads\/2023\/06\/jogger-zwart_Fullbody_jpg_35.jpg\" \/>\n\t<meta property=\"og:image:width\" content=\"1200\" \/>\n\t<meta property=\"og:image:height\" content=\"1800\" \/>\n\t<meta property=\"og:image:type\" content=\"image\/jpeg\" \/>\n<meta name=\"twitter:card\" content=\"summary_large_image\" \/>\n<meta name=\"twitter:label1\" content=\"Dur\u00e9e de lecture estim\u00e9e\" \/>\n\t<meta name=\"twitter:data1\" content=\"1 minute\" \/>\n<script type=\"application\/ld+json\" class=\"yoast-schema-graph\">{\"@context\":\"https:\/\/schema.org\",\"@graph\":[{\"@type\":\"WebPage\",\"@id\":\"https:\/\/fittwear.nl\/product\/high-neck-top-black\/\",\"url\":\"https:\/\/fittwear.nl\/product\/high-neck-top-black\/\",\"name\":\"High Neck Top Black - FITTwear.nl\",\"isPartOf\":{\"@id\":\"https:\/\/fittwear.nl\/#website\"},\"primaryImageOfPage\":{\"@id\":\"https:\/\/fittwear.nl\/product\/high-neck-top-black\/#primaryimage\"},\"image\":{\"@id\":\"https:\/\/fittwear.nl\/product\/high-neck-top-black\/#primaryimage\"},\"thumbnailUrl\":\"https:\/\/fittwear.nl\/wp-content\/uploads\/2023\/06\/jogger-zwart_Fullbody_jpg_35.jpg\",\"datePublished\":\"2023-06-08T15:26:54+00:00\",\"dateModified\":\"2026-04-15T22:08:32+00:00\",\"description\":\"Deze top is de all-time favourite voor binnen jouw collectie! Door het stretchy en ademende materiaal is deze top inzetbaar voor al jouw work-outs. Hij is gemakkelijk te combineren en ook nog eens goed draagbaar zonder een BH door de uitneembare pads. Sneldrogend, ademend en de top biedt ook nog eens comfort. Ideale top dus!\",\"breadcrumb\":{\"@id\":\"https:\/\/fittwear.nl\/product\/high-neck-top-black\/#breadcrumb\"},\"inLanguage\":\"fr-FR\",\"potentialAction\":[{\"@type\":\"ReadAction\",\"target\":[\"https:\/\/fittwear.nl\/product\/high-neck-top-black\/\"]}]},{\"@type\":\"ImageObject\",\"inLanguage\":\"fr-FR\",\"@id\":\"https:\/\/fittwear.nl\/product\/high-neck-top-black\/#primaryimage\",\"url\":\"https:\/\/fittwear.nl\/wp-content\/uploads\/2023\/06\/jogger-zwart_Fullbody_jpg_35.jpg\",\"contentUrl\":\"https:\/\/fittwear.nl\/wp-content\/uploads\/2023\/06\/jogger-zwart_Fullbody_jpg_35.jpg\",\"width\":1200,\"height\":1800},{\"@type\":\"BreadcrumbList\",\"@id\":\"https:\/\/fittwear.nl\/product\/high-neck-top-black\/#breadcrumb\",\"itemListElement\":[{\"@type\":\"ListItem\",\"position\":1,\"name\":\"Home\",\"item\":\"https:\/\/fittwear.nl\/\"},{\"@type\":\"ListItem\",\"position\":2,\"name\":\"Shop\",\"item\":\"https:\/\/fittwear.nl\/shop\/\"},{\"@type\":\"ListItem\",\"position\":3,\"name\":\"High Neck Top Black\"}]},{\"@type\":\"WebSite\",\"@id\":\"https:\/\/fittwear.nl\/#website\",\"url\":\"https:\/\/fittwear.nl\/\",\"name\":\"FITTwear.nl\",\"description\":\"Time to shine!\",\"publisher\":{\"@id\":\"https:\/\/fittwear.nl\/#organization\"},\"potentialAction\":[{\"@type\":\"SearchAction\",\"target\":{\"@type\":\"EntryPoint\",\"urlTemplate\":\"https:\/\/fittwear.nl\/?s={search_term_string}\"},\"query-input\":{\"@type\":\"PropertyValueSpecification\",\"valueRequired\":true,\"valueName\":\"search_term_string\"}}],\"inLanguage\":\"fr-FR\"},{\"@type\":\"Organization\",\"@id\":\"https:\/\/fittwear.nl\/#organization\",\"name\":\"FITTwear.nl\",\"url\":\"https:\/\/fittwear.nl\/\",\"logo\":{\"@type\":\"ImageObject\",\"inLanguage\":\"fr-FR\",\"@id\":\"https:\/\/fittwear.nl\/#\/schema\/logo\/image\/\",\"url\":\"https:\/\/fittwear.nl\/wp-content\/uploads\/2024\/07\/FITT-Logo-BeYOUtiful-website-homepage_Tekengebied-1-scaled.jpg\",\"contentUrl\":\"https:\/\/fittwear.nl\/wp-content\/uploads\/2024\/07\/FITT-Logo-BeYOUtiful-website-homepage_Tekengebied-1-scaled.jpg\",\"width\":2560,\"height\":599,\"caption\":\"FITTwear.nl\"},\"image\":{\"@id\":\"https:\/\/fittwear.nl\/#\/schema\/logo\/image\/\"}}]}<\/script>\n<!-- \/ Yoast SEO plugin. -->","yoast_head_json":{"title":"Top \u00e0 col montant Noir - FITTwear.fr","description":"Ce haut est le favori de votre collection ! Gr\u00e2ce \u00e0 sa mati\u00e8re extensible et respirante, ce haut peut \u00eatre utilis\u00e9 pour toutes vos s\u00e9ances d'entra\u00eenement. Il est facile \u00e0 combiner et \u00e0 porter sans soutien-gorge gr\u00e2ce aux coussinets amovibles. S\u00e9chage rapide, respirabilit\u00e9 et confort. Un haut id\u00e9al !","robots":{"index":"index","follow":"follow","max-snippet":"max-snippet:-1","max-image-preview":"max-image-preview:large","max-video-preview":"max-video-preview:-1"},"canonical":"https:\/\/fittwear.nl\/fr\/produit-2\/top-a-encolure-haute-noir\/","og_locale":"fr_FR","og_type":"article","og_title":"High Neck Top Black - FITTwear.nl","og_description":"Deze top is de all-time favourite voor binnen jouw collectie! Door het stretchy en ademende materiaal is deze top inzetbaar voor al jouw work-outs. Hij is gemakkelijk te combineren en ook nog eens goed draagbaar zonder een BH door de uitneembare pads. Sneldrogend, ademend en de top biedt ook nog eens comfort. Ideale top dus!","og_url":"https:\/\/fittwear.nl\/fr\/produit-2\/top-a-encolure-haute-noir\/","og_site_name":"FITTwear.nl","article_modified_time":"2026-04-15T22:08:32+00:00","og_image":[{"width":1200,"height":1800,"url":"https:\/\/fittwear.nl\/wp-content\/uploads\/2023\/06\/jogger-zwart_Fullbody_jpg_35.jpg","type":"image\/jpeg"}],"twitter_card":"summary_large_image","twitter_misc":{"Dur\u00e9e de lecture estim\u00e9e":"1 minute"},"schema":{"@context":"https:\/\/schema.org","@graph":[{"@type":"WebPage","@id":"https:\/\/fittwear.nl\/product\/high-neck-top-black\/","url":"https:\/\/fittwear.nl\/product\/high-neck-top-black\/","name":"Top \u00e0 col montant Noir - FITTwear.fr","isPartOf":{"@id":"https:\/\/fittwear.nl\/#website"},"primaryImageOfPage":{"@id":"https:\/\/fittwear.nl\/product\/high-neck-top-black\/#primaryimage"},"image":{"@id":"https:\/\/fittwear.nl\/product\/high-neck-top-black\/#primaryimage"},"thumbnailUrl":"https:\/\/fittwear.nl\/wp-content\/uploads\/2023\/06\/jogger-zwart_Fullbody_jpg_35.jpg","datePublished":"2023-06-08T15:26:54+00:00","dateModified":"2026-04-15T22:08:32+00:00","description":"Ce haut est le favori de votre collection ! Gr\u00e2ce \u00e0 sa mati\u00e8re extensible et respirante, ce haut peut \u00eatre utilis\u00e9 pour toutes vos s\u00e9ances d'entra\u00eenement. Il est facile \u00e0 combiner et \u00e0 porter sans soutien-gorge gr\u00e2ce aux coussinets amovibles. S\u00e9chage rapide, respirabilit\u00e9 et confort. Un haut id\u00e9al !","breadcrumb":{"@id":"https:\/\/fittwear.nl\/product\/high-neck-top-black\/#breadcrumb"},"inLanguage":"fr-FR","potentialAction":[{"@type":"ReadAction","target":["https:\/\/fittwear.nl\/product\/high-neck-top-black\/"]}]},{"@type":"ImageObject","inLanguage":"fr-FR","@id":"https:\/\/fittwear.nl\/product\/high-neck-top-black\/#primaryimage","url":"https:\/\/fittwear.nl\/wp-content\/uploads\/2023\/06\/jogger-zwart_Fullbody_jpg_35.jpg","contentUrl":"https:\/\/fittwear.nl\/wp-content\/uploads\/2023\/06\/jogger-zwart_Fullbody_jpg_35.jpg","width":1200,"height":1800},{"@type":"BreadcrumbList","@id":"https:\/\/fittwear.nl\/product\/high-neck-top-black\/#breadcrumb","itemListElement":[{"@type":"ListItem","position":1,"name":"Home","item":"https:\/\/fittwear.nl\/"},{"@type":"ListItem","position":2,"name":"Shop","item":"https:\/\/fittwear.nl\/shop\/"},{"@type":"ListItem","position":3,"name":"High Neck Top Black"}]},{"@type":"WebSite","@id":"https:\/\/fittwear.nl\/#website","url":"https:\/\/fittwear.nl\/","name":"FITTwear.co.uk","description":"C'est le moment de briller !","publisher":{"@id":"https:\/\/fittwear.nl\/#organization"},"potentialAction":[{"@type":"SearchAction","target":{"@type":"EntryPoint","urlTemplate":"https:\/\/fittwear.nl\/?s={search_term_string}"},"query-input":{"@type":"PropertyValueSpecification","valueRequired":true,"valueName":"search_term_string"}}],"inLanguage":"fr-FR"},{"@type":"Organization","@id":"https:\/\/fittwear.nl\/#organization","name":"FITTwear.co.uk","url":"https:\/\/fittwear.nl\/","logo":{"@type":"ImageObject","inLanguage":"fr-FR","@id":"https:\/\/fittwear.nl\/#\/schema\/logo\/image\/","url":"https:\/\/fittwear.nl\/wp-content\/uploads\/2024\/07\/FITT-Logo-BeYOUtiful-website-homepage_Tekengebied-1-scaled.jpg","contentUrl":"https:\/\/fittwear.nl\/wp-content\/uploads\/2024\/07\/FITT-Logo-BeYOUtiful-website-homepage_Tekengebied-1-scaled.jpg","width":2560,"height":599,"caption":"FITTwear.nl"},"image":{"@id":"https:\/\/fittwear.nl\/#\/schema\/logo\/image\/"}}]}},"_links":{"self":[{"href":"https:\/\/fittwear.nl\/fr\/wp-json\/wp\/v2\/product\/65604","targetHints":{"allow":["GET"]}}],"collection":[{"href":"https:\/\/fittwear.nl\/fr\/wp-json\/wp\/v2\/product"}],"about":[{"href":"https:\/\/fittwear.nl\/fr\/wp-json\/wp\/v2\/types\/product"}],"wp:featuredmedia":[{"embeddable":true,"href":"https:\/\/fittwear.nl\/fr\/wp-json\/wp\/v2\/media\/66341"}],"wp:attachment":[{"href":"https:\/\/fittwear.nl\/fr\/wp-json\/wp\/v2\/media?parent=65604"}],"wp:term":[{"taxonomy":"product_brand","embeddable":true,"href":"https:\/\/fittwear.nl\/fr\/wp-json\/wp\/v2\/product_brand?post=65604"},{"taxonomy":"product_cat","embeddable":true,"href":"https:\/\/fittwear.nl\/fr\/wp-json\/wp\/v2\/product_cat?post=65604"},{"taxonomy":"product_tag","embeddable":true,"href":"https:\/\/fittwear.nl\/fr\/wp-json\/wp\/v2\/product_tag?post=65604"}],"curies":[{"name":"wp","href":"https:\/\/api.w.org\/{rel}","templated":true}]}}