{"id":65624,"date":"2023-06-08T16:25:26","date_gmt":"2023-06-08T14:25:26","guid":{"rendered":"https:\/\/fittwear.nl\/?post_type=product&#038;p=65624"},"modified":"2026-04-17T01:28:04","modified_gmt":"2026-04-16T23:28:04","slug":"jumpsuit-rib-one-piece-brown","status":"publish","type":"product","link":"https:\/\/fittwear.nl\/fr\/product\/jumpsuit-rib-one-piece-brown\/","title":{"rendered":"Jumpsuit Rib One Piece Brown"},"content":{"rendered":"<p>&#8211; Trendy one piece jumpsuit<\/p>\n\n\n\n<p>- Mati\u00e8re extensible<\/p>\n\n\n\n<p>&#8211; Slimming effect<\/p>\n\n\n\n<p>&#8211; Mee rekkende schouderbanden<\/p>\n\n\n\n<p>&#8211; Geribde stof<\/p>\n\n\n\n<p>- Coussinets amovibles<\/p>\n\n\n\n<p>&#8211; 87% Nylon, 13% Spandex<\/p>\n\n\n\n<p>&#8211; Kleur: Brown<\/p>\n\n\n\n<p>- Lavable jusqu'\u00e0 30\u2103<\/p>\n\n\n\n<p>- Le mod\u00e8le Donna mesure 1,82 et porte la taille M.<\/p>","protected":false},"excerpt":{"rendered":"<p>Tendance, style et confort \u00e0 la fois ! Portez ce v\u00eatement pendant votre entra\u00eenement ou jouez sur les tendances en l'associant \u00e0 un joli blazer ! Cette pi\u00e8ce ne s'affaisse pas, a un effet amincissant et est fabriqu\u00e9e dans un tissu extensible et c\u00f4tel\u00e9. Utilisez-le pour toutes vos activit\u00e9s, comme une randonn\u00e9e, une s\u00e9ance de course \u00e0 pied ou un entra\u00eenement de musculation. Que voulez-vous de plus ?<\/p>","protected":false},"featured_media":66312,"template":"","meta":{"_acf_changed":false},"product_brand":[],"product_cat":[4791,4796,4794,4868],"product_tag":[],"class_list":{"0":"post-65624","1":"product","2":"type-product","3":"status-publish","4":"has-post-thumbnail","6":"product_cat-city-vibes","7":"product_cat-cute-in-neutrals","8":"product_cat-mindful-movement","9":"product_cat-sportjumpsuits","11":"first","12":"instock","13":"taxable","14":"shipping-taxable","15":"purchasable","16":"product-type-variable","17":"has-default-attributes"},"acf":[],"yoast_head":"<!-- This site is optimized with the Yoast SEO plugin v27.1.1 - https:\/\/yoast.com\/product\/yoast-seo-wordpress\/ -->\n<title>Jumpsuit Rib One Piece Brown - FITTwear.nl<\/title>\n<meta name=\"description\" content=\"Trendy, stylish en comfort in een! Draag deze one piece tijdens jouw work out of speel in op de trends en stijl hem af met een leuke blazer! Deze one piece kan niet afzakken, heeft een slimming effect en is gemaakt van een stretchy en geribde stof. Inzetbaar voor al jouw activiteiten, zoals een hike, hardloopsessie of krachttraining. Wat wil je nog meer?\" \/>\n<meta name=\"robots\" content=\"index, follow, max-snippet:-1, max-image-preview:large, max-video-preview:-1\" \/>\n<link rel=\"canonical\" href=\"https:\/\/fittwear.nl\/fr\/produit-2\/jumpsuit-rib-one-piece-brown\/\" \/>\n<meta property=\"og:locale\" content=\"fr_FR\" \/>\n<meta property=\"og:type\" content=\"article\" \/>\n<meta property=\"og:title\" content=\"Jumpsuit Rib One Piece Brown - FITTwear.nl\" \/>\n<meta property=\"og:description\" content=\"Trendy, stylish en comfort in een! Draag deze one piece tijdens jouw work out of speel in op de trends en stijl hem af met een leuke blazer! Deze one piece kan niet afzakken, heeft een slimming effect en is gemaakt van een stretchy en geribde stof. Inzetbaar voor al jouw activiteiten, zoals een hike, hardloopsessie of krachttraining. Wat wil je nog meer?\" \/>\n<meta property=\"og:url\" content=\"https:\/\/fittwear.nl\/fr\/produit-2\/jumpsuit-rib-one-piece-brown\/\" \/>\n<meta property=\"og:site_name\" content=\"FITTwear.nl\" \/>\n<meta property=\"article:modified_time\" content=\"2026-04-16T23:28:04+00:00\" \/>\n<meta property=\"og:image\" content=\"https:\/\/fittwear.nl\/wp-content\/uploads\/2023\/06\/bodysuit-bruin_Fullbody_jpg_7.jpg\" \/>\n\t<meta property=\"og:image:width\" content=\"1200\" \/>\n\t<meta property=\"og:image:height\" content=\"1800\" \/>\n\t<meta property=\"og:image:type\" content=\"image\/jpeg\" \/>\n<meta name=\"twitter:card\" content=\"summary_large_image\" \/>\n<meta name=\"twitter:label1\" content=\"Dur\u00e9e de lecture estim\u00e9e\" \/>\n\t<meta name=\"twitter:data1\" content=\"1 minute\" \/>\n<script type=\"application\/ld+json\" class=\"yoast-schema-graph\">{\"@context\":\"https:\/\/schema.org\",\"@graph\":[{\"@type\":\"WebPage\",\"@id\":\"https:\/\/fittwear.nl\/product\/jumpsuit-rib-one-piece-brown\/\",\"url\":\"https:\/\/fittwear.nl\/product\/jumpsuit-rib-one-piece-brown\/\",\"name\":\"Jumpsuit Rib One Piece Brown - FITTwear.nl\",\"isPartOf\":{\"@id\":\"https:\/\/fittwear.nl\/#website\"},\"primaryImageOfPage\":{\"@id\":\"https:\/\/fittwear.nl\/product\/jumpsuit-rib-one-piece-brown\/#primaryimage\"},\"image\":{\"@id\":\"https:\/\/fittwear.nl\/product\/jumpsuit-rib-one-piece-brown\/#primaryimage\"},\"thumbnailUrl\":\"https:\/\/fittwear.nl\/wp-content\/uploads\/2023\/06\/bodysuit-bruin_Fullbody_jpg_7.jpg\",\"datePublished\":\"2023-06-08T14:25:26+00:00\",\"dateModified\":\"2026-04-16T23:28:04+00:00\",\"description\":\"Trendy, stylish en comfort in een! Draag deze one piece tijdens jouw work out of speel in op de trends en stijl hem af met een leuke blazer! Deze one piece kan niet afzakken, heeft een slimming effect en is gemaakt van een stretchy en geribde stof. Inzetbaar voor al jouw activiteiten, zoals een hike, hardloopsessie of krachttraining. Wat wil je nog meer?\",\"breadcrumb\":{\"@id\":\"https:\/\/fittwear.nl\/product\/jumpsuit-rib-one-piece-brown\/#breadcrumb\"},\"inLanguage\":\"fr-FR\",\"potentialAction\":[{\"@type\":\"ReadAction\",\"target\":[\"https:\/\/fittwear.nl\/product\/jumpsuit-rib-one-piece-brown\/\"]}]},{\"@type\":\"ImageObject\",\"inLanguage\":\"fr-FR\",\"@id\":\"https:\/\/fittwear.nl\/product\/jumpsuit-rib-one-piece-brown\/#primaryimage\",\"url\":\"https:\/\/fittwear.nl\/wp-content\/uploads\/2023\/06\/bodysuit-bruin_Fullbody_jpg_7.jpg\",\"contentUrl\":\"https:\/\/fittwear.nl\/wp-content\/uploads\/2023\/06\/bodysuit-bruin_Fullbody_jpg_7.jpg\",\"width\":1200,\"height\":1800},{\"@type\":\"BreadcrumbList\",\"@id\":\"https:\/\/fittwear.nl\/product\/jumpsuit-rib-one-piece-brown\/#breadcrumb\",\"itemListElement\":[{\"@type\":\"ListItem\",\"position\":1,\"name\":\"Home\",\"item\":\"https:\/\/fittwear.nl\/\"},{\"@type\":\"ListItem\",\"position\":2,\"name\":\"Shop\",\"item\":\"https:\/\/fittwear.nl\/shop\/\"},{\"@type\":\"ListItem\",\"position\":3,\"name\":\"Jumpsuit Rib One Piece Brown\"}]},{\"@type\":\"WebSite\",\"@id\":\"https:\/\/fittwear.nl\/#website\",\"url\":\"https:\/\/fittwear.nl\/\",\"name\":\"FITTwear.nl\",\"description\":\"Time to shine!\",\"publisher\":{\"@id\":\"https:\/\/fittwear.nl\/#organization\"},\"potentialAction\":[{\"@type\":\"SearchAction\",\"target\":{\"@type\":\"EntryPoint\",\"urlTemplate\":\"https:\/\/fittwear.nl\/?s={search_term_string}\"},\"query-input\":{\"@type\":\"PropertyValueSpecification\",\"valueRequired\":true,\"valueName\":\"search_term_string\"}}],\"inLanguage\":\"fr-FR\"},{\"@type\":\"Organization\",\"@id\":\"https:\/\/fittwear.nl\/#organization\",\"name\":\"FITTwear.nl\",\"url\":\"https:\/\/fittwear.nl\/\",\"logo\":{\"@type\":\"ImageObject\",\"inLanguage\":\"fr-FR\",\"@id\":\"https:\/\/fittwear.nl\/#\/schema\/logo\/image\/\",\"url\":\"https:\/\/fittwear.nl\/wp-content\/uploads\/2024\/07\/FITT-Logo-BeYOUtiful-website-homepage_Tekengebied-1-scaled.jpg\",\"contentUrl\":\"https:\/\/fittwear.nl\/wp-content\/uploads\/2024\/07\/FITT-Logo-BeYOUtiful-website-homepage_Tekengebied-1-scaled.jpg\",\"width\":2560,\"height\":599,\"caption\":\"FITTwear.nl\"},\"image\":{\"@id\":\"https:\/\/fittwear.nl\/#\/schema\/logo\/image\/\"}}]}<\/script>\n<!-- \/ Yoast SEO plugin. -->","yoast_head_json":{"title":"Combinaison Rib One Piece Marron - FITTwear.fr","description":"Tendance, style et confort \u00e0 la fois ! Portez ce v\u00eatement pendant votre entra\u00eenement ou jouez sur les tendances en l'associant \u00e0 un joli blazer ! Cette pi\u00e8ce ne s'affaisse pas, a un effet amincissant et est fabriqu\u00e9e dans un tissu extensible et c\u00f4tel\u00e9. Utilisez-le pour toutes vos activit\u00e9s, comme une randonn\u00e9e, une s\u00e9ance de course \u00e0 pied ou un entra\u00eenement de musculation. Que voulez-vous de plus ?","robots":{"index":"index","follow":"follow","max-snippet":"max-snippet:-1","max-image-preview":"max-image-preview:large","max-video-preview":"max-video-preview:-1"},"canonical":"https:\/\/fittwear.nl\/fr\/produit-2\/jumpsuit-rib-one-piece-brown\/","og_locale":"fr_FR","og_type":"article","og_title":"Jumpsuit Rib One Piece Brown - FITTwear.nl","og_description":"Trendy, stylish en comfort in een! Draag deze one piece tijdens jouw work out of speel in op de trends en stijl hem af met een leuke blazer! Deze one piece kan niet afzakken, heeft een slimming effect en is gemaakt van een stretchy en geribde stof. Inzetbaar voor al jouw activiteiten, zoals een hike, hardloopsessie of krachttraining. Wat wil je nog meer?","og_url":"https:\/\/fittwear.nl\/fr\/produit-2\/jumpsuit-rib-one-piece-brown\/","og_site_name":"FITTwear.nl","article_modified_time":"2026-04-16T23:28:04+00:00","og_image":[{"width":1200,"height":1800,"url":"https:\/\/fittwear.nl\/wp-content\/uploads\/2023\/06\/bodysuit-bruin_Fullbody_jpg_7.jpg","type":"image\/jpeg"}],"twitter_card":"summary_large_image","twitter_misc":{"Dur\u00e9e de lecture estim\u00e9e":"1 minute"},"schema":{"@context":"https:\/\/schema.org","@graph":[{"@type":"WebPage","@id":"https:\/\/fittwear.nl\/product\/jumpsuit-rib-one-piece-brown\/","url":"https:\/\/fittwear.nl\/product\/jumpsuit-rib-one-piece-brown\/","name":"Combinaison Rib One Piece Marron - FITTwear.fr","isPartOf":{"@id":"https:\/\/fittwear.nl\/#website"},"primaryImageOfPage":{"@id":"https:\/\/fittwear.nl\/product\/jumpsuit-rib-one-piece-brown\/#primaryimage"},"image":{"@id":"https:\/\/fittwear.nl\/product\/jumpsuit-rib-one-piece-brown\/#primaryimage"},"thumbnailUrl":"https:\/\/fittwear.nl\/wp-content\/uploads\/2023\/06\/bodysuit-bruin_Fullbody_jpg_7.jpg","datePublished":"2023-06-08T14:25:26+00:00","dateModified":"2026-04-16T23:28:04+00:00","description":"Tendance, style et confort \u00e0 la fois ! Portez ce v\u00eatement pendant votre entra\u00eenement ou jouez sur les tendances en l'associant \u00e0 un joli blazer ! Cette pi\u00e8ce ne s'affaisse pas, a un effet amincissant et est fabriqu\u00e9e dans un tissu extensible et c\u00f4tel\u00e9. Utilisez-le pour toutes vos activit\u00e9s, comme une randonn\u00e9e, une s\u00e9ance de course \u00e0 pied ou un entra\u00eenement de musculation. Que voulez-vous de plus ?","breadcrumb":{"@id":"https:\/\/fittwear.nl\/product\/jumpsuit-rib-one-piece-brown\/#breadcrumb"},"inLanguage":"fr-FR","potentialAction":[{"@type":"ReadAction","target":["https:\/\/fittwear.nl\/product\/jumpsuit-rib-one-piece-brown\/"]}]},{"@type":"ImageObject","inLanguage":"fr-FR","@id":"https:\/\/fittwear.nl\/product\/jumpsuit-rib-one-piece-brown\/#primaryimage","url":"https:\/\/fittwear.nl\/wp-content\/uploads\/2023\/06\/bodysuit-bruin_Fullbody_jpg_7.jpg","contentUrl":"https:\/\/fittwear.nl\/wp-content\/uploads\/2023\/06\/bodysuit-bruin_Fullbody_jpg_7.jpg","width":1200,"height":1800},{"@type":"BreadcrumbList","@id":"https:\/\/fittwear.nl\/product\/jumpsuit-rib-one-piece-brown\/#breadcrumb","itemListElement":[{"@type":"ListItem","position":1,"name":"Home","item":"https:\/\/fittwear.nl\/"},{"@type":"ListItem","position":2,"name":"Shop","item":"https:\/\/fittwear.nl\/shop\/"},{"@type":"ListItem","position":3,"name":"Jumpsuit Rib One Piece Brown"}]},{"@type":"WebSite","@id":"https:\/\/fittwear.nl\/#website","url":"https:\/\/fittwear.nl\/","name":"FITTwear.co.uk","description":"C'est le moment de briller !","publisher":{"@id":"https:\/\/fittwear.nl\/#organization"},"potentialAction":[{"@type":"SearchAction","target":{"@type":"EntryPoint","urlTemplate":"https:\/\/fittwear.nl\/?s={search_term_string}"},"query-input":{"@type":"PropertyValueSpecification","valueRequired":true,"valueName":"search_term_string"}}],"inLanguage":"fr-FR"},{"@type":"Organization","@id":"https:\/\/fittwear.nl\/#organization","name":"FITTwear.co.uk","url":"https:\/\/fittwear.nl\/","logo":{"@type":"ImageObject","inLanguage":"fr-FR","@id":"https:\/\/fittwear.nl\/#\/schema\/logo\/image\/","url":"https:\/\/fittwear.nl\/wp-content\/uploads\/2024\/07\/FITT-Logo-BeYOUtiful-website-homepage_Tekengebied-1-scaled.jpg","contentUrl":"https:\/\/fittwear.nl\/wp-content\/uploads\/2024\/07\/FITT-Logo-BeYOUtiful-website-homepage_Tekengebied-1-scaled.jpg","width":2560,"height":599,"caption":"FITTwear.nl"},"image":{"@id":"https:\/\/fittwear.nl\/#\/schema\/logo\/image\/"}}]}},"_links":{"self":[{"href":"https:\/\/fittwear.nl\/fr\/wp-json\/wp\/v2\/product\/65624","targetHints":{"allow":["GET"]}}],"collection":[{"href":"https:\/\/fittwear.nl\/fr\/wp-json\/wp\/v2\/product"}],"about":[{"href":"https:\/\/fittwear.nl\/fr\/wp-json\/wp\/v2\/types\/product"}],"wp:featuredmedia":[{"embeddable":true,"href":"https:\/\/fittwear.nl\/fr\/wp-json\/wp\/v2\/media\/66312"}],"wp:attachment":[{"href":"https:\/\/fittwear.nl\/fr\/wp-json\/wp\/v2\/media?parent=65624"}],"wp:term":[{"taxonomy":"product_brand","embeddable":true,"href":"https:\/\/fittwear.nl\/fr\/wp-json\/wp\/v2\/product_brand?post=65624"},{"taxonomy":"product_cat","embeddable":true,"href":"https:\/\/fittwear.nl\/fr\/wp-json\/wp\/v2\/product_cat?post=65624"},{"taxonomy":"product_tag","embeddable":true,"href":"https:\/\/fittwear.nl\/fr\/wp-json\/wp\/v2\/product_tag?post=65624"}],"curies":[{"name":"wp","href":"https:\/\/api.w.org\/{rel}","templated":true}]}}