{"id":66071,"date":"2023-06-08T18:28:33","date_gmt":"2023-06-08T16:28:33","guid":{"rendered":"https:\/\/fittwear.nl\/?post_type=product&#038;p=66071"},"modified":"2026-04-27T15:12:01","modified_gmt":"2026-04-27T13:12:01","slug":"fitt-joggers-olive","status":"publish","type":"product","link":"https:\/\/fittwear.nl\/fr\/product\/fitt-joggers-olive\/","title":{"rendered":"Joggers FITT Olive"},"content":{"rendered":"<p id=\"block-ecc887b0-3951-41ed-b7c8-bb36f15e4a3f\">- Taille haute<\/p>\n\n\n\n<p id=\"block-8e4ddb98-9217-466e-951f-134c759770cd\">- Taille \u00e0 cordon de serrage<\/p>\n\n\n\n<p id=\"block-893e5e14-2147-4dc7-a9a6-dc40b38014b4\">- 2 poches lat\u00e9rales<\/p>\n\n\n\n<p id=\"block-b548a674-0f7d-4270-8bd1-706b743848c8\">- Tissu extensible<\/p>\n\n\n\n<p id=\"block-e9ac029f-01f9-4e04-b09d-d3848861adc9\">- Elastique aux chevilles<\/p>\n\n\n\n<p id=\"block-db8f7d6a-e9b5-46df-9a42-7607c4b6bdaa\">- Logo imprim\u00e9 sur le c\u00f4t\u00e9 de la jambe<\/p>\n\n\n\n<p id=\"block-383e6289-4e2e-4866-ba25-acc7c168c6d2\">- 87% Nylon, 13% Elastane<\/p>\n\n\n\n<p id=\"block-604e0780-3dd8-4575-b06e-9c3c42afc3fd\">- Lavable jusqu'\u00e0 30\u2103<\/p>\n\n\n\n<p id=\"block-33218db5-81f9-4972-b9b1-d7a5e488e08f\">- Couleur : Olive<\/p>\n\n\n\n<p id=\"block-966a55eb-bb5e-4021-9736-3967c0e2d8e2\">- Le mod\u00e8le Donna mesure 1,82 et porte la taille M.<\/p>","protected":false},"excerpt":{"rendered":"<p>D\u00e9tendez-vous avec style ou utilisez ce jogger pour vos s\u00e9ances d'entra\u00eenement ! Le pantalon comporte 2 poches sur le c\u00f4t\u00e9 et est r\u00e9glable \u00e0 la taille, id\u00e9al ! Que vous transpiriez \u00e0 la salle de sport ou que vous vous pr\u00e9lassiez sur le canap\u00e9, ce pantalon extensible vous offre le confort dont vous avez besoin.<\/p>","protected":false},"featured_media":66382,"template":"","meta":{"_acf_changed":false},"product_brand":[],"product_cat":[114,66,4794,53],"product_tag":[],"class_list":{"0":"post-66071","1":"product","2":"type-product","3":"status-publish","4":"has-post-thumbnail","6":"product_cat-best-sellers","7":"product_cat-loungewear","8":"product_cat-mindful-movement","9":"product_cat-sweatpants","11":"first","12":"instock","13":"taxable","14":"shipping-taxable","15":"purchasable","16":"product-type-variable","17":"has-default-attributes"},"acf":[],"yoast_head":"<!-- This site is optimized with the Yoast SEO plugin v27.1.1 - https:\/\/yoast.com\/product\/yoast-seo-wordpress\/ -->\n<title>FITT Joggers Olive - FITTwear.nl<\/title>\n<meta name=\"description\" content=\"Ontspan in stijl of gebruik deze jogger voor jouw workouts! De broek is voorzien van 2 zakken aan de zijkant en is verstelbaar bij de tailleband, ideaal! Of je nu aan het zweten bent in de sportschool of aan het loungen bent op de bank, deze stretchy broek biedt het comfort dat jij nodig hebt.\" \/>\n<meta name=\"robots\" content=\"index, follow, max-snippet:-1, max-image-preview:large, max-video-preview:-1\" \/>\n<link rel=\"canonical\" href=\"https:\/\/fittwear.nl\/fr\/produit-2\/fitt-joggers-olive\/\" \/>\n<meta property=\"og:locale\" content=\"fr_FR\" \/>\n<meta property=\"og:type\" content=\"article\" \/>\n<meta property=\"og:title\" content=\"FITT Joggers Olive - FITTwear.nl\" \/>\n<meta property=\"og:description\" content=\"Ontspan in stijl of gebruik deze jogger voor jouw workouts! De broek is voorzien van 2 zakken aan de zijkant en is verstelbaar bij de tailleband, ideaal! Of je nu aan het zweten bent in de sportschool of aan het loungen bent op de bank, deze stretchy broek biedt het comfort dat jij nodig hebt.\" \/>\n<meta property=\"og:url\" content=\"https:\/\/fittwear.nl\/fr\/produit-2\/fitt-joggers-olive\/\" \/>\n<meta property=\"og:site_name\" content=\"FITTwear.nl\" \/>\n<meta property=\"article:modified_time\" content=\"2026-04-27T13:12:01+00:00\" \/>\n<meta property=\"og:image\" content=\"https:\/\/fittwear.nl\/wp-content\/uploads\/2023\/06\/jogger-groen-olijf_Voorkant-onder_jpg_6.jpg\" \/>\n\t<meta property=\"og:image:width\" content=\"1200\" \/>\n\t<meta property=\"og:image:height\" content=\"1800\" \/>\n\t<meta property=\"og:image:type\" content=\"image\/jpeg\" \/>\n<meta name=\"twitter:card\" content=\"summary_large_image\" \/>\n<meta name=\"twitter:label1\" content=\"Dur\u00e9e de lecture estim\u00e9e\" \/>\n\t<meta name=\"twitter:data1\" content=\"1 minute\" \/>\n<script type=\"application\/ld+json\" class=\"yoast-schema-graph\">{\"@context\":\"https:\/\/schema.org\",\"@graph\":[{\"@type\":\"WebPage\",\"@id\":\"https:\/\/fittwear.nl\/product\/fitt-joggers-olive\/\",\"url\":\"https:\/\/fittwear.nl\/product\/fitt-joggers-olive\/\",\"name\":\"FITT Joggers Olive - FITTwear.nl\",\"isPartOf\":{\"@id\":\"https:\/\/fittwear.nl\/#website\"},\"primaryImageOfPage\":{\"@id\":\"https:\/\/fittwear.nl\/product\/fitt-joggers-olive\/#primaryimage\"},\"image\":{\"@id\":\"https:\/\/fittwear.nl\/product\/fitt-joggers-olive\/#primaryimage\"},\"thumbnailUrl\":\"https:\/\/fittwear.nl\/wp-content\/uploads\/2023\/06\/jogger-groen-olijf_Voorkant-onder_jpg_6.jpg\",\"datePublished\":\"2023-06-08T16:28:33+00:00\",\"dateModified\":\"2026-04-27T13:12:01+00:00\",\"description\":\"Ontspan in stijl of gebruik deze jogger voor jouw workouts! De broek is voorzien van 2 zakken aan de zijkant en is verstelbaar bij de tailleband, ideaal! Of je nu aan het zweten bent in de sportschool of aan het loungen bent op de bank, deze stretchy broek biedt het comfort dat jij nodig hebt.\",\"breadcrumb\":{\"@id\":\"https:\/\/fittwear.nl\/product\/fitt-joggers-olive\/#breadcrumb\"},\"inLanguage\":\"fr-FR\",\"potentialAction\":[{\"@type\":\"ReadAction\",\"target\":[\"https:\/\/fittwear.nl\/product\/fitt-joggers-olive\/\"]}]},{\"@type\":\"ImageObject\",\"inLanguage\":\"fr-FR\",\"@id\":\"https:\/\/fittwear.nl\/product\/fitt-joggers-olive\/#primaryimage\",\"url\":\"https:\/\/fittwear.nl\/wp-content\/uploads\/2023\/06\/jogger-groen-olijf_Voorkant-onder_jpg_6.jpg\",\"contentUrl\":\"https:\/\/fittwear.nl\/wp-content\/uploads\/2023\/06\/jogger-groen-olijf_Voorkant-onder_jpg_6.jpg\",\"width\":1200,\"height\":1800},{\"@type\":\"BreadcrumbList\",\"@id\":\"https:\/\/fittwear.nl\/product\/fitt-joggers-olive\/#breadcrumb\",\"itemListElement\":[{\"@type\":\"ListItem\",\"position\":1,\"name\":\"Home\",\"item\":\"https:\/\/fittwear.nl\/\"},{\"@type\":\"ListItem\",\"position\":2,\"name\":\"Shop\",\"item\":\"https:\/\/fittwear.nl\/shop\/\"},{\"@type\":\"ListItem\",\"position\":3,\"name\":\"FITT Joggers Olive\"}]},{\"@type\":\"WebSite\",\"@id\":\"https:\/\/fittwear.nl\/#website\",\"url\":\"https:\/\/fittwear.nl\/\",\"name\":\"FITTwear.nl\",\"description\":\"Time to shine!\",\"publisher\":{\"@id\":\"https:\/\/fittwear.nl\/#organization\"},\"potentialAction\":[{\"@type\":\"SearchAction\",\"target\":{\"@type\":\"EntryPoint\",\"urlTemplate\":\"https:\/\/fittwear.nl\/?s={search_term_string}\"},\"query-input\":{\"@type\":\"PropertyValueSpecification\",\"valueRequired\":true,\"valueName\":\"search_term_string\"}}],\"inLanguage\":\"fr-FR\"},{\"@type\":\"Organization\",\"@id\":\"https:\/\/fittwear.nl\/#organization\",\"name\":\"FITTwear.nl\",\"url\":\"https:\/\/fittwear.nl\/\",\"logo\":{\"@type\":\"ImageObject\",\"inLanguage\":\"fr-FR\",\"@id\":\"https:\/\/fittwear.nl\/#\/schema\/logo\/image\/\",\"url\":\"https:\/\/fittwear.nl\/wp-content\/uploads\/2024\/07\/FITT-Logo-BeYOUtiful-website-homepage_Tekengebied-1-scaled.jpg\",\"contentUrl\":\"https:\/\/fittwear.nl\/wp-content\/uploads\/2024\/07\/FITT-Logo-BeYOUtiful-website-homepage_Tekengebied-1-scaled.jpg\",\"width\":2560,\"height\":599,\"caption\":\"FITTwear.nl\"},\"image\":{\"@id\":\"https:\/\/fittwear.nl\/#\/schema\/logo\/image\/\"}}]}<\/script>\n<!-- \/ Yoast SEO plugin. -->","yoast_head_json":{"title":"FITT Joggers Olive - FITTwear.fr","description":"D\u00e9tendez-vous avec style ou utilisez ce jogger pour vos s\u00e9ances d'entra\u00eenement ! Le pantalon comporte 2 poches sur le c\u00f4t\u00e9 et est r\u00e9glable \u00e0 la taille, id\u00e9al ! Que vous transpiriez \u00e0 la salle de sport ou que vous vous pr\u00e9lassiez sur le canap\u00e9, ce pantalon extensible vous offre le confort dont vous avez besoin.","robots":{"index":"index","follow":"follow","max-snippet":"max-snippet:-1","max-image-preview":"max-image-preview:large","max-video-preview":"max-video-preview:-1"},"canonical":"https:\/\/fittwear.nl\/fr\/produit-2\/fitt-joggers-olive\/","og_locale":"fr_FR","og_type":"article","og_title":"FITT Joggers Olive - FITTwear.nl","og_description":"Ontspan in stijl of gebruik deze jogger voor jouw workouts! De broek is voorzien van 2 zakken aan de zijkant en is verstelbaar bij de tailleband, ideaal! Of je nu aan het zweten bent in de sportschool of aan het loungen bent op de bank, deze stretchy broek biedt het comfort dat jij nodig hebt.","og_url":"https:\/\/fittwear.nl\/fr\/produit-2\/fitt-joggers-olive\/","og_site_name":"FITTwear.nl","article_modified_time":"2026-04-27T13:12:01+00:00","og_image":[{"width":1200,"height":1800,"url":"https:\/\/fittwear.nl\/wp-content\/uploads\/2023\/06\/jogger-groen-olijf_Voorkant-onder_jpg_6.jpg","type":"image\/jpeg"}],"twitter_card":"summary_large_image","twitter_misc":{"Dur\u00e9e de lecture estim\u00e9e":"1 minute"},"schema":{"@context":"https:\/\/schema.org","@graph":[{"@type":"WebPage","@id":"https:\/\/fittwear.nl\/product\/fitt-joggers-olive\/","url":"https:\/\/fittwear.nl\/product\/fitt-joggers-olive\/","name":"FITT Joggers Olive - FITTwear.fr","isPartOf":{"@id":"https:\/\/fittwear.nl\/#website"},"primaryImageOfPage":{"@id":"https:\/\/fittwear.nl\/product\/fitt-joggers-olive\/#primaryimage"},"image":{"@id":"https:\/\/fittwear.nl\/product\/fitt-joggers-olive\/#primaryimage"},"thumbnailUrl":"https:\/\/fittwear.nl\/wp-content\/uploads\/2023\/06\/jogger-groen-olijf_Voorkant-onder_jpg_6.jpg","datePublished":"2023-06-08T16:28:33+00:00","dateModified":"2026-04-27T13:12:01+00:00","description":"D\u00e9tendez-vous avec style ou utilisez ce jogger pour vos s\u00e9ances d'entra\u00eenement ! Le pantalon comporte 2 poches sur le c\u00f4t\u00e9 et est r\u00e9glable \u00e0 la taille, id\u00e9al ! Que vous transpiriez \u00e0 la salle de sport ou que vous vous pr\u00e9lassiez sur le canap\u00e9, ce pantalon extensible vous offre le confort dont vous avez besoin.","breadcrumb":{"@id":"https:\/\/fittwear.nl\/product\/fitt-joggers-olive\/#breadcrumb"},"inLanguage":"fr-FR","potentialAction":[{"@type":"ReadAction","target":["https:\/\/fittwear.nl\/product\/fitt-joggers-olive\/"]}]},{"@type":"ImageObject","inLanguage":"fr-FR","@id":"https:\/\/fittwear.nl\/product\/fitt-joggers-olive\/#primaryimage","url":"https:\/\/fittwear.nl\/wp-content\/uploads\/2023\/06\/jogger-groen-olijf_Voorkant-onder_jpg_6.jpg","contentUrl":"https:\/\/fittwear.nl\/wp-content\/uploads\/2023\/06\/jogger-groen-olijf_Voorkant-onder_jpg_6.jpg","width":1200,"height":1800},{"@type":"BreadcrumbList","@id":"https:\/\/fittwear.nl\/product\/fitt-joggers-olive\/#breadcrumb","itemListElement":[{"@type":"ListItem","position":1,"name":"Home","item":"https:\/\/fittwear.nl\/"},{"@type":"ListItem","position":2,"name":"Shop","item":"https:\/\/fittwear.nl\/shop\/"},{"@type":"ListItem","position":3,"name":"FITT Joggers Olive"}]},{"@type":"WebSite","@id":"https:\/\/fittwear.nl\/#website","url":"https:\/\/fittwear.nl\/","name":"FITTwear.co.uk","description":"C'est le moment de briller !","publisher":{"@id":"https:\/\/fittwear.nl\/#organization"},"potentialAction":[{"@type":"SearchAction","target":{"@type":"EntryPoint","urlTemplate":"https:\/\/fittwear.nl\/?s={search_term_string}"},"query-input":{"@type":"PropertyValueSpecification","valueRequired":true,"valueName":"search_term_string"}}],"inLanguage":"fr-FR"},{"@type":"Organization","@id":"https:\/\/fittwear.nl\/#organization","name":"FITTwear.co.uk","url":"https:\/\/fittwear.nl\/","logo":{"@type":"ImageObject","inLanguage":"fr-FR","@id":"https:\/\/fittwear.nl\/#\/schema\/logo\/image\/","url":"https:\/\/fittwear.nl\/wp-content\/uploads\/2024\/07\/FITT-Logo-BeYOUtiful-website-homepage_Tekengebied-1-scaled.jpg","contentUrl":"https:\/\/fittwear.nl\/wp-content\/uploads\/2024\/07\/FITT-Logo-BeYOUtiful-website-homepage_Tekengebied-1-scaled.jpg","width":2560,"height":599,"caption":"FITTwear.nl"},"image":{"@id":"https:\/\/fittwear.nl\/#\/schema\/logo\/image\/"}}]}},"_links":{"self":[{"href":"https:\/\/fittwear.nl\/fr\/wp-json\/wp\/v2\/product\/66071","targetHints":{"allow":["GET"]}}],"collection":[{"href":"https:\/\/fittwear.nl\/fr\/wp-json\/wp\/v2\/product"}],"about":[{"href":"https:\/\/fittwear.nl\/fr\/wp-json\/wp\/v2\/types\/product"}],"wp:featuredmedia":[{"embeddable":true,"href":"https:\/\/fittwear.nl\/fr\/wp-json\/wp\/v2\/media\/66382"}],"wp:attachment":[{"href":"https:\/\/fittwear.nl\/fr\/wp-json\/wp\/v2\/media?parent=66071"}],"wp:term":[{"taxonomy":"product_brand","embeddable":true,"href":"https:\/\/fittwear.nl\/fr\/wp-json\/wp\/v2\/product_brand?post=66071"},{"taxonomy":"product_cat","embeddable":true,"href":"https:\/\/fittwear.nl\/fr\/wp-json\/wp\/v2\/product_cat?post=66071"},{"taxonomy":"product_tag","embeddable":true,"href":"https:\/\/fittwear.nl\/fr\/wp-json\/wp\/v2\/product_tag?post=66071"}],"curies":[{"name":"wp","href":"https:\/\/api.w.org\/{rel}","templated":true}]}}