{"id":66081,"date":"2023-06-09T12:39:03","date_gmt":"2023-06-09T10:39:03","guid":{"rendered":"https:\/\/fittwear.nl\/?post_type=product&#038;p=66081"},"modified":"2026-04-26T13:49:01","modified_gmt":"2026-04-26T11:49:01","slug":"leggings-evases-noirs","status":"publish","type":"product","link":"https:\/\/fittwear.nl\/fr\/product\/flared-legging-black\/","title":{"rendered":"Legging \u00e9vas\u00e9 Noir"},"content":{"rendered":"<p>&#8211; High waist flared legging<\/p>\n\n\n\n<p>- Mati\u00e8re extensible<\/p>\n\n\n\n<p>&#8211; Zachte seamless stof<\/p>\n\n\n\n<p>&#8211; Ademende stof<\/p>\n\n\n\n<p>&#8211; Snel drogend<\/p>\n\n\n\n<p>- 68% Nylon, 32% Elasthanne<\/p>\n\n\n\n<p>- Lavable jusqu'\u00e0 30\u2103<\/p>\n\n\n\n<p>- Couleur : noir<\/p>\n\n\n\n<p>- Le mod\u00e8le Sophie mesure 1,75 et porte la taille S.<\/p>\n\n\n\n<p><\/p>","protected":false},"excerpt":{"rendered":"<p>D\u00e9couvrez nos leggings \u00e9vas\u00e9s, l'alliance parfaite du style et du confort pour vos tenues de tous les jours et votre look sportif. Ce legging est fabriqu\u00e9 dans un tissu extensible et doux, il bouge donc sans effort et offre un grand confort. La taille haute assure un bon maintien et ne s'affaisse pas, ce qui permet de l'utiliser pour toutes vos activit\u00e9s !<\/p>","protected":false},"featured_media":70918,"template":"","meta":{"_acf_changed":false},"product_brand":[],"product_cat":[4791,86,4743,28,4794,85],"product_tag":[],"class_list":{"0":"post-66081","1":"product","2":"type-product","3":"status-publish","4":"has-post-thumbnail","6":"product_cat-city-vibes","7":"product_cat-effen","8":"product_cat-geen-scrunch","9":"product_cat-leggings","10":"product_cat-mindful-movement","11":"product_cat-seamless","13":"first","14":"outofstock","15":"taxable","16":"shipping-taxable","17":"product-type-variable","18":"has-default-attributes"},"acf":[],"yoast_head":"<!-- This site is optimized with the Yoast SEO plugin v27.1.1 - https:\/\/yoast.com\/product\/yoast-seo-wordpress\/ -->\n<title>Flared Legging Black - FITTwear.nl<\/title>\n<meta name=\"description\" content=\"Ontdek onze flared legging, de perfecte combinatie van stijl en comfort voor zowel je dagelijkse outfit als je sportieve look. Deze legging is gemaakt van stretchy en zachte stof, waardoor hij moeiteloos met je meebeweegt en comfort biedt. De hoge tailleband zorgt voor een mooie pasvorm en zakt niet af, inzetbaar voor al jouw activiteiten dus!\" \/>\n<meta name=\"robots\" content=\"index, follow, max-snippet:-1, max-image-preview:large, max-video-preview:-1\" \/>\n<link rel=\"canonical\" href=\"https:\/\/fittwear.nl\/fr\/produit-2\/leggings-evases-noirs\/\" \/>\n<meta property=\"og:locale\" content=\"fr_FR\" \/>\n<meta property=\"og:type\" content=\"article\" \/>\n<meta property=\"og:title\" content=\"Flared Legging Black - FITTwear.nl\" \/>\n<meta property=\"og:description\" content=\"Ontdek onze flared legging, de perfecte combinatie van stijl en comfort voor zowel je dagelijkse outfit als je sportieve look. Deze legging is gemaakt van stretchy en zachte stof, waardoor hij moeiteloos met je meebeweegt en comfort biedt. De hoge tailleband zorgt voor een mooie pasvorm en zakt niet af, inzetbaar voor al jouw activiteiten dus!\" \/>\n<meta property=\"og:url\" content=\"https:\/\/fittwear.nl\/fr\/produit-2\/leggings-evases-noirs\/\" \/>\n<meta property=\"og:site_name\" content=\"FITTwear.nl\" \/>\n<meta property=\"article:modified_time\" content=\"2026-04-26T11:49:01+00:00\" \/>\n<meta property=\"og:image\" content=\"https:\/\/fittwear.nl\/wp-content\/uploads\/2023\/06\/essenriel-top-plus-flare-broek_Voorkant-onder_jpg_10.jpg\" \/>\n\t<meta property=\"og:image:width\" content=\"1200\" \/>\n\t<meta property=\"og:image:height\" content=\"1800\" \/>\n\t<meta property=\"og:image:type\" content=\"image\/jpeg\" \/>\n<meta name=\"twitter:card\" content=\"summary_large_image\" \/>\n<meta name=\"twitter:label1\" content=\"Dur\u00e9e de lecture estim\u00e9e\" \/>\n\t<meta name=\"twitter:data1\" content=\"1 minute\" \/>\n<script type=\"application\/ld+json\" class=\"yoast-schema-graph\">{\"@context\":\"https:\/\/schema.org\",\"@graph\":[{\"@type\":\"WebPage\",\"@id\":\"https:\/\/fittwear.nl\/product\/flared-legging-black\/\",\"url\":\"https:\/\/fittwear.nl\/product\/flared-legging-black\/\",\"name\":\"Flared Legging Black - FITTwear.nl\",\"isPartOf\":{\"@id\":\"https:\/\/fittwear.nl\/#website\"},\"primaryImageOfPage\":{\"@id\":\"https:\/\/fittwear.nl\/product\/flared-legging-black\/#primaryimage\"},\"image\":{\"@id\":\"https:\/\/fittwear.nl\/product\/flared-legging-black\/#primaryimage\"},\"thumbnailUrl\":\"https:\/\/fittwear.nl\/wp-content\/uploads\/2023\/06\/essenriel-top-plus-flare-broek_Voorkant-onder_jpg_10.jpg\",\"datePublished\":\"2023-06-09T10:39:03+00:00\",\"dateModified\":\"2026-04-26T11:49:01+00:00\",\"description\":\"Ontdek onze flared legging, de perfecte combinatie van stijl en comfort voor zowel je dagelijkse outfit als je sportieve look. Deze legging is gemaakt van stretchy en zachte stof, waardoor hij moeiteloos met je meebeweegt en comfort biedt. De hoge tailleband zorgt voor een mooie pasvorm en zakt niet af, inzetbaar voor al jouw activiteiten dus!\",\"breadcrumb\":{\"@id\":\"https:\/\/fittwear.nl\/product\/flared-legging-black\/#breadcrumb\"},\"inLanguage\":\"fr-FR\",\"potentialAction\":[{\"@type\":\"ReadAction\",\"target\":[\"https:\/\/fittwear.nl\/product\/flared-legging-black\/\"]}]},{\"@type\":\"ImageObject\",\"inLanguage\":\"fr-FR\",\"@id\":\"https:\/\/fittwear.nl\/product\/flared-legging-black\/#primaryimage\",\"url\":\"https:\/\/fittwear.nl\/wp-content\/uploads\/2023\/06\/essenriel-top-plus-flare-broek_Voorkant-onder_jpg_10.jpg\",\"contentUrl\":\"https:\/\/fittwear.nl\/wp-content\/uploads\/2023\/06\/essenriel-top-plus-flare-broek_Voorkant-onder_jpg_10.jpg\",\"width\":1200,\"height\":1800},{\"@type\":\"BreadcrumbList\",\"@id\":\"https:\/\/fittwear.nl\/product\/flared-legging-black\/#breadcrumb\",\"itemListElement\":[{\"@type\":\"ListItem\",\"position\":1,\"name\":\"Home\",\"item\":\"https:\/\/fittwear.nl\/\"},{\"@type\":\"ListItem\",\"position\":2,\"name\":\"Shop\",\"item\":\"https:\/\/fittwear.nl\/shop\/\"},{\"@type\":\"ListItem\",\"position\":3,\"name\":\"Flared Legging Black\"}]},{\"@type\":\"WebSite\",\"@id\":\"https:\/\/fittwear.nl\/#website\",\"url\":\"https:\/\/fittwear.nl\/\",\"name\":\"FITTwear.nl\",\"description\":\"Time to shine!\",\"publisher\":{\"@id\":\"https:\/\/fittwear.nl\/#organization\"},\"potentialAction\":[{\"@type\":\"SearchAction\",\"target\":{\"@type\":\"EntryPoint\",\"urlTemplate\":\"https:\/\/fittwear.nl\/?s={search_term_string}\"},\"query-input\":{\"@type\":\"PropertyValueSpecification\",\"valueRequired\":true,\"valueName\":\"search_term_string\"}}],\"inLanguage\":\"fr-FR\"},{\"@type\":\"Organization\",\"@id\":\"https:\/\/fittwear.nl\/#organization\",\"name\":\"FITTwear.nl\",\"url\":\"https:\/\/fittwear.nl\/\",\"logo\":{\"@type\":\"ImageObject\",\"inLanguage\":\"fr-FR\",\"@id\":\"https:\/\/fittwear.nl\/#\/schema\/logo\/image\/\",\"url\":\"https:\/\/fittwear.nl\/wp-content\/uploads\/2024\/07\/FITT-Logo-BeYOUtiful-website-homepage_Tekengebied-1-scaled.jpg\",\"contentUrl\":\"https:\/\/fittwear.nl\/wp-content\/uploads\/2024\/07\/FITT-Logo-BeYOUtiful-website-homepage_Tekengebied-1-scaled.jpg\",\"width\":2560,\"height\":599,\"caption\":\"FITTwear.nl\"},\"image\":{\"@id\":\"https:\/\/fittwear.nl\/#\/schema\/logo\/image\/\"}}]}<\/script>\n<!-- \/ Yoast SEO plugin. -->","yoast_head_json":{"title":"Legging \u00e9vas\u00e9 Noir - FITTwear.fr","description":"D\u00e9couvrez nos leggings \u00e9vas\u00e9s, l'alliance parfaite du style et du confort pour vos tenues de tous les jours et votre look sportif. Ce legging est fabriqu\u00e9 dans un tissu extensible et doux, il bouge donc sans effort et offre un grand confort. La taille haute assure un bon maintien et ne s'affaisse pas, ce qui permet de l'utiliser pour toutes vos activit\u00e9s !","robots":{"index":"index","follow":"follow","max-snippet":"max-snippet:-1","max-image-preview":"max-image-preview:large","max-video-preview":"max-video-preview:-1"},"canonical":"https:\/\/fittwear.nl\/fr\/produit-2\/leggings-evases-noirs\/","og_locale":"fr_FR","og_type":"article","og_title":"Flared Legging Black - FITTwear.nl","og_description":"Ontdek onze flared legging, de perfecte combinatie van stijl en comfort voor zowel je dagelijkse outfit als je sportieve look. Deze legging is gemaakt van stretchy en zachte stof, waardoor hij moeiteloos met je meebeweegt en comfort biedt. De hoge tailleband zorgt voor een mooie pasvorm en zakt niet af, inzetbaar voor al jouw activiteiten dus!","og_url":"https:\/\/fittwear.nl\/fr\/produit-2\/leggings-evases-noirs\/","og_site_name":"FITTwear.nl","article_modified_time":"2026-04-26T11:49:01+00:00","og_image":[{"width":1200,"height":1800,"url":"https:\/\/fittwear.nl\/wp-content\/uploads\/2023\/06\/essenriel-top-plus-flare-broek_Voorkant-onder_jpg_10.jpg","type":"image\/jpeg"}],"twitter_card":"summary_large_image","twitter_misc":{"Dur\u00e9e de lecture estim\u00e9e":"1 minute"},"schema":{"@context":"https:\/\/schema.org","@graph":[{"@type":"WebPage","@id":"https:\/\/fittwear.nl\/product\/flared-legging-black\/","url":"https:\/\/fittwear.nl\/product\/flared-legging-black\/","name":"Legging \u00e9vas\u00e9 Noir - FITTwear.fr","isPartOf":{"@id":"https:\/\/fittwear.nl\/#website"},"primaryImageOfPage":{"@id":"https:\/\/fittwear.nl\/product\/flared-legging-black\/#primaryimage"},"image":{"@id":"https:\/\/fittwear.nl\/product\/flared-legging-black\/#primaryimage"},"thumbnailUrl":"https:\/\/fittwear.nl\/wp-content\/uploads\/2023\/06\/essenriel-top-plus-flare-broek_Voorkant-onder_jpg_10.jpg","datePublished":"2023-06-09T10:39:03+00:00","dateModified":"2026-04-26T11:49:01+00:00","description":"D\u00e9couvrez nos leggings \u00e9vas\u00e9s, l'alliance parfaite du style et du confort pour vos tenues de tous les jours et votre look sportif. Ce legging est fabriqu\u00e9 dans un tissu extensible et doux, il bouge donc sans effort et offre un grand confort. La taille haute assure un bon maintien et ne s'affaisse pas, ce qui permet de l'utiliser pour toutes vos activit\u00e9s !","breadcrumb":{"@id":"https:\/\/fittwear.nl\/product\/flared-legging-black\/#breadcrumb"},"inLanguage":"fr-FR","potentialAction":[{"@type":"ReadAction","target":["https:\/\/fittwear.nl\/product\/flared-legging-black\/"]}]},{"@type":"ImageObject","inLanguage":"fr-FR","@id":"https:\/\/fittwear.nl\/product\/flared-legging-black\/#primaryimage","url":"https:\/\/fittwear.nl\/wp-content\/uploads\/2023\/06\/essenriel-top-plus-flare-broek_Voorkant-onder_jpg_10.jpg","contentUrl":"https:\/\/fittwear.nl\/wp-content\/uploads\/2023\/06\/essenriel-top-plus-flare-broek_Voorkant-onder_jpg_10.jpg","width":1200,"height":1800},{"@type":"BreadcrumbList","@id":"https:\/\/fittwear.nl\/product\/flared-legging-black\/#breadcrumb","itemListElement":[{"@type":"ListItem","position":1,"name":"Home","item":"https:\/\/fittwear.nl\/"},{"@type":"ListItem","position":2,"name":"Shop","item":"https:\/\/fittwear.nl\/shop\/"},{"@type":"ListItem","position":3,"name":"Flared Legging Black"}]},{"@type":"WebSite","@id":"https:\/\/fittwear.nl\/#website","url":"https:\/\/fittwear.nl\/","name":"FITTwear.co.uk","description":"C'est le moment de briller !","publisher":{"@id":"https:\/\/fittwear.nl\/#organization"},"potentialAction":[{"@type":"SearchAction","target":{"@type":"EntryPoint","urlTemplate":"https:\/\/fittwear.nl\/?s={search_term_string}"},"query-input":{"@type":"PropertyValueSpecification","valueRequired":true,"valueName":"search_term_string"}}],"inLanguage":"fr-FR"},{"@type":"Organization","@id":"https:\/\/fittwear.nl\/#organization","name":"FITTwear.co.uk","url":"https:\/\/fittwear.nl\/","logo":{"@type":"ImageObject","inLanguage":"fr-FR","@id":"https:\/\/fittwear.nl\/#\/schema\/logo\/image\/","url":"https:\/\/fittwear.nl\/wp-content\/uploads\/2024\/07\/FITT-Logo-BeYOUtiful-website-homepage_Tekengebied-1-scaled.jpg","contentUrl":"https:\/\/fittwear.nl\/wp-content\/uploads\/2024\/07\/FITT-Logo-BeYOUtiful-website-homepage_Tekengebied-1-scaled.jpg","width":2560,"height":599,"caption":"FITTwear.nl"},"image":{"@id":"https:\/\/fittwear.nl\/#\/schema\/logo\/image\/"}}]}},"_links":{"self":[{"href":"https:\/\/fittwear.nl\/fr\/wp-json\/wp\/v2\/product\/66081","targetHints":{"allow":["GET"]}}],"collection":[{"href":"https:\/\/fittwear.nl\/fr\/wp-json\/wp\/v2\/product"}],"about":[{"href":"https:\/\/fittwear.nl\/fr\/wp-json\/wp\/v2\/types\/product"}],"wp:featuredmedia":[{"embeddable":true,"href":"https:\/\/fittwear.nl\/fr\/wp-json\/wp\/v2\/media\/70918"}],"wp:attachment":[{"href":"https:\/\/fittwear.nl\/fr\/wp-json\/wp\/v2\/media?parent=66081"}],"wp:term":[{"taxonomy":"product_brand","embeddable":true,"href":"https:\/\/fittwear.nl\/fr\/wp-json\/wp\/v2\/product_brand?post=66081"},{"taxonomy":"product_cat","embeddable":true,"href":"https:\/\/fittwear.nl\/fr\/wp-json\/wp\/v2\/product_cat?post=66081"},{"taxonomy":"product_tag","embeddable":true,"href":"https:\/\/fittwear.nl\/fr\/wp-json\/wp\/v2\/product_tag?post=66081"}],"curies":[{"name":"wp","href":"https:\/\/api.w.org\/{rel}","templated":true}]}}