{"id":66252,"date":"2023-06-19T14:00:37","date_gmt":"2023-06-19T12:00:37","guid":{"rendered":"https:\/\/fittwear.nl\/?post_type=product&#038;p=66252"},"modified":"2026-04-26T13:48:29","modified_gmt":"2026-04-26T11:48:29","slug":"chaussettes-retro-bordeaux","status":"publish","type":"product","link":"https:\/\/fittwear.nl\/fr\/product\/retro-socks-bordeaux\/","title":{"rendered":"Chaussettes Retro Sea Bordeaux"},"content":{"rendered":"<p>-Chaussettes unisexes tendance<\/p>\n\n\n\n<p>-Durable<\/p>\n\n\n\n<p>-Style loisirs<\/p>\n\n\n\n<p>-Excellent pour faire de l'exercice en<\/p>\n\n\n\n<p>-Confortable<\/p>\n\n\n\n<p>-Rester bien en place<\/p>","protected":false},"excerpt":{"rendered":"<p>Avec ces chaussettes FITT unisexes, cool et durables, vous sauvez la mer en achetant des chaussettes douces et confortables. En effet, nos chaussettes FITT sont en partie fabriqu\u00e9es \u00e0 partir de vieux filets de p\u00eache. Ces filets dits \"fant\u00f4mes\" sont abandonn\u00e9s ou perdus dans l'oc\u00e9an. En les remettant \u00e0 l'eau, les coraux ont une chance de repousser au fond de l'eau, les animaux marins ne s'y coincent pas et nous \u00e9vitons de r\u00e9pandre du plastique dans les oc\u00e9ans. En collaboration avec l'initiative Healthy Seas, nous collectons les filets fant\u00f4mes dans l'oc\u00e9an et les transformons en nylon r\u00e9g\u00e9n\u00e9r\u00e9. Le nylon r\u00e9g\u00e9n\u00e9r\u00e9 est associ\u00e9 au coton biologique 100% GOTS. Cette chaussette tendance devient ainsi un moyen efficace de contribuer facilement et rapidement \u00e0 un monde meilleur et de faire un pas de plus vers une mer plus propre. Votre confort est aussi important pour nous que les poissons de la mer. C'est pourquoi nos chaussettes sont dot\u00e9es d'une couture plate au niveau des orteils afin d'\u00e9viter tout risque de pincement. De plus, l'ourlet large sur le dessus garantit qu'elles restent bien ajust\u00e9es.<\/p>","protected":false},"featured_media":67179,"template":"","meta":{"_acf_changed":false},"product_brand":[],"product_cat":[4791,4798,4814,4802,4812,4794,4793,4800,4799,4792,4795,115,113,63,64,66,65],"product_tag":[],"class_list":{"0":"post-66252","1":"product","2":"type-product","3":"status-publish","4":"has-post-thumbnail","6":"product_cat-city-vibes","7":"product_cat-fade-away-collection","8":"product_cat-fitness","9":"product_cat-fitt-original","10":"product_cat-forever-favorites-categorie","11":"product_cat-mindful-movement","12":"product_cat-power-prints","13":"product_cat-running-collection","14":"product_cat-structures","15":"product_cat-sustainable-collection","16":"product_cat-teddy-season","17":"product_cat-accessoires","18":"product_cat-duurzaam","19":"product_cat-curves","20":"product_cat-hardloopkleding","21":"product_cat-loungewear","22":"product_cat-yogakleding","24":"first","25":"outofstock","26":"sale","27":"taxable","28":"shipping-taxable","29":"product-type-variable","30":"has-default-attributes"},"acf":[],"yoast_head":"<!-- This site is optimized with the Yoast SEO plugin v27.1.1 - https:\/\/yoast.com\/product\/yoast-seo-wordpress\/ -->\n<title>Retro Sea Socks Bordeaux - FITTwear.nl<\/title>\n<meta name=\"description\" content=\"Met deze toffe \u00e9n duurzame unisex FITT sokken red je de zee door zachte en comfortabele sokken te kopen. Onze FITT sokken worden namelijk deels gemaakt van oude visnetten. Deze zogenaamde ghost nets worden achtergelaten of verloren in de oceaan. Door ze op te duiken krijgen koralen weer de kans om op de bodem te groeien, blijven zeedieren er niet in hangen en voorkomen we extra plastic in de oceaan. In samenwerking met het Healthy Seas initiatief halen we ghost nets uit de oceaan en transformeren we dit tot geregenereerd nylon. Het geregenereerde nylon wordt met met 100% biologisch GOTS katoen gecombineerd. Zo verandert een trendy sok in een effectief middel om makkelijk en snel bij te dragen aan een betere wereld en een stap dichterbij een schonere zee. Jouw draagcomfort is voor ons net zo belangrijk als de vissen in de zee. Daarom zijn onze sokken voorzien van een platte teennaad zodat je geen last hebt van knelpunten. Bovendien zorgt de brede boord aan de bovenkant ervoor dat ze lekker blijven zitten.\" \/>\n<meta name=\"robots\" content=\"index, follow, max-snippet:-1, max-image-preview:large, max-video-preview:-1\" \/>\n<link rel=\"canonical\" href=\"https:\/\/fittwear.nl\/fr\/produit-2\/chaussettes-retro-bordeaux\/\" \/>\n<meta property=\"og:locale\" content=\"fr_FR\" \/>\n<meta property=\"og:type\" content=\"article\" \/>\n<meta property=\"og:title\" content=\"Retro Sea Socks Bordeaux - FITTwear.nl\" \/>\n<meta property=\"og:description\" content=\"Met deze toffe \u00e9n duurzame unisex FITT sokken red je de zee door zachte en comfortabele sokken te kopen. Onze FITT sokken worden namelijk deels gemaakt van oude visnetten. Deze zogenaamde ghost nets worden achtergelaten of verloren in de oceaan. Door ze op te duiken krijgen koralen weer de kans om op de bodem te groeien, blijven zeedieren er niet in hangen en voorkomen we extra plastic in de oceaan. In samenwerking met het Healthy Seas initiatief halen we ghost nets uit de oceaan en transformeren we dit tot geregenereerd nylon. Het geregenereerde nylon wordt met met 100% biologisch GOTS katoen gecombineerd. Zo verandert een trendy sok in een effectief middel om makkelijk en snel bij te dragen aan een betere wereld en een stap dichterbij een schonere zee. Jouw draagcomfort is voor ons net zo belangrijk als de vissen in de zee. Daarom zijn onze sokken voorzien van een platte teennaad zodat je geen last hebt van knelpunten. Bovendien zorgt de brede boord aan de bovenkant ervoor dat ze lekker blijven zitten.\" \/>\n<meta property=\"og:url\" content=\"https:\/\/fittwear.nl\/fr\/produit-2\/chaussettes-retro-bordeaux\/\" \/>\n<meta property=\"og:site_name\" content=\"FITTwear.nl\" \/>\n<meta property=\"article:modified_time\" content=\"2026-04-26T11:48:29+00:00\" \/>\n<meta property=\"og:image\" content=\"https:\/\/fittwear.nl\/wp-content\/uploads\/2023\/06\/tshirt-plus-duo-short-en-sokken_Voorkant-onder_jpg_7.jpg\" \/>\n\t<meta property=\"og:image:width\" content=\"1200\" \/>\n\t<meta property=\"og:image:height\" content=\"1800\" \/>\n\t<meta property=\"og:image:type\" content=\"image\/jpeg\" \/>\n<meta name=\"twitter:card\" content=\"summary_large_image\" \/>\n<meta name=\"twitter:label1\" content=\"Dur\u00e9e de lecture estim\u00e9e\" \/>\n\t<meta name=\"twitter:data1\" content=\"1 minute\" \/>\n<script type=\"application\/ld+json\" class=\"yoast-schema-graph\">{\"@context\":\"https:\/\/schema.org\",\"@graph\":[{\"@type\":\"WebPage\",\"@id\":\"https:\/\/fittwear.nl\/product\/retro-socks-bordeaux\/\",\"url\":\"https:\/\/fittwear.nl\/product\/retro-socks-bordeaux\/\",\"name\":\"Retro Sea Socks Bordeaux - FITTwear.nl\",\"isPartOf\":{\"@id\":\"https:\/\/fittwear.nl\/#website\"},\"primaryImageOfPage\":{\"@id\":\"https:\/\/fittwear.nl\/product\/retro-socks-bordeaux\/#primaryimage\"},\"image\":{\"@id\":\"https:\/\/fittwear.nl\/product\/retro-socks-bordeaux\/#primaryimage\"},\"thumbnailUrl\":\"https:\/\/fittwear.nl\/wp-content\/uploads\/2023\/06\/tshirt-plus-duo-short-en-sokken_Voorkant-onder_jpg_7.jpg\",\"datePublished\":\"2023-06-19T12:00:37+00:00\",\"dateModified\":\"2026-04-26T11:48:29+00:00\",\"description\":\"Met deze toffe \u00e9n duurzame unisex FITT sokken red je de zee door zachte en comfortabele sokken te kopen. Onze FITT sokken worden namelijk deels gemaakt van oude visnetten. Deze zogenaamde ghost nets worden achtergelaten of verloren in de oceaan. Door ze op te duiken krijgen koralen weer de kans om op de bodem te groeien, blijven zeedieren er niet in hangen en voorkomen we extra plastic in de oceaan. In samenwerking met het Healthy Seas initiatief halen we ghost nets uit de oceaan en transformeren we dit tot geregenereerd nylon. Het geregenereerde nylon wordt met met 100% biologisch GOTS katoen gecombineerd. Zo verandert een trendy sok in een effectief middel om makkelijk en snel bij te dragen aan een betere wereld en een stap dichterbij een schonere zee. Jouw draagcomfort is voor ons net zo belangrijk als de vissen in de zee. Daarom zijn onze sokken voorzien van een platte teennaad zodat je geen last hebt van knelpunten. Bovendien zorgt de brede boord aan de bovenkant ervoor dat ze lekker blijven zitten.\",\"breadcrumb\":{\"@id\":\"https:\/\/fittwear.nl\/product\/retro-socks-bordeaux\/#breadcrumb\"},\"inLanguage\":\"fr-FR\",\"potentialAction\":[{\"@type\":\"ReadAction\",\"target\":[\"https:\/\/fittwear.nl\/product\/retro-socks-bordeaux\/\"]}]},{\"@type\":\"ImageObject\",\"inLanguage\":\"fr-FR\",\"@id\":\"https:\/\/fittwear.nl\/product\/retro-socks-bordeaux\/#primaryimage\",\"url\":\"https:\/\/fittwear.nl\/wp-content\/uploads\/2023\/06\/tshirt-plus-duo-short-en-sokken_Voorkant-onder_jpg_7.jpg\",\"contentUrl\":\"https:\/\/fittwear.nl\/wp-content\/uploads\/2023\/06\/tshirt-plus-duo-short-en-sokken_Voorkant-onder_jpg_7.jpg\",\"width\":1200,\"height\":1800},{\"@type\":\"BreadcrumbList\",\"@id\":\"https:\/\/fittwear.nl\/product\/retro-socks-bordeaux\/#breadcrumb\",\"itemListElement\":[{\"@type\":\"ListItem\",\"position\":1,\"name\":\"Home\",\"item\":\"https:\/\/fittwear.nl\/\"},{\"@type\":\"ListItem\",\"position\":2,\"name\":\"Shop\",\"item\":\"https:\/\/fittwear.nl\/shop\/\"},{\"@type\":\"ListItem\",\"position\":3,\"name\":\"Retro Sea Socks Bordeaux\"}]},{\"@type\":\"WebSite\",\"@id\":\"https:\/\/fittwear.nl\/#website\",\"url\":\"https:\/\/fittwear.nl\/\",\"name\":\"FITTwear.nl\",\"description\":\"Time to shine!\",\"publisher\":{\"@id\":\"https:\/\/fittwear.nl\/#organization\"},\"potentialAction\":[{\"@type\":\"SearchAction\",\"target\":{\"@type\":\"EntryPoint\",\"urlTemplate\":\"https:\/\/fittwear.nl\/?s={search_term_string}\"},\"query-input\":{\"@type\":\"PropertyValueSpecification\",\"valueRequired\":true,\"valueName\":\"search_term_string\"}}],\"inLanguage\":\"fr-FR\"},{\"@type\":\"Organization\",\"@id\":\"https:\/\/fittwear.nl\/#organization\",\"name\":\"FITTwear.nl\",\"url\":\"https:\/\/fittwear.nl\/\",\"logo\":{\"@type\":\"ImageObject\",\"inLanguage\":\"fr-FR\",\"@id\":\"https:\/\/fittwear.nl\/#\/schema\/logo\/image\/\",\"url\":\"https:\/\/fittwear.nl\/wp-content\/uploads\/2024\/07\/FITT-Logo-BeYOUtiful-website-homepage_Tekengebied-1-scaled.jpg\",\"contentUrl\":\"https:\/\/fittwear.nl\/wp-content\/uploads\/2024\/07\/FITT-Logo-BeYOUtiful-website-homepage_Tekengebied-1-scaled.jpg\",\"width\":2560,\"height\":599,\"caption\":\"FITTwear.nl\"},\"image\":{\"@id\":\"https:\/\/fittwear.nl\/#\/schema\/logo\/image\/\"}}]}<\/script>\n<!-- \/ Yoast SEO plugin. -->","yoast_head_json":{"title":"Chaussettes Retro Sea Bordeaux - FITTwear.fr","description":"Avec ces chaussettes FITT unisexes, cool et durables, vous sauvez la mer en achetant des chaussettes douces et confortables. En effet, nos chaussettes FITT sont en partie fabriqu\u00e9es \u00e0 partir de vieux filets de p\u00eache. Ces filets dits \"fant\u00f4mes\" sont abandonn\u00e9s ou perdus dans l'oc\u00e9an. En les remettant \u00e0 l'eau, les coraux ont une chance de repousser au fond de l'eau, les animaux marins ne s'y coincent pas et nous \u00e9vitons de r\u00e9pandre du plastique dans les oc\u00e9ans. En collaboration avec l'initiative Healthy Seas, nous collectons les filets fant\u00f4mes dans l'oc\u00e9an et les transformons en nylon r\u00e9g\u00e9n\u00e9r\u00e9. Le nylon r\u00e9g\u00e9n\u00e9r\u00e9 est associ\u00e9 au coton biologique 100% GOTS. Cette chaussette tendance devient ainsi un moyen efficace de contribuer facilement et rapidement \u00e0 un monde meilleur et de faire un pas de plus vers une mer plus propre. Votre confort est aussi important pour nous que les poissons de la mer. C'est pourquoi nos chaussettes sont dot\u00e9es d'une couture plate au niveau des orteils afin d'\u00e9viter tout risque de pincement. De plus, l'ourlet large sur le dessus garantit qu'elles restent bien ajust\u00e9es.","robots":{"index":"index","follow":"follow","max-snippet":"max-snippet:-1","max-image-preview":"max-image-preview:large","max-video-preview":"max-video-preview:-1"},"canonical":"https:\/\/fittwear.nl\/fr\/produit-2\/chaussettes-retro-bordeaux\/","og_locale":"fr_FR","og_type":"article","og_title":"Retro Sea Socks Bordeaux - FITTwear.nl","og_description":"Met deze toffe \u00e9n duurzame unisex FITT sokken red je de zee door zachte en comfortabele sokken te kopen. Onze FITT sokken worden namelijk deels gemaakt van oude visnetten. Deze zogenaamde ghost nets worden achtergelaten of verloren in de oceaan. Door ze op te duiken krijgen koralen weer de kans om op de bodem te groeien, blijven zeedieren er niet in hangen en voorkomen we extra plastic in de oceaan. In samenwerking met het Healthy Seas initiatief halen we ghost nets uit de oceaan en transformeren we dit tot geregenereerd nylon. Het geregenereerde nylon wordt met met 100% biologisch GOTS katoen gecombineerd. Zo verandert een trendy sok in een effectief middel om makkelijk en snel bij te dragen aan een betere wereld en een stap dichterbij een schonere zee. Jouw draagcomfort is voor ons net zo belangrijk als de vissen in de zee. Daarom zijn onze sokken voorzien van een platte teennaad zodat je geen last hebt van knelpunten. Bovendien zorgt de brede boord aan de bovenkant ervoor dat ze lekker blijven zitten.","og_url":"https:\/\/fittwear.nl\/fr\/produit-2\/chaussettes-retro-bordeaux\/","og_site_name":"FITTwear.nl","article_modified_time":"2026-04-26T11:48:29+00:00","og_image":[{"width":1200,"height":1800,"url":"https:\/\/fittwear.nl\/wp-content\/uploads\/2023\/06\/tshirt-plus-duo-short-en-sokken_Voorkant-onder_jpg_7.jpg","type":"image\/jpeg"}],"twitter_card":"summary_large_image","twitter_misc":{"Dur\u00e9e de lecture estim\u00e9e":"1 minute"},"schema":{"@context":"https:\/\/schema.org","@graph":[{"@type":"WebPage","@id":"https:\/\/fittwear.nl\/product\/retro-socks-bordeaux\/","url":"https:\/\/fittwear.nl\/product\/retro-socks-bordeaux\/","name":"Chaussettes Retro Sea Bordeaux - FITTwear.fr","isPartOf":{"@id":"https:\/\/fittwear.nl\/#website"},"primaryImageOfPage":{"@id":"https:\/\/fittwear.nl\/product\/retro-socks-bordeaux\/#primaryimage"},"image":{"@id":"https:\/\/fittwear.nl\/product\/retro-socks-bordeaux\/#primaryimage"},"thumbnailUrl":"https:\/\/fittwear.nl\/wp-content\/uploads\/2023\/06\/tshirt-plus-duo-short-en-sokken_Voorkant-onder_jpg_7.jpg","datePublished":"2023-06-19T12:00:37+00:00","dateModified":"2026-04-26T11:48:29+00:00","description":"Avec ces chaussettes FITT unisexes, cool et durables, vous sauvez la mer en achetant des chaussettes douces et confortables. En effet, nos chaussettes FITT sont en partie fabriqu\u00e9es \u00e0 partir de vieux filets de p\u00eache. Ces filets dits \"fant\u00f4mes\" sont abandonn\u00e9s ou perdus dans l'oc\u00e9an. En les remettant \u00e0 l'eau, les coraux ont une chance de repousser au fond de l'eau, les animaux marins ne s'y coincent pas et nous \u00e9vitons de r\u00e9pandre du plastique dans les oc\u00e9ans. En collaboration avec l'initiative Healthy Seas, nous collectons les filets fant\u00f4mes dans l'oc\u00e9an et les transformons en nylon r\u00e9g\u00e9n\u00e9r\u00e9. Le nylon r\u00e9g\u00e9n\u00e9r\u00e9 est associ\u00e9 au coton biologique 100% GOTS. Cette chaussette tendance devient ainsi un moyen efficace de contribuer facilement et rapidement \u00e0 un monde meilleur et de faire un pas de plus vers une mer plus propre. Votre confort est aussi important pour nous que les poissons de la mer. C'est pourquoi nos chaussettes sont dot\u00e9es d'une couture plate au niveau des orteils afin d'\u00e9viter tout risque de pincement. De plus, l'ourlet large sur le dessus garantit qu'elles restent bien ajust\u00e9es.","breadcrumb":{"@id":"https:\/\/fittwear.nl\/product\/retro-socks-bordeaux\/#breadcrumb"},"inLanguage":"fr-FR","potentialAction":[{"@type":"ReadAction","target":["https:\/\/fittwear.nl\/product\/retro-socks-bordeaux\/"]}]},{"@type":"ImageObject","inLanguage":"fr-FR","@id":"https:\/\/fittwear.nl\/product\/retro-socks-bordeaux\/#primaryimage","url":"https:\/\/fittwear.nl\/wp-content\/uploads\/2023\/06\/tshirt-plus-duo-short-en-sokken_Voorkant-onder_jpg_7.jpg","contentUrl":"https:\/\/fittwear.nl\/wp-content\/uploads\/2023\/06\/tshirt-plus-duo-short-en-sokken_Voorkant-onder_jpg_7.jpg","width":1200,"height":1800},{"@type":"BreadcrumbList","@id":"https:\/\/fittwear.nl\/product\/retro-socks-bordeaux\/#breadcrumb","itemListElement":[{"@type":"ListItem","position":1,"name":"Home","item":"https:\/\/fittwear.nl\/"},{"@type":"ListItem","position":2,"name":"Shop","item":"https:\/\/fittwear.nl\/shop\/"},{"@type":"ListItem","position":3,"name":"Retro Sea Socks Bordeaux"}]},{"@type":"WebSite","@id":"https:\/\/fittwear.nl\/#website","url":"https:\/\/fittwear.nl\/","name":"FITTwear.co.uk","description":"C'est le moment de briller !","publisher":{"@id":"https:\/\/fittwear.nl\/#organization"},"potentialAction":[{"@type":"SearchAction","target":{"@type":"EntryPoint","urlTemplate":"https:\/\/fittwear.nl\/?s={search_term_string}"},"query-input":{"@type":"PropertyValueSpecification","valueRequired":true,"valueName":"search_term_string"}}],"inLanguage":"fr-FR"},{"@type":"Organization","@id":"https:\/\/fittwear.nl\/#organization","name":"FITTwear.co.uk","url":"https:\/\/fittwear.nl\/","logo":{"@type":"ImageObject","inLanguage":"fr-FR","@id":"https:\/\/fittwear.nl\/#\/schema\/logo\/image\/","url":"https:\/\/fittwear.nl\/wp-content\/uploads\/2024\/07\/FITT-Logo-BeYOUtiful-website-homepage_Tekengebied-1-scaled.jpg","contentUrl":"https:\/\/fittwear.nl\/wp-content\/uploads\/2024\/07\/FITT-Logo-BeYOUtiful-website-homepage_Tekengebied-1-scaled.jpg","width":2560,"height":599,"caption":"FITTwear.nl"},"image":{"@id":"https:\/\/fittwear.nl\/#\/schema\/logo\/image\/"}}]}},"_links":{"self":[{"href":"https:\/\/fittwear.nl\/fr\/wp-json\/wp\/v2\/product\/66252","targetHints":{"allow":["GET"]}}],"collection":[{"href":"https:\/\/fittwear.nl\/fr\/wp-json\/wp\/v2\/product"}],"about":[{"href":"https:\/\/fittwear.nl\/fr\/wp-json\/wp\/v2\/types\/product"}],"wp:featuredmedia":[{"embeddable":true,"href":"https:\/\/fittwear.nl\/fr\/wp-json\/wp\/v2\/media\/67179"}],"wp:attachment":[{"href":"https:\/\/fittwear.nl\/fr\/wp-json\/wp\/v2\/media?parent=66252"}],"wp:term":[{"taxonomy":"product_brand","embeddable":true,"href":"https:\/\/fittwear.nl\/fr\/wp-json\/wp\/v2\/product_brand?post=66252"},{"taxonomy":"product_cat","embeddable":true,"href":"https:\/\/fittwear.nl\/fr\/wp-json\/wp\/v2\/product_cat?post=66252"},{"taxonomy":"product_tag","embeddable":true,"href":"https:\/\/fittwear.nl\/fr\/wp-json\/wp\/v2\/product_tag?post=66252"}],"curies":[{"name":"wp","href":"https:\/\/api.w.org\/{rel}","templated":true}]}}