{"id":66257,"date":"2023-06-09T15:06:27","date_gmt":"2023-06-09T13:06:27","guid":{"rendered":"https:\/\/fittwear.nl\/?post_type=product&#038;p=66257"},"modified":"2026-04-26T13:48:38","modified_gmt":"2026-04-26T11:48:38","slug":"essentiel-top-brown","status":"publish","type":"product","link":"https:\/\/fittwear.nl\/fr\/product\/essential-top-brown\/","title":{"rendered":"Top essentiel marron"},"content":{"rendered":"<p>&#8211; Uitgesneden hals en rug<\/p>\n\n\n\n<p>&#8211; Scrunch detail aan de achterkant<\/p>\n\n\n\n<p>- Coussinets amovibles<\/p>\n\n\n\n<p>&#8211; Stretchy en sneldrogend materiaal<\/p>\n\n\n\n<p>&#8211; Elastische band onder de borst voor steun<\/p>\n\n\n\n<p>&#8211; Kleur: Brown<\/p>\n\n\n\n<p>- Nylon 80%, \u00e9lasthanne 20%<\/p>\n\n\n\n<p>- Lavable jusqu'\u00e0 30\u2103<\/p>\n\n\n\n<p>- Le mod\u00e8le Donna mesure 1,82 et porte la taille M.<\/p>","protected":false},"excerpt":{"rendered":"<p>Deze top is echt een must have voor in jouw collectie! Je kan hem als dagelijkse top gebruiken of hem inzetten voor al jouw work-outs. Doordat de top gemaakt is van stretchy materiaal en uitneembare pads heeft die ondersteuning bieden, is deze top ideaal voor wanneer je van comfort houdt. It&#8217; s time to shine!<\/p>","protected":false},"featured_media":66474,"template":"","meta":{"_acf_changed":false},"product_brand":[],"product_cat":[4791,4796,4812,4794,79,81],"product_tag":[],"class_list":{"0":"post-66257","1":"product","2":"type-product","3":"status-publish","4":"has-post-thumbnail","6":"product_cat-city-vibes","7":"product_cat-cute-in-neutrals","8":"product_cat-forever-favorites-categorie","9":"product_cat-mindful-movement","10":"product_cat-tanktops-dames","11":"product_cat-crop-tops","13":"first","14":"instock","15":"taxable","16":"shipping-taxable","17":"purchasable","18":"product-type-variable","19":"has-default-attributes"},"acf":[],"yoast_head":"<!-- This site is optimized with the Yoast SEO plugin v27.1.1 - https:\/\/yoast.com\/product\/yoast-seo-wordpress\/ -->\n<title>Essential Top Brown - FITTwear.nl<\/title>\n<meta name=\"description\" content=\"Deze top is echt een must have voor in jouw collectie! Je kan hem als dagelijkse top gebruiken of hem inzetten voor al jouw work-outs. Doordat de top gemaakt is van stretchy materiaal en uitneembare pads heeft die ondersteuning bieden, is deze top ideaal voor wanneer je van comfort houdt. It&#039; s time to shine!\" \/>\n<meta name=\"robots\" content=\"index, follow, max-snippet:-1, max-image-preview:large, max-video-preview:-1\" \/>\n<link rel=\"canonical\" href=\"https:\/\/fittwear.nl\/fr\/produit-2\/essentiel-top-brown\/\" \/>\n<meta property=\"og:locale\" content=\"fr_FR\" \/>\n<meta property=\"og:type\" content=\"article\" \/>\n<meta property=\"og:title\" content=\"Essential Top Brown - FITTwear.nl\" \/>\n<meta property=\"og:description\" content=\"Deze top is echt een must have voor in jouw collectie! Je kan hem als dagelijkse top gebruiken of hem inzetten voor al jouw work-outs. Doordat de top gemaakt is van stretchy materiaal en uitneembare pads heeft die ondersteuning bieden, is deze top ideaal voor wanneer je van comfort houdt. It&#039; s time to shine!\" \/>\n<meta property=\"og:url\" content=\"https:\/\/fittwear.nl\/fr\/produit-2\/essentiel-top-brown\/\" \/>\n<meta property=\"og:site_name\" content=\"FITTwear.nl\" \/>\n<meta property=\"article:modified_time\" content=\"2026-04-26T11:48:38+00:00\" \/>\n<meta property=\"og:image\" content=\"https:\/\/fittwear.nl\/wp-content\/uploads\/2023\/06\/tops-diverse_Voorkant-boven_jpg_14.jpg\" \/>\n\t<meta property=\"og:image:width\" content=\"1200\" \/>\n\t<meta property=\"og:image:height\" content=\"1800\" \/>\n\t<meta property=\"og:image:type\" content=\"image\/jpeg\" \/>\n<meta name=\"twitter:card\" content=\"summary_large_image\" \/>\n<meta name=\"twitter:label1\" content=\"Dur\u00e9e de lecture estim\u00e9e\" \/>\n\t<meta name=\"twitter:data1\" content=\"1 minute\" \/>\n<script type=\"application\/ld+json\" class=\"yoast-schema-graph\">{\"@context\":\"https:\/\/schema.org\",\"@graph\":[{\"@type\":\"WebPage\",\"@id\":\"https:\/\/fittwear.nl\/product\/essential-top-brown\/\",\"url\":\"https:\/\/fittwear.nl\/product\/essential-top-brown\/\",\"name\":\"Essential Top Brown - FITTwear.nl\",\"isPartOf\":{\"@id\":\"https:\/\/fittwear.nl\/#website\"},\"primaryImageOfPage\":{\"@id\":\"https:\/\/fittwear.nl\/product\/essential-top-brown\/#primaryimage\"},\"image\":{\"@id\":\"https:\/\/fittwear.nl\/product\/essential-top-brown\/#primaryimage\"},\"thumbnailUrl\":\"https:\/\/fittwear.nl\/wp-content\/uploads\/2023\/06\/tops-diverse_Voorkant-boven_jpg_14.jpg\",\"datePublished\":\"2023-06-09T13:06:27+00:00\",\"dateModified\":\"2026-04-26T11:48:38+00:00\",\"description\":\"Deze top is echt een must have voor in jouw collectie! Je kan hem als dagelijkse top gebruiken of hem inzetten voor al jouw work-outs. Doordat de top gemaakt is van stretchy materiaal en uitneembare pads heeft die ondersteuning bieden, is deze top ideaal voor wanneer je van comfort houdt. It' s time to shine!\",\"breadcrumb\":{\"@id\":\"https:\/\/fittwear.nl\/product\/essential-top-brown\/#breadcrumb\"},\"inLanguage\":\"fr-FR\",\"potentialAction\":[{\"@type\":\"ReadAction\",\"target\":[\"https:\/\/fittwear.nl\/product\/essential-top-brown\/\"]}]},{\"@type\":\"ImageObject\",\"inLanguage\":\"fr-FR\",\"@id\":\"https:\/\/fittwear.nl\/product\/essential-top-brown\/#primaryimage\",\"url\":\"https:\/\/fittwear.nl\/wp-content\/uploads\/2023\/06\/tops-diverse_Voorkant-boven_jpg_14.jpg\",\"contentUrl\":\"https:\/\/fittwear.nl\/wp-content\/uploads\/2023\/06\/tops-diverse_Voorkant-boven_jpg_14.jpg\",\"width\":1200,\"height\":1800},{\"@type\":\"BreadcrumbList\",\"@id\":\"https:\/\/fittwear.nl\/product\/essential-top-brown\/#breadcrumb\",\"itemListElement\":[{\"@type\":\"ListItem\",\"position\":1,\"name\":\"Home\",\"item\":\"https:\/\/fittwear.nl\/\"},{\"@type\":\"ListItem\",\"position\":2,\"name\":\"Shop\",\"item\":\"https:\/\/fittwear.nl\/shop\/\"},{\"@type\":\"ListItem\",\"position\":3,\"name\":\"Essential Top Brown\"}]},{\"@type\":\"WebSite\",\"@id\":\"https:\/\/fittwear.nl\/#website\",\"url\":\"https:\/\/fittwear.nl\/\",\"name\":\"FITTwear.nl\",\"description\":\"Time to shine!\",\"publisher\":{\"@id\":\"https:\/\/fittwear.nl\/#organization\"},\"potentialAction\":[{\"@type\":\"SearchAction\",\"target\":{\"@type\":\"EntryPoint\",\"urlTemplate\":\"https:\/\/fittwear.nl\/?s={search_term_string}\"},\"query-input\":{\"@type\":\"PropertyValueSpecification\",\"valueRequired\":true,\"valueName\":\"search_term_string\"}}],\"inLanguage\":\"fr-FR\"},{\"@type\":\"Organization\",\"@id\":\"https:\/\/fittwear.nl\/#organization\",\"name\":\"FITTwear.nl\",\"url\":\"https:\/\/fittwear.nl\/\",\"logo\":{\"@type\":\"ImageObject\",\"inLanguage\":\"fr-FR\",\"@id\":\"https:\/\/fittwear.nl\/#\/schema\/logo\/image\/\",\"url\":\"https:\/\/fittwear.nl\/wp-content\/uploads\/2024\/07\/FITT-Logo-BeYOUtiful-website-homepage_Tekengebied-1-scaled.jpg\",\"contentUrl\":\"https:\/\/fittwear.nl\/wp-content\/uploads\/2024\/07\/FITT-Logo-BeYOUtiful-website-homepage_Tekengebied-1-scaled.jpg\",\"width\":2560,\"height\":599,\"caption\":\"FITTwear.nl\"},\"image\":{\"@id\":\"https:\/\/fittwear.nl\/#\/schema\/logo\/image\/\"}}]}<\/script>\n<!-- \/ Yoast SEO plugin. -->","yoast_head_json":{"title":"Top Essentiel Marron - FITTwear.fr","description":"Ce haut est vraiment un must pour votre collection ! Vous pouvez l'utiliser comme haut de tous les jours ou pour toutes vos s\u00e9ances d'entra\u00eenement. Fabriqu\u00e9 dans une mati\u00e8re extensible et dot\u00e9 de coussinets amovibles qui offrent un soutien, ce haut est id\u00e9al pour les personnes qui aiment le confort. Il est temps de briller !","robots":{"index":"index","follow":"follow","max-snippet":"max-snippet:-1","max-image-preview":"max-image-preview:large","max-video-preview":"max-video-preview:-1"},"canonical":"https:\/\/fittwear.nl\/fr\/produit-2\/essentiel-top-brown\/","og_locale":"fr_FR","og_type":"article","og_title":"Essential Top Brown - FITTwear.nl","og_description":"Deze top is echt een must have voor in jouw collectie! Je kan hem als dagelijkse top gebruiken of hem inzetten voor al jouw work-outs. Doordat de top gemaakt is van stretchy materiaal en uitneembare pads heeft die ondersteuning bieden, is deze top ideaal voor wanneer je van comfort houdt. It' s time to shine!","og_url":"https:\/\/fittwear.nl\/fr\/produit-2\/essentiel-top-brown\/","og_site_name":"FITTwear.nl","article_modified_time":"2026-04-26T11:48:38+00:00","og_image":[{"width":1200,"height":1800,"url":"https:\/\/fittwear.nl\/wp-content\/uploads\/2023\/06\/tops-diverse_Voorkant-boven_jpg_14.jpg","type":"image\/jpeg"}],"twitter_card":"summary_large_image","twitter_misc":{"Dur\u00e9e de lecture estim\u00e9e":"1 minute"},"schema":{"@context":"https:\/\/schema.org","@graph":[{"@type":"WebPage","@id":"https:\/\/fittwear.nl\/product\/essential-top-brown\/","url":"https:\/\/fittwear.nl\/product\/essential-top-brown\/","name":"Top Essentiel Marron - FITTwear.fr","isPartOf":{"@id":"https:\/\/fittwear.nl\/#website"},"primaryImageOfPage":{"@id":"https:\/\/fittwear.nl\/product\/essential-top-brown\/#primaryimage"},"image":{"@id":"https:\/\/fittwear.nl\/product\/essential-top-brown\/#primaryimage"},"thumbnailUrl":"https:\/\/fittwear.nl\/wp-content\/uploads\/2023\/06\/tops-diverse_Voorkant-boven_jpg_14.jpg","datePublished":"2023-06-09T13:06:27+00:00","dateModified":"2026-04-26T11:48:38+00:00","description":"Ce haut est vraiment un must pour votre collection ! Vous pouvez l'utiliser comme haut de tous les jours ou pour toutes vos s\u00e9ances d'entra\u00eenement. Fabriqu\u00e9 dans une mati\u00e8re extensible et dot\u00e9 de coussinets amovibles qui offrent un soutien, ce haut est id\u00e9al pour les personnes qui aiment le confort. Il est temps de briller !","breadcrumb":{"@id":"https:\/\/fittwear.nl\/product\/essential-top-brown\/#breadcrumb"},"inLanguage":"fr-FR","potentialAction":[{"@type":"ReadAction","target":["https:\/\/fittwear.nl\/product\/essential-top-brown\/"]}]},{"@type":"ImageObject","inLanguage":"fr-FR","@id":"https:\/\/fittwear.nl\/product\/essential-top-brown\/#primaryimage","url":"https:\/\/fittwear.nl\/wp-content\/uploads\/2023\/06\/tops-diverse_Voorkant-boven_jpg_14.jpg","contentUrl":"https:\/\/fittwear.nl\/wp-content\/uploads\/2023\/06\/tops-diverse_Voorkant-boven_jpg_14.jpg","width":1200,"height":1800},{"@type":"BreadcrumbList","@id":"https:\/\/fittwear.nl\/product\/essential-top-brown\/#breadcrumb","itemListElement":[{"@type":"ListItem","position":1,"name":"Home","item":"https:\/\/fittwear.nl\/"},{"@type":"ListItem","position":2,"name":"Shop","item":"https:\/\/fittwear.nl\/shop\/"},{"@type":"ListItem","position":3,"name":"Essential Top Brown"}]},{"@type":"WebSite","@id":"https:\/\/fittwear.nl\/#website","url":"https:\/\/fittwear.nl\/","name":"FITTwear.co.uk","description":"C'est le moment de briller !","publisher":{"@id":"https:\/\/fittwear.nl\/#organization"},"potentialAction":[{"@type":"SearchAction","target":{"@type":"EntryPoint","urlTemplate":"https:\/\/fittwear.nl\/?s={search_term_string}"},"query-input":{"@type":"PropertyValueSpecification","valueRequired":true,"valueName":"search_term_string"}}],"inLanguage":"fr-FR"},{"@type":"Organization","@id":"https:\/\/fittwear.nl\/#organization","name":"FITTwear.co.uk","url":"https:\/\/fittwear.nl\/","logo":{"@type":"ImageObject","inLanguage":"fr-FR","@id":"https:\/\/fittwear.nl\/#\/schema\/logo\/image\/","url":"https:\/\/fittwear.nl\/wp-content\/uploads\/2024\/07\/FITT-Logo-BeYOUtiful-website-homepage_Tekengebied-1-scaled.jpg","contentUrl":"https:\/\/fittwear.nl\/wp-content\/uploads\/2024\/07\/FITT-Logo-BeYOUtiful-website-homepage_Tekengebied-1-scaled.jpg","width":2560,"height":599,"caption":"FITTwear.nl"},"image":{"@id":"https:\/\/fittwear.nl\/#\/schema\/logo\/image\/"}}]}},"_links":{"self":[{"href":"https:\/\/fittwear.nl\/fr\/wp-json\/wp\/v2\/product\/66257","targetHints":{"allow":["GET"]}}],"collection":[{"href":"https:\/\/fittwear.nl\/fr\/wp-json\/wp\/v2\/product"}],"about":[{"href":"https:\/\/fittwear.nl\/fr\/wp-json\/wp\/v2\/types\/product"}],"wp:featuredmedia":[{"embeddable":true,"href":"https:\/\/fittwear.nl\/fr\/wp-json\/wp\/v2\/media\/66474"}],"wp:attachment":[{"href":"https:\/\/fittwear.nl\/fr\/wp-json\/wp\/v2\/media?parent=66257"}],"wp:term":[{"taxonomy":"product_brand","embeddable":true,"href":"https:\/\/fittwear.nl\/fr\/wp-json\/wp\/v2\/product_brand?post=66257"},{"taxonomy":"product_cat","embeddable":true,"href":"https:\/\/fittwear.nl\/fr\/wp-json\/wp\/v2\/product_cat?post=66257"},{"taxonomy":"product_tag","embeddable":true,"href":"https:\/\/fittwear.nl\/fr\/wp-json\/wp\/v2\/product_tag?post=66257"}],"curies":[{"name":"wp","href":"https:\/\/api.w.org\/{rel}","templated":true}]}}