{"id":68160,"date":"2023-06-28T11:34:54","date_gmt":"2023-06-28T09:34:54","guid":{"rendered":"https:\/\/fittwear.nl\/?post_type=product&#038;p=68160"},"modified":"2026-04-26T13:47:15","modified_gmt":"2026-04-26T11:47:15","slug":"pull-over-recycle-rose","status":"publish","type":"product","link":"https:\/\/fittwear.nl\/fr\/product\/recycled-sweater-pink\/","title":{"rendered":"Pull FITT zipp\u00e9 recycl\u00e9 rose"},"content":{"rendered":"<p>&#8211; 2 ritsen aan de zijkant<\/p>\n\n\n\n<p>&#8211; Ruime fit<\/p>\n\n\n\n<p>&#8211; Crew neck<\/p>\n\n\n\n<p>&#8211; Bedrukt logo aan de voorkant<\/p>\n\n\n\n<p>&#8211; Kleur: Pink<\/p>\n\n\n\n<p>&#8211; 60% Katoen, 40% Recycled Polyester<\/p>\n\n\n\n<p>&#8211; Wasbaar tot 40\u2103 <\/p>\n\n\n\n<p>- Le mod\u00e8le Donna mesure 1,82 et porte la taille M.<\/p>\n\n\n\n<p><\/p>","protected":false},"excerpt":{"rendered":"<p>Ce pull est indispensable pour vous tenir au chaud avant, pendant ou apr\u00e8s votre entra\u00eenement. Avec ses deux fermetures \u00e9clair sur les c\u00f4t\u00e9s et sa doublure int\u00e9rieure en polaire, ce pull est id\u00e9al pour les jours les plus froids, que ce soit pour se pr\u00e9lasser ou pour transpirer ! Le pull est facile \u00e0 enfiler par-dessus votre tenue. Vous recherchez le confort ultime ? Commandez \u00e9galement notre <a href=\"https:\/\/fittwear.nl\/fr\/produit-2\/fitt-joggers-noir\/\">Jogging FITT<\/a> l\u00e0 !<\/p>","protected":false},"featured_media":68118,"template":"","meta":{"_acf_changed":false},"product_brand":[],"product_cat":[113,4802,94,66,4792,4795],"product_tag":[],"class_list":{"0":"post-68160","1":"product","2":"type-product","3":"status-publish","4":"has-post-thumbnail","6":"product_cat-duurzaam","7":"product_cat-fitt-original","8":"product_cat-hoodies-sweaters","9":"product_cat-loungewear","10":"product_cat-sustainable-collection","11":"product_cat-teddy-season","13":"first","14":"instock","15":"taxable","16":"shipping-taxable","17":"purchasable","18":"product-type-variable","19":"has-default-attributes"},"acf":[],"yoast_head":"<!-- This site is optimized with the Yoast SEO plugin v27.1.1 - https:\/\/yoast.com\/product\/yoast-seo-wordpress\/ -->\n<title>Recycled FITT Zip Sweater Pink - FITTwear.nl<\/title>\n<meta name=\"description\" content=\"Deze sweater is een must have om jou warm te houden voor, tijdens of na jouw work-out. Samen met de 2 ritsen aan de zijkanten die open en dicht kunnen en de fleece voering aan de binnenkant is deze sweater ideaal voor de koudere dagen, of je er nu in gaat loungen of in gaat zweten! De sweater is gemakkelijk over je outfit heen te trekken. Ben je op zoek naar ultiem comfort? Bestel dan ook onze FITT jogger erbij!\" \/>\n<meta name=\"robots\" content=\"index, follow, max-snippet:-1, max-image-preview:large, max-video-preview:-1\" \/>\n<link rel=\"canonical\" href=\"https:\/\/fittwear.nl\/fr\/produit-2\/pull-over-recycle-rose\/\" \/>\n<meta property=\"og:locale\" content=\"fr_FR\" \/>\n<meta property=\"og:type\" content=\"article\" \/>\n<meta property=\"og:title\" content=\"Recycled FITT Zip Sweater Pink - FITTwear.nl\" \/>\n<meta property=\"og:description\" content=\"Deze sweater is een must have om jou warm te houden voor, tijdens of na jouw work-out. Samen met de 2 ritsen aan de zijkanten die open en dicht kunnen en de fleece voering aan de binnenkant is deze sweater ideaal voor de koudere dagen, of je er nu in gaat loungen of in gaat zweten! De sweater is gemakkelijk over je outfit heen te trekken. Ben je op zoek naar ultiem comfort? Bestel dan ook onze FITT jogger erbij!\" \/>\n<meta property=\"og:url\" content=\"https:\/\/fittwear.nl\/fr\/produit-2\/pull-over-recycle-rose\/\" \/>\n<meta property=\"og:site_name\" content=\"FITTwear.nl\" \/>\n<meta property=\"article:modified_time\" content=\"2026-04-26T11:47:15+00:00\" \/>\n<meta property=\"og:image\" content=\"https:\/\/fittwear.nl\/wp-content\/uploads\/2023\/06\/sweaters_Fullbody_jpg_53.jpg\" \/>\n\t<meta property=\"og:image:width\" content=\"1200\" \/>\n\t<meta property=\"og:image:height\" content=\"1800\" \/>\n\t<meta property=\"og:image:type\" content=\"image\/jpeg\" \/>\n<meta name=\"twitter:card\" content=\"summary_large_image\" \/>\n<meta name=\"twitter:label1\" content=\"Dur\u00e9e de lecture estim\u00e9e\" \/>\n\t<meta name=\"twitter:data1\" content=\"1 minute\" \/>\n<script type=\"application\/ld+json\" class=\"yoast-schema-graph\">{\"@context\":\"https:\/\/schema.org\",\"@graph\":[{\"@type\":\"WebPage\",\"@id\":\"https:\/\/fittwear.nl\/product\/recycled-sweater-pink\/\",\"url\":\"https:\/\/fittwear.nl\/product\/recycled-sweater-pink\/\",\"name\":\"Recycled FITT Zip Sweater Pink - FITTwear.nl\",\"isPartOf\":{\"@id\":\"https:\/\/fittwear.nl\/#website\"},\"primaryImageOfPage\":{\"@id\":\"https:\/\/fittwear.nl\/product\/recycled-sweater-pink\/#primaryimage\"},\"image\":{\"@id\":\"https:\/\/fittwear.nl\/product\/recycled-sweater-pink\/#primaryimage\"},\"thumbnailUrl\":\"https:\/\/fittwear.nl\/wp-content\/uploads\/2023\/06\/sweaters_Fullbody_jpg_53.jpg\",\"datePublished\":\"2023-06-28T09:34:54+00:00\",\"dateModified\":\"2026-04-26T11:47:15+00:00\",\"description\":\"Deze sweater is een must have om jou warm te houden voor, tijdens of na jouw work-out. Samen met de 2 ritsen aan de zijkanten die open en dicht kunnen en de fleece voering aan de binnenkant is deze sweater ideaal voor de koudere dagen, of je er nu in gaat loungen of in gaat zweten! De sweater is gemakkelijk over je outfit heen te trekken. Ben je op zoek naar ultiem comfort? Bestel dan ook onze FITT jogger erbij!\",\"breadcrumb\":{\"@id\":\"https:\/\/fittwear.nl\/product\/recycled-sweater-pink\/#breadcrumb\"},\"inLanguage\":\"fr-FR\",\"potentialAction\":[{\"@type\":\"ReadAction\",\"target\":[\"https:\/\/fittwear.nl\/product\/recycled-sweater-pink\/\"]}]},{\"@type\":\"ImageObject\",\"inLanguage\":\"fr-FR\",\"@id\":\"https:\/\/fittwear.nl\/product\/recycled-sweater-pink\/#primaryimage\",\"url\":\"https:\/\/fittwear.nl\/wp-content\/uploads\/2023\/06\/sweaters_Fullbody_jpg_53.jpg\",\"contentUrl\":\"https:\/\/fittwear.nl\/wp-content\/uploads\/2023\/06\/sweaters_Fullbody_jpg_53.jpg\",\"width\":1200,\"height\":1800},{\"@type\":\"BreadcrumbList\",\"@id\":\"https:\/\/fittwear.nl\/product\/recycled-sweater-pink\/#breadcrumb\",\"itemListElement\":[{\"@type\":\"ListItem\",\"position\":1,\"name\":\"Home\",\"item\":\"https:\/\/fittwear.nl\/\"},{\"@type\":\"ListItem\",\"position\":2,\"name\":\"Shop\",\"item\":\"https:\/\/fittwear.nl\/shop\/\"},{\"@type\":\"ListItem\",\"position\":3,\"name\":\"Recycled FITT Zip Sweater Pink\"}]},{\"@type\":\"WebSite\",\"@id\":\"https:\/\/fittwear.nl\/#website\",\"url\":\"https:\/\/fittwear.nl\/\",\"name\":\"FITTwear.nl\",\"description\":\"Time to shine!\",\"publisher\":{\"@id\":\"https:\/\/fittwear.nl\/#organization\"},\"potentialAction\":[{\"@type\":\"SearchAction\",\"target\":{\"@type\":\"EntryPoint\",\"urlTemplate\":\"https:\/\/fittwear.nl\/?s={search_term_string}\"},\"query-input\":{\"@type\":\"PropertyValueSpecification\",\"valueRequired\":true,\"valueName\":\"search_term_string\"}}],\"inLanguage\":\"fr-FR\"},{\"@type\":\"Organization\",\"@id\":\"https:\/\/fittwear.nl\/#organization\",\"name\":\"FITTwear.nl\",\"url\":\"https:\/\/fittwear.nl\/\",\"logo\":{\"@type\":\"ImageObject\",\"inLanguage\":\"fr-FR\",\"@id\":\"https:\/\/fittwear.nl\/#\/schema\/logo\/image\/\",\"url\":\"https:\/\/fittwear.nl\/wp-content\/uploads\/2024\/07\/FITT-Logo-BeYOUtiful-website-homepage_Tekengebied-1-scaled.jpg\",\"contentUrl\":\"https:\/\/fittwear.nl\/wp-content\/uploads\/2024\/07\/FITT-Logo-BeYOUtiful-website-homepage_Tekengebied-1-scaled.jpg\",\"width\":2560,\"height\":599,\"caption\":\"FITTwear.nl\"},\"image\":{\"@id\":\"https:\/\/fittwear.nl\/#\/schema\/logo\/image\/\"}}]}<\/script>\n<!-- \/ Yoast SEO plugin. -->","yoast_head_json":{"title":"Pull FITT Zip recycl\u00e9 Rose - FITTwear.nl","description":"Ce pull est indispensable pour vous tenir au chaud avant, pendant ou apr\u00e8s votre entra\u00eenement. Avec ses deux fermetures \u00e9clair sur les c\u00f4t\u00e9s et sa doublure en polaire \u00e0 l'int\u00e9rieur, ce pull est id\u00e9al pour les jours les plus froids, que vous vous y pr\u00e9lassiez ou que vous y transpiriez ! Le pull est facile \u00e0 enfiler par-dessus votre tenue. Vous recherchez le confort ultime ? Commandez \u00e9galement notre jogger FITT !","robots":{"index":"index","follow":"follow","max-snippet":"max-snippet:-1","max-image-preview":"max-image-preview:large","max-video-preview":"max-video-preview:-1"},"canonical":"https:\/\/fittwear.nl\/fr\/produit-2\/pull-over-recycle-rose\/","og_locale":"fr_FR","og_type":"article","og_title":"Recycled FITT Zip Sweater Pink - FITTwear.nl","og_description":"Deze sweater is een must have om jou warm te houden voor, tijdens of na jouw work-out. Samen met de 2 ritsen aan de zijkanten die open en dicht kunnen en de fleece voering aan de binnenkant is deze sweater ideaal voor de koudere dagen, of je er nu in gaat loungen of in gaat zweten! De sweater is gemakkelijk over je outfit heen te trekken. Ben je op zoek naar ultiem comfort? Bestel dan ook onze FITT jogger erbij!","og_url":"https:\/\/fittwear.nl\/fr\/produit-2\/pull-over-recycle-rose\/","og_site_name":"FITTwear.nl","article_modified_time":"2026-04-26T11:47:15+00:00","og_image":[{"width":1200,"height":1800,"url":"https:\/\/fittwear.nl\/wp-content\/uploads\/2023\/06\/sweaters_Fullbody_jpg_53.jpg","type":"image\/jpeg"}],"twitter_card":"summary_large_image","twitter_misc":{"Dur\u00e9e de lecture estim\u00e9e":"1 minute"},"schema":{"@context":"https:\/\/schema.org","@graph":[{"@type":"WebPage","@id":"https:\/\/fittwear.nl\/product\/recycled-sweater-pink\/","url":"https:\/\/fittwear.nl\/product\/recycled-sweater-pink\/","name":"Pull FITT Zip recycl\u00e9 Rose - FITTwear.nl","isPartOf":{"@id":"https:\/\/fittwear.nl\/#website"},"primaryImageOfPage":{"@id":"https:\/\/fittwear.nl\/product\/recycled-sweater-pink\/#primaryimage"},"image":{"@id":"https:\/\/fittwear.nl\/product\/recycled-sweater-pink\/#primaryimage"},"thumbnailUrl":"https:\/\/fittwear.nl\/wp-content\/uploads\/2023\/06\/sweaters_Fullbody_jpg_53.jpg","datePublished":"2023-06-28T09:34:54+00:00","dateModified":"2026-04-26T11:47:15+00:00","description":"Ce pull est indispensable pour vous tenir au chaud avant, pendant ou apr\u00e8s votre entra\u00eenement. Avec ses deux fermetures \u00e9clair sur les c\u00f4t\u00e9s et sa doublure en polaire \u00e0 l'int\u00e9rieur, ce pull est id\u00e9al pour les jours les plus froids, que vous vous y pr\u00e9lassiez ou que vous y transpiriez ! Le pull est facile \u00e0 enfiler par-dessus votre tenue. Vous recherchez le confort ultime ? Commandez \u00e9galement notre jogger FITT !","breadcrumb":{"@id":"https:\/\/fittwear.nl\/product\/recycled-sweater-pink\/#breadcrumb"},"inLanguage":"fr-FR","potentialAction":[{"@type":"ReadAction","target":["https:\/\/fittwear.nl\/product\/recycled-sweater-pink\/"]}]},{"@type":"ImageObject","inLanguage":"fr-FR","@id":"https:\/\/fittwear.nl\/product\/recycled-sweater-pink\/#primaryimage","url":"https:\/\/fittwear.nl\/wp-content\/uploads\/2023\/06\/sweaters_Fullbody_jpg_53.jpg","contentUrl":"https:\/\/fittwear.nl\/wp-content\/uploads\/2023\/06\/sweaters_Fullbody_jpg_53.jpg","width":1200,"height":1800},{"@type":"BreadcrumbList","@id":"https:\/\/fittwear.nl\/product\/recycled-sweater-pink\/#breadcrumb","itemListElement":[{"@type":"ListItem","position":1,"name":"Home","item":"https:\/\/fittwear.nl\/"},{"@type":"ListItem","position":2,"name":"Shop","item":"https:\/\/fittwear.nl\/shop\/"},{"@type":"ListItem","position":3,"name":"Recycled FITT Zip Sweater Pink"}]},{"@type":"WebSite","@id":"https:\/\/fittwear.nl\/#website","url":"https:\/\/fittwear.nl\/","name":"FITTwear.co.uk","description":"C'est le moment de briller !","publisher":{"@id":"https:\/\/fittwear.nl\/#organization"},"potentialAction":[{"@type":"SearchAction","target":{"@type":"EntryPoint","urlTemplate":"https:\/\/fittwear.nl\/?s={search_term_string}"},"query-input":{"@type":"PropertyValueSpecification","valueRequired":true,"valueName":"search_term_string"}}],"inLanguage":"fr-FR"},{"@type":"Organization","@id":"https:\/\/fittwear.nl\/#organization","name":"FITTwear.co.uk","url":"https:\/\/fittwear.nl\/","logo":{"@type":"ImageObject","inLanguage":"fr-FR","@id":"https:\/\/fittwear.nl\/#\/schema\/logo\/image\/","url":"https:\/\/fittwear.nl\/wp-content\/uploads\/2024\/07\/FITT-Logo-BeYOUtiful-website-homepage_Tekengebied-1-scaled.jpg","contentUrl":"https:\/\/fittwear.nl\/wp-content\/uploads\/2024\/07\/FITT-Logo-BeYOUtiful-website-homepage_Tekengebied-1-scaled.jpg","width":2560,"height":599,"caption":"FITTwear.nl"},"image":{"@id":"https:\/\/fittwear.nl\/#\/schema\/logo\/image\/"}}]}},"_links":{"self":[{"href":"https:\/\/fittwear.nl\/fr\/wp-json\/wp\/v2\/product\/68160","targetHints":{"allow":["GET"]}}],"collection":[{"href":"https:\/\/fittwear.nl\/fr\/wp-json\/wp\/v2\/product"}],"about":[{"href":"https:\/\/fittwear.nl\/fr\/wp-json\/wp\/v2\/types\/product"}],"wp:featuredmedia":[{"embeddable":true,"href":"https:\/\/fittwear.nl\/fr\/wp-json\/wp\/v2\/media\/68118"}],"wp:attachment":[{"href":"https:\/\/fittwear.nl\/fr\/wp-json\/wp\/v2\/media?parent=68160"}],"wp:term":[{"taxonomy":"product_brand","embeddable":true,"href":"https:\/\/fittwear.nl\/fr\/wp-json\/wp\/v2\/product_brand?post=68160"},{"taxonomy":"product_cat","embeddable":true,"href":"https:\/\/fittwear.nl\/fr\/wp-json\/wp\/v2\/product_cat?post=68160"},{"taxonomy":"product_tag","embeddable":true,"href":"https:\/\/fittwear.nl\/fr\/wp-json\/wp\/v2\/product_tag?post=68160"}],"curies":[{"name":"wp","href":"https:\/\/api.w.org\/{rel}","templated":true}]}}